{"id":25356,"date":"2026-04-01T11:51:58","date_gmt":"2026-04-01T08:51:58","guid":{"rendered":"https:\/\/skaitytaknyga.lt\/?post_type=product&#038;p=25356"},"modified":"2026-04-01T16:56:14","modified_gmt":"2026-04-01T13:56:14","slug":"nothing-more-tarp-dvieju-sirdziu","status":"publish","type":"product","link":"https:\/\/skaitytaknyga.lt\/en\/produktas\/nothing-more-tarp-dvieju-sirdziu\/","title":{"rendered":"Nothing More. Tarp dviej\u0173 \u0161ird\u017ei\u0173"},"content":{"rendered":"<p>D\u0117l meil\u0117s Hardino \u012fbrolis Lendonas ry\u017etasi persikelti i\u0161 gimtojo miesto \u012f triuk\u0161ming\u0105 Niujork\u0105. Bet jo mergina Dakota netik\u0117tai nusprend\u017eia balerinos karjeros siekti viena. Sudau\u017eyta \u0161irdimi Lendonas bando apsiprasti su slegian\u010dia vienatve beproti\u0161ko tempo mieste. Jam padeda tik ausin\u0117s, geriausia draug\u0117 Tesa ir naujas darbas kavin\u0117je, kuris atveria kelius naujoms pa\u017eintims.<br \/>\nLendono \u0161irdis ima gyti susipa\u017einus su Nora \u2013 paslaptinga mergina migdolin\u0117mis akimis. Ta\u010diau kaip tik tuomet \u012f jo gyvenim\u0105 v\u0117l sugr\u012f\u017eta Dakota. Pad\u0117ti i\u0161narplioti pain\u0173 meil\u0117s trikamp\u012f gali tik Tesa, kuriai jau teko i\u0161gyventi ne vien\u0105 jausm\u0173 audr\u0105 su buvusiu mylimuoju Hardinu. Lendono laukia svarbus sprendimas: ar gr\u012f\u017eti pas mergin\u0105, kurios anks\u010diau reik\u0117jo kaip oro, ar pasirinkti dar nepa\u017eint\u0105 aistr\u0105?<\/p>\n","protected":false},"excerpt":{"rendered":"<p>D\u0117l meil\u0117s Hardino \u012fbrolis Lendonas ry\u017etasi persikelti i\u0161 gimtojo miesto \u012f triuk\u0161ming\u0105 Niujork\u0105. Bet jo mergina Dakota netik\u0117tai nusprend\u017eia balerinos karjeros siekti viena. Sudau\u017eyta \u0161irdimi Lendonas bando apsiprasti su slegian\u010dia vienatve beproti\u0161ko tempo mieste. Jam padeda tik ausin\u0117s, geriausia draug\u0117 Tesa ir naujas darbas kavin\u0117je, kuris atveria kelius naujoms pa\u017eintims. Lendono \u0161irdis ima gyti susipa\u017einus su Nora \u2013 paslaptinga mergina migdolin\u0117mis akimis. Ta\u010diau kaip tik tuomet \u012f jo gyvenim\u0105 v\u0117l sugr\u012f\u017eta Dakota. Pad\u0117ti i\u0161narplioti pain\u0173 meil\u0117s trikamp\u012f gali tik Tesa, kuriai jau teko i\u0161gyventi ne vien\u0105 jausm\u0173 audr\u0105 su buvusiu mylimuoju Hardinu. Lendono laukia svarbus sprendimas: ar gr\u012f\u017eti pas mergin\u0105, kurios anks\u010diau reik\u0117jo kaip oro, ar pasirinkti dar nepa\u017eint\u0105 aistr\u0105?<\/p>\n","protected":false},"featured_media":25368,"comment_status":"open","ping_status":"closed","template":"","meta":{"_acf_changed":false,"site-sidebar-layout":"default","site-content-layout":"","ast-site-content-layout":"default","site-content-style":"default","site-sidebar-style":"default","ast-global-header-display":"","ast-banner-title-visibility":"","ast-main-header-display":"","ast-hfb-above-header-display":"","ast-hfb-below-header-display":"","ast-hfb-mobile-header-display":"","site-post-title":"","ast-breadcrumbs-content":"","ast-featured-img":"","footer-sml-layout":"","ast-disable-related-posts":"","theme-transparent-header-meta":"","adv-header-id-meta":"","stick-header-meta":"","header-above-stick-meta":"","header-main-stick-meta":"","header-below-stick-meta":"","astra-migrate-meta-layouts":"default","ast-page-background-enabled":"default","ast-page-background-meta":{"desktop":{"background-color":"","background-image":"","background-repeat":"repeat","background-position":"center center","background-size":"auto","background-attachment":"scroll","background-type":"","background-media":"","overlay-type":"","overlay-color":"","overlay-opacity":"","overlay-gradient":""},"tablet":{"background-color":"","background-image":"","background-repeat":"repeat","background-position":"center center","background-size":"auto","background-attachment":"scroll","background-type":"","background-media":"","overlay-type":"","overlay-color":"","overlay-opacity":"","overlay-gradient":""},"mobile":{"background-color":"","background-image":"","background-repeat":"repeat","background-position":"center center","background-size":"auto","background-attachment":"scroll","background-type":"","background-media":"","overlay-type":"","overlay-color":"","overlay-opacity":"","overlay-gradient":""}},"ast-content-background-meta":{"desktop":{"background-color":"var(--ast-global-color-4)","background-image":"","background-repeat":"repeat","background-position":"center center","background-size":"auto","background-attachment":"scroll","background-type":"","background-media":"","overlay-type":"","overlay-color":"","overlay-opacity":"","overlay-gradient":""},"tablet":{"background-color":"var(--ast-global-color-4)","background-image":"","background-repeat":"repeat","background-position":"center center","background-size":"auto","background-attachment":"scroll","background-type":"","background-media":"","overlay-type":"","overlay-color":"","overlay-opacity":"","overlay-gradient":""},"mobile":{"background-color":"var(--ast-global-color-4)","background-image":"","background-repeat":"repeat","background-position":"center center","background-size":"auto","background-attachment":"scroll","background-type":"","background-media":"","overlay-type":"","overlay-color":"","overlay-opacity":"","overlay-gradient":""}}},"product_brand":[],"product_cat":[9583,9579],"product_tag":[],"class_list":{"0":"post-25356","1":"product","2":"type-product","3":"status-publish","4":"has-post-thumbnail","6":"product_cat-erotiniai-romanai","7":"product_cat-meiles-romanai","8":"desktop-align-left","9":"tablet-align-left","10":"mobile-align-left","12":"first","13":"instock","14":"shipping-taxable","15":"purchasable","16":"product-type-simple"},"acf":[],"yoast_head":"<!-- This site is optimized with the Yoast SEO plugin v27.0 - https:\/\/yoast.com\/product\/yoast-seo-wordpress\/ -->\n<title>Nothing More. Tarp dviej\u0173 \u0161ird\u017ei\u0173<\/title>\n<meta name=\"description\" content=\"D\u0117l meil\u0117s Hardino \u012fbrolis Lendonas ry\u017etasi persikelti i\u0161 gimtojo miesto \u012f triuk\u0161ming\u0105 Niujork\u0105. Bet jo mergina Dakota netik\u0117tai nusprend\u017eia balerinos\" \/>\n<meta name=\"robots\" content=\"index, follow, max-snippet:-1, max-image-preview:large, max-video-preview:-1\" \/>\n<link rel=\"canonical\" href=\"https:\/\/skaitytaknyga.lt\/en\/produktas\/nothing-more-tarp-dvieju-sirdziu\/\" \/>\n<meta property=\"og:locale\" content=\"en_GB\" \/>\n<meta property=\"og:locale:alternate\" content=\"lt_LT\" \/>\n<meta property=\"og:type\" content=\"article\" \/>\n<meta property=\"og:title\" content=\"Nothing More. Tarp dviej\u0173 \u0161ird\u017ei\u0173\" \/>\n<meta property=\"og:description\" content=\"D\u0117l meil\u0117s Hardino \u012fbrolis Lendonas ry\u017etasi persikelti i\u0161 gimtojo miesto \u012f triuk\u0161ming\u0105 Niujork\u0105. Bet jo mergina Dakota netik\u0117tai nusprend\u017eia balerinos\" \/>\n<meta property=\"og:url\" content=\"https:\/\/skaitytaknyga.lt\/en\/produktas\/nothing-more-tarp-dvieju-sirdziu\/\" \/>\n<meta property=\"og:site_name\" content=\"Skaitytaknyga\" \/>\n<meta property=\"article:publisher\" content=\"https:\/\/www.facebook.com\/skaitytaknyga\/\" \/>\n<meta property=\"article:modified_time\" content=\"2026-04-01T13:56:14+00:00\" \/>\n<meta property=\"og:image\" content=\"https:\/\/skaitytaknyga.lt\/wp-content\/uploads\/2026\/04\/Nothing-More.-Tarp-dvieju-sirdziu-e1775036784399.jpeg\" \/>\n\t<meta property=\"og:image:width\" content=\"300\" \/>\n\t<meta property=\"og:image:height\" content=\"435\" \/>\n\t<meta property=\"og:image:type\" content=\"image\/jpeg\" \/>\n<meta name=\"twitter:card\" content=\"summary_large_image\" \/>\n<meta name=\"twitter:label1\" content=\"Estimated reading time\" \/>\n\t<meta name=\"twitter:data1\" content=\"1 minute\" \/>\n<script type=\"application\/ld+json\" class=\"yoast-schema-graph\">{\"@context\":\"https:\/\/schema.org\",\"@graph\":[{\"@type\":\"WebPage\",\"@id\":\"https:\/\/skaitytaknyga.lt\/produktas\/nothing-more-tarp-dvieju-sirdziu\/\",\"url\":\"https:\/\/skaitytaknyga.lt\/produktas\/nothing-more-tarp-dvieju-sirdziu\/\",\"name\":\"Nothing More. Tarp dviej\u0173 \u0161ird\u017ei\u0173\",\"isPartOf\":{\"@id\":\"https:\/\/skaitytaknyga.lt\/#website\"},\"primaryImageOfPage\":{\"@id\":\"https:\/\/skaitytaknyga.lt\/produktas\/nothing-more-tarp-dvieju-sirdziu\/#primaryimage\"},\"image\":{\"@id\":\"https:\/\/skaitytaknyga.lt\/produktas\/nothing-more-tarp-dvieju-sirdziu\/#primaryimage\"},\"thumbnailUrl\":\"https:\/\/skaitytaknyga.lt\/wp-content\/uploads\/2026\/04\/Nothing-More.-Tarp-dvieju-sirdziu-e1775036784399.jpeg\",\"datePublished\":\"2026-04-01T08:51:58+00:00\",\"dateModified\":\"2026-04-01T13:56:14+00:00\",\"description\":\"D\u0117l meil\u0117s Hardino \u012fbrolis Lendonas ry\u017etasi persikelti i\u0161 gimtojo miesto \u012f triuk\u0161ming\u0105 Niujork\u0105. Bet jo mergina Dakota netik\u0117tai nusprend\u017eia balerinos\",\"breadcrumb\":{\"@id\":\"https:\/\/skaitytaknyga.lt\/produktas\/nothing-more-tarp-dvieju-sirdziu\/#breadcrumb\"},\"inLanguage\":\"en-GB\",\"potentialAction\":[{\"@type\":\"ReadAction\",\"target\":[\"https:\/\/skaitytaknyga.lt\/produktas\/nothing-more-tarp-dvieju-sirdziu\/\"]}]},{\"@type\":\"ImageObject\",\"inLanguage\":\"en-GB\",\"@id\":\"https:\/\/skaitytaknyga.lt\/produktas\/nothing-more-tarp-dvieju-sirdziu\/#primaryimage\",\"url\":\"https:\/\/skaitytaknyga.lt\/wp-content\/uploads\/2026\/04\/Nothing-More.-Tarp-dvieju-sirdziu-e1775036784399.jpeg\",\"contentUrl\":\"https:\/\/skaitytaknyga.lt\/wp-content\/uploads\/2026\/04\/Nothing-More.-Tarp-dvieju-sirdziu-e1775036784399.jpeg\",\"width\":300,\"height\":435,\"caption\":\"Nothing More. Tarp dviej\u0173 \u0161ird\u017ei\u0173\"},{\"@type\":\"BreadcrumbList\",\"@id\":\"https:\/\/skaitytaknyga.lt\/produktas\/nothing-more-tarp-dvieju-sirdziu\/#breadcrumb\",\"itemListElement\":[{\"@type\":\"ListItem\",\"position\":1,\"name\":\"Home\",\"item\":\"https:\/\/skaitytaknyga.lt\/\"},{\"@type\":\"ListItem\",\"position\":2,\"name\":\"Parduotuv\u0117\",\"item\":\"https:\/\/skaitytaknyga.lt\/knygu-parduotuve\/\"},{\"@type\":\"ListItem\",\"position\":3,\"name\":\"Nothing More. Tarp dviej\u0173 \u0161ird\u017ei\u0173\"}]},{\"@type\":\"WebSite\",\"@id\":\"https:\/\/skaitytaknyga.lt\/#website\",\"url\":\"https:\/\/skaitytaknyga.lt\/\",\"name\":\"skaitytaknyga.lt\",\"description\":\"Skaitytaknyga.lt \u2013 tai ma\u017eas \u0161eimos verslas, kuris prasid\u0117jo nuo meil\u0117s knygoms ir siekio i\u0161gelb\u0117ti knygas nuo likimo prie konteinerio. Kas vienam nereikalingas daiktas \u2013 kitam lobis, o mes esame tarpininkai, kurie padeda abiems tapti laimingesniems ???? \u017dinome kaip nelengva i\u0161gyventi ma\u017eiems verslams, tad nuo \u0161iol, \u010dia rasite ir kit\u0173, ma\u017e\u0173 \u0161eim\u0173 versl\u0173, rank\u0173 darbo, dovan\u0173 sau ir artimiesiems.\",\"publisher\":{\"@id\":\"https:\/\/skaitytaknyga.lt\/#organization\"},\"potentialAction\":[{\"@type\":\"SearchAction\",\"target\":{\"@type\":\"EntryPoint\",\"urlTemplate\":\"https:\/\/skaitytaknyga.lt\/?s={search_term_string}\"},\"query-input\":{\"@type\":\"PropertyValueSpecification\",\"valueRequired\":true,\"valueName\":\"search_term_string\"}}],\"inLanguage\":\"en-GB\"},{\"@type\":\"Organization\",\"@id\":\"https:\/\/skaitytaknyga.lt\/#organization\",\"name\":\"skaitytaknyga.lt\",\"url\":\"https:\/\/skaitytaknyga.lt\/\",\"logo\":{\"@type\":\"ImageObject\",\"inLanguage\":\"en-GB\",\"@id\":\"https:\/\/skaitytaknyga.lt\/#\/schema\/logo\/image\/\",\"url\":\"https:\/\/skaitytaknyga.lt\/wp-content\/uploads\/2024\/05\/cropped-cropped-cropped-02_00843_jt3bggkj1j3HLc7SyY6rEUpg.jpeg\",\"contentUrl\":\"https:\/\/skaitytaknyga.lt\/wp-content\/uploads\/2024\/05\/cropped-cropped-cropped-02_00843_jt3bggkj1j3HLc7SyY6rEUpg.jpeg\",\"width\":1600,\"height\":1600,\"caption\":\"skaitytaknyga.lt\"},\"image\":{\"@id\":\"https:\/\/skaitytaknyga.lt\/#\/schema\/logo\/image\/\"},\"sameAs\":[\"https:\/\/www.facebook.com\/skaitytaknyga\/\"]}]}<\/script>\n<!-- \/ Yoast SEO plugin. -->","yoast_head_json":{"title":"Nothing More. Tarp dviej\u0173 \u0161ird\u017ei\u0173","description":"D\u0117l meil\u0117s Hardino \u012fbrolis Lendonas ry\u017etasi persikelti i\u0161 gimtojo miesto \u012f triuk\u0161ming\u0105 Niujork\u0105. Bet jo mergina Dakota netik\u0117tai nusprend\u017eia balerinos","robots":{"index":"index","follow":"follow","max-snippet":"max-snippet:-1","max-image-preview":"max-image-preview:large","max-video-preview":"max-video-preview:-1"},"canonical":"https:\/\/skaitytaknyga.lt\/en\/produktas\/nothing-more-tarp-dvieju-sirdziu\/","og_locale":"en_GB","og_type":"article","og_title":"[:lt]Nothing More. Tarp dviej\u0173 \u0161ird\u017ei\u0173[:] - Skaitytaknyga","og_description":"D\u0117l meil\u0117s Hardino \u012fbrolis Lendonas ry\u017etasi persikelti i\u0161 gimtojo miesto \u012f triuk\u0161ming\u0105 Niujork\u0105. Bet jo mergina Dakota netik\u0117tai nusprend\u017eia balerinos","og_url":"https:\/\/skaitytaknyga.lt\/en\/produktas\/nothing-more-tarp-dvieju-sirdziu\/","og_site_name":"Skaitytaknyga","article_publisher":"https:\/\/www.facebook.com\/skaitytaknyga\/","article_modified_time":"2026-04-01T13:56:14+00:00","og_image":[{"width":300,"height":435,"url":"https:\/\/skaitytaknyga.lt\/wp-content\/uploads\/2026\/04\/Nothing-More.-Tarp-dvieju-sirdziu-e1775036784399.jpeg","type":"image\/jpeg"}],"twitter_card":"summary_large_image","twitter_misc":{"Estimated reading time":"1 minute"},"schema":{"@context":"https:\/\/schema.org","@graph":[{"@type":"WebPage","@id":"https:\/\/skaitytaknyga.lt\/produktas\/nothing-more-tarp-dvieju-sirdziu\/","url":"https:\/\/skaitytaknyga.lt\/produktas\/nothing-more-tarp-dvieju-sirdziu\/","name":"Nothing More. Tarp dviej\u0173 \u0161ird\u017ei\u0173","isPartOf":{"@id":"https:\/\/skaitytaknyga.lt\/#website"},"primaryImageOfPage":{"@id":"https:\/\/skaitytaknyga.lt\/produktas\/nothing-more-tarp-dvieju-sirdziu\/#primaryimage"},"image":{"@id":"https:\/\/skaitytaknyga.lt\/produktas\/nothing-more-tarp-dvieju-sirdziu\/#primaryimage"},"thumbnailUrl":"https:\/\/skaitytaknyga.lt\/wp-content\/uploads\/2026\/04\/Nothing-More.-Tarp-dvieju-sirdziu-e1775036784399.jpeg","datePublished":"2026-04-01T08:51:58+00:00","dateModified":"2026-04-01T13:56:14+00:00","description":"D\u0117l meil\u0117s Hardino \u012fbrolis Lendonas ry\u017etasi persikelti i\u0161 gimtojo miesto \u012f triuk\u0161ming\u0105 Niujork\u0105. Bet jo mergina Dakota netik\u0117tai nusprend\u017eia balerinos","breadcrumb":{"@id":"https:\/\/skaitytaknyga.lt\/produktas\/nothing-more-tarp-dvieju-sirdziu\/#breadcrumb"},"inLanguage":"en-GB","potentialAction":[{"@type":"ReadAction","target":["https:\/\/skaitytaknyga.lt\/produktas\/nothing-more-tarp-dvieju-sirdziu\/"]}]},{"@type":"ImageObject","inLanguage":"en-GB","@id":"https:\/\/skaitytaknyga.lt\/produktas\/nothing-more-tarp-dvieju-sirdziu\/#primaryimage","url":"https:\/\/skaitytaknyga.lt\/wp-content\/uploads\/2026\/04\/Nothing-More.-Tarp-dvieju-sirdziu-e1775036784399.jpeg","contentUrl":"https:\/\/skaitytaknyga.lt\/wp-content\/uploads\/2026\/04\/Nothing-More.-Tarp-dvieju-sirdziu-e1775036784399.jpeg","width":300,"height":435,"caption":"Nothing More. Tarp dviej\u0173 \u0161ird\u017ei\u0173"},{"@type":"BreadcrumbList","@id":"https:\/\/skaitytaknyga.lt\/produktas\/nothing-more-tarp-dvieju-sirdziu\/#breadcrumb","itemListElement":[{"@type":"ListItem","position":1,"name":"Home","item":"https:\/\/skaitytaknyga.lt\/"},{"@type":"ListItem","position":2,"name":"Parduotuv\u0117","item":"https:\/\/skaitytaknyga.lt\/knygu-parduotuve\/"},{"@type":"ListItem","position":3,"name":"Nothing More. Tarp dviej\u0173 \u0161ird\u017ei\u0173"}]},{"@type":"WebSite","@id":"https:\/\/skaitytaknyga.lt\/#website","url":"https:\/\/skaitytaknyga.lt\/","name":"skaitytaknyga.lt","description":"Skaitytaknyga.lt \u2013 tai ma\u017eas \u0161eimos verslas, kuris prasid\u0117jo nuo meil\u0117s knygoms ir siekio i\u0161gelb\u0117ti knygas nuo likimo prie konteinerio. Kas vienam nereikalingas daiktas \u2013 kitam lobis, o mes esame tarpininkai, kurie padeda abiems tapti laimingesniems ???? \u017dinome kaip nelengva i\u0161gyventi ma\u017eiems verslams, tad nuo \u0161iol, \u010dia rasite ir kit\u0173, ma\u017e\u0173 \u0161eim\u0173 versl\u0173, rank\u0173 darbo, dovan\u0173 sau ir artimiesiems.","publisher":{"@id":"https:\/\/skaitytaknyga.lt\/#organization"},"potentialAction":[{"@type":"SearchAction","target":{"@type":"EntryPoint","urlTemplate":"https:\/\/skaitytaknyga.lt\/?s={search_term_string}"},"query-input":{"@type":"PropertyValueSpecification","valueRequired":true,"valueName":"search_term_string"}}],"inLanguage":"en-GB"},{"@type":"Organization","@id":"https:\/\/skaitytaknyga.lt\/#organization","name":"skaitytaknyga.lt","url":"https:\/\/skaitytaknyga.lt\/","logo":{"@type":"ImageObject","inLanguage":"en-GB","@id":"https:\/\/skaitytaknyga.lt\/#\/schema\/logo\/image\/","url":"https:\/\/skaitytaknyga.lt\/wp-content\/uploads\/2024\/05\/cropped-cropped-cropped-02_00843_jt3bggkj1j3HLc7SyY6rEUpg.jpeg","contentUrl":"https:\/\/skaitytaknyga.lt\/wp-content\/uploads\/2024\/05\/cropped-cropped-cropped-02_00843_jt3bggkj1j3HLc7SyY6rEUpg.jpeg","width":1600,"height":1600,"caption":"skaitytaknyga.lt"},"image":{"@id":"https:\/\/skaitytaknyga.lt\/#\/schema\/logo\/image\/"},"sameAs":["https:\/\/www.facebook.com\/skaitytaknyga\/"]}]}},"_links":{"self":[{"href":"https:\/\/skaitytaknyga.lt\/en\/wp-json\/wp\/v2\/product\/25356","targetHints":{"allow":["GET"]}}],"collection":[{"href":"https:\/\/skaitytaknyga.lt\/en\/wp-json\/wp\/v2\/product"}],"about":[{"href":"https:\/\/skaitytaknyga.lt\/en\/wp-json\/wp\/v2\/types\/product"}],"replies":[{"embeddable":true,"href":"https:\/\/skaitytaknyga.lt\/en\/wp-json\/wp\/v2\/comments?post=25356"}],"wp:featuredmedia":[{"embeddable":true,"href":"https:\/\/skaitytaknyga.lt\/en\/wp-json\/wp\/v2\/media\/25368"}],"wp:attachment":[{"href":"https:\/\/skaitytaknyga.lt\/en\/wp-json\/wp\/v2\/media?parent=25356"}],"wp:term":[{"taxonomy":"product_brand","embeddable":true,"href":"https:\/\/skaitytaknyga.lt\/en\/wp-json\/wp\/v2\/product_brand?post=25356"},{"taxonomy":"product_cat","embeddable":true,"href":"https:\/\/skaitytaknyga.lt\/en\/wp-json\/wp\/v2\/product_cat?post=25356"},{"taxonomy":"product_tag","embeddable":true,"href":"https:\/\/skaitytaknyga.lt\/en\/wp-json\/wp\/v2\/product_tag?post=25356"}],"curies":[{"name":"wp","href":"https:\/\/api.w.org\/{rel}","templated":true}]}}