{"id":25355,"date":"2026-04-01T11:51:57","date_gmt":"2026-04-01T08:51:57","guid":{"rendered":"https:\/\/skaitytaknyga.lt\/?post_type=product&#038;p=25355"},"modified":"2026-04-10T19:06:51","modified_gmt":"2026-04-10T16:06:51","slug":"karavalis","status":"publish","type":"product","link":"https:\/\/skaitytaknyga.lt\/en\/produktas\/karavalis\/","title":{"rendered":"Karavalis"},"content":{"rendered":"<p>Senel\u0117s \u017eod\u017eiai aid\u0117jo Skarlet\u0117s galvoje \u017ei\u016brint \u012f popieriaus lapus rankose, ilgai laukt\u0105 atsakym\u0105 \u012f savo pra\u0161ym\u0105. Skarlet\u0117 Dragna dar niekada nebuvo i\u0161k\u0117lusi kojos i\u0161 Trisdos salos, kur abi su jaun\u0117le seserimi Donatela u\u017eaugo k\u0119sdamos sunk\u0173 t\u0117vo b\u016bd\u0105 ir skaud\u017ei\u0105 rank\u0105.<\/p>\n<p>Kent\u0117ti liko neilgai \u2013 netrukus \u012fvyks Skarlet\u0117s vestuv\u0117s su nepa\u017e\u012fstamu grafu, ir ji gal\u0117s i\u0161sive\u017eti seser\u012f kartu. Ta\u010diau, kai niekas jau nebesitiki, staiga atkeliauja i\u0161svajotasis kvietimas \u012f Karaval\u012f \u2013 kart\u0105 per metus rengiam\u0105 nepaprast\u0105 pasirodym\u0105.<\/p>\n<p>Mai\u0161tingoji Donatela neketina praleisti \u0161ios progos ir paslaptingo j\u016breivio padedama i\u0161vilioja seser\u012f \u012f keli\u0105. Pasiekus paslapting\u0105j\u0105 Svajoni\u0173 sal\u0105 Karavalio organizatorius Led\u017eendas pagrobia Donatel\u0105. Pasirodo, ji yra svarbiausia \u0161i\u0173 met\u0173 vaidinime: tas, kuris suras mergin\u0105 pirmas, taps nugal\u0117toju.<\/p>\n<p>Skarlet\u0117 \u017eino, kad viskas, kas vyksta Karavalyje, t\u0117ra fantasti\u0161kas pasirodymas, ta\u010diau ji nei\u0161vengiamai \u012fsitraukia \u012f meil\u0117s, d\u016b\u017etan\u010di\u0173 \u0161ird\u017ei\u0173 ir magijos \u017eaidim\u0105. Ji privalo surasti seser\u012f nepasibaigus penktajai parai, nes nelemtos pasekm\u0117s prad\u0117s virsti kaip domino kauliukai ir ji praras Tel\u0105 am\u017eiams.<\/p>\n","protected":false},"excerpt":{"rendered":"<p>Senel\u0117s \u017eod\u017eiai aid\u0117jo Skarlet\u0117s galvoje \u017ei\u016brint \u012f popieriaus lapus rankose, ilgai laukt\u0105 atsakym\u0105 \u012f savo pra\u0161ym\u0105. Skarlet\u0117 Dragna dar niekada nebuvo i\u0161k\u0117lusi kojos i\u0161 Trisdos salos, kur abi su jaun\u0117le seserimi Donatela u\u017eaugo k\u0119sdamos sunk\u0173 t\u0117vo b\u016bd\u0105 ir skaud\u017ei\u0105 rank\u0105. Kent\u0117ti liko neilgai \u2013 netrukus \u012fvyks Skarlet\u0117s vestuv\u0117s su nepa\u017e\u012fstamu grafu, ir ji gal\u0117s i\u0161sive\u017eti seser\u012f kartu. Ta\u010diau, kai niekas jau nebesitiki, staiga atkeliauja i\u0161svajotasis kvietimas \u012f Karaval\u012f \u2013 kart\u0105 per metus rengiam\u0105 nepaprast\u0105 pasirodym\u0105. Mai\u0161tingoji Donatela neketina praleisti \u0161ios progos ir paslaptingo j\u016breivio padedama i\u0161vilioja seser\u012f \u012f keli\u0105. Pasiekus paslapting\u0105j\u0105 Svajoni\u0173 sal\u0105 Karavalio organizatorius Led\u017eendas pagrobia Donatel\u0105. Pasirodo, ji yra svarbiausia \u0161i\u0173 met\u0173 vaidinime: tas, kuris suras mergin\u0105 pirmas, taps nugal\u0117toju. Skarlet\u0117 \u017eino, kad viskas, kas vyksta Karavalyje, t\u0117ra fantasti\u0161kas pasirodymas, ta\u010diau ji nei\u0161vengiamai \u012fsitraukia \u012f meil\u0117s, d\u016b\u017etan\u010di\u0173 \u0161ird\u017ei\u0173 ir magijos \u017eaidim\u0105. Ji privalo surasti seser\u012f nepasibaigus penktajai parai, nes nelemtos pasekm\u0117s prad\u0117s virsti kaip domino kauliukai ir ji praras Tel\u0105 am\u017eiams.<\/p>\n","protected":false},"featured_media":25360,"comment_status":"open","ping_status":"closed","template":"","meta":{"_acf_changed":false,"site-sidebar-layout":"default","site-content-layout":"","ast-site-content-layout":"default","site-content-style":"default","site-sidebar-style":"default","ast-global-header-display":"","ast-banner-title-visibility":"","ast-main-header-display":"","ast-hfb-above-header-display":"","ast-hfb-below-header-display":"","ast-hfb-mobile-header-display":"","site-post-title":"","ast-breadcrumbs-content":"","ast-featured-img":"","footer-sml-layout":"","ast-disable-related-posts":"","theme-transparent-header-meta":"","adv-header-id-meta":"","stick-header-meta":"","header-above-stick-meta":"","header-main-stick-meta":"","header-below-stick-meta":"","astra-migrate-meta-layouts":"default","ast-page-background-enabled":"default","ast-page-background-meta":{"desktop":{"background-color":"","background-image":"","background-repeat":"repeat","background-position":"center center","background-size":"auto","background-attachment":"scroll","background-type":"","background-media":"","overlay-type":"","overlay-color":"","overlay-opacity":"","overlay-gradient":""},"tablet":{"background-color":"","background-image":"","background-repeat":"repeat","background-position":"center center","background-size":"auto","background-attachment":"scroll","background-type":"","background-media":"","overlay-type":"","overlay-color":"","overlay-opacity":"","overlay-gradient":""},"mobile":{"background-color":"","background-image":"","background-repeat":"repeat","background-position":"center center","background-size":"auto","background-attachment":"scroll","background-type":"","background-media":"","overlay-type":"","overlay-color":"","overlay-opacity":"","overlay-gradient":""}},"ast-content-background-meta":{"desktop":{"background-color":"var(--ast-global-color-4)","background-image":"","background-repeat":"repeat","background-position":"center center","background-size":"auto","background-attachment":"scroll","background-type":"","background-media":"","overlay-type":"","overlay-color":"","overlay-opacity":"","overlay-gradient":""},"tablet":{"background-color":"var(--ast-global-color-4)","background-image":"","background-repeat":"repeat","background-position":"center center","background-size":"auto","background-attachment":"scroll","background-type":"","background-media":"","overlay-type":"","overlay-color":"","overlay-opacity":"","overlay-gradient":""},"mobile":{"background-color":"var(--ast-global-color-4)","background-image":"","background-repeat":"repeat","background-position":"center center","background-size":"auto","background-attachment":"scroll","background-type":"","background-media":"","overlay-type":"","overlay-color":"","overlay-opacity":"","overlay-gradient":""}}},"product_brand":[],"product_cat":[9621,9734],"product_tag":[],"class_list":{"0":"post-25355","1":"product","2":"type-product","3":"status-publish","4":"has-post-thumbnail","6":"product_cat-fantastika-fantastika","7":"product_cat-romanai","8":"desktop-align-left","9":"tablet-align-left","10":"mobile-align-left","12":"first","13":"outofstock","14":"shipping-taxable","15":"purchasable","16":"product-type-simple"},"acf":[],"yoast_head":"<!-- This site is optimized with the Yoast SEO plugin v27.4 - https:\/\/yoast.com\/product\/yoast-seo-wordpress\/ -->\n<title>Karavalis<\/title>\n<meta name=\"description\" content=\"Senel\u0117s \u017eod\u017eiai aid\u0117jo Skarlet\u0117s galvoje \u017ei\u016brint \u012f popieriaus lapus rankose, ilgai laukt\u0105 atsakym\u0105 \u012f savo pra\u0161ym\u0105. Skarlet\u0117 Dragna dar niekada nebuvo\" \/>\n<meta name=\"robots\" content=\"index, follow, max-snippet:-1, max-image-preview:large, max-video-preview:-1\" \/>\n<link rel=\"canonical\" href=\"https:\/\/skaitytaknyga.lt\/en\/produktas\/karavalis\/\" \/>\n<meta property=\"og:locale\" content=\"en_GB\" \/>\n<meta property=\"og:locale:alternate\" content=\"lt_LT\" \/>\n<meta property=\"og:type\" content=\"article\" \/>\n<meta property=\"og:title\" content=\"Karavalis\" \/>\n<meta property=\"og:description\" content=\"Senel\u0117s \u017eod\u017eiai aid\u0117jo Skarlet\u0117s galvoje \u017ei\u016brint \u012f popieriaus lapus rankose, ilgai laukt\u0105 atsakym\u0105 \u012f savo pra\u0161ym\u0105. Skarlet\u0117 Dragna dar niekada nebuvo\" \/>\n<meta property=\"og:url\" content=\"https:\/\/skaitytaknyga.lt\/en\/produktas\/karavalis\/\" \/>\n<meta property=\"og:site_name\" content=\"Skaitytaknyga\" \/>\n<meta property=\"article:publisher\" content=\"https:\/\/www.facebook.com\/skaitytaknyga\/\" \/>\n<meta property=\"article:modified_time\" content=\"2026-04-10T16:06:51+00:00\" \/>\n<meta property=\"og:image\" content=\"https:\/\/skaitytaknyga.lt\/wp-content\/uploads\/2026\/04\/Karavalis.webp\" \/>\n\t<meta property=\"og:image:width\" content=\"400\" \/>\n\t<meta property=\"og:image:height\" content=\"587\" \/>\n\t<meta property=\"og:image:type\" content=\"image\/webp\" \/>\n<meta name=\"twitter:card\" content=\"summary_large_image\" \/>\n<meta name=\"twitter:label1\" content=\"Estimated reading time\" \/>\n\t<meta name=\"twitter:data1\" content=\"1 minute\" \/>\n<script type=\"application\/ld+json\" class=\"yoast-schema-graph\">{\"@context\":\"https:\\\/\\\/schema.org\",\"@graph\":[{\"@type\":\"WebPage\",\"@id\":\"https:\\\/\\\/skaitytaknyga.lt\\\/produktas\\\/karavalis\\\/\",\"url\":\"https:\\\/\\\/skaitytaknyga.lt\\\/produktas\\\/karavalis\\\/\",\"name\":\"Karavalis\",\"isPartOf\":{\"@id\":\"https:\\\/\\\/skaitytaknyga.lt\\\/#website\"},\"primaryImageOfPage\":{\"@id\":\"https:\\\/\\\/skaitytaknyga.lt\\\/produktas\\\/karavalis\\\/#primaryimage\"},\"image\":{\"@id\":\"https:\\\/\\\/skaitytaknyga.lt\\\/produktas\\\/karavalis\\\/#primaryimage\"},\"thumbnailUrl\":\"https:\\\/\\\/skaitytaknyga.lt\\\/wp-content\\\/uploads\\\/2026\\\/04\\\/Karavalis.webp\",\"datePublished\":\"2026-04-01T08:51:57+00:00\",\"dateModified\":\"2026-04-10T16:06:51+00:00\",\"description\":\"Senel\u0117s \u017eod\u017eiai aid\u0117jo Skarlet\u0117s galvoje \u017ei\u016brint \u012f popieriaus lapus rankose, ilgai laukt\u0105 atsakym\u0105 \u012f savo pra\u0161ym\u0105. Skarlet\u0117 Dragna dar niekada nebuvo\",\"breadcrumb\":{\"@id\":\"https:\\\/\\\/skaitytaknyga.lt\\\/produktas\\\/karavalis\\\/#breadcrumb\"},\"inLanguage\":\"en-GB\",\"potentialAction\":[{\"@type\":\"ReadAction\",\"target\":[\"https:\\\/\\\/skaitytaknyga.lt\\\/produktas\\\/karavalis\\\/\"]}]},{\"@type\":\"ImageObject\",\"inLanguage\":\"en-GB\",\"@id\":\"https:\\\/\\\/skaitytaknyga.lt\\\/produktas\\\/karavalis\\\/#primaryimage\",\"url\":\"https:\\\/\\\/skaitytaknyga.lt\\\/wp-content\\\/uploads\\\/2026\\\/04\\\/Karavalis.webp\",\"contentUrl\":\"https:\\\/\\\/skaitytaknyga.lt\\\/wp-content\\\/uploads\\\/2026\\\/04\\\/Karavalis.webp\",\"width\":400,\"height\":587,\"caption\":\"Karavalis\"},{\"@type\":\"BreadcrumbList\",\"@id\":\"https:\\\/\\\/skaitytaknyga.lt\\\/produktas\\\/karavalis\\\/#breadcrumb\",\"itemListElement\":[{\"@type\":\"ListItem\",\"position\":1,\"name\":\"Home\",\"item\":\"https:\\\/\\\/skaitytaknyga.lt\\\/\"},{\"@type\":\"ListItem\",\"position\":2,\"name\":\"Parduotuv\u0117\",\"item\":\"https:\\\/\\\/skaitytaknyga.lt\\\/knygu-parduotuve\\\/\"},{\"@type\":\"ListItem\",\"position\":3,\"name\":\"Karavalis\"}]},{\"@type\":\"WebSite\",\"@id\":\"https:\\\/\\\/skaitytaknyga.lt\\\/#website\",\"url\":\"https:\\\/\\\/skaitytaknyga.lt\\\/\",\"name\":\"skaitytaknyga.lt\",\"description\":\"Skaitytaknyga.lt \u2013 tai ma\u017eas \u0161eimos verslas, kuris prasid\u0117jo nuo meil\u0117s knygoms ir siekio i\u0161gelb\u0117ti knygas nuo likimo prie konteinerio. Kas vienam nereikalingas daiktas \u2013 kitam lobis, o mes esame tarpininkai, kurie padeda abiems tapti laimingesniems ???? \u017dinome kaip nelengva i\u0161gyventi ma\u017eiems verslams, tad nuo \u0161iol, \u010dia rasite ir kit\u0173, ma\u017e\u0173 \u0161eim\u0173 versl\u0173, rank\u0173 darbo, dovan\u0173 sau ir artimiesiems.\",\"publisher\":{\"@id\":\"https:\\\/\\\/skaitytaknyga.lt\\\/#organization\"},\"potentialAction\":[{\"@type\":\"SearchAction\",\"target\":{\"@type\":\"EntryPoint\",\"urlTemplate\":\"https:\\\/\\\/skaitytaknyga.lt\\\/?s={search_term_string}\"},\"query-input\":{\"@type\":\"PropertyValueSpecification\",\"valueRequired\":true,\"valueName\":\"search_term_string\"}}],\"inLanguage\":\"en-GB\"},{\"@type\":\"Organization\",\"@id\":\"https:\\\/\\\/skaitytaknyga.lt\\\/#organization\",\"name\":\"skaitytaknyga.lt\",\"url\":\"https:\\\/\\\/skaitytaknyga.lt\\\/\",\"logo\":{\"@type\":\"ImageObject\",\"inLanguage\":\"en-GB\",\"@id\":\"https:\\\/\\\/skaitytaknyga.lt\\\/#\\\/schema\\\/logo\\\/image\\\/\",\"url\":\"https:\\\/\\\/skaitytaknyga.lt\\\/wp-content\\\/uploads\\\/2024\\\/05\\\/cropped-cropped-cropped-02_00843_jt3bggkj1j3HLc7SyY6rEUpg.jpeg\",\"contentUrl\":\"https:\\\/\\\/skaitytaknyga.lt\\\/wp-content\\\/uploads\\\/2024\\\/05\\\/cropped-cropped-cropped-02_00843_jt3bggkj1j3HLc7SyY6rEUpg.jpeg\",\"width\":1600,\"height\":1600,\"caption\":\"skaitytaknyga.lt\"},\"image\":{\"@id\":\"https:\\\/\\\/skaitytaknyga.lt\\\/#\\\/schema\\\/logo\\\/image\\\/\"},\"sameAs\":[\"https:\\\/\\\/www.facebook.com\\\/skaitytaknyga\\\/\"]}]}<\/script>\n<!-- \/ Yoast SEO plugin. -->","yoast_head_json":{"title":"Karavalis","description":"Senel\u0117s \u017eod\u017eiai aid\u0117jo Skarlet\u0117s galvoje \u017ei\u016brint \u012f popieriaus lapus rankose, ilgai laukt\u0105 atsakym\u0105 \u012f savo pra\u0161ym\u0105. Skarlet\u0117 Dragna dar niekada nebuvo","robots":{"index":"index","follow":"follow","max-snippet":"max-snippet:-1","max-image-preview":"max-image-preview:large","max-video-preview":"max-video-preview:-1"},"canonical":"https:\/\/skaitytaknyga.lt\/en\/produktas\/karavalis\/","og_locale":"en_GB","og_type":"article","og_title":"[:lt]Karavalis[:] - Skaitytaknyga","og_description":"Senel\u0117s \u017eod\u017eiai aid\u0117jo Skarlet\u0117s galvoje \u017ei\u016brint \u012f popieriaus lapus rankose, ilgai laukt\u0105 atsakym\u0105 \u012f savo pra\u0161ym\u0105. Skarlet\u0117 Dragna dar niekada nebuvo","og_url":"https:\/\/skaitytaknyga.lt\/en\/produktas\/karavalis\/","og_site_name":"Skaitytaknyga","article_publisher":"https:\/\/www.facebook.com\/skaitytaknyga\/","article_modified_time":"2026-04-10T16:06:51+00:00","og_image":[{"width":400,"height":587,"url":"https:\/\/skaitytaknyga.lt\/wp-content\/uploads\/2026\/04\/Karavalis.webp","type":"image\/webp"}],"twitter_card":"summary_large_image","twitter_misc":{"Estimated reading time":"1 minute"},"schema":{"@context":"https:\/\/schema.org","@graph":[{"@type":"WebPage","@id":"https:\/\/skaitytaknyga.lt\/produktas\/karavalis\/","url":"https:\/\/skaitytaknyga.lt\/produktas\/karavalis\/","name":"Karavalis","isPartOf":{"@id":"https:\/\/skaitytaknyga.lt\/#website"},"primaryImageOfPage":{"@id":"https:\/\/skaitytaknyga.lt\/produktas\/karavalis\/#primaryimage"},"image":{"@id":"https:\/\/skaitytaknyga.lt\/produktas\/karavalis\/#primaryimage"},"thumbnailUrl":"https:\/\/skaitytaknyga.lt\/wp-content\/uploads\/2026\/04\/Karavalis.webp","datePublished":"2026-04-01T08:51:57+00:00","dateModified":"2026-04-10T16:06:51+00:00","description":"Senel\u0117s \u017eod\u017eiai aid\u0117jo Skarlet\u0117s galvoje \u017ei\u016brint \u012f popieriaus lapus rankose, ilgai laukt\u0105 atsakym\u0105 \u012f savo pra\u0161ym\u0105. Skarlet\u0117 Dragna dar niekada nebuvo","breadcrumb":{"@id":"https:\/\/skaitytaknyga.lt\/produktas\/karavalis\/#breadcrumb"},"inLanguage":"en-GB","potentialAction":[{"@type":"ReadAction","target":["https:\/\/skaitytaknyga.lt\/produktas\/karavalis\/"]}]},{"@type":"ImageObject","inLanguage":"en-GB","@id":"https:\/\/skaitytaknyga.lt\/produktas\/karavalis\/#primaryimage","url":"https:\/\/skaitytaknyga.lt\/wp-content\/uploads\/2026\/04\/Karavalis.webp","contentUrl":"https:\/\/skaitytaknyga.lt\/wp-content\/uploads\/2026\/04\/Karavalis.webp","width":400,"height":587,"caption":"Karavalis"},{"@type":"BreadcrumbList","@id":"https:\/\/skaitytaknyga.lt\/produktas\/karavalis\/#breadcrumb","itemListElement":[{"@type":"ListItem","position":1,"name":"Home","item":"https:\/\/skaitytaknyga.lt\/"},{"@type":"ListItem","position":2,"name":"Parduotuv\u0117","item":"https:\/\/skaitytaknyga.lt\/knygu-parduotuve\/"},{"@type":"ListItem","position":3,"name":"Karavalis"}]},{"@type":"WebSite","@id":"https:\/\/skaitytaknyga.lt\/#website","url":"https:\/\/skaitytaknyga.lt\/","name":"skaitytaknyga.lt","description":"Skaitytaknyga.lt \u2013 tai ma\u017eas \u0161eimos verslas, kuris prasid\u0117jo nuo meil\u0117s knygoms ir siekio i\u0161gelb\u0117ti knygas nuo likimo prie konteinerio. Kas vienam nereikalingas daiktas \u2013 kitam lobis, o mes esame tarpininkai, kurie padeda abiems tapti laimingesniems ???? \u017dinome kaip nelengva i\u0161gyventi ma\u017eiems verslams, tad nuo \u0161iol, \u010dia rasite ir kit\u0173, ma\u017e\u0173 \u0161eim\u0173 versl\u0173, rank\u0173 darbo, dovan\u0173 sau ir artimiesiems.","publisher":{"@id":"https:\/\/skaitytaknyga.lt\/#organization"},"potentialAction":[{"@type":"SearchAction","target":{"@type":"EntryPoint","urlTemplate":"https:\/\/skaitytaknyga.lt\/?s={search_term_string}"},"query-input":{"@type":"PropertyValueSpecification","valueRequired":true,"valueName":"search_term_string"}}],"inLanguage":"en-GB"},{"@type":"Organization","@id":"https:\/\/skaitytaknyga.lt\/#organization","name":"skaitytaknyga.lt","url":"https:\/\/skaitytaknyga.lt\/","logo":{"@type":"ImageObject","inLanguage":"en-GB","@id":"https:\/\/skaitytaknyga.lt\/#\/schema\/logo\/image\/","url":"https:\/\/skaitytaknyga.lt\/wp-content\/uploads\/2024\/05\/cropped-cropped-cropped-02_00843_jt3bggkj1j3HLc7SyY6rEUpg.jpeg","contentUrl":"https:\/\/skaitytaknyga.lt\/wp-content\/uploads\/2024\/05\/cropped-cropped-cropped-02_00843_jt3bggkj1j3HLc7SyY6rEUpg.jpeg","width":1600,"height":1600,"caption":"skaitytaknyga.lt"},"image":{"@id":"https:\/\/skaitytaknyga.lt\/#\/schema\/logo\/image\/"},"sameAs":["https:\/\/www.facebook.com\/skaitytaknyga\/"]}]}},"_links":{"self":[{"href":"https:\/\/skaitytaknyga.lt\/en\/wp-json\/wp\/v2\/product\/25355","targetHints":{"allow":["GET"]}}],"collection":[{"href":"https:\/\/skaitytaknyga.lt\/en\/wp-json\/wp\/v2\/product"}],"about":[{"href":"https:\/\/skaitytaknyga.lt\/en\/wp-json\/wp\/v2\/types\/product"}],"replies":[{"embeddable":true,"href":"https:\/\/skaitytaknyga.lt\/en\/wp-json\/wp\/v2\/comments?post=25355"}],"wp:featuredmedia":[{"embeddable":true,"href":"https:\/\/skaitytaknyga.lt\/en\/wp-json\/wp\/v2\/media\/25360"}],"wp:attachment":[{"href":"https:\/\/skaitytaknyga.lt\/en\/wp-json\/wp\/v2\/media?parent=25355"}],"wp:term":[{"taxonomy":"product_brand","embeddable":true,"href":"https:\/\/skaitytaknyga.lt\/en\/wp-json\/wp\/v2\/product_brand?post=25355"},{"taxonomy":"product_cat","embeddable":true,"href":"https:\/\/skaitytaknyga.lt\/en\/wp-json\/wp\/v2\/product_cat?post=25355"},{"taxonomy":"product_tag","embeddable":true,"href":"https:\/\/skaitytaknyga.lt\/en\/wp-json\/wp\/v2\/product_tag?post=25355"}],"curies":[{"name":"wp","href":"https:\/\/api.w.org\/{rel}","templated":true}]}}