{"id":25354,"date":"2026-04-01T11:51:52","date_gmt":"2026-04-01T08:51:52","guid":{"rendered":"https:\/\/skaitytaknyga.lt\/?post_type=product&#038;p=25354"},"modified":"2026-04-01T16:56:14","modified_gmt":"2026-04-01T13:56:14","slug":"ponia-egziuperi-ir-dangaus-zvaigzdes","status":"publish","type":"product","link":"https:\/\/skaitytaknyga.lt\/en\/produktas\/ponia-egziuperi-ir-dangaus-zvaigzdes\/","title":{"rendered":"Ponia Egziuperi ir dangaus \u017evaig\u017ed\u0117s"},"content":{"rendered":"<p>1930 metai, Buenos Air\u0117s. Vakar\u0117lyje sutik\u0119s jaun\u0105 meninink\u0119 Konsuel\u0105, Antuanas de Sent Egziuperi j\u0105 i\u0161kart \u012fsimyli. Temperamentinga piet\u0173 amerikiet\u0117 irgi visa \u0161irdimi pamilsta paslapting\u0105j\u012f lak\u016bn\u0105 ir tampa jo m\u016bza. Ji paskatina pagaliau gyventi taip, kaip jis visada tro\u0161ko: ra\u0161ant ir pie\u0161iant. I\u0161 Antuano jausm\u0173 Konsuelai gimsta \u201eMa\u017easis princas\u201c. Ji \u2013 ta mylima ro\u017e\u0117, kuri\u0105 princas nori u\u017edengti po stikliniu gaubtu ir apie kuri\u0105 nuolat galvoja, kad ir kokioje svetimoje planetoje b\u016bt\u0173 atsid\u016br\u0119s.<\/p>\n<p>Ta\u010diau gyvendama su Antuanu Konsuela patiria, kad, nepaisant vyr\u0105 lydin\u010dios pasaulin\u0117s \u0161lov\u0117s, dienos su juo ne visada svajingos ir \u017eavingos. Neretai jai tenka susidurti su nei\u0161tikimybe ir atsisakyti sav\u0173 k\u016brybini\u0173 ambicij\u0173. Ir visa tai d\u0117l to, kad pamilo genial\u0173 \u201eberniuk\u0105\u201c, kuris nenori u\u017eaugti.<\/p>\n","protected":false},"excerpt":{"rendered":"<p>1930 metai, Buenos Air\u0117s. Vakar\u0117lyje sutik\u0119s jaun\u0105 meninink\u0119 Konsuel\u0105, Antuanas de Sent Egziuperi j\u0105 i\u0161kart \u012fsimyli. Temperamentinga piet\u0173 amerikiet\u0117 irgi visa \u0161irdimi pamilsta paslapting\u0105j\u012f lak\u016bn\u0105 ir tampa jo m\u016bza. Ji paskatina pagaliau gyventi taip, kaip jis visada tro\u0161ko: ra\u0161ant ir pie\u0161iant. I\u0161 Antuano jausm\u0173 Konsuelai gimsta \u201eMa\u017easis princas\u201c. Ji \u2013 ta mylima ro\u017e\u0117, kuri\u0105 princas nori u\u017edengti po stikliniu gaubtu ir apie kuri\u0105 nuolat galvoja, kad ir kokioje svetimoje planetoje b\u016bt\u0173 atsid\u016br\u0119s. Ta\u010diau gyvendama su Antuanu Konsuela patiria, kad, nepaisant vyr\u0105 lydin\u010dios pasaulin\u0117s \u0161lov\u0117s, dienos su juo ne visada svajingos ir \u017eavingos. Neretai jai tenka susidurti su nei\u0161tikimybe ir atsisakyti sav\u0173 k\u016brybini\u0173 ambicij\u0173. Ir visa tai d\u0117l to, kad pamilo genial\u0173 \u201eberniuk\u0105\u201c, kuris nenori u\u017eaugti.<\/p>\n","protected":false},"featured_media":0,"comment_status":"open","ping_status":"closed","template":"","meta":{"_acf_changed":false,"site-sidebar-layout":"default","site-content-layout":"","ast-site-content-layout":"default","site-content-style":"default","site-sidebar-style":"default","ast-global-header-display":"","ast-banner-title-visibility":"","ast-main-header-display":"","ast-hfb-above-header-display":"","ast-hfb-below-header-display":"","ast-hfb-mobile-header-display":"","site-post-title":"","ast-breadcrumbs-content":"","ast-featured-img":"","footer-sml-layout":"","ast-disable-related-posts":"","theme-transparent-header-meta":"","adv-header-id-meta":"","stick-header-meta":"","header-above-stick-meta":"","header-main-stick-meta":"","header-below-stick-meta":"","astra-migrate-meta-layouts":"default","ast-page-background-enabled":"default","ast-page-background-meta":{"desktop":{"background-color":"","background-image":"","background-repeat":"repeat","background-position":"center center","background-size":"auto","background-attachment":"scroll","background-type":"","background-media":"","overlay-type":"","overlay-color":"","overlay-opacity":"","overlay-gradient":""},"tablet":{"background-color":"","background-image":"","background-repeat":"repeat","background-position":"center center","background-size":"auto","background-attachment":"scroll","background-type":"","background-media":"","overlay-type":"","overlay-color":"","overlay-opacity":"","overlay-gradient":""},"mobile":{"background-color":"","background-image":"","background-repeat":"repeat","background-position":"center center","background-size":"auto","background-attachment":"scroll","background-type":"","background-media":"","overlay-type":"","overlay-color":"","overlay-opacity":"","overlay-gradient":""}},"ast-content-background-meta":{"desktop":{"background-color":"var(--ast-global-color-4)","background-image":"","background-repeat":"repeat","background-position":"center center","background-size":"auto","background-attachment":"scroll","background-type":"","background-media":"","overlay-type":"","overlay-color":"","overlay-opacity":"","overlay-gradient":""},"tablet":{"background-color":"var(--ast-global-color-4)","background-image":"","background-repeat":"repeat","background-position":"center center","background-size":"auto","background-attachment":"scroll","background-type":"","background-media":"","overlay-type":"","overlay-color":"","overlay-opacity":"","overlay-gradient":""},"mobile":{"background-color":"var(--ast-global-color-4)","background-image":"","background-repeat":"repeat","background-position":"center center","background-size":"auto","background-attachment":"scroll","background-type":"","background-media":"","overlay-type":"","overlay-color":"","overlay-opacity":"","overlay-gradient":""}}},"product_brand":[],"product_cat":[33],"product_tag":[],"class_list":{"0":"post-25354","1":"product","2":"type-product","3":"status-publish","5":"product_cat-biografijos","6":"desktop-align-left","7":"tablet-align-left","8":"mobile-align-left","10":"first","11":"instock","12":"shipping-taxable","13":"purchasable","14":"product-type-simple"},"acf":[],"yoast_head":"<!-- This site is optimized with the Yoast SEO plugin v27.0 - https:\/\/yoast.com\/product\/yoast-seo-wordpress\/ -->\n<title>Ponia Egziuperi ir dangaus \u017evaig\u017ed\u0117s<\/title>\n<meta name=\"description\" content=\"1930 metai, Buenos Air\u0117s. Vakar\u0117lyje sutik\u0119s jaun\u0105 meninink\u0119 Konsuel\u0105, Antuanas de Sent Egziuperi j\u0105 i\u0161kart \u012fsimyli. Temperamentinga piet\u0173 amerikiet\u0117 irgi\" \/>\n<meta name=\"robots\" content=\"index, follow, max-snippet:-1, max-image-preview:large, max-video-preview:-1\" \/>\n<link rel=\"canonical\" href=\"https:\/\/skaitytaknyga.lt\/en\/produktas\/ponia-egziuperi-ir-dangaus-zvaigzdes\/\" \/>\n<meta property=\"og:locale\" content=\"en_GB\" \/>\n<meta property=\"og:locale:alternate\" content=\"lt_LT\" \/>\n<meta property=\"og:type\" content=\"article\" \/>\n<meta property=\"og:title\" content=\"Ponia Egziuperi ir dangaus \u017evaig\u017ed\u0117s\" \/>\n<meta property=\"og:description\" content=\"1930 metai, Buenos Air\u0117s. Vakar\u0117lyje sutik\u0119s jaun\u0105 meninink\u0119 Konsuel\u0105, Antuanas de Sent Egziuperi j\u0105 i\u0161kart \u012fsimyli. Temperamentinga piet\u0173 amerikiet\u0117 irgi\" \/>\n<meta property=\"og:url\" content=\"https:\/\/skaitytaknyga.lt\/en\/produktas\/ponia-egziuperi-ir-dangaus-zvaigzdes\/\" \/>\n<meta property=\"og:site_name\" content=\"Skaitytaknyga\" \/>\n<meta property=\"article:publisher\" content=\"https:\/\/www.facebook.com\/skaitytaknyga\/\" \/>\n<meta property=\"article:modified_time\" content=\"2026-04-01T13:56:14+00:00\" \/>\n<meta property=\"og:image\" content=\"https:\/\/skaitytaknyga.lt\/wp-content\/uploads\/2024\/07\/skaitytaknyga.png\" \/>\n\t<meta property=\"og:image:width\" content=\"747\" \/>\n\t<meta property=\"og:image:height\" content=\"496\" \/>\n\t<meta property=\"og:image:type\" content=\"image\/png\" \/>\n<meta name=\"twitter:card\" content=\"summary_large_image\" \/>\n<meta name=\"twitter:label1\" content=\"Estimated reading time\" \/>\n\t<meta name=\"twitter:data1\" content=\"1 minute\" \/>\n<script type=\"application\/ld+json\" class=\"yoast-schema-graph\">{\"@context\":\"https:\/\/schema.org\",\"@graph\":[{\"@type\":\"WebPage\",\"@id\":\"https:\/\/skaitytaknyga.lt\/produktas\/ponia-egziuperi-ir-dangaus-zvaigzdes\/\",\"url\":\"https:\/\/skaitytaknyga.lt\/produktas\/ponia-egziuperi-ir-dangaus-zvaigzdes\/\",\"name\":\"Ponia Egziuperi ir dangaus \u017evaig\u017ed\u0117s\",\"isPartOf\":{\"@id\":\"https:\/\/skaitytaknyga.lt\/#website\"},\"datePublished\":\"2026-04-01T08:51:52+00:00\",\"dateModified\":\"2026-04-01T13:56:14+00:00\",\"description\":\"1930 metai, Buenos Air\u0117s. Vakar\u0117lyje sutik\u0119s jaun\u0105 meninink\u0119 Konsuel\u0105, Antuanas de Sent Egziuperi j\u0105 i\u0161kart \u012fsimyli. Temperamentinga piet\u0173 amerikiet\u0117 irgi\",\"breadcrumb\":{\"@id\":\"https:\/\/skaitytaknyga.lt\/produktas\/ponia-egziuperi-ir-dangaus-zvaigzdes\/#breadcrumb\"},\"inLanguage\":\"en-GB\",\"potentialAction\":[{\"@type\":\"ReadAction\",\"target\":[\"https:\/\/skaitytaknyga.lt\/produktas\/ponia-egziuperi-ir-dangaus-zvaigzdes\/\"]}]},{\"@type\":\"BreadcrumbList\",\"@id\":\"https:\/\/skaitytaknyga.lt\/produktas\/ponia-egziuperi-ir-dangaus-zvaigzdes\/#breadcrumb\",\"itemListElement\":[{\"@type\":\"ListItem\",\"position\":1,\"name\":\"Home\",\"item\":\"https:\/\/skaitytaknyga.lt\/\"},{\"@type\":\"ListItem\",\"position\":2,\"name\":\"Parduotuv\u0117\",\"item\":\"https:\/\/skaitytaknyga.lt\/knygu-parduotuve\/\"},{\"@type\":\"ListItem\",\"position\":3,\"name\":\"Ponia Egziuperi ir dangaus \u017evaig\u017ed\u0117s\"}]},{\"@type\":\"WebSite\",\"@id\":\"https:\/\/skaitytaknyga.lt\/#website\",\"url\":\"https:\/\/skaitytaknyga.lt\/\",\"name\":\"skaitytaknyga.lt\",\"description\":\"Skaitytaknyga.lt \u2013 tai ma\u017eas \u0161eimos verslas, kuris prasid\u0117jo nuo meil\u0117s knygoms ir siekio i\u0161gelb\u0117ti knygas nuo likimo prie konteinerio. Kas vienam nereikalingas daiktas \u2013 kitam lobis, o mes esame tarpininkai, kurie padeda abiems tapti laimingesniems ???? \u017dinome kaip nelengva i\u0161gyventi ma\u017eiems verslams, tad nuo \u0161iol, \u010dia rasite ir kit\u0173, ma\u017e\u0173 \u0161eim\u0173 versl\u0173, rank\u0173 darbo, dovan\u0173 sau ir artimiesiems.\",\"publisher\":{\"@id\":\"https:\/\/skaitytaknyga.lt\/#organization\"},\"potentialAction\":[{\"@type\":\"SearchAction\",\"target\":{\"@type\":\"EntryPoint\",\"urlTemplate\":\"https:\/\/skaitytaknyga.lt\/?s={search_term_string}\"},\"query-input\":{\"@type\":\"PropertyValueSpecification\",\"valueRequired\":true,\"valueName\":\"search_term_string\"}}],\"inLanguage\":\"en-GB\"},{\"@type\":\"Organization\",\"@id\":\"https:\/\/skaitytaknyga.lt\/#organization\",\"name\":\"skaitytaknyga.lt\",\"url\":\"https:\/\/skaitytaknyga.lt\/\",\"logo\":{\"@type\":\"ImageObject\",\"inLanguage\":\"en-GB\",\"@id\":\"https:\/\/skaitytaknyga.lt\/#\/schema\/logo\/image\/\",\"url\":\"https:\/\/skaitytaknyga.lt\/wp-content\/uploads\/2024\/05\/cropped-cropped-cropped-02_00843_jt3bggkj1j3HLc7SyY6rEUpg.jpeg\",\"contentUrl\":\"https:\/\/skaitytaknyga.lt\/wp-content\/uploads\/2024\/05\/cropped-cropped-cropped-02_00843_jt3bggkj1j3HLc7SyY6rEUpg.jpeg\",\"width\":1600,\"height\":1600,\"caption\":\"skaitytaknyga.lt\"},\"image\":{\"@id\":\"https:\/\/skaitytaknyga.lt\/#\/schema\/logo\/image\/\"},\"sameAs\":[\"https:\/\/www.facebook.com\/skaitytaknyga\/\"]}]}<\/script>\n<!-- \/ Yoast SEO plugin. -->","yoast_head_json":{"title":"Ponia Egziuperi ir dangaus \u017evaig\u017ed\u0117s","description":"1930 metai, Buenos Air\u0117s. Vakar\u0117lyje sutik\u0119s jaun\u0105 meninink\u0119 Konsuel\u0105, Antuanas de Sent Egziuperi j\u0105 i\u0161kart \u012fsimyli. Temperamentinga piet\u0173 amerikiet\u0117 irgi","robots":{"index":"index","follow":"follow","max-snippet":"max-snippet:-1","max-image-preview":"max-image-preview:large","max-video-preview":"max-video-preview:-1"},"canonical":"https:\/\/skaitytaknyga.lt\/en\/produktas\/ponia-egziuperi-ir-dangaus-zvaigzdes\/","og_locale":"en_GB","og_type":"article","og_title":"[:lt]Ponia Egziuperi ir dangaus \u017evaig\u017ed\u0117s[:] - Skaitytaknyga","og_description":"1930 metai, Buenos Air\u0117s. Vakar\u0117lyje sutik\u0119s jaun\u0105 meninink\u0119 Konsuel\u0105, Antuanas de Sent Egziuperi j\u0105 i\u0161kart \u012fsimyli. Temperamentinga piet\u0173 amerikiet\u0117 irgi","og_url":"https:\/\/skaitytaknyga.lt\/en\/produktas\/ponia-egziuperi-ir-dangaus-zvaigzdes\/","og_site_name":"Skaitytaknyga","article_publisher":"https:\/\/www.facebook.com\/skaitytaknyga\/","article_modified_time":"2026-04-01T13:56:14+00:00","og_image":[{"width":747,"height":496,"url":"https:\/\/skaitytaknyga.lt\/wp-content\/uploads\/2024\/07\/skaitytaknyga.png","type":"image\/png"}],"twitter_card":"summary_large_image","twitter_misc":{"Estimated reading time":"1 minute"},"schema":{"@context":"https:\/\/schema.org","@graph":[{"@type":"WebPage","@id":"https:\/\/skaitytaknyga.lt\/produktas\/ponia-egziuperi-ir-dangaus-zvaigzdes\/","url":"https:\/\/skaitytaknyga.lt\/produktas\/ponia-egziuperi-ir-dangaus-zvaigzdes\/","name":"Ponia Egziuperi ir dangaus \u017evaig\u017ed\u0117s","isPartOf":{"@id":"https:\/\/skaitytaknyga.lt\/#website"},"datePublished":"2026-04-01T08:51:52+00:00","dateModified":"2026-04-01T13:56:14+00:00","description":"1930 metai, Buenos Air\u0117s. Vakar\u0117lyje sutik\u0119s jaun\u0105 meninink\u0119 Konsuel\u0105, Antuanas de Sent Egziuperi j\u0105 i\u0161kart \u012fsimyli. Temperamentinga piet\u0173 amerikiet\u0117 irgi","breadcrumb":{"@id":"https:\/\/skaitytaknyga.lt\/produktas\/ponia-egziuperi-ir-dangaus-zvaigzdes\/#breadcrumb"},"inLanguage":"en-GB","potentialAction":[{"@type":"ReadAction","target":["https:\/\/skaitytaknyga.lt\/produktas\/ponia-egziuperi-ir-dangaus-zvaigzdes\/"]}]},{"@type":"BreadcrumbList","@id":"https:\/\/skaitytaknyga.lt\/produktas\/ponia-egziuperi-ir-dangaus-zvaigzdes\/#breadcrumb","itemListElement":[{"@type":"ListItem","position":1,"name":"Home","item":"https:\/\/skaitytaknyga.lt\/"},{"@type":"ListItem","position":2,"name":"Parduotuv\u0117","item":"https:\/\/skaitytaknyga.lt\/knygu-parduotuve\/"},{"@type":"ListItem","position":3,"name":"Ponia Egziuperi ir dangaus \u017evaig\u017ed\u0117s"}]},{"@type":"WebSite","@id":"https:\/\/skaitytaknyga.lt\/#website","url":"https:\/\/skaitytaknyga.lt\/","name":"skaitytaknyga.lt","description":"Skaitytaknyga.lt \u2013 tai ma\u017eas \u0161eimos verslas, kuris prasid\u0117jo nuo meil\u0117s knygoms ir siekio i\u0161gelb\u0117ti knygas nuo likimo prie konteinerio. Kas vienam nereikalingas daiktas \u2013 kitam lobis, o mes esame tarpininkai, kurie padeda abiems tapti laimingesniems ???? \u017dinome kaip nelengva i\u0161gyventi ma\u017eiems verslams, tad nuo \u0161iol, \u010dia rasite ir kit\u0173, ma\u017e\u0173 \u0161eim\u0173 versl\u0173, rank\u0173 darbo, dovan\u0173 sau ir artimiesiems.","publisher":{"@id":"https:\/\/skaitytaknyga.lt\/#organization"},"potentialAction":[{"@type":"SearchAction","target":{"@type":"EntryPoint","urlTemplate":"https:\/\/skaitytaknyga.lt\/?s={search_term_string}"},"query-input":{"@type":"PropertyValueSpecification","valueRequired":true,"valueName":"search_term_string"}}],"inLanguage":"en-GB"},{"@type":"Organization","@id":"https:\/\/skaitytaknyga.lt\/#organization","name":"skaitytaknyga.lt","url":"https:\/\/skaitytaknyga.lt\/","logo":{"@type":"ImageObject","inLanguage":"en-GB","@id":"https:\/\/skaitytaknyga.lt\/#\/schema\/logo\/image\/","url":"https:\/\/skaitytaknyga.lt\/wp-content\/uploads\/2024\/05\/cropped-cropped-cropped-02_00843_jt3bggkj1j3HLc7SyY6rEUpg.jpeg","contentUrl":"https:\/\/skaitytaknyga.lt\/wp-content\/uploads\/2024\/05\/cropped-cropped-cropped-02_00843_jt3bggkj1j3HLc7SyY6rEUpg.jpeg","width":1600,"height":1600,"caption":"skaitytaknyga.lt"},"image":{"@id":"https:\/\/skaitytaknyga.lt\/#\/schema\/logo\/image\/"},"sameAs":["https:\/\/www.facebook.com\/skaitytaknyga\/"]}]}},"_links":{"self":[{"href":"https:\/\/skaitytaknyga.lt\/en\/wp-json\/wp\/v2\/product\/25354","targetHints":{"allow":["GET"]}}],"collection":[{"href":"https:\/\/skaitytaknyga.lt\/en\/wp-json\/wp\/v2\/product"}],"about":[{"href":"https:\/\/skaitytaknyga.lt\/en\/wp-json\/wp\/v2\/types\/product"}],"replies":[{"embeddable":true,"href":"https:\/\/skaitytaknyga.lt\/en\/wp-json\/wp\/v2\/comments?post=25354"}],"wp:attachment":[{"href":"https:\/\/skaitytaknyga.lt\/en\/wp-json\/wp\/v2\/media?parent=25354"}],"wp:term":[{"taxonomy":"product_brand","embeddable":true,"href":"https:\/\/skaitytaknyga.lt\/en\/wp-json\/wp\/v2\/product_brand?post=25354"},{"taxonomy":"product_cat","embeddable":true,"href":"https:\/\/skaitytaknyga.lt\/en\/wp-json\/wp\/v2\/product_cat?post=25354"},{"taxonomy":"product_tag","embeddable":true,"href":"https:\/\/skaitytaknyga.lt\/en\/wp-json\/wp\/v2\/product_tag?post=25354"}],"curies":[{"name":"wp","href":"https:\/\/api.w.org\/{rel}","templated":true}]}}