{"id":25352,"date":"2026-04-01T11:23:39","date_gmt":"2026-04-01T08:23:39","guid":{"rendered":"https:\/\/skaitytaknyga.lt\/?post_type=product&#038;p=25352"},"modified":"2026-04-01T11:43:59","modified_gmt":"2026-04-01T08:43:59","slug":"visuotine-lietuviu-enciklopedija-xxv-tomas-venk-zvo","status":"publish","type":"product","link":"https:\/\/skaitytaknyga.lt\/en\/produktas\/visuotine-lietuviu-enciklopedija-xxv-tomas-venk-zvo\/","title":{"rendered":"Visuotin\u0117 lietuvi\u0173 enciklopedija. XXV tomas. Venk-\u017dvo"},"content":{"rendered":"<p>VISUOTIN\u0116 LIETUVI\u0172 ENCIKLOPEDIJA (VLE) yra didel\u0117s apimties originalus iliustruotas mokslinis informacinis leidinys. Tai pirmoji posovietin\u0117 universali lietuvi\u0161koji enciklopedija: joje pateikiama esmin\u0117s \u017einios apie pasaul\u012f, gausu informacijos apie Lietuv\u0105 ir lietuvius. Ji i\u0161 esm\u0117s skiriasi nuo Lietuvi\u0161kosios tarybin\u0117s enciklopedijos (13 t.) tiek savo turiniu, tiek didesne apimtimi VLE yra tokio tipo enciklopedija kaip vokie\u010di\u0173 Brockhaus, angl\u0173 Britannica,lenk\u0173 Wielka Encyklopedia Powszechna. Savo strukt\u016bra, formatu, straipsni\u0173 dyd\u017eiu ji pana\u0161iausia \u012f Brockhaus\u0105.<\/p>\n<p>VLE paskirtis \u2013 lietuvi\u0161kai skaitantiems \u017emon\u0117ms, pirmiausia lietuviams, suteikti \u017eini\u0173 apie Visat\u0105 ir \u017dem\u0119, supa\u017eindinti su civilizacijos istorija, pasaulio taut\u0173 kult\u016bra, mokslu, ekonomika, pateikti objektyvi\u0173 duomen\u0173 apie kitas valstybes, pasaulio politin\u0117s, kult\u016brin\u0117s bei ekonomin\u0117s raidos tendencijas, propaguoti humanistines ir krik\u0161\u010dioni\u0161k\u0105sias vertybes, parodyti Lietuvos valstyb\u0119 ir lietuvi\u0173 taut\u0105 pasaulio ir Europos istorijos bei kult\u016bros kontekste.<\/p>\n<p>Enciklopedijoje bus apie 115 000 straipsni\u0173, 24 000 iliustracij\u0173, 650 \u017eem\u0117lapi\u0173. Pateikiama naujausi\u0173 duomen\u0173 i\u0161 vis\u0173 mokslo bei gyvenimo sri\u010di\u0173 ir j\u0173 istorijos, apra\u0161oma valstyb\u0117s, \u017eymiausios istorin\u0117s asmenyb\u0117s ir am\u017eininkai. Penktadalis enciklopedijos skiriama Lietuvai ir lituanistikai.<\/p>\n","protected":false},"excerpt":{"rendered":"<p>VISUOTIN\u0116 LIETUVI\u0172 ENCIKLOPEDIJA (VLE) yra didel\u0117s apimties originalus iliustruotas mokslinis informacinis leidinys. Tai pirmoji posovietin\u0117 universali lietuvi\u0161koji enciklopedija: joje pateikiama esmin\u0117s \u017einios apie pasaul\u012f, gausu informacijos apie Lietuv\u0105 ir lietuvius. Ji i\u0161 esm\u0117s skiriasi nuo Lietuvi\u0161kosios tarybin\u0117s enciklopedijos (13 t.) tiek savo turiniu, tiek didesne apimtimi VLE yra tokio tipo enciklopedija kaip vokie\u010di\u0173 Brockhaus, angl\u0173 Britannica,lenk\u0173 Wielka Encyklopedia Powszechna. Savo strukt\u016bra, formatu, straipsni\u0173 dyd\u017eiu ji pana\u0161iausia \u012f Brockhaus\u0105. VLE paskirtis \u2013 lietuvi\u0161kai skaitantiems \u017emon\u0117ms, pirmiausia lietuviams, suteikti \u017eini\u0173 apie Visat\u0105 ir \u017dem\u0119, supa\u017eindinti su civilizacijos istorija, pasaulio taut\u0173 kult\u016bra, mokslu, ekonomika, pateikti objektyvi\u0173 duomen\u0173 apie kitas valstybes, pasaulio politin\u0117s, kult\u016brin\u0117s bei ekonomin\u0117s raidos tendencijas, propaguoti humanistines ir krik\u0161\u010dioni\u0161k\u0105sias vertybes, parodyti Lietuvos valstyb\u0119 ir lietuvi\u0173 taut\u0105 pasaulio ir Europos istorijos bei kult\u016bros kontekste. Enciklopedijoje bus apie 115 000 straipsni\u0173, 24 000 iliustracij\u0173, 650 \u017eem\u0117lapi\u0173. Pateikiama naujausi\u0173 duomen\u0173 i\u0161 vis\u0173 mokslo bei gyvenimo sri\u010di\u0173 ir j\u0173 istorijos, apra\u0161oma valstyb\u0117s, \u017eymiausios istorin\u0117s asmenyb\u0117s ir am\u017eininkai. Penktadalis enciklopedijos skiriama Lietuvai ir lituanistikai.<\/p>\n","protected":false},"featured_media":3636,"comment_status":"closed","ping_status":"closed","template":"","meta":{"_acf_changed":false,"site-sidebar-layout":"default","site-content-layout":"","ast-site-content-layout":"default","site-content-style":"default","site-sidebar-style":"default","ast-global-header-display":"","ast-banner-title-visibility":"","ast-main-header-display":"","ast-hfb-above-header-display":"","ast-hfb-below-header-display":"","ast-hfb-mobile-header-display":"","site-post-title":"","ast-breadcrumbs-content":"","ast-featured-img":"","footer-sml-layout":"","ast-disable-related-posts":"","theme-transparent-header-meta":"default","adv-header-id-meta":"","stick-header-meta":"","header-above-stick-meta":"","header-main-stick-meta":"","header-below-stick-meta":"","astra-migrate-meta-layouts":"set","ast-page-background-enabled":"default","ast-page-background-meta":{"desktop":{"background-color":"","background-image":"","background-repeat":"repeat","background-position":"center center","background-size":"auto","background-attachment":"scroll","background-type":"","background-media":"","overlay-type":"","overlay-color":"","overlay-opacity":"","overlay-gradient":""},"tablet":{"background-color":"","background-image":"","background-repeat":"repeat","background-position":"center center","background-size":"auto","background-attachment":"scroll","background-type":"","background-media":"","overlay-type":"","overlay-color":"","overlay-opacity":"","overlay-gradient":""},"mobile":{"background-color":"","background-image":"","background-repeat":"repeat","background-position":"center center","background-size":"auto","background-attachment":"scroll","background-type":"","background-media":"","overlay-type":"","overlay-color":"","overlay-opacity":"","overlay-gradient":""}},"ast-content-background-meta":{"desktop":{"background-color":"var(--ast-global-color-4)","background-image":"","background-repeat":"repeat","background-position":"center center","background-size":"auto","background-attachment":"scroll","background-type":"","background-media":"","overlay-type":"","overlay-color":"","overlay-opacity":"","overlay-gradient":""},"tablet":{"background-color":"var(--ast-global-color-4)","background-image":"","background-repeat":"repeat","background-position":"center center","background-size":"auto","background-attachment":"scroll","background-type":"","background-media":"","overlay-type":"","overlay-color":"","overlay-opacity":"","overlay-gradient":""},"mobile":{"background-color":"var(--ast-global-color-4)","background-image":"","background-repeat":"repeat","background-position":"center center","background-size":"auto","background-attachment":"scroll","background-type":"","background-media":"","overlay-type":"","overlay-color":"","overlay-opacity":"","overlay-gradient":""}}},"product_brand":[],"product_cat":[390],"product_tag":[],"class_list":{"0":"post-25352","1":"product","2":"type-product","3":"status-publish","4":"has-post-thumbnail","6":"product_cat-kalba-kalbotyra-zodynai","7":"desktop-align-left","8":"tablet-align-left","9":"mobile-align-left","11":"first","12":"instock","13":"shipping-taxable","14":"purchasable","15":"product-type-simple"},"acf":[],"yoast_head":"<!-- This site is optimized with the Yoast SEO plugin v27.0 - https:\/\/yoast.com\/product\/yoast-seo-wordpress\/ -->\n<title>Visuotin\u0117 lietuvi\u0173 enciklopedija. XXV tomas. Venk-\u017dvo<\/title>\n<meta name=\"description\" content=\"VISUOTIN\u0116 LIETUVI\u0172 ENCIKLOPEDIJA (VLE) yra didel\u0117s apimties originalus iliustruotas mokslinis informacinis leidinys. Tai pirmoji posovietin\u0117 universali\" \/>\n<meta name=\"robots\" content=\"index, follow, max-snippet:-1, max-image-preview:large, max-video-preview:-1\" \/>\n<link rel=\"canonical\" href=\"https:\/\/skaitytaknyga.lt\/en\/produktas\/visuotine-lietuviu-enciklopedija-xxv-tomas-venk-zvo\/\" \/>\n<meta property=\"og:locale\" content=\"en_GB\" \/>\n<meta property=\"og:locale:alternate\" content=\"lt_LT\" \/>\n<meta property=\"og:type\" content=\"article\" \/>\n<meta property=\"og:title\" content=\"Visuotin\u0117 lietuvi\u0173 enciklopedija. XXV tomas. Venk-\u017dvo\" \/>\n<meta property=\"og:description\" content=\"VISUOTIN\u0116 LIETUVI\u0172 ENCIKLOPEDIJA (VLE) yra didel\u0117s apimties originalus iliustruotas mokslinis informacinis leidinys. Tai pirmoji posovietin\u0117 universali\" \/>\n<meta property=\"og:url\" content=\"https:\/\/skaitytaknyga.lt\/en\/produktas\/visuotine-lietuviu-enciklopedija-xxv-tomas-venk-zvo\/\" \/>\n<meta property=\"og:site_name\" content=\"Skaitytaknyga\" \/>\n<meta property=\"article:publisher\" content=\"https:\/\/www.facebook.com\/skaitytaknyga\/\" \/>\n<meta property=\"article:modified_time\" content=\"2026-04-01T08:43:59+00:00\" \/>\n<meta property=\"og:image\" content=\"https:\/\/skaitytaknyga.lt\/wp-content\/uploads\/2024\/04\/13-e1608316905681.jpg\" \/>\n\t<meta property=\"og:image:width\" content=\"217\" \/>\n\t<meta property=\"og:image:height\" content=\"286\" \/>\n\t<meta property=\"og:image:type\" content=\"image\/jpeg\" \/>\n<meta name=\"twitter:card\" content=\"summary_large_image\" \/>\n<meta name=\"twitter:label1\" content=\"Estimated reading time\" \/>\n\t<meta name=\"twitter:data1\" content=\"2 minutes\" \/>\n<script type=\"application\/ld+json\" class=\"yoast-schema-graph\">{\"@context\":\"https:\/\/schema.org\",\"@graph\":[{\"@type\":\"WebPage\",\"@id\":\"https:\/\/skaitytaknyga.lt\/produktas\/visuotine-lietuviu-enciklopedija-xxv-tomas-venk-zvo\/\",\"url\":\"https:\/\/skaitytaknyga.lt\/produktas\/visuotine-lietuviu-enciklopedija-xxv-tomas-venk-zvo\/\",\"name\":\"Visuotin\u0117 lietuvi\u0173 enciklopedija. XXV tomas. Venk-\u017dvo\",\"isPartOf\":{\"@id\":\"https:\/\/skaitytaknyga.lt\/#website\"},\"primaryImageOfPage\":{\"@id\":\"https:\/\/skaitytaknyga.lt\/produktas\/visuotine-lietuviu-enciklopedija-xxv-tomas-venk-zvo\/#primaryimage\"},\"image\":{\"@id\":\"https:\/\/skaitytaknyga.lt\/produktas\/visuotine-lietuviu-enciklopedija-xxv-tomas-venk-zvo\/#primaryimage\"},\"thumbnailUrl\":\"https:\/\/skaitytaknyga.lt\/wp-content\/uploads\/2024\/04\/13-e1608316905681.jpg\",\"datePublished\":\"2026-04-01T08:23:39+00:00\",\"dateModified\":\"2026-04-01T08:43:59+00:00\",\"description\":\"VISUOTIN\u0116 LIETUVI\u0172 ENCIKLOPEDIJA (VLE) yra didel\u0117s apimties originalus iliustruotas mokslinis informacinis leidinys. Tai pirmoji posovietin\u0117 universali\",\"breadcrumb\":{\"@id\":\"https:\/\/skaitytaknyga.lt\/produktas\/visuotine-lietuviu-enciklopedija-xxv-tomas-venk-zvo\/#breadcrumb\"},\"inLanguage\":\"en-GB\",\"potentialAction\":[{\"@type\":\"ReadAction\",\"target\":[\"https:\/\/skaitytaknyga.lt\/produktas\/visuotine-lietuviu-enciklopedija-xxv-tomas-venk-zvo\/\"]}]},{\"@type\":\"ImageObject\",\"inLanguage\":\"en-GB\",\"@id\":\"https:\/\/skaitytaknyga.lt\/produktas\/visuotine-lietuviu-enciklopedija-xxv-tomas-venk-zvo\/#primaryimage\",\"url\":\"https:\/\/skaitytaknyga.lt\/wp-content\/uploads\/2024\/04\/13-e1608316905681.jpg\",\"contentUrl\":\"https:\/\/skaitytaknyga.lt\/wp-content\/uploads\/2024\/04\/13-e1608316905681.jpg\",\"width\":217,\"height\":286,\"caption\":\"Visuotin\u0117 lietuvi\u0173 enciklopedija. XXV tomas. Venk-\u017dvo\"},{\"@type\":\"BreadcrumbList\",\"@id\":\"https:\/\/skaitytaknyga.lt\/produktas\/visuotine-lietuviu-enciklopedija-xxv-tomas-venk-zvo\/#breadcrumb\",\"itemListElement\":[{\"@type\":\"ListItem\",\"position\":1,\"name\":\"Home\",\"item\":\"https:\/\/skaitytaknyga.lt\/\"},{\"@type\":\"ListItem\",\"position\":2,\"name\":\"Parduotuv\u0117\",\"item\":\"https:\/\/skaitytaknyga.lt\/knygu-parduotuve\/\"},{\"@type\":\"ListItem\",\"position\":3,\"name\":\"Visuotin\u0117 lietuvi\u0173 enciklopedija. XXV tomas. Venk-\u017dvo\"}]},{\"@type\":\"WebSite\",\"@id\":\"https:\/\/skaitytaknyga.lt\/#website\",\"url\":\"https:\/\/skaitytaknyga.lt\/\",\"name\":\"skaitytaknyga.lt\",\"description\":\"Skaitytaknyga.lt \u2013 tai ma\u017eas \u0161eimos verslas, kuris prasid\u0117jo nuo meil\u0117s knygoms ir siekio i\u0161gelb\u0117ti knygas nuo likimo prie konteinerio. Kas vienam nereikalingas daiktas \u2013 kitam lobis, o mes esame tarpininkai, kurie padeda abiems tapti laimingesniems ???? \u017dinome kaip nelengva i\u0161gyventi ma\u017eiems verslams, tad nuo \u0161iol, \u010dia rasite ir kit\u0173, ma\u017e\u0173 \u0161eim\u0173 versl\u0173, rank\u0173 darbo, dovan\u0173 sau ir artimiesiems.\",\"publisher\":{\"@id\":\"https:\/\/skaitytaknyga.lt\/#organization\"},\"potentialAction\":[{\"@type\":\"SearchAction\",\"target\":{\"@type\":\"EntryPoint\",\"urlTemplate\":\"https:\/\/skaitytaknyga.lt\/?s={search_term_string}\"},\"query-input\":{\"@type\":\"PropertyValueSpecification\",\"valueRequired\":true,\"valueName\":\"search_term_string\"}}],\"inLanguage\":\"en-GB\"},{\"@type\":\"Organization\",\"@id\":\"https:\/\/skaitytaknyga.lt\/#organization\",\"name\":\"skaitytaknyga.lt\",\"url\":\"https:\/\/skaitytaknyga.lt\/\",\"logo\":{\"@type\":\"ImageObject\",\"inLanguage\":\"en-GB\",\"@id\":\"https:\/\/skaitytaknyga.lt\/#\/schema\/logo\/image\/\",\"url\":\"https:\/\/skaitytaknyga.lt\/wp-content\/uploads\/2024\/05\/cropped-cropped-cropped-02_00843_jt3bggkj1j3HLc7SyY6rEUpg.jpeg\",\"contentUrl\":\"https:\/\/skaitytaknyga.lt\/wp-content\/uploads\/2024\/05\/cropped-cropped-cropped-02_00843_jt3bggkj1j3HLc7SyY6rEUpg.jpeg\",\"width\":1600,\"height\":1600,\"caption\":\"skaitytaknyga.lt\"},\"image\":{\"@id\":\"https:\/\/skaitytaknyga.lt\/#\/schema\/logo\/image\/\"},\"sameAs\":[\"https:\/\/www.facebook.com\/skaitytaknyga\/\"]}]}<\/script>\n<!-- \/ Yoast SEO plugin. -->","yoast_head_json":{"title":"Visuotin\u0117 lietuvi\u0173 enciklopedija. XXV tomas. Venk-\u017dvo","description":"VISUOTIN\u0116 LIETUVI\u0172 ENCIKLOPEDIJA (VLE) yra didel\u0117s apimties originalus iliustruotas mokslinis informacinis leidinys. Tai pirmoji posovietin\u0117 universali","robots":{"index":"index","follow":"follow","max-snippet":"max-snippet:-1","max-image-preview":"max-image-preview:large","max-video-preview":"max-video-preview:-1"},"canonical":"https:\/\/skaitytaknyga.lt\/en\/produktas\/visuotine-lietuviu-enciklopedija-xxv-tomas-venk-zvo\/","og_locale":"en_GB","og_type":"article","og_title":"[:lt]Visuotin\u0117 lietuvi\u0173 enciklopedija. XXV tomas. Venk-\u017dvo[:] - Skaitytaknyga","og_description":"VISUOTIN\u0116 LIETUVI\u0172 ENCIKLOPEDIJA (VLE) yra didel\u0117s apimties originalus iliustruotas mokslinis informacinis leidinys. Tai pirmoji posovietin\u0117 universali","og_url":"https:\/\/skaitytaknyga.lt\/en\/produktas\/visuotine-lietuviu-enciklopedija-xxv-tomas-venk-zvo\/","og_site_name":"Skaitytaknyga","article_publisher":"https:\/\/www.facebook.com\/skaitytaknyga\/","article_modified_time":"2026-04-01T08:43:59+00:00","og_image":[{"width":217,"height":286,"url":"https:\/\/skaitytaknyga.lt\/wp-content\/uploads\/2024\/04\/13-e1608316905681.jpg","type":"image\/jpeg"}],"twitter_card":"summary_large_image","twitter_misc":{"Estimated reading time":"2 minutes"},"schema":{"@context":"https:\/\/schema.org","@graph":[{"@type":"WebPage","@id":"https:\/\/skaitytaknyga.lt\/produktas\/visuotine-lietuviu-enciklopedija-xxv-tomas-venk-zvo\/","url":"https:\/\/skaitytaknyga.lt\/produktas\/visuotine-lietuviu-enciklopedija-xxv-tomas-venk-zvo\/","name":"Visuotin\u0117 lietuvi\u0173 enciklopedija. XXV tomas. Venk-\u017dvo","isPartOf":{"@id":"https:\/\/skaitytaknyga.lt\/#website"},"primaryImageOfPage":{"@id":"https:\/\/skaitytaknyga.lt\/produktas\/visuotine-lietuviu-enciklopedija-xxv-tomas-venk-zvo\/#primaryimage"},"image":{"@id":"https:\/\/skaitytaknyga.lt\/produktas\/visuotine-lietuviu-enciklopedija-xxv-tomas-venk-zvo\/#primaryimage"},"thumbnailUrl":"https:\/\/skaitytaknyga.lt\/wp-content\/uploads\/2024\/04\/13-e1608316905681.jpg","datePublished":"2026-04-01T08:23:39+00:00","dateModified":"2026-04-01T08:43:59+00:00","description":"VISUOTIN\u0116 LIETUVI\u0172 ENCIKLOPEDIJA (VLE) yra didel\u0117s apimties originalus iliustruotas mokslinis informacinis leidinys. Tai pirmoji posovietin\u0117 universali","breadcrumb":{"@id":"https:\/\/skaitytaknyga.lt\/produktas\/visuotine-lietuviu-enciklopedija-xxv-tomas-venk-zvo\/#breadcrumb"},"inLanguage":"en-GB","potentialAction":[{"@type":"ReadAction","target":["https:\/\/skaitytaknyga.lt\/produktas\/visuotine-lietuviu-enciklopedija-xxv-tomas-venk-zvo\/"]}]},{"@type":"ImageObject","inLanguage":"en-GB","@id":"https:\/\/skaitytaknyga.lt\/produktas\/visuotine-lietuviu-enciklopedija-xxv-tomas-venk-zvo\/#primaryimage","url":"https:\/\/skaitytaknyga.lt\/wp-content\/uploads\/2024\/04\/13-e1608316905681.jpg","contentUrl":"https:\/\/skaitytaknyga.lt\/wp-content\/uploads\/2024\/04\/13-e1608316905681.jpg","width":217,"height":286,"caption":"Visuotin\u0117 lietuvi\u0173 enciklopedija. XXV tomas. Venk-\u017dvo"},{"@type":"BreadcrumbList","@id":"https:\/\/skaitytaknyga.lt\/produktas\/visuotine-lietuviu-enciklopedija-xxv-tomas-venk-zvo\/#breadcrumb","itemListElement":[{"@type":"ListItem","position":1,"name":"Home","item":"https:\/\/skaitytaknyga.lt\/"},{"@type":"ListItem","position":2,"name":"Parduotuv\u0117","item":"https:\/\/skaitytaknyga.lt\/knygu-parduotuve\/"},{"@type":"ListItem","position":3,"name":"Visuotin\u0117 lietuvi\u0173 enciklopedija. XXV tomas. Venk-\u017dvo"}]},{"@type":"WebSite","@id":"https:\/\/skaitytaknyga.lt\/#website","url":"https:\/\/skaitytaknyga.lt\/","name":"skaitytaknyga.lt","description":"Skaitytaknyga.lt \u2013 tai ma\u017eas \u0161eimos verslas, kuris prasid\u0117jo nuo meil\u0117s knygoms ir siekio i\u0161gelb\u0117ti knygas nuo likimo prie konteinerio. Kas vienam nereikalingas daiktas \u2013 kitam lobis, o mes esame tarpininkai, kurie padeda abiems tapti laimingesniems ???? \u017dinome kaip nelengva i\u0161gyventi ma\u017eiems verslams, tad nuo \u0161iol, \u010dia rasite ir kit\u0173, ma\u017e\u0173 \u0161eim\u0173 versl\u0173, rank\u0173 darbo, dovan\u0173 sau ir artimiesiems.","publisher":{"@id":"https:\/\/skaitytaknyga.lt\/#organization"},"potentialAction":[{"@type":"SearchAction","target":{"@type":"EntryPoint","urlTemplate":"https:\/\/skaitytaknyga.lt\/?s={search_term_string}"},"query-input":{"@type":"PropertyValueSpecification","valueRequired":true,"valueName":"search_term_string"}}],"inLanguage":"en-GB"},{"@type":"Organization","@id":"https:\/\/skaitytaknyga.lt\/#organization","name":"skaitytaknyga.lt","url":"https:\/\/skaitytaknyga.lt\/","logo":{"@type":"ImageObject","inLanguage":"en-GB","@id":"https:\/\/skaitytaknyga.lt\/#\/schema\/logo\/image\/","url":"https:\/\/skaitytaknyga.lt\/wp-content\/uploads\/2024\/05\/cropped-cropped-cropped-02_00843_jt3bggkj1j3HLc7SyY6rEUpg.jpeg","contentUrl":"https:\/\/skaitytaknyga.lt\/wp-content\/uploads\/2024\/05\/cropped-cropped-cropped-02_00843_jt3bggkj1j3HLc7SyY6rEUpg.jpeg","width":1600,"height":1600,"caption":"skaitytaknyga.lt"},"image":{"@id":"https:\/\/skaitytaknyga.lt\/#\/schema\/logo\/image\/"},"sameAs":["https:\/\/www.facebook.com\/skaitytaknyga\/"]}]}},"_links":{"self":[{"href":"https:\/\/skaitytaknyga.lt\/en\/wp-json\/wp\/v2\/product\/25352","targetHints":{"allow":["GET"]}}],"collection":[{"href":"https:\/\/skaitytaknyga.lt\/en\/wp-json\/wp\/v2\/product"}],"about":[{"href":"https:\/\/skaitytaknyga.lt\/en\/wp-json\/wp\/v2\/types\/product"}],"replies":[{"embeddable":true,"href":"https:\/\/skaitytaknyga.lt\/en\/wp-json\/wp\/v2\/comments?post=25352"}],"wp:featuredmedia":[{"embeddable":true,"href":"https:\/\/skaitytaknyga.lt\/en\/wp-json\/wp\/v2\/media\/3636"}],"wp:attachment":[{"href":"https:\/\/skaitytaknyga.lt\/en\/wp-json\/wp\/v2\/media?parent=25352"}],"wp:term":[{"taxonomy":"product_brand","embeddable":true,"href":"https:\/\/skaitytaknyga.lt\/en\/wp-json\/wp\/v2\/product_brand?post=25352"},{"taxonomy":"product_cat","embeddable":true,"href":"https:\/\/skaitytaknyga.lt\/en\/wp-json\/wp\/v2\/product_cat?post=25352"},{"taxonomy":"product_tag","embeddable":true,"href":"https:\/\/skaitytaknyga.lt\/en\/wp-json\/wp\/v2\/product_tag?post=25352"}],"curies":[{"name":"wp","href":"https:\/\/api.w.org\/{rel}","templated":true}]}}