{"id":2527,"date":"2024-04-17T13:15:07","date_gmt":"2024-04-17T13:15:07","guid":{"rendered":"https:\/\/skaitytaknyga.lt\/?post_type=product&#038;p=2527"},"modified":"2024-05-03T07:15:14","modified_gmt":"2024-05-03T07:15:14","slug":"12-%d1%88%d0%b0%d0%b3%d0%be%d0%b2-%d0%ba-%d1%81%d1%8b%d1%80%d0%be%d0%b5%d0%b4%d0%b5%d0%bd%d0%b8%d1%8e","status":"publish","type":"product","link":"https:\/\/skaitytaknyga.lt\/en\/produktas\/12-%d1%88%d0%b0%d0%b3%d0%be%d0%b2-%d0%ba-%d1%81%d1%8b%d1%80%d0%be%d0%b5%d0%b4%d0%b5%d0%bd%d0%b8%d1%8e\/","title":{"rendered":"12 \u0448\u0430\u0433\u043e\u0432 \u043a \u0441\u044b\u0440\u043e\u0435\u0434\u0435\u043d\u0438\u044e"},"content":{"rendered":"<p>\u041c\u0438\u0440\u043e\u0432\u043e\u0439 \u0431\u0435\u0441\u0442\u0441\u0435\u043b\u043b\u0435\u0440 \u0440\u0443\u0441\u0441\u043a\u043e\u0439 \u0430\u043c\u0435\u0440\u0438\u043a\u0430\u043d\u043a\u0438 \u0412\u0438\u043a\u0442\u043e\u0440\u0438\u0438 \u0411\u0443\u0442\u0435\u043d\u043a\u043e \u2014 \u0432\u043f\u0435\u0440\u0432\u044b\u0435 \u043d\u0430 \u0440\u0443\u0441\u0441\u043a\u043e\u043c \u044f\u0437\u044b\u043a\u0435! \u041a\u043d\u0438\u0433\u0430-\u043e\u0442\u043a\u0440\u044b\u0442\u0438\u0435, \u043a\u043d\u0438\u0433\u0430-\u043e\u0442\u043a\u0440\u043e\u0432\u0435\u043d\u0438\u0435 \u043e\u0442 \u0430\u0432\u0442\u043e\u0440\u0430, \u043f\u0435\u0440\u0435\u0432\u0435\u0440\u043d\u0443\u0432\u0448\u0435\u0433\u043e \u043f\u0440\u0438\u0432\u044b\u0447\u043d\u044b\u0435 \u043f\u0440\u0435\u0434\u0441\u0442\u0430\u0432\u043b\u0435\u043d\u0438\u044f \u043e \u00ab\u043f\u043e\u043b\u0435\u0437\u043d\u043e\u043c\u00bb \u0438 \u00ab\u0432\u0440\u0435\u0434\u043d\u043e\u043c\u00bb \u0432 \u043f\u0438\u0442\u0430\u043d\u0438\u0438.<\/p>\n","protected":false},"excerpt":{"rendered":"<p>\u041c\u0438\u0440\u043e\u0432\u043e\u0439 \u0431\u0435\u0441\u0442\u0441\u0435\u043b\u043b\u0435\u0440 \u0440\u0443\u0441\u0441\u043a\u043e\u0439 \u0430\u043c\u0435\u0440\u0438\u043a\u0430\u043d\u043a\u0438 \u0412\u0438\u043a\u0442\u043e\u0440\u0438\u0438 \u0411\u0443\u0442\u0435\u043d\u043a\u043e \u2014 \u0432\u043f\u0435\u0440\u0432\u044b\u0435 \u043d\u0430 \u0440\u0443\u0441\u0441\u043a\u043e\u043c \u044f\u0437\u044b\u043a\u0435! \u041a\u043d\u0438\u0433\u0430-\u043e\u0442\u043a\u0440\u044b\u0442\u0438\u0435, \u043a\u043d\u0438\u0433\u0430-\u043e\u0442\u043a\u0440\u043e\u0432\u0435\u043d\u0438\u0435 \u043e\u0442 \u0430\u0432\u0442\u043e\u0440\u0430, \u043f\u0435\u0440\u0435\u0432\u0435\u0440\u043d\u0443\u0432\u0448\u0435\u0433\u043e \u043f\u0440\u0438\u0432\u044b\u0447\u043d\u044b\u0435 \u043f\u0440\u0435\u0434\u0441\u0442\u0430\u0432\u043b\u0435\u043d\u0438\u044f \u043e \u00ab\u043f\u043e\u043b\u0435\u0437\u043d\u043e\u043c\u00bb \u0438 \u00ab\u0432\u0440\u0435\u0434\u043d\u043e\u043c\u00bb \u0432 \u043f\u0438\u0442\u0430\u043d\u0438\u0438.<\/p>\n","protected":false},"featured_media":2574,"comment_status":"closed","ping_status":"closed","template":"","meta":{"_acf_changed":false,"site-sidebar-layout":"default","site-content-layout":"","ast-site-content-layout":"default","site-content-style":"default","site-sidebar-style":"default","ast-global-header-display":"","ast-banner-title-visibility":"","ast-main-header-display":"","ast-hfb-above-header-display":"","ast-hfb-below-header-display":"","ast-hfb-mobile-header-display":"","site-post-title":"","ast-breadcrumbs-content":"","ast-featured-img":"","footer-sml-layout":"","ast-disable-related-posts":"","theme-transparent-header-meta":"","adv-header-id-meta":"","stick-header-meta":"","header-above-stick-meta":"","header-main-stick-meta":"","header-below-stick-meta":"","astra-migrate-meta-layouts":"default","ast-page-background-enabled":"default","ast-page-background-meta":{"desktop":{"background-color":"","background-image":"","background-repeat":"repeat","background-position":"center center","background-size":"auto","background-attachment":"scroll","background-type":"","background-media":"","overlay-type":"","overlay-color":"","overlay-opacity":"","overlay-gradient":""},"tablet":{"background-color":"","background-image":"","background-repeat":"repeat","background-position":"center center","background-size":"auto","background-attachment":"scroll","background-type":"","background-media":"","overlay-type":"","overlay-color":"","overlay-opacity":"","overlay-gradient":""},"mobile":{"background-color":"","background-image":"","background-repeat":"repeat","background-position":"center center","background-size":"auto","background-attachment":"scroll","background-type":"","background-media":"","overlay-type":"","overlay-color":"","overlay-opacity":"","overlay-gradient":""}},"ast-content-background-meta":{"desktop":{"background-color":"var(--ast-global-color-4)","background-image":"","background-repeat":"repeat","background-position":"center center","background-size":"auto","background-attachment":"scroll","background-type":"","background-media":"","overlay-type":"","overlay-color":"","overlay-opacity":"","overlay-gradient":""},"tablet":{"background-color":"var(--ast-global-color-4)","background-image":"","background-repeat":"repeat","background-position":"center center","background-size":"auto","background-attachment":"scroll","background-type":"","background-media":"","overlay-type":"","overlay-color":"","overlay-opacity":"","overlay-gradient":""},"mobile":{"background-color":"var(--ast-global-color-4)","background-image":"","background-repeat":"repeat","background-position":"center center","background-size":"auto","background-attachment":"scroll","background-type":"","background-media":"","overlay-type":"","overlay-color":"","overlay-opacity":"","overlay-gradient":""}}},"product_brand":[],"product_cat":[155,58,55],"product_tag":[],"class_list":{"0":"post-2527","1":"product","2":"type-product","3":"status-publish","4":"has-post-thumbnail","6":"product_cat-knygos-rusu-kalba","7":"product_cat-receptai","8":"product_cat-sveikata-ir-sveika-mityba","9":"desktop-align-left","10":"tablet-align-left","11":"mobile-align-left","13":"first","14":"instock","15":"shipping-taxable","16":"purchasable","17":"product-type-simple"},"acf":[],"yoast_head":"<!-- This site is optimized with the Yoast SEO plugin v27.0 - https:\/\/yoast.com\/product\/yoast-seo-wordpress\/ -->\n<title>12 \u0448\u0430\u0433\u043e\u0432 \u043a \u0441\u044b\u0440\u043e\u0435\u0434\u0435\u043d\u0438\u044e - Skaitytaknyga<\/title>\n<meta name=\"description\" content=\"\u041c\u0438\u0440\u043e\u0432\u043e\u0439 \u0431\u0435\u0441\u0442\u0441\u0435\u043b\u043b\u0435\u0440 \u0440\u0443\u0441\u0441\u043a\u043e\u0439 \u0430\u043c\u0435\u0440\u0438\u043a\u0430\u043d\u043a\u0438 \u0412\u0438\u043a\u0442\u043e\u0440\u0438\u0438 \u0411\u0443\u0442\u0435\u043d\u043a\u043e \u2014 \u0432\u043f\u0435\u0440\u0432\u044b\u0435 \u043d\u0430 \u0440\u0443\u0441\u0441\u043a\u043e\u043c \u044f\u0437\u044b\u043a\u0435! \u041a\u043d\u0438\u0433\u0430-\u043e\u0442\u043a\u0440\u044b\u0442\u0438\u0435, \u043a\u043d\u0438\u0433\u0430-\u043e\u0442\u043a\u0440\u043e\u0432\u0435\u043d\u0438\u0435 \u043e\u0442 \u0430\u0432\u0442\u043e\u0440\u0430, \u043f\u0435\u0440\u0435\u0432\u0435\u0440\u043d\u0443\u0432\u0448\u0435\u0433\u043e \u043f\u0440\u0438\u0432\u044b\u0447\u043d\u044b\u0435\" \/>\n<meta name=\"robots\" content=\"index, follow, max-snippet:-1, max-image-preview:large, max-video-preview:-1\" \/>\n<link rel=\"canonical\" href=\"https:\/\/skaitytaknyga.lt\/en\/produktas\/12-\u0448\u0430\u0433\u043e\u0432-\u043a-\u0441\u044b\u0440\u043e\u0435\u0434\u0435\u043d\u0438\u044e\/\" \/>\n<meta property=\"og:locale\" content=\"en_GB\" \/>\n<meta property=\"og:locale:alternate\" content=\"lt_LT\" \/>\n<meta property=\"og:type\" content=\"article\" \/>\n<meta property=\"og:title\" content=\"12 \u0448\u0430\u0433\u043e\u0432 \u043a \u0441\u044b\u0440\u043e\u0435\u0434\u0435\u043d\u0438\u044e - Skaitytaknyga\" \/>\n<meta property=\"og:description\" content=\"\u041c\u0438\u0440\u043e\u0432\u043e\u0439 \u0431\u0435\u0441\u0442\u0441\u0435\u043b\u043b\u0435\u0440 \u0440\u0443\u0441\u0441\u043a\u043e\u0439 \u0430\u043c\u0435\u0440\u0438\u043a\u0430\u043d\u043a\u0438 \u0412\u0438\u043a\u0442\u043e\u0440\u0438\u0438 \u0411\u0443\u0442\u0435\u043d\u043a\u043e \u2014 \u0432\u043f\u0435\u0440\u0432\u044b\u0435 \u043d\u0430 \u0440\u0443\u0441\u0441\u043a\u043e\u043c \u044f\u0437\u044b\u043a\u0435! \u041a\u043d\u0438\u0433\u0430-\u043e\u0442\u043a\u0440\u044b\u0442\u0438\u0435, \u043a\u043d\u0438\u0433\u0430-\u043e\u0442\u043a\u0440\u043e\u0432\u0435\u043d\u0438\u0435 \u043e\u0442 \u0430\u0432\u0442\u043e\u0440\u0430, \u043f\u0435\u0440\u0435\u0432\u0435\u0440\u043d\u0443\u0432\u0448\u0435\u0433\u043e \u043f\u0440\u0438\u0432\u044b\u0447\u043d\u044b\u0435\" \/>\n<meta property=\"og:url\" content=\"https:\/\/skaitytaknyga.lt\/en\/produktas\/12-\u0448\u0430\u0433\u043e\u0432-\u043a-\u0441\u044b\u0440\u043e\u0435\u0434\u0435\u043d\u0438\u044e\/\" \/>\n<meta property=\"og:site_name\" content=\"Skaitytaknyga\" \/>\n<meta property=\"article:publisher\" content=\"https:\/\/www.facebook.com\/skaitytaknyga\/\" \/>\n<meta property=\"article:modified_time\" content=\"2024-05-03T07:15:14+00:00\" \/>\n<meta property=\"og:image\" content=\"https:\/\/skaitytaknyga.lt\/wp-content\/uploads\/2024\/04\/atsisiusti-7.jpg\" \/>\n\t<meta property=\"og:image:width\" content=\"179\" \/>\n\t<meta property=\"og:image:height\" content=\"282\" \/>\n\t<meta property=\"og:image:type\" content=\"image\/jpeg\" \/>\n<meta name=\"twitter:card\" content=\"summary_large_image\" \/>\n<script type=\"application\/ld+json\" class=\"yoast-schema-graph\">{\"@context\":\"https:\/\/schema.org\",\"@graph\":[{\"@type\":\"WebPage\",\"@id\":\"https:\/\/skaitytaknyga.lt\/produktas\/12-%d1%88%d0%b0%d0%b3%d0%be%d0%b2-%d0%ba-%d1%81%d1%8b%d1%80%d0%be%d0%b5%d0%b4%d0%b5%d0%bd%d0%b8%d1%8e\/\",\"url\":\"https:\/\/skaitytaknyga.lt\/produktas\/12-%d1%88%d0%b0%d0%b3%d0%be%d0%b2-%d0%ba-%d1%81%d1%8b%d1%80%d0%be%d0%b5%d0%b4%d0%b5%d0%bd%d0%b8%d1%8e\/\",\"name\":\"12 \u0448\u0430\u0433\u043e\u0432 \u043a \u0441\u044b\u0440\u043e\u0435\u0434\u0435\u043d\u0438\u044e - Skaitytaknyga\",\"isPartOf\":{\"@id\":\"https:\/\/skaitytaknyga.lt\/#website\"},\"primaryImageOfPage\":{\"@id\":\"https:\/\/skaitytaknyga.lt\/produktas\/12-%d1%88%d0%b0%d0%b3%d0%be%d0%b2-%d0%ba-%d1%81%d1%8b%d1%80%d0%be%d0%b5%d0%b4%d0%b5%d0%bd%d0%b8%d1%8e\/#primaryimage\"},\"image\":{\"@id\":\"https:\/\/skaitytaknyga.lt\/produktas\/12-%d1%88%d0%b0%d0%b3%d0%be%d0%b2-%d0%ba-%d1%81%d1%8b%d1%80%d0%be%d0%b5%d0%b4%d0%b5%d0%bd%d0%b8%d1%8e\/#primaryimage\"},\"thumbnailUrl\":\"https:\/\/skaitytaknyga.lt\/wp-content\/uploads\/2024\/04\/atsisiusti-7.jpg\",\"datePublished\":\"2024-04-17T13:15:07+00:00\",\"dateModified\":\"2024-05-03T07:15:14+00:00\",\"description\":\"\u041c\u0438\u0440\u043e\u0432\u043e\u0439 \u0431\u0435\u0441\u0442\u0441\u0435\u043b\u043b\u0435\u0440 \u0440\u0443\u0441\u0441\u043a\u043e\u0439 \u0430\u043c\u0435\u0440\u0438\u043a\u0430\u043d\u043a\u0438 \u0412\u0438\u043a\u0442\u043e\u0440\u0438\u0438 \u0411\u0443\u0442\u0435\u043d\u043a\u043e \u2014 \u0432\u043f\u0435\u0440\u0432\u044b\u0435 \u043d\u0430 \u0440\u0443\u0441\u0441\u043a\u043e\u043c \u044f\u0437\u044b\u043a\u0435! \u041a\u043d\u0438\u0433\u0430-\u043e\u0442\u043a\u0440\u044b\u0442\u0438\u0435, \u043a\u043d\u0438\u0433\u0430-\u043e\u0442\u043a\u0440\u043e\u0432\u0435\u043d\u0438\u0435 \u043e\u0442 \u0430\u0432\u0442\u043e\u0440\u0430, \u043f\u0435\u0440\u0435\u0432\u0435\u0440\u043d\u0443\u0432\u0448\u0435\u0433\u043e \u043f\u0440\u0438\u0432\u044b\u0447\u043d\u044b\u0435\",\"breadcrumb\":{\"@id\":\"https:\/\/skaitytaknyga.lt\/produktas\/12-%d1%88%d0%b0%d0%b3%d0%be%d0%b2-%d0%ba-%d1%81%d1%8b%d1%80%d0%be%d0%b5%d0%b4%d0%b5%d0%bd%d0%b8%d1%8e\/#breadcrumb\"},\"inLanguage\":\"en-GB\",\"potentialAction\":[{\"@type\":\"ReadAction\",\"target\":[\"https:\/\/skaitytaknyga.lt\/produktas\/12-%d1%88%d0%b0%d0%b3%d0%be%d0%b2-%d0%ba-%d1%81%d1%8b%d1%80%d0%be%d0%b5%d0%b4%d0%b5%d0%bd%d0%b8%d1%8e\/\"]}]},{\"@type\":\"ImageObject\",\"inLanguage\":\"en-GB\",\"@id\":\"https:\/\/skaitytaknyga.lt\/produktas\/12-%d1%88%d0%b0%d0%b3%d0%be%d0%b2-%d0%ba-%d1%81%d1%8b%d1%80%d0%be%d0%b5%d0%b4%d0%b5%d0%bd%d0%b8%d1%8e\/#primaryimage\",\"url\":\"https:\/\/skaitytaknyga.lt\/wp-content\/uploads\/2024\/04\/atsisiusti-7.jpg\",\"contentUrl\":\"https:\/\/skaitytaknyga.lt\/wp-content\/uploads\/2024\/04\/atsisiusti-7.jpg\",\"width\":179,\"height\":282,\"caption\":\"atsisiusti 7\"},{\"@type\":\"BreadcrumbList\",\"@id\":\"https:\/\/skaitytaknyga.lt\/produktas\/12-%d1%88%d0%b0%d0%b3%d0%be%d0%b2-%d0%ba-%d1%81%d1%8b%d1%80%d0%be%d0%b5%d0%b4%d0%b5%d0%bd%d0%b8%d1%8e\/#breadcrumb\",\"itemListElement\":[{\"@type\":\"ListItem\",\"position\":1,\"name\":\"Home\",\"item\":\"https:\/\/skaitytaknyga.lt\/\"},{\"@type\":\"ListItem\",\"position\":2,\"name\":\"Parduotuv\u0117\",\"item\":\"https:\/\/skaitytaknyga.lt\/knygu-parduotuve\/\"},{\"@type\":\"ListItem\",\"position\":3,\"name\":\"12 \u0448\u0430\u0433\u043e\u0432 \u043a \u0441\u044b\u0440\u043e\u0435\u0434\u0435\u043d\u0438\u044e\"}]},{\"@type\":\"WebSite\",\"@id\":\"https:\/\/skaitytaknyga.lt\/#website\",\"url\":\"https:\/\/skaitytaknyga.lt\/\",\"name\":\"skaitytaknyga.lt\",\"description\":\"Skaitytaknyga.lt \u2013 tai ma\u017eas \u0161eimos verslas, kuris prasid\u0117jo nuo meil\u0117s knygoms ir siekio i\u0161gelb\u0117ti knygas nuo likimo prie konteinerio. Kas vienam nereikalingas daiktas \u2013 kitam lobis, o mes esame tarpininkai, kurie padeda abiems tapti laimingesniems ???? \u017dinome kaip nelengva i\u0161gyventi ma\u017eiems verslams, tad nuo \u0161iol, \u010dia rasite ir kit\u0173, ma\u017e\u0173 \u0161eim\u0173 versl\u0173, rank\u0173 darbo, dovan\u0173 sau ir artimiesiems.\",\"publisher\":{\"@id\":\"https:\/\/skaitytaknyga.lt\/#organization\"},\"potentialAction\":[{\"@type\":\"SearchAction\",\"target\":{\"@type\":\"EntryPoint\",\"urlTemplate\":\"https:\/\/skaitytaknyga.lt\/?s={search_term_string}\"},\"query-input\":{\"@type\":\"PropertyValueSpecification\",\"valueRequired\":true,\"valueName\":\"search_term_string\"}}],\"inLanguage\":\"en-GB\"},{\"@type\":\"Organization\",\"@id\":\"https:\/\/skaitytaknyga.lt\/#organization\",\"name\":\"skaitytaknyga.lt\",\"url\":\"https:\/\/skaitytaknyga.lt\/\",\"logo\":{\"@type\":\"ImageObject\",\"inLanguage\":\"en-GB\",\"@id\":\"https:\/\/skaitytaknyga.lt\/#\/schema\/logo\/image\/\",\"url\":\"https:\/\/skaitytaknyga.lt\/wp-content\/uploads\/2024\/05\/cropped-cropped-cropped-02_00843_jt3bggkj1j3HLc7SyY6rEUpg.jpeg\",\"contentUrl\":\"https:\/\/skaitytaknyga.lt\/wp-content\/uploads\/2024\/05\/cropped-cropped-cropped-02_00843_jt3bggkj1j3HLc7SyY6rEUpg.jpeg\",\"width\":1600,\"height\":1600,\"caption\":\"skaitytaknyga.lt\"},\"image\":{\"@id\":\"https:\/\/skaitytaknyga.lt\/#\/schema\/logo\/image\/\"},\"sameAs\":[\"https:\/\/www.facebook.com\/skaitytaknyga\/\"]}]}<\/script>\n<!-- \/ Yoast SEO plugin. -->","yoast_head_json":{"title":"12 \u0448\u0430\u0433\u043e\u0432 \u043a \u0441\u044b\u0440\u043e\u0435\u0434\u0435\u043d\u0438\u044e - Skaitytaknyga","description":"\u041c\u0438\u0440\u043e\u0432\u043e\u0439 \u0431\u0435\u0441\u0442\u0441\u0435\u043b\u043b\u0435\u0440 \u0440\u0443\u0441\u0441\u043a\u043e\u0439 \u0430\u043c\u0435\u0440\u0438\u043a\u0430\u043d\u043a\u0438 \u0412\u0438\u043a\u0442\u043e\u0440\u0438\u0438 \u0411\u0443\u0442\u0435\u043d\u043a\u043e \u2014 \u0432\u043f\u0435\u0440\u0432\u044b\u0435 \u043d\u0430 \u0440\u0443\u0441\u0441\u043a\u043e\u043c \u044f\u0437\u044b\u043a\u0435! \u041a\u043d\u0438\u0433\u0430-\u043e\u0442\u043a\u0440\u044b\u0442\u0438\u0435, \u043a\u043d\u0438\u0433\u0430-\u043e\u0442\u043a\u0440\u043e\u0432\u0435\u043d\u0438\u0435 \u043e\u0442 \u0430\u0432\u0442\u043e\u0440\u0430, \u043f\u0435\u0440\u0435\u0432\u0435\u0440\u043d\u0443\u0432\u0448\u0435\u0433\u043e \u043f\u0440\u0438\u0432\u044b\u0447\u043d\u044b\u0435","robots":{"index":"index","follow":"follow","max-snippet":"max-snippet:-1","max-image-preview":"max-image-preview:large","max-video-preview":"max-video-preview:-1"},"canonical":"https:\/\/skaitytaknyga.lt\/en\/produktas\/12-\u0448\u0430\u0433\u043e\u0432-\u043a-\u0441\u044b\u0440\u043e\u0435\u0434\u0435\u043d\u0438\u044e\/","og_locale":"en_GB","og_type":"article","og_title":"12 \u0448\u0430\u0433\u043e\u0432 \u043a \u0441\u044b\u0440\u043e\u0435\u0434\u0435\u043d\u0438\u044e - Skaitytaknyga","og_description":"\u041c\u0438\u0440\u043e\u0432\u043e\u0439 \u0431\u0435\u0441\u0442\u0441\u0435\u043b\u043b\u0435\u0440 \u0440\u0443\u0441\u0441\u043a\u043e\u0439 \u0430\u043c\u0435\u0440\u0438\u043a\u0430\u043d\u043a\u0438 \u0412\u0438\u043a\u0442\u043e\u0440\u0438\u0438 \u0411\u0443\u0442\u0435\u043d\u043a\u043e \u2014 \u0432\u043f\u0435\u0440\u0432\u044b\u0435 \u043d\u0430 \u0440\u0443\u0441\u0441\u043a\u043e\u043c \u044f\u0437\u044b\u043a\u0435! \u041a\u043d\u0438\u0433\u0430-\u043e\u0442\u043a\u0440\u044b\u0442\u0438\u0435, \u043a\u043d\u0438\u0433\u0430-\u043e\u0442\u043a\u0440\u043e\u0432\u0435\u043d\u0438\u0435 \u043e\u0442 \u0430\u0432\u0442\u043e\u0440\u0430, \u043f\u0435\u0440\u0435\u0432\u0435\u0440\u043d\u0443\u0432\u0448\u0435\u0433\u043e \u043f\u0440\u0438\u0432\u044b\u0447\u043d\u044b\u0435","og_url":"https:\/\/skaitytaknyga.lt\/en\/produktas\/12-\u0448\u0430\u0433\u043e\u0432-\u043a-\u0441\u044b\u0440\u043e\u0435\u0434\u0435\u043d\u0438\u044e\/","og_site_name":"Skaitytaknyga","article_publisher":"https:\/\/www.facebook.com\/skaitytaknyga\/","article_modified_time":"2024-05-03T07:15:14+00:00","og_image":[{"width":179,"height":282,"url":"https:\/\/skaitytaknyga.lt\/wp-content\/uploads\/2024\/04\/atsisiusti-7.jpg","type":"image\/jpeg"}],"twitter_card":"summary_large_image","schema":{"@context":"https:\/\/schema.org","@graph":[{"@type":"WebPage","@id":"https:\/\/skaitytaknyga.lt\/produktas\/12-%d1%88%d0%b0%d0%b3%d0%be%d0%b2-%d0%ba-%d1%81%d1%8b%d1%80%d0%be%d0%b5%d0%b4%d0%b5%d0%bd%d0%b8%d1%8e\/","url":"https:\/\/skaitytaknyga.lt\/produktas\/12-%d1%88%d0%b0%d0%b3%d0%be%d0%b2-%d0%ba-%d1%81%d1%8b%d1%80%d0%be%d0%b5%d0%b4%d0%b5%d0%bd%d0%b8%d1%8e\/","name":"12 \u0448\u0430\u0433\u043e\u0432 \u043a \u0441\u044b\u0440\u043e\u0435\u0434\u0435\u043d\u0438\u044e - Skaitytaknyga","isPartOf":{"@id":"https:\/\/skaitytaknyga.lt\/#website"},"primaryImageOfPage":{"@id":"https:\/\/skaitytaknyga.lt\/produktas\/12-%d1%88%d0%b0%d0%b3%d0%be%d0%b2-%d0%ba-%d1%81%d1%8b%d1%80%d0%be%d0%b5%d0%b4%d0%b5%d0%bd%d0%b8%d1%8e\/#primaryimage"},"image":{"@id":"https:\/\/skaitytaknyga.lt\/produktas\/12-%d1%88%d0%b0%d0%b3%d0%be%d0%b2-%d0%ba-%d1%81%d1%8b%d1%80%d0%be%d0%b5%d0%b4%d0%b5%d0%bd%d0%b8%d1%8e\/#primaryimage"},"thumbnailUrl":"https:\/\/skaitytaknyga.lt\/wp-content\/uploads\/2024\/04\/atsisiusti-7.jpg","datePublished":"2024-04-17T13:15:07+00:00","dateModified":"2024-05-03T07:15:14+00:00","description":"\u041c\u0438\u0440\u043e\u0432\u043e\u0439 \u0431\u0435\u0441\u0442\u0441\u0435\u043b\u043b\u0435\u0440 \u0440\u0443\u0441\u0441\u043a\u043e\u0439 \u0430\u043c\u0435\u0440\u0438\u043a\u0430\u043d\u043a\u0438 \u0412\u0438\u043a\u0442\u043e\u0440\u0438\u0438 \u0411\u0443\u0442\u0435\u043d\u043a\u043e \u2014 \u0432\u043f\u0435\u0440\u0432\u044b\u0435 \u043d\u0430 \u0440\u0443\u0441\u0441\u043a\u043e\u043c \u044f\u0437\u044b\u043a\u0435! \u041a\u043d\u0438\u0433\u0430-\u043e\u0442\u043a\u0440\u044b\u0442\u0438\u0435, \u043a\u043d\u0438\u0433\u0430-\u043e\u0442\u043a\u0440\u043e\u0432\u0435\u043d\u0438\u0435 \u043e\u0442 \u0430\u0432\u0442\u043e\u0440\u0430, \u043f\u0435\u0440\u0435\u0432\u0435\u0440\u043d\u0443\u0432\u0448\u0435\u0433\u043e \u043f\u0440\u0438\u0432\u044b\u0447\u043d\u044b\u0435","breadcrumb":{"@id":"https:\/\/skaitytaknyga.lt\/produktas\/12-%d1%88%d0%b0%d0%b3%d0%be%d0%b2-%d0%ba-%d1%81%d1%8b%d1%80%d0%be%d0%b5%d0%b4%d0%b5%d0%bd%d0%b8%d1%8e\/#breadcrumb"},"inLanguage":"en-GB","potentialAction":[{"@type":"ReadAction","target":["https:\/\/skaitytaknyga.lt\/produktas\/12-%d1%88%d0%b0%d0%b3%d0%be%d0%b2-%d0%ba-%d1%81%d1%8b%d1%80%d0%be%d0%b5%d0%b4%d0%b5%d0%bd%d0%b8%d1%8e\/"]}]},{"@type":"ImageObject","inLanguage":"en-GB","@id":"https:\/\/skaitytaknyga.lt\/produktas\/12-%d1%88%d0%b0%d0%b3%d0%be%d0%b2-%d0%ba-%d1%81%d1%8b%d1%80%d0%be%d0%b5%d0%b4%d0%b5%d0%bd%d0%b8%d1%8e\/#primaryimage","url":"https:\/\/skaitytaknyga.lt\/wp-content\/uploads\/2024\/04\/atsisiusti-7.jpg","contentUrl":"https:\/\/skaitytaknyga.lt\/wp-content\/uploads\/2024\/04\/atsisiusti-7.jpg","width":179,"height":282,"caption":"atsisiusti 7"},{"@type":"BreadcrumbList","@id":"https:\/\/skaitytaknyga.lt\/produktas\/12-%d1%88%d0%b0%d0%b3%d0%be%d0%b2-%d0%ba-%d1%81%d1%8b%d1%80%d0%be%d0%b5%d0%b4%d0%b5%d0%bd%d0%b8%d1%8e\/#breadcrumb","itemListElement":[{"@type":"ListItem","position":1,"name":"Home","item":"https:\/\/skaitytaknyga.lt\/"},{"@type":"ListItem","position":2,"name":"Parduotuv\u0117","item":"https:\/\/skaitytaknyga.lt\/knygu-parduotuve\/"},{"@type":"ListItem","position":3,"name":"12 \u0448\u0430\u0433\u043e\u0432 \u043a \u0441\u044b\u0440\u043e\u0435\u0434\u0435\u043d\u0438\u044e"}]},{"@type":"WebSite","@id":"https:\/\/skaitytaknyga.lt\/#website","url":"https:\/\/skaitytaknyga.lt\/","name":"skaitytaknyga.lt","description":"Skaitytaknyga.lt \u2013 tai ma\u017eas \u0161eimos verslas, kuris prasid\u0117jo nuo meil\u0117s knygoms ir siekio i\u0161gelb\u0117ti knygas nuo likimo prie konteinerio. Kas vienam nereikalingas daiktas \u2013 kitam lobis, o mes esame tarpininkai, kurie padeda abiems tapti laimingesniems ???? \u017dinome kaip nelengva i\u0161gyventi ma\u017eiems verslams, tad nuo \u0161iol, \u010dia rasite ir kit\u0173, ma\u017e\u0173 \u0161eim\u0173 versl\u0173, rank\u0173 darbo, dovan\u0173 sau ir artimiesiems.","publisher":{"@id":"https:\/\/skaitytaknyga.lt\/#organization"},"potentialAction":[{"@type":"SearchAction","target":{"@type":"EntryPoint","urlTemplate":"https:\/\/skaitytaknyga.lt\/?s={search_term_string}"},"query-input":{"@type":"PropertyValueSpecification","valueRequired":true,"valueName":"search_term_string"}}],"inLanguage":"en-GB"},{"@type":"Organization","@id":"https:\/\/skaitytaknyga.lt\/#organization","name":"skaitytaknyga.lt","url":"https:\/\/skaitytaknyga.lt\/","logo":{"@type":"ImageObject","inLanguage":"en-GB","@id":"https:\/\/skaitytaknyga.lt\/#\/schema\/logo\/image\/","url":"https:\/\/skaitytaknyga.lt\/wp-content\/uploads\/2024\/05\/cropped-cropped-cropped-02_00843_jt3bggkj1j3HLc7SyY6rEUpg.jpeg","contentUrl":"https:\/\/skaitytaknyga.lt\/wp-content\/uploads\/2024\/05\/cropped-cropped-cropped-02_00843_jt3bggkj1j3HLc7SyY6rEUpg.jpeg","width":1600,"height":1600,"caption":"skaitytaknyga.lt"},"image":{"@id":"https:\/\/skaitytaknyga.lt\/#\/schema\/logo\/image\/"},"sameAs":["https:\/\/www.facebook.com\/skaitytaknyga\/"]}]}},"_links":{"self":[{"href":"https:\/\/skaitytaknyga.lt\/en\/wp-json\/wp\/v2\/product\/2527","targetHints":{"allow":["GET"]}}],"collection":[{"href":"https:\/\/skaitytaknyga.lt\/en\/wp-json\/wp\/v2\/product"}],"about":[{"href":"https:\/\/skaitytaknyga.lt\/en\/wp-json\/wp\/v2\/types\/product"}],"replies":[{"embeddable":true,"href":"https:\/\/skaitytaknyga.lt\/en\/wp-json\/wp\/v2\/comments?post=2527"}],"wp:featuredmedia":[{"embeddable":true,"href":"https:\/\/skaitytaknyga.lt\/en\/wp-json\/wp\/v2\/media\/2574"}],"wp:attachment":[{"href":"https:\/\/skaitytaknyga.lt\/en\/wp-json\/wp\/v2\/media?parent=2527"}],"wp:term":[{"taxonomy":"product_brand","embeddable":true,"href":"https:\/\/skaitytaknyga.lt\/en\/wp-json\/wp\/v2\/product_brand?post=2527"},{"taxonomy":"product_cat","embeddable":true,"href":"https:\/\/skaitytaknyga.lt\/en\/wp-json\/wp\/v2\/product_cat?post=2527"},{"taxonomy":"product_tag","embeddable":true,"href":"https:\/\/skaitytaknyga.lt\/en\/wp-json\/wp\/v2\/product_tag?post=2527"}],"curies":[{"name":"wp","href":"https:\/\/api.w.org\/{rel}","templated":true}]}}