{"id":25159,"date":"2026-03-24T12:07:46","date_gmt":"2026-03-24T10:07:46","guid":{"rendered":"https:\/\/skaitytaknyga.lt\/?post_type=product&#038;p=25159"},"modified":"2026-04-01T11:53:34","modified_gmt":"2026-04-01T08:53:34","slug":"tapk-ragana-jei-nori","status":"publish","type":"product","link":"https:\/\/skaitytaknyga.lt\/en\/produktas\/tapk-ragana-jei-nori\/","title":{"rendered":"TAPK RAGANA (jei nori)"},"content":{"rendered":"<p>Ar gali tikroji meil\u0117 ateiti ne laiku? Anitos gyvenimas yra ai\u0161kiai suplanuotas. Vilniaus universitete ji studijuoja medicin\u0105, teliko i\u0161laikyti baigiamuosius egzaminus ir ji sugr\u012f\u0161 \u012f gimt\u0105j\u0105 Latvij\u0105, kur jos laukia rezident\u016bra Rygoje, \u017eavus ir perspektyvus su\u017ead\u0117tinis Markusas, prabangi vestuvi\u0173 puota. Ta\u010diau nuo \u012ftampos ruo\u0161iantis egzaminams ir planuojant vestuves ji pasijunta pervargusi ir draug\u0117 j\u0105 pakvie\u010dia pasisve\u010diuoti Trak\u0173 rajone esan\u010diame \u017eirgyne. \u010cia ji susipa\u017e\u012fsta su \u017eirgyno savininku Luku ir pajunta jam nederam\u0105 trauk\u0105. Kruop\u0161t\u016bs Anitos planai ima jauktis,\u00a0 juo labiau, kad \u017eirgyne dedasi keisti, nepaai\u0161kinami dalykai, kurie ver\u010dia suabejoti viskuo, k\u0105 ji anks\u010diau \u017einojo ir patik\u0117ti tuo, kuo ji buvo i\u0161mokusi netik\u0117ti. Pavyzd\u017eiui, meile.<\/p>\n<p><strong>Lavisa Spell<\/strong>\u00a0&#8211; jau tre\u010dio jausmingo romano lietuvi\u0173 autor\u0117s, Auks\u0117s \u0160iug\u017edinien\u0117s, slapyvardis. Tai u\u017ekoduota fraz\u0117 \u201elove is a spell&#8221; (meil\u0117 yra kerai), autor\u0117s gyvenimo moto, nes meil\u0117 yra tas paslaptingas ingredientas, kuris bet kuri\u0105 veikl\u0105 ir darb\u0105 paver\u010dia ypatingu. Lavisa Spell ra\u0161o laisvalaikio romanus, paskanintus aistros ir magijos prieskoniais, dvasingumo ir pagoni\u0161kosios tradicijos \u017einiomis.<\/p>\n","protected":false},"excerpt":{"rendered":"<p>Ar gali tikroji meil\u0117 ateiti ne laiku? Anitos gyvenimas yra ai\u0161kiai suplanuotas. Vilniaus universitete ji studijuoja medicin\u0105, teliko i\u0161laikyti baigiamuosius egzaminus ir ji sugr\u012f\u0161 \u012f gimt\u0105j\u0105 Latvij\u0105, kur jos laukia rezident\u016bra Rygoje, \u017eavus ir perspektyvus su\u017ead\u0117tinis Markusas, prabangi vestuvi\u0173 puota. Ta\u010diau nuo \u012ftampos ruo\u0161iantis egzaminams ir planuojant vestuves ji pasijunta pervargusi ir draug\u0117 j\u0105 pakvie\u010dia pasisve\u010diuoti Trak\u0173 rajone esan\u010diame \u017eirgyne. \u010cia ji susipa\u017e\u012fsta su \u017eirgyno savininku Luku ir pajunta jam nederam\u0105 trauk\u0105. Kruop\u0161t\u016bs Anitos planai ima jauktis,\u00a0 juo labiau, kad \u017eirgyne dedasi keisti, nepaai\u0161kinami dalykai, kurie ver\u010dia suabejoti viskuo, k\u0105 ji anks\u010diau \u017einojo ir patik\u0117ti tuo, kuo ji buvo i\u0161mokusi netik\u0117ti. Pavyzd\u017eiui, meile. Lavisa Spell\u00a0&#8211; jau tre\u010dio jausmingo romano lietuvi\u0173 autor\u0117s, Auks\u0117s \u0160iug\u017edinien\u0117s, slapyvardis. Tai u\u017ekoduota fraz\u0117 \u201elove is a spell&#8221; (meil\u0117 yra kerai), autor\u0117s gyvenimo moto, nes meil\u0117 yra tas paslaptingas ingredientas, kuris bet kuri\u0105 veikl\u0105 ir darb\u0105 paver\u010dia ypatingu. Lavisa Spell ra\u0161o laisvalaikio romanus, paskanintus aistros ir magijos prieskoniais, dvasingumo ir pagoni\u0161kosios tradicijos \u017einiomis.<\/p>\n","protected":false},"featured_media":25343,"comment_status":"open","ping_status":"closed","template":"","meta":{"_acf_changed":false,"site-sidebar-layout":"default","site-content-layout":"","ast-site-content-layout":"default","site-content-style":"default","site-sidebar-style":"default","ast-global-header-display":"","ast-banner-title-visibility":"","ast-main-header-display":"","ast-hfb-above-header-display":"","ast-hfb-below-header-display":"","ast-hfb-mobile-header-display":"","site-post-title":"","ast-breadcrumbs-content":"","ast-featured-img":"","footer-sml-layout":"","ast-disable-related-posts":"","theme-transparent-header-meta":"default","adv-header-id-meta":"","stick-header-meta":"","header-above-stick-meta":"","header-main-stick-meta":"","header-below-stick-meta":"","astra-migrate-meta-layouts":"set","ast-page-background-enabled":"default","ast-page-background-meta":{"desktop":{"background-color":"","background-image":"","background-repeat":"repeat","background-position":"center center","background-size":"auto","background-attachment":"scroll","background-type":"","background-media":"","overlay-type":"","overlay-color":"","overlay-opacity":"","overlay-gradient":""},"tablet":{"background-color":"","background-image":"","background-repeat":"repeat","background-position":"center center","background-size":"auto","background-attachment":"scroll","background-type":"","background-media":"","overlay-type":"","overlay-color":"","overlay-opacity":"","overlay-gradient":""},"mobile":{"background-color":"","background-image":"","background-repeat":"repeat","background-position":"center center","background-size":"auto","background-attachment":"scroll","background-type":"","background-media":"","overlay-type":"","overlay-color":"","overlay-opacity":"","overlay-gradient":""}},"ast-content-background-meta":{"desktop":{"background-color":"var(--ast-global-color-4)","background-image":"","background-repeat":"repeat","background-position":"center center","background-size":"auto","background-attachment":"scroll","background-type":"","background-media":"","overlay-type":"","overlay-color":"","overlay-opacity":"","overlay-gradient":""},"tablet":{"background-color":"var(--ast-global-color-4)","background-image":"","background-repeat":"repeat","background-position":"center center","background-size":"auto","background-attachment":"scroll","background-type":"","background-media":"","overlay-type":"","overlay-color":"","overlay-opacity":"","overlay-gradient":""},"mobile":{"background-color":"var(--ast-global-color-4)","background-image":"","background-repeat":"repeat","background-position":"center center","background-size":"auto","background-attachment":"scroll","background-type":"","background-media":"","overlay-type":"","overlay-color":"","overlay-opacity":"","overlay-gradient":""}}},"product_brand":[],"product_cat":[9590,9734,31,15],"product_tag":[],"class_list":{"0":"post-25159","1":"product","2":"type-product","3":"status-publish","4":"has-post-thumbnail","6":"product_cat-lietuviu-literatura","7":"product_cat-romanai","8":"product_cat-grozine-literatura","9":"product_cat-uncategorized","10":"desktop-align-left","11":"tablet-align-left","12":"mobile-align-left","14":"first","15":"instock","16":"shipping-taxable","17":"purchasable","18":"product-type-simple"},"acf":[],"yoast_head":"<!-- This site is optimized with the Yoast SEO plugin v27.0 - https:\/\/yoast.com\/product\/yoast-seo-wordpress\/ -->\n<title>TAPK RAGANA (jei nori)<\/title>\n<meta name=\"description\" content=\"Ar gali tikroji meil\u0117 ateiti ne laiku? Anitos gyvenimas yra ai\u0161kiai suplanuotas. Vilniaus universitete ji studijuoja medicin\u0105, teliko i\u0161laikyti\" \/>\n<meta name=\"robots\" content=\"index, follow, max-snippet:-1, max-image-preview:large, max-video-preview:-1\" \/>\n<link rel=\"canonical\" href=\"https:\/\/skaitytaknyga.lt\/en\/produktas\/tapk-ragana-jei-nori\/\" \/>\n<meta property=\"og:locale\" content=\"en_GB\" \/>\n<meta property=\"og:locale:alternate\" content=\"lt_LT\" \/>\n<meta property=\"og:type\" content=\"article\" \/>\n<meta property=\"og:title\" content=\"TAPK RAGANA (jei nori)\" \/>\n<meta property=\"og:description\" content=\"Ar gali tikroji meil\u0117 ateiti ne laiku? Anitos gyvenimas yra ai\u0161kiai suplanuotas. Vilniaus universitete ji studijuoja medicin\u0105, teliko i\u0161laikyti\" \/>\n<meta property=\"og:url\" content=\"https:\/\/skaitytaknyga.lt\/en\/produktas\/tapk-ragana-jei-nori\/\" \/>\n<meta property=\"og:site_name\" content=\"Skaitytaknyga\" \/>\n<meta property=\"article:publisher\" content=\"https:\/\/www.facebook.com\/skaitytaknyga\/\" \/>\n<meta property=\"article:modified_time\" content=\"2026-04-01T08:53:34+00:00\" \/>\n<meta property=\"og:image\" content=\"https:\/\/skaitytaknyga.lt\/wp-content\/uploads\/2026\/03\/tapk-ragana-e1775030692470.webp\" \/>\n\t<meta property=\"og:image:width\" content=\"400\" \/>\n\t<meta property=\"og:image:height\" content=\"592\" \/>\n\t<meta property=\"og:image:type\" content=\"image\/webp\" \/>\n<meta name=\"twitter:card\" content=\"summary_large_image\" \/>\n<meta name=\"twitter:label1\" content=\"Estimated reading time\" \/>\n\t<meta name=\"twitter:data1\" content=\"2 minutes\" \/>\n<script type=\"application\/ld+json\" class=\"yoast-schema-graph\">{\"@context\":\"https:\/\/schema.org\",\"@graph\":[{\"@type\":\"WebPage\",\"@id\":\"https:\/\/skaitytaknyga.lt\/produktas\/tapk-ragana-jei-nori\/\",\"url\":\"https:\/\/skaitytaknyga.lt\/produktas\/tapk-ragana-jei-nori\/\",\"name\":\"TAPK RAGANA (jei nori)\",\"isPartOf\":{\"@id\":\"https:\/\/skaitytaknyga.lt\/#website\"},\"primaryImageOfPage\":{\"@id\":\"https:\/\/skaitytaknyga.lt\/produktas\/tapk-ragana-jei-nori\/#primaryimage\"},\"image\":{\"@id\":\"https:\/\/skaitytaknyga.lt\/produktas\/tapk-ragana-jei-nori\/#primaryimage\"},\"thumbnailUrl\":\"https:\/\/skaitytaknyga.lt\/wp-content\/uploads\/2026\/03\/tapk-ragana-e1775030692470.webp\",\"datePublished\":\"2026-03-24T10:07:46+00:00\",\"dateModified\":\"2026-04-01T08:53:34+00:00\",\"description\":\"Ar gali tikroji meil\u0117 ateiti ne laiku? Anitos gyvenimas yra ai\u0161kiai suplanuotas. Vilniaus universitete ji studijuoja medicin\u0105, teliko i\u0161laikyti\",\"breadcrumb\":{\"@id\":\"https:\/\/skaitytaknyga.lt\/produktas\/tapk-ragana-jei-nori\/#breadcrumb\"},\"inLanguage\":\"en-GB\",\"potentialAction\":[{\"@type\":\"ReadAction\",\"target\":[\"https:\/\/skaitytaknyga.lt\/produktas\/tapk-ragana-jei-nori\/\"]}]},{\"@type\":\"ImageObject\",\"inLanguage\":\"en-GB\",\"@id\":\"https:\/\/skaitytaknyga.lt\/produktas\/tapk-ragana-jei-nori\/#primaryimage\",\"url\":\"https:\/\/skaitytaknyga.lt\/wp-content\/uploads\/2026\/03\/tapk-ragana-e1775030692470.webp\",\"contentUrl\":\"https:\/\/skaitytaknyga.lt\/wp-content\/uploads\/2026\/03\/tapk-ragana-e1775030692470.webp\",\"width\":400,\"height\":592,\"caption\":\"tapk ragana\"},{\"@type\":\"BreadcrumbList\",\"@id\":\"https:\/\/skaitytaknyga.lt\/produktas\/tapk-ragana-jei-nori\/#breadcrumb\",\"itemListElement\":[{\"@type\":\"ListItem\",\"position\":1,\"name\":\"Home\",\"item\":\"https:\/\/skaitytaknyga.lt\/\"},{\"@type\":\"ListItem\",\"position\":2,\"name\":\"Parduotuv\u0117\",\"item\":\"https:\/\/skaitytaknyga.lt\/knygu-parduotuve\/\"},{\"@type\":\"ListItem\",\"position\":3,\"name\":\"TAPK RAGANA (jei nori)\"}]},{\"@type\":\"WebSite\",\"@id\":\"https:\/\/skaitytaknyga.lt\/#website\",\"url\":\"https:\/\/skaitytaknyga.lt\/\",\"name\":\"skaitytaknyga.lt\",\"description\":\"Skaitytaknyga.lt \u2013 tai ma\u017eas \u0161eimos verslas, kuris prasid\u0117jo nuo meil\u0117s knygoms ir siekio i\u0161gelb\u0117ti knygas nuo likimo prie konteinerio. Kas vienam nereikalingas daiktas \u2013 kitam lobis, o mes esame tarpininkai, kurie padeda abiems tapti laimingesniems ???? \u017dinome kaip nelengva i\u0161gyventi ma\u017eiems verslams, tad nuo \u0161iol, \u010dia rasite ir kit\u0173, ma\u017e\u0173 \u0161eim\u0173 versl\u0173, rank\u0173 darbo, dovan\u0173 sau ir artimiesiems.\",\"publisher\":{\"@id\":\"https:\/\/skaitytaknyga.lt\/#organization\"},\"potentialAction\":[{\"@type\":\"SearchAction\",\"target\":{\"@type\":\"EntryPoint\",\"urlTemplate\":\"https:\/\/skaitytaknyga.lt\/?s={search_term_string}\"},\"query-input\":{\"@type\":\"PropertyValueSpecification\",\"valueRequired\":true,\"valueName\":\"search_term_string\"}}],\"inLanguage\":\"en-GB\"},{\"@type\":\"Organization\",\"@id\":\"https:\/\/skaitytaknyga.lt\/#organization\",\"name\":\"skaitytaknyga.lt\",\"url\":\"https:\/\/skaitytaknyga.lt\/\",\"logo\":{\"@type\":\"ImageObject\",\"inLanguage\":\"en-GB\",\"@id\":\"https:\/\/skaitytaknyga.lt\/#\/schema\/logo\/image\/\",\"url\":\"https:\/\/skaitytaknyga.lt\/wp-content\/uploads\/2024\/05\/cropped-cropped-cropped-02_00843_jt3bggkj1j3HLc7SyY6rEUpg.jpeg\",\"contentUrl\":\"https:\/\/skaitytaknyga.lt\/wp-content\/uploads\/2024\/05\/cropped-cropped-cropped-02_00843_jt3bggkj1j3HLc7SyY6rEUpg.jpeg\",\"width\":1600,\"height\":1600,\"caption\":\"skaitytaknyga.lt\"},\"image\":{\"@id\":\"https:\/\/skaitytaknyga.lt\/#\/schema\/logo\/image\/\"},\"sameAs\":[\"https:\/\/www.facebook.com\/skaitytaknyga\/\"]}]}<\/script>\n<!-- \/ Yoast SEO plugin. -->","yoast_head_json":{"title":"TAPK RAGANA (jei nori)","description":"Ar gali tikroji meil\u0117 ateiti ne laiku? Anitos gyvenimas yra ai\u0161kiai suplanuotas. Vilniaus universitete ji studijuoja medicin\u0105, teliko i\u0161laikyti","robots":{"index":"index","follow":"follow","max-snippet":"max-snippet:-1","max-image-preview":"max-image-preview:large","max-video-preview":"max-video-preview:-1"},"canonical":"https:\/\/skaitytaknyga.lt\/en\/produktas\/tapk-ragana-jei-nori\/","og_locale":"en_GB","og_type":"article","og_title":"[:lt]TAPK RAGANA (jei nori)[:] - Skaitytaknyga","og_description":"Ar gali tikroji meil\u0117 ateiti ne laiku? Anitos gyvenimas yra ai\u0161kiai suplanuotas. Vilniaus universitete ji studijuoja medicin\u0105, teliko i\u0161laikyti","og_url":"https:\/\/skaitytaknyga.lt\/en\/produktas\/tapk-ragana-jei-nori\/","og_site_name":"Skaitytaknyga","article_publisher":"https:\/\/www.facebook.com\/skaitytaknyga\/","article_modified_time":"2026-04-01T08:53:34+00:00","og_image":[{"width":400,"height":592,"url":"https:\/\/skaitytaknyga.lt\/wp-content\/uploads\/2026\/03\/tapk-ragana-e1775030692470.webp","type":"image\/webp"}],"twitter_card":"summary_large_image","twitter_misc":{"Estimated reading time":"2 minutes"},"schema":{"@context":"https:\/\/schema.org","@graph":[{"@type":"WebPage","@id":"https:\/\/skaitytaknyga.lt\/produktas\/tapk-ragana-jei-nori\/","url":"https:\/\/skaitytaknyga.lt\/produktas\/tapk-ragana-jei-nori\/","name":"TAPK RAGANA (jei nori)","isPartOf":{"@id":"https:\/\/skaitytaknyga.lt\/#website"},"primaryImageOfPage":{"@id":"https:\/\/skaitytaknyga.lt\/produktas\/tapk-ragana-jei-nori\/#primaryimage"},"image":{"@id":"https:\/\/skaitytaknyga.lt\/produktas\/tapk-ragana-jei-nori\/#primaryimage"},"thumbnailUrl":"https:\/\/skaitytaknyga.lt\/wp-content\/uploads\/2026\/03\/tapk-ragana-e1775030692470.webp","datePublished":"2026-03-24T10:07:46+00:00","dateModified":"2026-04-01T08:53:34+00:00","description":"Ar gali tikroji meil\u0117 ateiti ne laiku? Anitos gyvenimas yra ai\u0161kiai suplanuotas. Vilniaus universitete ji studijuoja medicin\u0105, teliko i\u0161laikyti","breadcrumb":{"@id":"https:\/\/skaitytaknyga.lt\/produktas\/tapk-ragana-jei-nori\/#breadcrumb"},"inLanguage":"en-GB","potentialAction":[{"@type":"ReadAction","target":["https:\/\/skaitytaknyga.lt\/produktas\/tapk-ragana-jei-nori\/"]}]},{"@type":"ImageObject","inLanguage":"en-GB","@id":"https:\/\/skaitytaknyga.lt\/produktas\/tapk-ragana-jei-nori\/#primaryimage","url":"https:\/\/skaitytaknyga.lt\/wp-content\/uploads\/2026\/03\/tapk-ragana-e1775030692470.webp","contentUrl":"https:\/\/skaitytaknyga.lt\/wp-content\/uploads\/2026\/03\/tapk-ragana-e1775030692470.webp","width":400,"height":592,"caption":"tapk ragana"},{"@type":"BreadcrumbList","@id":"https:\/\/skaitytaknyga.lt\/produktas\/tapk-ragana-jei-nori\/#breadcrumb","itemListElement":[{"@type":"ListItem","position":1,"name":"Home","item":"https:\/\/skaitytaknyga.lt\/"},{"@type":"ListItem","position":2,"name":"Parduotuv\u0117","item":"https:\/\/skaitytaknyga.lt\/knygu-parduotuve\/"},{"@type":"ListItem","position":3,"name":"TAPK RAGANA (jei nori)"}]},{"@type":"WebSite","@id":"https:\/\/skaitytaknyga.lt\/#website","url":"https:\/\/skaitytaknyga.lt\/","name":"skaitytaknyga.lt","description":"Skaitytaknyga.lt \u2013 tai ma\u017eas \u0161eimos verslas, kuris prasid\u0117jo nuo meil\u0117s knygoms ir siekio i\u0161gelb\u0117ti knygas nuo likimo prie konteinerio. Kas vienam nereikalingas daiktas \u2013 kitam lobis, o mes esame tarpininkai, kurie padeda abiems tapti laimingesniems ???? \u017dinome kaip nelengva i\u0161gyventi ma\u017eiems verslams, tad nuo \u0161iol, \u010dia rasite ir kit\u0173, ma\u017e\u0173 \u0161eim\u0173 versl\u0173, rank\u0173 darbo, dovan\u0173 sau ir artimiesiems.","publisher":{"@id":"https:\/\/skaitytaknyga.lt\/#organization"},"potentialAction":[{"@type":"SearchAction","target":{"@type":"EntryPoint","urlTemplate":"https:\/\/skaitytaknyga.lt\/?s={search_term_string}"},"query-input":{"@type":"PropertyValueSpecification","valueRequired":true,"valueName":"search_term_string"}}],"inLanguage":"en-GB"},{"@type":"Organization","@id":"https:\/\/skaitytaknyga.lt\/#organization","name":"skaitytaknyga.lt","url":"https:\/\/skaitytaknyga.lt\/","logo":{"@type":"ImageObject","inLanguage":"en-GB","@id":"https:\/\/skaitytaknyga.lt\/#\/schema\/logo\/image\/","url":"https:\/\/skaitytaknyga.lt\/wp-content\/uploads\/2024\/05\/cropped-cropped-cropped-02_00843_jt3bggkj1j3HLc7SyY6rEUpg.jpeg","contentUrl":"https:\/\/skaitytaknyga.lt\/wp-content\/uploads\/2024\/05\/cropped-cropped-cropped-02_00843_jt3bggkj1j3HLc7SyY6rEUpg.jpeg","width":1600,"height":1600,"caption":"skaitytaknyga.lt"},"image":{"@id":"https:\/\/skaitytaknyga.lt\/#\/schema\/logo\/image\/"},"sameAs":["https:\/\/www.facebook.com\/skaitytaknyga\/"]}]}},"_links":{"self":[{"href":"https:\/\/skaitytaknyga.lt\/en\/wp-json\/wp\/v2\/product\/25159","targetHints":{"allow":["GET"]}}],"collection":[{"href":"https:\/\/skaitytaknyga.lt\/en\/wp-json\/wp\/v2\/product"}],"about":[{"href":"https:\/\/skaitytaknyga.lt\/en\/wp-json\/wp\/v2\/types\/product"}],"replies":[{"embeddable":true,"href":"https:\/\/skaitytaknyga.lt\/en\/wp-json\/wp\/v2\/comments?post=25159"}],"wp:featuredmedia":[{"embeddable":true,"href":"https:\/\/skaitytaknyga.lt\/en\/wp-json\/wp\/v2\/media\/25343"}],"wp:attachment":[{"href":"https:\/\/skaitytaknyga.lt\/en\/wp-json\/wp\/v2\/media?parent=25159"}],"wp:term":[{"taxonomy":"product_brand","embeddable":true,"href":"https:\/\/skaitytaknyga.lt\/en\/wp-json\/wp\/v2\/product_brand?post=25159"},{"taxonomy":"product_cat","embeddable":true,"href":"https:\/\/skaitytaknyga.lt\/en\/wp-json\/wp\/v2\/product_cat?post=25159"},{"taxonomy":"product_tag","embeddable":true,"href":"https:\/\/skaitytaknyga.lt\/en\/wp-json\/wp\/v2\/product_tag?post=25159"}],"curies":[{"name":"wp","href":"https:\/\/api.w.org\/{rel}","templated":true}]}}