{"id":25158,"date":"2026-03-24T12:07:45","date_gmt":"2026-03-24T10:07:45","guid":{"rendered":"https:\/\/skaitytaknyga.lt\/?post_type=product&#038;p=25158"},"modified":"2026-04-01T11:53:34","modified_gmt":"2026-04-01T08:53:34","slug":"kazkas-prarasto-arba-penktoji-aveniu","status":"publish","type":"product","link":"https:\/\/skaitytaknyga.lt\/en\/produktas\/kazkas-prarasto-arba-penktoji-aveniu\/","title":{"rendered":"KA\u017dKAS PRARASTO, arba PENKTOJI AVENIU"},"content":{"rendered":"<p>\u017dvarbi\u0105 \u017eiemos dien\u0105 u\u017e kampo ding\u0119s geltonas taksi i\u0161sive\u017e\u0117 ne tik raudonplauk\u0119 Jum\u0105. I\u0161sive\u017e\u0117 ir i\u0161lepusio milijonieriaus Danielio Silverio \u0161ird\u012f. \u0160ird\u012f, kuri, atrod\u0117, niekada nesugeb\u0117s myl\u0117ti.<\/p>\n<p>U\u017ekariauti \u017eavi\u0105 padav\u0117j\u0105 Danieliui Silveriui atrod\u0117 nuotykis. Ka\u017ekas naujo nuobod\u017eioje turtuolio rutinoje. Neleido sau n\u0117 pagalvoti, kad paprasta mergina i\u0161 Arizonos pa\u017eadins jame tai, ko n\u0117 ne\u012ftar\u0117 tur\u012fs. Tik kai jau atrod\u0117, jog laim\u0117 ranka pasiekiama, Juma su\u017einojo ties\u0105. Ir toji tiesa i\u0161gin\u0117 j\u0105 i\u0161 Niujorko \u2013 kuo toliau nuo Danielio Silverio ir jo paslap\u010di\u0173.<\/p>\n<p>Dvi kraujuojan\u010dias \u0161irdis skiria t\u016bkstan\u010diai myli\u0173, klastingus planus rezga palikta su\u017ead\u0117tin\u0117, o nuo dar didesnio skausmo bando apsaugoti \u0161eima. Ta\u010diau Danielis Silveris neleid\u017eia sau pasiduoti be kovos. Jis turi susigr\u0105\u017einti Jumos pasitik\u0117jim\u0105 ir meil\u0119. Jis privalo sugr\u0105\u017einti j\u0105 \u012f Niujork\u0105 ir \u012f savo gyvenim\u0105&#8230;<\/p>\n","protected":false},"excerpt":{"rendered":"<p>\u017dvarbi\u0105 \u017eiemos dien\u0105 u\u017e kampo ding\u0119s geltonas taksi i\u0161sive\u017e\u0117 ne tik raudonplauk\u0119 Jum\u0105. I\u0161sive\u017e\u0117 ir i\u0161lepusio milijonieriaus Danielio Silverio \u0161ird\u012f. \u0160ird\u012f, kuri, atrod\u0117, niekada nesugeb\u0117s myl\u0117ti. U\u017ekariauti \u017eavi\u0105 padav\u0117j\u0105 Danieliui Silveriui atrod\u0117 nuotykis. Ka\u017ekas naujo nuobod\u017eioje turtuolio rutinoje. Neleido sau n\u0117 pagalvoti, kad paprasta mergina i\u0161 Arizonos pa\u017eadins jame tai, ko n\u0117 ne\u012ftar\u0117 tur\u012fs. Tik kai jau atrod\u0117, jog laim\u0117 ranka pasiekiama, Juma su\u017einojo ties\u0105. Ir toji tiesa i\u0161gin\u0117 j\u0105 i\u0161 Niujorko \u2013 kuo toliau nuo Danielio Silverio ir jo paslap\u010di\u0173. Dvi kraujuojan\u010dias \u0161irdis skiria t\u016bkstan\u010diai myli\u0173, klastingus planus rezga palikta su\u017ead\u0117tin\u0117, o nuo dar didesnio skausmo bando apsaugoti \u0161eima. Ta\u010diau Danielis Silveris neleid\u017eia sau pasiduoti be kovos. Jis turi susigr\u0105\u017einti Jumos pasitik\u0117jim\u0105 ir meil\u0119. Jis privalo sugr\u0105\u017einti j\u0105 \u012f Niujork\u0105 ir \u012f savo gyvenim\u0105&#8230;<\/p>\n","protected":false},"featured_media":25345,"comment_status":"open","ping_status":"closed","template":"","meta":{"_acf_changed":false,"site-sidebar-layout":"default","site-content-layout":"","ast-site-content-layout":"default","site-content-style":"default","site-sidebar-style":"default","ast-global-header-display":"","ast-banner-title-visibility":"","ast-main-header-display":"","ast-hfb-above-header-display":"","ast-hfb-below-header-display":"","ast-hfb-mobile-header-display":"","site-post-title":"","ast-breadcrumbs-content":"","ast-featured-img":"","footer-sml-layout":"","ast-disable-related-posts":"","theme-transparent-header-meta":"default","adv-header-id-meta":"","stick-header-meta":"","header-above-stick-meta":"","header-main-stick-meta":"","header-below-stick-meta":"","astra-migrate-meta-layouts":"set","ast-page-background-enabled":"default","ast-page-background-meta":{"desktop":{"background-color":"","background-image":"","background-repeat":"repeat","background-position":"center center","background-size":"auto","background-attachment":"scroll","background-type":"","background-media":"","overlay-type":"","overlay-color":"","overlay-opacity":"","overlay-gradient":""},"tablet":{"background-color":"","background-image":"","background-repeat":"repeat","background-position":"center center","background-size":"auto","background-attachment":"scroll","background-type":"","background-media":"","overlay-type":"","overlay-color":"","overlay-opacity":"","overlay-gradient":""},"mobile":{"background-color":"","background-image":"","background-repeat":"repeat","background-position":"center center","background-size":"auto","background-attachment":"scroll","background-type":"","background-media":"","overlay-type":"","overlay-color":"","overlay-opacity":"","overlay-gradient":""}},"ast-content-background-meta":{"desktop":{"background-color":"var(--ast-global-color-4)","background-image":"","background-repeat":"repeat","background-position":"center center","background-size":"auto","background-attachment":"scroll","background-type":"","background-media":"","overlay-type":"","overlay-color":"","overlay-opacity":"","overlay-gradient":""},"tablet":{"background-color":"var(--ast-global-color-4)","background-image":"","background-repeat":"repeat","background-position":"center center","background-size":"auto","background-attachment":"scroll","background-type":"","background-media":"","overlay-type":"","overlay-color":"","overlay-opacity":"","overlay-gradient":""},"mobile":{"background-color":"var(--ast-global-color-4)","background-image":"","background-repeat":"repeat","background-position":"center center","background-size":"auto","background-attachment":"scroll","background-type":"","background-media":"","overlay-type":"","overlay-color":"","overlay-opacity":"","overlay-gradient":""}}},"product_brand":[],"product_cat":[9583,9590,15],"product_tag":[],"class_list":{"0":"post-25158","1":"product","2":"type-product","3":"status-publish","4":"has-post-thumbnail","6":"product_cat-erotiniai-romanai","7":"product_cat-lietuviu-literatura","8":"product_cat-uncategorized","9":"desktop-align-left","10":"tablet-align-left","11":"mobile-align-left","13":"first","14":"instock","15":"shipping-taxable","16":"purchasable","17":"product-type-simple"},"acf":[],"yoast_head":"<!-- This site is optimized with the Yoast SEO plugin v27.0 - https:\/\/yoast.com\/product\/yoast-seo-wordpress\/ -->\n<title>KA\u017dKAS PRARASTO, arba PENKTOJI AVENIU<\/title>\n<meta name=\"description\" content=\"\u017dvarbi\u0105 \u017eiemos dien\u0105 u\u017e kampo ding\u0119s geltonas taksi i\u0161sive\u017e\u0117 ne tik raudonplauk\u0119 Jum\u0105. I\u0161sive\u017e\u0117 ir i\u0161lepusio milijonieriaus Danielio Silverio \u0161ird\u012f.\" \/>\n<meta name=\"robots\" content=\"index, follow, max-snippet:-1, max-image-preview:large, max-video-preview:-1\" \/>\n<link rel=\"canonical\" href=\"https:\/\/skaitytaknyga.lt\/en\/produktas\/kazkas-prarasto-arba-penktoji-aveniu\/\" \/>\n<meta property=\"og:locale\" content=\"en_GB\" \/>\n<meta property=\"og:locale:alternate\" content=\"lt_LT\" \/>\n<meta property=\"og:type\" content=\"article\" \/>\n<meta property=\"og:title\" content=\"KA\u017dKAS PRARASTO, arba PENKTOJI AVENIU\" \/>\n<meta property=\"og:description\" content=\"\u017dvarbi\u0105 \u017eiemos dien\u0105 u\u017e kampo ding\u0119s geltonas taksi i\u0161sive\u017e\u0117 ne tik raudonplauk\u0119 Jum\u0105. I\u0161sive\u017e\u0117 ir i\u0161lepusio milijonieriaus Danielio Silverio \u0161ird\u012f.\" \/>\n<meta property=\"og:url\" content=\"https:\/\/skaitytaknyga.lt\/en\/produktas\/kazkas-prarasto-arba-penktoji-aveniu\/\" \/>\n<meta property=\"og:site_name\" content=\"Skaitytaknyga\" \/>\n<meta property=\"article:publisher\" content=\"https:\/\/www.facebook.com\/skaitytaknyga\/\" \/>\n<meta property=\"article:modified_time\" content=\"2026-04-01T08:53:34+00:00\" \/>\n<meta property=\"og:image\" content=\"https:\/\/skaitytaknyga.lt\/wp-content\/uploads\/2026\/03\/KAZKAS-PRARASTO-arba-PENKTOJI-AVENIU.webp\" \/>\n\t<meta property=\"og:image:width\" content=\"360\" \/>\n\t<meta property=\"og:image:height\" content=\"530\" \/>\n\t<meta property=\"og:image:type\" content=\"image\/webp\" \/>\n<meta name=\"twitter:card\" content=\"summary_large_image\" \/>\n<meta name=\"twitter:label1\" content=\"Estimated reading time\" \/>\n\t<meta name=\"twitter:data1\" content=\"1 minute\" \/>\n<script type=\"application\/ld+json\" class=\"yoast-schema-graph\">{\"@context\":\"https:\/\/schema.org\",\"@graph\":[{\"@type\":\"WebPage\",\"@id\":\"https:\/\/skaitytaknyga.lt\/produktas\/kazkas-prarasto-arba-penktoji-aveniu\/\",\"url\":\"https:\/\/skaitytaknyga.lt\/produktas\/kazkas-prarasto-arba-penktoji-aveniu\/\",\"name\":\"KA\u017dKAS PRARASTO, arba PENKTOJI AVENIU\",\"isPartOf\":{\"@id\":\"https:\/\/skaitytaknyga.lt\/#website\"},\"primaryImageOfPage\":{\"@id\":\"https:\/\/skaitytaknyga.lt\/produktas\/kazkas-prarasto-arba-penktoji-aveniu\/#primaryimage\"},\"image\":{\"@id\":\"https:\/\/skaitytaknyga.lt\/produktas\/kazkas-prarasto-arba-penktoji-aveniu\/#primaryimage\"},\"thumbnailUrl\":\"https:\/\/skaitytaknyga.lt\/wp-content\/uploads\/2026\/03\/KAZKAS-PRARASTO-arba-PENKTOJI-AVENIU.webp\",\"datePublished\":\"2026-03-24T10:07:45+00:00\",\"dateModified\":\"2026-04-01T08:53:34+00:00\",\"description\":\"\u017dvarbi\u0105 \u017eiemos dien\u0105 u\u017e kampo ding\u0119s geltonas taksi i\u0161sive\u017e\u0117 ne tik raudonplauk\u0119 Jum\u0105. I\u0161sive\u017e\u0117 ir i\u0161lepusio milijonieriaus Danielio Silverio \u0161ird\u012f.\",\"breadcrumb\":{\"@id\":\"https:\/\/skaitytaknyga.lt\/produktas\/kazkas-prarasto-arba-penktoji-aveniu\/#breadcrumb\"},\"inLanguage\":\"en-GB\",\"potentialAction\":[{\"@type\":\"ReadAction\",\"target\":[\"https:\/\/skaitytaknyga.lt\/produktas\/kazkas-prarasto-arba-penktoji-aveniu\/\"]}]},{\"@type\":\"ImageObject\",\"inLanguage\":\"en-GB\",\"@id\":\"https:\/\/skaitytaknyga.lt\/produktas\/kazkas-prarasto-arba-penktoji-aveniu\/#primaryimage\",\"url\":\"https:\/\/skaitytaknyga.lt\/wp-content\/uploads\/2026\/03\/KAZKAS-PRARASTO-arba-PENKTOJI-AVENIU.webp\",\"contentUrl\":\"https:\/\/skaitytaknyga.lt\/wp-content\/uploads\/2026\/03\/KAZKAS-PRARASTO-arba-PENKTOJI-AVENIU.webp\",\"width\":360,\"height\":530,\"caption\":\"KA\u017dKAS PRARASTO, arba PENKTOJI AVENIU\"},{\"@type\":\"BreadcrumbList\",\"@id\":\"https:\/\/skaitytaknyga.lt\/produktas\/kazkas-prarasto-arba-penktoji-aveniu\/#breadcrumb\",\"itemListElement\":[{\"@type\":\"ListItem\",\"position\":1,\"name\":\"Home\",\"item\":\"https:\/\/skaitytaknyga.lt\/\"},{\"@type\":\"ListItem\",\"position\":2,\"name\":\"Parduotuv\u0117\",\"item\":\"https:\/\/skaitytaknyga.lt\/knygu-parduotuve\/\"},{\"@type\":\"ListItem\",\"position\":3,\"name\":\"KA\u017dKAS PRARASTO, arba PENKTOJI AVENIU\"}]},{\"@type\":\"WebSite\",\"@id\":\"https:\/\/skaitytaknyga.lt\/#website\",\"url\":\"https:\/\/skaitytaknyga.lt\/\",\"name\":\"skaitytaknyga.lt\",\"description\":\"Skaitytaknyga.lt \u2013 tai ma\u017eas \u0161eimos verslas, kuris prasid\u0117jo nuo meil\u0117s knygoms ir siekio i\u0161gelb\u0117ti knygas nuo likimo prie konteinerio. Kas vienam nereikalingas daiktas \u2013 kitam lobis, o mes esame tarpininkai, kurie padeda abiems tapti laimingesniems ???? \u017dinome kaip nelengva i\u0161gyventi ma\u017eiems verslams, tad nuo \u0161iol, \u010dia rasite ir kit\u0173, ma\u017e\u0173 \u0161eim\u0173 versl\u0173, rank\u0173 darbo, dovan\u0173 sau ir artimiesiems.\",\"publisher\":{\"@id\":\"https:\/\/skaitytaknyga.lt\/#organization\"},\"potentialAction\":[{\"@type\":\"SearchAction\",\"target\":{\"@type\":\"EntryPoint\",\"urlTemplate\":\"https:\/\/skaitytaknyga.lt\/?s={search_term_string}\"},\"query-input\":{\"@type\":\"PropertyValueSpecification\",\"valueRequired\":true,\"valueName\":\"search_term_string\"}}],\"inLanguage\":\"en-GB\"},{\"@type\":\"Organization\",\"@id\":\"https:\/\/skaitytaknyga.lt\/#organization\",\"name\":\"skaitytaknyga.lt\",\"url\":\"https:\/\/skaitytaknyga.lt\/\",\"logo\":{\"@type\":\"ImageObject\",\"inLanguage\":\"en-GB\",\"@id\":\"https:\/\/skaitytaknyga.lt\/#\/schema\/logo\/image\/\",\"url\":\"https:\/\/skaitytaknyga.lt\/wp-content\/uploads\/2024\/05\/cropped-cropped-cropped-02_00843_jt3bggkj1j3HLc7SyY6rEUpg.jpeg\",\"contentUrl\":\"https:\/\/skaitytaknyga.lt\/wp-content\/uploads\/2024\/05\/cropped-cropped-cropped-02_00843_jt3bggkj1j3HLc7SyY6rEUpg.jpeg\",\"width\":1600,\"height\":1600,\"caption\":\"skaitytaknyga.lt\"},\"image\":{\"@id\":\"https:\/\/skaitytaknyga.lt\/#\/schema\/logo\/image\/\"},\"sameAs\":[\"https:\/\/www.facebook.com\/skaitytaknyga\/\"]}]}<\/script>\n<!-- \/ Yoast SEO plugin. -->","yoast_head_json":{"title":"KA\u017dKAS PRARASTO, arba PENKTOJI AVENIU","description":"\u017dvarbi\u0105 \u017eiemos dien\u0105 u\u017e kampo ding\u0119s geltonas taksi i\u0161sive\u017e\u0117 ne tik raudonplauk\u0119 Jum\u0105. I\u0161sive\u017e\u0117 ir i\u0161lepusio milijonieriaus Danielio Silverio \u0161ird\u012f.","robots":{"index":"index","follow":"follow","max-snippet":"max-snippet:-1","max-image-preview":"max-image-preview:large","max-video-preview":"max-video-preview:-1"},"canonical":"https:\/\/skaitytaknyga.lt\/en\/produktas\/kazkas-prarasto-arba-penktoji-aveniu\/","og_locale":"en_GB","og_type":"article","og_title":"[:lt]KA\u017dKAS PRARASTO, arba PENKTOJI AVENIU[:] - Skaitytaknyga","og_description":"\u017dvarbi\u0105 \u017eiemos dien\u0105 u\u017e kampo ding\u0119s geltonas taksi i\u0161sive\u017e\u0117 ne tik raudonplauk\u0119 Jum\u0105. I\u0161sive\u017e\u0117 ir i\u0161lepusio milijonieriaus Danielio Silverio \u0161ird\u012f.","og_url":"https:\/\/skaitytaknyga.lt\/en\/produktas\/kazkas-prarasto-arba-penktoji-aveniu\/","og_site_name":"Skaitytaknyga","article_publisher":"https:\/\/www.facebook.com\/skaitytaknyga\/","article_modified_time":"2026-04-01T08:53:34+00:00","og_image":[{"width":360,"height":530,"url":"https:\/\/skaitytaknyga.lt\/wp-content\/uploads\/2026\/03\/KAZKAS-PRARASTO-arba-PENKTOJI-AVENIU.webp","type":"image\/webp"}],"twitter_card":"summary_large_image","twitter_misc":{"Estimated reading time":"1 minute"},"schema":{"@context":"https:\/\/schema.org","@graph":[{"@type":"WebPage","@id":"https:\/\/skaitytaknyga.lt\/produktas\/kazkas-prarasto-arba-penktoji-aveniu\/","url":"https:\/\/skaitytaknyga.lt\/produktas\/kazkas-prarasto-arba-penktoji-aveniu\/","name":"KA\u017dKAS PRARASTO, arba PENKTOJI AVENIU","isPartOf":{"@id":"https:\/\/skaitytaknyga.lt\/#website"},"primaryImageOfPage":{"@id":"https:\/\/skaitytaknyga.lt\/produktas\/kazkas-prarasto-arba-penktoji-aveniu\/#primaryimage"},"image":{"@id":"https:\/\/skaitytaknyga.lt\/produktas\/kazkas-prarasto-arba-penktoji-aveniu\/#primaryimage"},"thumbnailUrl":"https:\/\/skaitytaknyga.lt\/wp-content\/uploads\/2026\/03\/KAZKAS-PRARASTO-arba-PENKTOJI-AVENIU.webp","datePublished":"2026-03-24T10:07:45+00:00","dateModified":"2026-04-01T08:53:34+00:00","description":"\u017dvarbi\u0105 \u017eiemos dien\u0105 u\u017e kampo ding\u0119s geltonas taksi i\u0161sive\u017e\u0117 ne tik raudonplauk\u0119 Jum\u0105. I\u0161sive\u017e\u0117 ir i\u0161lepusio milijonieriaus Danielio Silverio \u0161ird\u012f.","breadcrumb":{"@id":"https:\/\/skaitytaknyga.lt\/produktas\/kazkas-prarasto-arba-penktoji-aveniu\/#breadcrumb"},"inLanguage":"en-GB","potentialAction":[{"@type":"ReadAction","target":["https:\/\/skaitytaknyga.lt\/produktas\/kazkas-prarasto-arba-penktoji-aveniu\/"]}]},{"@type":"ImageObject","inLanguage":"en-GB","@id":"https:\/\/skaitytaknyga.lt\/produktas\/kazkas-prarasto-arba-penktoji-aveniu\/#primaryimage","url":"https:\/\/skaitytaknyga.lt\/wp-content\/uploads\/2026\/03\/KAZKAS-PRARASTO-arba-PENKTOJI-AVENIU.webp","contentUrl":"https:\/\/skaitytaknyga.lt\/wp-content\/uploads\/2026\/03\/KAZKAS-PRARASTO-arba-PENKTOJI-AVENIU.webp","width":360,"height":530,"caption":"KA\u017dKAS PRARASTO, arba PENKTOJI AVENIU"},{"@type":"BreadcrumbList","@id":"https:\/\/skaitytaknyga.lt\/produktas\/kazkas-prarasto-arba-penktoji-aveniu\/#breadcrumb","itemListElement":[{"@type":"ListItem","position":1,"name":"Home","item":"https:\/\/skaitytaknyga.lt\/"},{"@type":"ListItem","position":2,"name":"Parduotuv\u0117","item":"https:\/\/skaitytaknyga.lt\/knygu-parduotuve\/"},{"@type":"ListItem","position":3,"name":"KA\u017dKAS PRARASTO, arba PENKTOJI AVENIU"}]},{"@type":"WebSite","@id":"https:\/\/skaitytaknyga.lt\/#website","url":"https:\/\/skaitytaknyga.lt\/","name":"skaitytaknyga.lt","description":"Skaitytaknyga.lt \u2013 tai ma\u017eas \u0161eimos verslas, kuris prasid\u0117jo nuo meil\u0117s knygoms ir siekio i\u0161gelb\u0117ti knygas nuo likimo prie konteinerio. Kas vienam nereikalingas daiktas \u2013 kitam lobis, o mes esame tarpininkai, kurie padeda abiems tapti laimingesniems ???? \u017dinome kaip nelengva i\u0161gyventi ma\u017eiems verslams, tad nuo \u0161iol, \u010dia rasite ir kit\u0173, ma\u017e\u0173 \u0161eim\u0173 versl\u0173, rank\u0173 darbo, dovan\u0173 sau ir artimiesiems.","publisher":{"@id":"https:\/\/skaitytaknyga.lt\/#organization"},"potentialAction":[{"@type":"SearchAction","target":{"@type":"EntryPoint","urlTemplate":"https:\/\/skaitytaknyga.lt\/?s={search_term_string}"},"query-input":{"@type":"PropertyValueSpecification","valueRequired":true,"valueName":"search_term_string"}}],"inLanguage":"en-GB"},{"@type":"Organization","@id":"https:\/\/skaitytaknyga.lt\/#organization","name":"skaitytaknyga.lt","url":"https:\/\/skaitytaknyga.lt\/","logo":{"@type":"ImageObject","inLanguage":"en-GB","@id":"https:\/\/skaitytaknyga.lt\/#\/schema\/logo\/image\/","url":"https:\/\/skaitytaknyga.lt\/wp-content\/uploads\/2024\/05\/cropped-cropped-cropped-02_00843_jt3bggkj1j3HLc7SyY6rEUpg.jpeg","contentUrl":"https:\/\/skaitytaknyga.lt\/wp-content\/uploads\/2024\/05\/cropped-cropped-cropped-02_00843_jt3bggkj1j3HLc7SyY6rEUpg.jpeg","width":1600,"height":1600,"caption":"skaitytaknyga.lt"},"image":{"@id":"https:\/\/skaitytaknyga.lt\/#\/schema\/logo\/image\/"},"sameAs":["https:\/\/www.facebook.com\/skaitytaknyga\/"]}]}},"_links":{"self":[{"href":"https:\/\/skaitytaknyga.lt\/en\/wp-json\/wp\/v2\/product\/25158","targetHints":{"allow":["GET"]}}],"collection":[{"href":"https:\/\/skaitytaknyga.lt\/en\/wp-json\/wp\/v2\/product"}],"about":[{"href":"https:\/\/skaitytaknyga.lt\/en\/wp-json\/wp\/v2\/types\/product"}],"replies":[{"embeddable":true,"href":"https:\/\/skaitytaknyga.lt\/en\/wp-json\/wp\/v2\/comments?post=25158"}],"wp:featuredmedia":[{"embeddable":true,"href":"https:\/\/skaitytaknyga.lt\/en\/wp-json\/wp\/v2\/media\/25345"}],"wp:attachment":[{"href":"https:\/\/skaitytaknyga.lt\/en\/wp-json\/wp\/v2\/media?parent=25158"}],"wp:term":[{"taxonomy":"product_brand","embeddable":true,"href":"https:\/\/skaitytaknyga.lt\/en\/wp-json\/wp\/v2\/product_brand?post=25158"},{"taxonomy":"product_cat","embeddable":true,"href":"https:\/\/skaitytaknyga.lt\/en\/wp-json\/wp\/v2\/product_cat?post=25158"},{"taxonomy":"product_tag","embeddable":true,"href":"https:\/\/skaitytaknyga.lt\/en\/wp-json\/wp\/v2\/product_tag?post=25158"}],"curies":[{"name":"wp","href":"https:\/\/api.w.org\/{rel}","templated":true}]}}