{"id":25157,"date":"2026-03-24T12:07:45","date_gmt":"2026-03-24T10:07:45","guid":{"rendered":"https:\/\/skaitytaknyga.lt\/?post_type=product&#038;p=25157"},"modified":"2026-04-01T11:53:34","modified_gmt":"2026-04-01T08:53:34","slug":"kazkas-naujo-arba-47a","status":"publish","type":"product","link":"https:\/\/skaitytaknyga.lt\/en\/produktas\/kazkas-naujo-arba-47a\/","title":{"rendered":"KA\u017dKAS NAUJO, arba 47A"},"content":{"rendered":"<div><em>\u201eKnygos \u2013 lengviausias b\u016bdas keliauti. Kad atsidurtum\u0117te atogr\u0105\u017e\u0173 kaitra alsuojan\u010diose d\u017eiungl\u0117se ar toli u\u017e poliarinio rato, jums neprireiks krautis lagamin\u0173. Neteks pak\u0119sti pikto kaimyno l\u0117ktuve ar knarkian\u010dio d\u0117d\u0117s traukinio kup\u0117. Net zyziantys vaikai netrukdys, nes \u012f \u0161i\u0105 kelion\u0119 j\u016bs leisit\u0117s viena. \u012esitaisiusi ant mink\u0161tos sofos ar saul\u0117toje terasoje. Su puodeliu \u017eemuogi\u0173 arbatos ar taure v\u0117saus vyno rankoje.<\/em><\/div>\n<p><em>Taip, \u017einote, apie k\u0105 a\u0161 kalbu, tod\u0117l leiskite jus pakviesti \u012f tolim\u0105j\u0105 Amerik\u0105. \u012e Niujork\u0105, kur prasideda nauja, tik jums skirta istorija&#8230;&#8221;<\/em><\/p>\n<p>Donata Kontenien\u0117<\/p>\n<p>Milijonieriui Danieliui Silveriui pabodo auk\u0161tuomen\u0117s gyvenimas, prabangos teikiami malonumai ir perkamos moterys. Jis nor\u0117t\u0173 ko nors visi\u0161kai naujo. Tik \u2013 ko? Atsakymu \u012f \u0161\u012f klausim\u0105 netik\u0117tai tampa ugniaplauk\u0117 Juma i\u0161 Arizonos.<\/p>\n<p>Galb\u016bt kada nors Juma bus garsi meninink\u0117. O kol kas ji ie\u0161ko padav\u0117jos darbo, kad gal\u0117t\u0173 sumok\u0117ti u\u017e ma\u017eo butuko Brukline nuom\u0105 ir savo vaikino al\u0173. Ji nuo\u0161irdi, paprasta, nesugadinta&#8230; B\u016btent tokia, kokios i\u0161lep\u0119s milijonierius dar nebuvo sutik\u0119s.<\/p>\n<p>Ir Danielis Silveris sukurpia tobul\u0105 plan\u0105, kaip gauti tai, ko nori.<\/p>\n<p>Ta\u010diau tobulame savo plane jis kai ko nenumat\u0117&#8230;<\/p>\n","protected":false},"excerpt":{"rendered":"<p>\u201eKnygos \u2013 lengviausias b\u016bdas keliauti. Kad atsidurtum\u0117te atogr\u0105\u017e\u0173 kaitra alsuojan\u010diose d\u017eiungl\u0117se ar toli u\u017e poliarinio rato, jums neprireiks krautis lagamin\u0173. Neteks pak\u0119sti pikto kaimyno l\u0117ktuve ar knarkian\u010dio d\u0117d\u0117s traukinio kup\u0117. Net zyziantys vaikai netrukdys, nes \u012f \u0161i\u0105 kelion\u0119 j\u016bs leisit\u0117s viena. \u012esitaisiusi ant mink\u0161tos sofos ar saul\u0117toje terasoje. Su puodeliu \u017eemuogi\u0173 arbatos ar taure v\u0117saus vyno rankoje. Taip, \u017einote, apie k\u0105 a\u0161 kalbu, tod\u0117l leiskite jus pakviesti \u012f tolim\u0105j\u0105 Amerik\u0105. \u012e Niujork\u0105, kur prasideda nauja, tik jums skirta istorija&#8230;&#8221; Donata Kontenien\u0117 Milijonieriui Danieliui Silveriui pabodo auk\u0161tuomen\u0117s gyvenimas, prabangos teikiami malonumai ir perkamos moterys. Jis nor\u0117t\u0173 ko nors visi\u0161kai naujo. Tik \u2013 ko? Atsakymu \u012f \u0161\u012f klausim\u0105 netik\u0117tai tampa ugniaplauk\u0117 Juma i\u0161 Arizonos. Galb\u016bt kada nors Juma bus garsi meninink\u0117. O kol kas ji ie\u0161ko padav\u0117jos darbo, kad gal\u0117t\u0173 sumok\u0117ti u\u017e ma\u017eo butuko Brukline nuom\u0105 ir savo vaikino al\u0173. Ji nuo\u0161irdi, paprasta, nesugadinta&#8230; B\u016btent tokia, kokios i\u0161lep\u0119s milijonierius dar nebuvo sutik\u0119s. Ir Danielis Silveris sukurpia tobul\u0105 plan\u0105, kaip gauti tai, ko nori. Ta\u010diau tobulame savo plane jis kai ko nenumat\u0117&#8230;<\/p>\n","protected":false},"featured_media":25344,"comment_status":"open","ping_status":"closed","template":"","meta":{"_acf_changed":false,"site-sidebar-layout":"default","site-content-layout":"","ast-site-content-layout":"default","site-content-style":"default","site-sidebar-style":"default","ast-global-header-display":"","ast-banner-title-visibility":"","ast-main-header-display":"","ast-hfb-above-header-display":"","ast-hfb-below-header-display":"","ast-hfb-mobile-header-display":"","site-post-title":"","ast-breadcrumbs-content":"","ast-featured-img":"","footer-sml-layout":"","ast-disable-related-posts":"","theme-transparent-header-meta":"default","adv-header-id-meta":"","stick-header-meta":"","header-above-stick-meta":"","header-main-stick-meta":"","header-below-stick-meta":"","astra-migrate-meta-layouts":"set","ast-page-background-enabled":"default","ast-page-background-meta":{"desktop":{"background-color":"","background-image":"","background-repeat":"repeat","background-position":"center center","background-size":"auto","background-attachment":"scroll","background-type":"","background-media":"","overlay-type":"","overlay-color":"","overlay-opacity":"","overlay-gradient":""},"tablet":{"background-color":"","background-image":"","background-repeat":"repeat","background-position":"center center","background-size":"auto","background-attachment":"scroll","background-type":"","background-media":"","overlay-type":"","overlay-color":"","overlay-opacity":"","overlay-gradient":""},"mobile":{"background-color":"","background-image":"","background-repeat":"repeat","background-position":"center center","background-size":"auto","background-attachment":"scroll","background-type":"","background-media":"","overlay-type":"","overlay-color":"","overlay-opacity":"","overlay-gradient":""}},"ast-content-background-meta":{"desktop":{"background-color":"var(--ast-global-color-4)","background-image":"","background-repeat":"repeat","background-position":"center center","background-size":"auto","background-attachment":"scroll","background-type":"","background-media":"","overlay-type":"","overlay-color":"","overlay-opacity":"","overlay-gradient":""},"tablet":{"background-color":"var(--ast-global-color-4)","background-image":"","background-repeat":"repeat","background-position":"center center","background-size":"auto","background-attachment":"scroll","background-type":"","background-media":"","overlay-type":"","overlay-color":"","overlay-opacity":"","overlay-gradient":""},"mobile":{"background-color":"var(--ast-global-color-4)","background-image":"","background-repeat":"repeat","background-position":"center center","background-size":"auto","background-attachment":"scroll","background-type":"","background-media":"","overlay-type":"","overlay-color":"","overlay-opacity":"","overlay-gradient":""}}},"product_brand":[],"product_cat":[9583,9590,15],"product_tag":[],"class_list":{"0":"post-25157","1":"product","2":"type-product","3":"status-publish","4":"has-post-thumbnail","6":"product_cat-erotiniai-romanai","7":"product_cat-lietuviu-literatura","8":"product_cat-uncategorized","9":"desktop-align-left","10":"tablet-align-left","11":"mobile-align-left","13":"first","14":"instock","15":"shipping-taxable","16":"purchasable","17":"product-type-simple"},"acf":[],"yoast_head":"<!-- This site is optimized with the Yoast SEO plugin v27.0 - https:\/\/yoast.com\/product\/yoast-seo-wordpress\/ -->\n<title>KA\u017dKAS NAUJO, arba 47A<\/title>\n<meta name=\"description\" content=\"\u201eKnygos \u2013 lengviausias b\u016bdas keliauti. Kad atsidurtum\u0117te atogr\u0105\u017e\u0173 kaitra alsuojan\u010diose d\u017eiungl\u0117se ar toli u\u017e poliarinio rato, jums neprireiks krautis\" \/>\n<meta name=\"robots\" content=\"index, follow, max-snippet:-1, max-image-preview:large, max-video-preview:-1\" \/>\n<link rel=\"canonical\" href=\"https:\/\/skaitytaknyga.lt\/en\/produktas\/kazkas-naujo-arba-47a\/\" \/>\n<meta property=\"og:locale\" content=\"en_GB\" \/>\n<meta property=\"og:locale:alternate\" content=\"lt_LT\" \/>\n<meta property=\"og:type\" content=\"article\" \/>\n<meta property=\"og:title\" content=\"KA\u017dKAS NAUJO, arba 47A\" \/>\n<meta property=\"og:description\" content=\"\u201eKnygos \u2013 lengviausias b\u016bdas keliauti. Kad atsidurtum\u0117te atogr\u0105\u017e\u0173 kaitra alsuojan\u010diose d\u017eiungl\u0117se ar toli u\u017e poliarinio rato, jums neprireiks krautis\" \/>\n<meta property=\"og:url\" content=\"https:\/\/skaitytaknyga.lt\/en\/produktas\/kazkas-naujo-arba-47a\/\" \/>\n<meta property=\"og:site_name\" content=\"Skaitytaknyga\" \/>\n<meta property=\"article:publisher\" content=\"https:\/\/www.facebook.com\/skaitytaknyga\/\" \/>\n<meta property=\"article:modified_time\" content=\"2026-04-01T08:53:34+00:00\" \/>\n<meta property=\"og:image\" content=\"https:\/\/skaitytaknyga.lt\/wp-content\/uploads\/2024\/07\/skaitytaknyga.png\" \/>\n\t<meta property=\"og:image:width\" content=\"747\" \/>\n\t<meta property=\"og:image:height\" content=\"496\" \/>\n\t<meta property=\"og:image:type\" content=\"image\/png\" \/>\n<meta name=\"twitter:card\" content=\"summary_large_image\" \/>\n<meta name=\"twitter:label1\" content=\"Estimated reading time\" \/>\n\t<meta name=\"twitter:data1\" content=\"2 minutes\" \/>\n<script type=\"application\/ld+json\" class=\"yoast-schema-graph\">{\"@context\":\"https:\/\/schema.org\",\"@graph\":[{\"@type\":\"WebPage\",\"@id\":\"https:\/\/skaitytaknyga.lt\/produktas\/kazkas-naujo-arba-47a\/\",\"url\":\"https:\/\/skaitytaknyga.lt\/produktas\/kazkas-naujo-arba-47a\/\",\"name\":\"KA\u017dKAS NAUJO, arba 47A\",\"isPartOf\":{\"@id\":\"https:\/\/skaitytaknyga.lt\/#website\"},\"primaryImageOfPage\":{\"@id\":\"https:\/\/skaitytaknyga.lt\/produktas\/kazkas-naujo-arba-47a\/#primaryimage\"},\"image\":{\"@id\":\"https:\/\/skaitytaknyga.lt\/produktas\/kazkas-naujo-arba-47a\/#primaryimage\"},\"thumbnailUrl\":\"https:\/\/skaitytaknyga.lt\/wp-content\/uploads\/2026\/03\/KAZKAS-NAUJO-arba-47A-e1775030994995.webp\",\"datePublished\":\"2026-03-24T10:07:45+00:00\",\"dateModified\":\"2026-04-01T08:53:34+00:00\",\"description\":\"\u201eKnygos \u2013 lengviausias b\u016bdas keliauti. Kad atsidurtum\u0117te atogr\u0105\u017e\u0173 kaitra alsuojan\u010diose d\u017eiungl\u0117se ar toli u\u017e poliarinio rato, jums neprireiks krautis\",\"breadcrumb\":{\"@id\":\"https:\/\/skaitytaknyga.lt\/produktas\/kazkas-naujo-arba-47a\/#breadcrumb\"},\"inLanguage\":\"en-GB\",\"potentialAction\":[{\"@type\":\"ReadAction\",\"target\":[\"https:\/\/skaitytaknyga.lt\/produktas\/kazkas-naujo-arba-47a\/\"]}]},{\"@type\":\"ImageObject\",\"inLanguage\":\"en-GB\",\"@id\":\"https:\/\/skaitytaknyga.lt\/produktas\/kazkas-naujo-arba-47a\/#primaryimage\",\"url\":\"https:\/\/skaitytaknyga.lt\/wp-content\/uploads\/2026\/03\/KAZKAS-NAUJO-arba-47A-e1775030994995.webp\",\"contentUrl\":\"https:\/\/skaitytaknyga.lt\/wp-content\/uploads\/2026\/03\/KAZKAS-NAUJO-arba-47A-e1775030994995.webp\",\"width\":350,\"height\":445,\"caption\":\"KA\u017dKAS NAUJO, arba 47A\"},{\"@type\":\"BreadcrumbList\",\"@id\":\"https:\/\/skaitytaknyga.lt\/produktas\/kazkas-naujo-arba-47a\/#breadcrumb\",\"itemListElement\":[{\"@type\":\"ListItem\",\"position\":1,\"name\":\"Home\",\"item\":\"https:\/\/skaitytaknyga.lt\/\"},{\"@type\":\"ListItem\",\"position\":2,\"name\":\"Parduotuv\u0117\",\"item\":\"https:\/\/skaitytaknyga.lt\/knygu-parduotuve\/\"},{\"@type\":\"ListItem\",\"position\":3,\"name\":\"KA\u017dKAS NAUJO, arba 47A\"}]},{\"@type\":\"WebSite\",\"@id\":\"https:\/\/skaitytaknyga.lt\/#website\",\"url\":\"https:\/\/skaitytaknyga.lt\/\",\"name\":\"skaitytaknyga.lt\",\"description\":\"Skaitytaknyga.lt \u2013 tai ma\u017eas \u0161eimos verslas, kuris prasid\u0117jo nuo meil\u0117s knygoms ir siekio i\u0161gelb\u0117ti knygas nuo likimo prie konteinerio. Kas vienam nereikalingas daiktas \u2013 kitam lobis, o mes esame tarpininkai, kurie padeda abiems tapti laimingesniems ???? \u017dinome kaip nelengva i\u0161gyventi ma\u017eiems verslams, tad nuo \u0161iol, \u010dia rasite ir kit\u0173, ma\u017e\u0173 \u0161eim\u0173 versl\u0173, rank\u0173 darbo, dovan\u0173 sau ir artimiesiems.\",\"publisher\":{\"@id\":\"https:\/\/skaitytaknyga.lt\/#organization\"},\"potentialAction\":[{\"@type\":\"SearchAction\",\"target\":{\"@type\":\"EntryPoint\",\"urlTemplate\":\"https:\/\/skaitytaknyga.lt\/?s={search_term_string}\"},\"query-input\":{\"@type\":\"PropertyValueSpecification\",\"valueRequired\":true,\"valueName\":\"search_term_string\"}}],\"inLanguage\":\"en-GB\"},{\"@type\":\"Organization\",\"@id\":\"https:\/\/skaitytaknyga.lt\/#organization\",\"name\":\"skaitytaknyga.lt\",\"url\":\"https:\/\/skaitytaknyga.lt\/\",\"logo\":{\"@type\":\"ImageObject\",\"inLanguage\":\"en-GB\",\"@id\":\"https:\/\/skaitytaknyga.lt\/#\/schema\/logo\/image\/\",\"url\":\"https:\/\/skaitytaknyga.lt\/wp-content\/uploads\/2024\/05\/cropped-cropped-cropped-02_00843_jt3bggkj1j3HLc7SyY6rEUpg.jpeg\",\"contentUrl\":\"https:\/\/skaitytaknyga.lt\/wp-content\/uploads\/2024\/05\/cropped-cropped-cropped-02_00843_jt3bggkj1j3HLc7SyY6rEUpg.jpeg\",\"width\":1600,\"height\":1600,\"caption\":\"skaitytaknyga.lt\"},\"image\":{\"@id\":\"https:\/\/skaitytaknyga.lt\/#\/schema\/logo\/image\/\"},\"sameAs\":[\"https:\/\/www.facebook.com\/skaitytaknyga\/\"]}]}<\/script>\n<!-- \/ Yoast SEO plugin. -->","yoast_head_json":{"title":"KA\u017dKAS NAUJO, arba 47A","description":"\u201eKnygos \u2013 lengviausias b\u016bdas keliauti. Kad atsidurtum\u0117te atogr\u0105\u017e\u0173 kaitra alsuojan\u010diose d\u017eiungl\u0117se ar toli u\u017e poliarinio rato, jums neprireiks krautis","robots":{"index":"index","follow":"follow","max-snippet":"max-snippet:-1","max-image-preview":"max-image-preview:large","max-video-preview":"max-video-preview:-1"},"canonical":"https:\/\/skaitytaknyga.lt\/en\/produktas\/kazkas-naujo-arba-47a\/","og_locale":"en_GB","og_type":"article","og_title":"[:lt]KA\u017dKAS NAUJO, arba 47A[:] - Skaitytaknyga","og_description":"\u201eKnygos \u2013 lengviausias b\u016bdas keliauti. Kad atsidurtum\u0117te atogr\u0105\u017e\u0173 kaitra alsuojan\u010diose d\u017eiungl\u0117se ar toli u\u017e poliarinio rato, jums neprireiks krautis","og_url":"https:\/\/skaitytaknyga.lt\/en\/produktas\/kazkas-naujo-arba-47a\/","og_site_name":"Skaitytaknyga","article_publisher":"https:\/\/www.facebook.com\/skaitytaknyga\/","article_modified_time":"2026-04-01T08:53:34+00:00","og_image":[{"width":747,"height":496,"url":"https:\/\/skaitytaknyga.lt\/wp-content\/uploads\/2024\/07\/skaitytaknyga.png","type":"image\/png"}],"twitter_card":"summary_large_image","twitter_misc":{"Estimated reading time":"2 minutes"},"schema":{"@context":"https:\/\/schema.org","@graph":[{"@type":"WebPage","@id":"https:\/\/skaitytaknyga.lt\/produktas\/kazkas-naujo-arba-47a\/","url":"https:\/\/skaitytaknyga.lt\/produktas\/kazkas-naujo-arba-47a\/","name":"KA\u017dKAS NAUJO, arba 47A","isPartOf":{"@id":"https:\/\/skaitytaknyga.lt\/#website"},"primaryImageOfPage":{"@id":"https:\/\/skaitytaknyga.lt\/produktas\/kazkas-naujo-arba-47a\/#primaryimage"},"image":{"@id":"https:\/\/skaitytaknyga.lt\/produktas\/kazkas-naujo-arba-47a\/#primaryimage"},"thumbnailUrl":"https:\/\/skaitytaknyga.lt\/wp-content\/uploads\/2026\/03\/KAZKAS-NAUJO-arba-47A-e1775030994995.webp","datePublished":"2026-03-24T10:07:45+00:00","dateModified":"2026-04-01T08:53:34+00:00","description":"\u201eKnygos \u2013 lengviausias b\u016bdas keliauti. Kad atsidurtum\u0117te atogr\u0105\u017e\u0173 kaitra alsuojan\u010diose d\u017eiungl\u0117se ar toli u\u017e poliarinio rato, jums neprireiks krautis","breadcrumb":{"@id":"https:\/\/skaitytaknyga.lt\/produktas\/kazkas-naujo-arba-47a\/#breadcrumb"},"inLanguage":"en-GB","potentialAction":[{"@type":"ReadAction","target":["https:\/\/skaitytaknyga.lt\/produktas\/kazkas-naujo-arba-47a\/"]}]},{"@type":"ImageObject","inLanguage":"en-GB","@id":"https:\/\/skaitytaknyga.lt\/produktas\/kazkas-naujo-arba-47a\/#primaryimage","url":"https:\/\/skaitytaknyga.lt\/wp-content\/uploads\/2026\/03\/KAZKAS-NAUJO-arba-47A-e1775030994995.webp","contentUrl":"https:\/\/skaitytaknyga.lt\/wp-content\/uploads\/2026\/03\/KAZKAS-NAUJO-arba-47A-e1775030994995.webp","width":350,"height":445,"caption":"KA\u017dKAS NAUJO, arba 47A"},{"@type":"BreadcrumbList","@id":"https:\/\/skaitytaknyga.lt\/produktas\/kazkas-naujo-arba-47a\/#breadcrumb","itemListElement":[{"@type":"ListItem","position":1,"name":"Home","item":"https:\/\/skaitytaknyga.lt\/"},{"@type":"ListItem","position":2,"name":"Parduotuv\u0117","item":"https:\/\/skaitytaknyga.lt\/knygu-parduotuve\/"},{"@type":"ListItem","position":3,"name":"KA\u017dKAS NAUJO, arba 47A"}]},{"@type":"WebSite","@id":"https:\/\/skaitytaknyga.lt\/#website","url":"https:\/\/skaitytaknyga.lt\/","name":"skaitytaknyga.lt","description":"Skaitytaknyga.lt \u2013 tai ma\u017eas \u0161eimos verslas, kuris prasid\u0117jo nuo meil\u0117s knygoms ir siekio i\u0161gelb\u0117ti knygas nuo likimo prie konteinerio. Kas vienam nereikalingas daiktas \u2013 kitam lobis, o mes esame tarpininkai, kurie padeda abiems tapti laimingesniems ???? \u017dinome kaip nelengva i\u0161gyventi ma\u017eiems verslams, tad nuo \u0161iol, \u010dia rasite ir kit\u0173, ma\u017e\u0173 \u0161eim\u0173 versl\u0173, rank\u0173 darbo, dovan\u0173 sau ir artimiesiems.","publisher":{"@id":"https:\/\/skaitytaknyga.lt\/#organization"},"potentialAction":[{"@type":"SearchAction","target":{"@type":"EntryPoint","urlTemplate":"https:\/\/skaitytaknyga.lt\/?s={search_term_string}"},"query-input":{"@type":"PropertyValueSpecification","valueRequired":true,"valueName":"search_term_string"}}],"inLanguage":"en-GB"},{"@type":"Organization","@id":"https:\/\/skaitytaknyga.lt\/#organization","name":"skaitytaknyga.lt","url":"https:\/\/skaitytaknyga.lt\/","logo":{"@type":"ImageObject","inLanguage":"en-GB","@id":"https:\/\/skaitytaknyga.lt\/#\/schema\/logo\/image\/","url":"https:\/\/skaitytaknyga.lt\/wp-content\/uploads\/2024\/05\/cropped-cropped-cropped-02_00843_jt3bggkj1j3HLc7SyY6rEUpg.jpeg","contentUrl":"https:\/\/skaitytaknyga.lt\/wp-content\/uploads\/2024\/05\/cropped-cropped-cropped-02_00843_jt3bggkj1j3HLc7SyY6rEUpg.jpeg","width":1600,"height":1600,"caption":"skaitytaknyga.lt"},"image":{"@id":"https:\/\/skaitytaknyga.lt\/#\/schema\/logo\/image\/"},"sameAs":["https:\/\/www.facebook.com\/skaitytaknyga\/"]}]}},"_links":{"self":[{"href":"https:\/\/skaitytaknyga.lt\/en\/wp-json\/wp\/v2\/product\/25157","targetHints":{"allow":["GET"]}}],"collection":[{"href":"https:\/\/skaitytaknyga.lt\/en\/wp-json\/wp\/v2\/product"}],"about":[{"href":"https:\/\/skaitytaknyga.lt\/en\/wp-json\/wp\/v2\/types\/product"}],"replies":[{"embeddable":true,"href":"https:\/\/skaitytaknyga.lt\/en\/wp-json\/wp\/v2\/comments?post=25157"}],"wp:featuredmedia":[{"embeddable":true,"href":"https:\/\/skaitytaknyga.lt\/en\/wp-json\/wp\/v2\/media\/25344"}],"wp:attachment":[{"href":"https:\/\/skaitytaknyga.lt\/en\/wp-json\/wp\/v2\/media?parent=25157"}],"wp:term":[{"taxonomy":"product_brand","embeddable":true,"href":"https:\/\/skaitytaknyga.lt\/en\/wp-json\/wp\/v2\/product_brand?post=25157"},{"taxonomy":"product_cat","embeddable":true,"href":"https:\/\/skaitytaknyga.lt\/en\/wp-json\/wp\/v2\/product_cat?post=25157"},{"taxonomy":"product_tag","embeddable":true,"href":"https:\/\/skaitytaknyga.lt\/en\/wp-json\/wp\/v2\/product_tag?post=25157"}],"curies":[{"name":"wp","href":"https:\/\/api.w.org\/{rel}","templated":true}]}}