{"id":25156,"date":"2026-03-24T12:07:45","date_gmt":"2026-03-24T10:07:45","guid":{"rendered":"https:\/\/skaitytaknyga.lt\/?post_type=product&#038;p=25156"},"modified":"2026-04-01T11:06:43","modified_gmt":"2026-04-01T08:06:43","slug":"nevykelio-dienorastis-19-isaiskejes-melas","status":"publish","type":"product","link":"https:\/\/skaitytaknyga.lt\/en\/produktas\/nevykelio-dienorastis-19-isaiskejes-melas\/","title":{"rendered":"Nevyk\u0117lio dienora\u0161tis 19. I\u0161ai\u0161k\u0117j\u0119s melas"},"content":{"rendered":"<p>Keistas Grego senel\u0117s tro\u0161kimas savo jubiliejaus proga i\u0161si\u0173sti artimuosius bendr\u0173 atostog\u0173 tampa netik\u0117t\u0173 nuotyki\u0173 prad\u017eia. Gregas nujau\u010dia, kad sumai\u0161ius tokius dalykus kaip nesutariantys giminai\u010diai, ma\u017eas vasarnamis ir alinantis kar\u0161tis tik ir lauk b\u0117dos! Aistras kursto ir senel\u0117s ilgus metus akylai saugoma paslaptis \u2013 nepaprastai skani\u0173 m\u0117sos kukuli\u0173 receptas!<\/p>\n<p>Kokias \u0161eimos paslaptis pavyks Gregui \u012fminti ir kaip tai j\u012f paveiks, su\u017einosite perskait\u0119 \u0161i\u0105 \u201eNevyk\u0117lio dienora\u0161\u010dio\u201c serijos dal\u012f.<\/p>\n","protected":false},"excerpt":{"rendered":"<p>Keistas Grego senel\u0117s tro\u0161kimas savo jubiliejaus proga i\u0161si\u0173sti artimuosius bendr\u0173 atostog\u0173 tampa netik\u0117t\u0173 nuotyki\u0173 prad\u017eia. Gregas nujau\u010dia, kad sumai\u0161ius tokius dalykus kaip nesutariantys giminai\u010diai, ma\u017eas vasarnamis ir alinantis kar\u0161tis tik ir lauk b\u0117dos! Aistras kursto ir senel\u0117s ilgus metus akylai saugoma paslaptis \u2013 nepaprastai skani\u0173 m\u0117sos kukuli\u0173 receptas! Kokias \u0161eimos paslaptis pavyks Gregui \u012fminti ir kaip tai j\u012f paveiks, su\u017einosite perskait\u0119 \u0161i\u0105 \u201eNevyk\u0117lio dienora\u0161\u010dio\u201c serijos dal\u012f.<\/p>\n","protected":false},"featured_media":25300,"comment_status":"open","ping_status":"closed","template":"","meta":{"_acf_changed":false,"site-sidebar-layout":"default","site-content-layout":"","ast-site-content-layout":"default","site-content-style":"default","site-sidebar-style":"default","ast-global-header-display":"","ast-banner-title-visibility":"","ast-main-header-display":"","ast-hfb-above-header-display":"","ast-hfb-below-header-display":"","ast-hfb-mobile-header-display":"","site-post-title":"","ast-breadcrumbs-content":"","ast-featured-img":"","footer-sml-layout":"","ast-disable-related-posts":"","theme-transparent-header-meta":"","adv-header-id-meta":"","stick-header-meta":"","header-above-stick-meta":"","header-main-stick-meta":"","header-below-stick-meta":"","astra-migrate-meta-layouts":"default","ast-page-background-enabled":"default","ast-page-background-meta":{"desktop":{"background-color":"","background-image":"","background-repeat":"repeat","background-position":"center center","background-size":"auto","background-attachment":"scroll","background-type":"","background-media":"","overlay-type":"","overlay-color":"","overlay-opacity":"","overlay-gradient":""},"tablet":{"background-color":"","background-image":"","background-repeat":"repeat","background-position":"center center","background-size":"auto","background-attachment":"scroll","background-type":"","background-media":"","overlay-type":"","overlay-color":"","overlay-opacity":"","overlay-gradient":""},"mobile":{"background-color":"","background-image":"","background-repeat":"repeat","background-position":"center center","background-size":"auto","background-attachment":"scroll","background-type":"","background-media":"","overlay-type":"","overlay-color":"","overlay-opacity":"","overlay-gradient":""}},"ast-content-background-meta":{"desktop":{"background-color":"var(--ast-global-color-4)","background-image":"","background-repeat":"repeat","background-position":"center center","background-size":"auto","background-attachment":"scroll","background-type":"","background-media":"","overlay-type":"","overlay-color":"","overlay-opacity":"","overlay-gradient":""},"tablet":{"background-color":"var(--ast-global-color-4)","background-image":"","background-repeat":"repeat","background-position":"center center","background-size":"auto","background-attachment":"scroll","background-type":"","background-media":"","overlay-type":"","overlay-color":"","overlay-opacity":"","overlay-gradient":""},"mobile":{"background-color":"var(--ast-global-color-4)","background-image":"","background-repeat":"repeat","background-position":"center center","background-size":"auto","background-attachment":"scroll","background-type":"","background-media":"","overlay-type":"","overlay-color":"","overlay-opacity":"","overlay-gradient":""}}},"product_brand":[],"product_cat":[9674],"product_tag":[],"class_list":{"0":"post-25156","1":"product","2":"type-product","3":"status-publish","4":"has-post-thumbnail","6":"product_cat-pradinukams","7":"desktop-align-left","8":"tablet-align-left","9":"mobile-align-left","11":"first","12":"instock","13":"shipping-taxable","14":"purchasable","15":"product-type-simple"},"acf":[],"yoast_head":"<!-- This site is optimized with the Yoast SEO plugin v27.0 - https:\/\/yoast.com\/product\/yoast-seo-wordpress\/ -->\n<title>Nevyk\u0117lio dienora\u0161tis 19. I\u0161ai\u0161k\u0117j\u0119s melas<\/title>\n<meta name=\"description\" content=\"Keistas Grego senel\u0117s tro\u0161kimas savo jubiliejaus proga i\u0161si\u0173sti artimuosius bendr\u0173 atostog\u0173 tampa netik\u0117t\u0173 nuotyki\u0173 prad\u017eia. Gregas nujau\u010dia, kad\" \/>\n<meta name=\"robots\" content=\"index, follow, max-snippet:-1, max-image-preview:large, max-video-preview:-1\" \/>\n<link rel=\"canonical\" href=\"https:\/\/skaitytaknyga.lt\/en\/produktas\/nevykelio-dienorastis-19-isaiskejes-melas\/\" \/>\n<meta property=\"og:locale\" content=\"en_GB\" \/>\n<meta property=\"og:locale:alternate\" content=\"lt_LT\" \/>\n<meta property=\"og:type\" content=\"article\" \/>\n<meta property=\"og:title\" content=\"Nevyk\u0117lio dienora\u0161tis 19. I\u0161ai\u0161k\u0117j\u0119s melas\" \/>\n<meta property=\"og:description\" content=\"Keistas Grego senel\u0117s tro\u0161kimas savo jubiliejaus proga i\u0161si\u0173sti artimuosius bendr\u0173 atostog\u0173 tampa netik\u0117t\u0173 nuotyki\u0173 prad\u017eia. Gregas nujau\u010dia, kad\" \/>\n<meta property=\"og:url\" content=\"https:\/\/skaitytaknyga.lt\/en\/produktas\/nevykelio-dienorastis-19-isaiskejes-melas\/\" \/>\n<meta property=\"og:site_name\" content=\"Skaitytaknyga\" \/>\n<meta property=\"article:publisher\" content=\"https:\/\/www.facebook.com\/skaitytaknyga\/\" \/>\n<meta property=\"article:modified_time\" content=\"2026-04-01T08:06:43+00:00\" \/>\n<meta property=\"og:image\" content=\"https:\/\/skaitytaknyga.lt\/wp-content\/uploads\/2026\/03\/Nevykelio-dienorastis-19.-Isaiskejes-melas-e1774538974533.webp\" \/>\n\t<meta property=\"og:image:width\" content=\"300\" \/>\n\t<meta property=\"og:image:height\" content=\"431\" \/>\n\t<meta property=\"og:image:type\" content=\"image\/webp\" \/>\n<meta name=\"twitter:card\" content=\"summary_large_image\" \/>\n<script type=\"application\/ld+json\" class=\"yoast-schema-graph\">{\"@context\":\"https:\/\/schema.org\",\"@graph\":[{\"@type\":\"WebPage\",\"@id\":\"https:\/\/skaitytaknyga.lt\/produktas\/nevykelio-dienorastis-19-isaiskejes-melas\/\",\"url\":\"https:\/\/skaitytaknyga.lt\/produktas\/nevykelio-dienorastis-19-isaiskejes-melas\/\",\"name\":\"Nevyk\u0117lio dienora\u0161tis 19. I\u0161ai\u0161k\u0117j\u0119s melas\",\"isPartOf\":{\"@id\":\"https:\/\/skaitytaknyga.lt\/#website\"},\"primaryImageOfPage\":{\"@id\":\"https:\/\/skaitytaknyga.lt\/produktas\/nevykelio-dienorastis-19-isaiskejes-melas\/#primaryimage\"},\"image\":{\"@id\":\"https:\/\/skaitytaknyga.lt\/produktas\/nevykelio-dienorastis-19-isaiskejes-melas\/#primaryimage\"},\"thumbnailUrl\":\"https:\/\/skaitytaknyga.lt\/wp-content\/uploads\/2026\/03\/Nevykelio-dienorastis-19.-Isaiskejes-melas-e1774538974533.webp\",\"datePublished\":\"2026-03-24T10:07:45+00:00\",\"dateModified\":\"2026-04-01T08:06:43+00:00\",\"description\":\"Keistas Grego senel\u0117s tro\u0161kimas savo jubiliejaus proga i\u0161si\u0173sti artimuosius bendr\u0173 atostog\u0173 tampa netik\u0117t\u0173 nuotyki\u0173 prad\u017eia. Gregas nujau\u010dia, kad\",\"breadcrumb\":{\"@id\":\"https:\/\/skaitytaknyga.lt\/produktas\/nevykelio-dienorastis-19-isaiskejes-melas\/#breadcrumb\"},\"inLanguage\":\"en-GB\",\"potentialAction\":[{\"@type\":\"ReadAction\",\"target\":[\"https:\/\/skaitytaknyga.lt\/produktas\/nevykelio-dienorastis-19-isaiskejes-melas\/\"]}]},{\"@type\":\"ImageObject\",\"inLanguage\":\"en-GB\",\"@id\":\"https:\/\/skaitytaknyga.lt\/produktas\/nevykelio-dienorastis-19-isaiskejes-melas\/#primaryimage\",\"url\":\"https:\/\/skaitytaknyga.lt\/wp-content\/uploads\/2026\/03\/Nevykelio-dienorastis-19.-Isaiskejes-melas-e1774538974533.webp\",\"contentUrl\":\"https:\/\/skaitytaknyga.lt\/wp-content\/uploads\/2026\/03\/Nevykelio-dienorastis-19.-Isaiskejes-melas-e1774538974533.webp\",\"width\":300,\"height\":431,\"caption\":\"Nevyk\u0117lio dienora\u0161tis 19. I\u0161ai\u0161k\u0117j\u0119s melas\"},{\"@type\":\"BreadcrumbList\",\"@id\":\"https:\/\/skaitytaknyga.lt\/produktas\/nevykelio-dienorastis-19-isaiskejes-melas\/#breadcrumb\",\"itemListElement\":[{\"@type\":\"ListItem\",\"position\":1,\"name\":\"Home\",\"item\":\"https:\/\/skaitytaknyga.lt\/\"},{\"@type\":\"ListItem\",\"position\":2,\"name\":\"Parduotuv\u0117\",\"item\":\"https:\/\/skaitytaknyga.lt\/knygu-parduotuve\/\"},{\"@type\":\"ListItem\",\"position\":3,\"name\":\"Nevyk\u0117lio dienora\u0161tis 19. I\u0161ai\u0161k\u0117j\u0119s melas\"}]},{\"@type\":\"WebSite\",\"@id\":\"https:\/\/skaitytaknyga.lt\/#website\",\"url\":\"https:\/\/skaitytaknyga.lt\/\",\"name\":\"skaitytaknyga.lt\",\"description\":\"Skaitytaknyga.lt \u2013 tai ma\u017eas \u0161eimos verslas, kuris prasid\u0117jo nuo meil\u0117s knygoms ir siekio i\u0161gelb\u0117ti knygas nuo likimo prie konteinerio. Kas vienam nereikalingas daiktas \u2013 kitam lobis, o mes esame tarpininkai, kurie padeda abiems tapti laimingesniems ???? \u017dinome kaip nelengva i\u0161gyventi ma\u017eiems verslams, tad nuo \u0161iol, \u010dia rasite ir kit\u0173, ma\u017e\u0173 \u0161eim\u0173 versl\u0173, rank\u0173 darbo, dovan\u0173 sau ir artimiesiems.\",\"publisher\":{\"@id\":\"https:\/\/skaitytaknyga.lt\/#organization\"},\"potentialAction\":[{\"@type\":\"SearchAction\",\"target\":{\"@type\":\"EntryPoint\",\"urlTemplate\":\"https:\/\/skaitytaknyga.lt\/?s={search_term_string}\"},\"query-input\":{\"@type\":\"PropertyValueSpecification\",\"valueRequired\":true,\"valueName\":\"search_term_string\"}}],\"inLanguage\":\"en-GB\"},{\"@type\":\"Organization\",\"@id\":\"https:\/\/skaitytaknyga.lt\/#organization\",\"name\":\"skaitytaknyga.lt\",\"url\":\"https:\/\/skaitytaknyga.lt\/\",\"logo\":{\"@type\":\"ImageObject\",\"inLanguage\":\"en-GB\",\"@id\":\"https:\/\/skaitytaknyga.lt\/#\/schema\/logo\/image\/\",\"url\":\"https:\/\/skaitytaknyga.lt\/wp-content\/uploads\/2024\/05\/cropped-cropped-cropped-02_00843_jt3bggkj1j3HLc7SyY6rEUpg.jpeg\",\"contentUrl\":\"https:\/\/skaitytaknyga.lt\/wp-content\/uploads\/2024\/05\/cropped-cropped-cropped-02_00843_jt3bggkj1j3HLc7SyY6rEUpg.jpeg\",\"width\":1600,\"height\":1600,\"caption\":\"skaitytaknyga.lt\"},\"image\":{\"@id\":\"https:\/\/skaitytaknyga.lt\/#\/schema\/logo\/image\/\"},\"sameAs\":[\"https:\/\/www.facebook.com\/skaitytaknyga\/\"]}]}<\/script>\n<!-- \/ Yoast SEO plugin. -->","yoast_head_json":{"title":"Nevyk\u0117lio dienora\u0161tis 19. I\u0161ai\u0161k\u0117j\u0119s melas","description":"Keistas Grego senel\u0117s tro\u0161kimas savo jubiliejaus proga i\u0161si\u0173sti artimuosius bendr\u0173 atostog\u0173 tampa netik\u0117t\u0173 nuotyki\u0173 prad\u017eia. Gregas nujau\u010dia, kad","robots":{"index":"index","follow":"follow","max-snippet":"max-snippet:-1","max-image-preview":"max-image-preview:large","max-video-preview":"max-video-preview:-1"},"canonical":"https:\/\/skaitytaknyga.lt\/en\/produktas\/nevykelio-dienorastis-19-isaiskejes-melas\/","og_locale":"en_GB","og_type":"article","og_title":"[:lt]Nevyk\u0117lio dienora\u0161tis 19. I\u0161ai\u0161k\u0117j\u0119s melas[:] - Skaitytaknyga","og_description":"Keistas Grego senel\u0117s tro\u0161kimas savo jubiliejaus proga i\u0161si\u0173sti artimuosius bendr\u0173 atostog\u0173 tampa netik\u0117t\u0173 nuotyki\u0173 prad\u017eia. Gregas nujau\u010dia, kad","og_url":"https:\/\/skaitytaknyga.lt\/en\/produktas\/nevykelio-dienorastis-19-isaiskejes-melas\/","og_site_name":"Skaitytaknyga","article_publisher":"https:\/\/www.facebook.com\/skaitytaknyga\/","article_modified_time":"2026-04-01T08:06:43+00:00","og_image":[{"width":300,"height":431,"url":"https:\/\/skaitytaknyga.lt\/wp-content\/uploads\/2026\/03\/Nevykelio-dienorastis-19.-Isaiskejes-melas-e1774538974533.webp","type":"image\/webp"}],"twitter_card":"summary_large_image","schema":{"@context":"https:\/\/schema.org","@graph":[{"@type":"WebPage","@id":"https:\/\/skaitytaknyga.lt\/produktas\/nevykelio-dienorastis-19-isaiskejes-melas\/","url":"https:\/\/skaitytaknyga.lt\/produktas\/nevykelio-dienorastis-19-isaiskejes-melas\/","name":"Nevyk\u0117lio dienora\u0161tis 19. I\u0161ai\u0161k\u0117j\u0119s melas","isPartOf":{"@id":"https:\/\/skaitytaknyga.lt\/#website"},"primaryImageOfPage":{"@id":"https:\/\/skaitytaknyga.lt\/produktas\/nevykelio-dienorastis-19-isaiskejes-melas\/#primaryimage"},"image":{"@id":"https:\/\/skaitytaknyga.lt\/produktas\/nevykelio-dienorastis-19-isaiskejes-melas\/#primaryimage"},"thumbnailUrl":"https:\/\/skaitytaknyga.lt\/wp-content\/uploads\/2026\/03\/Nevykelio-dienorastis-19.-Isaiskejes-melas-e1774538974533.webp","datePublished":"2026-03-24T10:07:45+00:00","dateModified":"2026-04-01T08:06:43+00:00","description":"Keistas Grego senel\u0117s tro\u0161kimas savo jubiliejaus proga i\u0161si\u0173sti artimuosius bendr\u0173 atostog\u0173 tampa netik\u0117t\u0173 nuotyki\u0173 prad\u017eia. Gregas nujau\u010dia, kad","breadcrumb":{"@id":"https:\/\/skaitytaknyga.lt\/produktas\/nevykelio-dienorastis-19-isaiskejes-melas\/#breadcrumb"},"inLanguage":"en-GB","potentialAction":[{"@type":"ReadAction","target":["https:\/\/skaitytaknyga.lt\/produktas\/nevykelio-dienorastis-19-isaiskejes-melas\/"]}]},{"@type":"ImageObject","inLanguage":"en-GB","@id":"https:\/\/skaitytaknyga.lt\/produktas\/nevykelio-dienorastis-19-isaiskejes-melas\/#primaryimage","url":"https:\/\/skaitytaknyga.lt\/wp-content\/uploads\/2026\/03\/Nevykelio-dienorastis-19.-Isaiskejes-melas-e1774538974533.webp","contentUrl":"https:\/\/skaitytaknyga.lt\/wp-content\/uploads\/2026\/03\/Nevykelio-dienorastis-19.-Isaiskejes-melas-e1774538974533.webp","width":300,"height":431,"caption":"Nevyk\u0117lio dienora\u0161tis 19. I\u0161ai\u0161k\u0117j\u0119s melas"},{"@type":"BreadcrumbList","@id":"https:\/\/skaitytaknyga.lt\/produktas\/nevykelio-dienorastis-19-isaiskejes-melas\/#breadcrumb","itemListElement":[{"@type":"ListItem","position":1,"name":"Home","item":"https:\/\/skaitytaknyga.lt\/"},{"@type":"ListItem","position":2,"name":"Parduotuv\u0117","item":"https:\/\/skaitytaknyga.lt\/knygu-parduotuve\/"},{"@type":"ListItem","position":3,"name":"Nevyk\u0117lio dienora\u0161tis 19. I\u0161ai\u0161k\u0117j\u0119s melas"}]},{"@type":"WebSite","@id":"https:\/\/skaitytaknyga.lt\/#website","url":"https:\/\/skaitytaknyga.lt\/","name":"skaitytaknyga.lt","description":"Skaitytaknyga.lt \u2013 tai ma\u017eas \u0161eimos verslas, kuris prasid\u0117jo nuo meil\u0117s knygoms ir siekio i\u0161gelb\u0117ti knygas nuo likimo prie konteinerio. Kas vienam nereikalingas daiktas \u2013 kitam lobis, o mes esame tarpininkai, kurie padeda abiems tapti laimingesniems ???? \u017dinome kaip nelengva i\u0161gyventi ma\u017eiems verslams, tad nuo \u0161iol, \u010dia rasite ir kit\u0173, ma\u017e\u0173 \u0161eim\u0173 versl\u0173, rank\u0173 darbo, dovan\u0173 sau ir artimiesiems.","publisher":{"@id":"https:\/\/skaitytaknyga.lt\/#organization"},"potentialAction":[{"@type":"SearchAction","target":{"@type":"EntryPoint","urlTemplate":"https:\/\/skaitytaknyga.lt\/?s={search_term_string}"},"query-input":{"@type":"PropertyValueSpecification","valueRequired":true,"valueName":"search_term_string"}}],"inLanguage":"en-GB"},{"@type":"Organization","@id":"https:\/\/skaitytaknyga.lt\/#organization","name":"skaitytaknyga.lt","url":"https:\/\/skaitytaknyga.lt\/","logo":{"@type":"ImageObject","inLanguage":"en-GB","@id":"https:\/\/skaitytaknyga.lt\/#\/schema\/logo\/image\/","url":"https:\/\/skaitytaknyga.lt\/wp-content\/uploads\/2024\/05\/cropped-cropped-cropped-02_00843_jt3bggkj1j3HLc7SyY6rEUpg.jpeg","contentUrl":"https:\/\/skaitytaknyga.lt\/wp-content\/uploads\/2024\/05\/cropped-cropped-cropped-02_00843_jt3bggkj1j3HLc7SyY6rEUpg.jpeg","width":1600,"height":1600,"caption":"skaitytaknyga.lt"},"image":{"@id":"https:\/\/skaitytaknyga.lt\/#\/schema\/logo\/image\/"},"sameAs":["https:\/\/www.facebook.com\/skaitytaknyga\/"]}]}},"_links":{"self":[{"href":"https:\/\/skaitytaknyga.lt\/en\/wp-json\/wp\/v2\/product\/25156","targetHints":{"allow":["GET"]}}],"collection":[{"href":"https:\/\/skaitytaknyga.lt\/en\/wp-json\/wp\/v2\/product"}],"about":[{"href":"https:\/\/skaitytaknyga.lt\/en\/wp-json\/wp\/v2\/types\/product"}],"replies":[{"embeddable":true,"href":"https:\/\/skaitytaknyga.lt\/en\/wp-json\/wp\/v2\/comments?post=25156"}],"wp:featuredmedia":[{"embeddable":true,"href":"https:\/\/skaitytaknyga.lt\/en\/wp-json\/wp\/v2\/media\/25300"}],"wp:attachment":[{"href":"https:\/\/skaitytaknyga.lt\/en\/wp-json\/wp\/v2\/media?parent=25156"}],"wp:term":[{"taxonomy":"product_brand","embeddable":true,"href":"https:\/\/skaitytaknyga.lt\/en\/wp-json\/wp\/v2\/product_brand?post=25156"},{"taxonomy":"product_cat","embeddable":true,"href":"https:\/\/skaitytaknyga.lt\/en\/wp-json\/wp\/v2\/product_cat?post=25156"},{"taxonomy":"product_tag","embeddable":true,"href":"https:\/\/skaitytaknyga.lt\/en\/wp-json\/wp\/v2\/product_tag?post=25156"}],"curies":[{"name":"wp","href":"https:\/\/api.w.org\/{rel}","templated":true}]}}