{"id":25143,"date":"2026-03-24T11:24:01","date_gmt":"2026-03-24T09:24:01","guid":{"rendered":"https:\/\/skaitytaknyga.lt\/?post_type=product&#038;p=25143"},"modified":"2026-03-24T11:29:31","modified_gmt":"2026-03-24T09:29:31","slug":"stiprus-zmogus-asmeninio-bankroto-gidas","status":"publish","type":"product","link":"https:\/\/skaitytaknyga.lt\/en\/produktas\/stiprus-zmogus-asmeninio-bankroto-gidas\/","title":{"rendered":"Stiprus \u017emogus: asmeninio bankroto gidas"},"content":{"rendered":"<p>Knygoje \u201eStiprus \u017emogus. Asmeninio bankroto gidas&#8221; apra\u0161omos tikros \u017emoni\u0173 istorijos, kai skolos prispaud\u017eia taip, jog joms i\u0161mok\u0117ti nebeu\u017etekt\u0173 ir keli\u0173 gyvenim\u0173, o \u012fgyvendinti nauj\u0173 id\u0117j\u0173 nebelieka galimybi\u0173. Knygoje pasakojama apie vieni\u0161\u0105 mam\u0105, po vyro mirties likusi\u0105 su nepakeliamomis skolomis. Taip pat apie \u012ftaking\u0105 verslinink\u0105, kurio s\u0117kmei koj\u0105 paki\u0161o ekonomin\u0117 kriz\u0117. \u0160ios ir kitos istorijos atskleid\u017eia, kad net did\u017eiausi\u0173 finansini\u0173 sunkum\u0173 prispaustas \u017emogus gali b\u016bti stiprus ir prad\u0117ti nauj\u0105 gyvenim\u0105 be skol\u0173.<\/p>\n<p>\u0160ioje knygoje nerasite toki\u0173 \u012fmantri\u0173 \u017eod\u017ei\u0173 kaip \u201e\u012fstatymas&#8221; ar \u201estraipsnis&#8221; \u2013 autoriai jais neg\u0105sdina skaitytoj\u0173! Pasitelk\u0119 tikras \u017emoni\u0173 patirtis, autoriai ai\u0161kiai ir suprantamai apra\u0161o asmeninio bankroto \u201e\u017eaidimo taisykles&#8221;. Atsako, kas yra asmeninis bankrotas, kam ir kada jis naudingiausias bei reikalingiausias. I\u0161d\u0117sto, kokius \u017eingsnius reikia \u017eengti, kad asmeninis bankrotas b\u016bt\u0173 s\u0117kmingas nuo starto iki fini\u0161o. Pasiektas fini\u0161as rei\u0161kia nauj\u0105 gyvenim\u0105, o j\u012f susikurti galite tik J\u016bs \u2013 Stiprus \u017dmogus.<\/p>\n","protected":false},"excerpt":{"rendered":"<p>Knygoje \u201eStiprus \u017emogus. Asmeninio bankroto gidas&#8221; apra\u0161omos tikros \u017emoni\u0173 istorijos, kai skolos prispaud\u017eia taip, jog joms i\u0161mok\u0117ti nebeu\u017etekt\u0173 ir keli\u0173 gyvenim\u0173, o \u012fgyvendinti nauj\u0173 id\u0117j\u0173 nebelieka galimybi\u0173. Knygoje pasakojama apie vieni\u0161\u0105 mam\u0105, po vyro mirties likusi\u0105 su nepakeliamomis skolomis. Taip pat apie \u012ftaking\u0105 verslinink\u0105, kurio s\u0117kmei koj\u0105 paki\u0161o ekonomin\u0117 kriz\u0117. \u0160ios ir kitos istorijos atskleid\u017eia, kad net did\u017eiausi\u0173 finansini\u0173 sunkum\u0173 prispaustas \u017emogus gali b\u016bti stiprus ir prad\u0117ti nauj\u0105 gyvenim\u0105 be skol\u0173. \u0160ioje knygoje nerasite toki\u0173 \u012fmantri\u0173 \u017eod\u017ei\u0173 kaip \u201e\u012fstatymas&#8221; ar \u201estraipsnis&#8221; \u2013 autoriai jais neg\u0105sdina skaitytoj\u0173! Pasitelk\u0119 tikras \u017emoni\u0173 patirtis, autoriai ai\u0161kiai ir suprantamai apra\u0161o asmeninio bankroto \u201e\u017eaidimo taisykles&#8221;. Atsako, kas yra asmeninis bankrotas, kam ir kada jis naudingiausias bei reikalingiausias. I\u0161d\u0117sto, kokius \u017eingsnius reikia \u017eengti, kad asmeninis bankrotas b\u016bt\u0173 s\u0117kmingas nuo starto iki fini\u0161o. Pasiektas fini\u0161as rei\u0161kia nauj\u0105 gyvenim\u0105, o j\u012f susikurti galite tik J\u016bs \u2013 Stiprus \u017dmogus.<\/p>\n","protected":false},"featured_media":25148,"comment_status":"open","ping_status":"closed","template":"","meta":{"_acf_changed":false,"site-sidebar-layout":"default","site-content-layout":"","ast-site-content-layout":"default","site-content-style":"default","site-sidebar-style":"default","ast-global-header-display":"","ast-banner-title-visibility":"","ast-main-header-display":"","ast-hfb-above-header-display":"","ast-hfb-below-header-display":"","ast-hfb-mobile-header-display":"","site-post-title":"","ast-breadcrumbs-content":"","ast-featured-img":"","footer-sml-layout":"","ast-disable-related-posts":"","theme-transparent-header-meta":"","adv-header-id-meta":"","stick-header-meta":"","header-above-stick-meta":"","header-main-stick-meta":"","header-below-stick-meta":"","astra-migrate-meta-layouts":"default","ast-page-background-enabled":"default","ast-page-background-meta":{"desktop":{"background-color":"","background-image":"","background-repeat":"repeat","background-position":"center center","background-size":"auto","background-attachment":"scroll","background-type":"","background-media":"","overlay-type":"","overlay-color":"","overlay-opacity":"","overlay-gradient":""},"tablet":{"background-color":"","background-image":"","background-repeat":"repeat","background-position":"center center","background-size":"auto","background-attachment":"scroll","background-type":"","background-media":"","overlay-type":"","overlay-color":"","overlay-opacity":"","overlay-gradient":""},"mobile":{"background-color":"","background-image":"","background-repeat":"repeat","background-position":"center center","background-size":"auto","background-attachment":"scroll","background-type":"","background-media":"","overlay-type":"","overlay-color":"","overlay-opacity":"","overlay-gradient":""}},"ast-content-background-meta":{"desktop":{"background-color":"var(--ast-global-color-4)","background-image":"","background-repeat":"repeat","background-position":"center center","background-size":"auto","background-attachment":"scroll","background-type":"","background-media":"","overlay-type":"","overlay-color":"","overlay-opacity":"","overlay-gradient":""},"tablet":{"background-color":"var(--ast-global-color-4)","background-image":"","background-repeat":"repeat","background-position":"center center","background-size":"auto","background-attachment":"scroll","background-type":"","background-media":"","overlay-type":"","overlay-color":"","overlay-opacity":"","overlay-gradient":""},"mobile":{"background-color":"var(--ast-global-color-4)","background-image":"","background-repeat":"repeat","background-position":"center center","background-size":"auto","background-attachment":"scroll","background-type":"","background-media":"","overlay-type":"","overlay-color":"","overlay-opacity":"","overlay-gradient":""}}},"product_brand":[],"product_cat":[9888,9887],"product_tag":[],"class_list":{"0":"post-25143","1":"product","2":"type-product","3":"status-publish","4":"has-post-thumbnail","6":"product_cat-vadyba-ir-finansai","7":"product_cat-verslas","8":"desktop-align-left","9":"tablet-align-left","10":"mobile-align-left","12":"first","13":"instock","14":"shipping-taxable","15":"purchasable","16":"product-type-simple"},"acf":[],"yoast_head":"<!-- This site is optimized with the Yoast SEO plugin v27.0 - https:\/\/yoast.com\/product\/yoast-seo-wordpress\/ -->\n<title>Stiprus \u017emogus: asmeninio bankroto gidas<\/title>\n<meta name=\"description\" content=\"Knygoje \u201eStiprus \u017emogus. Asmeninio bankroto gidas&quot; apra\u0161omos tikros \u017emoni\u0173 istorijos, kai skolos prispaud\u017eia taip, jog joms i\u0161mok\u0117ti nebeu\u017etekt\u0173 ir keli\u0173\" \/>\n<meta name=\"robots\" content=\"index, follow, max-snippet:-1, max-image-preview:large, max-video-preview:-1\" \/>\n<link rel=\"canonical\" href=\"https:\/\/skaitytaknyga.lt\/en\/produktas\/stiprus-zmogus-asmeninio-bankroto-gidas\/\" \/>\n<meta property=\"og:locale\" content=\"en_GB\" \/>\n<meta property=\"og:locale:alternate\" content=\"lt_LT\" \/>\n<meta property=\"og:type\" content=\"article\" \/>\n<meta property=\"og:title\" content=\"Stiprus \u017emogus: asmeninio bankroto gidas\" \/>\n<meta property=\"og:description\" content=\"Knygoje \u201eStiprus \u017emogus. Asmeninio bankroto gidas&quot; apra\u0161omos tikros \u017emoni\u0173 istorijos, kai skolos prispaud\u017eia taip, jog joms i\u0161mok\u0117ti nebeu\u017etekt\u0173 ir keli\u0173\" \/>\n<meta property=\"og:url\" content=\"https:\/\/skaitytaknyga.lt\/en\/produktas\/stiprus-zmogus-asmeninio-bankroto-gidas\/\" \/>\n<meta property=\"og:site_name\" content=\"Skaitytaknyga\" \/>\n<meta property=\"article:publisher\" content=\"https:\/\/www.facebook.com\/skaitytaknyga\/\" \/>\n<meta property=\"article:modified_time\" content=\"2026-03-24T09:29:31+00:00\" \/>\n<meta property=\"og:image\" content=\"https:\/\/skaitytaknyga.lt\/wp-content\/uploads\/2026\/03\/Stiprus-zmogus-asmeninio-bankroto-gidas.webp\" \/>\n\t<meta property=\"og:image:width\" content=\"482\" \/>\n\t<meta property=\"og:image:height\" content=\"801\" \/>\n\t<meta property=\"og:image:type\" content=\"image\/webp\" \/>\n<meta name=\"twitter:card\" content=\"summary_large_image\" \/>\n<meta name=\"twitter:label1\" content=\"Estimated reading time\" \/>\n\t<meta name=\"twitter:data1\" content=\"1 minute\" \/>\n<script type=\"application\/ld+json\" class=\"yoast-schema-graph\">{\"@context\":\"https:\/\/schema.org\",\"@graph\":[{\"@type\":\"WebPage\",\"@id\":\"https:\/\/skaitytaknyga.lt\/produktas\/stiprus-zmogus-asmeninio-bankroto-gidas\/\",\"url\":\"https:\/\/skaitytaknyga.lt\/produktas\/stiprus-zmogus-asmeninio-bankroto-gidas\/\",\"name\":\"Stiprus \u017emogus: asmeninio bankroto gidas\",\"isPartOf\":{\"@id\":\"https:\/\/skaitytaknyga.lt\/#website\"},\"primaryImageOfPage\":{\"@id\":\"https:\/\/skaitytaknyga.lt\/produktas\/stiprus-zmogus-asmeninio-bankroto-gidas\/#primaryimage\"},\"image\":{\"@id\":\"https:\/\/skaitytaknyga.lt\/produktas\/stiprus-zmogus-asmeninio-bankroto-gidas\/#primaryimage\"},\"thumbnailUrl\":\"https:\/\/skaitytaknyga.lt\/wp-content\/uploads\/2026\/03\/Stiprus-zmogus-asmeninio-bankroto-gidas.webp\",\"datePublished\":\"2026-03-24T09:24:01+00:00\",\"dateModified\":\"2026-03-24T09:29:31+00:00\",\"description\":\"Knygoje \u201eStiprus \u017emogus. Asmeninio bankroto gidas\\\" apra\u0161omos tikros \u017emoni\u0173 istorijos, kai skolos prispaud\u017eia taip, jog joms i\u0161mok\u0117ti nebeu\u017etekt\u0173 ir keli\u0173\",\"breadcrumb\":{\"@id\":\"https:\/\/skaitytaknyga.lt\/produktas\/stiprus-zmogus-asmeninio-bankroto-gidas\/#breadcrumb\"},\"inLanguage\":\"en-GB\",\"potentialAction\":[{\"@type\":\"ReadAction\",\"target\":[\"https:\/\/skaitytaknyga.lt\/produktas\/stiprus-zmogus-asmeninio-bankroto-gidas\/\"]}]},{\"@type\":\"ImageObject\",\"inLanguage\":\"en-GB\",\"@id\":\"https:\/\/skaitytaknyga.lt\/produktas\/stiprus-zmogus-asmeninio-bankroto-gidas\/#primaryimage\",\"url\":\"https:\/\/skaitytaknyga.lt\/wp-content\/uploads\/2026\/03\/Stiprus-zmogus-asmeninio-bankroto-gidas.webp\",\"contentUrl\":\"https:\/\/skaitytaknyga.lt\/wp-content\/uploads\/2026\/03\/Stiprus-zmogus-asmeninio-bankroto-gidas.webp\",\"width\":482,\"height\":801,\"caption\":\"Stiprus \u017emogus asmeninio bankroto gidas\"},{\"@type\":\"BreadcrumbList\",\"@id\":\"https:\/\/skaitytaknyga.lt\/produktas\/stiprus-zmogus-asmeninio-bankroto-gidas\/#breadcrumb\",\"itemListElement\":[{\"@type\":\"ListItem\",\"position\":1,\"name\":\"Home\",\"item\":\"https:\/\/skaitytaknyga.lt\/\"},{\"@type\":\"ListItem\",\"position\":2,\"name\":\"Parduotuv\u0117\",\"item\":\"https:\/\/skaitytaknyga.lt\/knygu-parduotuve\/\"},{\"@type\":\"ListItem\",\"position\":3,\"name\":\"Stiprus \u017emogus: asmeninio bankroto gidas\"}]},{\"@type\":\"WebSite\",\"@id\":\"https:\/\/skaitytaknyga.lt\/#website\",\"url\":\"https:\/\/skaitytaknyga.lt\/\",\"name\":\"skaitytaknyga.lt\",\"description\":\"Skaitytaknyga.lt \u2013 tai ma\u017eas \u0161eimos verslas, kuris prasid\u0117jo nuo meil\u0117s knygoms ir siekio i\u0161gelb\u0117ti knygas nuo likimo prie konteinerio. Kas vienam nereikalingas daiktas \u2013 kitam lobis, o mes esame tarpininkai, kurie padeda abiems tapti laimingesniems ???? \u017dinome kaip nelengva i\u0161gyventi ma\u017eiems verslams, tad nuo \u0161iol, \u010dia rasite ir kit\u0173, ma\u017e\u0173 \u0161eim\u0173 versl\u0173, rank\u0173 darbo, dovan\u0173 sau ir artimiesiems.\",\"publisher\":{\"@id\":\"https:\/\/skaitytaknyga.lt\/#organization\"},\"potentialAction\":[{\"@type\":\"SearchAction\",\"target\":{\"@type\":\"EntryPoint\",\"urlTemplate\":\"https:\/\/skaitytaknyga.lt\/?s={search_term_string}\"},\"query-input\":{\"@type\":\"PropertyValueSpecification\",\"valueRequired\":true,\"valueName\":\"search_term_string\"}}],\"inLanguage\":\"en-GB\"},{\"@type\":\"Organization\",\"@id\":\"https:\/\/skaitytaknyga.lt\/#organization\",\"name\":\"skaitytaknyga.lt\",\"url\":\"https:\/\/skaitytaknyga.lt\/\",\"logo\":{\"@type\":\"ImageObject\",\"inLanguage\":\"en-GB\",\"@id\":\"https:\/\/skaitytaknyga.lt\/#\/schema\/logo\/image\/\",\"url\":\"https:\/\/skaitytaknyga.lt\/wp-content\/uploads\/2024\/05\/cropped-cropped-cropped-02_00843_jt3bggkj1j3HLc7SyY6rEUpg.jpeg\",\"contentUrl\":\"https:\/\/skaitytaknyga.lt\/wp-content\/uploads\/2024\/05\/cropped-cropped-cropped-02_00843_jt3bggkj1j3HLc7SyY6rEUpg.jpeg\",\"width\":1600,\"height\":1600,\"caption\":\"skaitytaknyga.lt\"},\"image\":{\"@id\":\"https:\/\/skaitytaknyga.lt\/#\/schema\/logo\/image\/\"},\"sameAs\":[\"https:\/\/www.facebook.com\/skaitytaknyga\/\"]}]}<\/script>\n<!-- \/ Yoast SEO plugin. -->","yoast_head_json":{"title":"Stiprus \u017emogus: asmeninio bankroto gidas","description":"Knygoje \u201eStiprus \u017emogus. Asmeninio bankroto gidas\" apra\u0161omos tikros \u017emoni\u0173 istorijos, kai skolos prispaud\u017eia taip, jog joms i\u0161mok\u0117ti nebeu\u017etekt\u0173 ir keli\u0173","robots":{"index":"index","follow":"follow","max-snippet":"max-snippet:-1","max-image-preview":"max-image-preview:large","max-video-preview":"max-video-preview:-1"},"canonical":"https:\/\/skaitytaknyga.lt\/en\/produktas\/stiprus-zmogus-asmeninio-bankroto-gidas\/","og_locale":"en_GB","og_type":"article","og_title":"[:lt]Stiprus \u017emogus: asmeninio bankroto gidas[:] - Skaitytaknyga","og_description":"Knygoje \u201eStiprus \u017emogus. Asmeninio bankroto gidas\" apra\u0161omos tikros \u017emoni\u0173 istorijos, kai skolos prispaud\u017eia taip, jog joms i\u0161mok\u0117ti nebeu\u017etekt\u0173 ir keli\u0173","og_url":"https:\/\/skaitytaknyga.lt\/en\/produktas\/stiprus-zmogus-asmeninio-bankroto-gidas\/","og_site_name":"Skaitytaknyga","article_publisher":"https:\/\/www.facebook.com\/skaitytaknyga\/","article_modified_time":"2026-03-24T09:29:31+00:00","og_image":[{"width":482,"height":801,"url":"https:\/\/skaitytaknyga.lt\/wp-content\/uploads\/2026\/03\/Stiprus-zmogus-asmeninio-bankroto-gidas.webp","type":"image\/webp"}],"twitter_card":"summary_large_image","twitter_misc":{"Estimated reading time":"1 minute"},"schema":{"@context":"https:\/\/schema.org","@graph":[{"@type":"WebPage","@id":"https:\/\/skaitytaknyga.lt\/produktas\/stiprus-zmogus-asmeninio-bankroto-gidas\/","url":"https:\/\/skaitytaknyga.lt\/produktas\/stiprus-zmogus-asmeninio-bankroto-gidas\/","name":"Stiprus \u017emogus: asmeninio bankroto gidas","isPartOf":{"@id":"https:\/\/skaitytaknyga.lt\/#website"},"primaryImageOfPage":{"@id":"https:\/\/skaitytaknyga.lt\/produktas\/stiprus-zmogus-asmeninio-bankroto-gidas\/#primaryimage"},"image":{"@id":"https:\/\/skaitytaknyga.lt\/produktas\/stiprus-zmogus-asmeninio-bankroto-gidas\/#primaryimage"},"thumbnailUrl":"https:\/\/skaitytaknyga.lt\/wp-content\/uploads\/2026\/03\/Stiprus-zmogus-asmeninio-bankroto-gidas.webp","datePublished":"2026-03-24T09:24:01+00:00","dateModified":"2026-03-24T09:29:31+00:00","description":"Knygoje \u201eStiprus \u017emogus. Asmeninio bankroto gidas\" apra\u0161omos tikros \u017emoni\u0173 istorijos, kai skolos prispaud\u017eia taip, jog joms i\u0161mok\u0117ti nebeu\u017etekt\u0173 ir keli\u0173","breadcrumb":{"@id":"https:\/\/skaitytaknyga.lt\/produktas\/stiprus-zmogus-asmeninio-bankroto-gidas\/#breadcrumb"},"inLanguage":"en-GB","potentialAction":[{"@type":"ReadAction","target":["https:\/\/skaitytaknyga.lt\/produktas\/stiprus-zmogus-asmeninio-bankroto-gidas\/"]}]},{"@type":"ImageObject","inLanguage":"en-GB","@id":"https:\/\/skaitytaknyga.lt\/produktas\/stiprus-zmogus-asmeninio-bankroto-gidas\/#primaryimage","url":"https:\/\/skaitytaknyga.lt\/wp-content\/uploads\/2026\/03\/Stiprus-zmogus-asmeninio-bankroto-gidas.webp","contentUrl":"https:\/\/skaitytaknyga.lt\/wp-content\/uploads\/2026\/03\/Stiprus-zmogus-asmeninio-bankroto-gidas.webp","width":482,"height":801,"caption":"Stiprus \u017emogus asmeninio bankroto gidas"},{"@type":"BreadcrumbList","@id":"https:\/\/skaitytaknyga.lt\/produktas\/stiprus-zmogus-asmeninio-bankroto-gidas\/#breadcrumb","itemListElement":[{"@type":"ListItem","position":1,"name":"Home","item":"https:\/\/skaitytaknyga.lt\/"},{"@type":"ListItem","position":2,"name":"Parduotuv\u0117","item":"https:\/\/skaitytaknyga.lt\/knygu-parduotuve\/"},{"@type":"ListItem","position":3,"name":"Stiprus \u017emogus: asmeninio bankroto gidas"}]},{"@type":"WebSite","@id":"https:\/\/skaitytaknyga.lt\/#website","url":"https:\/\/skaitytaknyga.lt\/","name":"skaitytaknyga.lt","description":"Skaitytaknyga.lt \u2013 tai ma\u017eas \u0161eimos verslas, kuris prasid\u0117jo nuo meil\u0117s knygoms ir siekio i\u0161gelb\u0117ti knygas nuo likimo prie konteinerio. Kas vienam nereikalingas daiktas \u2013 kitam lobis, o mes esame tarpininkai, kurie padeda abiems tapti laimingesniems ???? \u017dinome kaip nelengva i\u0161gyventi ma\u017eiems verslams, tad nuo \u0161iol, \u010dia rasite ir kit\u0173, ma\u017e\u0173 \u0161eim\u0173 versl\u0173, rank\u0173 darbo, dovan\u0173 sau ir artimiesiems.","publisher":{"@id":"https:\/\/skaitytaknyga.lt\/#organization"},"potentialAction":[{"@type":"SearchAction","target":{"@type":"EntryPoint","urlTemplate":"https:\/\/skaitytaknyga.lt\/?s={search_term_string}"},"query-input":{"@type":"PropertyValueSpecification","valueRequired":true,"valueName":"search_term_string"}}],"inLanguage":"en-GB"},{"@type":"Organization","@id":"https:\/\/skaitytaknyga.lt\/#organization","name":"skaitytaknyga.lt","url":"https:\/\/skaitytaknyga.lt\/","logo":{"@type":"ImageObject","inLanguage":"en-GB","@id":"https:\/\/skaitytaknyga.lt\/#\/schema\/logo\/image\/","url":"https:\/\/skaitytaknyga.lt\/wp-content\/uploads\/2024\/05\/cropped-cropped-cropped-02_00843_jt3bggkj1j3HLc7SyY6rEUpg.jpeg","contentUrl":"https:\/\/skaitytaknyga.lt\/wp-content\/uploads\/2024\/05\/cropped-cropped-cropped-02_00843_jt3bggkj1j3HLc7SyY6rEUpg.jpeg","width":1600,"height":1600,"caption":"skaitytaknyga.lt"},"image":{"@id":"https:\/\/skaitytaknyga.lt\/#\/schema\/logo\/image\/"},"sameAs":["https:\/\/www.facebook.com\/skaitytaknyga\/"]}]}},"_links":{"self":[{"href":"https:\/\/skaitytaknyga.lt\/en\/wp-json\/wp\/v2\/product\/25143","targetHints":{"allow":["GET"]}}],"collection":[{"href":"https:\/\/skaitytaknyga.lt\/en\/wp-json\/wp\/v2\/product"}],"about":[{"href":"https:\/\/skaitytaknyga.lt\/en\/wp-json\/wp\/v2\/types\/product"}],"replies":[{"embeddable":true,"href":"https:\/\/skaitytaknyga.lt\/en\/wp-json\/wp\/v2\/comments?post=25143"}],"wp:featuredmedia":[{"embeddable":true,"href":"https:\/\/skaitytaknyga.lt\/en\/wp-json\/wp\/v2\/media\/25148"}],"wp:attachment":[{"href":"https:\/\/skaitytaknyga.lt\/en\/wp-json\/wp\/v2\/media?parent=25143"}],"wp:term":[{"taxonomy":"product_brand","embeddable":true,"href":"https:\/\/skaitytaknyga.lt\/en\/wp-json\/wp\/v2\/product_brand?post=25143"},{"taxonomy":"product_cat","embeddable":true,"href":"https:\/\/skaitytaknyga.lt\/en\/wp-json\/wp\/v2\/product_cat?post=25143"},{"taxonomy":"product_tag","embeddable":true,"href":"https:\/\/skaitytaknyga.lt\/en\/wp-json\/wp\/v2\/product_tag?post=25143"}],"curies":[{"name":"wp","href":"https:\/\/api.w.org\/{rel}","templated":true}]}}