{"id":25137,"date":"2026-03-24T10:57:14","date_gmt":"2026-03-24T08:57:14","guid":{"rendered":"https:\/\/skaitytaknyga.lt\/?post_type=product&#038;p=25137"},"modified":"2026-03-24T11:29:31","modified_gmt":"2026-03-24T09:29:31","slug":"musu-paslaptys","status":"publish","type":"product","link":"https:\/\/skaitytaknyga.lt\/en\/produktas\/musu-paslaptys\/","title":{"rendered":"M\u016bs\u0173 paslaptys"},"content":{"rendered":"<p>Tai istorija apie gyvenim\u0105 pakeitusi\u0105 vasar\u0105 kalnuose, apie meil\u0119 ir kan\u010di\u0105, apie pat\u012f sud\u0117tingiausi\u0105 apsisprendim\u0105. Apie balansavim\u0105 ant mirties ribos, apie slapstym\u0105si, baim\u0119 ir i\u0161svajot\u0105 laisv\u0119. Apie sugr\u012f\u017eim\u0105 \u012f viet\u0105, kurioje tiek visko \u012fvyko.<\/p>\n<p>Atokiame kaln\u0173 miestelyje Sen Antuane Selest\u0117 Korvin, vis\u0173 vadinama \u010ce\u010di, kasdien kartu su t\u0117vu dirba \u0161eimos kepykloje. Tiesa, dabar kepiniai da\u017enai pr\u0117ski, nes vyksta karas ir tr\u016bksta b\u016btiniausi\u0173 produkt\u0173. Brolis Leonas suimtas ir kur\u012f laik\u0105 jo likimas ne\u017einomas. Ta\u010diau vien\u0105 dien\u0105 gyvenimas miestelyje pasikei\u010dia: ital\u0173 vald\u017eia leid\u017eia \u010dia apsigyventi \u017eydams. Tarp atvykusi\u0173j\u0173 \u2013 Miriam Rais, ji kartu su vyru i\u0161sinuomoja kambar\u012f Korvin\u0173 namuose. Selest\u0117 ir atvyk\u0117l\u0117 susidraugauja: eina pasivaik\u0161\u010dioti \u012f kalnus, renka \u017eoleles ir uogas, pusry\u010diauja pievoje, leid\u017eia laik\u0105 kaln\u0173 trobel\u0117je, med\u017eioja. Netgi Selest\u0117s vestuv\u0117s, kurias suplanavo t\u0117vai, nei\u0161skiria \u0161i\u0173 dviej\u0173 mergin\u0173.<\/p>\n<p>Pra\u0117jus penkiasde\u0161im\u010diai met\u0173 An\u0117 ima ie\u0161koti savo mo\u010diut\u0117s, su kuria nei ji, nei jos mama jau penkiolika met\u0173 nepalaiko ry\u0161io. Tetur\u0117dama vienintel\u012f dokument\u0105, galb\u016bt nuvesiant\u012f j\u0105 iki mo\u010diut\u0117s, An\u0117 i\u0161 Anglijos leid\u017eiasi \u012f Pary\u017ei\u0173 ie\u0161koti tiesos. Ta\u010diau paie\u0161kos atveda j\u0105 prie tikrosios jos \u0161eimos istorijos, kuri visk\u0105 apvers auk\u0161tyn kojomis.<\/p>\n","protected":false},"excerpt":{"rendered":"<p>Tai istorija apie gyvenim\u0105 pakeitusi\u0105 vasar\u0105 kalnuose, apie meil\u0119 ir kan\u010di\u0105, apie pat\u012f sud\u0117tingiausi\u0105 apsisprendim\u0105. Apie balansavim\u0105 ant mirties ribos, apie slapstym\u0105si, baim\u0119 ir i\u0161svajot\u0105 laisv\u0119. Apie sugr\u012f\u017eim\u0105 \u012f viet\u0105, kurioje tiek visko \u012fvyko. Atokiame kaln\u0173 miestelyje Sen Antuane Selest\u0117 Korvin, vis\u0173 vadinama \u010ce\u010di, kasdien kartu su t\u0117vu dirba \u0161eimos kepykloje. Tiesa, dabar kepiniai da\u017enai pr\u0117ski, nes vyksta karas ir tr\u016bksta b\u016btiniausi\u0173 produkt\u0173. Brolis Leonas suimtas ir kur\u012f laik\u0105 jo likimas ne\u017einomas. Ta\u010diau vien\u0105 dien\u0105 gyvenimas miestelyje pasikei\u010dia: ital\u0173 vald\u017eia leid\u017eia \u010dia apsigyventi \u017eydams. Tarp atvykusi\u0173j\u0173 \u2013 Miriam Rais, ji kartu su vyru i\u0161sinuomoja kambar\u012f Korvin\u0173 namuose. Selest\u0117 ir atvyk\u0117l\u0117 susidraugauja: eina pasivaik\u0161\u010dioti \u012f kalnus, renka \u017eoleles ir uogas, pusry\u010diauja pievoje, leid\u017eia laik\u0105 kaln\u0173 trobel\u0117je, med\u017eioja. Netgi Selest\u0117s vestuv\u0117s, kurias suplanavo t\u0117vai, nei\u0161skiria \u0161i\u0173 dviej\u0173 mergin\u0173. Pra\u0117jus penkiasde\u0161im\u010diai met\u0173 An\u0117 ima ie\u0161koti savo mo\u010diut\u0117s, su kuria nei ji, nei jos mama jau penkiolika met\u0173 nepalaiko ry\u0161io. Tetur\u0117dama vienintel\u012f dokument\u0105, galb\u016bt nuvesiant\u012f j\u0105 iki mo\u010diut\u0117s, An\u0117 i\u0161 Anglijos leid\u017eiasi \u012f Pary\u017ei\u0173 ie\u0161koti tiesos. Ta\u010diau paie\u0161kos atveda j\u0105 prie tikrosios jos \u0161eimos istorijos, kuri visk\u0105 apvers auk\u0161tyn kojomis.<\/p>\n","protected":false},"featured_media":25142,"comment_status":"open","ping_status":"closed","template":"","meta":{"_acf_changed":false,"site-sidebar-layout":"default","site-content-layout":"","ast-site-content-layout":"default","site-content-style":"default","site-sidebar-style":"default","ast-global-header-display":"","ast-banner-title-visibility":"","ast-main-header-display":"","ast-hfb-above-header-display":"","ast-hfb-below-header-display":"","ast-hfb-mobile-header-display":"","site-post-title":"","ast-breadcrumbs-content":"","ast-featured-img":"","footer-sml-layout":"","ast-disable-related-posts":"","theme-transparent-header-meta":"","adv-header-id-meta":"","stick-header-meta":"","header-above-stick-meta":"","header-main-stick-meta":"","header-below-stick-meta":"","astra-migrate-meta-layouts":"default","ast-page-background-enabled":"default","ast-page-background-meta":{"desktop":{"background-color":"","background-image":"","background-repeat":"repeat","background-position":"center center","background-size":"auto","background-attachment":"scroll","background-type":"","background-media":"","overlay-type":"","overlay-color":"","overlay-opacity":"","overlay-gradient":""},"tablet":{"background-color":"","background-image":"","background-repeat":"repeat","background-position":"center center","background-size":"auto","background-attachment":"scroll","background-type":"","background-media":"","overlay-type":"","overlay-color":"","overlay-opacity":"","overlay-gradient":""},"mobile":{"background-color":"","background-image":"","background-repeat":"repeat","background-position":"center center","background-size":"auto","background-attachment":"scroll","background-type":"","background-media":"","overlay-type":"","overlay-color":"","overlay-opacity":"","overlay-gradient":""}},"ast-content-background-meta":{"desktop":{"background-color":"var(--ast-global-color-4)","background-image":"","background-repeat":"repeat","background-position":"center center","background-size":"auto","background-attachment":"scroll","background-type":"","background-media":"","overlay-type":"","overlay-color":"","overlay-opacity":"","overlay-gradient":""},"tablet":{"background-color":"var(--ast-global-color-4)","background-image":"","background-repeat":"repeat","background-position":"center center","background-size":"auto","background-attachment":"scroll","background-type":"","background-media":"","overlay-type":"","overlay-color":"","overlay-opacity":"","overlay-gradient":""},"mobile":{"background-color":"var(--ast-global-color-4)","background-image":"","background-repeat":"repeat","background-position":"center center","background-size":"auto","background-attachment":"scroll","background-type":"","background-media":"","overlay-type":"","overlay-color":"","overlay-opacity":"","overlay-gradient":""}}},"product_brand":[],"product_cat":[9618],"product_tag":[],"class_list":{"0":"post-25137","1":"product","2":"type-product","3":"status-publish","4":"has-post-thumbnail","6":"product_cat-istoriniai-romanai","7":"desktop-align-left","8":"tablet-align-left","9":"mobile-align-left","11":"first","12":"instock","13":"shipping-taxable","14":"purchasable","15":"product-type-simple"},"acf":[],"yoast_head":"<!-- This site is optimized with the Yoast SEO plugin v27.0 - https:\/\/yoast.com\/product\/yoast-seo-wordpress\/ -->\n<title>M\u016bs\u0173 paslaptys<\/title>\n<meta name=\"description\" content=\"Tai istorija apie gyvenim\u0105 pakeitusi\u0105 vasar\u0105 kalnuose, apie meil\u0119 ir kan\u010di\u0105, apie pat\u012f sud\u0117tingiausi\u0105 apsisprendim\u0105. Apie balansavim\u0105 ant mirties ribos,\" \/>\n<meta name=\"robots\" content=\"index, follow, max-snippet:-1, max-image-preview:large, max-video-preview:-1\" \/>\n<link rel=\"canonical\" href=\"https:\/\/skaitytaknyga.lt\/en\/produktas\/musu-paslaptys\/\" \/>\n<meta property=\"og:locale\" content=\"en_GB\" \/>\n<meta property=\"og:locale:alternate\" content=\"lt_LT\" \/>\n<meta property=\"og:type\" content=\"article\" \/>\n<meta property=\"og:title\" content=\"M\u016bs\u0173 paslaptys\" \/>\n<meta property=\"og:description\" content=\"Tai istorija apie gyvenim\u0105 pakeitusi\u0105 vasar\u0105 kalnuose, apie meil\u0119 ir kan\u010di\u0105, apie pat\u012f sud\u0117tingiausi\u0105 apsisprendim\u0105. Apie balansavim\u0105 ant mirties ribos,\" \/>\n<meta property=\"og:url\" content=\"https:\/\/skaitytaknyga.lt\/en\/produktas\/musu-paslaptys\/\" \/>\n<meta property=\"og:site_name\" content=\"Skaitytaknyga\" \/>\n<meta property=\"article:publisher\" content=\"https:\/\/www.facebook.com\/skaitytaknyga\/\" \/>\n<meta property=\"article:modified_time\" content=\"2026-03-24T09:29:31+00:00\" \/>\n<meta property=\"og:image\" content=\"https:\/\/skaitytaknyga.lt\/wp-content\/uploads\/2026\/03\/Musu-paslaptys-e1774344188222.webp\" \/>\n\t<meta property=\"og:image:width\" content=\"300\" \/>\n\t<meta property=\"og:image:height\" content=\"450\" \/>\n\t<meta property=\"og:image:type\" content=\"image\/webp\" \/>\n<meta name=\"twitter:card\" content=\"summary_large_image\" \/>\n<meta name=\"twitter:label1\" content=\"Estimated reading time\" \/>\n\t<meta name=\"twitter:data1\" content=\"1 minute\" \/>\n<script type=\"application\/ld+json\" class=\"yoast-schema-graph\">{\"@context\":\"https:\/\/schema.org\",\"@graph\":[{\"@type\":\"WebPage\",\"@id\":\"https:\/\/skaitytaknyga.lt\/produktas\/musu-paslaptys\/\",\"url\":\"https:\/\/skaitytaknyga.lt\/produktas\/musu-paslaptys\/\",\"name\":\"M\u016bs\u0173 paslaptys\",\"isPartOf\":{\"@id\":\"https:\/\/skaitytaknyga.lt\/#website\"},\"primaryImageOfPage\":{\"@id\":\"https:\/\/skaitytaknyga.lt\/produktas\/musu-paslaptys\/#primaryimage\"},\"image\":{\"@id\":\"https:\/\/skaitytaknyga.lt\/produktas\/musu-paslaptys\/#primaryimage\"},\"thumbnailUrl\":\"https:\/\/skaitytaknyga.lt\/wp-content\/uploads\/2026\/03\/Musu-paslaptys-e1774344188222.webp\",\"datePublished\":\"2026-03-24T08:57:14+00:00\",\"dateModified\":\"2026-03-24T09:29:31+00:00\",\"description\":\"Tai istorija apie gyvenim\u0105 pakeitusi\u0105 vasar\u0105 kalnuose, apie meil\u0119 ir kan\u010di\u0105, apie pat\u012f sud\u0117tingiausi\u0105 apsisprendim\u0105. Apie balansavim\u0105 ant mirties ribos,\",\"breadcrumb\":{\"@id\":\"https:\/\/skaitytaknyga.lt\/produktas\/musu-paslaptys\/#breadcrumb\"},\"inLanguage\":\"en-GB\",\"potentialAction\":[{\"@type\":\"ReadAction\",\"target\":[\"https:\/\/skaitytaknyga.lt\/produktas\/musu-paslaptys\/\"]}]},{\"@type\":\"ImageObject\",\"inLanguage\":\"en-GB\",\"@id\":\"https:\/\/skaitytaknyga.lt\/produktas\/musu-paslaptys\/#primaryimage\",\"url\":\"https:\/\/skaitytaknyga.lt\/wp-content\/uploads\/2026\/03\/Musu-paslaptys-e1774344188222.webp\",\"contentUrl\":\"https:\/\/skaitytaknyga.lt\/wp-content\/uploads\/2026\/03\/Musu-paslaptys-e1774344188222.webp\",\"width\":300,\"height\":450,\"caption\":\"M\u016bs\u0173 paslaptys\"},{\"@type\":\"BreadcrumbList\",\"@id\":\"https:\/\/skaitytaknyga.lt\/produktas\/musu-paslaptys\/#breadcrumb\",\"itemListElement\":[{\"@type\":\"ListItem\",\"position\":1,\"name\":\"Home\",\"item\":\"https:\/\/skaitytaknyga.lt\/\"},{\"@type\":\"ListItem\",\"position\":2,\"name\":\"Parduotuv\u0117\",\"item\":\"https:\/\/skaitytaknyga.lt\/knygu-parduotuve\/\"},{\"@type\":\"ListItem\",\"position\":3,\"name\":\"M\u016bs\u0173 paslaptys\"}]},{\"@type\":\"WebSite\",\"@id\":\"https:\/\/skaitytaknyga.lt\/#website\",\"url\":\"https:\/\/skaitytaknyga.lt\/\",\"name\":\"skaitytaknyga.lt\",\"description\":\"Skaitytaknyga.lt \u2013 tai ma\u017eas \u0161eimos verslas, kuris prasid\u0117jo nuo meil\u0117s knygoms ir siekio i\u0161gelb\u0117ti knygas nuo likimo prie konteinerio. Kas vienam nereikalingas daiktas \u2013 kitam lobis, o mes esame tarpininkai, kurie padeda abiems tapti laimingesniems ???? \u017dinome kaip nelengva i\u0161gyventi ma\u017eiems verslams, tad nuo \u0161iol, \u010dia rasite ir kit\u0173, ma\u017e\u0173 \u0161eim\u0173 versl\u0173, rank\u0173 darbo, dovan\u0173 sau ir artimiesiems.\",\"publisher\":{\"@id\":\"https:\/\/skaitytaknyga.lt\/#organization\"},\"potentialAction\":[{\"@type\":\"SearchAction\",\"target\":{\"@type\":\"EntryPoint\",\"urlTemplate\":\"https:\/\/skaitytaknyga.lt\/?s={search_term_string}\"},\"query-input\":{\"@type\":\"PropertyValueSpecification\",\"valueRequired\":true,\"valueName\":\"search_term_string\"}}],\"inLanguage\":\"en-GB\"},{\"@type\":\"Organization\",\"@id\":\"https:\/\/skaitytaknyga.lt\/#organization\",\"name\":\"skaitytaknyga.lt\",\"url\":\"https:\/\/skaitytaknyga.lt\/\",\"logo\":{\"@type\":\"ImageObject\",\"inLanguage\":\"en-GB\",\"@id\":\"https:\/\/skaitytaknyga.lt\/#\/schema\/logo\/image\/\",\"url\":\"https:\/\/skaitytaknyga.lt\/wp-content\/uploads\/2024\/05\/cropped-cropped-cropped-02_00843_jt3bggkj1j3HLc7SyY6rEUpg.jpeg\",\"contentUrl\":\"https:\/\/skaitytaknyga.lt\/wp-content\/uploads\/2024\/05\/cropped-cropped-cropped-02_00843_jt3bggkj1j3HLc7SyY6rEUpg.jpeg\",\"width\":1600,\"height\":1600,\"caption\":\"skaitytaknyga.lt\"},\"image\":{\"@id\":\"https:\/\/skaitytaknyga.lt\/#\/schema\/logo\/image\/\"},\"sameAs\":[\"https:\/\/www.facebook.com\/skaitytaknyga\/\"]}]}<\/script>\n<!-- \/ Yoast SEO plugin. -->","yoast_head_json":{"title":"M\u016bs\u0173 paslaptys","description":"Tai istorija apie gyvenim\u0105 pakeitusi\u0105 vasar\u0105 kalnuose, apie meil\u0119 ir kan\u010di\u0105, apie pat\u012f sud\u0117tingiausi\u0105 apsisprendim\u0105. Apie balansavim\u0105 ant mirties ribos,","robots":{"index":"index","follow":"follow","max-snippet":"max-snippet:-1","max-image-preview":"max-image-preview:large","max-video-preview":"max-video-preview:-1"},"canonical":"https:\/\/skaitytaknyga.lt\/en\/produktas\/musu-paslaptys\/","og_locale":"en_GB","og_type":"article","og_title":"[:lt]M\u016bs\u0173 paslaptys[:] - Skaitytaknyga","og_description":"Tai istorija apie gyvenim\u0105 pakeitusi\u0105 vasar\u0105 kalnuose, apie meil\u0119 ir kan\u010di\u0105, apie pat\u012f sud\u0117tingiausi\u0105 apsisprendim\u0105. Apie balansavim\u0105 ant mirties ribos,","og_url":"https:\/\/skaitytaknyga.lt\/en\/produktas\/musu-paslaptys\/","og_site_name":"Skaitytaknyga","article_publisher":"https:\/\/www.facebook.com\/skaitytaknyga\/","article_modified_time":"2026-03-24T09:29:31+00:00","og_image":[{"width":300,"height":450,"url":"https:\/\/skaitytaknyga.lt\/wp-content\/uploads\/2026\/03\/Musu-paslaptys-e1774344188222.webp","type":"image\/webp"}],"twitter_card":"summary_large_image","twitter_misc":{"Estimated reading time":"1 minute"},"schema":{"@context":"https:\/\/schema.org","@graph":[{"@type":"WebPage","@id":"https:\/\/skaitytaknyga.lt\/produktas\/musu-paslaptys\/","url":"https:\/\/skaitytaknyga.lt\/produktas\/musu-paslaptys\/","name":"M\u016bs\u0173 paslaptys","isPartOf":{"@id":"https:\/\/skaitytaknyga.lt\/#website"},"primaryImageOfPage":{"@id":"https:\/\/skaitytaknyga.lt\/produktas\/musu-paslaptys\/#primaryimage"},"image":{"@id":"https:\/\/skaitytaknyga.lt\/produktas\/musu-paslaptys\/#primaryimage"},"thumbnailUrl":"https:\/\/skaitytaknyga.lt\/wp-content\/uploads\/2026\/03\/Musu-paslaptys-e1774344188222.webp","datePublished":"2026-03-24T08:57:14+00:00","dateModified":"2026-03-24T09:29:31+00:00","description":"Tai istorija apie gyvenim\u0105 pakeitusi\u0105 vasar\u0105 kalnuose, apie meil\u0119 ir kan\u010di\u0105, apie pat\u012f sud\u0117tingiausi\u0105 apsisprendim\u0105. Apie balansavim\u0105 ant mirties ribos,","breadcrumb":{"@id":"https:\/\/skaitytaknyga.lt\/produktas\/musu-paslaptys\/#breadcrumb"},"inLanguage":"en-GB","potentialAction":[{"@type":"ReadAction","target":["https:\/\/skaitytaknyga.lt\/produktas\/musu-paslaptys\/"]}]},{"@type":"ImageObject","inLanguage":"en-GB","@id":"https:\/\/skaitytaknyga.lt\/produktas\/musu-paslaptys\/#primaryimage","url":"https:\/\/skaitytaknyga.lt\/wp-content\/uploads\/2026\/03\/Musu-paslaptys-e1774344188222.webp","contentUrl":"https:\/\/skaitytaknyga.lt\/wp-content\/uploads\/2026\/03\/Musu-paslaptys-e1774344188222.webp","width":300,"height":450,"caption":"M\u016bs\u0173 paslaptys"},{"@type":"BreadcrumbList","@id":"https:\/\/skaitytaknyga.lt\/produktas\/musu-paslaptys\/#breadcrumb","itemListElement":[{"@type":"ListItem","position":1,"name":"Home","item":"https:\/\/skaitytaknyga.lt\/"},{"@type":"ListItem","position":2,"name":"Parduotuv\u0117","item":"https:\/\/skaitytaknyga.lt\/knygu-parduotuve\/"},{"@type":"ListItem","position":3,"name":"M\u016bs\u0173 paslaptys"}]},{"@type":"WebSite","@id":"https:\/\/skaitytaknyga.lt\/#website","url":"https:\/\/skaitytaknyga.lt\/","name":"skaitytaknyga.lt","description":"Skaitytaknyga.lt \u2013 tai ma\u017eas \u0161eimos verslas, kuris prasid\u0117jo nuo meil\u0117s knygoms ir siekio i\u0161gelb\u0117ti knygas nuo likimo prie konteinerio. Kas vienam nereikalingas daiktas \u2013 kitam lobis, o mes esame tarpininkai, kurie padeda abiems tapti laimingesniems ???? \u017dinome kaip nelengva i\u0161gyventi ma\u017eiems verslams, tad nuo \u0161iol, \u010dia rasite ir kit\u0173, ma\u017e\u0173 \u0161eim\u0173 versl\u0173, rank\u0173 darbo, dovan\u0173 sau ir artimiesiems.","publisher":{"@id":"https:\/\/skaitytaknyga.lt\/#organization"},"potentialAction":[{"@type":"SearchAction","target":{"@type":"EntryPoint","urlTemplate":"https:\/\/skaitytaknyga.lt\/?s={search_term_string}"},"query-input":{"@type":"PropertyValueSpecification","valueRequired":true,"valueName":"search_term_string"}}],"inLanguage":"en-GB"},{"@type":"Organization","@id":"https:\/\/skaitytaknyga.lt\/#organization","name":"skaitytaknyga.lt","url":"https:\/\/skaitytaknyga.lt\/","logo":{"@type":"ImageObject","inLanguage":"en-GB","@id":"https:\/\/skaitytaknyga.lt\/#\/schema\/logo\/image\/","url":"https:\/\/skaitytaknyga.lt\/wp-content\/uploads\/2024\/05\/cropped-cropped-cropped-02_00843_jt3bggkj1j3HLc7SyY6rEUpg.jpeg","contentUrl":"https:\/\/skaitytaknyga.lt\/wp-content\/uploads\/2024\/05\/cropped-cropped-cropped-02_00843_jt3bggkj1j3HLc7SyY6rEUpg.jpeg","width":1600,"height":1600,"caption":"skaitytaknyga.lt"},"image":{"@id":"https:\/\/skaitytaknyga.lt\/#\/schema\/logo\/image\/"},"sameAs":["https:\/\/www.facebook.com\/skaitytaknyga\/"]}]}},"_links":{"self":[{"href":"https:\/\/skaitytaknyga.lt\/en\/wp-json\/wp\/v2\/product\/25137","targetHints":{"allow":["GET"]}}],"collection":[{"href":"https:\/\/skaitytaknyga.lt\/en\/wp-json\/wp\/v2\/product"}],"about":[{"href":"https:\/\/skaitytaknyga.lt\/en\/wp-json\/wp\/v2\/types\/product"}],"replies":[{"embeddable":true,"href":"https:\/\/skaitytaknyga.lt\/en\/wp-json\/wp\/v2\/comments?post=25137"}],"wp:featuredmedia":[{"embeddable":true,"href":"https:\/\/skaitytaknyga.lt\/en\/wp-json\/wp\/v2\/media\/25142"}],"wp:attachment":[{"href":"https:\/\/skaitytaknyga.lt\/en\/wp-json\/wp\/v2\/media?parent=25137"}],"wp:term":[{"taxonomy":"product_brand","embeddable":true,"href":"https:\/\/skaitytaknyga.lt\/en\/wp-json\/wp\/v2\/product_brand?post=25137"},{"taxonomy":"product_cat","embeddable":true,"href":"https:\/\/skaitytaknyga.lt\/en\/wp-json\/wp\/v2\/product_cat?post=25137"},{"taxonomy":"product_tag","embeddable":true,"href":"https:\/\/skaitytaknyga.lt\/en\/wp-json\/wp\/v2\/product_tag?post=25137"}],"curies":[{"name":"wp","href":"https:\/\/api.w.org\/{rel}","templated":true}]}}