{"id":25136,"date":"2026-03-24T10:57:14","date_gmt":"2026-03-24T08:57:14","guid":{"rendered":"https:\/\/skaitytaknyga.lt\/?post_type=product&#038;p=25136"},"modified":"2026-03-24T11:29:31","modified_gmt":"2026-03-24T09:29:31","slug":"anyta-minksti-virseliai","status":"publish","type":"product","link":"https:\/\/skaitytaknyga.lt\/en\/produktas\/anyta-minksti-virseliai\/","title":{"rendered":"Anyta (mink\u0161ti vir\u0161eliai)"},"content":{"rendered":"<p>Ar yra pasaulyje moteris, kuriai nors kart\u0105 nekilo mintis atsikratyti savo anytos?<\/p>\n<p>Lius\u0117 mamos neteko paauglyst\u0117je, tad buvo kupina vil\u010di\u0173, kad b\u016bsima anyta gal\u0117s u\u017epildyti jos \u0161irdyje atsiv\u0117rusi\u0105 tu\u0161tum\u0105. Deja&#8230; Eleganti\u0161ka ir sant\u016bri Dajana yra mylinti \u017emona ir atsidavusi besilaukian\u010di\u0173 pab\u0117g\u0117li\u0173 glob\u0117ja, ta\u010diau \u0161alta savo vaikams ir an\u016bkams. Laikui b\u0117gant, mar\u010dios ir anytos santykiai tampa vis sud\u0117tingesni.<\/p>\n<p>Praeina de\u0161imt met\u0173 ir Dajana savo namuose randama negyva. Stal\u010diuje \u2013 atsisveikinimo lai\u0161kas, kuriame ji prisipa\u017e\u012fsta nebetur\u0117jusi j\u0117g\u0173 kovoti su v\u0117\u017eiu.<br \/>\nTa\u010diau po skrodimo paai\u0161k\u0117ja, kad jokio v\u0117\u017eio neb\u016bta.<\/p>\n<p>Kas gi vis d\u0117lto nutiko? Ar tikrai Dajana pasitrauk\u0117 i\u0161 gyvenimo pati? O gal kam nors jos mirtis buvo naudinga?<\/p>\n<p>Daugiasluoksnis romanas apie \u0161eimos santykius ir lemtingus pasirinkimus. Galima j\u012f skaityti kaip paini\u0105 detektyvin\u0119 istorij\u0105, bet grei\u010diau tai \u2013 psichologin\u0117 drama, atskleid\u017eianti sud\u0117tingus veik\u0117j\u0173 charakterius ir veiksm\u0173 motyvus.<\/p>\n<p>APIE AUTOR\u0118<\/p>\n<p>Sally Hepworth yra \u017emogi\u0161k\u0173j\u0173 i\u0161tekli\u0173 specialist\u0117. Mona\u0161o universiteto, esan\u010dio Melburne, Australijoje, absolvent\u0117 roman\u0173 \u0117m\u0117si gimus pirmajam vaikui. Sally yra gyvenusi daugelyje pasaulio viet\u0173, nema\u017eai laiko praleido Singap\u016bre, Jungtin\u0117je Karalyst\u0117je ir Kanadoje, \u0161iuo metu atsid\u0117jusi tik ra\u0161ymu ir yra \u012fsik\u016brusi gimtajame Melburne kartu su vyru ir trimis vaikais. Ji yra pra\u0161iusi kelet\u0105 roman\u0173, tarp j\u0173 \u2013 \u201eKaimyn\u0173 \u0161eima&#8221; ir \u201eMotinos pa\u017eadas&#8221;.<\/p>\n","protected":false},"excerpt":{"rendered":"<p>Ar yra pasaulyje moteris, kuriai nors kart\u0105 nekilo mintis atsikratyti savo anytos? Lius\u0117 mamos neteko paauglyst\u0117je, tad buvo kupina vil\u010di\u0173, kad b\u016bsima anyta gal\u0117s u\u017epildyti jos \u0161irdyje atsiv\u0117rusi\u0105 tu\u0161tum\u0105. Deja&#8230; Eleganti\u0161ka ir sant\u016bri Dajana yra mylinti \u017emona ir atsidavusi besilaukian\u010di\u0173 pab\u0117g\u0117li\u0173 glob\u0117ja, ta\u010diau \u0161alta savo vaikams ir an\u016bkams. Laikui b\u0117gant, mar\u010dios ir anytos santykiai tampa vis sud\u0117tingesni. Praeina de\u0161imt met\u0173 ir Dajana savo namuose randama negyva. Stal\u010diuje \u2013 atsisveikinimo lai\u0161kas, kuriame ji prisipa\u017e\u012fsta nebetur\u0117jusi j\u0117g\u0173 kovoti su v\u0117\u017eiu. Ta\u010diau po skrodimo paai\u0161k\u0117ja, kad jokio v\u0117\u017eio neb\u016bta. Kas gi vis d\u0117lto nutiko? Ar tikrai Dajana pasitrauk\u0117 i\u0161 gyvenimo pati? O gal kam nors jos mirtis buvo naudinga? Daugiasluoksnis romanas apie \u0161eimos santykius ir lemtingus pasirinkimus. Galima j\u012f skaityti kaip paini\u0105 detektyvin\u0119 istorij\u0105, bet grei\u010diau tai \u2013 psichologin\u0117 drama, atskleid\u017eianti sud\u0117tingus veik\u0117j\u0173 charakterius ir veiksm\u0173 motyvus. APIE AUTOR\u0118 Sally Hepworth yra \u017emogi\u0161k\u0173j\u0173 i\u0161tekli\u0173 specialist\u0117. Mona\u0161o universiteto, esan\u010dio Melburne, Australijoje, absolvent\u0117 roman\u0173 \u0117m\u0117si gimus pirmajam vaikui. Sally yra gyvenusi daugelyje pasaulio viet\u0173, nema\u017eai laiko praleido Singap\u016bre, Jungtin\u0117je Karalyst\u0117je ir Kanadoje, \u0161iuo metu atsid\u0117jusi tik ra\u0161ymu ir yra \u012fsik\u016brusi gimtajame Melburne kartu su vyru ir trimis vaikais. Ji yra pra\u0161iusi kelet\u0105 roman\u0173, tarp j\u0173 \u2013 \u201eKaimyn\u0173 \u0161eima&#8221; ir \u201eMotinos pa\u017eadas&#8221;.<\/p>\n","protected":false},"featured_media":25141,"comment_status":"open","ping_status":"closed","template":"","meta":{"_acf_changed":false,"site-sidebar-layout":"default","site-content-layout":"","ast-site-content-layout":"default","site-content-style":"default","site-sidebar-style":"default","ast-global-header-display":"","ast-banner-title-visibility":"","ast-main-header-display":"","ast-hfb-above-header-display":"","ast-hfb-below-header-display":"","ast-hfb-mobile-header-display":"","site-post-title":"","ast-breadcrumbs-content":"","ast-featured-img":"","footer-sml-layout":"","ast-disable-related-posts":"","theme-transparent-header-meta":"","adv-header-id-meta":"","stick-header-meta":"","header-above-stick-meta":"","header-main-stick-meta":"","header-below-stick-meta":"","astra-migrate-meta-layouts":"default","ast-page-background-enabled":"default","ast-page-background-meta":{"desktop":{"background-color":"","background-image":"","background-repeat":"repeat","background-position":"center center","background-size":"auto","background-attachment":"scroll","background-type":"","background-media":"","overlay-type":"","overlay-color":"","overlay-opacity":"","overlay-gradient":""},"tablet":{"background-color":"","background-image":"","background-repeat":"repeat","background-position":"center center","background-size":"auto","background-attachment":"scroll","background-type":"","background-media":"","overlay-type":"","overlay-color":"","overlay-opacity":"","overlay-gradient":""},"mobile":{"background-color":"","background-image":"","background-repeat":"repeat","background-position":"center center","background-size":"auto","background-attachment":"scroll","background-type":"","background-media":"","overlay-type":"","overlay-color":"","overlay-opacity":"","overlay-gradient":""}},"ast-content-background-meta":{"desktop":{"background-color":"var(--ast-global-color-4)","background-image":"","background-repeat":"repeat","background-position":"center center","background-size":"auto","background-attachment":"scroll","background-type":"","background-media":"","overlay-type":"","overlay-color":"","overlay-opacity":"","overlay-gradient":""},"tablet":{"background-color":"var(--ast-global-color-4)","background-image":"","background-repeat":"repeat","background-position":"center center","background-size":"auto","background-attachment":"scroll","background-type":"","background-media":"","overlay-type":"","overlay-color":"","overlay-opacity":"","overlay-gradient":""},"mobile":{"background-color":"var(--ast-global-color-4)","background-image":"","background-repeat":"repeat","background-position":"center center","background-size":"auto","background-attachment":"scroll","background-type":"","background-media":"","overlay-type":"","overlay-color":"","overlay-opacity":"","overlay-gradient":""}}},"product_brand":[],"product_cat":[9580],"product_tag":[],"class_list":{"0":"post-25136","1":"product","2":"type-product","3":"status-publish","4":"has-post-thumbnail","6":"product_cat-psichologiniai-detektyvai","7":"desktop-align-left","8":"tablet-align-left","9":"mobile-align-left","11":"first","12":"instock","13":"shipping-taxable","14":"purchasable","15":"product-type-simple"},"acf":[],"yoast_head":"<!-- This site is optimized with the Yoast SEO plugin v27.0 - https:\/\/yoast.com\/product\/yoast-seo-wordpress\/ -->\n<title>Anyta (mink\u0161ti vir\u0161eliai)<\/title>\n<meta name=\"description\" content=\"Ar yra pasaulyje moteris, kuriai nors kart\u0105 nekilo mintis atsikratyti savo anytos? Lius\u0117 mamos neteko paauglyst\u0117je, tad buvo kupina vil\u010di\u0173, kad b\u016bsima\" \/>\n<meta name=\"robots\" content=\"index, follow, max-snippet:-1, max-image-preview:large, max-video-preview:-1\" \/>\n<link rel=\"canonical\" href=\"https:\/\/skaitytaknyga.lt\/en\/produktas\/anyta-minksti-virseliai\/\" \/>\n<meta property=\"og:locale\" content=\"en_GB\" \/>\n<meta property=\"og:locale:alternate\" content=\"lt_LT\" \/>\n<meta property=\"og:type\" content=\"article\" \/>\n<meta property=\"og:title\" content=\"Anyta (mink\u0161ti vir\u0161eliai)\" \/>\n<meta property=\"og:description\" content=\"Ar yra pasaulyje moteris, kuriai nors kart\u0105 nekilo mintis atsikratyti savo anytos? Lius\u0117 mamos neteko paauglyst\u0117je, tad buvo kupina vil\u010di\u0173, kad b\u016bsima\" \/>\n<meta property=\"og:url\" content=\"https:\/\/skaitytaknyga.lt\/en\/produktas\/anyta-minksti-virseliai\/\" \/>\n<meta property=\"og:site_name\" content=\"Skaitytaknyga\" \/>\n<meta property=\"article:publisher\" content=\"https:\/\/www.facebook.com\/skaitytaknyga\/\" \/>\n<meta property=\"article:modified_time\" content=\"2026-03-24T09:29:31+00:00\" \/>\n<meta property=\"og:image\" content=\"https:\/\/skaitytaknyga.lt\/wp-content\/uploads\/2026\/03\/ANYTA.webp\" \/>\n\t<meta property=\"og:image:width\" content=\"538\" \/>\n\t<meta property=\"og:image:height\" content=\"800\" \/>\n\t<meta property=\"og:image:type\" content=\"image\/webp\" \/>\n<meta name=\"twitter:card\" content=\"summary_large_image\" \/>\n<meta name=\"twitter:label1\" content=\"Estimated reading time\" \/>\n\t<meta name=\"twitter:data1\" content=\"1 minute\" \/>\n<script type=\"application\/ld+json\" class=\"yoast-schema-graph\">{\"@context\":\"https:\/\/schema.org\",\"@graph\":[{\"@type\":\"WebPage\",\"@id\":\"https:\/\/skaitytaknyga.lt\/produktas\/anyta-minksti-virseliai\/\",\"url\":\"https:\/\/skaitytaknyga.lt\/produktas\/anyta-minksti-virseliai\/\",\"name\":\"Anyta (mink\u0161ti vir\u0161eliai)\",\"isPartOf\":{\"@id\":\"https:\/\/skaitytaknyga.lt\/#website\"},\"primaryImageOfPage\":{\"@id\":\"https:\/\/skaitytaknyga.lt\/produktas\/anyta-minksti-virseliai\/#primaryimage\"},\"image\":{\"@id\":\"https:\/\/skaitytaknyga.lt\/produktas\/anyta-minksti-virseliai\/#primaryimage\"},\"thumbnailUrl\":\"https:\/\/skaitytaknyga.lt\/wp-content\/uploads\/2026\/03\/ANYTA.webp\",\"datePublished\":\"2026-03-24T08:57:14+00:00\",\"dateModified\":\"2026-03-24T09:29:31+00:00\",\"description\":\"Ar yra pasaulyje moteris, kuriai nors kart\u0105 nekilo mintis atsikratyti savo anytos? Lius\u0117 mamos neteko paauglyst\u0117je, tad buvo kupina vil\u010di\u0173, kad b\u016bsima\",\"breadcrumb\":{\"@id\":\"https:\/\/skaitytaknyga.lt\/produktas\/anyta-minksti-virseliai\/#breadcrumb\"},\"inLanguage\":\"en-GB\",\"potentialAction\":[{\"@type\":\"ReadAction\",\"target\":[\"https:\/\/skaitytaknyga.lt\/produktas\/anyta-minksti-virseliai\/\"]}]},{\"@type\":\"ImageObject\",\"inLanguage\":\"en-GB\",\"@id\":\"https:\/\/skaitytaknyga.lt\/produktas\/anyta-minksti-virseliai\/#primaryimage\",\"url\":\"https:\/\/skaitytaknyga.lt\/wp-content\/uploads\/2026\/03\/ANYTA.webp\",\"contentUrl\":\"https:\/\/skaitytaknyga.lt\/wp-content\/uploads\/2026\/03\/ANYTA.webp\",\"width\":538,\"height\":800,\"caption\":\"ANYTA\"},{\"@type\":\"BreadcrumbList\",\"@id\":\"https:\/\/skaitytaknyga.lt\/produktas\/anyta-minksti-virseliai\/#breadcrumb\",\"itemListElement\":[{\"@type\":\"ListItem\",\"position\":1,\"name\":\"Home\",\"item\":\"https:\/\/skaitytaknyga.lt\/\"},{\"@type\":\"ListItem\",\"position\":2,\"name\":\"Parduotuv\u0117\",\"item\":\"https:\/\/skaitytaknyga.lt\/knygu-parduotuve\/\"},{\"@type\":\"ListItem\",\"position\":3,\"name\":\"Anyta (mink\u0161ti vir\u0161eliai)\"}]},{\"@type\":\"WebSite\",\"@id\":\"https:\/\/skaitytaknyga.lt\/#website\",\"url\":\"https:\/\/skaitytaknyga.lt\/\",\"name\":\"skaitytaknyga.lt\",\"description\":\"Skaitytaknyga.lt \u2013 tai ma\u017eas \u0161eimos verslas, kuris prasid\u0117jo nuo meil\u0117s knygoms ir siekio i\u0161gelb\u0117ti knygas nuo likimo prie konteinerio. Kas vienam nereikalingas daiktas \u2013 kitam lobis, o mes esame tarpininkai, kurie padeda abiems tapti laimingesniems ???? \u017dinome kaip nelengva i\u0161gyventi ma\u017eiems verslams, tad nuo \u0161iol, \u010dia rasite ir kit\u0173, ma\u017e\u0173 \u0161eim\u0173 versl\u0173, rank\u0173 darbo, dovan\u0173 sau ir artimiesiems.\",\"publisher\":{\"@id\":\"https:\/\/skaitytaknyga.lt\/#organization\"},\"potentialAction\":[{\"@type\":\"SearchAction\",\"target\":{\"@type\":\"EntryPoint\",\"urlTemplate\":\"https:\/\/skaitytaknyga.lt\/?s={search_term_string}\"},\"query-input\":{\"@type\":\"PropertyValueSpecification\",\"valueRequired\":true,\"valueName\":\"search_term_string\"}}],\"inLanguage\":\"en-GB\"},{\"@type\":\"Organization\",\"@id\":\"https:\/\/skaitytaknyga.lt\/#organization\",\"name\":\"skaitytaknyga.lt\",\"url\":\"https:\/\/skaitytaknyga.lt\/\",\"logo\":{\"@type\":\"ImageObject\",\"inLanguage\":\"en-GB\",\"@id\":\"https:\/\/skaitytaknyga.lt\/#\/schema\/logo\/image\/\",\"url\":\"https:\/\/skaitytaknyga.lt\/wp-content\/uploads\/2024\/05\/cropped-cropped-cropped-02_00843_jt3bggkj1j3HLc7SyY6rEUpg.jpeg\",\"contentUrl\":\"https:\/\/skaitytaknyga.lt\/wp-content\/uploads\/2024\/05\/cropped-cropped-cropped-02_00843_jt3bggkj1j3HLc7SyY6rEUpg.jpeg\",\"width\":1600,\"height\":1600,\"caption\":\"skaitytaknyga.lt\"},\"image\":{\"@id\":\"https:\/\/skaitytaknyga.lt\/#\/schema\/logo\/image\/\"},\"sameAs\":[\"https:\/\/www.facebook.com\/skaitytaknyga\/\"]}]}<\/script>\n<!-- \/ Yoast SEO plugin. -->","yoast_head_json":{"title":"Anyta (mink\u0161ti vir\u0161eliai)","description":"Ar yra pasaulyje moteris, kuriai nors kart\u0105 nekilo mintis atsikratyti savo anytos? Lius\u0117 mamos neteko paauglyst\u0117je, tad buvo kupina vil\u010di\u0173, kad b\u016bsima","robots":{"index":"index","follow":"follow","max-snippet":"max-snippet:-1","max-image-preview":"max-image-preview:large","max-video-preview":"max-video-preview:-1"},"canonical":"https:\/\/skaitytaknyga.lt\/en\/produktas\/anyta-minksti-virseliai\/","og_locale":"en_GB","og_type":"article","og_title":"[:lt]Anyta (mink\u0161ti vir\u0161eliai)[:] - Skaitytaknyga","og_description":"Ar yra pasaulyje moteris, kuriai nors kart\u0105 nekilo mintis atsikratyti savo anytos? Lius\u0117 mamos neteko paauglyst\u0117je, tad buvo kupina vil\u010di\u0173, kad b\u016bsima","og_url":"https:\/\/skaitytaknyga.lt\/en\/produktas\/anyta-minksti-virseliai\/","og_site_name":"Skaitytaknyga","article_publisher":"https:\/\/www.facebook.com\/skaitytaknyga\/","article_modified_time":"2026-03-24T09:29:31+00:00","og_image":[{"width":538,"height":800,"url":"https:\/\/skaitytaknyga.lt\/wp-content\/uploads\/2026\/03\/ANYTA.webp","type":"image\/webp"}],"twitter_card":"summary_large_image","twitter_misc":{"Estimated reading time":"1 minute"},"schema":{"@context":"https:\/\/schema.org","@graph":[{"@type":"WebPage","@id":"https:\/\/skaitytaknyga.lt\/produktas\/anyta-minksti-virseliai\/","url":"https:\/\/skaitytaknyga.lt\/produktas\/anyta-minksti-virseliai\/","name":"Anyta (mink\u0161ti vir\u0161eliai)","isPartOf":{"@id":"https:\/\/skaitytaknyga.lt\/#website"},"primaryImageOfPage":{"@id":"https:\/\/skaitytaknyga.lt\/produktas\/anyta-minksti-virseliai\/#primaryimage"},"image":{"@id":"https:\/\/skaitytaknyga.lt\/produktas\/anyta-minksti-virseliai\/#primaryimage"},"thumbnailUrl":"https:\/\/skaitytaknyga.lt\/wp-content\/uploads\/2026\/03\/ANYTA.webp","datePublished":"2026-03-24T08:57:14+00:00","dateModified":"2026-03-24T09:29:31+00:00","description":"Ar yra pasaulyje moteris, kuriai nors kart\u0105 nekilo mintis atsikratyti savo anytos? Lius\u0117 mamos neteko paauglyst\u0117je, tad buvo kupina vil\u010di\u0173, kad b\u016bsima","breadcrumb":{"@id":"https:\/\/skaitytaknyga.lt\/produktas\/anyta-minksti-virseliai\/#breadcrumb"},"inLanguage":"en-GB","potentialAction":[{"@type":"ReadAction","target":["https:\/\/skaitytaknyga.lt\/produktas\/anyta-minksti-virseliai\/"]}]},{"@type":"ImageObject","inLanguage":"en-GB","@id":"https:\/\/skaitytaknyga.lt\/produktas\/anyta-minksti-virseliai\/#primaryimage","url":"https:\/\/skaitytaknyga.lt\/wp-content\/uploads\/2026\/03\/ANYTA.webp","contentUrl":"https:\/\/skaitytaknyga.lt\/wp-content\/uploads\/2026\/03\/ANYTA.webp","width":538,"height":800,"caption":"ANYTA"},{"@type":"BreadcrumbList","@id":"https:\/\/skaitytaknyga.lt\/produktas\/anyta-minksti-virseliai\/#breadcrumb","itemListElement":[{"@type":"ListItem","position":1,"name":"Home","item":"https:\/\/skaitytaknyga.lt\/"},{"@type":"ListItem","position":2,"name":"Parduotuv\u0117","item":"https:\/\/skaitytaknyga.lt\/knygu-parduotuve\/"},{"@type":"ListItem","position":3,"name":"Anyta (mink\u0161ti vir\u0161eliai)"}]},{"@type":"WebSite","@id":"https:\/\/skaitytaknyga.lt\/#website","url":"https:\/\/skaitytaknyga.lt\/","name":"skaitytaknyga.lt","description":"Skaitytaknyga.lt \u2013 tai ma\u017eas \u0161eimos verslas, kuris prasid\u0117jo nuo meil\u0117s knygoms ir siekio i\u0161gelb\u0117ti knygas nuo likimo prie konteinerio. Kas vienam nereikalingas daiktas \u2013 kitam lobis, o mes esame tarpininkai, kurie padeda abiems tapti laimingesniems ???? \u017dinome kaip nelengva i\u0161gyventi ma\u017eiems verslams, tad nuo \u0161iol, \u010dia rasite ir kit\u0173, ma\u017e\u0173 \u0161eim\u0173 versl\u0173, rank\u0173 darbo, dovan\u0173 sau ir artimiesiems.","publisher":{"@id":"https:\/\/skaitytaknyga.lt\/#organization"},"potentialAction":[{"@type":"SearchAction","target":{"@type":"EntryPoint","urlTemplate":"https:\/\/skaitytaknyga.lt\/?s={search_term_string}"},"query-input":{"@type":"PropertyValueSpecification","valueRequired":true,"valueName":"search_term_string"}}],"inLanguage":"en-GB"},{"@type":"Organization","@id":"https:\/\/skaitytaknyga.lt\/#organization","name":"skaitytaknyga.lt","url":"https:\/\/skaitytaknyga.lt\/","logo":{"@type":"ImageObject","inLanguage":"en-GB","@id":"https:\/\/skaitytaknyga.lt\/#\/schema\/logo\/image\/","url":"https:\/\/skaitytaknyga.lt\/wp-content\/uploads\/2024\/05\/cropped-cropped-cropped-02_00843_jt3bggkj1j3HLc7SyY6rEUpg.jpeg","contentUrl":"https:\/\/skaitytaknyga.lt\/wp-content\/uploads\/2024\/05\/cropped-cropped-cropped-02_00843_jt3bggkj1j3HLc7SyY6rEUpg.jpeg","width":1600,"height":1600,"caption":"skaitytaknyga.lt"},"image":{"@id":"https:\/\/skaitytaknyga.lt\/#\/schema\/logo\/image\/"},"sameAs":["https:\/\/www.facebook.com\/skaitytaknyga\/"]}]}},"_links":{"self":[{"href":"https:\/\/skaitytaknyga.lt\/en\/wp-json\/wp\/v2\/product\/25136","targetHints":{"allow":["GET"]}}],"collection":[{"href":"https:\/\/skaitytaknyga.lt\/en\/wp-json\/wp\/v2\/product"}],"about":[{"href":"https:\/\/skaitytaknyga.lt\/en\/wp-json\/wp\/v2\/types\/product"}],"replies":[{"embeddable":true,"href":"https:\/\/skaitytaknyga.lt\/en\/wp-json\/wp\/v2\/comments?post=25136"}],"wp:featuredmedia":[{"embeddable":true,"href":"https:\/\/skaitytaknyga.lt\/en\/wp-json\/wp\/v2\/media\/25141"}],"wp:attachment":[{"href":"https:\/\/skaitytaknyga.lt\/en\/wp-json\/wp\/v2\/media?parent=25136"}],"wp:term":[{"taxonomy":"product_brand","embeddable":true,"href":"https:\/\/skaitytaknyga.lt\/en\/wp-json\/wp\/v2\/product_brand?post=25136"},{"taxonomy":"product_cat","embeddable":true,"href":"https:\/\/skaitytaknyga.lt\/en\/wp-json\/wp\/v2\/product_cat?post=25136"},{"taxonomy":"product_tag","embeddable":true,"href":"https:\/\/skaitytaknyga.lt\/en\/wp-json\/wp\/v2\/product_tag?post=25136"}],"curies":[{"name":"wp","href":"https:\/\/api.w.org\/{rel}","templated":true}]}}