{"id":25135,"date":"2026-03-24T10:57:13","date_gmt":"2026-03-24T08:57:13","guid":{"rendered":"https:\/\/skaitytaknyga.lt\/?post_type=product&#038;p=25135"},"modified":"2026-03-24T11:29:21","modified_gmt":"2026-03-24T09:29:21","slug":"paskutinis-pavasaris","status":"publish","type":"product","link":"https:\/\/skaitytaknyga.lt\/en\/produktas\/paskutinis-pavasaris\/","title":{"rendered":"Paskutinis pavasaris"},"content":{"rendered":"<p>Tiems, kurie rado draugus visam gyvenimui.<\/p>\n<p>Ir visiems meil\u0117s roman\u0173 gerb\u0117jams.<\/p>\n<p>Nuo pat vaikyst\u0117s Joana \u017einojo, kad privalo b\u016bti gera, jei nori b\u016bti mylima. Tod\u0117l nenuostabu, kad vienintelis jos tro\u0161kimas i\u0161va\u017eiavus studijuoti \u012f sostin\u0119 \u2013 i\u0161likti pavyzdinga, padoria dukra ir i\u0161tikima mergina.<\/p>\n<p>Skaudi gyvenimo patirtis privert\u0117 Mari\u0173 manyti, kad \u017emogus vertas tik tiek, kiek verti jo pasiekimai. Jis privalo visiems \u012frodyti, kad vaikyst\u0117je diagnozuotas aktyvumo ir d\u0117mesio sutrikimas nesutrukdys jam pasiekti s\u0117km\u0117s. O santykiams jis neturi laiko \u2013 rinkdamasis seks\u0105 vietoj meil\u0117s vaikinas tikisi taip i\u0161vengti nuoskaud\u0173.<\/p>\n<p>Joana privalo atsispirti bendrabutyje sutiktam \u017eaviam vaikinui su miglota praeitimi ir i\u0161laikyti draugi\u0161kus santykius. Marius negali liesti Joanos \u2013 ji \u012fsipareigojusi kitam, ir tai vienintel\u0117 riba, kurios vaikinas, slegiamas skaud\u017ei\u0173 vaikyst\u0117s prisiminim\u0173, prisiek\u0117 sau niekada neper\u017eengti.<\/p>\n<p>Vien\u0105 vakar\u0105, kai ribos i\u0161sitrina ir sienos gri\u016bva, tenka rinktis \u2013 paklusti taisykl\u0117ms ar nors kart\u0105 per\u017eengti ribas.<\/p>\n<p>Ina Les slapyvard\u017eiu pasira\u0161anti autor\u0117 jau kelet\u0105 met\u0173 gyvena Danijoje, kartu su vyru augina du s\u016bnus ir siekia vert\u0117jos karjeros.<\/p>\n<p>Pasaulyje tiek daug kalb\u0173, bet lietuvi\u0173 man viena gra\u017eiausi\u0173. Ra\u0161ymas \u2013 tai b\u016bdas i\u0161saugoti savo \u0161aknis. Kurdama meil\u0117s istorijas, pagardintas aistra ir humoru, siekiu ne tik paliesti skaitytoj\u0173 \u0161irdis, bet ir priminti, kad tikra meil\u0117 prasideda nuo meil\u0117s sau.<\/p>\n","protected":false},"excerpt":{"rendered":"<p>Tiems, kurie rado draugus visam gyvenimui. Ir visiems meil\u0117s roman\u0173 gerb\u0117jams. Nuo pat vaikyst\u0117s Joana \u017einojo, kad privalo b\u016bti gera, jei nori b\u016bti mylima. Tod\u0117l nenuostabu, kad vienintelis jos tro\u0161kimas i\u0161va\u017eiavus studijuoti \u012f sostin\u0119 \u2013 i\u0161likti pavyzdinga, padoria dukra ir i\u0161tikima mergina. Skaudi gyvenimo patirtis privert\u0117 Mari\u0173 manyti, kad \u017emogus vertas tik tiek, kiek verti jo pasiekimai. Jis privalo visiems \u012frodyti, kad vaikyst\u0117je diagnozuotas aktyvumo ir d\u0117mesio sutrikimas nesutrukdys jam pasiekti s\u0117km\u0117s. O santykiams jis neturi laiko \u2013 rinkdamasis seks\u0105 vietoj meil\u0117s vaikinas tikisi taip i\u0161vengti nuoskaud\u0173. Joana privalo atsispirti bendrabutyje sutiktam \u017eaviam vaikinui su miglota praeitimi ir i\u0161laikyti draugi\u0161kus santykius. Marius negali liesti Joanos \u2013 ji \u012fsipareigojusi kitam, ir tai vienintel\u0117 riba, kurios vaikinas, slegiamas skaud\u017ei\u0173 vaikyst\u0117s prisiminim\u0173, prisiek\u0117 sau niekada neper\u017eengti. Vien\u0105 vakar\u0105, kai ribos i\u0161sitrina ir sienos gri\u016bva, tenka rinktis \u2013 paklusti taisykl\u0117ms ar nors kart\u0105 per\u017eengti ribas. Ina Les slapyvard\u017eiu pasira\u0161anti autor\u0117 jau kelet\u0105 met\u0173 gyvena Danijoje, kartu su vyru augina du s\u016bnus ir siekia vert\u0117jos karjeros. Pasaulyje tiek daug kalb\u0173, bet lietuvi\u0173 man viena gra\u017eiausi\u0173. Ra\u0161ymas \u2013 tai b\u016bdas i\u0161saugoti savo \u0161aknis. Kurdama meil\u0117s istorijas, pagardintas aistra ir humoru, siekiu ne tik paliesti skaitytoj\u0173 \u0161irdis, bet ir priminti, kad tikra meil\u0117 prasideda nuo meil\u0117s sau.<\/p>\n","protected":false},"featured_media":25140,"comment_status":"open","ping_status":"closed","template":"","meta":{"_acf_changed":false,"site-sidebar-layout":"default","site-content-layout":"","ast-site-content-layout":"default","site-content-style":"default","site-sidebar-style":"default","ast-global-header-display":"","ast-banner-title-visibility":"","ast-main-header-display":"","ast-hfb-above-header-display":"","ast-hfb-below-header-display":"","ast-hfb-mobile-header-display":"","site-post-title":"","ast-breadcrumbs-content":"","ast-featured-img":"","footer-sml-layout":"","ast-disable-related-posts":"","theme-transparent-header-meta":"","adv-header-id-meta":"","stick-header-meta":"","header-above-stick-meta":"","header-main-stick-meta":"","header-below-stick-meta":"","astra-migrate-meta-layouts":"default","ast-page-background-enabled":"default","ast-page-background-meta":{"desktop":{"background-color":"","background-image":"","background-repeat":"repeat","background-position":"center center","background-size":"auto","background-attachment":"scroll","background-type":"","background-media":"","overlay-type":"","overlay-color":"","overlay-opacity":"","overlay-gradient":""},"tablet":{"background-color":"","background-image":"","background-repeat":"repeat","background-position":"center center","background-size":"auto","background-attachment":"scroll","background-type":"","background-media":"","overlay-type":"","overlay-color":"","overlay-opacity":"","overlay-gradient":""},"mobile":{"background-color":"","background-image":"","background-repeat":"repeat","background-position":"center center","background-size":"auto","background-attachment":"scroll","background-type":"","background-media":"","overlay-type":"","overlay-color":"","overlay-opacity":"","overlay-gradient":""}},"ast-content-background-meta":{"desktop":{"background-color":"var(--ast-global-color-4)","background-image":"","background-repeat":"repeat","background-position":"center center","background-size":"auto","background-attachment":"scroll","background-type":"","background-media":"","overlay-type":"","overlay-color":"","overlay-opacity":"","overlay-gradient":""},"tablet":{"background-color":"var(--ast-global-color-4)","background-image":"","background-repeat":"repeat","background-position":"center center","background-size":"auto","background-attachment":"scroll","background-type":"","background-media":"","overlay-type":"","overlay-color":"","overlay-opacity":"","overlay-gradient":""},"mobile":{"background-color":"var(--ast-global-color-4)","background-image":"","background-repeat":"repeat","background-position":"center center","background-size":"auto","background-attachment":"scroll","background-type":"","background-media":"","overlay-type":"","overlay-color":"","overlay-opacity":"","overlay-gradient":""}}},"product_brand":[],"product_cat":[9590],"product_tag":[],"class_list":{"0":"post-25135","1":"product","2":"type-product","3":"status-publish","4":"has-post-thumbnail","6":"product_cat-lietuviu-literatura","7":"desktop-align-left","8":"tablet-align-left","9":"mobile-align-left","11":"first","12":"instock","13":"shipping-taxable","14":"purchasable","15":"product-type-simple"},"acf":[],"yoast_head":"<!-- This site is optimized with the Yoast SEO plugin v27.0 - https:\/\/yoast.com\/product\/yoast-seo-wordpress\/ -->\n<title>Paskutinis pavasaris<\/title>\n<meta name=\"description\" content=\"Tiems, kurie rado draugus visam gyvenimui. Ir visiems meil\u0117s roman\u0173 gerb\u0117jams. Nuo pat vaikyst\u0117s Joana \u017einojo, kad privalo b\u016bti gera, jei nori b\u016bti\" \/>\n<meta name=\"robots\" content=\"index, follow, max-snippet:-1, max-image-preview:large, max-video-preview:-1\" \/>\n<link rel=\"canonical\" href=\"https:\/\/skaitytaknyga.lt\/en\/produktas\/paskutinis-pavasaris\/\" \/>\n<meta property=\"og:locale\" content=\"en_GB\" \/>\n<meta property=\"og:locale:alternate\" content=\"lt_LT\" \/>\n<meta property=\"og:type\" content=\"article\" \/>\n<meta property=\"og:title\" content=\"Paskutinis pavasaris\" \/>\n<meta property=\"og:description\" content=\"Tiems, kurie rado draugus visam gyvenimui. Ir visiems meil\u0117s roman\u0173 gerb\u0117jams. Nuo pat vaikyst\u0117s Joana \u017einojo, kad privalo b\u016bti gera, jei nori b\u016bti\" \/>\n<meta property=\"og:url\" content=\"https:\/\/skaitytaknyga.lt\/en\/produktas\/paskutinis-pavasaris\/\" \/>\n<meta property=\"og:site_name\" content=\"Skaitytaknyga\" \/>\n<meta property=\"article:publisher\" content=\"https:\/\/www.facebook.com\/skaitytaknyga\/\" \/>\n<meta property=\"article:modified_time\" content=\"2026-03-24T09:29:21+00:00\" \/>\n<meta property=\"og:image\" content=\"https:\/\/skaitytaknyga.lt\/wp-content\/uploads\/2026\/03\/Paskutinis-pavasaris.webp\" \/>\n\t<meta property=\"og:image:width\" content=\"409\" \/>\n\t<meta property=\"og:image:height\" content=\"600\" \/>\n\t<meta property=\"og:image:type\" content=\"image\/webp\" \/>\n<meta name=\"twitter:card\" content=\"summary_large_image\" \/>\n<meta name=\"twitter:label1\" content=\"Estimated reading time\" \/>\n\t<meta name=\"twitter:data1\" content=\"1 minute\" \/>\n<script type=\"application\/ld+json\" class=\"yoast-schema-graph\">{\"@context\":\"https:\/\/schema.org\",\"@graph\":[{\"@type\":\"WebPage\",\"@id\":\"https:\/\/skaitytaknyga.lt\/produktas\/paskutinis-pavasaris\/\",\"url\":\"https:\/\/skaitytaknyga.lt\/produktas\/paskutinis-pavasaris\/\",\"name\":\"Paskutinis pavasaris\",\"isPartOf\":{\"@id\":\"https:\/\/skaitytaknyga.lt\/#website\"},\"primaryImageOfPage\":{\"@id\":\"https:\/\/skaitytaknyga.lt\/produktas\/paskutinis-pavasaris\/#primaryimage\"},\"image\":{\"@id\":\"https:\/\/skaitytaknyga.lt\/produktas\/paskutinis-pavasaris\/#primaryimage\"},\"thumbnailUrl\":\"https:\/\/skaitytaknyga.lt\/wp-content\/uploads\/2026\/03\/Paskutinis-pavasaris.webp\",\"datePublished\":\"2026-03-24T08:57:13+00:00\",\"dateModified\":\"2026-03-24T09:29:21+00:00\",\"description\":\"Tiems, kurie rado draugus visam gyvenimui. Ir visiems meil\u0117s roman\u0173 gerb\u0117jams. Nuo pat vaikyst\u0117s Joana \u017einojo, kad privalo b\u016bti gera, jei nori b\u016bti\",\"breadcrumb\":{\"@id\":\"https:\/\/skaitytaknyga.lt\/produktas\/paskutinis-pavasaris\/#breadcrumb\"},\"inLanguage\":\"en-GB\",\"potentialAction\":[{\"@type\":\"ReadAction\",\"target\":[\"https:\/\/skaitytaknyga.lt\/produktas\/paskutinis-pavasaris\/\"]}]},{\"@type\":\"ImageObject\",\"inLanguage\":\"en-GB\",\"@id\":\"https:\/\/skaitytaknyga.lt\/produktas\/paskutinis-pavasaris\/#primaryimage\",\"url\":\"https:\/\/skaitytaknyga.lt\/wp-content\/uploads\/2026\/03\/Paskutinis-pavasaris.webp\",\"contentUrl\":\"https:\/\/skaitytaknyga.lt\/wp-content\/uploads\/2026\/03\/Paskutinis-pavasaris.webp\",\"width\":409,\"height\":600,\"caption\":\"Paskutinis pavasaris\"},{\"@type\":\"BreadcrumbList\",\"@id\":\"https:\/\/skaitytaknyga.lt\/produktas\/paskutinis-pavasaris\/#breadcrumb\",\"itemListElement\":[{\"@type\":\"ListItem\",\"position\":1,\"name\":\"Home\",\"item\":\"https:\/\/skaitytaknyga.lt\/\"},{\"@type\":\"ListItem\",\"position\":2,\"name\":\"Parduotuv\u0117\",\"item\":\"https:\/\/skaitytaknyga.lt\/knygu-parduotuve\/\"},{\"@type\":\"ListItem\",\"position\":3,\"name\":\"Paskutinis pavasaris\"}]},{\"@type\":\"WebSite\",\"@id\":\"https:\/\/skaitytaknyga.lt\/#website\",\"url\":\"https:\/\/skaitytaknyga.lt\/\",\"name\":\"skaitytaknyga.lt\",\"description\":\"Skaitytaknyga.lt \u2013 tai ma\u017eas \u0161eimos verslas, kuris prasid\u0117jo nuo meil\u0117s knygoms ir siekio i\u0161gelb\u0117ti knygas nuo likimo prie konteinerio. Kas vienam nereikalingas daiktas \u2013 kitam lobis, o mes esame tarpininkai, kurie padeda abiems tapti laimingesniems ???? \u017dinome kaip nelengva i\u0161gyventi ma\u017eiems verslams, tad nuo \u0161iol, \u010dia rasite ir kit\u0173, ma\u017e\u0173 \u0161eim\u0173 versl\u0173, rank\u0173 darbo, dovan\u0173 sau ir artimiesiems.\",\"publisher\":{\"@id\":\"https:\/\/skaitytaknyga.lt\/#organization\"},\"potentialAction\":[{\"@type\":\"SearchAction\",\"target\":{\"@type\":\"EntryPoint\",\"urlTemplate\":\"https:\/\/skaitytaknyga.lt\/?s={search_term_string}\"},\"query-input\":{\"@type\":\"PropertyValueSpecification\",\"valueRequired\":true,\"valueName\":\"search_term_string\"}}],\"inLanguage\":\"en-GB\"},{\"@type\":\"Organization\",\"@id\":\"https:\/\/skaitytaknyga.lt\/#organization\",\"name\":\"skaitytaknyga.lt\",\"url\":\"https:\/\/skaitytaknyga.lt\/\",\"logo\":{\"@type\":\"ImageObject\",\"inLanguage\":\"en-GB\",\"@id\":\"https:\/\/skaitytaknyga.lt\/#\/schema\/logo\/image\/\",\"url\":\"https:\/\/skaitytaknyga.lt\/wp-content\/uploads\/2024\/05\/cropped-cropped-cropped-02_00843_jt3bggkj1j3HLc7SyY6rEUpg.jpeg\",\"contentUrl\":\"https:\/\/skaitytaknyga.lt\/wp-content\/uploads\/2024\/05\/cropped-cropped-cropped-02_00843_jt3bggkj1j3HLc7SyY6rEUpg.jpeg\",\"width\":1600,\"height\":1600,\"caption\":\"skaitytaknyga.lt\"},\"image\":{\"@id\":\"https:\/\/skaitytaknyga.lt\/#\/schema\/logo\/image\/\"},\"sameAs\":[\"https:\/\/www.facebook.com\/skaitytaknyga\/\"]}]}<\/script>\n<!-- \/ Yoast SEO plugin. -->","yoast_head_json":{"title":"Paskutinis pavasaris","description":"Tiems, kurie rado draugus visam gyvenimui. Ir visiems meil\u0117s roman\u0173 gerb\u0117jams. Nuo pat vaikyst\u0117s Joana \u017einojo, kad privalo b\u016bti gera, jei nori b\u016bti","robots":{"index":"index","follow":"follow","max-snippet":"max-snippet:-1","max-image-preview":"max-image-preview:large","max-video-preview":"max-video-preview:-1"},"canonical":"https:\/\/skaitytaknyga.lt\/en\/produktas\/paskutinis-pavasaris\/","og_locale":"en_GB","og_type":"article","og_title":"[:lt]Paskutinis pavasaris[:] - Skaitytaknyga","og_description":"Tiems, kurie rado draugus visam gyvenimui. Ir visiems meil\u0117s roman\u0173 gerb\u0117jams. Nuo pat vaikyst\u0117s Joana \u017einojo, kad privalo b\u016bti gera, jei nori b\u016bti","og_url":"https:\/\/skaitytaknyga.lt\/en\/produktas\/paskutinis-pavasaris\/","og_site_name":"Skaitytaknyga","article_publisher":"https:\/\/www.facebook.com\/skaitytaknyga\/","article_modified_time":"2026-03-24T09:29:21+00:00","og_image":[{"width":409,"height":600,"url":"https:\/\/skaitytaknyga.lt\/wp-content\/uploads\/2026\/03\/Paskutinis-pavasaris.webp","type":"image\/webp"}],"twitter_card":"summary_large_image","twitter_misc":{"Estimated reading time":"1 minute"},"schema":{"@context":"https:\/\/schema.org","@graph":[{"@type":"WebPage","@id":"https:\/\/skaitytaknyga.lt\/produktas\/paskutinis-pavasaris\/","url":"https:\/\/skaitytaknyga.lt\/produktas\/paskutinis-pavasaris\/","name":"Paskutinis pavasaris","isPartOf":{"@id":"https:\/\/skaitytaknyga.lt\/#website"},"primaryImageOfPage":{"@id":"https:\/\/skaitytaknyga.lt\/produktas\/paskutinis-pavasaris\/#primaryimage"},"image":{"@id":"https:\/\/skaitytaknyga.lt\/produktas\/paskutinis-pavasaris\/#primaryimage"},"thumbnailUrl":"https:\/\/skaitytaknyga.lt\/wp-content\/uploads\/2026\/03\/Paskutinis-pavasaris.webp","datePublished":"2026-03-24T08:57:13+00:00","dateModified":"2026-03-24T09:29:21+00:00","description":"Tiems, kurie rado draugus visam gyvenimui. Ir visiems meil\u0117s roman\u0173 gerb\u0117jams. Nuo pat vaikyst\u0117s Joana \u017einojo, kad privalo b\u016bti gera, jei nori b\u016bti","breadcrumb":{"@id":"https:\/\/skaitytaknyga.lt\/produktas\/paskutinis-pavasaris\/#breadcrumb"},"inLanguage":"en-GB","potentialAction":[{"@type":"ReadAction","target":["https:\/\/skaitytaknyga.lt\/produktas\/paskutinis-pavasaris\/"]}]},{"@type":"ImageObject","inLanguage":"en-GB","@id":"https:\/\/skaitytaknyga.lt\/produktas\/paskutinis-pavasaris\/#primaryimage","url":"https:\/\/skaitytaknyga.lt\/wp-content\/uploads\/2026\/03\/Paskutinis-pavasaris.webp","contentUrl":"https:\/\/skaitytaknyga.lt\/wp-content\/uploads\/2026\/03\/Paskutinis-pavasaris.webp","width":409,"height":600,"caption":"Paskutinis pavasaris"},{"@type":"BreadcrumbList","@id":"https:\/\/skaitytaknyga.lt\/produktas\/paskutinis-pavasaris\/#breadcrumb","itemListElement":[{"@type":"ListItem","position":1,"name":"Home","item":"https:\/\/skaitytaknyga.lt\/"},{"@type":"ListItem","position":2,"name":"Parduotuv\u0117","item":"https:\/\/skaitytaknyga.lt\/knygu-parduotuve\/"},{"@type":"ListItem","position":3,"name":"Paskutinis pavasaris"}]},{"@type":"WebSite","@id":"https:\/\/skaitytaknyga.lt\/#website","url":"https:\/\/skaitytaknyga.lt\/","name":"skaitytaknyga.lt","description":"Skaitytaknyga.lt \u2013 tai ma\u017eas \u0161eimos verslas, kuris prasid\u0117jo nuo meil\u0117s knygoms ir siekio i\u0161gelb\u0117ti knygas nuo likimo prie konteinerio. Kas vienam nereikalingas daiktas \u2013 kitam lobis, o mes esame tarpininkai, kurie padeda abiems tapti laimingesniems ???? \u017dinome kaip nelengva i\u0161gyventi ma\u017eiems verslams, tad nuo \u0161iol, \u010dia rasite ir kit\u0173, ma\u017e\u0173 \u0161eim\u0173 versl\u0173, rank\u0173 darbo, dovan\u0173 sau ir artimiesiems.","publisher":{"@id":"https:\/\/skaitytaknyga.lt\/#organization"},"potentialAction":[{"@type":"SearchAction","target":{"@type":"EntryPoint","urlTemplate":"https:\/\/skaitytaknyga.lt\/?s={search_term_string}"},"query-input":{"@type":"PropertyValueSpecification","valueRequired":true,"valueName":"search_term_string"}}],"inLanguage":"en-GB"},{"@type":"Organization","@id":"https:\/\/skaitytaknyga.lt\/#organization","name":"skaitytaknyga.lt","url":"https:\/\/skaitytaknyga.lt\/","logo":{"@type":"ImageObject","inLanguage":"en-GB","@id":"https:\/\/skaitytaknyga.lt\/#\/schema\/logo\/image\/","url":"https:\/\/skaitytaknyga.lt\/wp-content\/uploads\/2024\/05\/cropped-cropped-cropped-02_00843_jt3bggkj1j3HLc7SyY6rEUpg.jpeg","contentUrl":"https:\/\/skaitytaknyga.lt\/wp-content\/uploads\/2024\/05\/cropped-cropped-cropped-02_00843_jt3bggkj1j3HLc7SyY6rEUpg.jpeg","width":1600,"height":1600,"caption":"skaitytaknyga.lt"},"image":{"@id":"https:\/\/skaitytaknyga.lt\/#\/schema\/logo\/image\/"},"sameAs":["https:\/\/www.facebook.com\/skaitytaknyga\/"]}]}},"_links":{"self":[{"href":"https:\/\/skaitytaknyga.lt\/en\/wp-json\/wp\/v2\/product\/25135","targetHints":{"allow":["GET"]}}],"collection":[{"href":"https:\/\/skaitytaknyga.lt\/en\/wp-json\/wp\/v2\/product"}],"about":[{"href":"https:\/\/skaitytaknyga.lt\/en\/wp-json\/wp\/v2\/types\/product"}],"replies":[{"embeddable":true,"href":"https:\/\/skaitytaknyga.lt\/en\/wp-json\/wp\/v2\/comments?post=25135"}],"wp:featuredmedia":[{"embeddable":true,"href":"https:\/\/skaitytaknyga.lt\/en\/wp-json\/wp\/v2\/media\/25140"}],"wp:attachment":[{"href":"https:\/\/skaitytaknyga.lt\/en\/wp-json\/wp\/v2\/media?parent=25135"}],"wp:term":[{"taxonomy":"product_brand","embeddable":true,"href":"https:\/\/skaitytaknyga.lt\/en\/wp-json\/wp\/v2\/product_brand?post=25135"},{"taxonomy":"product_cat","embeddable":true,"href":"https:\/\/skaitytaknyga.lt\/en\/wp-json\/wp\/v2\/product_cat?post=25135"},{"taxonomy":"product_tag","embeddable":true,"href":"https:\/\/skaitytaknyga.lt\/en\/wp-json\/wp\/v2\/product_tag?post=25135"}],"curies":[{"name":"wp","href":"https:\/\/api.w.org\/{rel}","templated":true}]}}