{"id":25133,"date":"2026-03-24T10:57:13","date_gmt":"2026-03-24T08:57:13","guid":{"rendered":"https:\/\/skaitytaknyga.lt\/?post_type=product&#038;p=25133"},"modified":"2026-03-24T11:29:21","modified_gmt":"2026-03-24T09:29:21","slug":"issifruota-vandens-kristalu-magija","status":"publish","type":"product","link":"https:\/\/skaitytaknyga.lt\/en\/produktas\/issifruota-vandens-kristalu-magija\/","title":{"rendered":"I\u0161\u0161ifruota vandens kristal\u0173 magija"},"content":{"rendered":"<p>\u0160i knyga yra pirmosios V. Kivrino knygos \u201eVandens energetika. I\u0161\u0161ifruoti vandens kristal\u0173 prane\u0161imai\u201c t\u0119sinys. Joje autorius atskleid\u017eia naujas vandens paslaptis, pasakoja apie tas vandens savybes, kurios iki \u0161iol buvo laikomos mistin\u0117mis ir fantastin\u0117mis. \u0160ioje knygoje j\u016bs su\u017einosite, kad esama sunkiojo ir lengvojo, gyvojo ir prakeikto vandens, kad \u0161ventintas vanduo turi savit\u0173 sl\u0117pini\u0173.<\/p>\n<p>Autorius pasakoja apie vanden\u012f kaip apie unikal\u0173 \u012fsimenant\u012f element\u0105, ir pamoko, kaip j\u012f u\u017ekalb\u0117ti ir kaip apsiginti nuo pikt\u0173 vandens u\u017ekalb\u0117toj\u0173, kaip panaikinti kerus ir ap\u017eavus. Be to, skaitydami \u0161i\u0105 knyg\u0105 su\u017einosite, kokios yra gydov\u0173 poveikio vandeniui paslaptys ir kaip patiems \u012fkrauti vanden\u012f; kaip veikia vanden\u012f emocijos, \u017eod\u017eiai ir mintys; kaip, naudojantis vandeniu paburti, kad norai i\u0161sipildyt\u0173; kaip energi\u0161kai i\u0161valyti namus ir atsikratyti fantom\u0173 bei min\u010di\u0173 pavidal\u0173.<\/p>\n","protected":false},"excerpt":{"rendered":"<p>\u0160i knyga yra pirmosios V. Kivrino knygos \u201eVandens energetika. I\u0161\u0161ifruoti vandens kristal\u0173 prane\u0161imai\u201c t\u0119sinys. Joje autorius atskleid\u017eia naujas vandens paslaptis, pasakoja apie tas vandens savybes, kurios iki \u0161iol buvo laikomos mistin\u0117mis ir fantastin\u0117mis. \u0160ioje knygoje j\u016bs su\u017einosite, kad esama sunkiojo ir lengvojo, gyvojo ir prakeikto vandens, kad \u0161ventintas vanduo turi savit\u0173 sl\u0117pini\u0173. Autorius pasakoja apie vanden\u012f kaip apie unikal\u0173 \u012fsimenant\u012f element\u0105, ir pamoko, kaip j\u012f u\u017ekalb\u0117ti ir kaip apsiginti nuo pikt\u0173 vandens u\u017ekalb\u0117toj\u0173, kaip panaikinti kerus ir ap\u017eavus. Be to, skaitydami \u0161i\u0105 knyg\u0105 su\u017einosite, kokios yra gydov\u0173 poveikio vandeniui paslaptys ir kaip patiems \u012fkrauti vanden\u012f; kaip veikia vanden\u012f emocijos, \u017eod\u017eiai ir mintys; kaip, naudojantis vandeniu paburti, kad norai i\u0161sipildyt\u0173; kaip energi\u0161kai i\u0161valyti namus ir atsikratyti fantom\u0173 bei min\u010di\u0173 pavidal\u0173.<\/p>\n","protected":false},"featured_media":25138,"comment_status":"open","ping_status":"closed","template":"","meta":{"_acf_changed":false,"site-sidebar-layout":"default","site-content-layout":"","ast-site-content-layout":"default","site-content-style":"default","site-sidebar-style":"default","ast-global-header-display":"","ast-banner-title-visibility":"","ast-main-header-display":"","ast-hfb-above-header-display":"","ast-hfb-below-header-display":"","ast-hfb-mobile-header-display":"","site-post-title":"","ast-breadcrumbs-content":"","ast-featured-img":"","footer-sml-layout":"","ast-disable-related-posts":"","theme-transparent-header-meta":"","adv-header-id-meta":"","stick-header-meta":"","header-above-stick-meta":"","header-main-stick-meta":"","header-below-stick-meta":"","astra-migrate-meta-layouts":"default","ast-page-background-enabled":"default","ast-page-background-meta":{"desktop":{"background-color":"","background-image":"","background-repeat":"repeat","background-position":"center center","background-size":"auto","background-attachment":"scroll","background-type":"","background-media":"","overlay-type":"","overlay-color":"","overlay-opacity":"","overlay-gradient":""},"tablet":{"background-color":"","background-image":"","background-repeat":"repeat","background-position":"center center","background-size":"auto","background-attachment":"scroll","background-type":"","background-media":"","overlay-type":"","overlay-color":"","overlay-opacity":"","overlay-gradient":""},"mobile":{"background-color":"","background-image":"","background-repeat":"repeat","background-position":"center center","background-size":"auto","background-attachment":"scroll","background-type":"","background-media":"","overlay-type":"","overlay-color":"","overlay-opacity":"","overlay-gradient":""}},"ast-content-background-meta":{"desktop":{"background-color":"var(--ast-global-color-4)","background-image":"","background-repeat":"repeat","background-position":"center center","background-size":"auto","background-attachment":"scroll","background-type":"","background-media":"","overlay-type":"","overlay-color":"","overlay-opacity":"","overlay-gradient":""},"tablet":{"background-color":"var(--ast-global-color-4)","background-image":"","background-repeat":"repeat","background-position":"center center","background-size":"auto","background-attachment":"scroll","background-type":"","background-media":"","overlay-type":"","overlay-color":"","overlay-opacity":"","overlay-gradient":""},"mobile":{"background-color":"var(--ast-global-color-4)","background-image":"","background-repeat":"repeat","background-position":"center center","background-size":"auto","background-attachment":"scroll","background-type":"","background-media":"","overlay-type":"","overlay-color":"","overlay-opacity":"","overlay-gradient":""}}},"product_brand":[],"product_cat":[9868,9867],"product_tag":[],"class_list":{"0":"post-25133","1":"product","2":"type-product","3":"status-publish","4":"has-post-thumbnail","6":"product_cat-filosofija-ir-ezoterika","7":"product_cat-religija-negrozine-literatura","8":"desktop-align-left","9":"tablet-align-left","10":"mobile-align-left","12":"first","13":"instock","14":"shipping-taxable","15":"purchasable","16":"product-type-simple"},"acf":[],"yoast_head":"<!-- This site is optimized with the Yoast SEO plugin v27.0 - https:\/\/yoast.com\/product\/yoast-seo-wordpress\/ -->\n<title>I\u0161\u0161ifruota vandens kristal\u0173 magija<\/title>\n<meta name=\"description\" content=\"\u0160i knyga yra pirmosios V. Kivrino knygos \u201eVandens energetika. I\u0161\u0161ifruoti vandens kristal\u0173 prane\u0161imai\u201c t\u0119sinys. Joje autorius atskleid\u017eia naujas vandens\" \/>\n<meta name=\"robots\" content=\"index, follow, max-snippet:-1, max-image-preview:large, max-video-preview:-1\" \/>\n<link rel=\"canonical\" href=\"https:\/\/skaitytaknyga.lt\/en\/produktas\/issifruota-vandens-kristalu-magija\/\" \/>\n<meta property=\"og:locale\" content=\"en_GB\" \/>\n<meta property=\"og:locale:alternate\" content=\"lt_LT\" \/>\n<meta property=\"og:type\" content=\"article\" \/>\n<meta property=\"og:title\" content=\"I\u0161\u0161ifruota vandens kristal\u0173 magija\" \/>\n<meta property=\"og:description\" content=\"\u0160i knyga yra pirmosios V. Kivrino knygos \u201eVandens energetika. I\u0161\u0161ifruoti vandens kristal\u0173 prane\u0161imai\u201c t\u0119sinys. Joje autorius atskleid\u017eia naujas vandens\" \/>\n<meta property=\"og:url\" content=\"https:\/\/skaitytaknyga.lt\/en\/produktas\/issifruota-vandens-kristalu-magija\/\" \/>\n<meta property=\"og:site_name\" content=\"Skaitytaknyga\" \/>\n<meta property=\"article:publisher\" content=\"https:\/\/www.facebook.com\/skaitytaknyga\/\" \/>\n<meta property=\"article:modified_time\" content=\"2026-03-24T09:29:21+00:00\" \/>\n<meta property=\"og:image\" content=\"https:\/\/skaitytaknyga.lt\/wp-content\/uploads\/2026\/03\/Issifruota-vandens-kristalu-magija.webp\" \/>\n\t<meta property=\"og:image:width\" content=\"404\" \/>\n\t<meta property=\"og:image:height\" content=\"608\" \/>\n\t<meta property=\"og:image:type\" content=\"image\/webp\" \/>\n<meta name=\"twitter:card\" content=\"summary_large_image\" \/>\n<meta name=\"twitter:label1\" content=\"Estimated reading time\" \/>\n\t<meta name=\"twitter:data1\" content=\"1 minute\" \/>\n<script type=\"application\/ld+json\" class=\"yoast-schema-graph\">{\"@context\":\"https:\/\/schema.org\",\"@graph\":[{\"@type\":\"WebPage\",\"@id\":\"https:\/\/skaitytaknyga.lt\/produktas\/issifruota-vandens-kristalu-magija\/\",\"url\":\"https:\/\/skaitytaknyga.lt\/produktas\/issifruota-vandens-kristalu-magija\/\",\"name\":\"I\u0161\u0161ifruota vandens kristal\u0173 magija\",\"isPartOf\":{\"@id\":\"https:\/\/skaitytaknyga.lt\/#website\"},\"primaryImageOfPage\":{\"@id\":\"https:\/\/skaitytaknyga.lt\/produktas\/issifruota-vandens-kristalu-magija\/#primaryimage\"},\"image\":{\"@id\":\"https:\/\/skaitytaknyga.lt\/produktas\/issifruota-vandens-kristalu-magija\/#primaryimage\"},\"thumbnailUrl\":\"https:\/\/skaitytaknyga.lt\/wp-content\/uploads\/2026\/03\/Issifruota-vandens-kristalu-magija.webp\",\"datePublished\":\"2026-03-24T08:57:13+00:00\",\"dateModified\":\"2026-03-24T09:29:21+00:00\",\"description\":\"\u0160i knyga yra pirmosios V. Kivrino knygos \u201eVandens energetika. I\u0161\u0161ifruoti vandens kristal\u0173 prane\u0161imai\u201c t\u0119sinys. Joje autorius atskleid\u017eia naujas vandens\",\"breadcrumb\":{\"@id\":\"https:\/\/skaitytaknyga.lt\/produktas\/issifruota-vandens-kristalu-magija\/#breadcrumb\"},\"inLanguage\":\"en-GB\",\"potentialAction\":[{\"@type\":\"ReadAction\",\"target\":[\"https:\/\/skaitytaknyga.lt\/produktas\/issifruota-vandens-kristalu-magija\/\"]}]},{\"@type\":\"ImageObject\",\"inLanguage\":\"en-GB\",\"@id\":\"https:\/\/skaitytaknyga.lt\/produktas\/issifruota-vandens-kristalu-magija\/#primaryimage\",\"url\":\"https:\/\/skaitytaknyga.lt\/wp-content\/uploads\/2026\/03\/Issifruota-vandens-kristalu-magija.webp\",\"contentUrl\":\"https:\/\/skaitytaknyga.lt\/wp-content\/uploads\/2026\/03\/Issifruota-vandens-kristalu-magija.webp\",\"width\":404,\"height\":608,\"caption\":\"I\u0161\u0161ifruota vandens kristal\u0173 magija\"},{\"@type\":\"BreadcrumbList\",\"@id\":\"https:\/\/skaitytaknyga.lt\/produktas\/issifruota-vandens-kristalu-magija\/#breadcrumb\",\"itemListElement\":[{\"@type\":\"ListItem\",\"position\":1,\"name\":\"Home\",\"item\":\"https:\/\/skaitytaknyga.lt\/\"},{\"@type\":\"ListItem\",\"position\":2,\"name\":\"Parduotuv\u0117\",\"item\":\"https:\/\/skaitytaknyga.lt\/knygu-parduotuve\/\"},{\"@type\":\"ListItem\",\"position\":3,\"name\":\"I\u0161\u0161ifruota vandens kristal\u0173 magija\"}]},{\"@type\":\"WebSite\",\"@id\":\"https:\/\/skaitytaknyga.lt\/#website\",\"url\":\"https:\/\/skaitytaknyga.lt\/\",\"name\":\"skaitytaknyga.lt\",\"description\":\"Skaitytaknyga.lt \u2013 tai ma\u017eas \u0161eimos verslas, kuris prasid\u0117jo nuo meil\u0117s knygoms ir siekio i\u0161gelb\u0117ti knygas nuo likimo prie konteinerio. Kas vienam nereikalingas daiktas \u2013 kitam lobis, o mes esame tarpininkai, kurie padeda abiems tapti laimingesniems ???? \u017dinome kaip nelengva i\u0161gyventi ma\u017eiems verslams, tad nuo \u0161iol, \u010dia rasite ir kit\u0173, ma\u017e\u0173 \u0161eim\u0173 versl\u0173, rank\u0173 darbo, dovan\u0173 sau ir artimiesiems.\",\"publisher\":{\"@id\":\"https:\/\/skaitytaknyga.lt\/#organization\"},\"potentialAction\":[{\"@type\":\"SearchAction\",\"target\":{\"@type\":\"EntryPoint\",\"urlTemplate\":\"https:\/\/skaitytaknyga.lt\/?s={search_term_string}\"},\"query-input\":{\"@type\":\"PropertyValueSpecification\",\"valueRequired\":true,\"valueName\":\"search_term_string\"}}],\"inLanguage\":\"en-GB\"},{\"@type\":\"Organization\",\"@id\":\"https:\/\/skaitytaknyga.lt\/#organization\",\"name\":\"skaitytaknyga.lt\",\"url\":\"https:\/\/skaitytaknyga.lt\/\",\"logo\":{\"@type\":\"ImageObject\",\"inLanguage\":\"en-GB\",\"@id\":\"https:\/\/skaitytaknyga.lt\/#\/schema\/logo\/image\/\",\"url\":\"https:\/\/skaitytaknyga.lt\/wp-content\/uploads\/2024\/05\/cropped-cropped-cropped-02_00843_jt3bggkj1j3HLc7SyY6rEUpg.jpeg\",\"contentUrl\":\"https:\/\/skaitytaknyga.lt\/wp-content\/uploads\/2024\/05\/cropped-cropped-cropped-02_00843_jt3bggkj1j3HLc7SyY6rEUpg.jpeg\",\"width\":1600,\"height\":1600,\"caption\":\"skaitytaknyga.lt\"},\"image\":{\"@id\":\"https:\/\/skaitytaknyga.lt\/#\/schema\/logo\/image\/\"},\"sameAs\":[\"https:\/\/www.facebook.com\/skaitytaknyga\/\"]}]}<\/script>\n<!-- \/ Yoast SEO plugin. -->","yoast_head_json":{"title":"I\u0161\u0161ifruota vandens kristal\u0173 magija","description":"\u0160i knyga yra pirmosios V. Kivrino knygos \u201eVandens energetika. I\u0161\u0161ifruoti vandens kristal\u0173 prane\u0161imai\u201c t\u0119sinys. Joje autorius atskleid\u017eia naujas vandens","robots":{"index":"index","follow":"follow","max-snippet":"max-snippet:-1","max-image-preview":"max-image-preview:large","max-video-preview":"max-video-preview:-1"},"canonical":"https:\/\/skaitytaknyga.lt\/en\/produktas\/issifruota-vandens-kristalu-magija\/","og_locale":"en_GB","og_type":"article","og_title":"[:lt]I\u0161\u0161ifruota vandens kristal\u0173 magija[:] - Skaitytaknyga","og_description":"\u0160i knyga yra pirmosios V. Kivrino knygos \u201eVandens energetika. I\u0161\u0161ifruoti vandens kristal\u0173 prane\u0161imai\u201c t\u0119sinys. Joje autorius atskleid\u017eia naujas vandens","og_url":"https:\/\/skaitytaknyga.lt\/en\/produktas\/issifruota-vandens-kristalu-magija\/","og_site_name":"Skaitytaknyga","article_publisher":"https:\/\/www.facebook.com\/skaitytaknyga\/","article_modified_time":"2026-03-24T09:29:21+00:00","og_image":[{"width":404,"height":608,"url":"https:\/\/skaitytaknyga.lt\/wp-content\/uploads\/2026\/03\/Issifruota-vandens-kristalu-magija.webp","type":"image\/webp"}],"twitter_card":"summary_large_image","twitter_misc":{"Estimated reading time":"1 minute"},"schema":{"@context":"https:\/\/schema.org","@graph":[{"@type":"WebPage","@id":"https:\/\/skaitytaknyga.lt\/produktas\/issifruota-vandens-kristalu-magija\/","url":"https:\/\/skaitytaknyga.lt\/produktas\/issifruota-vandens-kristalu-magija\/","name":"I\u0161\u0161ifruota vandens kristal\u0173 magija","isPartOf":{"@id":"https:\/\/skaitytaknyga.lt\/#website"},"primaryImageOfPage":{"@id":"https:\/\/skaitytaknyga.lt\/produktas\/issifruota-vandens-kristalu-magija\/#primaryimage"},"image":{"@id":"https:\/\/skaitytaknyga.lt\/produktas\/issifruota-vandens-kristalu-magija\/#primaryimage"},"thumbnailUrl":"https:\/\/skaitytaknyga.lt\/wp-content\/uploads\/2026\/03\/Issifruota-vandens-kristalu-magija.webp","datePublished":"2026-03-24T08:57:13+00:00","dateModified":"2026-03-24T09:29:21+00:00","description":"\u0160i knyga yra pirmosios V. Kivrino knygos \u201eVandens energetika. I\u0161\u0161ifruoti vandens kristal\u0173 prane\u0161imai\u201c t\u0119sinys. Joje autorius atskleid\u017eia naujas vandens","breadcrumb":{"@id":"https:\/\/skaitytaknyga.lt\/produktas\/issifruota-vandens-kristalu-magija\/#breadcrumb"},"inLanguage":"en-GB","potentialAction":[{"@type":"ReadAction","target":["https:\/\/skaitytaknyga.lt\/produktas\/issifruota-vandens-kristalu-magija\/"]}]},{"@type":"ImageObject","inLanguage":"en-GB","@id":"https:\/\/skaitytaknyga.lt\/produktas\/issifruota-vandens-kristalu-magija\/#primaryimage","url":"https:\/\/skaitytaknyga.lt\/wp-content\/uploads\/2026\/03\/Issifruota-vandens-kristalu-magija.webp","contentUrl":"https:\/\/skaitytaknyga.lt\/wp-content\/uploads\/2026\/03\/Issifruota-vandens-kristalu-magija.webp","width":404,"height":608,"caption":"I\u0161\u0161ifruota vandens kristal\u0173 magija"},{"@type":"BreadcrumbList","@id":"https:\/\/skaitytaknyga.lt\/produktas\/issifruota-vandens-kristalu-magija\/#breadcrumb","itemListElement":[{"@type":"ListItem","position":1,"name":"Home","item":"https:\/\/skaitytaknyga.lt\/"},{"@type":"ListItem","position":2,"name":"Parduotuv\u0117","item":"https:\/\/skaitytaknyga.lt\/knygu-parduotuve\/"},{"@type":"ListItem","position":3,"name":"I\u0161\u0161ifruota vandens kristal\u0173 magija"}]},{"@type":"WebSite","@id":"https:\/\/skaitytaknyga.lt\/#website","url":"https:\/\/skaitytaknyga.lt\/","name":"skaitytaknyga.lt","description":"Skaitytaknyga.lt \u2013 tai ma\u017eas \u0161eimos verslas, kuris prasid\u0117jo nuo meil\u0117s knygoms ir siekio i\u0161gelb\u0117ti knygas nuo likimo prie konteinerio. Kas vienam nereikalingas daiktas \u2013 kitam lobis, o mes esame tarpininkai, kurie padeda abiems tapti laimingesniems ???? \u017dinome kaip nelengva i\u0161gyventi ma\u017eiems verslams, tad nuo \u0161iol, \u010dia rasite ir kit\u0173, ma\u017e\u0173 \u0161eim\u0173 versl\u0173, rank\u0173 darbo, dovan\u0173 sau ir artimiesiems.","publisher":{"@id":"https:\/\/skaitytaknyga.lt\/#organization"},"potentialAction":[{"@type":"SearchAction","target":{"@type":"EntryPoint","urlTemplate":"https:\/\/skaitytaknyga.lt\/?s={search_term_string}"},"query-input":{"@type":"PropertyValueSpecification","valueRequired":true,"valueName":"search_term_string"}}],"inLanguage":"en-GB"},{"@type":"Organization","@id":"https:\/\/skaitytaknyga.lt\/#organization","name":"skaitytaknyga.lt","url":"https:\/\/skaitytaknyga.lt\/","logo":{"@type":"ImageObject","inLanguage":"en-GB","@id":"https:\/\/skaitytaknyga.lt\/#\/schema\/logo\/image\/","url":"https:\/\/skaitytaknyga.lt\/wp-content\/uploads\/2024\/05\/cropped-cropped-cropped-02_00843_jt3bggkj1j3HLc7SyY6rEUpg.jpeg","contentUrl":"https:\/\/skaitytaknyga.lt\/wp-content\/uploads\/2024\/05\/cropped-cropped-cropped-02_00843_jt3bggkj1j3HLc7SyY6rEUpg.jpeg","width":1600,"height":1600,"caption":"skaitytaknyga.lt"},"image":{"@id":"https:\/\/skaitytaknyga.lt\/#\/schema\/logo\/image\/"},"sameAs":["https:\/\/www.facebook.com\/skaitytaknyga\/"]}]}},"_links":{"self":[{"href":"https:\/\/skaitytaknyga.lt\/en\/wp-json\/wp\/v2\/product\/25133","targetHints":{"allow":["GET"]}}],"collection":[{"href":"https:\/\/skaitytaknyga.lt\/en\/wp-json\/wp\/v2\/product"}],"about":[{"href":"https:\/\/skaitytaknyga.lt\/en\/wp-json\/wp\/v2\/types\/product"}],"replies":[{"embeddable":true,"href":"https:\/\/skaitytaknyga.lt\/en\/wp-json\/wp\/v2\/comments?post=25133"}],"wp:featuredmedia":[{"embeddable":true,"href":"https:\/\/skaitytaknyga.lt\/en\/wp-json\/wp\/v2\/media\/25138"}],"wp:attachment":[{"href":"https:\/\/skaitytaknyga.lt\/en\/wp-json\/wp\/v2\/media?parent=25133"}],"wp:term":[{"taxonomy":"product_brand","embeddable":true,"href":"https:\/\/skaitytaknyga.lt\/en\/wp-json\/wp\/v2\/product_brand?post=25133"},{"taxonomy":"product_cat","embeddable":true,"href":"https:\/\/skaitytaknyga.lt\/en\/wp-json\/wp\/v2\/product_cat?post=25133"},{"taxonomy":"product_tag","embeddable":true,"href":"https:\/\/skaitytaknyga.lt\/en\/wp-json\/wp\/v2\/product_tag?post=25133"}],"curies":[{"name":"wp","href":"https:\/\/api.w.org\/{rel}","templated":true}]}}