{"id":25125,"date":"2026-03-24T10:37:17","date_gmt":"2026-03-24T08:37:17","guid":{"rendered":"https:\/\/skaitytaknyga.lt\/?post_type=product&#038;p=25125"},"modified":"2026-03-24T11:29:21","modified_gmt":"2026-03-24T09:29:21","slug":"as-mb-as","status":"publish","type":"product","link":"https:\/\/skaitytaknyga.lt\/en\/produktas\/as-mb-as\/","title":{"rendered":"A\u0160 + MB = A\u0160"},"content":{"rendered":"<p>Knygoje apra\u0161yta istorija \u2013 tikra. Idealus Jurgos gyvenimas subyra \u012f \u0161ipulius, kai ji u\u017etinka savo draug\u0105 lovoje su kita. Tiek Jurga, tiek antroji moteris Laima ne\u017eino, kad jau kelet\u0105 met\u0173 draugauja su tuo pa\u010diu vyru. Po \u0161io \u012fvykio moterys pasielgia ne\u012fprastai \u2013 nor\u0117damos i\u0161siai\u0161kinti ties\u0105 jos kartu pradeda ra\u0161yti blog\u0105 (tinklara\u0161t\u012f) ir atskleid\u017eia intymiausias savo gyvenimo detales. Pama\u017eu pradeda ai\u0161k\u0117ti melo voratinklis, kuriame abi ilgai gyveno.<\/p>\n<p>Jurgos laukia sunki kova su savo jausmais, pyk\u010diu, pavydu, neviltimi, ypa\u010d tada, kai Laima nusprend\u017eia gr\u012f\u017eti pas j\u0105 i\u0161davus\u012f mylim\u0105j\u012f ir nutraukia bendr\u0105 i\u0161pa\u017eint\u012f. Bandydama i\u0161gydyti su\u017eeist\u0105 \u0161ird\u012f, u\u017emir\u0161ti kurtus gra\u017eios ateities planus Jurga imasi kardinali\u0173 gyvenimo poky\u010di\u0173: lanko psichoterapijos sesijas, kei\u010dia i\u0161vaizd\u0105, analizuoja santykius su praeities vyrais, galiausiai pasiry\u017eta 20 dien\u0173 badauti&#8230; Ar nelaimingos meil\u0117s istorija gali atne\u0161ti k\u0105 nors gero? Kaip susigr\u0105\u017einti sielos ramyb\u0119 ir gyvenimo d\u017eiaugsm\u0105?<\/p>\n<p>Knygos mintys artimos daugeliui moter\u0173, kurioms teko pakli\u016bti \u012f kankinan\u010dios meil\u0117s sp\u0105stus. Jurgos \u012f\u017evalgos ir nuogas atvirumas \u012ftraukia, sukre\u010dia, \u012fkvepia atsigr\u0119\u017eti \u012f save. Tuo jau \u012fsitikino \u201eJurga Adomo\u201c blogo, kuriame buvo skelbiama dalis tekst\u0173, skaitytojai. Autor\u0117 gavo daugyb\u0119 lai\u0161k\u0173 i\u0161 \u017emoni\u0173, kuriuos paveik\u0117 jos mintys. Vien\u0105 j\u0173 para\u0161\u0117 Beata Nicholson. Ji ir pasi\u016bl\u0117 \u0161i\u0105 istorij\u0105 paversti knyga.<\/p>\n","protected":false},"excerpt":{"rendered":"<p>Knygoje apra\u0161yta istorija \u2013 tikra. Idealus Jurgos gyvenimas subyra \u012f \u0161ipulius, kai ji u\u017etinka savo draug\u0105 lovoje su kita. Tiek Jurga, tiek antroji moteris Laima ne\u017eino, kad jau kelet\u0105 met\u0173 draugauja su tuo pa\u010diu vyru. Po \u0161io \u012fvykio moterys pasielgia ne\u012fprastai \u2013 nor\u0117damos i\u0161siai\u0161kinti ties\u0105 jos kartu pradeda ra\u0161yti blog\u0105 (tinklara\u0161t\u012f) ir atskleid\u017eia intymiausias savo gyvenimo detales. Pama\u017eu pradeda ai\u0161k\u0117ti melo voratinklis, kuriame abi ilgai gyveno. Jurgos laukia sunki kova su savo jausmais, pyk\u010diu, pavydu, neviltimi, ypa\u010d tada, kai Laima nusprend\u017eia gr\u012f\u017eti pas j\u0105 i\u0161davus\u012f mylim\u0105j\u012f ir nutraukia bendr\u0105 i\u0161pa\u017eint\u012f. Bandydama i\u0161gydyti su\u017eeist\u0105 \u0161ird\u012f, u\u017emir\u0161ti kurtus gra\u017eios ateities planus Jurga imasi kardinali\u0173 gyvenimo poky\u010di\u0173: lanko psichoterapijos sesijas, kei\u010dia i\u0161vaizd\u0105, analizuoja santykius su praeities vyrais, galiausiai pasiry\u017eta 20 dien\u0173 badauti&#8230; Ar nelaimingos meil\u0117s istorija gali atne\u0161ti k\u0105 nors gero? Kaip susigr\u0105\u017einti sielos ramyb\u0119 ir gyvenimo d\u017eiaugsm\u0105? Knygos mintys artimos daugeliui moter\u0173, kurioms teko pakli\u016bti \u012f kankinan\u010dios meil\u0117s sp\u0105stus. Jurgos \u012f\u017evalgos ir nuogas atvirumas \u012ftraukia, sukre\u010dia, \u012fkvepia atsigr\u0119\u017eti \u012f save. Tuo jau \u012fsitikino \u201eJurga Adomo\u201c blogo, kuriame buvo skelbiama dalis tekst\u0173, skaitytojai. Autor\u0117 gavo daugyb\u0119 lai\u0161k\u0173 i\u0161 \u017emoni\u0173, kuriuos paveik\u0117 jos mintys. Vien\u0105 j\u0173 para\u0161\u0117 Beata Nicholson. Ji ir pasi\u016bl\u0117 \u0161i\u0105 istorij\u0105 paversti knyga.<\/p>\n","protected":false},"featured_media":25130,"comment_status":"open","ping_status":"closed","template":"","meta":{"_acf_changed":false,"site-sidebar-layout":"default","site-content-layout":"","ast-site-content-layout":"default","site-content-style":"default","site-sidebar-style":"default","ast-global-header-display":"","ast-banner-title-visibility":"","ast-main-header-display":"","ast-hfb-above-header-display":"","ast-hfb-below-header-display":"","ast-hfb-mobile-header-display":"","site-post-title":"","ast-breadcrumbs-content":"","ast-featured-img":"","footer-sml-layout":"","ast-disable-related-posts":"","theme-transparent-header-meta":"","adv-header-id-meta":"","stick-header-meta":"","header-above-stick-meta":"","header-main-stick-meta":"","header-below-stick-meta":"","astra-migrate-meta-layouts":"default","ast-page-background-enabled":"default","ast-page-background-meta":{"desktop":{"background-color":"","background-image":"","background-repeat":"repeat","background-position":"center center","background-size":"auto","background-attachment":"scroll","background-type":"","background-media":"","overlay-type":"","overlay-color":"","overlay-opacity":"","overlay-gradient":""},"tablet":{"background-color":"","background-image":"","background-repeat":"repeat","background-position":"center center","background-size":"auto","background-attachment":"scroll","background-type":"","background-media":"","overlay-type":"","overlay-color":"","overlay-opacity":"","overlay-gradient":""},"mobile":{"background-color":"","background-image":"","background-repeat":"repeat","background-position":"center center","background-size":"auto","background-attachment":"scroll","background-type":"","background-media":"","overlay-type":"","overlay-color":"","overlay-opacity":"","overlay-gradient":""}},"ast-content-background-meta":{"desktop":{"background-color":"var(--ast-global-color-4)","background-image":"","background-repeat":"repeat","background-position":"center center","background-size":"auto","background-attachment":"scroll","background-type":"","background-media":"","overlay-type":"","overlay-color":"","overlay-opacity":"","overlay-gradient":""},"tablet":{"background-color":"var(--ast-global-color-4)","background-image":"","background-repeat":"repeat","background-position":"center center","background-size":"auto","background-attachment":"scroll","background-type":"","background-media":"","overlay-type":"","overlay-color":"","overlay-opacity":"","overlay-gradient":""},"mobile":{"background-color":"var(--ast-global-color-4)","background-image":"","background-repeat":"repeat","background-position":"center center","background-size":"auto","background-attachment":"scroll","background-type":"","background-media":"","overlay-type":"","overlay-color":"","overlay-opacity":"","overlay-gradient":""}}},"product_brand":[],"product_cat":[9590],"product_tag":[],"class_list":{"0":"post-25125","1":"product","2":"type-product","3":"status-publish","4":"has-post-thumbnail","6":"product_cat-lietuviu-literatura","7":"desktop-align-left","8":"tablet-align-left","9":"mobile-align-left","11":"first","12":"instock","13":"shipping-taxable","14":"purchasable","15":"product-type-simple"},"acf":[],"yoast_head":"<!-- This site is optimized with the Yoast SEO plugin v27.0 - https:\/\/yoast.com\/product\/yoast-seo-wordpress\/ -->\n<title>A\u0160 + MB = A\u0160<\/title>\n<meta name=\"description\" content=\"Knygoje apra\u0161yta istorija \u2013 tikra. Idealus Jurgos gyvenimas subyra \u012f \u0161ipulius, kai ji u\u017etinka savo draug\u0105 lovoje su kita. Tiek Jurga, tiek antroji moteris\" \/>\n<meta name=\"robots\" content=\"index, follow, max-snippet:-1, max-image-preview:large, max-video-preview:-1\" \/>\n<link rel=\"canonical\" href=\"https:\/\/skaitytaknyga.lt\/en\/produktas\/as-mb-as\/\" \/>\n<meta property=\"og:locale\" content=\"en_GB\" \/>\n<meta property=\"og:locale:alternate\" content=\"lt_LT\" \/>\n<meta property=\"og:type\" content=\"article\" \/>\n<meta property=\"og:title\" content=\"A\u0160 + MB = A\u0160\" \/>\n<meta property=\"og:description\" content=\"Knygoje apra\u0161yta istorija \u2013 tikra. Idealus Jurgos gyvenimas subyra \u012f \u0161ipulius, kai ji u\u017etinka savo draug\u0105 lovoje su kita. Tiek Jurga, tiek antroji moteris\" \/>\n<meta property=\"og:url\" content=\"https:\/\/skaitytaknyga.lt\/en\/produktas\/as-mb-as\/\" \/>\n<meta property=\"og:site_name\" content=\"Skaitytaknyga\" \/>\n<meta property=\"article:publisher\" content=\"https:\/\/www.facebook.com\/skaitytaknyga\/\" \/>\n<meta property=\"article:modified_time\" content=\"2026-03-24T09:29:21+00:00\" \/>\n<meta property=\"og:image\" content=\"https:\/\/skaitytaknyga.lt\/wp-content\/uploads\/2026\/03\/AS-MB-AS-e1774342036425.jpg\" \/>\n\t<meta property=\"og:image:width\" content=\"300\" \/>\n\t<meta property=\"og:image:height\" content=\"444\" \/>\n\t<meta property=\"og:image:type\" content=\"image\/jpeg\" \/>\n<meta name=\"twitter:card\" content=\"summary_large_image\" \/>\n<meta name=\"twitter:label1\" content=\"Estimated reading time\" \/>\n\t<meta name=\"twitter:data1\" content=\"1 minute\" \/>\n<script type=\"application\/ld+json\" class=\"yoast-schema-graph\">{\"@context\":\"https:\/\/schema.org\",\"@graph\":[{\"@type\":\"WebPage\",\"@id\":\"https:\/\/skaitytaknyga.lt\/produktas\/as-mb-as\/\",\"url\":\"https:\/\/skaitytaknyga.lt\/produktas\/as-mb-as\/\",\"name\":\"A\u0160 + MB = A\u0160\",\"isPartOf\":{\"@id\":\"https:\/\/skaitytaknyga.lt\/#website\"},\"primaryImageOfPage\":{\"@id\":\"https:\/\/skaitytaknyga.lt\/produktas\/as-mb-as\/#primaryimage\"},\"image\":{\"@id\":\"https:\/\/skaitytaknyga.lt\/produktas\/as-mb-as\/#primaryimage\"},\"thumbnailUrl\":\"https:\/\/skaitytaknyga.lt\/wp-content\/uploads\/2026\/03\/AS-MB-AS-e1774342036425.jpg\",\"datePublished\":\"2026-03-24T08:37:17+00:00\",\"dateModified\":\"2026-03-24T09:29:21+00:00\",\"description\":\"Knygoje apra\u0161yta istorija \u2013 tikra. Idealus Jurgos gyvenimas subyra \u012f \u0161ipulius, kai ji u\u017etinka savo draug\u0105 lovoje su kita. Tiek Jurga, tiek antroji moteris\",\"breadcrumb\":{\"@id\":\"https:\/\/skaitytaknyga.lt\/produktas\/as-mb-as\/#breadcrumb\"},\"inLanguage\":\"en-GB\",\"potentialAction\":[{\"@type\":\"ReadAction\",\"target\":[\"https:\/\/skaitytaknyga.lt\/produktas\/as-mb-as\/\"]}]},{\"@type\":\"ImageObject\",\"inLanguage\":\"en-GB\",\"@id\":\"https:\/\/skaitytaknyga.lt\/produktas\/as-mb-as\/#primaryimage\",\"url\":\"https:\/\/skaitytaknyga.lt\/wp-content\/uploads\/2026\/03\/AS-MB-AS-e1774342036425.jpg\",\"contentUrl\":\"https:\/\/skaitytaknyga.lt\/wp-content\/uploads\/2026\/03\/AS-MB-AS-e1774342036425.jpg\",\"width\":300,\"height\":444,\"caption\":\"A\u0160 + MB = A\u0160\"},{\"@type\":\"BreadcrumbList\",\"@id\":\"https:\/\/skaitytaknyga.lt\/produktas\/as-mb-as\/#breadcrumb\",\"itemListElement\":[{\"@type\":\"ListItem\",\"position\":1,\"name\":\"Home\",\"item\":\"https:\/\/skaitytaknyga.lt\/\"},{\"@type\":\"ListItem\",\"position\":2,\"name\":\"Parduotuv\u0117\",\"item\":\"https:\/\/skaitytaknyga.lt\/knygu-parduotuve\/\"},{\"@type\":\"ListItem\",\"position\":3,\"name\":\"A\u0160 + MB = A\u0160\"}]},{\"@type\":\"WebSite\",\"@id\":\"https:\/\/skaitytaknyga.lt\/#website\",\"url\":\"https:\/\/skaitytaknyga.lt\/\",\"name\":\"skaitytaknyga.lt\",\"description\":\"Skaitytaknyga.lt \u2013 tai ma\u017eas \u0161eimos verslas, kuris prasid\u0117jo nuo meil\u0117s knygoms ir siekio i\u0161gelb\u0117ti knygas nuo likimo prie konteinerio. Kas vienam nereikalingas daiktas \u2013 kitam lobis, o mes esame tarpininkai, kurie padeda abiems tapti laimingesniems ???? \u017dinome kaip nelengva i\u0161gyventi ma\u017eiems verslams, tad nuo \u0161iol, \u010dia rasite ir kit\u0173, ma\u017e\u0173 \u0161eim\u0173 versl\u0173, rank\u0173 darbo, dovan\u0173 sau ir artimiesiems.\",\"publisher\":{\"@id\":\"https:\/\/skaitytaknyga.lt\/#organization\"},\"potentialAction\":[{\"@type\":\"SearchAction\",\"target\":{\"@type\":\"EntryPoint\",\"urlTemplate\":\"https:\/\/skaitytaknyga.lt\/?s={search_term_string}\"},\"query-input\":{\"@type\":\"PropertyValueSpecification\",\"valueRequired\":true,\"valueName\":\"search_term_string\"}}],\"inLanguage\":\"en-GB\"},{\"@type\":\"Organization\",\"@id\":\"https:\/\/skaitytaknyga.lt\/#organization\",\"name\":\"skaitytaknyga.lt\",\"url\":\"https:\/\/skaitytaknyga.lt\/\",\"logo\":{\"@type\":\"ImageObject\",\"inLanguage\":\"en-GB\",\"@id\":\"https:\/\/skaitytaknyga.lt\/#\/schema\/logo\/image\/\",\"url\":\"https:\/\/skaitytaknyga.lt\/wp-content\/uploads\/2024\/05\/cropped-cropped-cropped-02_00843_jt3bggkj1j3HLc7SyY6rEUpg.jpeg\",\"contentUrl\":\"https:\/\/skaitytaknyga.lt\/wp-content\/uploads\/2024\/05\/cropped-cropped-cropped-02_00843_jt3bggkj1j3HLc7SyY6rEUpg.jpeg\",\"width\":1600,\"height\":1600,\"caption\":\"skaitytaknyga.lt\"},\"image\":{\"@id\":\"https:\/\/skaitytaknyga.lt\/#\/schema\/logo\/image\/\"},\"sameAs\":[\"https:\/\/www.facebook.com\/skaitytaknyga\/\"]}]}<\/script>\n<!-- \/ Yoast SEO plugin. -->","yoast_head_json":{"title":"A\u0160 + MB = A\u0160","description":"Knygoje apra\u0161yta istorija \u2013 tikra. Idealus Jurgos gyvenimas subyra \u012f \u0161ipulius, kai ji u\u017etinka savo draug\u0105 lovoje su kita. Tiek Jurga, tiek antroji moteris","robots":{"index":"index","follow":"follow","max-snippet":"max-snippet:-1","max-image-preview":"max-image-preview:large","max-video-preview":"max-video-preview:-1"},"canonical":"https:\/\/skaitytaknyga.lt\/en\/produktas\/as-mb-as\/","og_locale":"en_GB","og_type":"article","og_title":"[:lt]A\u0160 + MB = A\u0160[:] - Skaitytaknyga","og_description":"Knygoje apra\u0161yta istorija \u2013 tikra. Idealus Jurgos gyvenimas subyra \u012f \u0161ipulius, kai ji u\u017etinka savo draug\u0105 lovoje su kita. Tiek Jurga, tiek antroji moteris","og_url":"https:\/\/skaitytaknyga.lt\/en\/produktas\/as-mb-as\/","og_site_name":"Skaitytaknyga","article_publisher":"https:\/\/www.facebook.com\/skaitytaknyga\/","article_modified_time":"2026-03-24T09:29:21+00:00","og_image":[{"width":300,"height":444,"url":"https:\/\/skaitytaknyga.lt\/wp-content\/uploads\/2026\/03\/AS-MB-AS-e1774342036425.jpg","type":"image\/jpeg"}],"twitter_card":"summary_large_image","twitter_misc":{"Estimated reading time":"1 minute"},"schema":{"@context":"https:\/\/schema.org","@graph":[{"@type":"WebPage","@id":"https:\/\/skaitytaknyga.lt\/produktas\/as-mb-as\/","url":"https:\/\/skaitytaknyga.lt\/produktas\/as-mb-as\/","name":"A\u0160 + MB = A\u0160","isPartOf":{"@id":"https:\/\/skaitytaknyga.lt\/#website"},"primaryImageOfPage":{"@id":"https:\/\/skaitytaknyga.lt\/produktas\/as-mb-as\/#primaryimage"},"image":{"@id":"https:\/\/skaitytaknyga.lt\/produktas\/as-mb-as\/#primaryimage"},"thumbnailUrl":"https:\/\/skaitytaknyga.lt\/wp-content\/uploads\/2026\/03\/AS-MB-AS-e1774342036425.jpg","datePublished":"2026-03-24T08:37:17+00:00","dateModified":"2026-03-24T09:29:21+00:00","description":"Knygoje apra\u0161yta istorija \u2013 tikra. Idealus Jurgos gyvenimas subyra \u012f \u0161ipulius, kai ji u\u017etinka savo draug\u0105 lovoje su kita. Tiek Jurga, tiek antroji moteris","breadcrumb":{"@id":"https:\/\/skaitytaknyga.lt\/produktas\/as-mb-as\/#breadcrumb"},"inLanguage":"en-GB","potentialAction":[{"@type":"ReadAction","target":["https:\/\/skaitytaknyga.lt\/produktas\/as-mb-as\/"]}]},{"@type":"ImageObject","inLanguage":"en-GB","@id":"https:\/\/skaitytaknyga.lt\/produktas\/as-mb-as\/#primaryimage","url":"https:\/\/skaitytaknyga.lt\/wp-content\/uploads\/2026\/03\/AS-MB-AS-e1774342036425.jpg","contentUrl":"https:\/\/skaitytaknyga.lt\/wp-content\/uploads\/2026\/03\/AS-MB-AS-e1774342036425.jpg","width":300,"height":444,"caption":"A\u0160 + MB = A\u0160"},{"@type":"BreadcrumbList","@id":"https:\/\/skaitytaknyga.lt\/produktas\/as-mb-as\/#breadcrumb","itemListElement":[{"@type":"ListItem","position":1,"name":"Home","item":"https:\/\/skaitytaknyga.lt\/"},{"@type":"ListItem","position":2,"name":"Parduotuv\u0117","item":"https:\/\/skaitytaknyga.lt\/knygu-parduotuve\/"},{"@type":"ListItem","position":3,"name":"A\u0160 + MB = A\u0160"}]},{"@type":"WebSite","@id":"https:\/\/skaitytaknyga.lt\/#website","url":"https:\/\/skaitytaknyga.lt\/","name":"skaitytaknyga.lt","description":"Skaitytaknyga.lt \u2013 tai ma\u017eas \u0161eimos verslas, kuris prasid\u0117jo nuo meil\u0117s knygoms ir siekio i\u0161gelb\u0117ti knygas nuo likimo prie konteinerio. Kas vienam nereikalingas daiktas \u2013 kitam lobis, o mes esame tarpininkai, kurie padeda abiems tapti laimingesniems ???? \u017dinome kaip nelengva i\u0161gyventi ma\u017eiems verslams, tad nuo \u0161iol, \u010dia rasite ir kit\u0173, ma\u017e\u0173 \u0161eim\u0173 versl\u0173, rank\u0173 darbo, dovan\u0173 sau ir artimiesiems.","publisher":{"@id":"https:\/\/skaitytaknyga.lt\/#organization"},"potentialAction":[{"@type":"SearchAction","target":{"@type":"EntryPoint","urlTemplate":"https:\/\/skaitytaknyga.lt\/?s={search_term_string}"},"query-input":{"@type":"PropertyValueSpecification","valueRequired":true,"valueName":"search_term_string"}}],"inLanguage":"en-GB"},{"@type":"Organization","@id":"https:\/\/skaitytaknyga.lt\/#organization","name":"skaitytaknyga.lt","url":"https:\/\/skaitytaknyga.lt\/","logo":{"@type":"ImageObject","inLanguage":"en-GB","@id":"https:\/\/skaitytaknyga.lt\/#\/schema\/logo\/image\/","url":"https:\/\/skaitytaknyga.lt\/wp-content\/uploads\/2024\/05\/cropped-cropped-cropped-02_00843_jt3bggkj1j3HLc7SyY6rEUpg.jpeg","contentUrl":"https:\/\/skaitytaknyga.lt\/wp-content\/uploads\/2024\/05\/cropped-cropped-cropped-02_00843_jt3bggkj1j3HLc7SyY6rEUpg.jpeg","width":1600,"height":1600,"caption":"skaitytaknyga.lt"},"image":{"@id":"https:\/\/skaitytaknyga.lt\/#\/schema\/logo\/image\/"},"sameAs":["https:\/\/www.facebook.com\/skaitytaknyga\/"]}]}},"_links":{"self":[{"href":"https:\/\/skaitytaknyga.lt\/en\/wp-json\/wp\/v2\/product\/25125","targetHints":{"allow":["GET"]}}],"collection":[{"href":"https:\/\/skaitytaknyga.lt\/en\/wp-json\/wp\/v2\/product"}],"about":[{"href":"https:\/\/skaitytaknyga.lt\/en\/wp-json\/wp\/v2\/types\/product"}],"replies":[{"embeddable":true,"href":"https:\/\/skaitytaknyga.lt\/en\/wp-json\/wp\/v2\/comments?post=25125"}],"wp:featuredmedia":[{"embeddable":true,"href":"https:\/\/skaitytaknyga.lt\/en\/wp-json\/wp\/v2\/media\/25130"}],"wp:attachment":[{"href":"https:\/\/skaitytaknyga.lt\/en\/wp-json\/wp\/v2\/media?parent=25125"}],"wp:term":[{"taxonomy":"product_brand","embeddable":true,"href":"https:\/\/skaitytaknyga.lt\/en\/wp-json\/wp\/v2\/product_brand?post=25125"},{"taxonomy":"product_cat","embeddable":true,"href":"https:\/\/skaitytaknyga.lt\/en\/wp-json\/wp\/v2\/product_cat?post=25125"},{"taxonomy":"product_tag","embeddable":true,"href":"https:\/\/skaitytaknyga.lt\/en\/wp-json\/wp\/v2\/product_tag?post=25125"}],"curies":[{"name":"wp","href":"https:\/\/api.w.org\/{rel}","templated":true}]}}