{"id":25124,"date":"2026-03-24T10:37:17","date_gmt":"2026-03-24T08:37:17","guid":{"rendered":"https:\/\/skaitytaknyga.lt\/?post_type=product&#038;p=25124"},"modified":"2026-03-24T11:29:21","modified_gmt":"2026-03-24T09:29:21","slug":"mirtis-tupykloje","status":"publish","type":"product","link":"https:\/\/skaitytaknyga.lt\/en\/produktas\/mirtis-tupykloje\/","title":{"rendered":"Mirtis tupykloje"},"content":{"rendered":"<p>Benas Eltonas (g.1959), garsus brit\u0173 TV ir kino scenaristas, miuzikl\u0173 autorius, k\u016br\u0119s A. L. Webberiui ir Queen, karjer\u0105 prad\u0117jo kaip avangardi\u0161kiausias alternatyviosios angl\u0173 komedijos k\u016br\u0117jas (u\u017etenka pamin\u0117ti \u201eBlekolder\u012f\u201c ir \u201ePlonyt\u0119 m\u0117lyn\u0105 linij\u0105\u201c, 1995). B. Eltonas yra ir keleto labai populiari\u0173 roman\u0173 autorius (\u201eSkambutis i\u0161 praeities\u201c, \u201eNevaisingumas\u201c, \u201eMirtis tupykloje\u201c). U\u017e \u201eSpragintus kukur\u016bzus\u201c buvo apdovanotas Detektyv\u0173 ra\u0161ytoj\u0173 asociacijos Auksinio durklo premija.<\/p>\n<p>&#8230;TV projektas \u201ePro rakt\u0173 skylut\u0119\u201c pradeda realyb\u0117s \u0161ou \u201eNam\u0173 are\u0161tas 3\u201c (lietuvi\u0161ko \u201eAkvariumo\u201c atitikmuo). Dien\u0105 nakt\u012f supami trisde\u0161imties TV kamer\u0173, apsupti keturiasde\u0161imties mikrofon\u0173, absurdi\u0161k\u0105 gyvenim\u0105 izoliuotame b\u016bste gyvena de\u0161imt jaun\u0173 var\u017eov\u0173 \u2013 keis\u010diausia visuomen\u0117s mi\u0161rain\u0117. Vis\u0173 galvose viena: kaip nei\u0161kristi ir laim\u0117ti pus\u0117s milijono priz\u0105. Ir \u0161tai 27-t\u0105 \u017eaidimo dien\u0105, matant milijonams \u017ei\u016brov\u0173, b\u016bste&#8230; \u012fvyksta \u017emog\u017eudyst\u0117! Tada \u012f aren\u0105 i\u0161eina vyriausiasis inspektorius Kolrid\u017eas su komanda&#8230;<\/p>\n","protected":false},"excerpt":{"rendered":"<p>Benas Eltonas (g.1959), garsus brit\u0173 TV ir kino scenaristas, miuzikl\u0173 autorius, k\u016br\u0119s A. L. Webberiui ir Queen, karjer\u0105 prad\u0117jo kaip avangardi\u0161kiausias alternatyviosios angl\u0173 komedijos k\u016br\u0117jas (u\u017etenka pamin\u0117ti \u201eBlekolder\u012f\u201c ir \u201ePlonyt\u0119 m\u0117lyn\u0105 linij\u0105\u201c, 1995). B. Eltonas yra ir keleto labai populiari\u0173 roman\u0173 autorius (\u201eSkambutis i\u0161 praeities\u201c, \u201eNevaisingumas\u201c, \u201eMirtis tupykloje\u201c). U\u017e \u201eSpragintus kukur\u016bzus\u201c buvo apdovanotas Detektyv\u0173 ra\u0161ytoj\u0173 asociacijos Auksinio durklo premija. &#8230;TV projektas \u201ePro rakt\u0173 skylut\u0119\u201c pradeda realyb\u0117s \u0161ou \u201eNam\u0173 are\u0161tas 3\u201c (lietuvi\u0161ko \u201eAkvariumo\u201c atitikmuo). Dien\u0105 nakt\u012f supami trisde\u0161imties TV kamer\u0173, apsupti keturiasde\u0161imties mikrofon\u0173, absurdi\u0161k\u0105 gyvenim\u0105 izoliuotame b\u016bste gyvena de\u0161imt jaun\u0173 var\u017eov\u0173 \u2013 keis\u010diausia visuomen\u0117s mi\u0161rain\u0117. Vis\u0173 galvose viena: kaip nei\u0161kristi ir laim\u0117ti pus\u0117s milijono priz\u0105. Ir \u0161tai 27-t\u0105 \u017eaidimo dien\u0105, matant milijonams \u017ei\u016brov\u0173, b\u016bste&#8230; \u012fvyksta \u017emog\u017eudyst\u0117! Tada \u012f aren\u0105 i\u0161eina vyriausiasis inspektorius Kolrid\u017eas su komanda&#8230;<\/p>\n","protected":false},"featured_media":25129,"comment_status":"open","ping_status":"closed","template":"","meta":{"_acf_changed":false,"site-sidebar-layout":"default","site-content-layout":"","ast-site-content-layout":"default","site-content-style":"default","site-sidebar-style":"default","ast-global-header-display":"","ast-banner-title-visibility":"","ast-main-header-display":"","ast-hfb-above-header-display":"","ast-hfb-below-header-display":"","ast-hfb-mobile-header-display":"","site-post-title":"","ast-breadcrumbs-content":"","ast-featured-img":"","footer-sml-layout":"","ast-disable-related-posts":"","theme-transparent-header-meta":"","adv-header-id-meta":"","stick-header-meta":"","header-above-stick-meta":"","header-main-stick-meta":"","header-below-stick-meta":"","astra-migrate-meta-layouts":"default","ast-page-background-enabled":"default","ast-page-background-meta":{"desktop":{"background-color":"","background-image":"","background-repeat":"repeat","background-position":"center center","background-size":"auto","background-attachment":"scroll","background-type":"","background-media":"","overlay-type":"","overlay-color":"","overlay-opacity":"","overlay-gradient":""},"tablet":{"background-color":"","background-image":"","background-repeat":"repeat","background-position":"center center","background-size":"auto","background-attachment":"scroll","background-type":"","background-media":"","overlay-type":"","overlay-color":"","overlay-opacity":"","overlay-gradient":""},"mobile":{"background-color":"","background-image":"","background-repeat":"repeat","background-position":"center center","background-size":"auto","background-attachment":"scroll","background-type":"","background-media":"","overlay-type":"","overlay-color":"","overlay-opacity":"","overlay-gradient":""}},"ast-content-background-meta":{"desktop":{"background-color":"var(--ast-global-color-4)","background-image":"","background-repeat":"repeat","background-position":"center center","background-size":"auto","background-attachment":"scroll","background-type":"","background-media":"","overlay-type":"","overlay-color":"","overlay-opacity":"","overlay-gradient":""},"tablet":{"background-color":"var(--ast-global-color-4)","background-image":"","background-repeat":"repeat","background-position":"center center","background-size":"auto","background-attachment":"scroll","background-type":"","background-media":"","overlay-type":"","overlay-color":"","overlay-opacity":"","overlay-gradient":""},"mobile":{"background-color":"var(--ast-global-color-4)","background-image":"","background-repeat":"repeat","background-position":"center center","background-size":"auto","background-attachment":"scroll","background-type":"","background-media":"","overlay-type":"","overlay-color":"","overlay-opacity":"","overlay-gradient":""}}},"product_brand":[],"product_cat":[9581],"product_tag":[],"class_list":{"0":"post-25124","1":"product","2":"type-product","3":"status-publish","4":"has-post-thumbnail","6":"product_cat-kriminaliniai-romanai","7":"desktop-align-left","8":"tablet-align-left","9":"mobile-align-left","11":"first","12":"instock","13":"shipping-taxable","14":"purchasable","15":"product-type-simple"},"acf":[],"yoast_head":"<!-- This site is optimized with the Yoast SEO plugin v27.0 - https:\/\/yoast.com\/product\/yoast-seo-wordpress\/ -->\n<title>Mirtis tupykloje<\/title>\n<meta name=\"description\" content=\"Benas Eltonas (g.1959), garsus brit\u0173 TV ir kino scenaristas, miuzikl\u0173 autorius, k\u016br\u0119s A. L. Webberiui ir Queen, karjer\u0105 prad\u0117jo kaip avangardi\u0161kiausias\" \/>\n<meta name=\"robots\" content=\"index, follow, max-snippet:-1, max-image-preview:large, max-video-preview:-1\" \/>\n<link rel=\"canonical\" href=\"https:\/\/skaitytaknyga.lt\/en\/produktas\/mirtis-tupykloje\/\" \/>\n<meta property=\"og:locale\" content=\"en_GB\" \/>\n<meta property=\"og:locale:alternate\" content=\"lt_LT\" \/>\n<meta property=\"og:type\" content=\"article\" \/>\n<meta property=\"og:title\" content=\"Mirtis tupykloje\" \/>\n<meta property=\"og:description\" content=\"Benas Eltonas (g.1959), garsus brit\u0173 TV ir kino scenaristas, miuzikl\u0173 autorius, k\u016br\u0119s A. L. Webberiui ir Queen, karjer\u0105 prad\u0117jo kaip avangardi\u0161kiausias\" \/>\n<meta property=\"og:url\" content=\"https:\/\/skaitytaknyga.lt\/en\/produktas\/mirtis-tupykloje\/\" \/>\n<meta property=\"og:site_name\" content=\"Skaitytaknyga\" \/>\n<meta property=\"article:publisher\" content=\"https:\/\/www.facebook.com\/skaitytaknyga\/\" \/>\n<meta property=\"article:modified_time\" content=\"2026-03-24T09:29:21+00:00\" \/>\n<meta property=\"og:image\" content=\"https:\/\/skaitytaknyga.lt\/wp-content\/uploads\/2026\/03\/Mirtis-tupykloje.webp\" \/>\n\t<meta property=\"og:image:width\" content=\"477\" \/>\n\t<meta property=\"og:image:height\" content=\"800\" \/>\n\t<meta property=\"og:image:type\" content=\"image\/webp\" \/>\n<meta name=\"twitter:card\" content=\"summary_large_image\" \/>\n<meta name=\"twitter:label1\" content=\"Estimated reading time\" \/>\n\t<meta name=\"twitter:data1\" content=\"1 minute\" \/>\n<script type=\"application\/ld+json\" class=\"yoast-schema-graph\">{\"@context\":\"https:\/\/schema.org\",\"@graph\":[{\"@type\":\"WebPage\",\"@id\":\"https:\/\/skaitytaknyga.lt\/produktas\/mirtis-tupykloje\/\",\"url\":\"https:\/\/skaitytaknyga.lt\/produktas\/mirtis-tupykloje\/\",\"name\":\"Mirtis tupykloje\",\"isPartOf\":{\"@id\":\"https:\/\/skaitytaknyga.lt\/#website\"},\"primaryImageOfPage\":{\"@id\":\"https:\/\/skaitytaknyga.lt\/produktas\/mirtis-tupykloje\/#primaryimage\"},\"image\":{\"@id\":\"https:\/\/skaitytaknyga.lt\/produktas\/mirtis-tupykloje\/#primaryimage\"},\"thumbnailUrl\":\"https:\/\/skaitytaknyga.lt\/wp-content\/uploads\/2026\/03\/Mirtis-tupykloje.webp\",\"datePublished\":\"2026-03-24T08:37:17+00:00\",\"dateModified\":\"2026-03-24T09:29:21+00:00\",\"description\":\"Benas Eltonas (g.1959), garsus brit\u0173 TV ir kino scenaristas, miuzikl\u0173 autorius, k\u016br\u0119s A. L. Webberiui ir Queen, karjer\u0105 prad\u0117jo kaip avangardi\u0161kiausias\",\"breadcrumb\":{\"@id\":\"https:\/\/skaitytaknyga.lt\/produktas\/mirtis-tupykloje\/#breadcrumb\"},\"inLanguage\":\"en-GB\",\"potentialAction\":[{\"@type\":\"ReadAction\",\"target\":[\"https:\/\/skaitytaknyga.lt\/produktas\/mirtis-tupykloje\/\"]}]},{\"@type\":\"ImageObject\",\"inLanguage\":\"en-GB\",\"@id\":\"https:\/\/skaitytaknyga.lt\/produktas\/mirtis-tupykloje\/#primaryimage\",\"url\":\"https:\/\/skaitytaknyga.lt\/wp-content\/uploads\/2026\/03\/Mirtis-tupykloje.webp\",\"contentUrl\":\"https:\/\/skaitytaknyga.lt\/wp-content\/uploads\/2026\/03\/Mirtis-tupykloje.webp\",\"width\":477,\"height\":800,\"caption\":\"Mirtis tupykloje\"},{\"@type\":\"BreadcrumbList\",\"@id\":\"https:\/\/skaitytaknyga.lt\/produktas\/mirtis-tupykloje\/#breadcrumb\",\"itemListElement\":[{\"@type\":\"ListItem\",\"position\":1,\"name\":\"Home\",\"item\":\"https:\/\/skaitytaknyga.lt\/\"},{\"@type\":\"ListItem\",\"position\":2,\"name\":\"Parduotuv\u0117\",\"item\":\"https:\/\/skaitytaknyga.lt\/knygu-parduotuve\/\"},{\"@type\":\"ListItem\",\"position\":3,\"name\":\"Mirtis tupykloje\"}]},{\"@type\":\"WebSite\",\"@id\":\"https:\/\/skaitytaknyga.lt\/#website\",\"url\":\"https:\/\/skaitytaknyga.lt\/\",\"name\":\"skaitytaknyga.lt\",\"description\":\"Skaitytaknyga.lt \u2013 tai ma\u017eas \u0161eimos verslas, kuris prasid\u0117jo nuo meil\u0117s knygoms ir siekio i\u0161gelb\u0117ti knygas nuo likimo prie konteinerio. Kas vienam nereikalingas daiktas \u2013 kitam lobis, o mes esame tarpininkai, kurie padeda abiems tapti laimingesniems ???? \u017dinome kaip nelengva i\u0161gyventi ma\u017eiems verslams, tad nuo \u0161iol, \u010dia rasite ir kit\u0173, ma\u017e\u0173 \u0161eim\u0173 versl\u0173, rank\u0173 darbo, dovan\u0173 sau ir artimiesiems.\",\"publisher\":{\"@id\":\"https:\/\/skaitytaknyga.lt\/#organization\"},\"potentialAction\":[{\"@type\":\"SearchAction\",\"target\":{\"@type\":\"EntryPoint\",\"urlTemplate\":\"https:\/\/skaitytaknyga.lt\/?s={search_term_string}\"},\"query-input\":{\"@type\":\"PropertyValueSpecification\",\"valueRequired\":true,\"valueName\":\"search_term_string\"}}],\"inLanguage\":\"en-GB\"},{\"@type\":\"Organization\",\"@id\":\"https:\/\/skaitytaknyga.lt\/#organization\",\"name\":\"skaitytaknyga.lt\",\"url\":\"https:\/\/skaitytaknyga.lt\/\",\"logo\":{\"@type\":\"ImageObject\",\"inLanguage\":\"en-GB\",\"@id\":\"https:\/\/skaitytaknyga.lt\/#\/schema\/logo\/image\/\",\"url\":\"https:\/\/skaitytaknyga.lt\/wp-content\/uploads\/2024\/05\/cropped-cropped-cropped-02_00843_jt3bggkj1j3HLc7SyY6rEUpg.jpeg\",\"contentUrl\":\"https:\/\/skaitytaknyga.lt\/wp-content\/uploads\/2024\/05\/cropped-cropped-cropped-02_00843_jt3bggkj1j3HLc7SyY6rEUpg.jpeg\",\"width\":1600,\"height\":1600,\"caption\":\"skaitytaknyga.lt\"},\"image\":{\"@id\":\"https:\/\/skaitytaknyga.lt\/#\/schema\/logo\/image\/\"},\"sameAs\":[\"https:\/\/www.facebook.com\/skaitytaknyga\/\"]}]}<\/script>\n<!-- \/ Yoast SEO plugin. -->","yoast_head_json":{"title":"Mirtis tupykloje","description":"Benas Eltonas (g.1959), garsus brit\u0173 TV ir kino scenaristas, miuzikl\u0173 autorius, k\u016br\u0119s A. L. Webberiui ir Queen, karjer\u0105 prad\u0117jo kaip avangardi\u0161kiausias","robots":{"index":"index","follow":"follow","max-snippet":"max-snippet:-1","max-image-preview":"max-image-preview:large","max-video-preview":"max-video-preview:-1"},"canonical":"https:\/\/skaitytaknyga.lt\/en\/produktas\/mirtis-tupykloje\/","og_locale":"en_GB","og_type":"article","og_title":"[:lt]Mirtis tupykloje[:] - Skaitytaknyga","og_description":"Benas Eltonas (g.1959), garsus brit\u0173 TV ir kino scenaristas, miuzikl\u0173 autorius, k\u016br\u0119s A. L. Webberiui ir Queen, karjer\u0105 prad\u0117jo kaip avangardi\u0161kiausias","og_url":"https:\/\/skaitytaknyga.lt\/en\/produktas\/mirtis-tupykloje\/","og_site_name":"Skaitytaknyga","article_publisher":"https:\/\/www.facebook.com\/skaitytaknyga\/","article_modified_time":"2026-03-24T09:29:21+00:00","og_image":[{"width":477,"height":800,"url":"https:\/\/skaitytaknyga.lt\/wp-content\/uploads\/2026\/03\/Mirtis-tupykloje.webp","type":"image\/webp"}],"twitter_card":"summary_large_image","twitter_misc":{"Estimated reading time":"1 minute"},"schema":{"@context":"https:\/\/schema.org","@graph":[{"@type":"WebPage","@id":"https:\/\/skaitytaknyga.lt\/produktas\/mirtis-tupykloje\/","url":"https:\/\/skaitytaknyga.lt\/produktas\/mirtis-tupykloje\/","name":"Mirtis tupykloje","isPartOf":{"@id":"https:\/\/skaitytaknyga.lt\/#website"},"primaryImageOfPage":{"@id":"https:\/\/skaitytaknyga.lt\/produktas\/mirtis-tupykloje\/#primaryimage"},"image":{"@id":"https:\/\/skaitytaknyga.lt\/produktas\/mirtis-tupykloje\/#primaryimage"},"thumbnailUrl":"https:\/\/skaitytaknyga.lt\/wp-content\/uploads\/2026\/03\/Mirtis-tupykloje.webp","datePublished":"2026-03-24T08:37:17+00:00","dateModified":"2026-03-24T09:29:21+00:00","description":"Benas Eltonas (g.1959), garsus brit\u0173 TV ir kino scenaristas, miuzikl\u0173 autorius, k\u016br\u0119s A. L. Webberiui ir Queen, karjer\u0105 prad\u0117jo kaip avangardi\u0161kiausias","breadcrumb":{"@id":"https:\/\/skaitytaknyga.lt\/produktas\/mirtis-tupykloje\/#breadcrumb"},"inLanguage":"en-GB","potentialAction":[{"@type":"ReadAction","target":["https:\/\/skaitytaknyga.lt\/produktas\/mirtis-tupykloje\/"]}]},{"@type":"ImageObject","inLanguage":"en-GB","@id":"https:\/\/skaitytaknyga.lt\/produktas\/mirtis-tupykloje\/#primaryimage","url":"https:\/\/skaitytaknyga.lt\/wp-content\/uploads\/2026\/03\/Mirtis-tupykloje.webp","contentUrl":"https:\/\/skaitytaknyga.lt\/wp-content\/uploads\/2026\/03\/Mirtis-tupykloje.webp","width":477,"height":800,"caption":"Mirtis tupykloje"},{"@type":"BreadcrumbList","@id":"https:\/\/skaitytaknyga.lt\/produktas\/mirtis-tupykloje\/#breadcrumb","itemListElement":[{"@type":"ListItem","position":1,"name":"Home","item":"https:\/\/skaitytaknyga.lt\/"},{"@type":"ListItem","position":2,"name":"Parduotuv\u0117","item":"https:\/\/skaitytaknyga.lt\/knygu-parduotuve\/"},{"@type":"ListItem","position":3,"name":"Mirtis tupykloje"}]},{"@type":"WebSite","@id":"https:\/\/skaitytaknyga.lt\/#website","url":"https:\/\/skaitytaknyga.lt\/","name":"skaitytaknyga.lt","description":"Skaitytaknyga.lt \u2013 tai ma\u017eas \u0161eimos verslas, kuris prasid\u0117jo nuo meil\u0117s knygoms ir siekio i\u0161gelb\u0117ti knygas nuo likimo prie konteinerio. Kas vienam nereikalingas daiktas \u2013 kitam lobis, o mes esame tarpininkai, kurie padeda abiems tapti laimingesniems ???? \u017dinome kaip nelengva i\u0161gyventi ma\u017eiems verslams, tad nuo \u0161iol, \u010dia rasite ir kit\u0173, ma\u017e\u0173 \u0161eim\u0173 versl\u0173, rank\u0173 darbo, dovan\u0173 sau ir artimiesiems.","publisher":{"@id":"https:\/\/skaitytaknyga.lt\/#organization"},"potentialAction":[{"@type":"SearchAction","target":{"@type":"EntryPoint","urlTemplate":"https:\/\/skaitytaknyga.lt\/?s={search_term_string}"},"query-input":{"@type":"PropertyValueSpecification","valueRequired":true,"valueName":"search_term_string"}}],"inLanguage":"en-GB"},{"@type":"Organization","@id":"https:\/\/skaitytaknyga.lt\/#organization","name":"skaitytaknyga.lt","url":"https:\/\/skaitytaknyga.lt\/","logo":{"@type":"ImageObject","inLanguage":"en-GB","@id":"https:\/\/skaitytaknyga.lt\/#\/schema\/logo\/image\/","url":"https:\/\/skaitytaknyga.lt\/wp-content\/uploads\/2024\/05\/cropped-cropped-cropped-02_00843_jt3bggkj1j3HLc7SyY6rEUpg.jpeg","contentUrl":"https:\/\/skaitytaknyga.lt\/wp-content\/uploads\/2024\/05\/cropped-cropped-cropped-02_00843_jt3bggkj1j3HLc7SyY6rEUpg.jpeg","width":1600,"height":1600,"caption":"skaitytaknyga.lt"},"image":{"@id":"https:\/\/skaitytaknyga.lt\/#\/schema\/logo\/image\/"},"sameAs":["https:\/\/www.facebook.com\/skaitytaknyga\/"]}]}},"_links":{"self":[{"href":"https:\/\/skaitytaknyga.lt\/en\/wp-json\/wp\/v2\/product\/25124","targetHints":{"allow":["GET"]}}],"collection":[{"href":"https:\/\/skaitytaknyga.lt\/en\/wp-json\/wp\/v2\/product"}],"about":[{"href":"https:\/\/skaitytaknyga.lt\/en\/wp-json\/wp\/v2\/types\/product"}],"replies":[{"embeddable":true,"href":"https:\/\/skaitytaknyga.lt\/en\/wp-json\/wp\/v2\/comments?post=25124"}],"wp:featuredmedia":[{"embeddable":true,"href":"https:\/\/skaitytaknyga.lt\/en\/wp-json\/wp\/v2\/media\/25129"}],"wp:attachment":[{"href":"https:\/\/skaitytaknyga.lt\/en\/wp-json\/wp\/v2\/media?parent=25124"}],"wp:term":[{"taxonomy":"product_brand","embeddable":true,"href":"https:\/\/skaitytaknyga.lt\/en\/wp-json\/wp\/v2\/product_brand?post=25124"},{"taxonomy":"product_cat","embeddable":true,"href":"https:\/\/skaitytaknyga.lt\/en\/wp-json\/wp\/v2\/product_cat?post=25124"},{"taxonomy":"product_tag","embeddable":true,"href":"https:\/\/skaitytaknyga.lt\/en\/wp-json\/wp\/v2\/product_tag?post=25124"}],"curies":[{"name":"wp","href":"https:\/\/api.w.org\/{rel}","templated":true}]}}