{"id":25122,"date":"2026-03-24T10:37:16","date_gmt":"2026-03-24T08:37:16","guid":{"rendered":"https:\/\/skaitytaknyga.lt\/?post_type=product&#038;p=25122"},"modified":"2026-03-24T11:29:21","modified_gmt":"2026-03-24T09:29:21","slug":"donaldas-ir-kiti-samboro-pilies-paslaptis-ir-dumblino-diko-gelbejimas","status":"publish","type":"product","link":"https:\/\/skaitytaknyga.lt\/en\/produktas\/donaldas-ir-kiti-samboro-pilies-paslaptis-ir-dumblino-diko-gelbejimas\/","title":{"rendered":"Donaldas ir kiti. \u0160amboro pilies paslaptis ir Dumblino Diko gelb\u0117jimas (yra skaitymo \u017eymi\u0173)"},"content":{"rendered":"<p>Nuo\u017emusis Viziris ir po pakalikas Burtininkas k\u0117sinasi sunaikinti An\u010diogal\u0105, jaunieji \u0161vilpikai gelbsti \u012f krant\u0105 i\u0161mest\u0105 mil\u017eini\u0161k\u0105 bangin\u012f, kur\u012f Skrud\u017eas nori paversti bangini\u0173 taukais, Sriegas pagamina Donaldui savaranki\u0161kai m\u0105stant\u012f \u017eadintuv\u0105&#8230;<\/p>\n","protected":false},"excerpt":{"rendered":"<p>Nuo\u017emusis Viziris ir po pakalikas Burtininkas k\u0117sinasi sunaikinti An\u010diogal\u0105, jaunieji \u0161vilpikai gelbsti \u012f krant\u0105 i\u0161mest\u0105 mil\u017eini\u0161k\u0105 bangin\u012f, kur\u012f Skrud\u017eas nori paversti bangini\u0173 taukais, Sriegas pagamina Donaldui savaranki\u0161kai m\u0105stant\u012f \u017eadintuv\u0105&#8230;<\/p>\n","protected":false},"featured_media":25127,"comment_status":"open","ping_status":"closed","template":"","meta":{"_acf_changed":false,"site-sidebar-layout":"default","site-content-layout":"","ast-site-content-layout":"default","site-content-style":"default","site-sidebar-style":"default","ast-global-header-display":"","ast-banner-title-visibility":"","ast-main-header-display":"","ast-hfb-above-header-display":"","ast-hfb-below-header-display":"","ast-hfb-mobile-header-display":"","site-post-title":"","ast-breadcrumbs-content":"","ast-featured-img":"","footer-sml-layout":"","ast-disable-related-posts":"","theme-transparent-header-meta":"","adv-header-id-meta":"","stick-header-meta":"","header-above-stick-meta":"","header-main-stick-meta":"","header-below-stick-meta":"","astra-migrate-meta-layouts":"default","ast-page-background-enabled":"default","ast-page-background-meta":{"desktop":{"background-color":"","background-image":"","background-repeat":"repeat","background-position":"center center","background-size":"auto","background-attachment":"scroll","background-type":"","background-media":"","overlay-type":"","overlay-color":"","overlay-opacity":"","overlay-gradient":""},"tablet":{"background-color":"","background-image":"","background-repeat":"repeat","background-position":"center center","background-size":"auto","background-attachment":"scroll","background-type":"","background-media":"","overlay-type":"","overlay-color":"","overlay-opacity":"","overlay-gradient":""},"mobile":{"background-color":"","background-image":"","background-repeat":"repeat","background-position":"center center","background-size":"auto","background-attachment":"scroll","background-type":"","background-media":"","overlay-type":"","overlay-color":"","overlay-opacity":"","overlay-gradient":""}},"ast-content-background-meta":{"desktop":{"background-color":"var(--ast-global-color-4)","background-image":"","background-repeat":"repeat","background-position":"center center","background-size":"auto","background-attachment":"scroll","background-type":"","background-media":"","overlay-type":"","overlay-color":"","overlay-opacity":"","overlay-gradient":""},"tablet":{"background-color":"var(--ast-global-color-4)","background-image":"","background-repeat":"repeat","background-position":"center center","background-size":"auto","background-attachment":"scroll","background-type":"","background-media":"","overlay-type":"","overlay-color":"","overlay-opacity":"","overlay-gradient":""},"mobile":{"background-color":"var(--ast-global-color-4)","background-image":"","background-repeat":"repeat","background-position":"center center","background-size":"auto","background-attachment":"scroll","background-type":"","background-media":"","overlay-type":"","overlay-color":"","overlay-opacity":"","overlay-gradient":""}}},"product_brand":[],"product_cat":[9674],"product_tag":[],"class_list":{"0":"post-25122","1":"product","2":"type-product","3":"status-publish","4":"has-post-thumbnail","6":"product_cat-pradinukams","7":"desktop-align-left","8":"tablet-align-left","9":"mobile-align-left","11":"first","12":"instock","13":"shipping-taxable","14":"purchasable","15":"product-type-simple"},"acf":[],"yoast_head":"<!-- This site is optimized with the Yoast SEO plugin v27.0 - https:\/\/yoast.com\/product\/yoast-seo-wordpress\/ -->\n<title>Donaldas ir kiti. \u0160amboro pilies paslaptis ir Dumblino Diko gelb\u0117jimas (yra skaitymo \u017eymi\u0173)<\/title>\n<meta name=\"description\" content=\"Nuo\u017emusis Viziris ir po pakalikas Burtininkas k\u0117sinasi sunaikinti An\u010diogal\u0105, jaunieji \u0161vilpikai gelbsti \u012f krant\u0105 i\u0161mest\u0105 mil\u017eini\u0161k\u0105 bangin\u012f, kur\u012f Skrud\u017eas\" \/>\n<meta name=\"robots\" content=\"index, follow, max-snippet:-1, max-image-preview:large, max-video-preview:-1\" \/>\n<link rel=\"canonical\" href=\"https:\/\/skaitytaknyga.lt\/en\/produktas\/donaldas-ir-kiti-samboro-pilies-paslaptis-ir-dumblino-diko-gelbejimas\/\" \/>\n<meta property=\"og:locale\" content=\"en_GB\" \/>\n<meta property=\"og:locale:alternate\" content=\"lt_LT\" \/>\n<meta property=\"og:type\" content=\"article\" \/>\n<meta property=\"og:title\" content=\"Donaldas ir kiti. \u0160amboro pilies paslaptis ir Dumblino Diko gelb\u0117jimas (yra skaitymo \u017eymi\u0173)\" \/>\n<meta property=\"og:description\" content=\"Nuo\u017emusis Viziris ir po pakalikas Burtininkas k\u0117sinasi sunaikinti An\u010diogal\u0105, jaunieji \u0161vilpikai gelbsti \u012f krant\u0105 i\u0161mest\u0105 mil\u017eini\u0161k\u0105 bangin\u012f, kur\u012f Skrud\u017eas\" \/>\n<meta property=\"og:url\" content=\"https:\/\/skaitytaknyga.lt\/en\/produktas\/donaldas-ir-kiti-samboro-pilies-paslaptis-ir-dumblino-diko-gelbejimas\/\" \/>\n<meta property=\"og:site_name\" content=\"Skaitytaknyga\" \/>\n<meta property=\"article:publisher\" content=\"https:\/\/www.facebook.com\/skaitytaknyga\/\" \/>\n<meta property=\"article:modified_time\" content=\"2026-03-24T09:29:21+00:00\" \/>\n<meta property=\"og:image\" content=\"https:\/\/skaitytaknyga.lt\/wp-content\/uploads\/2026\/03\/Donaldas-ir-kiti.-Samboro-pilies-paslaptis-ir-Dumblino-Diko-gelbejimas-e1774341540889.webp\" \/>\n\t<meta property=\"og:image:width\" content=\"300\" \/>\n\t<meta property=\"og:image:height\" content=\"429\" \/>\n\t<meta property=\"og:image:type\" content=\"image\/webp\" \/>\n<meta name=\"twitter:card\" content=\"summary_large_image\" \/>\n<script type=\"application\/ld+json\" class=\"yoast-schema-graph\">{\"@context\":\"https:\/\/schema.org\",\"@graph\":[{\"@type\":\"WebPage\",\"@id\":\"https:\/\/skaitytaknyga.lt\/produktas\/donaldas-ir-kiti-samboro-pilies-paslaptis-ir-dumblino-diko-gelbejimas\/\",\"url\":\"https:\/\/skaitytaknyga.lt\/produktas\/donaldas-ir-kiti-samboro-pilies-paslaptis-ir-dumblino-diko-gelbejimas\/\",\"name\":\"Donaldas ir kiti. \u0160amboro pilies paslaptis ir Dumblino Diko gelb\u0117jimas (yra skaitymo \u017eymi\u0173)\",\"isPartOf\":{\"@id\":\"https:\/\/skaitytaknyga.lt\/#website\"},\"primaryImageOfPage\":{\"@id\":\"https:\/\/skaitytaknyga.lt\/produktas\/donaldas-ir-kiti-samboro-pilies-paslaptis-ir-dumblino-diko-gelbejimas\/#primaryimage\"},\"image\":{\"@id\":\"https:\/\/skaitytaknyga.lt\/produktas\/donaldas-ir-kiti-samboro-pilies-paslaptis-ir-dumblino-diko-gelbejimas\/#primaryimage\"},\"thumbnailUrl\":\"https:\/\/skaitytaknyga.lt\/wp-content\/uploads\/2026\/03\/Donaldas-ir-kiti.-Samboro-pilies-paslaptis-ir-Dumblino-Diko-gelbejimas-e1774341540889.webp\",\"datePublished\":\"2026-03-24T08:37:16+00:00\",\"dateModified\":\"2026-03-24T09:29:21+00:00\",\"description\":\"Nuo\u017emusis Viziris ir po pakalikas Burtininkas k\u0117sinasi sunaikinti An\u010diogal\u0105, jaunieji \u0161vilpikai gelbsti \u012f krant\u0105 i\u0161mest\u0105 mil\u017eini\u0161k\u0105 bangin\u012f, kur\u012f Skrud\u017eas\",\"breadcrumb\":{\"@id\":\"https:\/\/skaitytaknyga.lt\/produktas\/donaldas-ir-kiti-samboro-pilies-paslaptis-ir-dumblino-diko-gelbejimas\/#breadcrumb\"},\"inLanguage\":\"en-GB\",\"potentialAction\":[{\"@type\":\"ReadAction\",\"target\":[\"https:\/\/skaitytaknyga.lt\/produktas\/donaldas-ir-kiti-samboro-pilies-paslaptis-ir-dumblino-diko-gelbejimas\/\"]}]},{\"@type\":\"ImageObject\",\"inLanguage\":\"en-GB\",\"@id\":\"https:\/\/skaitytaknyga.lt\/produktas\/donaldas-ir-kiti-samboro-pilies-paslaptis-ir-dumblino-diko-gelbejimas\/#primaryimage\",\"url\":\"https:\/\/skaitytaknyga.lt\/wp-content\/uploads\/2026\/03\/Donaldas-ir-kiti.-Samboro-pilies-paslaptis-ir-Dumblino-Diko-gelbejimas-e1774341540889.webp\",\"contentUrl\":\"https:\/\/skaitytaknyga.lt\/wp-content\/uploads\/2026\/03\/Donaldas-ir-kiti.-Samboro-pilies-paslaptis-ir-Dumblino-Diko-gelbejimas-e1774341540889.webp\",\"width\":300,\"height\":429,\"caption\":\"Donaldas ir kiti. \u0160amboro pilies paslaptis ir Dumblino Diko gelb\u0117jimas\"},{\"@type\":\"BreadcrumbList\",\"@id\":\"https:\/\/skaitytaknyga.lt\/produktas\/donaldas-ir-kiti-samboro-pilies-paslaptis-ir-dumblino-diko-gelbejimas\/#breadcrumb\",\"itemListElement\":[{\"@type\":\"ListItem\",\"position\":1,\"name\":\"Home\",\"item\":\"https:\/\/skaitytaknyga.lt\/\"},{\"@type\":\"ListItem\",\"position\":2,\"name\":\"Parduotuv\u0117\",\"item\":\"https:\/\/skaitytaknyga.lt\/knygu-parduotuve\/\"},{\"@type\":\"ListItem\",\"position\":3,\"name\":\"Donaldas ir kiti. \u0160amboro pilies paslaptis ir Dumblino Diko gelb\u0117jimas (yra skaitymo \u017eymi\u0173)\"}]},{\"@type\":\"WebSite\",\"@id\":\"https:\/\/skaitytaknyga.lt\/#website\",\"url\":\"https:\/\/skaitytaknyga.lt\/\",\"name\":\"skaitytaknyga.lt\",\"description\":\"Skaitytaknyga.lt \u2013 tai ma\u017eas \u0161eimos verslas, kuris prasid\u0117jo nuo meil\u0117s knygoms ir siekio i\u0161gelb\u0117ti knygas nuo likimo prie konteinerio. Kas vienam nereikalingas daiktas \u2013 kitam lobis, o mes esame tarpininkai, kurie padeda abiems tapti laimingesniems ???? \u017dinome kaip nelengva i\u0161gyventi ma\u017eiems verslams, tad nuo \u0161iol, \u010dia rasite ir kit\u0173, ma\u017e\u0173 \u0161eim\u0173 versl\u0173, rank\u0173 darbo, dovan\u0173 sau ir artimiesiems.\",\"publisher\":{\"@id\":\"https:\/\/skaitytaknyga.lt\/#organization\"},\"potentialAction\":[{\"@type\":\"SearchAction\",\"target\":{\"@type\":\"EntryPoint\",\"urlTemplate\":\"https:\/\/skaitytaknyga.lt\/?s={search_term_string}\"},\"query-input\":{\"@type\":\"PropertyValueSpecification\",\"valueRequired\":true,\"valueName\":\"search_term_string\"}}],\"inLanguage\":\"en-GB\"},{\"@type\":\"Organization\",\"@id\":\"https:\/\/skaitytaknyga.lt\/#organization\",\"name\":\"skaitytaknyga.lt\",\"url\":\"https:\/\/skaitytaknyga.lt\/\",\"logo\":{\"@type\":\"ImageObject\",\"inLanguage\":\"en-GB\",\"@id\":\"https:\/\/skaitytaknyga.lt\/#\/schema\/logo\/image\/\",\"url\":\"https:\/\/skaitytaknyga.lt\/wp-content\/uploads\/2024\/05\/cropped-cropped-cropped-02_00843_jt3bggkj1j3HLc7SyY6rEUpg.jpeg\",\"contentUrl\":\"https:\/\/skaitytaknyga.lt\/wp-content\/uploads\/2024\/05\/cropped-cropped-cropped-02_00843_jt3bggkj1j3HLc7SyY6rEUpg.jpeg\",\"width\":1600,\"height\":1600,\"caption\":\"skaitytaknyga.lt\"},\"image\":{\"@id\":\"https:\/\/skaitytaknyga.lt\/#\/schema\/logo\/image\/\"},\"sameAs\":[\"https:\/\/www.facebook.com\/skaitytaknyga\/\"]}]}<\/script>\n<!-- \/ Yoast SEO plugin. -->","yoast_head_json":{"title":"Donaldas ir kiti. \u0160amboro pilies paslaptis ir Dumblino Diko gelb\u0117jimas (yra skaitymo \u017eymi\u0173)","description":"Nuo\u017emusis Viziris ir po pakalikas Burtininkas k\u0117sinasi sunaikinti An\u010diogal\u0105, jaunieji \u0161vilpikai gelbsti \u012f krant\u0105 i\u0161mest\u0105 mil\u017eini\u0161k\u0105 bangin\u012f, kur\u012f Skrud\u017eas","robots":{"index":"index","follow":"follow","max-snippet":"max-snippet:-1","max-image-preview":"max-image-preview:large","max-video-preview":"max-video-preview:-1"},"canonical":"https:\/\/skaitytaknyga.lt\/en\/produktas\/donaldas-ir-kiti-samboro-pilies-paslaptis-ir-dumblino-diko-gelbejimas\/","og_locale":"en_GB","og_type":"article","og_title":"[:lt]Donaldas ir kiti. \u0160amboro pilies paslaptis ir Dumblino Diko gelb\u0117jimas (yra skaitymo \u017eymi\u0173)[:] - Skaitytaknyga","og_description":"Nuo\u017emusis Viziris ir po pakalikas Burtininkas k\u0117sinasi sunaikinti An\u010diogal\u0105, jaunieji \u0161vilpikai gelbsti \u012f krant\u0105 i\u0161mest\u0105 mil\u017eini\u0161k\u0105 bangin\u012f, kur\u012f Skrud\u017eas","og_url":"https:\/\/skaitytaknyga.lt\/en\/produktas\/donaldas-ir-kiti-samboro-pilies-paslaptis-ir-dumblino-diko-gelbejimas\/","og_site_name":"Skaitytaknyga","article_publisher":"https:\/\/www.facebook.com\/skaitytaknyga\/","article_modified_time":"2026-03-24T09:29:21+00:00","og_image":[{"width":300,"height":429,"url":"https:\/\/skaitytaknyga.lt\/wp-content\/uploads\/2026\/03\/Donaldas-ir-kiti.-Samboro-pilies-paslaptis-ir-Dumblino-Diko-gelbejimas-e1774341540889.webp","type":"image\/webp"}],"twitter_card":"summary_large_image","schema":{"@context":"https:\/\/schema.org","@graph":[{"@type":"WebPage","@id":"https:\/\/skaitytaknyga.lt\/produktas\/donaldas-ir-kiti-samboro-pilies-paslaptis-ir-dumblino-diko-gelbejimas\/","url":"https:\/\/skaitytaknyga.lt\/produktas\/donaldas-ir-kiti-samboro-pilies-paslaptis-ir-dumblino-diko-gelbejimas\/","name":"Donaldas ir kiti. \u0160amboro pilies paslaptis ir Dumblino Diko gelb\u0117jimas (yra skaitymo \u017eymi\u0173)","isPartOf":{"@id":"https:\/\/skaitytaknyga.lt\/#website"},"primaryImageOfPage":{"@id":"https:\/\/skaitytaknyga.lt\/produktas\/donaldas-ir-kiti-samboro-pilies-paslaptis-ir-dumblino-diko-gelbejimas\/#primaryimage"},"image":{"@id":"https:\/\/skaitytaknyga.lt\/produktas\/donaldas-ir-kiti-samboro-pilies-paslaptis-ir-dumblino-diko-gelbejimas\/#primaryimage"},"thumbnailUrl":"https:\/\/skaitytaknyga.lt\/wp-content\/uploads\/2026\/03\/Donaldas-ir-kiti.-Samboro-pilies-paslaptis-ir-Dumblino-Diko-gelbejimas-e1774341540889.webp","datePublished":"2026-03-24T08:37:16+00:00","dateModified":"2026-03-24T09:29:21+00:00","description":"Nuo\u017emusis Viziris ir po pakalikas Burtininkas k\u0117sinasi sunaikinti An\u010diogal\u0105, jaunieji \u0161vilpikai gelbsti \u012f krant\u0105 i\u0161mest\u0105 mil\u017eini\u0161k\u0105 bangin\u012f, kur\u012f Skrud\u017eas","breadcrumb":{"@id":"https:\/\/skaitytaknyga.lt\/produktas\/donaldas-ir-kiti-samboro-pilies-paslaptis-ir-dumblino-diko-gelbejimas\/#breadcrumb"},"inLanguage":"en-GB","potentialAction":[{"@type":"ReadAction","target":["https:\/\/skaitytaknyga.lt\/produktas\/donaldas-ir-kiti-samboro-pilies-paslaptis-ir-dumblino-diko-gelbejimas\/"]}]},{"@type":"ImageObject","inLanguage":"en-GB","@id":"https:\/\/skaitytaknyga.lt\/produktas\/donaldas-ir-kiti-samboro-pilies-paslaptis-ir-dumblino-diko-gelbejimas\/#primaryimage","url":"https:\/\/skaitytaknyga.lt\/wp-content\/uploads\/2026\/03\/Donaldas-ir-kiti.-Samboro-pilies-paslaptis-ir-Dumblino-Diko-gelbejimas-e1774341540889.webp","contentUrl":"https:\/\/skaitytaknyga.lt\/wp-content\/uploads\/2026\/03\/Donaldas-ir-kiti.-Samboro-pilies-paslaptis-ir-Dumblino-Diko-gelbejimas-e1774341540889.webp","width":300,"height":429,"caption":"Donaldas ir kiti. \u0160amboro pilies paslaptis ir Dumblino Diko gelb\u0117jimas"},{"@type":"BreadcrumbList","@id":"https:\/\/skaitytaknyga.lt\/produktas\/donaldas-ir-kiti-samboro-pilies-paslaptis-ir-dumblino-diko-gelbejimas\/#breadcrumb","itemListElement":[{"@type":"ListItem","position":1,"name":"Home","item":"https:\/\/skaitytaknyga.lt\/"},{"@type":"ListItem","position":2,"name":"Parduotuv\u0117","item":"https:\/\/skaitytaknyga.lt\/knygu-parduotuve\/"},{"@type":"ListItem","position":3,"name":"Donaldas ir kiti. \u0160amboro pilies paslaptis ir Dumblino Diko gelb\u0117jimas (yra skaitymo \u017eymi\u0173)"}]},{"@type":"WebSite","@id":"https:\/\/skaitytaknyga.lt\/#website","url":"https:\/\/skaitytaknyga.lt\/","name":"skaitytaknyga.lt","description":"Skaitytaknyga.lt \u2013 tai ma\u017eas \u0161eimos verslas, kuris prasid\u0117jo nuo meil\u0117s knygoms ir siekio i\u0161gelb\u0117ti knygas nuo likimo prie konteinerio. Kas vienam nereikalingas daiktas \u2013 kitam lobis, o mes esame tarpininkai, kurie padeda abiems tapti laimingesniems ???? \u017dinome kaip nelengva i\u0161gyventi ma\u017eiems verslams, tad nuo \u0161iol, \u010dia rasite ir kit\u0173, ma\u017e\u0173 \u0161eim\u0173 versl\u0173, rank\u0173 darbo, dovan\u0173 sau ir artimiesiems.","publisher":{"@id":"https:\/\/skaitytaknyga.lt\/#organization"},"potentialAction":[{"@type":"SearchAction","target":{"@type":"EntryPoint","urlTemplate":"https:\/\/skaitytaknyga.lt\/?s={search_term_string}"},"query-input":{"@type":"PropertyValueSpecification","valueRequired":true,"valueName":"search_term_string"}}],"inLanguage":"en-GB"},{"@type":"Organization","@id":"https:\/\/skaitytaknyga.lt\/#organization","name":"skaitytaknyga.lt","url":"https:\/\/skaitytaknyga.lt\/","logo":{"@type":"ImageObject","inLanguage":"en-GB","@id":"https:\/\/skaitytaknyga.lt\/#\/schema\/logo\/image\/","url":"https:\/\/skaitytaknyga.lt\/wp-content\/uploads\/2024\/05\/cropped-cropped-cropped-02_00843_jt3bggkj1j3HLc7SyY6rEUpg.jpeg","contentUrl":"https:\/\/skaitytaknyga.lt\/wp-content\/uploads\/2024\/05\/cropped-cropped-cropped-02_00843_jt3bggkj1j3HLc7SyY6rEUpg.jpeg","width":1600,"height":1600,"caption":"skaitytaknyga.lt"},"image":{"@id":"https:\/\/skaitytaknyga.lt\/#\/schema\/logo\/image\/"},"sameAs":["https:\/\/www.facebook.com\/skaitytaknyga\/"]}]}},"_links":{"self":[{"href":"https:\/\/skaitytaknyga.lt\/en\/wp-json\/wp\/v2\/product\/25122","targetHints":{"allow":["GET"]}}],"collection":[{"href":"https:\/\/skaitytaknyga.lt\/en\/wp-json\/wp\/v2\/product"}],"about":[{"href":"https:\/\/skaitytaknyga.lt\/en\/wp-json\/wp\/v2\/types\/product"}],"replies":[{"embeddable":true,"href":"https:\/\/skaitytaknyga.lt\/en\/wp-json\/wp\/v2\/comments?post=25122"}],"wp:featuredmedia":[{"embeddable":true,"href":"https:\/\/skaitytaknyga.lt\/en\/wp-json\/wp\/v2\/media\/25127"}],"wp:attachment":[{"href":"https:\/\/skaitytaknyga.lt\/en\/wp-json\/wp\/v2\/media?parent=25122"}],"wp:term":[{"taxonomy":"product_brand","embeddable":true,"href":"https:\/\/skaitytaknyga.lt\/en\/wp-json\/wp\/v2\/product_brand?post=25122"},{"taxonomy":"product_cat","embeddable":true,"href":"https:\/\/skaitytaknyga.lt\/en\/wp-json\/wp\/v2\/product_cat?post=25122"},{"taxonomy":"product_tag","embeddable":true,"href":"https:\/\/skaitytaknyga.lt\/en\/wp-json\/wp\/v2\/product_tag?post=25122"}],"curies":[{"name":"wp","href":"https:\/\/api.w.org\/{rel}","templated":true}]}}