{"id":25115,"date":"2026-03-24T10:03:14","date_gmt":"2026-03-24T08:03:14","guid":{"rendered":"https:\/\/skaitytaknyga.lt\/?post_type=product&#038;p=25115"},"modified":"2026-03-24T10:37:04","modified_gmt":"2026-03-24T08:37:04","slug":"setauro-medziokle-pfaf-16","status":"publish","type":"product","link":"https:\/\/skaitytaknyga.lt\/en\/produktas\/setauro-medziokle-pfaf-16\/","title":{"rendered":"Setauro med\u017eiokl\u0117 (PFAF 16)"},"content":{"rendered":"<p>Knyga sudaryta i\u0161 apsakymo \u201eSetauro med\u017eiokl\u0117\u201c ir romano \u201eNenugalimasis\u201c. Kod\u0117l knyga pavadinta apsakymo, o ne romano pavadinimu? \u201eSetauro med\u017eiokl\u0117\u201c. Setauras \u2013 robotas skirtas kalnakasybos darbams sunkiomis s\u0105lygomis M\u0117nulyje. Navigatorius Pirksas priverstas pasilikti m\u0117nulyje ilgiau nei planavo, kaip tik tuomet atsitinka netik\u0117tas dalykas.<\/p>\n<p>Meteorit\u0173 lietus pramu\u0161a vieno sand\u0117lio stog\u0105 ir netik\u0117tai apgadina vien\u0105 Setaur\u0105, kuris pab\u0117g\u0119s i\u0161 sand\u0117lio ima naikinti M\u0117nulio baz\u0119. Organizuojamos savanori\u0173 grup\u0117s pab\u0117gusio roboto paie\u0161kai, Pirksas patenka \u012f vien\u0105 i\u0161 grupi\u0173 ir med\u017eiokl\u0117 prasideda.<\/p>\n<p>\u201eNenugalimasis\u201c. Erdv\u0117laivis \u201eNenugalimasis\u201c vadovaujamas astrogatoriaus Horpacho atvyko \u012f planet\u0105 \u201eRegis III\u201c tirti kas atsitiko anks\u010diau \u0161ioje planetoje nusileidusiam laivui \u201eKondorui\u201c. Laiv\u0105 jie randa nei\u0161karto, o rad\u0119 labai nustemba, nes tai k\u0105 pamat\u0117 nepasiduoda jokiai logikai. Netrukus ir j\u0173 laivo \u012fgulai tenka susipa\u017einti su vietiniais.<\/p>\n","protected":false},"excerpt":{"rendered":"<p>Knyga sudaryta i\u0161 apsakymo \u201eSetauro med\u017eiokl\u0117\u201c ir romano \u201eNenugalimasis\u201c. Kod\u0117l knyga pavadinta apsakymo, o ne romano pavadinimu? \u201eSetauro med\u017eiokl\u0117\u201c. Setauras \u2013 robotas skirtas kalnakasybos darbams sunkiomis s\u0105lygomis M\u0117nulyje. Navigatorius Pirksas priverstas pasilikti m\u0117nulyje ilgiau nei planavo, kaip tik tuomet atsitinka netik\u0117tas dalykas. Meteorit\u0173 lietus pramu\u0161a vieno sand\u0117lio stog\u0105 ir netik\u0117tai apgadina vien\u0105 Setaur\u0105, kuris pab\u0117g\u0119s i\u0161 sand\u0117lio ima naikinti M\u0117nulio baz\u0119. Organizuojamos savanori\u0173 grup\u0117s pab\u0117gusio roboto paie\u0161kai, Pirksas patenka \u012f vien\u0105 i\u0161 grupi\u0173 ir med\u017eiokl\u0117 prasideda. \u201eNenugalimasis\u201c. Erdv\u0117laivis \u201eNenugalimasis\u201c vadovaujamas astrogatoriaus Horpacho atvyko \u012f planet\u0105 \u201eRegis III\u201c tirti kas atsitiko anks\u010diau \u0161ioje planetoje nusileidusiam laivui \u201eKondorui\u201c. Laiv\u0105 jie randa nei\u0161karto, o rad\u0119 labai nustemba, nes tai k\u0105 pamat\u0117 nepasiduoda jokiai logikai. Netrukus ir j\u0173 laivo \u012fgulai tenka susipa\u017einti su vietiniais.<\/p>\n","protected":false},"featured_media":25120,"comment_status":"open","ping_status":"closed","template":"","meta":{"_acf_changed":false,"site-sidebar-layout":"default","site-content-layout":"","ast-site-content-layout":"default","site-content-style":"default","site-sidebar-style":"default","ast-global-header-display":"","ast-banner-title-visibility":"","ast-main-header-display":"","ast-hfb-above-header-display":"","ast-hfb-below-header-display":"","ast-hfb-mobile-header-display":"","site-post-title":"","ast-breadcrumbs-content":"","ast-featured-img":"","footer-sml-layout":"","ast-disable-related-posts":"","theme-transparent-header-meta":"","adv-header-id-meta":"","stick-header-meta":"","header-above-stick-meta":"","header-main-stick-meta":"","header-below-stick-meta":"","astra-migrate-meta-layouts":"default","ast-page-background-enabled":"default","ast-page-background-meta":{"desktop":{"background-color":"","background-image":"","background-repeat":"repeat","background-position":"center center","background-size":"auto","background-attachment":"scroll","background-type":"","background-media":"","overlay-type":"","overlay-color":"","overlay-opacity":"","overlay-gradient":""},"tablet":{"background-color":"","background-image":"","background-repeat":"repeat","background-position":"center center","background-size":"auto","background-attachment":"scroll","background-type":"","background-media":"","overlay-type":"","overlay-color":"","overlay-opacity":"","overlay-gradient":""},"mobile":{"background-color":"","background-image":"","background-repeat":"repeat","background-position":"center center","background-size":"auto","background-attachment":"scroll","background-type":"","background-media":"","overlay-type":"","overlay-color":"","overlay-opacity":"","overlay-gradient":""}},"ast-content-background-meta":{"desktop":{"background-color":"var(--ast-global-color-4)","background-image":"","background-repeat":"repeat","background-position":"center center","background-size":"auto","background-attachment":"scroll","background-type":"","background-media":"","overlay-type":"","overlay-color":"","overlay-opacity":"","overlay-gradient":""},"tablet":{"background-color":"var(--ast-global-color-4)","background-image":"","background-repeat":"repeat","background-position":"center center","background-size":"auto","background-attachment":"scroll","background-type":"","background-media":"","overlay-type":"","overlay-color":"","overlay-opacity":"","overlay-gradient":""},"mobile":{"background-color":"var(--ast-global-color-4)","background-image":"","background-repeat":"repeat","background-position":"center center","background-size":"auto","background-attachment":"scroll","background-type":"","background-media":"","overlay-type":"","overlay-color":"","overlay-opacity":"","overlay-gradient":""}}},"product_brand":[],"product_cat":[1059],"product_tag":[],"class_list":{"0":"post-25115","1":"product","2":"type-product","3":"status-publish","4":"has-post-thumbnail","6":"product_cat-pasaulines-fantastikos-aukso-fondas","7":"desktop-align-left","8":"tablet-align-left","9":"mobile-align-left","11":"first","12":"instock","13":"shipping-taxable","14":"purchasable","15":"product-type-simple"},"acf":[],"yoast_head":"<!-- This site is optimized with the Yoast SEO plugin v27.0 - https:\/\/yoast.com\/product\/yoast-seo-wordpress\/ -->\n<title>Setauro med\u017eiokl\u0117 (PFAF 16)<\/title>\n<meta name=\"description\" content=\"Knyga sudaryta i\u0161 apsakymo \u201eSetauro med\u017eiokl\u0117\u201c ir romano \u201eNenugalimasis\u201c. Kod\u0117l knyga pavadinta apsakymo, o ne romano pavadinimu? \u201eSetauro med\u017eiokl\u0117\u201c.\" \/>\n<meta name=\"robots\" content=\"index, follow, max-snippet:-1, max-image-preview:large, max-video-preview:-1\" \/>\n<link rel=\"canonical\" href=\"https:\/\/skaitytaknyga.lt\/en\/produktas\/setauro-medziokle-pfaf-16\/\" \/>\n<meta property=\"og:locale\" content=\"en_GB\" \/>\n<meta property=\"og:locale:alternate\" content=\"lt_LT\" \/>\n<meta property=\"og:type\" content=\"article\" \/>\n<meta property=\"og:title\" content=\"Setauro med\u017eiokl\u0117 (PFAF 16)\" \/>\n<meta property=\"og:description\" content=\"Knyga sudaryta i\u0161 apsakymo \u201eSetauro med\u017eiokl\u0117\u201c ir romano \u201eNenugalimasis\u201c. Kod\u0117l knyga pavadinta apsakymo, o ne romano pavadinimu? \u201eSetauro med\u017eiokl\u0117\u201c.\" \/>\n<meta property=\"og:url\" content=\"https:\/\/skaitytaknyga.lt\/en\/produktas\/setauro-medziokle-pfaf-16\/\" \/>\n<meta property=\"og:site_name\" content=\"Skaitytaknyga\" \/>\n<meta property=\"article:publisher\" content=\"https:\/\/www.facebook.com\/skaitytaknyga\/\" \/>\n<meta property=\"article:modified_time\" content=\"2026-03-24T08:37:04+00:00\" \/>\n<meta property=\"og:image\" content=\"https:\/\/skaitytaknyga.lt\/wp-content\/uploads\/2026\/03\/Setauro-medziokle-PFAF-16-e1774341278551.webp\" \/>\n\t<meta property=\"og:image:width\" content=\"300\" \/>\n\t<meta property=\"og:image:height\" content=\"478\" \/>\n\t<meta property=\"og:image:type\" content=\"image\/webp\" \/>\n<meta name=\"twitter:card\" content=\"summary_large_image\" \/>\n<meta name=\"twitter:label1\" content=\"Estimated reading time\" \/>\n\t<meta name=\"twitter:data1\" content=\"1 minute\" \/>\n<script type=\"application\/ld+json\" class=\"yoast-schema-graph\">{\"@context\":\"https:\/\/schema.org\",\"@graph\":[{\"@type\":\"WebPage\",\"@id\":\"https:\/\/skaitytaknyga.lt\/produktas\/setauro-medziokle-pfaf-16\/\",\"url\":\"https:\/\/skaitytaknyga.lt\/produktas\/setauro-medziokle-pfaf-16\/\",\"name\":\"Setauro med\u017eiokl\u0117 (PFAF 16)\",\"isPartOf\":{\"@id\":\"https:\/\/skaitytaknyga.lt\/#website\"},\"primaryImageOfPage\":{\"@id\":\"https:\/\/skaitytaknyga.lt\/produktas\/setauro-medziokle-pfaf-16\/#primaryimage\"},\"image\":{\"@id\":\"https:\/\/skaitytaknyga.lt\/produktas\/setauro-medziokle-pfaf-16\/#primaryimage\"},\"thumbnailUrl\":\"https:\/\/skaitytaknyga.lt\/wp-content\/uploads\/2026\/03\/Setauro-medziokle-PFAF-16-e1774341278551.webp\",\"datePublished\":\"2026-03-24T08:03:14+00:00\",\"dateModified\":\"2026-03-24T08:37:04+00:00\",\"description\":\"Knyga sudaryta i\u0161 apsakymo \u201eSetauro med\u017eiokl\u0117\u201c ir romano \u201eNenugalimasis\u201c. Kod\u0117l knyga pavadinta apsakymo, o ne romano pavadinimu? \u201eSetauro med\u017eiokl\u0117\u201c.\",\"breadcrumb\":{\"@id\":\"https:\/\/skaitytaknyga.lt\/produktas\/setauro-medziokle-pfaf-16\/#breadcrumb\"},\"inLanguage\":\"en-GB\",\"potentialAction\":[{\"@type\":\"ReadAction\",\"target\":[\"https:\/\/skaitytaknyga.lt\/produktas\/setauro-medziokle-pfaf-16\/\"]}]},{\"@type\":\"ImageObject\",\"inLanguage\":\"en-GB\",\"@id\":\"https:\/\/skaitytaknyga.lt\/produktas\/setauro-medziokle-pfaf-16\/#primaryimage\",\"url\":\"https:\/\/skaitytaknyga.lt\/wp-content\/uploads\/2026\/03\/Setauro-medziokle-PFAF-16-e1774341278551.webp\",\"contentUrl\":\"https:\/\/skaitytaknyga.lt\/wp-content\/uploads\/2026\/03\/Setauro-medziokle-PFAF-16-e1774341278551.webp\",\"width\":300,\"height\":478,\"caption\":\"Setauro med\u017eiokl\u0117 (PFAF 16)\"},{\"@type\":\"BreadcrumbList\",\"@id\":\"https:\/\/skaitytaknyga.lt\/produktas\/setauro-medziokle-pfaf-16\/#breadcrumb\",\"itemListElement\":[{\"@type\":\"ListItem\",\"position\":1,\"name\":\"Home\",\"item\":\"https:\/\/skaitytaknyga.lt\/\"},{\"@type\":\"ListItem\",\"position\":2,\"name\":\"Parduotuv\u0117\",\"item\":\"https:\/\/skaitytaknyga.lt\/knygu-parduotuve\/\"},{\"@type\":\"ListItem\",\"position\":3,\"name\":\"Setauro med\u017eiokl\u0117 (PFAF 16)\"}]},{\"@type\":\"WebSite\",\"@id\":\"https:\/\/skaitytaknyga.lt\/#website\",\"url\":\"https:\/\/skaitytaknyga.lt\/\",\"name\":\"skaitytaknyga.lt\",\"description\":\"Skaitytaknyga.lt \u2013 tai ma\u017eas \u0161eimos verslas, kuris prasid\u0117jo nuo meil\u0117s knygoms ir siekio i\u0161gelb\u0117ti knygas nuo likimo prie konteinerio. Kas vienam nereikalingas daiktas \u2013 kitam lobis, o mes esame tarpininkai, kurie padeda abiems tapti laimingesniems ???? \u017dinome kaip nelengva i\u0161gyventi ma\u017eiems verslams, tad nuo \u0161iol, \u010dia rasite ir kit\u0173, ma\u017e\u0173 \u0161eim\u0173 versl\u0173, rank\u0173 darbo, dovan\u0173 sau ir artimiesiems.\",\"publisher\":{\"@id\":\"https:\/\/skaitytaknyga.lt\/#organization\"},\"potentialAction\":[{\"@type\":\"SearchAction\",\"target\":{\"@type\":\"EntryPoint\",\"urlTemplate\":\"https:\/\/skaitytaknyga.lt\/?s={search_term_string}\"},\"query-input\":{\"@type\":\"PropertyValueSpecification\",\"valueRequired\":true,\"valueName\":\"search_term_string\"}}],\"inLanguage\":\"en-GB\"},{\"@type\":\"Organization\",\"@id\":\"https:\/\/skaitytaknyga.lt\/#organization\",\"name\":\"skaitytaknyga.lt\",\"url\":\"https:\/\/skaitytaknyga.lt\/\",\"logo\":{\"@type\":\"ImageObject\",\"inLanguage\":\"en-GB\",\"@id\":\"https:\/\/skaitytaknyga.lt\/#\/schema\/logo\/image\/\",\"url\":\"https:\/\/skaitytaknyga.lt\/wp-content\/uploads\/2024\/05\/cropped-cropped-cropped-02_00843_jt3bggkj1j3HLc7SyY6rEUpg.jpeg\",\"contentUrl\":\"https:\/\/skaitytaknyga.lt\/wp-content\/uploads\/2024\/05\/cropped-cropped-cropped-02_00843_jt3bggkj1j3HLc7SyY6rEUpg.jpeg\",\"width\":1600,\"height\":1600,\"caption\":\"skaitytaknyga.lt\"},\"image\":{\"@id\":\"https:\/\/skaitytaknyga.lt\/#\/schema\/logo\/image\/\"},\"sameAs\":[\"https:\/\/www.facebook.com\/skaitytaknyga\/\"]}]}<\/script>\n<!-- \/ Yoast SEO plugin. -->","yoast_head_json":{"title":"Setauro med\u017eiokl\u0117 (PFAF 16)","description":"Knyga sudaryta i\u0161 apsakymo \u201eSetauro med\u017eiokl\u0117\u201c ir romano \u201eNenugalimasis\u201c. Kod\u0117l knyga pavadinta apsakymo, o ne romano pavadinimu? \u201eSetauro med\u017eiokl\u0117\u201c.","robots":{"index":"index","follow":"follow","max-snippet":"max-snippet:-1","max-image-preview":"max-image-preview:large","max-video-preview":"max-video-preview:-1"},"canonical":"https:\/\/skaitytaknyga.lt\/en\/produktas\/setauro-medziokle-pfaf-16\/","og_locale":"en_GB","og_type":"article","og_title":"[:lt]Setauro med\u017eiokl\u0117 (PFAF 16)[:] - Skaitytaknyga","og_description":"Knyga sudaryta i\u0161 apsakymo \u201eSetauro med\u017eiokl\u0117\u201c ir romano \u201eNenugalimasis\u201c. Kod\u0117l knyga pavadinta apsakymo, o ne romano pavadinimu? \u201eSetauro med\u017eiokl\u0117\u201c.","og_url":"https:\/\/skaitytaknyga.lt\/en\/produktas\/setauro-medziokle-pfaf-16\/","og_site_name":"Skaitytaknyga","article_publisher":"https:\/\/www.facebook.com\/skaitytaknyga\/","article_modified_time":"2026-03-24T08:37:04+00:00","og_image":[{"width":300,"height":478,"url":"https:\/\/skaitytaknyga.lt\/wp-content\/uploads\/2026\/03\/Setauro-medziokle-PFAF-16-e1774341278551.webp","type":"image\/webp"}],"twitter_card":"summary_large_image","twitter_misc":{"Estimated reading time":"1 minute"},"schema":{"@context":"https:\/\/schema.org","@graph":[{"@type":"WebPage","@id":"https:\/\/skaitytaknyga.lt\/produktas\/setauro-medziokle-pfaf-16\/","url":"https:\/\/skaitytaknyga.lt\/produktas\/setauro-medziokle-pfaf-16\/","name":"Setauro med\u017eiokl\u0117 (PFAF 16)","isPartOf":{"@id":"https:\/\/skaitytaknyga.lt\/#website"},"primaryImageOfPage":{"@id":"https:\/\/skaitytaknyga.lt\/produktas\/setauro-medziokle-pfaf-16\/#primaryimage"},"image":{"@id":"https:\/\/skaitytaknyga.lt\/produktas\/setauro-medziokle-pfaf-16\/#primaryimage"},"thumbnailUrl":"https:\/\/skaitytaknyga.lt\/wp-content\/uploads\/2026\/03\/Setauro-medziokle-PFAF-16-e1774341278551.webp","datePublished":"2026-03-24T08:03:14+00:00","dateModified":"2026-03-24T08:37:04+00:00","description":"Knyga sudaryta i\u0161 apsakymo \u201eSetauro med\u017eiokl\u0117\u201c ir romano \u201eNenugalimasis\u201c. Kod\u0117l knyga pavadinta apsakymo, o ne romano pavadinimu? \u201eSetauro med\u017eiokl\u0117\u201c.","breadcrumb":{"@id":"https:\/\/skaitytaknyga.lt\/produktas\/setauro-medziokle-pfaf-16\/#breadcrumb"},"inLanguage":"en-GB","potentialAction":[{"@type":"ReadAction","target":["https:\/\/skaitytaknyga.lt\/produktas\/setauro-medziokle-pfaf-16\/"]}]},{"@type":"ImageObject","inLanguage":"en-GB","@id":"https:\/\/skaitytaknyga.lt\/produktas\/setauro-medziokle-pfaf-16\/#primaryimage","url":"https:\/\/skaitytaknyga.lt\/wp-content\/uploads\/2026\/03\/Setauro-medziokle-PFAF-16-e1774341278551.webp","contentUrl":"https:\/\/skaitytaknyga.lt\/wp-content\/uploads\/2026\/03\/Setauro-medziokle-PFAF-16-e1774341278551.webp","width":300,"height":478,"caption":"Setauro med\u017eiokl\u0117 (PFAF 16)"},{"@type":"BreadcrumbList","@id":"https:\/\/skaitytaknyga.lt\/produktas\/setauro-medziokle-pfaf-16\/#breadcrumb","itemListElement":[{"@type":"ListItem","position":1,"name":"Home","item":"https:\/\/skaitytaknyga.lt\/"},{"@type":"ListItem","position":2,"name":"Parduotuv\u0117","item":"https:\/\/skaitytaknyga.lt\/knygu-parduotuve\/"},{"@type":"ListItem","position":3,"name":"Setauro med\u017eiokl\u0117 (PFAF 16)"}]},{"@type":"WebSite","@id":"https:\/\/skaitytaknyga.lt\/#website","url":"https:\/\/skaitytaknyga.lt\/","name":"skaitytaknyga.lt","description":"Skaitytaknyga.lt \u2013 tai ma\u017eas \u0161eimos verslas, kuris prasid\u0117jo nuo meil\u0117s knygoms ir siekio i\u0161gelb\u0117ti knygas nuo likimo prie konteinerio. Kas vienam nereikalingas daiktas \u2013 kitam lobis, o mes esame tarpininkai, kurie padeda abiems tapti laimingesniems ???? \u017dinome kaip nelengva i\u0161gyventi ma\u017eiems verslams, tad nuo \u0161iol, \u010dia rasite ir kit\u0173, ma\u017e\u0173 \u0161eim\u0173 versl\u0173, rank\u0173 darbo, dovan\u0173 sau ir artimiesiems.","publisher":{"@id":"https:\/\/skaitytaknyga.lt\/#organization"},"potentialAction":[{"@type":"SearchAction","target":{"@type":"EntryPoint","urlTemplate":"https:\/\/skaitytaknyga.lt\/?s={search_term_string}"},"query-input":{"@type":"PropertyValueSpecification","valueRequired":true,"valueName":"search_term_string"}}],"inLanguage":"en-GB"},{"@type":"Organization","@id":"https:\/\/skaitytaknyga.lt\/#organization","name":"skaitytaknyga.lt","url":"https:\/\/skaitytaknyga.lt\/","logo":{"@type":"ImageObject","inLanguage":"en-GB","@id":"https:\/\/skaitytaknyga.lt\/#\/schema\/logo\/image\/","url":"https:\/\/skaitytaknyga.lt\/wp-content\/uploads\/2024\/05\/cropped-cropped-cropped-02_00843_jt3bggkj1j3HLc7SyY6rEUpg.jpeg","contentUrl":"https:\/\/skaitytaknyga.lt\/wp-content\/uploads\/2024\/05\/cropped-cropped-cropped-02_00843_jt3bggkj1j3HLc7SyY6rEUpg.jpeg","width":1600,"height":1600,"caption":"skaitytaknyga.lt"},"image":{"@id":"https:\/\/skaitytaknyga.lt\/#\/schema\/logo\/image\/"},"sameAs":["https:\/\/www.facebook.com\/skaitytaknyga\/"]}]}},"_links":{"self":[{"href":"https:\/\/skaitytaknyga.lt\/en\/wp-json\/wp\/v2\/product\/25115","targetHints":{"allow":["GET"]}}],"collection":[{"href":"https:\/\/skaitytaknyga.lt\/en\/wp-json\/wp\/v2\/product"}],"about":[{"href":"https:\/\/skaitytaknyga.lt\/en\/wp-json\/wp\/v2\/types\/product"}],"replies":[{"embeddable":true,"href":"https:\/\/skaitytaknyga.lt\/en\/wp-json\/wp\/v2\/comments?post=25115"}],"wp:featuredmedia":[{"embeddable":true,"href":"https:\/\/skaitytaknyga.lt\/en\/wp-json\/wp\/v2\/media\/25120"}],"wp:attachment":[{"href":"https:\/\/skaitytaknyga.lt\/en\/wp-json\/wp\/v2\/media?parent=25115"}],"wp:term":[{"taxonomy":"product_brand","embeddable":true,"href":"https:\/\/skaitytaknyga.lt\/en\/wp-json\/wp\/v2\/product_brand?post=25115"},{"taxonomy":"product_cat","embeddable":true,"href":"https:\/\/skaitytaknyga.lt\/en\/wp-json\/wp\/v2\/product_cat?post=25115"},{"taxonomy":"product_tag","embeddable":true,"href":"https:\/\/skaitytaknyga.lt\/en\/wp-json\/wp\/v2\/product_tag?post=25115"}],"curies":[{"name":"wp","href":"https:\/\/api.w.org\/{rel}","templated":true}]}}