{"id":25112,"date":"2026-03-24T10:03:13","date_gmt":"2026-03-24T08:03:13","guid":{"rendered":"https:\/\/skaitytaknyga.lt\/?post_type=product&#038;p=25112"},"modified":"2026-04-06T13:29:56","modified_gmt":"2026-04-06T10:29:56","slug":"grazink-mane","status":"publish","type":"product","link":"https:\/\/skaitytaknyga.lt\/en\/produktas\/grazink-mane\/","title":{"rendered":"Gr\u0105\u017eink mane"},"content":{"rendered":"<p>Finas ir Leila \u2013 jauni ir \u012fsimyl\u0117j\u0119, visas gyvenimas jiems dar prie\u0161 akis. Kart\u0105 nakt\u012f gr\u012f\u017edamas su Leila i\u0161 atostog\u0173 Pranc\u016bzijoje Finas u\u017esuka \u012f poilsio aik\u0161tel\u0119 ir trumpam palieka mylim\u0105j\u0105 automobilyje vien\u0105. Po keli\u0173 minu\u010di\u0173 gr\u012f\u017e\u0119s pamato, kad jos neb\u0117ra. Apie tai  Finas papasakoja policijai. Tai tiesa, bet, deja, ne visa.<\/p>\n<p>Po dvylikos met\u0173 Finas \u2013 jau suk\u016br\u0119s nauj\u0105 gyvenim\u0105 su Elena, Leilos seserimi. Staiga jis sulaukia keisto telefono skambu\u010dio. Ka\u017ekas sakosi mat\u0119s Leil\u0105. O vien\u0105 dien\u0105 prie nam\u0173 Elena randa medin\u0119 matrio\u0161k\u0105 \u2013 kadaise vaikyst\u0117je jodvi su Leila tur\u0117jo j\u0173 po vis\u0105 komplekt\u0105. Kas \u010dia vyksta? Ar tikrai Leila gr\u012f\u017eo? Jei taip, ko ji nori? Ir k\u0105 gali papasakoti apie t\u0105 nakt\u012f, kai netik\u0117tai pradingo?<\/p>\n<p>B. A. Paris \u201eGr\u0105\u017eink mane&#8221; \u2013 naujas, kvap\u0105 gniau\u017eiantis \u201eNew York Times&#8221; ir \u201eUSA Today&#8221; bestselerio \u201eAnapus u\u017edar\u0173 dur\u0173&#8221; autor\u0117s romanas.<\/p>\n<p>\u0160tai d\u0117l toki\u0173 nuostabi\u0173 knyg\u0173 kaip \u201eGr\u0105\u017eink mane&#8221; mes dabar gyvename naujajame saspenso aukso am\u017eiuje.<br \/>\nLee Child<\/p>\n","protected":false},"excerpt":{"rendered":"<p>Finas ir Leila \u2013 jauni ir \u012fsimyl\u0117j\u0119, visas gyvenimas jiems dar prie\u0161 akis. Kart\u0105 nakt\u012f gr\u012f\u017edamas su Leila i\u0161 atostog\u0173 Pranc\u016bzijoje Finas u\u017esuka \u012f poilsio aik\u0161tel\u0119 ir trumpam palieka mylim\u0105j\u0105 automobilyje vien\u0105. Po keli\u0173 minu\u010di\u0173 gr\u012f\u017e\u0119s pamato, kad jos neb\u0117ra. Apie tai Finas papasakoja policijai. Tai tiesa, bet, deja, ne visa. Po dvylikos met\u0173 Finas \u2013 jau suk\u016br\u0119s nauj\u0105 gyvenim\u0105 su Elena, Leilos seserimi. Staiga jis sulaukia keisto telefono skambu\u010dio. Ka\u017ekas sakosi mat\u0119s Leil\u0105. O vien\u0105 dien\u0105 prie nam\u0173 Elena randa medin\u0119 matrio\u0161k\u0105 \u2013 kadaise vaikyst\u0117je jodvi su Leila tur\u0117jo j\u0173 po vis\u0105 komplekt\u0105. Kas \u010dia vyksta? Ar tikrai Leila gr\u012f\u017eo? Jei taip, ko ji nori? Ir k\u0105 gali papasakoti apie t\u0105 nakt\u012f, kai netik\u0117tai pradingo? B. A. Paris \u201eGr\u0105\u017eink mane&#8221; \u2013 naujas, kvap\u0105 gniau\u017eiantis \u201eNew York Times&#8221; ir \u201eUSA Today&#8221; bestselerio \u201eAnapus u\u017edar\u0173 dur\u0173&#8221; autor\u0117s romanas. \u0160tai d\u0117l toki\u0173 nuostabi\u0173 knyg\u0173 kaip \u201eGr\u0105\u017eink mane&#8221; mes dabar gyvename naujajame saspenso aukso am\u017eiuje. Lee Child<\/p>\n","protected":false},"featured_media":25117,"comment_status":"open","ping_status":"closed","template":"","meta":{"_acf_changed":false,"site-sidebar-layout":"default","site-content-layout":"","ast-site-content-layout":"default","site-content-style":"default","site-sidebar-style":"default","ast-global-header-display":"","ast-banner-title-visibility":"","ast-main-header-display":"","ast-hfb-above-header-display":"","ast-hfb-below-header-display":"","ast-hfb-mobile-header-display":"","site-post-title":"","ast-breadcrumbs-content":"","ast-featured-img":"","footer-sml-layout":"","ast-disable-related-posts":"","theme-transparent-header-meta":"","adv-header-id-meta":"","stick-header-meta":"","header-above-stick-meta":"","header-main-stick-meta":"","header-below-stick-meta":"","astra-migrate-meta-layouts":"default","ast-page-background-enabled":"default","ast-page-background-meta":{"desktop":{"background-color":"","background-image":"","background-repeat":"repeat","background-position":"center center","background-size":"auto","background-attachment":"scroll","background-type":"","background-media":"","overlay-type":"","overlay-color":"","overlay-opacity":"","overlay-gradient":""},"tablet":{"background-color":"","background-image":"","background-repeat":"repeat","background-position":"center center","background-size":"auto","background-attachment":"scroll","background-type":"","background-media":"","overlay-type":"","overlay-color":"","overlay-opacity":"","overlay-gradient":""},"mobile":{"background-color":"","background-image":"","background-repeat":"repeat","background-position":"center center","background-size":"auto","background-attachment":"scroll","background-type":"","background-media":"","overlay-type":"","overlay-color":"","overlay-opacity":"","overlay-gradient":""}},"ast-content-background-meta":{"desktop":{"background-color":"var(--ast-global-color-4)","background-image":"","background-repeat":"repeat","background-position":"center center","background-size":"auto","background-attachment":"scroll","background-type":"","background-media":"","overlay-type":"","overlay-color":"","overlay-opacity":"","overlay-gradient":""},"tablet":{"background-color":"var(--ast-global-color-4)","background-image":"","background-repeat":"repeat","background-position":"center center","background-size":"auto","background-attachment":"scroll","background-type":"","background-media":"","overlay-type":"","overlay-color":"","overlay-opacity":"","overlay-gradient":""},"mobile":{"background-color":"var(--ast-global-color-4)","background-image":"","background-repeat":"repeat","background-position":"center center","background-size":"auto","background-attachment":"scroll","background-type":"","background-media":"","overlay-type":"","overlay-color":"","overlay-opacity":"","overlay-gradient":""}}},"product_brand":[],"product_cat":[9580],"product_tag":[],"class_list":{"0":"post-25112","1":"product","2":"type-product","3":"status-publish","4":"has-post-thumbnail","6":"product_cat-psichologiniai-detektyvai","7":"desktop-align-left","8":"tablet-align-left","9":"mobile-align-left","11":"first","12":"outofstock","13":"shipping-taxable","14":"purchasable","15":"product-type-simple"},"acf":[],"yoast_head":"<!-- This site is optimized with the Yoast SEO plugin v27.0 - https:\/\/yoast.com\/product\/yoast-seo-wordpress\/ -->\n<title>Gr\u0105\u017eink mane<\/title>\n<meta name=\"description\" content=\"Finas ir Leila \u2013 jauni ir \u012fsimyl\u0117j\u0119, visas gyvenimas jiems dar prie\u0161 akis. Kart\u0105 nakt\u012f gr\u012f\u017edamas su Leila i\u0161 atostog\u0173 Pranc\u016bzijoje Finas u\u017esuka \u012f poilsio\" \/>\n<meta name=\"robots\" content=\"index, follow, max-snippet:-1, max-image-preview:large, max-video-preview:-1\" \/>\n<link rel=\"canonical\" href=\"https:\/\/skaitytaknyga.lt\/en\/produktas\/grazink-mane\/\" \/>\n<meta property=\"og:locale\" content=\"en_GB\" \/>\n<meta property=\"og:locale:alternate\" content=\"lt_LT\" \/>\n<meta property=\"og:type\" content=\"article\" \/>\n<meta property=\"og:title\" content=\"Gr\u0105\u017eink mane\" \/>\n<meta property=\"og:description\" content=\"Finas ir Leila \u2013 jauni ir \u012fsimyl\u0117j\u0119, visas gyvenimas jiems dar prie\u0161 akis. Kart\u0105 nakt\u012f gr\u012f\u017edamas su Leila i\u0161 atostog\u0173 Pranc\u016bzijoje Finas u\u017esuka \u012f poilsio\" \/>\n<meta property=\"og:url\" content=\"https:\/\/skaitytaknyga.lt\/en\/produktas\/grazink-mane\/\" \/>\n<meta property=\"og:site_name\" content=\"Skaitytaknyga\" \/>\n<meta property=\"article:publisher\" content=\"https:\/\/www.facebook.com\/skaitytaknyga\/\" \/>\n<meta property=\"article:modified_time\" content=\"2026-04-06T10:29:56+00:00\" \/>\n<meta property=\"og:image\" content=\"https:\/\/skaitytaknyga.lt\/wp-content\/uploads\/2026\/03\/GRAZINK-MANE.webp\" \/>\n\t<meta property=\"og:image:width\" content=\"537\" \/>\n\t<meta property=\"og:image:height\" content=\"801\" \/>\n\t<meta property=\"og:image:type\" content=\"image\/webp\" \/>\n<meta name=\"twitter:card\" content=\"summary_large_image\" \/>\n<meta name=\"twitter:label1\" content=\"Estimated reading time\" \/>\n\t<meta name=\"twitter:data1\" content=\"1 minute\" \/>\n<script type=\"application\/ld+json\" class=\"yoast-schema-graph\">{\"@context\":\"https:\/\/schema.org\",\"@graph\":[{\"@type\":\"WebPage\",\"@id\":\"https:\/\/skaitytaknyga.lt\/produktas\/grazink-mane\/\",\"url\":\"https:\/\/skaitytaknyga.lt\/produktas\/grazink-mane\/\",\"name\":\"Gr\u0105\u017eink mane\",\"isPartOf\":{\"@id\":\"https:\/\/skaitytaknyga.lt\/#website\"},\"primaryImageOfPage\":{\"@id\":\"https:\/\/skaitytaknyga.lt\/produktas\/grazink-mane\/#primaryimage\"},\"image\":{\"@id\":\"https:\/\/skaitytaknyga.lt\/produktas\/grazink-mane\/#primaryimage\"},\"thumbnailUrl\":\"https:\/\/skaitytaknyga.lt\/wp-content\/uploads\/2026\/03\/GRAZINK-MANE.webp\",\"datePublished\":\"2026-03-24T08:03:13+00:00\",\"dateModified\":\"2026-04-06T10:29:56+00:00\",\"description\":\"Finas ir Leila \u2013 jauni ir \u012fsimyl\u0117j\u0119, visas gyvenimas jiems dar prie\u0161 akis. Kart\u0105 nakt\u012f gr\u012f\u017edamas su Leila i\u0161 atostog\u0173 Pranc\u016bzijoje Finas u\u017esuka \u012f poilsio\",\"breadcrumb\":{\"@id\":\"https:\/\/skaitytaknyga.lt\/produktas\/grazink-mane\/#breadcrumb\"},\"inLanguage\":\"en-GB\",\"potentialAction\":[{\"@type\":\"ReadAction\",\"target\":[\"https:\/\/skaitytaknyga.lt\/produktas\/grazink-mane\/\"]}]},{\"@type\":\"ImageObject\",\"inLanguage\":\"en-GB\",\"@id\":\"https:\/\/skaitytaknyga.lt\/produktas\/grazink-mane\/#primaryimage\",\"url\":\"https:\/\/skaitytaknyga.lt\/wp-content\/uploads\/2026\/03\/GRAZINK-MANE.webp\",\"contentUrl\":\"https:\/\/skaitytaknyga.lt\/wp-content\/uploads\/2026\/03\/GRAZINK-MANE.webp\",\"width\":537,\"height\":801,\"caption\":\"GR\u0104\u017dINK MANE\"},{\"@type\":\"BreadcrumbList\",\"@id\":\"https:\/\/skaitytaknyga.lt\/produktas\/grazink-mane\/#breadcrumb\",\"itemListElement\":[{\"@type\":\"ListItem\",\"position\":1,\"name\":\"Home\",\"item\":\"https:\/\/skaitytaknyga.lt\/\"},{\"@type\":\"ListItem\",\"position\":2,\"name\":\"Parduotuv\u0117\",\"item\":\"https:\/\/skaitytaknyga.lt\/knygu-parduotuve\/\"},{\"@type\":\"ListItem\",\"position\":3,\"name\":\"Gr\u0105\u017eink mane\"}]},{\"@type\":\"WebSite\",\"@id\":\"https:\/\/skaitytaknyga.lt\/#website\",\"url\":\"https:\/\/skaitytaknyga.lt\/\",\"name\":\"skaitytaknyga.lt\",\"description\":\"Skaitytaknyga.lt \u2013 tai ma\u017eas \u0161eimos verslas, kuris prasid\u0117jo nuo meil\u0117s knygoms ir siekio i\u0161gelb\u0117ti knygas nuo likimo prie konteinerio. Kas vienam nereikalingas daiktas \u2013 kitam lobis, o mes esame tarpininkai, kurie padeda abiems tapti laimingesniems ???? \u017dinome kaip nelengva i\u0161gyventi ma\u017eiems verslams, tad nuo \u0161iol, \u010dia rasite ir kit\u0173, ma\u017e\u0173 \u0161eim\u0173 versl\u0173, rank\u0173 darbo, dovan\u0173 sau ir artimiesiems.\",\"publisher\":{\"@id\":\"https:\/\/skaitytaknyga.lt\/#organization\"},\"potentialAction\":[{\"@type\":\"SearchAction\",\"target\":{\"@type\":\"EntryPoint\",\"urlTemplate\":\"https:\/\/skaitytaknyga.lt\/?s={search_term_string}\"},\"query-input\":{\"@type\":\"PropertyValueSpecification\",\"valueRequired\":true,\"valueName\":\"search_term_string\"}}],\"inLanguage\":\"en-GB\"},{\"@type\":\"Organization\",\"@id\":\"https:\/\/skaitytaknyga.lt\/#organization\",\"name\":\"skaitytaknyga.lt\",\"url\":\"https:\/\/skaitytaknyga.lt\/\",\"logo\":{\"@type\":\"ImageObject\",\"inLanguage\":\"en-GB\",\"@id\":\"https:\/\/skaitytaknyga.lt\/#\/schema\/logo\/image\/\",\"url\":\"https:\/\/skaitytaknyga.lt\/wp-content\/uploads\/2024\/05\/cropped-cropped-cropped-02_00843_jt3bggkj1j3HLc7SyY6rEUpg.jpeg\",\"contentUrl\":\"https:\/\/skaitytaknyga.lt\/wp-content\/uploads\/2024\/05\/cropped-cropped-cropped-02_00843_jt3bggkj1j3HLc7SyY6rEUpg.jpeg\",\"width\":1600,\"height\":1600,\"caption\":\"skaitytaknyga.lt\"},\"image\":{\"@id\":\"https:\/\/skaitytaknyga.lt\/#\/schema\/logo\/image\/\"},\"sameAs\":[\"https:\/\/www.facebook.com\/skaitytaknyga\/\"]}]}<\/script>\n<!-- \/ Yoast SEO plugin. -->","yoast_head_json":{"title":"Gr\u0105\u017eink mane","description":"Finas ir Leila \u2013 jauni ir \u012fsimyl\u0117j\u0119, visas gyvenimas jiems dar prie\u0161 akis. Kart\u0105 nakt\u012f gr\u012f\u017edamas su Leila i\u0161 atostog\u0173 Pranc\u016bzijoje Finas u\u017esuka \u012f poilsio","robots":{"index":"index","follow":"follow","max-snippet":"max-snippet:-1","max-image-preview":"max-image-preview:large","max-video-preview":"max-video-preview:-1"},"canonical":"https:\/\/skaitytaknyga.lt\/en\/produktas\/grazink-mane\/","og_locale":"en_GB","og_type":"article","og_title":"[:lt]Gr\u0105\u017eink mane[:] - Skaitytaknyga","og_description":"Finas ir Leila \u2013 jauni ir \u012fsimyl\u0117j\u0119, visas gyvenimas jiems dar prie\u0161 akis. Kart\u0105 nakt\u012f gr\u012f\u017edamas su Leila i\u0161 atostog\u0173 Pranc\u016bzijoje Finas u\u017esuka \u012f poilsio","og_url":"https:\/\/skaitytaknyga.lt\/en\/produktas\/grazink-mane\/","og_site_name":"Skaitytaknyga","article_publisher":"https:\/\/www.facebook.com\/skaitytaknyga\/","article_modified_time":"2026-04-06T10:29:56+00:00","og_image":[{"width":537,"height":801,"url":"https:\/\/skaitytaknyga.lt\/wp-content\/uploads\/2026\/03\/GRAZINK-MANE.webp","type":"image\/webp"}],"twitter_card":"summary_large_image","twitter_misc":{"Estimated reading time":"1 minute"},"schema":{"@context":"https:\/\/schema.org","@graph":[{"@type":"WebPage","@id":"https:\/\/skaitytaknyga.lt\/produktas\/grazink-mane\/","url":"https:\/\/skaitytaknyga.lt\/produktas\/grazink-mane\/","name":"Gr\u0105\u017eink mane","isPartOf":{"@id":"https:\/\/skaitytaknyga.lt\/#website"},"primaryImageOfPage":{"@id":"https:\/\/skaitytaknyga.lt\/produktas\/grazink-mane\/#primaryimage"},"image":{"@id":"https:\/\/skaitytaknyga.lt\/produktas\/grazink-mane\/#primaryimage"},"thumbnailUrl":"https:\/\/skaitytaknyga.lt\/wp-content\/uploads\/2026\/03\/GRAZINK-MANE.webp","datePublished":"2026-03-24T08:03:13+00:00","dateModified":"2026-04-06T10:29:56+00:00","description":"Finas ir Leila \u2013 jauni ir \u012fsimyl\u0117j\u0119, visas gyvenimas jiems dar prie\u0161 akis. Kart\u0105 nakt\u012f gr\u012f\u017edamas su Leila i\u0161 atostog\u0173 Pranc\u016bzijoje Finas u\u017esuka \u012f poilsio","breadcrumb":{"@id":"https:\/\/skaitytaknyga.lt\/produktas\/grazink-mane\/#breadcrumb"},"inLanguage":"en-GB","potentialAction":[{"@type":"ReadAction","target":["https:\/\/skaitytaknyga.lt\/produktas\/grazink-mane\/"]}]},{"@type":"ImageObject","inLanguage":"en-GB","@id":"https:\/\/skaitytaknyga.lt\/produktas\/grazink-mane\/#primaryimage","url":"https:\/\/skaitytaknyga.lt\/wp-content\/uploads\/2026\/03\/GRAZINK-MANE.webp","contentUrl":"https:\/\/skaitytaknyga.lt\/wp-content\/uploads\/2026\/03\/GRAZINK-MANE.webp","width":537,"height":801,"caption":"GR\u0104\u017dINK MANE"},{"@type":"BreadcrumbList","@id":"https:\/\/skaitytaknyga.lt\/produktas\/grazink-mane\/#breadcrumb","itemListElement":[{"@type":"ListItem","position":1,"name":"Home","item":"https:\/\/skaitytaknyga.lt\/"},{"@type":"ListItem","position":2,"name":"Parduotuv\u0117","item":"https:\/\/skaitytaknyga.lt\/knygu-parduotuve\/"},{"@type":"ListItem","position":3,"name":"Gr\u0105\u017eink mane"}]},{"@type":"WebSite","@id":"https:\/\/skaitytaknyga.lt\/#website","url":"https:\/\/skaitytaknyga.lt\/","name":"skaitytaknyga.lt","description":"Skaitytaknyga.lt \u2013 tai ma\u017eas \u0161eimos verslas, kuris prasid\u0117jo nuo meil\u0117s knygoms ir siekio i\u0161gelb\u0117ti knygas nuo likimo prie konteinerio. Kas vienam nereikalingas daiktas \u2013 kitam lobis, o mes esame tarpininkai, kurie padeda abiems tapti laimingesniems ???? \u017dinome kaip nelengva i\u0161gyventi ma\u017eiems verslams, tad nuo \u0161iol, \u010dia rasite ir kit\u0173, ma\u017e\u0173 \u0161eim\u0173 versl\u0173, rank\u0173 darbo, dovan\u0173 sau ir artimiesiems.","publisher":{"@id":"https:\/\/skaitytaknyga.lt\/#organization"},"potentialAction":[{"@type":"SearchAction","target":{"@type":"EntryPoint","urlTemplate":"https:\/\/skaitytaknyga.lt\/?s={search_term_string}"},"query-input":{"@type":"PropertyValueSpecification","valueRequired":true,"valueName":"search_term_string"}}],"inLanguage":"en-GB"},{"@type":"Organization","@id":"https:\/\/skaitytaknyga.lt\/#organization","name":"skaitytaknyga.lt","url":"https:\/\/skaitytaknyga.lt\/","logo":{"@type":"ImageObject","inLanguage":"en-GB","@id":"https:\/\/skaitytaknyga.lt\/#\/schema\/logo\/image\/","url":"https:\/\/skaitytaknyga.lt\/wp-content\/uploads\/2024\/05\/cropped-cropped-cropped-02_00843_jt3bggkj1j3HLc7SyY6rEUpg.jpeg","contentUrl":"https:\/\/skaitytaknyga.lt\/wp-content\/uploads\/2024\/05\/cropped-cropped-cropped-02_00843_jt3bggkj1j3HLc7SyY6rEUpg.jpeg","width":1600,"height":1600,"caption":"skaitytaknyga.lt"},"image":{"@id":"https:\/\/skaitytaknyga.lt\/#\/schema\/logo\/image\/"},"sameAs":["https:\/\/www.facebook.com\/skaitytaknyga\/"]}]}},"_links":{"self":[{"href":"https:\/\/skaitytaknyga.lt\/en\/wp-json\/wp\/v2\/product\/25112","targetHints":{"allow":["GET"]}}],"collection":[{"href":"https:\/\/skaitytaknyga.lt\/en\/wp-json\/wp\/v2\/product"}],"about":[{"href":"https:\/\/skaitytaknyga.lt\/en\/wp-json\/wp\/v2\/types\/product"}],"replies":[{"embeddable":true,"href":"https:\/\/skaitytaknyga.lt\/en\/wp-json\/wp\/v2\/comments?post=25112"}],"wp:featuredmedia":[{"embeddable":true,"href":"https:\/\/skaitytaknyga.lt\/en\/wp-json\/wp\/v2\/media\/25117"}],"wp:attachment":[{"href":"https:\/\/skaitytaknyga.lt\/en\/wp-json\/wp\/v2\/media?parent=25112"}],"wp:term":[{"taxonomy":"product_brand","embeddable":true,"href":"https:\/\/skaitytaknyga.lt\/en\/wp-json\/wp\/v2\/product_brand?post=25112"},{"taxonomy":"product_cat","embeddable":true,"href":"https:\/\/skaitytaknyga.lt\/en\/wp-json\/wp\/v2\/product_cat?post=25112"},{"taxonomy":"product_tag","embeddable":true,"href":"https:\/\/skaitytaknyga.lt\/en\/wp-json\/wp\/v2\/product_tag?post=25112"}],"curies":[{"name":"wp","href":"https:\/\/api.w.org\/{rel}","templated":true}]}}