{"id":25006,"date":"2026-03-19T11:48:50","date_gmt":"2026-03-19T09:48:50","guid":{"rendered":"https:\/\/skaitytaknyga.lt\/?post_type=product&#038;p=25006"},"modified":"2026-03-24T10:36:53","modified_gmt":"2026-03-24T08:36:53","slug":"iamzintas-laikas","status":"publish","type":"product","link":"https:\/\/skaitytaknyga.lt\/en\/produktas\/iamzintas-laikas\/","title":{"rendered":"\u012eam\u017eintas laikas"},"content":{"rendered":"<p>\u201eKinas man yra daugiau nei darbas \u2013 tai mano gyvenimas, ir kiekvienas filmas yra gyvenimo aktas.&#8221;<\/p>\n<p>Andrejus Tarkovskis<\/p>\n<p>Knygoje \u201e\u012eam\u017eintas laikas\u201c re\u017eisierius Andrejus Tarkovskis \u017evelgia \u012f kin\u0105 kaip \u012f laiko men\u0105. Jis atskleid\u017eia kino k\u016brimo u\u017ekulisius ir sav\u0105j\u012f metafizin\u012f, filosofin\u012f metod\u0105. \u0160is taip ir liko apipintas legendomis ir nepakartotas gausi\u0173 jo sek\u0117j\u0173 ir tyrin\u0117toj\u0173. Tarkovskis paai\u0161kina, kod\u0117l rizikavo likti nesuprastas, atsako \u012f \u017ei\u016brov\u0173 lai\u0161kus. Autorius svarsto apie kino poveik\u012f, menininko tiksl\u0105, gyvenimo prasm\u0119, meil\u0119, mirt\u012f ir nemirtingum\u0105. Bandymai atsakyti \u012f am\u017einuosius klausimus, u\u017efiksuoti paskutin\u0117mis jo gyvenimo valandomis, paver\u010dia knyg\u0105 unikaliu liudijimu.<\/p>\n<p>Andrejus Tarkovskis (1932\u20131986) \u2013 kino klasikas, sp\u0117j\u0119s sukurti tik septynis ilgametra\u017eius filmus: \u201eIvano vaikyst\u0117\u201c, \u201eAndrejus Rubliovas\u201c, \u201eSoliaris\u201c, \u201eVeidrodis\u201c, \u201eStalkeris\u201c, \u201eNostalgija\u201c ir \u201eAukojimas\u201c. Visi jie \u2013 nepavald\u016bs laikui.<\/p>\n<p>\u201eSkaityti \u0161i\u0105 knyg\u0105 \u2013 tai suvokti ir perm\u0105styti Tarkovskio mintis apie kino meno esm\u0119, menininko pa\u0161aukim\u0105, jo viet\u0105 pasaulyje, \u012fsigilinti \u012f re\u017eisieriaus gro\u017eio etikos ir meno sampratas. Tai nukeliauti savo paties keli\u0105 suvokiant genijaus skelbiam\u0105 ties\u0105. Ant Tarkovskio kapo Pary\u017eiuje u\u017era\u0161yta: \u201e\u017dmogus, kuris mat\u0117 angel\u0105.&#8221; Toki\u0173 \u017emoni\u0173 kino meno istorijoje vienetai. O gal tik vienas Tarkovskis.&#8221;<\/p>\n<p>Izolda Keido\u0161i\u016bt\u0117, kino kritik\u0117, \u017eurnalist\u0117<\/p>\n<p>\u201e\u012eam\u017eint\u0105 laik\u0105&#8221; veikiau galima skaityti kaip vie\u0161\u0105 vieno ry\u0161kiausi\u0173 XX am\u017eiaus re\u017eisieri\u0173 meil\u0117s kinui deklaracij\u0105. Tod\u0117l \u0161i knyga gali b\u016bti vertinga tiek \u017ei\u016brovams, kuriems filmai n\u0117ra tik pramoga ar laiko u\u017emu\u0161imas, tiek ir sinefilams, norintiems i\u0161samiau susipa\u017einti su paties Tarkovskio k\u016bryba, tiek ir esamiems bei b\u016bsimiems kino re\u017eisieriams.&#8221;<\/p>\n","protected":false},"excerpt":{"rendered":"<p>\u201eKinas man yra daugiau nei darbas \u2013 tai mano gyvenimas, ir kiekvienas filmas yra gyvenimo aktas.&#8221; Andrejus Tarkovskis Knygoje \u201e\u012eam\u017eintas laikas\u201c re\u017eisierius Andrejus Tarkovskis \u017evelgia \u012f kin\u0105 kaip \u012f laiko men\u0105. Jis atskleid\u017eia kino k\u016brimo u\u017ekulisius ir sav\u0105j\u012f metafizin\u012f, filosofin\u012f metod\u0105. \u0160is taip ir liko apipintas legendomis ir nepakartotas gausi\u0173 jo sek\u0117j\u0173 ir tyrin\u0117toj\u0173. Tarkovskis paai\u0161kina, kod\u0117l rizikavo likti nesuprastas, atsako \u012f \u017ei\u016brov\u0173 lai\u0161kus. Autorius svarsto apie kino poveik\u012f, menininko tiksl\u0105, gyvenimo prasm\u0119, meil\u0119, mirt\u012f ir nemirtingum\u0105. Bandymai atsakyti \u012f am\u017einuosius klausimus, u\u017efiksuoti paskutin\u0117mis jo gyvenimo valandomis, paver\u010dia knyg\u0105 unikaliu liudijimu. Andrejus Tarkovskis (1932\u20131986) \u2013 kino klasikas, sp\u0117j\u0119s sukurti tik septynis ilgametra\u017eius filmus: \u201eIvano vaikyst\u0117\u201c, \u201eAndrejus Rubliovas\u201c, \u201eSoliaris\u201c, \u201eVeidrodis\u201c, \u201eStalkeris\u201c, \u201eNostalgija\u201c ir \u201eAukojimas\u201c. Visi jie \u2013 nepavald\u016bs laikui. \u201eSkaityti \u0161i\u0105 knyg\u0105 \u2013 tai suvokti ir perm\u0105styti Tarkovskio mintis apie kino meno esm\u0119, menininko pa\u0161aukim\u0105, jo viet\u0105 pasaulyje, \u012fsigilinti \u012f re\u017eisieriaus gro\u017eio etikos ir meno sampratas. Tai nukeliauti savo paties keli\u0105 suvokiant genijaus skelbiam\u0105 ties\u0105. Ant Tarkovskio kapo Pary\u017eiuje u\u017era\u0161yta: \u201e\u017dmogus, kuris mat\u0117 angel\u0105.&#8221; Toki\u0173 \u017emoni\u0173 kino meno istorijoje vienetai. O gal tik vienas Tarkovskis.&#8221; Izolda Keido\u0161i\u016bt\u0117, kino kritik\u0117, \u017eurnalist\u0117 \u201e\u012eam\u017eint\u0105 laik\u0105&#8221; veikiau galima skaityti kaip vie\u0161\u0105 vieno ry\u0161kiausi\u0173 XX am\u017eiaus re\u017eisieri\u0173 meil\u0117s kinui deklaracij\u0105. Tod\u0117l \u0161i knyga gali b\u016bti vertinga tiek \u017ei\u016brovams, kuriems filmai n\u0117ra tik pramoga ar laiko u\u017emu\u0161imas, tiek ir sinefilams, norintiems i\u0161samiau susipa\u017einti su paties Tarkovskio k\u016bryba, tiek ir esamiems bei b\u016bsimiems kino re\u017eisieriams.&#8221;<\/p>\n","protected":false},"featured_media":25011,"comment_status":"open","ping_status":"closed","template":"","meta":{"_acf_changed":false,"site-sidebar-layout":"default","site-content-layout":"","ast-site-content-layout":"default","site-content-style":"default","site-sidebar-style":"default","ast-global-header-display":"","ast-banner-title-visibility":"","ast-main-header-display":"","ast-hfb-above-header-display":"","ast-hfb-below-header-display":"","ast-hfb-mobile-header-display":"","site-post-title":"","ast-breadcrumbs-content":"","ast-featured-img":"","footer-sml-layout":"","ast-disable-related-posts":"","theme-transparent-header-meta":"","adv-header-id-meta":"","stick-header-meta":"","header-above-stick-meta":"","header-main-stick-meta":"","header-below-stick-meta":"","astra-migrate-meta-layouts":"default","ast-page-background-enabled":"default","ast-page-background-meta":{"desktop":{"background-color":"","background-image":"","background-repeat":"repeat","background-position":"center center","background-size":"auto","background-attachment":"scroll","background-type":"","background-media":"","overlay-type":"","overlay-color":"","overlay-opacity":"","overlay-gradient":""},"tablet":{"background-color":"","background-image":"","background-repeat":"repeat","background-position":"center center","background-size":"auto","background-attachment":"scroll","background-type":"","background-media":"","overlay-type":"","overlay-color":"","overlay-opacity":"","overlay-gradient":""},"mobile":{"background-color":"","background-image":"","background-repeat":"repeat","background-position":"center center","background-size":"auto","background-attachment":"scroll","background-type":"","background-media":"","overlay-type":"","overlay-color":"","overlay-opacity":"","overlay-gradient":""}},"ast-content-background-meta":{"desktop":{"background-color":"var(--ast-global-color-4)","background-image":"","background-repeat":"repeat","background-position":"center center","background-size":"auto","background-attachment":"scroll","background-type":"","background-media":"","overlay-type":"","overlay-color":"","overlay-opacity":"","overlay-gradient":""},"tablet":{"background-color":"var(--ast-global-color-4)","background-image":"","background-repeat":"repeat","background-position":"center center","background-size":"auto","background-attachment":"scroll","background-type":"","background-media":"","overlay-type":"","overlay-color":"","overlay-opacity":"","overlay-gradient":""},"mobile":{"background-color":"var(--ast-global-color-4)","background-image":"","background-repeat":"repeat","background-position":"center center","background-size":"auto","background-attachment":"scroll","background-type":"","background-media":"","overlay-type":"","overlay-color":"","overlay-opacity":"","overlay-gradient":""}}},"product_brand":[],"product_cat":[9875,33],"product_tag":[],"class_list":{"0":"post-25006","1":"product","2":"type-product","3":"status-publish","4":"has-post-thumbnail","6":"product_cat-meno-istorija","7":"product_cat-biografijos","8":"desktop-align-left","9":"tablet-align-left","10":"mobile-align-left","12":"first","13":"instock","14":"shipping-taxable","15":"purchasable","16":"product-type-simple"},"acf":[],"yoast_head":"<!-- This site is optimized with the Yoast SEO plugin v27.0 - https:\/\/yoast.com\/product\/yoast-seo-wordpress\/ -->\n<title>\u012eam\u017eintas laikas<\/title>\n<meta name=\"description\" content=\"\u201eKinas man yra daugiau nei darbas \u2013 tai mano gyvenimas, ir kiekvienas filmas yra gyvenimo aktas.&quot; Andrejus Tarkovskis Knygoje \u201e\u012eam\u017eintas laikas\u201c\" \/>\n<meta name=\"robots\" content=\"index, follow, max-snippet:-1, max-image-preview:large, max-video-preview:-1\" \/>\n<link rel=\"canonical\" href=\"https:\/\/skaitytaknyga.lt\/en\/produktas\/iamzintas-laikas\/\" \/>\n<meta property=\"og:locale\" content=\"en_GB\" \/>\n<meta property=\"og:locale:alternate\" content=\"lt_LT\" \/>\n<meta property=\"og:type\" content=\"article\" \/>\n<meta property=\"og:title\" content=\"\u012eam\u017eintas laikas\" \/>\n<meta property=\"og:description\" content=\"\u201eKinas man yra daugiau nei darbas \u2013 tai mano gyvenimas, ir kiekvienas filmas yra gyvenimo aktas.&quot; Andrejus Tarkovskis Knygoje \u201e\u012eam\u017eintas laikas\u201c\" \/>\n<meta property=\"og:url\" content=\"https:\/\/skaitytaknyga.lt\/en\/produktas\/iamzintas-laikas\/\" \/>\n<meta property=\"og:site_name\" content=\"Skaitytaknyga\" \/>\n<meta property=\"article:publisher\" content=\"https:\/\/www.facebook.com\/skaitytaknyga\/\" \/>\n<meta property=\"article:modified_time\" content=\"2026-03-24T08:36:53+00:00\" \/>\n<meta property=\"og:image\" content=\"https:\/\/skaitytaknyga.lt\/wp-content\/uploads\/2026\/03\/Iamzintas-laikas.webp\" \/>\n\t<meta property=\"og:image:width\" content=\"565\" \/>\n\t<meta property=\"og:image:height\" content=\"801\" \/>\n\t<meta property=\"og:image:type\" content=\"image\/webp\" \/>\n<meta name=\"twitter:card\" content=\"summary_large_image\" \/>\n<meta name=\"twitter:label1\" content=\"Estimated reading time\" \/>\n\t<meta name=\"twitter:data1\" content=\"1 minute\" \/>\n<script type=\"application\/ld+json\" class=\"yoast-schema-graph\">{\"@context\":\"https:\/\/schema.org\",\"@graph\":[{\"@type\":\"WebPage\",\"@id\":\"https:\/\/skaitytaknyga.lt\/produktas\/iamzintas-laikas\/\",\"url\":\"https:\/\/skaitytaknyga.lt\/produktas\/iamzintas-laikas\/\",\"name\":\"\u012eam\u017eintas laikas\",\"isPartOf\":{\"@id\":\"https:\/\/skaitytaknyga.lt\/#website\"},\"primaryImageOfPage\":{\"@id\":\"https:\/\/skaitytaknyga.lt\/produktas\/iamzintas-laikas\/#primaryimage\"},\"image\":{\"@id\":\"https:\/\/skaitytaknyga.lt\/produktas\/iamzintas-laikas\/#primaryimage\"},\"thumbnailUrl\":\"https:\/\/skaitytaknyga.lt\/wp-content\/uploads\/2026\/03\/Iamzintas-laikas.webp\",\"datePublished\":\"2026-03-19T09:48:50+00:00\",\"dateModified\":\"2026-03-24T08:36:53+00:00\",\"description\":\"\u201eKinas man yra daugiau nei darbas \u2013 tai mano gyvenimas, ir kiekvienas filmas yra gyvenimo aktas.\\\" Andrejus Tarkovskis Knygoje \u201e\u012eam\u017eintas laikas\u201c\",\"breadcrumb\":{\"@id\":\"https:\/\/skaitytaknyga.lt\/produktas\/iamzintas-laikas\/#breadcrumb\"},\"inLanguage\":\"en-GB\",\"potentialAction\":[{\"@type\":\"ReadAction\",\"target\":[\"https:\/\/skaitytaknyga.lt\/produktas\/iamzintas-laikas\/\"]}]},{\"@type\":\"ImageObject\",\"inLanguage\":\"en-GB\",\"@id\":\"https:\/\/skaitytaknyga.lt\/produktas\/iamzintas-laikas\/#primaryimage\",\"url\":\"https:\/\/skaitytaknyga.lt\/wp-content\/uploads\/2026\/03\/Iamzintas-laikas.webp\",\"contentUrl\":\"https:\/\/skaitytaknyga.lt\/wp-content\/uploads\/2026\/03\/Iamzintas-laikas.webp\",\"width\":565,\"height\":801,\"caption\":\"\u012eam\u017eintas laikas\"},{\"@type\":\"BreadcrumbList\",\"@id\":\"https:\/\/skaitytaknyga.lt\/produktas\/iamzintas-laikas\/#breadcrumb\",\"itemListElement\":[{\"@type\":\"ListItem\",\"position\":1,\"name\":\"Home\",\"item\":\"https:\/\/skaitytaknyga.lt\/\"},{\"@type\":\"ListItem\",\"position\":2,\"name\":\"Parduotuv\u0117\",\"item\":\"https:\/\/skaitytaknyga.lt\/knygu-parduotuve\/\"},{\"@type\":\"ListItem\",\"position\":3,\"name\":\"\u012eam\u017eintas laikas\"}]},{\"@type\":\"WebSite\",\"@id\":\"https:\/\/skaitytaknyga.lt\/#website\",\"url\":\"https:\/\/skaitytaknyga.lt\/\",\"name\":\"skaitytaknyga.lt\",\"description\":\"Skaitytaknyga.lt \u2013 tai ma\u017eas \u0161eimos verslas, kuris prasid\u0117jo nuo meil\u0117s knygoms ir siekio i\u0161gelb\u0117ti knygas nuo likimo prie konteinerio. Kas vienam nereikalingas daiktas \u2013 kitam lobis, o mes esame tarpininkai, kurie padeda abiems tapti laimingesniems ???? \u017dinome kaip nelengva i\u0161gyventi ma\u017eiems verslams, tad nuo \u0161iol, \u010dia rasite ir kit\u0173, ma\u017e\u0173 \u0161eim\u0173 versl\u0173, rank\u0173 darbo, dovan\u0173 sau ir artimiesiems.\",\"publisher\":{\"@id\":\"https:\/\/skaitytaknyga.lt\/#organization\"},\"potentialAction\":[{\"@type\":\"SearchAction\",\"target\":{\"@type\":\"EntryPoint\",\"urlTemplate\":\"https:\/\/skaitytaknyga.lt\/?s={search_term_string}\"},\"query-input\":{\"@type\":\"PropertyValueSpecification\",\"valueRequired\":true,\"valueName\":\"search_term_string\"}}],\"inLanguage\":\"en-GB\"},{\"@type\":\"Organization\",\"@id\":\"https:\/\/skaitytaknyga.lt\/#organization\",\"name\":\"skaitytaknyga.lt\",\"url\":\"https:\/\/skaitytaknyga.lt\/\",\"logo\":{\"@type\":\"ImageObject\",\"inLanguage\":\"en-GB\",\"@id\":\"https:\/\/skaitytaknyga.lt\/#\/schema\/logo\/image\/\",\"url\":\"https:\/\/skaitytaknyga.lt\/wp-content\/uploads\/2024\/05\/cropped-cropped-cropped-02_00843_jt3bggkj1j3HLc7SyY6rEUpg.jpeg\",\"contentUrl\":\"https:\/\/skaitytaknyga.lt\/wp-content\/uploads\/2024\/05\/cropped-cropped-cropped-02_00843_jt3bggkj1j3HLc7SyY6rEUpg.jpeg\",\"width\":1600,\"height\":1600,\"caption\":\"skaitytaknyga.lt\"},\"image\":{\"@id\":\"https:\/\/skaitytaknyga.lt\/#\/schema\/logo\/image\/\"},\"sameAs\":[\"https:\/\/www.facebook.com\/skaitytaknyga\/\"]}]}<\/script>\n<!-- \/ Yoast SEO plugin. -->","yoast_head_json":{"title":"\u012eam\u017eintas laikas","description":"\u201eKinas man yra daugiau nei darbas \u2013 tai mano gyvenimas, ir kiekvienas filmas yra gyvenimo aktas.\" Andrejus Tarkovskis Knygoje \u201e\u012eam\u017eintas laikas\u201c","robots":{"index":"index","follow":"follow","max-snippet":"max-snippet:-1","max-image-preview":"max-image-preview:large","max-video-preview":"max-video-preview:-1"},"canonical":"https:\/\/skaitytaknyga.lt\/en\/produktas\/iamzintas-laikas\/","og_locale":"en_GB","og_type":"article","og_title":"[:lt]\u012eam\u017eintas laikas[:] - Skaitytaknyga","og_description":"\u201eKinas man yra daugiau nei darbas \u2013 tai mano gyvenimas, ir kiekvienas filmas yra gyvenimo aktas.\" Andrejus Tarkovskis Knygoje \u201e\u012eam\u017eintas laikas\u201c","og_url":"https:\/\/skaitytaknyga.lt\/en\/produktas\/iamzintas-laikas\/","og_site_name":"Skaitytaknyga","article_publisher":"https:\/\/www.facebook.com\/skaitytaknyga\/","article_modified_time":"2026-03-24T08:36:53+00:00","og_image":[{"width":565,"height":801,"url":"https:\/\/skaitytaknyga.lt\/wp-content\/uploads\/2026\/03\/Iamzintas-laikas.webp","type":"image\/webp"}],"twitter_card":"summary_large_image","twitter_misc":{"Estimated reading time":"1 minute"},"schema":{"@context":"https:\/\/schema.org","@graph":[{"@type":"WebPage","@id":"https:\/\/skaitytaknyga.lt\/produktas\/iamzintas-laikas\/","url":"https:\/\/skaitytaknyga.lt\/produktas\/iamzintas-laikas\/","name":"\u012eam\u017eintas laikas","isPartOf":{"@id":"https:\/\/skaitytaknyga.lt\/#website"},"primaryImageOfPage":{"@id":"https:\/\/skaitytaknyga.lt\/produktas\/iamzintas-laikas\/#primaryimage"},"image":{"@id":"https:\/\/skaitytaknyga.lt\/produktas\/iamzintas-laikas\/#primaryimage"},"thumbnailUrl":"https:\/\/skaitytaknyga.lt\/wp-content\/uploads\/2026\/03\/Iamzintas-laikas.webp","datePublished":"2026-03-19T09:48:50+00:00","dateModified":"2026-03-24T08:36:53+00:00","description":"\u201eKinas man yra daugiau nei darbas \u2013 tai mano gyvenimas, ir kiekvienas filmas yra gyvenimo aktas.\" Andrejus Tarkovskis Knygoje \u201e\u012eam\u017eintas laikas\u201c","breadcrumb":{"@id":"https:\/\/skaitytaknyga.lt\/produktas\/iamzintas-laikas\/#breadcrumb"},"inLanguage":"en-GB","potentialAction":[{"@type":"ReadAction","target":["https:\/\/skaitytaknyga.lt\/produktas\/iamzintas-laikas\/"]}]},{"@type":"ImageObject","inLanguage":"en-GB","@id":"https:\/\/skaitytaknyga.lt\/produktas\/iamzintas-laikas\/#primaryimage","url":"https:\/\/skaitytaknyga.lt\/wp-content\/uploads\/2026\/03\/Iamzintas-laikas.webp","contentUrl":"https:\/\/skaitytaknyga.lt\/wp-content\/uploads\/2026\/03\/Iamzintas-laikas.webp","width":565,"height":801,"caption":"\u012eam\u017eintas laikas"},{"@type":"BreadcrumbList","@id":"https:\/\/skaitytaknyga.lt\/produktas\/iamzintas-laikas\/#breadcrumb","itemListElement":[{"@type":"ListItem","position":1,"name":"Home","item":"https:\/\/skaitytaknyga.lt\/"},{"@type":"ListItem","position":2,"name":"Parduotuv\u0117","item":"https:\/\/skaitytaknyga.lt\/knygu-parduotuve\/"},{"@type":"ListItem","position":3,"name":"\u012eam\u017eintas laikas"}]},{"@type":"WebSite","@id":"https:\/\/skaitytaknyga.lt\/#website","url":"https:\/\/skaitytaknyga.lt\/","name":"skaitytaknyga.lt","description":"Skaitytaknyga.lt \u2013 tai ma\u017eas \u0161eimos verslas, kuris prasid\u0117jo nuo meil\u0117s knygoms ir siekio i\u0161gelb\u0117ti knygas nuo likimo prie konteinerio. Kas vienam nereikalingas daiktas \u2013 kitam lobis, o mes esame tarpininkai, kurie padeda abiems tapti laimingesniems ???? \u017dinome kaip nelengva i\u0161gyventi ma\u017eiems verslams, tad nuo \u0161iol, \u010dia rasite ir kit\u0173, ma\u017e\u0173 \u0161eim\u0173 versl\u0173, rank\u0173 darbo, dovan\u0173 sau ir artimiesiems.","publisher":{"@id":"https:\/\/skaitytaknyga.lt\/#organization"},"potentialAction":[{"@type":"SearchAction","target":{"@type":"EntryPoint","urlTemplate":"https:\/\/skaitytaknyga.lt\/?s={search_term_string}"},"query-input":{"@type":"PropertyValueSpecification","valueRequired":true,"valueName":"search_term_string"}}],"inLanguage":"en-GB"},{"@type":"Organization","@id":"https:\/\/skaitytaknyga.lt\/#organization","name":"skaitytaknyga.lt","url":"https:\/\/skaitytaknyga.lt\/","logo":{"@type":"ImageObject","inLanguage":"en-GB","@id":"https:\/\/skaitytaknyga.lt\/#\/schema\/logo\/image\/","url":"https:\/\/skaitytaknyga.lt\/wp-content\/uploads\/2024\/05\/cropped-cropped-cropped-02_00843_jt3bggkj1j3HLc7SyY6rEUpg.jpeg","contentUrl":"https:\/\/skaitytaknyga.lt\/wp-content\/uploads\/2024\/05\/cropped-cropped-cropped-02_00843_jt3bggkj1j3HLc7SyY6rEUpg.jpeg","width":1600,"height":1600,"caption":"skaitytaknyga.lt"},"image":{"@id":"https:\/\/skaitytaknyga.lt\/#\/schema\/logo\/image\/"},"sameAs":["https:\/\/www.facebook.com\/skaitytaknyga\/"]}]}},"_links":{"self":[{"href":"https:\/\/skaitytaknyga.lt\/en\/wp-json\/wp\/v2\/product\/25006","targetHints":{"allow":["GET"]}}],"collection":[{"href":"https:\/\/skaitytaknyga.lt\/en\/wp-json\/wp\/v2\/product"}],"about":[{"href":"https:\/\/skaitytaknyga.lt\/en\/wp-json\/wp\/v2\/types\/product"}],"replies":[{"embeddable":true,"href":"https:\/\/skaitytaknyga.lt\/en\/wp-json\/wp\/v2\/comments?post=25006"}],"wp:featuredmedia":[{"embeddable":true,"href":"https:\/\/skaitytaknyga.lt\/en\/wp-json\/wp\/v2\/media\/25011"}],"wp:attachment":[{"href":"https:\/\/skaitytaknyga.lt\/en\/wp-json\/wp\/v2\/media?parent=25006"}],"wp:term":[{"taxonomy":"product_brand","embeddable":true,"href":"https:\/\/skaitytaknyga.lt\/en\/wp-json\/wp\/v2\/product_brand?post=25006"},{"taxonomy":"product_cat","embeddable":true,"href":"https:\/\/skaitytaknyga.lt\/en\/wp-json\/wp\/v2\/product_cat?post=25006"},{"taxonomy":"product_tag","embeddable":true,"href":"https:\/\/skaitytaknyga.lt\/en\/wp-json\/wp\/v2\/product_tag?post=25006"}],"curies":[{"name":"wp","href":"https:\/\/api.w.org\/{rel}","templated":true}]}}