{"id":25004,"date":"2026-03-19T11:48:49","date_gmt":"2026-03-19T09:48:49","guid":{"rendered":"https:\/\/skaitytaknyga.lt\/?post_type=product&#038;p=25004"},"modified":"2026-03-24T10:36:53","modified_gmt":"2026-03-24T08:36:53","slug":"zodziai","status":"publish","type":"product","link":"https:\/\/skaitytaknyga.lt\/en\/produktas\/zodziai\/","title":{"rendered":"\u017dod\u017eiai"},"content":{"rendered":"<p>&#8230;pa\u017ein\u0119s pasaul\u012f per \u017eod\u017eius, a\u0161 dar ilgai laikiau \u017eod\u017eius pasauliu. Egzistuoti \u2013 rei\u0161k\u0117 tur\u0117ti kur nors begalin\u0117se \u017eod\u017eio lentel\u0117se tam tikr\u0105, nustatyt\u0105 pavadinim\u0105; ra\u0161yti \u2013 rei\u0161k\u0117 graviruoti jose naujas b\u016btybes arba \u2013 ir tai buvo mano atkakliausioji iliuzija \u2013 gaudyti daiktus gyvais sakini\u0173 sp\u0105stais; jei a\u0161 i\u0161radingai suraizgysiu \u017eod\u017eius, daiktas \u012fsipainios tarp \u017eenkl\u0173 ir bus mano.<\/p>\n<p>Jeanas Paulis Sartre&#8217;as (1905\u20131980) \u2013 garsus XX am\u017eiaus filosofas ir ra\u0161ytojas, egzistencializmo filosofijos k\u016br\u0117jas ir atstovas. K\u016brybinio kelio prad\u017eioje skaitytoj\u0173 d\u0117mes\u012f patrauk\u0117 taupia, b\u016bties pagrindus apm\u0105stan\u010dia proza, v\u0117lesniuose k\u016briniuose pl\u0117tojo moral\u0117s, humanizmo, absurdo, gyvenimo prasm\u0117s, laisv\u0117s ir mai\u0161to temas.<\/p>\n<p>Autobiografin\u0117je apysakoje \u201e\u017dod\u017eiai&#8221; J. P. Sartre&#8217;as apra\u0161o pirmojo savo gyvenimo de\u0161imtme\u010dio paveiksl\u0105 \u2013 \u017eav\u0173, jaudinant\u012f ir kiek li\u016bdn\u0105. Gim\u0119s knyg\u0173 myl\u0117toj\u0173 \u0161eimoje, augintas na\u0161l\u0117s motinos ir mylin\u010di\u0173 seneli\u0173, jis nuo ma\u017eum\u0117s skvarbiai tyr\u0117 b\u016bties ir buities detales; apm\u0105st\u0117 kalbos, \u017eod\u017eio ir knyg\u0173 reik\u0161m\u0119 \u017emogi\u0161kajai patir\u010diai.<\/p>\n","protected":false},"excerpt":{"rendered":"<p>&#8230;pa\u017ein\u0119s pasaul\u012f per \u017eod\u017eius, a\u0161 dar ilgai laikiau \u017eod\u017eius pasauliu. Egzistuoti \u2013 rei\u0161k\u0117 tur\u0117ti kur nors begalin\u0117se \u017eod\u017eio lentel\u0117se tam tikr\u0105, nustatyt\u0105 pavadinim\u0105; ra\u0161yti \u2013 rei\u0161k\u0117 graviruoti jose naujas b\u016btybes arba \u2013 ir tai buvo mano atkakliausioji iliuzija \u2013 gaudyti daiktus gyvais sakini\u0173 sp\u0105stais; jei a\u0161 i\u0161radingai suraizgysiu \u017eod\u017eius, daiktas \u012fsipainios tarp \u017eenkl\u0173 ir bus mano. Jeanas Paulis Sartre&#8217;as (1905\u20131980) \u2013 garsus XX am\u017eiaus filosofas ir ra\u0161ytojas, egzistencializmo filosofijos k\u016br\u0117jas ir atstovas. K\u016brybinio kelio prad\u017eioje skaitytoj\u0173 d\u0117mes\u012f patrauk\u0117 taupia, b\u016bties pagrindus apm\u0105stan\u010dia proza, v\u0117lesniuose k\u016briniuose pl\u0117tojo moral\u0117s, humanizmo, absurdo, gyvenimo prasm\u0117s, laisv\u0117s ir mai\u0161to temas. Autobiografin\u0117je apysakoje \u201e\u017dod\u017eiai&#8221; J. P. Sartre&#8217;as apra\u0161o pirmojo savo gyvenimo de\u0161imtme\u010dio paveiksl\u0105 \u2013 \u017eav\u0173, jaudinant\u012f ir kiek li\u016bdn\u0105. Gim\u0119s knyg\u0173 myl\u0117toj\u0173 \u0161eimoje, augintas na\u0161l\u0117s motinos ir mylin\u010di\u0173 seneli\u0173, jis nuo ma\u017eum\u0117s skvarbiai tyr\u0117 b\u016bties ir buities detales; apm\u0105st\u0117 kalbos, \u017eod\u017eio ir knyg\u0173 reik\u0161m\u0119 \u017emogi\u0161kajai patir\u010diai.<\/p>\n","protected":false},"featured_media":25009,"comment_status":"open","ping_status":"closed","template":"","meta":{"_acf_changed":false,"site-sidebar-layout":"default","site-content-layout":"","ast-site-content-layout":"default","site-content-style":"default","site-sidebar-style":"default","ast-global-header-display":"","ast-banner-title-visibility":"","ast-main-header-display":"","ast-hfb-above-header-display":"","ast-hfb-below-header-display":"","ast-hfb-mobile-header-display":"","site-post-title":"","ast-breadcrumbs-content":"","ast-featured-img":"","footer-sml-layout":"","ast-disable-related-posts":"","theme-transparent-header-meta":"","adv-header-id-meta":"","stick-header-meta":"","header-above-stick-meta":"","header-main-stick-meta":"","header-below-stick-meta":"","astra-migrate-meta-layouts":"default","ast-page-background-enabled":"default","ast-page-background-meta":{"desktop":{"background-color":"","background-image":"","background-repeat":"repeat","background-position":"center center","background-size":"auto","background-attachment":"scroll","background-type":"","background-media":"","overlay-type":"","overlay-color":"","overlay-opacity":"","overlay-gradient":""},"tablet":{"background-color":"","background-image":"","background-repeat":"repeat","background-position":"center center","background-size":"auto","background-attachment":"scroll","background-type":"","background-media":"","overlay-type":"","overlay-color":"","overlay-opacity":"","overlay-gradient":""},"mobile":{"background-color":"","background-image":"","background-repeat":"repeat","background-position":"center center","background-size":"auto","background-attachment":"scroll","background-type":"","background-media":"","overlay-type":"","overlay-color":"","overlay-opacity":"","overlay-gradient":""}},"ast-content-background-meta":{"desktop":{"background-color":"var(--ast-global-color-4)","background-image":"","background-repeat":"repeat","background-position":"center center","background-size":"auto","background-attachment":"scroll","background-type":"","background-media":"","overlay-type":"","overlay-color":"","overlay-opacity":"","overlay-gradient":""},"tablet":{"background-color":"var(--ast-global-color-4)","background-image":"","background-repeat":"repeat","background-position":"center center","background-size":"auto","background-attachment":"scroll","background-type":"","background-media":"","overlay-type":"","overlay-color":"","overlay-opacity":"","overlay-gradient":""},"mobile":{"background-color":"var(--ast-global-color-4)","background-image":"","background-repeat":"repeat","background-position":"center center","background-size":"auto","background-attachment":"scroll","background-type":"","background-media":"","overlay-type":"","overlay-color":"","overlay-opacity":"","overlay-gradient":""}}},"product_brand":[],"product_cat":[31],"product_tag":[],"class_list":{"0":"post-25004","1":"product","2":"type-product","3":"status-publish","4":"has-post-thumbnail","6":"product_cat-grozine-literatura","7":"desktop-align-left","8":"tablet-align-left","9":"mobile-align-left","11":"first","12":"instock","13":"shipping-taxable","14":"purchasable","15":"product-type-simple"},"acf":[],"yoast_head":"<!-- This site is optimized with the Yoast SEO plugin v27.0 - https:\/\/yoast.com\/product\/yoast-seo-wordpress\/ -->\n<title>\u017dod\u017eiai<\/title>\n<meta name=\"description\" content=\"...pa\u017ein\u0119s pasaul\u012f per \u017eod\u017eius, a\u0161 dar ilgai laikiau \u017eod\u017eius pasauliu. Egzistuoti \u2013 rei\u0161k\u0117 tur\u0117ti kur nors begalin\u0117se \u017eod\u017eio lentel\u0117se tam tikr\u0105,\" \/>\n<meta name=\"robots\" content=\"index, follow, max-snippet:-1, max-image-preview:large, max-video-preview:-1\" \/>\n<link rel=\"canonical\" href=\"https:\/\/skaitytaknyga.lt\/en\/produktas\/zodziai\/\" \/>\n<meta property=\"og:locale\" content=\"en_GB\" \/>\n<meta property=\"og:locale:alternate\" content=\"lt_LT\" \/>\n<meta property=\"og:type\" content=\"article\" \/>\n<meta property=\"og:title\" content=\"\u017dod\u017eiai\" \/>\n<meta property=\"og:description\" content=\"...pa\u017ein\u0119s pasaul\u012f per \u017eod\u017eius, a\u0161 dar ilgai laikiau \u017eod\u017eius pasauliu. Egzistuoti \u2013 rei\u0161k\u0117 tur\u0117ti kur nors begalin\u0117se \u017eod\u017eio lentel\u0117se tam tikr\u0105,\" \/>\n<meta property=\"og:url\" content=\"https:\/\/skaitytaknyga.lt\/en\/produktas\/zodziai\/\" \/>\n<meta property=\"og:site_name\" content=\"Skaitytaknyga\" \/>\n<meta property=\"article:publisher\" content=\"https:\/\/www.facebook.com\/skaitytaknyga\/\" \/>\n<meta property=\"article:modified_time\" content=\"2026-03-24T08:36:53+00:00\" \/>\n<meta property=\"og:image\" content=\"https:\/\/skaitytaknyga.lt\/wp-content\/uploads\/2026\/03\/Zodziai.webp\" \/>\n\t<meta property=\"og:image:width\" content=\"541\" \/>\n\t<meta property=\"og:image:height\" content=\"766\" \/>\n\t<meta property=\"og:image:type\" content=\"image\/webp\" \/>\n<meta name=\"twitter:card\" content=\"summary_large_image\" \/>\n<meta name=\"twitter:label1\" content=\"Estimated reading time\" \/>\n\t<meta name=\"twitter:data1\" content=\"1 minute\" \/>\n<script type=\"application\/ld+json\" class=\"yoast-schema-graph\">{\"@context\":\"https:\/\/schema.org\",\"@graph\":[{\"@type\":\"WebPage\",\"@id\":\"https:\/\/skaitytaknyga.lt\/produktas\/zodziai\/\",\"url\":\"https:\/\/skaitytaknyga.lt\/produktas\/zodziai\/\",\"name\":\"\u017dod\u017eiai\",\"isPartOf\":{\"@id\":\"https:\/\/skaitytaknyga.lt\/#website\"},\"primaryImageOfPage\":{\"@id\":\"https:\/\/skaitytaknyga.lt\/produktas\/zodziai\/#primaryimage\"},\"image\":{\"@id\":\"https:\/\/skaitytaknyga.lt\/produktas\/zodziai\/#primaryimage\"},\"thumbnailUrl\":\"https:\/\/skaitytaknyga.lt\/wp-content\/uploads\/2026\/03\/Zodziai.webp\",\"datePublished\":\"2026-03-19T09:48:49+00:00\",\"dateModified\":\"2026-03-24T08:36:53+00:00\",\"description\":\"...pa\u017ein\u0119s pasaul\u012f per \u017eod\u017eius, a\u0161 dar ilgai laikiau \u017eod\u017eius pasauliu. Egzistuoti \u2013 rei\u0161k\u0117 tur\u0117ti kur nors begalin\u0117se \u017eod\u017eio lentel\u0117se tam tikr\u0105,\",\"breadcrumb\":{\"@id\":\"https:\/\/skaitytaknyga.lt\/produktas\/zodziai\/#breadcrumb\"},\"inLanguage\":\"en-GB\",\"potentialAction\":[{\"@type\":\"ReadAction\",\"target\":[\"https:\/\/skaitytaknyga.lt\/produktas\/zodziai\/\"]}]},{\"@type\":\"ImageObject\",\"inLanguage\":\"en-GB\",\"@id\":\"https:\/\/skaitytaknyga.lt\/produktas\/zodziai\/#primaryimage\",\"url\":\"https:\/\/skaitytaknyga.lt\/wp-content\/uploads\/2026\/03\/Zodziai.webp\",\"contentUrl\":\"https:\/\/skaitytaknyga.lt\/wp-content\/uploads\/2026\/03\/Zodziai.webp\",\"width\":541,\"height\":766,\"caption\":\"\u017dod\u017eiai\"},{\"@type\":\"BreadcrumbList\",\"@id\":\"https:\/\/skaitytaknyga.lt\/produktas\/zodziai\/#breadcrumb\",\"itemListElement\":[{\"@type\":\"ListItem\",\"position\":1,\"name\":\"Home\",\"item\":\"https:\/\/skaitytaknyga.lt\/\"},{\"@type\":\"ListItem\",\"position\":2,\"name\":\"Parduotuv\u0117\",\"item\":\"https:\/\/skaitytaknyga.lt\/knygu-parduotuve\/\"},{\"@type\":\"ListItem\",\"position\":3,\"name\":\"\u017dod\u017eiai\"}]},{\"@type\":\"WebSite\",\"@id\":\"https:\/\/skaitytaknyga.lt\/#website\",\"url\":\"https:\/\/skaitytaknyga.lt\/\",\"name\":\"skaitytaknyga.lt\",\"description\":\"Skaitytaknyga.lt \u2013 tai ma\u017eas \u0161eimos verslas, kuris prasid\u0117jo nuo meil\u0117s knygoms ir siekio i\u0161gelb\u0117ti knygas nuo likimo prie konteinerio. Kas vienam nereikalingas daiktas \u2013 kitam lobis, o mes esame tarpininkai, kurie padeda abiems tapti laimingesniems ???? \u017dinome kaip nelengva i\u0161gyventi ma\u017eiems verslams, tad nuo \u0161iol, \u010dia rasite ir kit\u0173, ma\u017e\u0173 \u0161eim\u0173 versl\u0173, rank\u0173 darbo, dovan\u0173 sau ir artimiesiems.\",\"publisher\":{\"@id\":\"https:\/\/skaitytaknyga.lt\/#organization\"},\"potentialAction\":[{\"@type\":\"SearchAction\",\"target\":{\"@type\":\"EntryPoint\",\"urlTemplate\":\"https:\/\/skaitytaknyga.lt\/?s={search_term_string}\"},\"query-input\":{\"@type\":\"PropertyValueSpecification\",\"valueRequired\":true,\"valueName\":\"search_term_string\"}}],\"inLanguage\":\"en-GB\"},{\"@type\":\"Organization\",\"@id\":\"https:\/\/skaitytaknyga.lt\/#organization\",\"name\":\"skaitytaknyga.lt\",\"url\":\"https:\/\/skaitytaknyga.lt\/\",\"logo\":{\"@type\":\"ImageObject\",\"inLanguage\":\"en-GB\",\"@id\":\"https:\/\/skaitytaknyga.lt\/#\/schema\/logo\/image\/\",\"url\":\"https:\/\/skaitytaknyga.lt\/wp-content\/uploads\/2024\/05\/cropped-cropped-cropped-02_00843_jt3bggkj1j3HLc7SyY6rEUpg.jpeg\",\"contentUrl\":\"https:\/\/skaitytaknyga.lt\/wp-content\/uploads\/2024\/05\/cropped-cropped-cropped-02_00843_jt3bggkj1j3HLc7SyY6rEUpg.jpeg\",\"width\":1600,\"height\":1600,\"caption\":\"skaitytaknyga.lt\"},\"image\":{\"@id\":\"https:\/\/skaitytaknyga.lt\/#\/schema\/logo\/image\/\"},\"sameAs\":[\"https:\/\/www.facebook.com\/skaitytaknyga\/\"]}]}<\/script>\n<!-- \/ Yoast SEO plugin. -->","yoast_head_json":{"title":"\u017dod\u017eiai","description":"...pa\u017ein\u0119s pasaul\u012f per \u017eod\u017eius, a\u0161 dar ilgai laikiau \u017eod\u017eius pasauliu. Egzistuoti \u2013 rei\u0161k\u0117 tur\u0117ti kur nors begalin\u0117se \u017eod\u017eio lentel\u0117se tam tikr\u0105,","robots":{"index":"index","follow":"follow","max-snippet":"max-snippet:-1","max-image-preview":"max-image-preview:large","max-video-preview":"max-video-preview:-1"},"canonical":"https:\/\/skaitytaknyga.lt\/en\/produktas\/zodziai\/","og_locale":"en_GB","og_type":"article","og_title":"[:lt]\u017dod\u017eiai[:] - Skaitytaknyga","og_description":"...pa\u017ein\u0119s pasaul\u012f per \u017eod\u017eius, a\u0161 dar ilgai laikiau \u017eod\u017eius pasauliu. Egzistuoti \u2013 rei\u0161k\u0117 tur\u0117ti kur nors begalin\u0117se \u017eod\u017eio lentel\u0117se tam tikr\u0105,","og_url":"https:\/\/skaitytaknyga.lt\/en\/produktas\/zodziai\/","og_site_name":"Skaitytaknyga","article_publisher":"https:\/\/www.facebook.com\/skaitytaknyga\/","article_modified_time":"2026-03-24T08:36:53+00:00","og_image":[{"width":541,"height":766,"url":"https:\/\/skaitytaknyga.lt\/wp-content\/uploads\/2026\/03\/Zodziai.webp","type":"image\/webp"}],"twitter_card":"summary_large_image","twitter_misc":{"Estimated reading time":"1 minute"},"schema":{"@context":"https:\/\/schema.org","@graph":[{"@type":"WebPage","@id":"https:\/\/skaitytaknyga.lt\/produktas\/zodziai\/","url":"https:\/\/skaitytaknyga.lt\/produktas\/zodziai\/","name":"\u017dod\u017eiai","isPartOf":{"@id":"https:\/\/skaitytaknyga.lt\/#website"},"primaryImageOfPage":{"@id":"https:\/\/skaitytaknyga.lt\/produktas\/zodziai\/#primaryimage"},"image":{"@id":"https:\/\/skaitytaknyga.lt\/produktas\/zodziai\/#primaryimage"},"thumbnailUrl":"https:\/\/skaitytaknyga.lt\/wp-content\/uploads\/2026\/03\/Zodziai.webp","datePublished":"2026-03-19T09:48:49+00:00","dateModified":"2026-03-24T08:36:53+00:00","description":"...pa\u017ein\u0119s pasaul\u012f per \u017eod\u017eius, a\u0161 dar ilgai laikiau \u017eod\u017eius pasauliu. Egzistuoti \u2013 rei\u0161k\u0117 tur\u0117ti kur nors begalin\u0117se \u017eod\u017eio lentel\u0117se tam tikr\u0105,","breadcrumb":{"@id":"https:\/\/skaitytaknyga.lt\/produktas\/zodziai\/#breadcrumb"},"inLanguage":"en-GB","potentialAction":[{"@type":"ReadAction","target":["https:\/\/skaitytaknyga.lt\/produktas\/zodziai\/"]}]},{"@type":"ImageObject","inLanguage":"en-GB","@id":"https:\/\/skaitytaknyga.lt\/produktas\/zodziai\/#primaryimage","url":"https:\/\/skaitytaknyga.lt\/wp-content\/uploads\/2026\/03\/Zodziai.webp","contentUrl":"https:\/\/skaitytaknyga.lt\/wp-content\/uploads\/2026\/03\/Zodziai.webp","width":541,"height":766,"caption":"\u017dod\u017eiai"},{"@type":"BreadcrumbList","@id":"https:\/\/skaitytaknyga.lt\/produktas\/zodziai\/#breadcrumb","itemListElement":[{"@type":"ListItem","position":1,"name":"Home","item":"https:\/\/skaitytaknyga.lt\/"},{"@type":"ListItem","position":2,"name":"Parduotuv\u0117","item":"https:\/\/skaitytaknyga.lt\/knygu-parduotuve\/"},{"@type":"ListItem","position":3,"name":"\u017dod\u017eiai"}]},{"@type":"WebSite","@id":"https:\/\/skaitytaknyga.lt\/#website","url":"https:\/\/skaitytaknyga.lt\/","name":"skaitytaknyga.lt","description":"Skaitytaknyga.lt \u2013 tai ma\u017eas \u0161eimos verslas, kuris prasid\u0117jo nuo meil\u0117s knygoms ir siekio i\u0161gelb\u0117ti knygas nuo likimo prie konteinerio. Kas vienam nereikalingas daiktas \u2013 kitam lobis, o mes esame tarpininkai, kurie padeda abiems tapti laimingesniems ???? \u017dinome kaip nelengva i\u0161gyventi ma\u017eiems verslams, tad nuo \u0161iol, \u010dia rasite ir kit\u0173, ma\u017e\u0173 \u0161eim\u0173 versl\u0173, rank\u0173 darbo, dovan\u0173 sau ir artimiesiems.","publisher":{"@id":"https:\/\/skaitytaknyga.lt\/#organization"},"potentialAction":[{"@type":"SearchAction","target":{"@type":"EntryPoint","urlTemplate":"https:\/\/skaitytaknyga.lt\/?s={search_term_string}"},"query-input":{"@type":"PropertyValueSpecification","valueRequired":true,"valueName":"search_term_string"}}],"inLanguage":"en-GB"},{"@type":"Organization","@id":"https:\/\/skaitytaknyga.lt\/#organization","name":"skaitytaknyga.lt","url":"https:\/\/skaitytaknyga.lt\/","logo":{"@type":"ImageObject","inLanguage":"en-GB","@id":"https:\/\/skaitytaknyga.lt\/#\/schema\/logo\/image\/","url":"https:\/\/skaitytaknyga.lt\/wp-content\/uploads\/2024\/05\/cropped-cropped-cropped-02_00843_jt3bggkj1j3HLc7SyY6rEUpg.jpeg","contentUrl":"https:\/\/skaitytaknyga.lt\/wp-content\/uploads\/2024\/05\/cropped-cropped-cropped-02_00843_jt3bggkj1j3HLc7SyY6rEUpg.jpeg","width":1600,"height":1600,"caption":"skaitytaknyga.lt"},"image":{"@id":"https:\/\/skaitytaknyga.lt\/#\/schema\/logo\/image\/"},"sameAs":["https:\/\/www.facebook.com\/skaitytaknyga\/"]}]}},"_links":{"self":[{"href":"https:\/\/skaitytaknyga.lt\/en\/wp-json\/wp\/v2\/product\/25004","targetHints":{"allow":["GET"]}}],"collection":[{"href":"https:\/\/skaitytaknyga.lt\/en\/wp-json\/wp\/v2\/product"}],"about":[{"href":"https:\/\/skaitytaknyga.lt\/en\/wp-json\/wp\/v2\/types\/product"}],"replies":[{"embeddable":true,"href":"https:\/\/skaitytaknyga.lt\/en\/wp-json\/wp\/v2\/comments?post=25004"}],"wp:featuredmedia":[{"embeddable":true,"href":"https:\/\/skaitytaknyga.lt\/en\/wp-json\/wp\/v2\/media\/25009"}],"wp:attachment":[{"href":"https:\/\/skaitytaknyga.lt\/en\/wp-json\/wp\/v2\/media?parent=25004"}],"wp:term":[{"taxonomy":"product_brand","embeddable":true,"href":"https:\/\/skaitytaknyga.lt\/en\/wp-json\/wp\/v2\/product_brand?post=25004"},{"taxonomy":"product_cat","embeddable":true,"href":"https:\/\/skaitytaknyga.lt\/en\/wp-json\/wp\/v2\/product_cat?post=25004"},{"taxonomy":"product_tag","embeddable":true,"href":"https:\/\/skaitytaknyga.lt\/en\/wp-json\/wp\/v2\/product_tag?post=25004"}],"curies":[{"name":"wp","href":"https:\/\/api.w.org\/{rel}","templated":true}]}}