{"id":25003,"date":"2026-03-19T11:48:49","date_gmt":"2026-03-19T09:48:49","guid":{"rendered":"https:\/\/skaitytaknyga.lt\/?post_type=product&#038;p=25003"},"modified":"2026-03-24T10:36:53","modified_gmt":"2026-03-24T08:36:53","slug":"dienorastis-i","status":"publish","type":"product","link":"https:\/\/skaitytaknyga.lt\/en\/produktas\/dienorastis-i\/","title":{"rendered":"Dienora\u0161tis I"},"content":{"rendered":"<p>Witoldas Gombrowiczius Pary\u017eiuje leisto lenk\u0173 \u017eurnalo Kultura redaktoriui Jerzy Giedroycui 1952-\u0173j\u0173 rugpj\u016b\u010dio 6-\u0105j\u0105 ra\u0161\u0117: \u201eTuriu tapti savo paties komentatoriumi, dar geriau \u2013 savo paties re\u017eisieriumi. Turiu nukalti m\u0105stytoj\u0105 Gombrowiczi\u0173, genij\u0173 Gombrowiczi\u0173, kult\u016bros demonolog\u0105 Gombrowiczi\u0173 ir daug kit\u0173 nepakei\u010diam\u0173 Gombrowiczi\u0173.\u201d Ra\u0161ytojo Dienora\u0161tis ir yra \u0161io beproti\u0161ko u\u017emojo \u012fgyvendinimas. Witoldas Gombrowiczius prad\u0117jo j\u012f ra\u0161yti 1953-iaisiais Argentinoje, Buenos Air\u0117se, ir u\u017ebaig\u0117 Pranc\u016bzijoje, Vanse, 1969-aisiais.<\/p>\n<p>Tai antrasis lietuvi\u0161kas \u2013 naujais tekstais ir pratarme papildytas, pataisytas \u2013 Dienora\u0161\u010dio leidimas, \u0161\u012fkart, kaip ir naujausias pranc\u016bzi\u0161kas, publikuojamas dviem tomais.<\/p>\n","protected":false},"excerpt":{"rendered":"<p>Witoldas Gombrowiczius Pary\u017eiuje leisto lenk\u0173 \u017eurnalo Kultura redaktoriui Jerzy Giedroycui 1952-\u0173j\u0173 rugpj\u016b\u010dio 6-\u0105j\u0105 ra\u0161\u0117: \u201eTuriu tapti savo paties komentatoriumi, dar geriau \u2013 savo paties re\u017eisieriumi. Turiu nukalti m\u0105stytoj\u0105 Gombrowiczi\u0173, genij\u0173 Gombrowiczi\u0173, kult\u016bros demonolog\u0105 Gombrowiczi\u0173 ir daug kit\u0173 nepakei\u010diam\u0173 Gombrowiczi\u0173.\u201d Ra\u0161ytojo Dienora\u0161tis ir yra \u0161io beproti\u0161ko u\u017emojo \u012fgyvendinimas. Witoldas Gombrowiczius prad\u0117jo j\u012f ra\u0161yti 1953-iaisiais Argentinoje, Buenos Air\u0117se, ir u\u017ebaig\u0117 Pranc\u016bzijoje, Vanse, 1969-aisiais. Tai antrasis lietuvi\u0161kas \u2013 naujais tekstais ir pratarme papildytas, pataisytas \u2013 Dienora\u0161\u010dio leidimas, \u0161\u012fkart, kaip ir naujausias pranc\u016bzi\u0161kas, publikuojamas dviem tomais.<\/p>\n","protected":false},"featured_media":25008,"comment_status":"open","ping_status":"closed","template":"","meta":{"_acf_changed":false,"site-sidebar-layout":"default","site-content-layout":"","ast-site-content-layout":"default","site-content-style":"default","site-sidebar-style":"default","ast-global-header-display":"","ast-banner-title-visibility":"","ast-main-header-display":"","ast-hfb-above-header-display":"","ast-hfb-below-header-display":"","ast-hfb-mobile-header-display":"","site-post-title":"","ast-breadcrumbs-content":"","ast-featured-img":"","footer-sml-layout":"","ast-disable-related-posts":"","theme-transparent-header-meta":"","adv-header-id-meta":"","stick-header-meta":"","header-above-stick-meta":"","header-main-stick-meta":"","header-below-stick-meta":"","astra-migrate-meta-layouts":"default","ast-page-background-enabled":"default","ast-page-background-meta":{"desktop":{"background-color":"","background-image":"","background-repeat":"repeat","background-position":"center center","background-size":"auto","background-attachment":"scroll","background-type":"","background-media":"","overlay-type":"","overlay-color":"","overlay-opacity":"","overlay-gradient":""},"tablet":{"background-color":"","background-image":"","background-repeat":"repeat","background-position":"center center","background-size":"auto","background-attachment":"scroll","background-type":"","background-media":"","overlay-type":"","overlay-color":"","overlay-opacity":"","overlay-gradient":""},"mobile":{"background-color":"","background-image":"","background-repeat":"repeat","background-position":"center center","background-size":"auto","background-attachment":"scroll","background-type":"","background-media":"","overlay-type":"","overlay-color":"","overlay-opacity":"","overlay-gradient":""}},"ast-content-background-meta":{"desktop":{"background-color":"var(--ast-global-color-4)","background-image":"","background-repeat":"repeat","background-position":"center center","background-size":"auto","background-attachment":"scroll","background-type":"","background-media":"","overlay-type":"","overlay-color":"","overlay-opacity":"","overlay-gradient":""},"tablet":{"background-color":"var(--ast-global-color-4)","background-image":"","background-repeat":"repeat","background-position":"center center","background-size":"auto","background-attachment":"scroll","background-type":"","background-media":"","overlay-type":"","overlay-color":"","overlay-opacity":"","overlay-gradient":""},"mobile":{"background-color":"var(--ast-global-color-4)","background-image":"","background-repeat":"repeat","background-position":"center center","background-size":"auto","background-attachment":"scroll","background-type":"","background-media":"","overlay-type":"","overlay-color":"","overlay-opacity":"","overlay-gradient":""}}},"product_brand":[],"product_cat":[33],"product_tag":[],"class_list":{"0":"post-25003","1":"product","2":"type-product","3":"status-publish","4":"has-post-thumbnail","6":"product_cat-biografijos","7":"desktop-align-left","8":"tablet-align-left","9":"mobile-align-left","11":"first","12":"instock","13":"shipping-taxable","14":"purchasable","15":"product-type-simple"},"acf":[],"yoast_head":"<!-- This site is optimized with the Yoast SEO plugin v27.0 - https:\/\/yoast.com\/product\/yoast-seo-wordpress\/ -->\n<title>Dienora\u0161tis I<\/title>\n<meta name=\"description\" content=\"Witoldas Gombrowiczius Pary\u017eiuje leisto lenk\u0173 \u017eurnalo Kultura redaktoriui Jerzy Giedroycui 1952-\u0173j\u0173 rugpj\u016b\u010dio 6-\u0105j\u0105 ra\u0161\u0117: \u201eTuriu tapti savo paties\" \/>\n<meta name=\"robots\" content=\"index, follow, max-snippet:-1, max-image-preview:large, max-video-preview:-1\" \/>\n<link rel=\"canonical\" href=\"https:\/\/skaitytaknyga.lt\/en\/produktas\/dienorastis-i\/\" \/>\n<meta property=\"og:locale\" content=\"en_GB\" \/>\n<meta property=\"og:locale:alternate\" content=\"lt_LT\" \/>\n<meta property=\"og:type\" content=\"article\" \/>\n<meta property=\"og:title\" content=\"Dienora\u0161tis I\" \/>\n<meta property=\"og:description\" content=\"Witoldas Gombrowiczius Pary\u017eiuje leisto lenk\u0173 \u017eurnalo Kultura redaktoriui Jerzy Giedroycui 1952-\u0173j\u0173 rugpj\u016b\u010dio 6-\u0105j\u0105 ra\u0161\u0117: \u201eTuriu tapti savo paties\" \/>\n<meta property=\"og:url\" content=\"https:\/\/skaitytaknyga.lt\/en\/produktas\/dienorastis-i\/\" \/>\n<meta property=\"og:site_name\" content=\"Skaitytaknyga\" \/>\n<meta property=\"article:publisher\" content=\"https:\/\/www.facebook.com\/skaitytaknyga\/\" \/>\n<meta property=\"article:modified_time\" content=\"2026-03-24T08:36:53+00:00\" \/>\n<meta property=\"og:image\" content=\"https:\/\/skaitytaknyga.lt\/wp-content\/uploads\/2026\/03\/Dienorastis-I.jpg\" \/>\n\t<meta property=\"og:image:width\" content=\"382\" \/>\n\t<meta property=\"og:image:height\" content=\"575\" \/>\n\t<meta property=\"og:image:type\" content=\"image\/jpeg\" \/>\n<meta name=\"twitter:card\" content=\"summary_large_image\" \/>\n<meta name=\"twitter:label1\" content=\"Estimated reading time\" \/>\n\t<meta name=\"twitter:data1\" content=\"1 minute\" \/>\n<script type=\"application\/ld+json\" class=\"yoast-schema-graph\">{\"@context\":\"https:\/\/schema.org\",\"@graph\":[{\"@type\":\"WebPage\",\"@id\":\"https:\/\/skaitytaknyga.lt\/produktas\/dienorastis-i\/\",\"url\":\"https:\/\/skaitytaknyga.lt\/produktas\/dienorastis-i\/\",\"name\":\"Dienora\u0161tis I\",\"isPartOf\":{\"@id\":\"https:\/\/skaitytaknyga.lt\/#website\"},\"primaryImageOfPage\":{\"@id\":\"https:\/\/skaitytaknyga.lt\/produktas\/dienorastis-i\/#primaryimage\"},\"image\":{\"@id\":\"https:\/\/skaitytaknyga.lt\/produktas\/dienorastis-i\/#primaryimage\"},\"thumbnailUrl\":\"https:\/\/skaitytaknyga.lt\/wp-content\/uploads\/2026\/03\/Dienorastis-I.jpg\",\"datePublished\":\"2026-03-19T09:48:49+00:00\",\"dateModified\":\"2026-03-24T08:36:53+00:00\",\"description\":\"Witoldas Gombrowiczius Pary\u017eiuje leisto lenk\u0173 \u017eurnalo Kultura redaktoriui Jerzy Giedroycui 1952-\u0173j\u0173 rugpj\u016b\u010dio 6-\u0105j\u0105 ra\u0161\u0117: \u201eTuriu tapti savo paties\",\"breadcrumb\":{\"@id\":\"https:\/\/skaitytaknyga.lt\/produktas\/dienorastis-i\/#breadcrumb\"},\"inLanguage\":\"en-GB\",\"potentialAction\":[{\"@type\":\"ReadAction\",\"target\":[\"https:\/\/skaitytaknyga.lt\/produktas\/dienorastis-i\/\"]}]},{\"@type\":\"ImageObject\",\"inLanguage\":\"en-GB\",\"@id\":\"https:\/\/skaitytaknyga.lt\/produktas\/dienorastis-i\/#primaryimage\",\"url\":\"https:\/\/skaitytaknyga.lt\/wp-content\/uploads\/2026\/03\/Dienorastis-I.jpg\",\"contentUrl\":\"https:\/\/skaitytaknyga.lt\/wp-content\/uploads\/2026\/03\/Dienorastis-I.jpg\",\"width\":382,\"height\":575,\"caption\":\"Dienora\u0161tis I\"},{\"@type\":\"BreadcrumbList\",\"@id\":\"https:\/\/skaitytaknyga.lt\/produktas\/dienorastis-i\/#breadcrumb\",\"itemListElement\":[{\"@type\":\"ListItem\",\"position\":1,\"name\":\"Home\",\"item\":\"https:\/\/skaitytaknyga.lt\/\"},{\"@type\":\"ListItem\",\"position\":2,\"name\":\"Parduotuv\u0117\",\"item\":\"https:\/\/skaitytaknyga.lt\/knygu-parduotuve\/\"},{\"@type\":\"ListItem\",\"position\":3,\"name\":\"Dienora\u0161tis I\"}]},{\"@type\":\"WebSite\",\"@id\":\"https:\/\/skaitytaknyga.lt\/#website\",\"url\":\"https:\/\/skaitytaknyga.lt\/\",\"name\":\"skaitytaknyga.lt\",\"description\":\"Skaitytaknyga.lt \u2013 tai ma\u017eas \u0161eimos verslas, kuris prasid\u0117jo nuo meil\u0117s knygoms ir siekio i\u0161gelb\u0117ti knygas nuo likimo prie konteinerio. Kas vienam nereikalingas daiktas \u2013 kitam lobis, o mes esame tarpininkai, kurie padeda abiems tapti laimingesniems ???? \u017dinome kaip nelengva i\u0161gyventi ma\u017eiems verslams, tad nuo \u0161iol, \u010dia rasite ir kit\u0173, ma\u017e\u0173 \u0161eim\u0173 versl\u0173, rank\u0173 darbo, dovan\u0173 sau ir artimiesiems.\",\"publisher\":{\"@id\":\"https:\/\/skaitytaknyga.lt\/#organization\"},\"potentialAction\":[{\"@type\":\"SearchAction\",\"target\":{\"@type\":\"EntryPoint\",\"urlTemplate\":\"https:\/\/skaitytaknyga.lt\/?s={search_term_string}\"},\"query-input\":{\"@type\":\"PropertyValueSpecification\",\"valueRequired\":true,\"valueName\":\"search_term_string\"}}],\"inLanguage\":\"en-GB\"},{\"@type\":\"Organization\",\"@id\":\"https:\/\/skaitytaknyga.lt\/#organization\",\"name\":\"skaitytaknyga.lt\",\"url\":\"https:\/\/skaitytaknyga.lt\/\",\"logo\":{\"@type\":\"ImageObject\",\"inLanguage\":\"en-GB\",\"@id\":\"https:\/\/skaitytaknyga.lt\/#\/schema\/logo\/image\/\",\"url\":\"https:\/\/skaitytaknyga.lt\/wp-content\/uploads\/2024\/05\/cropped-cropped-cropped-02_00843_jt3bggkj1j3HLc7SyY6rEUpg.jpeg\",\"contentUrl\":\"https:\/\/skaitytaknyga.lt\/wp-content\/uploads\/2024\/05\/cropped-cropped-cropped-02_00843_jt3bggkj1j3HLc7SyY6rEUpg.jpeg\",\"width\":1600,\"height\":1600,\"caption\":\"skaitytaknyga.lt\"},\"image\":{\"@id\":\"https:\/\/skaitytaknyga.lt\/#\/schema\/logo\/image\/\"},\"sameAs\":[\"https:\/\/www.facebook.com\/skaitytaknyga\/\"]}]}<\/script>\n<!-- \/ Yoast SEO plugin. -->","yoast_head_json":{"title":"Dienora\u0161tis I","description":"Witoldas Gombrowiczius Pary\u017eiuje leisto lenk\u0173 \u017eurnalo Kultura redaktoriui Jerzy Giedroycui 1952-\u0173j\u0173 rugpj\u016b\u010dio 6-\u0105j\u0105 ra\u0161\u0117: \u201eTuriu tapti savo paties","robots":{"index":"index","follow":"follow","max-snippet":"max-snippet:-1","max-image-preview":"max-image-preview:large","max-video-preview":"max-video-preview:-1"},"canonical":"https:\/\/skaitytaknyga.lt\/en\/produktas\/dienorastis-i\/","og_locale":"en_GB","og_type":"article","og_title":"[:lt]Dienora\u0161tis I[:] - Skaitytaknyga","og_description":"Witoldas Gombrowiczius Pary\u017eiuje leisto lenk\u0173 \u017eurnalo Kultura redaktoriui Jerzy Giedroycui 1952-\u0173j\u0173 rugpj\u016b\u010dio 6-\u0105j\u0105 ra\u0161\u0117: \u201eTuriu tapti savo paties","og_url":"https:\/\/skaitytaknyga.lt\/en\/produktas\/dienorastis-i\/","og_site_name":"Skaitytaknyga","article_publisher":"https:\/\/www.facebook.com\/skaitytaknyga\/","article_modified_time":"2026-03-24T08:36:53+00:00","og_image":[{"width":382,"height":575,"url":"https:\/\/skaitytaknyga.lt\/wp-content\/uploads\/2026\/03\/Dienorastis-I.jpg","type":"image\/jpeg"}],"twitter_card":"summary_large_image","twitter_misc":{"Estimated reading time":"1 minute"},"schema":{"@context":"https:\/\/schema.org","@graph":[{"@type":"WebPage","@id":"https:\/\/skaitytaknyga.lt\/produktas\/dienorastis-i\/","url":"https:\/\/skaitytaknyga.lt\/produktas\/dienorastis-i\/","name":"Dienora\u0161tis I","isPartOf":{"@id":"https:\/\/skaitytaknyga.lt\/#website"},"primaryImageOfPage":{"@id":"https:\/\/skaitytaknyga.lt\/produktas\/dienorastis-i\/#primaryimage"},"image":{"@id":"https:\/\/skaitytaknyga.lt\/produktas\/dienorastis-i\/#primaryimage"},"thumbnailUrl":"https:\/\/skaitytaknyga.lt\/wp-content\/uploads\/2026\/03\/Dienorastis-I.jpg","datePublished":"2026-03-19T09:48:49+00:00","dateModified":"2026-03-24T08:36:53+00:00","description":"Witoldas Gombrowiczius Pary\u017eiuje leisto lenk\u0173 \u017eurnalo Kultura redaktoriui Jerzy Giedroycui 1952-\u0173j\u0173 rugpj\u016b\u010dio 6-\u0105j\u0105 ra\u0161\u0117: \u201eTuriu tapti savo paties","breadcrumb":{"@id":"https:\/\/skaitytaknyga.lt\/produktas\/dienorastis-i\/#breadcrumb"},"inLanguage":"en-GB","potentialAction":[{"@type":"ReadAction","target":["https:\/\/skaitytaknyga.lt\/produktas\/dienorastis-i\/"]}]},{"@type":"ImageObject","inLanguage":"en-GB","@id":"https:\/\/skaitytaknyga.lt\/produktas\/dienorastis-i\/#primaryimage","url":"https:\/\/skaitytaknyga.lt\/wp-content\/uploads\/2026\/03\/Dienorastis-I.jpg","contentUrl":"https:\/\/skaitytaknyga.lt\/wp-content\/uploads\/2026\/03\/Dienorastis-I.jpg","width":382,"height":575,"caption":"Dienora\u0161tis I"},{"@type":"BreadcrumbList","@id":"https:\/\/skaitytaknyga.lt\/produktas\/dienorastis-i\/#breadcrumb","itemListElement":[{"@type":"ListItem","position":1,"name":"Home","item":"https:\/\/skaitytaknyga.lt\/"},{"@type":"ListItem","position":2,"name":"Parduotuv\u0117","item":"https:\/\/skaitytaknyga.lt\/knygu-parduotuve\/"},{"@type":"ListItem","position":3,"name":"Dienora\u0161tis I"}]},{"@type":"WebSite","@id":"https:\/\/skaitytaknyga.lt\/#website","url":"https:\/\/skaitytaknyga.lt\/","name":"skaitytaknyga.lt","description":"Skaitytaknyga.lt \u2013 tai ma\u017eas \u0161eimos verslas, kuris prasid\u0117jo nuo meil\u0117s knygoms ir siekio i\u0161gelb\u0117ti knygas nuo likimo prie konteinerio. Kas vienam nereikalingas daiktas \u2013 kitam lobis, o mes esame tarpininkai, kurie padeda abiems tapti laimingesniems ???? \u017dinome kaip nelengva i\u0161gyventi ma\u017eiems verslams, tad nuo \u0161iol, \u010dia rasite ir kit\u0173, ma\u017e\u0173 \u0161eim\u0173 versl\u0173, rank\u0173 darbo, dovan\u0173 sau ir artimiesiems.","publisher":{"@id":"https:\/\/skaitytaknyga.lt\/#organization"},"potentialAction":[{"@type":"SearchAction","target":{"@type":"EntryPoint","urlTemplate":"https:\/\/skaitytaknyga.lt\/?s={search_term_string}"},"query-input":{"@type":"PropertyValueSpecification","valueRequired":true,"valueName":"search_term_string"}}],"inLanguage":"en-GB"},{"@type":"Organization","@id":"https:\/\/skaitytaknyga.lt\/#organization","name":"skaitytaknyga.lt","url":"https:\/\/skaitytaknyga.lt\/","logo":{"@type":"ImageObject","inLanguage":"en-GB","@id":"https:\/\/skaitytaknyga.lt\/#\/schema\/logo\/image\/","url":"https:\/\/skaitytaknyga.lt\/wp-content\/uploads\/2024\/05\/cropped-cropped-cropped-02_00843_jt3bggkj1j3HLc7SyY6rEUpg.jpeg","contentUrl":"https:\/\/skaitytaknyga.lt\/wp-content\/uploads\/2024\/05\/cropped-cropped-cropped-02_00843_jt3bggkj1j3HLc7SyY6rEUpg.jpeg","width":1600,"height":1600,"caption":"skaitytaknyga.lt"},"image":{"@id":"https:\/\/skaitytaknyga.lt\/#\/schema\/logo\/image\/"},"sameAs":["https:\/\/www.facebook.com\/skaitytaknyga\/"]}]}},"_links":{"self":[{"href":"https:\/\/skaitytaknyga.lt\/en\/wp-json\/wp\/v2\/product\/25003","targetHints":{"allow":["GET"]}}],"collection":[{"href":"https:\/\/skaitytaknyga.lt\/en\/wp-json\/wp\/v2\/product"}],"about":[{"href":"https:\/\/skaitytaknyga.lt\/en\/wp-json\/wp\/v2\/types\/product"}],"replies":[{"embeddable":true,"href":"https:\/\/skaitytaknyga.lt\/en\/wp-json\/wp\/v2\/comments?post=25003"}],"wp:featuredmedia":[{"embeddable":true,"href":"https:\/\/skaitytaknyga.lt\/en\/wp-json\/wp\/v2\/media\/25008"}],"wp:attachment":[{"href":"https:\/\/skaitytaknyga.lt\/en\/wp-json\/wp\/v2\/media?parent=25003"}],"wp:term":[{"taxonomy":"product_brand","embeddable":true,"href":"https:\/\/skaitytaknyga.lt\/en\/wp-json\/wp\/v2\/product_brand?post=25003"},{"taxonomy":"product_cat","embeddable":true,"href":"https:\/\/skaitytaknyga.lt\/en\/wp-json\/wp\/v2\/product_cat?post=25003"},{"taxonomy":"product_tag","embeddable":true,"href":"https:\/\/skaitytaknyga.lt\/en\/wp-json\/wp\/v2\/product_tag?post=25003"}],"curies":[{"name":"wp","href":"https:\/\/api.w.org\/{rel}","templated":true}]}}