{"id":25002,"date":"2026-03-19T11:48:49","date_gmt":"2026-03-19T09:48:49","guid":{"rendered":"https:\/\/skaitytaknyga.lt\/?post_type=product&#038;p=25002"},"modified":"2026-03-24T10:36:53","modified_gmt":"2026-03-24T08:36:53","slug":"dansu-dansu-dansu","status":"publish","type":"product","link":"https:\/\/skaitytaknyga.lt\/en\/produktas\/dansu-dansu-dansu\/","title":{"rendered":"Dansu Dansu Dansu"},"content":{"rendered":"<p>Tai \u2013 vieno skaitomiausi\u0173 Haruki Murakami romano \u201eAvies med\u017eiokl\u0117\u201c t\u0119sinys:<br \/>\n&#8230; panorau sukurti veik\u0117j\u0105, kuris b\u016bt\u0173 neapsakomai vieni\u0161as \u0161ioje mil\u017eini\u0161koje, sud\u0117tingoje pinig\u0173 ir informacijos visuomen\u0117je. Taip atsirado \u201eAvies med\u017eiokl\u0117\u201c ir \u201eDansu\u201c.<\/p>\n<p>\u201eDansu dansu dansu\u201c \u2013 romanas apie nepaprastai paprast\u0105 trisde\u0161imtmet\u012f, i\u0161tikimuoju subaru nardant\u012f Tokijo gatv\u0117mis, klajojant\u012f Japonijos pakrant\u0117mis:<\/p>\n<p>Nesu nelaimingas. Bet a\u0161 irgi toks kaip tu. Man atrodo, kad ka\u017eko tr\u016bksta. Man regis, a\u0161 gyvenu normal\u0173 gyvenim\u0105. A\u0161 \u0161oku. Moku \u017eingsnius ir \u0161oku. Ir gerai. Bet visuomenine prasme a\u0161 nieko nesusik\u016briau. Man trisde\u0161imt ketveri, a\u0161 neved\u0119s, neturiu pastovaus darbo, stumiuosi nuo dienos iki dienos. Negaliu gauti net paskolos b\u016bstui. Net neguliu su niekuo. Kas i\u0161 man\u0119s bus po trisde\u0161imties met\u0173?<\/p>\n<p>Romano veik\u0117j\u0105, kuris nusprend\u017eia ie\u0161koti paslaptingai dingusios draug\u0117s, pama\u017eu pasiglem\u017eia keisti \u012fvykiai, sekso ir metafizinio siaubo s\u016bkuriai. Draugyst\u0117 su trylikamete ai\u0161kiarege, u\u017e\u0161ifruoti prana\u0161i\u0161k\u0173 gali\u0173 turin\u010dio \u017dmogaus Avies nurodymai. Vienas po kito \u012f mirties men\u0119 Honolulu i\u0161keliaujantys bi\u010diuliai, bet vidinis balsas herojui liepia: kad ir kas nutikt\u0173, nepaliauk \u0161okti \u2013 dansu dansu dansu.<\/p>\n<p>Apie autori\u0173<\/p>\n<p>H. Murakami k\u016bryba vertinama ir interpretuojama itin skirtingai: ji priskiriama net prie fantastini\u0173 ar mitologini\u0173 roman\u0173, roman\u0173 alegorij\u0173, antiutopij\u0173. Ra\u0161ytojo brai\u017eas lyginamas su K\u014db\u014d Abe\u2019s, J. L. Borgeso, G. G. Marquezo, K. Vonneguto, M. Pavi\u010diaus tekstais, kuriuose yra svarbus m\u0117ginimas atrasti mistin\u0119 \u017emogaus dvasios gelm\u0119 ir atskleisti logi\u0161kai ir racionaliai nesuvokiamas gamtos paslaptis.<\/p>\n<p>Murakami pasakojimai pasi\u017eymi muzikalumu, novel\u0117s pam\u0117gtos kino k\u016br\u0117j\u0173, o pats Murakami dar vadinamas japoni\u0161kuoju literat\u016briniu Davidu Lynchu. 2006 metais ra\u0161ytojas buvo pagerbtas Franzo Kafkos apdovanojimu.<\/p>\n","protected":false},"excerpt":{"rendered":"<p>Tai \u2013 vieno skaitomiausi\u0173 Haruki Murakami romano \u201eAvies med\u017eiokl\u0117\u201c t\u0119sinys: &#8230; panorau sukurti veik\u0117j\u0105, kuris b\u016bt\u0173 neapsakomai vieni\u0161as \u0161ioje mil\u017eini\u0161koje, sud\u0117tingoje pinig\u0173 ir informacijos visuomen\u0117je. Taip atsirado \u201eAvies med\u017eiokl\u0117\u201c ir \u201eDansu\u201c. \u201eDansu dansu dansu\u201c \u2013 romanas apie nepaprastai paprast\u0105 trisde\u0161imtmet\u012f, i\u0161tikimuoju subaru nardant\u012f Tokijo gatv\u0117mis, klajojant\u012f Japonijos pakrant\u0117mis: Nesu nelaimingas. Bet a\u0161 irgi toks kaip tu. Man atrodo, kad ka\u017eko tr\u016bksta. Man regis, a\u0161 gyvenu normal\u0173 gyvenim\u0105. A\u0161 \u0161oku. Moku \u017eingsnius ir \u0161oku. Ir gerai. Bet visuomenine prasme a\u0161 nieko nesusik\u016briau. Man trisde\u0161imt ketveri, a\u0161 neved\u0119s, neturiu pastovaus darbo, stumiuosi nuo dienos iki dienos. Negaliu gauti net paskolos b\u016bstui. Net neguliu su niekuo. Kas i\u0161 man\u0119s bus po trisde\u0161imties met\u0173? Romano veik\u0117j\u0105, kuris nusprend\u017eia ie\u0161koti paslaptingai dingusios draug\u0117s, pama\u017eu pasiglem\u017eia keisti \u012fvykiai, sekso ir metafizinio siaubo s\u016bkuriai. Draugyst\u0117 su trylikamete ai\u0161kiarege, u\u017e\u0161ifruoti prana\u0161i\u0161k\u0173 gali\u0173 turin\u010dio \u017dmogaus Avies nurodymai. Vienas po kito \u012f mirties men\u0119 Honolulu i\u0161keliaujantys bi\u010diuliai, bet vidinis balsas herojui liepia: kad ir kas nutikt\u0173, nepaliauk \u0161okti \u2013 dansu dansu dansu. Apie autori\u0173 H. Murakami k\u016bryba vertinama ir interpretuojama itin skirtingai: ji priskiriama net prie fantastini\u0173 ar mitologini\u0173 roman\u0173, roman\u0173 alegorij\u0173, antiutopij\u0173. Ra\u0161ytojo brai\u017eas lyginamas su K\u014db\u014d Abe\u2019s, J. L. Borgeso, G. G. Marquezo, K. Vonneguto, M. Pavi\u010diaus tekstais, kuriuose yra svarbus m\u0117ginimas atrasti mistin\u0119 \u017emogaus dvasios gelm\u0119 ir atskleisti logi\u0161kai ir racionaliai nesuvokiamas gamtos paslaptis. Murakami pasakojimai pasi\u017eymi muzikalumu, novel\u0117s pam\u0117gtos kino k\u016br\u0117j\u0173, o pats Murakami dar vadinamas japoni\u0161kuoju literat\u016briniu Davidu Lynchu. 2006 metais ra\u0161ytojas buvo pagerbtas Franzo Kafkos apdovanojimu.<\/p>\n","protected":false},"featured_media":25007,"comment_status":"open","ping_status":"closed","template":"","meta":{"_acf_changed":false,"site-sidebar-layout":"default","site-content-layout":"","ast-site-content-layout":"default","site-content-style":"default","site-sidebar-style":"default","ast-global-header-display":"","ast-banner-title-visibility":"","ast-main-header-display":"","ast-hfb-above-header-display":"","ast-hfb-below-header-display":"","ast-hfb-mobile-header-display":"","site-post-title":"","ast-breadcrumbs-content":"","ast-featured-img":"","footer-sml-layout":"","ast-disable-related-posts":"","theme-transparent-header-meta":"","adv-header-id-meta":"","stick-header-meta":"","header-above-stick-meta":"","header-main-stick-meta":"","header-below-stick-meta":"","astra-migrate-meta-layouts":"default","ast-page-background-enabled":"default","ast-page-background-meta":{"desktop":{"background-color":"","background-image":"","background-repeat":"repeat","background-position":"center center","background-size":"auto","background-attachment":"scroll","background-type":"","background-media":"","overlay-type":"","overlay-color":"","overlay-opacity":"","overlay-gradient":""},"tablet":{"background-color":"","background-image":"","background-repeat":"repeat","background-position":"center center","background-size":"auto","background-attachment":"scroll","background-type":"","background-media":"","overlay-type":"","overlay-color":"","overlay-opacity":"","overlay-gradient":""},"mobile":{"background-color":"","background-image":"","background-repeat":"repeat","background-position":"center center","background-size":"auto","background-attachment":"scroll","background-type":"","background-media":"","overlay-type":"","overlay-color":"","overlay-opacity":"","overlay-gradient":""}},"ast-content-background-meta":{"desktop":{"background-color":"var(--ast-global-color-4)","background-image":"","background-repeat":"repeat","background-position":"center center","background-size":"auto","background-attachment":"scroll","background-type":"","background-media":"","overlay-type":"","overlay-color":"","overlay-opacity":"","overlay-gradient":""},"tablet":{"background-color":"var(--ast-global-color-4)","background-image":"","background-repeat":"repeat","background-position":"center center","background-size":"auto","background-attachment":"scroll","background-type":"","background-media":"","overlay-type":"","overlay-color":"","overlay-opacity":"","overlay-gradient":""},"mobile":{"background-color":"var(--ast-global-color-4)","background-image":"","background-repeat":"repeat","background-position":"center center","background-size":"auto","background-attachment":"scroll","background-type":"","background-media":"","overlay-type":"","overlay-color":"","overlay-opacity":"","overlay-gradient":""}}},"product_brand":[],"product_cat":[9734],"product_tag":[],"class_list":{"0":"post-25002","1":"product","2":"type-product","3":"status-publish","4":"has-post-thumbnail","6":"product_cat-romanai","7":"desktop-align-left","8":"tablet-align-left","9":"mobile-align-left","11":"first","12":"instock","13":"shipping-taxable","14":"purchasable","15":"product-type-simple"},"acf":[],"yoast_head":"<!-- This site is optimized with the Yoast SEO plugin v27.0 - https:\/\/yoast.com\/product\/yoast-seo-wordpress\/ -->\n<title>Dansu Dansu Dansu<\/title>\n<meta name=\"description\" content=\"Tai \u2013 vieno skaitomiausi\u0173 Haruki Murakami romano \u201eAvies med\u017eiokl\u0117\u201c t\u0119sinys: ... panorau sukurti veik\u0117j\u0105, kuris b\u016bt\u0173 neapsakomai vieni\u0161as \u0161ioje\" \/>\n<meta name=\"robots\" content=\"index, follow, max-snippet:-1, max-image-preview:large, max-video-preview:-1\" \/>\n<link rel=\"canonical\" href=\"https:\/\/skaitytaknyga.lt\/en\/produktas\/dansu-dansu-dansu\/\" \/>\n<meta property=\"og:locale\" content=\"en_GB\" \/>\n<meta property=\"og:locale:alternate\" content=\"lt_LT\" \/>\n<meta property=\"og:type\" content=\"article\" \/>\n<meta property=\"og:title\" content=\"Dansu Dansu Dansu\" \/>\n<meta property=\"og:description\" content=\"Tai \u2013 vieno skaitomiausi\u0173 Haruki Murakami romano \u201eAvies med\u017eiokl\u0117\u201c t\u0119sinys: ... panorau sukurti veik\u0117j\u0105, kuris b\u016bt\u0173 neapsakomai vieni\u0161as \u0161ioje\" \/>\n<meta property=\"og:url\" content=\"https:\/\/skaitytaknyga.lt\/en\/produktas\/dansu-dansu-dansu\/\" \/>\n<meta property=\"og:site_name\" content=\"Skaitytaknyga\" \/>\n<meta property=\"article:publisher\" content=\"https:\/\/www.facebook.com\/skaitytaknyga\/\" \/>\n<meta property=\"article:modified_time\" content=\"2026-03-24T08:36:53+00:00\" \/>\n<meta property=\"og:image\" content=\"https:\/\/skaitytaknyga.lt\/wp-content\/uploads\/2026\/03\/Dansu-Dansu-Dansu.webp\" \/>\n\t<meta property=\"og:image:width\" content=\"538\" \/>\n\t<meta property=\"og:image:height\" content=\"801\" \/>\n\t<meta property=\"og:image:type\" content=\"image\/webp\" \/>\n<meta name=\"twitter:card\" content=\"summary_large_image\" \/>\n<meta name=\"twitter:label1\" content=\"Estimated reading time\" \/>\n\t<meta name=\"twitter:data1\" content=\"1 minute\" \/>\n<script type=\"application\/ld+json\" class=\"yoast-schema-graph\">{\"@context\":\"https:\/\/schema.org\",\"@graph\":[{\"@type\":\"WebPage\",\"@id\":\"https:\/\/skaitytaknyga.lt\/produktas\/dansu-dansu-dansu\/\",\"url\":\"https:\/\/skaitytaknyga.lt\/produktas\/dansu-dansu-dansu\/\",\"name\":\"Dansu Dansu Dansu\",\"isPartOf\":{\"@id\":\"https:\/\/skaitytaknyga.lt\/#website\"},\"primaryImageOfPage\":{\"@id\":\"https:\/\/skaitytaknyga.lt\/produktas\/dansu-dansu-dansu\/#primaryimage\"},\"image\":{\"@id\":\"https:\/\/skaitytaknyga.lt\/produktas\/dansu-dansu-dansu\/#primaryimage\"},\"thumbnailUrl\":\"https:\/\/skaitytaknyga.lt\/wp-content\/uploads\/2026\/03\/Dansu-Dansu-Dansu.webp\",\"datePublished\":\"2026-03-19T09:48:49+00:00\",\"dateModified\":\"2026-03-24T08:36:53+00:00\",\"description\":\"Tai \u2013 vieno skaitomiausi\u0173 Haruki Murakami romano \u201eAvies med\u017eiokl\u0117\u201c t\u0119sinys: ... panorau sukurti veik\u0117j\u0105, kuris b\u016bt\u0173 neapsakomai vieni\u0161as \u0161ioje\",\"breadcrumb\":{\"@id\":\"https:\/\/skaitytaknyga.lt\/produktas\/dansu-dansu-dansu\/#breadcrumb\"},\"inLanguage\":\"en-GB\",\"potentialAction\":[{\"@type\":\"ReadAction\",\"target\":[\"https:\/\/skaitytaknyga.lt\/produktas\/dansu-dansu-dansu\/\"]}]},{\"@type\":\"ImageObject\",\"inLanguage\":\"en-GB\",\"@id\":\"https:\/\/skaitytaknyga.lt\/produktas\/dansu-dansu-dansu\/#primaryimage\",\"url\":\"https:\/\/skaitytaknyga.lt\/wp-content\/uploads\/2026\/03\/Dansu-Dansu-Dansu.webp\",\"contentUrl\":\"https:\/\/skaitytaknyga.lt\/wp-content\/uploads\/2026\/03\/Dansu-Dansu-Dansu.webp\",\"width\":538,\"height\":801,\"caption\":\"Dansu Dansu Dansu\"},{\"@type\":\"BreadcrumbList\",\"@id\":\"https:\/\/skaitytaknyga.lt\/produktas\/dansu-dansu-dansu\/#breadcrumb\",\"itemListElement\":[{\"@type\":\"ListItem\",\"position\":1,\"name\":\"Home\",\"item\":\"https:\/\/skaitytaknyga.lt\/\"},{\"@type\":\"ListItem\",\"position\":2,\"name\":\"Parduotuv\u0117\",\"item\":\"https:\/\/skaitytaknyga.lt\/knygu-parduotuve\/\"},{\"@type\":\"ListItem\",\"position\":3,\"name\":\"Dansu Dansu Dansu\"}]},{\"@type\":\"WebSite\",\"@id\":\"https:\/\/skaitytaknyga.lt\/#website\",\"url\":\"https:\/\/skaitytaknyga.lt\/\",\"name\":\"skaitytaknyga.lt\",\"description\":\"Skaitytaknyga.lt \u2013 tai ma\u017eas \u0161eimos verslas, kuris prasid\u0117jo nuo meil\u0117s knygoms ir siekio i\u0161gelb\u0117ti knygas nuo likimo prie konteinerio. Kas vienam nereikalingas daiktas \u2013 kitam lobis, o mes esame tarpininkai, kurie padeda abiems tapti laimingesniems ???? \u017dinome kaip nelengva i\u0161gyventi ma\u017eiems verslams, tad nuo \u0161iol, \u010dia rasite ir kit\u0173, ma\u017e\u0173 \u0161eim\u0173 versl\u0173, rank\u0173 darbo, dovan\u0173 sau ir artimiesiems.\",\"publisher\":{\"@id\":\"https:\/\/skaitytaknyga.lt\/#organization\"},\"potentialAction\":[{\"@type\":\"SearchAction\",\"target\":{\"@type\":\"EntryPoint\",\"urlTemplate\":\"https:\/\/skaitytaknyga.lt\/?s={search_term_string}\"},\"query-input\":{\"@type\":\"PropertyValueSpecification\",\"valueRequired\":true,\"valueName\":\"search_term_string\"}}],\"inLanguage\":\"en-GB\"},{\"@type\":\"Organization\",\"@id\":\"https:\/\/skaitytaknyga.lt\/#organization\",\"name\":\"skaitytaknyga.lt\",\"url\":\"https:\/\/skaitytaknyga.lt\/\",\"logo\":{\"@type\":\"ImageObject\",\"inLanguage\":\"en-GB\",\"@id\":\"https:\/\/skaitytaknyga.lt\/#\/schema\/logo\/image\/\",\"url\":\"https:\/\/skaitytaknyga.lt\/wp-content\/uploads\/2024\/05\/cropped-cropped-cropped-02_00843_jt3bggkj1j3HLc7SyY6rEUpg.jpeg\",\"contentUrl\":\"https:\/\/skaitytaknyga.lt\/wp-content\/uploads\/2024\/05\/cropped-cropped-cropped-02_00843_jt3bggkj1j3HLc7SyY6rEUpg.jpeg\",\"width\":1600,\"height\":1600,\"caption\":\"skaitytaknyga.lt\"},\"image\":{\"@id\":\"https:\/\/skaitytaknyga.lt\/#\/schema\/logo\/image\/\"},\"sameAs\":[\"https:\/\/www.facebook.com\/skaitytaknyga\/\"]}]}<\/script>\n<!-- \/ Yoast SEO plugin. -->","yoast_head_json":{"title":"Dansu Dansu Dansu","description":"Tai \u2013 vieno skaitomiausi\u0173 Haruki Murakami romano \u201eAvies med\u017eiokl\u0117\u201c t\u0119sinys: ... panorau sukurti veik\u0117j\u0105, kuris b\u016bt\u0173 neapsakomai vieni\u0161as \u0161ioje","robots":{"index":"index","follow":"follow","max-snippet":"max-snippet:-1","max-image-preview":"max-image-preview:large","max-video-preview":"max-video-preview:-1"},"canonical":"https:\/\/skaitytaknyga.lt\/en\/produktas\/dansu-dansu-dansu\/","og_locale":"en_GB","og_type":"article","og_title":"[:lt]Dansu Dansu Dansu[:] - Skaitytaknyga","og_description":"Tai \u2013 vieno skaitomiausi\u0173 Haruki Murakami romano \u201eAvies med\u017eiokl\u0117\u201c t\u0119sinys: ... panorau sukurti veik\u0117j\u0105, kuris b\u016bt\u0173 neapsakomai vieni\u0161as \u0161ioje","og_url":"https:\/\/skaitytaknyga.lt\/en\/produktas\/dansu-dansu-dansu\/","og_site_name":"Skaitytaknyga","article_publisher":"https:\/\/www.facebook.com\/skaitytaknyga\/","article_modified_time":"2026-03-24T08:36:53+00:00","og_image":[{"width":538,"height":801,"url":"https:\/\/skaitytaknyga.lt\/wp-content\/uploads\/2026\/03\/Dansu-Dansu-Dansu.webp","type":"image\/webp"}],"twitter_card":"summary_large_image","twitter_misc":{"Estimated reading time":"1 minute"},"schema":{"@context":"https:\/\/schema.org","@graph":[{"@type":"WebPage","@id":"https:\/\/skaitytaknyga.lt\/produktas\/dansu-dansu-dansu\/","url":"https:\/\/skaitytaknyga.lt\/produktas\/dansu-dansu-dansu\/","name":"Dansu Dansu Dansu","isPartOf":{"@id":"https:\/\/skaitytaknyga.lt\/#website"},"primaryImageOfPage":{"@id":"https:\/\/skaitytaknyga.lt\/produktas\/dansu-dansu-dansu\/#primaryimage"},"image":{"@id":"https:\/\/skaitytaknyga.lt\/produktas\/dansu-dansu-dansu\/#primaryimage"},"thumbnailUrl":"https:\/\/skaitytaknyga.lt\/wp-content\/uploads\/2026\/03\/Dansu-Dansu-Dansu.webp","datePublished":"2026-03-19T09:48:49+00:00","dateModified":"2026-03-24T08:36:53+00:00","description":"Tai \u2013 vieno skaitomiausi\u0173 Haruki Murakami romano \u201eAvies med\u017eiokl\u0117\u201c t\u0119sinys: ... panorau sukurti veik\u0117j\u0105, kuris b\u016bt\u0173 neapsakomai vieni\u0161as \u0161ioje","breadcrumb":{"@id":"https:\/\/skaitytaknyga.lt\/produktas\/dansu-dansu-dansu\/#breadcrumb"},"inLanguage":"en-GB","potentialAction":[{"@type":"ReadAction","target":["https:\/\/skaitytaknyga.lt\/produktas\/dansu-dansu-dansu\/"]}]},{"@type":"ImageObject","inLanguage":"en-GB","@id":"https:\/\/skaitytaknyga.lt\/produktas\/dansu-dansu-dansu\/#primaryimage","url":"https:\/\/skaitytaknyga.lt\/wp-content\/uploads\/2026\/03\/Dansu-Dansu-Dansu.webp","contentUrl":"https:\/\/skaitytaknyga.lt\/wp-content\/uploads\/2026\/03\/Dansu-Dansu-Dansu.webp","width":538,"height":801,"caption":"Dansu Dansu Dansu"},{"@type":"BreadcrumbList","@id":"https:\/\/skaitytaknyga.lt\/produktas\/dansu-dansu-dansu\/#breadcrumb","itemListElement":[{"@type":"ListItem","position":1,"name":"Home","item":"https:\/\/skaitytaknyga.lt\/"},{"@type":"ListItem","position":2,"name":"Parduotuv\u0117","item":"https:\/\/skaitytaknyga.lt\/knygu-parduotuve\/"},{"@type":"ListItem","position":3,"name":"Dansu Dansu Dansu"}]},{"@type":"WebSite","@id":"https:\/\/skaitytaknyga.lt\/#website","url":"https:\/\/skaitytaknyga.lt\/","name":"skaitytaknyga.lt","description":"Skaitytaknyga.lt \u2013 tai ma\u017eas \u0161eimos verslas, kuris prasid\u0117jo nuo meil\u0117s knygoms ir siekio i\u0161gelb\u0117ti knygas nuo likimo prie konteinerio. Kas vienam nereikalingas daiktas \u2013 kitam lobis, o mes esame tarpininkai, kurie padeda abiems tapti laimingesniems ???? \u017dinome kaip nelengva i\u0161gyventi ma\u017eiems verslams, tad nuo \u0161iol, \u010dia rasite ir kit\u0173, ma\u017e\u0173 \u0161eim\u0173 versl\u0173, rank\u0173 darbo, dovan\u0173 sau ir artimiesiems.","publisher":{"@id":"https:\/\/skaitytaknyga.lt\/#organization"},"potentialAction":[{"@type":"SearchAction","target":{"@type":"EntryPoint","urlTemplate":"https:\/\/skaitytaknyga.lt\/?s={search_term_string}"},"query-input":{"@type":"PropertyValueSpecification","valueRequired":true,"valueName":"search_term_string"}}],"inLanguage":"en-GB"},{"@type":"Organization","@id":"https:\/\/skaitytaknyga.lt\/#organization","name":"skaitytaknyga.lt","url":"https:\/\/skaitytaknyga.lt\/","logo":{"@type":"ImageObject","inLanguage":"en-GB","@id":"https:\/\/skaitytaknyga.lt\/#\/schema\/logo\/image\/","url":"https:\/\/skaitytaknyga.lt\/wp-content\/uploads\/2024\/05\/cropped-cropped-cropped-02_00843_jt3bggkj1j3HLc7SyY6rEUpg.jpeg","contentUrl":"https:\/\/skaitytaknyga.lt\/wp-content\/uploads\/2024\/05\/cropped-cropped-cropped-02_00843_jt3bggkj1j3HLc7SyY6rEUpg.jpeg","width":1600,"height":1600,"caption":"skaitytaknyga.lt"},"image":{"@id":"https:\/\/skaitytaknyga.lt\/#\/schema\/logo\/image\/"},"sameAs":["https:\/\/www.facebook.com\/skaitytaknyga\/"]}]}},"_links":{"self":[{"href":"https:\/\/skaitytaknyga.lt\/en\/wp-json\/wp\/v2\/product\/25002","targetHints":{"allow":["GET"]}}],"collection":[{"href":"https:\/\/skaitytaknyga.lt\/en\/wp-json\/wp\/v2\/product"}],"about":[{"href":"https:\/\/skaitytaknyga.lt\/en\/wp-json\/wp\/v2\/types\/product"}],"replies":[{"embeddable":true,"href":"https:\/\/skaitytaknyga.lt\/en\/wp-json\/wp\/v2\/comments?post=25002"}],"wp:featuredmedia":[{"embeddable":true,"href":"https:\/\/skaitytaknyga.lt\/en\/wp-json\/wp\/v2\/media\/25007"}],"wp:attachment":[{"href":"https:\/\/skaitytaknyga.lt\/en\/wp-json\/wp\/v2\/media?parent=25002"}],"wp:term":[{"taxonomy":"product_brand","embeddable":true,"href":"https:\/\/skaitytaknyga.lt\/en\/wp-json\/wp\/v2\/product_brand?post=25002"},{"taxonomy":"product_cat","embeddable":true,"href":"https:\/\/skaitytaknyga.lt\/en\/wp-json\/wp\/v2\/product_cat?post=25002"},{"taxonomy":"product_tag","embeddable":true,"href":"https:\/\/skaitytaknyga.lt\/en\/wp-json\/wp\/v2\/product_tag?post=25002"}],"curies":[{"name":"wp","href":"https:\/\/api.w.org\/{rel}","templated":true}]}}