{"id":25000,"date":"2026-03-18T19:31:23","date_gmt":"2026-03-18T17:31:23","guid":{"rendered":"https:\/\/skaitytaknyga.lt\/?post_type=product&#038;p=25000"},"modified":"2026-03-24T10:36:53","modified_gmt":"2026-03-24T08:36:53","slug":"nevykelio-dienorastis-9-ilga-kelione","status":"publish","type":"product","link":"https:\/\/skaitytaknyga.lt\/en\/produktas\/nevykelio-dienorastis-9-ilga-kelione\/","title":{"rendered":"Nevyk\u0117lio dienora\u0161tis 9. Ilga kelion\u0117"},"content":{"rendered":"<p>Jaunieji skaitytojai jau puikiai pa\u017e\u012fsta nevyk\u0117l\u012f Greg\u0105 ir kasmet laukia per knyg\u0173 mug\u0119 pasirodant naujos jo nuotyki\u0173 dalies. \u0160\u012f heroj\u0173 pam\u0117go ne tik Lietuvos, bet daugelio pasaulio \u0161ali\u0173 vaikai. Dienra\u0161\u010diai \u201eUSA Today\u201c, \u201eWall Street Journal\u201c, \u201eNew York Times\u201c ir \u017eurnalas \u201ePublishers Weekly\u201c NEVYK\u0116LIO DIENORA\u0160T\u012e pripa\u017eino paklausiausia vaik\u0173 knyg\u0173 serija.<\/p>\n<p>Keliauti automobiliu su visa \u0161eima tur\u0117t\u0173 b\u016bti smagu, ta\u010diau&#8230; tik ne Hefliams. Kelion\u0117 prasideda visai \u0161auniai, bet netrukus viskas ima krypti bloga linkme. Baisus degalin\u0117s tualetas, \u012f\u017e\u016blios \u017euv\u0117dros, automobili\u0173 susid\u016brimas, nesutramdomas par\u0161elis&#8230; Gregas Heflis visai ne taip \u012fsivaizdavo smagi\u0105 kelion\u0119. Ta\u010diau net ir nevykusi kelion\u0117 gali virsti nuotykiu, tad \u0161i i\u0161vyka Hefli\u0173 \u0161eimai ilgai i\u0161liks atmintyje.<\/p>\n","protected":false},"excerpt":{"rendered":"<p>Jaunieji skaitytojai jau puikiai pa\u017e\u012fsta nevyk\u0117l\u012f Greg\u0105 ir kasmet laukia per knyg\u0173 mug\u0119 pasirodant naujos jo nuotyki\u0173 dalies. \u0160\u012f heroj\u0173 pam\u0117go ne tik Lietuvos, bet daugelio pasaulio \u0161ali\u0173 vaikai. Dienra\u0161\u010diai \u201eUSA Today\u201c, \u201eWall Street Journal\u201c, \u201eNew York Times\u201c ir \u017eurnalas \u201ePublishers Weekly\u201c NEVYK\u0116LIO DIENORA\u0160T\u012e pripa\u017eino paklausiausia vaik\u0173 knyg\u0173 serija. Keliauti automobiliu su visa \u0161eima tur\u0117t\u0173 b\u016bti smagu, ta\u010diau&#8230; tik ne Hefliams. Kelion\u0117 prasideda visai \u0161auniai, bet netrukus viskas ima krypti bloga linkme. Baisus degalin\u0117s tualetas, \u012f\u017e\u016blios \u017euv\u0117dros, automobili\u0173 susid\u016brimas, nesutramdomas par\u0161elis&#8230; Gregas Heflis visai ne taip \u012fsivaizdavo smagi\u0105 kelion\u0119. Ta\u010diau net ir nevykusi kelion\u0117 gali virsti nuotykiu, tad \u0161i i\u0161vyka Hefli\u0173 \u0161eimai ilgai i\u0161liks atmintyje.<\/p>\n","protected":false},"featured_media":25001,"comment_status":"open","ping_status":"closed","template":"","meta":{"_acf_changed":false,"site-sidebar-layout":"default","site-content-layout":"","ast-site-content-layout":"default","site-content-style":"default","site-sidebar-style":"default","ast-global-header-display":"","ast-banner-title-visibility":"","ast-main-header-display":"","ast-hfb-above-header-display":"","ast-hfb-below-header-display":"","ast-hfb-mobile-header-display":"","site-post-title":"","ast-breadcrumbs-content":"","ast-featured-img":"","footer-sml-layout":"","ast-disable-related-posts":"","theme-transparent-header-meta":"","adv-header-id-meta":"","stick-header-meta":"","header-above-stick-meta":"","header-main-stick-meta":"","header-below-stick-meta":"","astra-migrate-meta-layouts":"default","ast-page-background-enabled":"default","ast-page-background-meta":{"desktop":{"background-color":"","background-image":"","background-repeat":"repeat","background-position":"center center","background-size":"auto","background-attachment":"scroll","background-type":"","background-media":"","overlay-type":"","overlay-color":"","overlay-opacity":"","overlay-gradient":""},"tablet":{"background-color":"","background-image":"","background-repeat":"repeat","background-position":"center center","background-size":"auto","background-attachment":"scroll","background-type":"","background-media":"","overlay-type":"","overlay-color":"","overlay-opacity":"","overlay-gradient":""},"mobile":{"background-color":"","background-image":"","background-repeat":"repeat","background-position":"center center","background-size":"auto","background-attachment":"scroll","background-type":"","background-media":"","overlay-type":"","overlay-color":"","overlay-opacity":"","overlay-gradient":""}},"ast-content-background-meta":{"desktop":{"background-color":"var(--ast-global-color-4)","background-image":"","background-repeat":"repeat","background-position":"center center","background-size":"auto","background-attachment":"scroll","background-type":"","background-media":"","overlay-type":"","overlay-color":"","overlay-opacity":"","overlay-gradient":""},"tablet":{"background-color":"var(--ast-global-color-4)","background-image":"","background-repeat":"repeat","background-position":"center center","background-size":"auto","background-attachment":"scroll","background-type":"","background-media":"","overlay-type":"","overlay-color":"","overlay-opacity":"","overlay-gradient":""},"mobile":{"background-color":"var(--ast-global-color-4)","background-image":"","background-repeat":"repeat","background-position":"center center","background-size":"auto","background-attachment":"scroll","background-type":"","background-media":"","overlay-type":"","overlay-color":"","overlay-opacity":"","overlay-gradient":""}}},"product_brand":[],"product_cat":[9674],"product_tag":[],"class_list":{"0":"post-25000","1":"product","2":"type-product","3":"status-publish","4":"has-post-thumbnail","6":"product_cat-pradinukams","7":"desktop-align-left","8":"tablet-align-left","9":"mobile-align-left","11":"first","12":"instock","13":"shipping-taxable","14":"purchasable","15":"product-type-simple"},"acf":[],"yoast_head":"<!-- This site is optimized with the Yoast SEO plugin v27.0 - https:\/\/yoast.com\/product\/yoast-seo-wordpress\/ -->\n<title>Nevyk\u0117lio dienora\u0161tis 9. Ilga kelion\u0117<\/title>\n<meta name=\"description\" content=\"Jaunieji skaitytojai jau puikiai pa\u017e\u012fsta nevyk\u0117l\u012f Greg\u0105 ir kasmet laukia per knyg\u0173 mug\u0119 pasirodant naujos jo nuotyki\u0173 dalies. \u0160\u012f heroj\u0173 pam\u0117go ne tik\" \/>\n<meta name=\"robots\" content=\"index, follow, max-snippet:-1, max-image-preview:large, max-video-preview:-1\" \/>\n<link rel=\"canonical\" href=\"https:\/\/skaitytaknyga.lt\/en\/produktas\/nevykelio-dienorastis-9-ilga-kelione\/\" \/>\n<meta property=\"og:locale\" content=\"en_GB\" \/>\n<meta property=\"og:locale:alternate\" content=\"lt_LT\" \/>\n<meta property=\"og:type\" content=\"article\" \/>\n<meta property=\"og:title\" content=\"Nevyk\u0117lio dienora\u0161tis 9. Ilga kelion\u0117\" \/>\n<meta property=\"og:description\" content=\"Jaunieji skaitytojai jau puikiai pa\u017e\u012fsta nevyk\u0117l\u012f Greg\u0105 ir kasmet laukia per knyg\u0173 mug\u0119 pasirodant naujos jo nuotyki\u0173 dalies. \u0160\u012f heroj\u0173 pam\u0117go ne tik\" \/>\n<meta property=\"og:url\" content=\"https:\/\/skaitytaknyga.lt\/en\/produktas\/nevykelio-dienorastis-9-ilga-kelione\/\" \/>\n<meta property=\"og:site_name\" content=\"Skaitytaknyga\" \/>\n<meta property=\"article:publisher\" content=\"https:\/\/www.facebook.com\/skaitytaknyga\/\" \/>\n<meta property=\"article:modified_time\" content=\"2026-03-24T08:36:53+00:00\" \/>\n<meta property=\"og:image\" content=\"https:\/\/skaitytaknyga.lt\/wp-content\/uploads\/2026\/03\/Nevykelio-dienorastis-9.-Ilga-kelione-e1773855142800.webp\" \/>\n\t<meta property=\"og:image:width\" content=\"300\" \/>\n\t<meta property=\"og:image:height\" content=\"457\" \/>\n\t<meta property=\"og:image:type\" content=\"image\/webp\" \/>\n<meta name=\"twitter:card\" content=\"summary_large_image\" \/>\n<meta name=\"twitter:label1\" content=\"Estimated reading time\" \/>\n\t<meta name=\"twitter:data1\" content=\"1 minute\" \/>\n<script type=\"application\/ld+json\" class=\"yoast-schema-graph\">{\"@context\":\"https:\/\/schema.org\",\"@graph\":[{\"@type\":\"WebPage\",\"@id\":\"https:\/\/skaitytaknyga.lt\/produktas\/nevykelio-dienorastis-9-ilga-kelione\/\",\"url\":\"https:\/\/skaitytaknyga.lt\/produktas\/nevykelio-dienorastis-9-ilga-kelione\/\",\"name\":\"Nevyk\u0117lio dienora\u0161tis 9. Ilga kelion\u0117\",\"isPartOf\":{\"@id\":\"https:\/\/skaitytaknyga.lt\/#website\"},\"primaryImageOfPage\":{\"@id\":\"https:\/\/skaitytaknyga.lt\/produktas\/nevykelio-dienorastis-9-ilga-kelione\/#primaryimage\"},\"image\":{\"@id\":\"https:\/\/skaitytaknyga.lt\/produktas\/nevykelio-dienorastis-9-ilga-kelione\/#primaryimage\"},\"thumbnailUrl\":\"https:\/\/skaitytaknyga.lt\/wp-content\/uploads\/2026\/03\/Nevykelio-dienorastis-9.-Ilga-kelione-e1773855142800.webp\",\"datePublished\":\"2026-03-18T17:31:23+00:00\",\"dateModified\":\"2026-03-24T08:36:53+00:00\",\"description\":\"Jaunieji skaitytojai jau puikiai pa\u017e\u012fsta nevyk\u0117l\u012f Greg\u0105 ir kasmet laukia per knyg\u0173 mug\u0119 pasirodant naujos jo nuotyki\u0173 dalies. \u0160\u012f heroj\u0173 pam\u0117go ne tik\",\"breadcrumb\":{\"@id\":\"https:\/\/skaitytaknyga.lt\/produktas\/nevykelio-dienorastis-9-ilga-kelione\/#breadcrumb\"},\"inLanguage\":\"en-GB\",\"potentialAction\":[{\"@type\":\"ReadAction\",\"target\":[\"https:\/\/skaitytaknyga.lt\/produktas\/nevykelio-dienorastis-9-ilga-kelione\/\"]}]},{\"@type\":\"ImageObject\",\"inLanguage\":\"en-GB\",\"@id\":\"https:\/\/skaitytaknyga.lt\/produktas\/nevykelio-dienorastis-9-ilga-kelione\/#primaryimage\",\"url\":\"https:\/\/skaitytaknyga.lt\/wp-content\/uploads\/2026\/03\/Nevykelio-dienorastis-9.-Ilga-kelione-e1773855142800.webp\",\"contentUrl\":\"https:\/\/skaitytaknyga.lt\/wp-content\/uploads\/2026\/03\/Nevykelio-dienorastis-9.-Ilga-kelione-e1773855142800.webp\",\"width\":300,\"height\":457,\"caption\":\"Nevyk\u0117lio dienora\u0161tis 9. Ilga kelion\u0117\"},{\"@type\":\"BreadcrumbList\",\"@id\":\"https:\/\/skaitytaknyga.lt\/produktas\/nevykelio-dienorastis-9-ilga-kelione\/#breadcrumb\",\"itemListElement\":[{\"@type\":\"ListItem\",\"position\":1,\"name\":\"Home\",\"item\":\"https:\/\/skaitytaknyga.lt\/\"},{\"@type\":\"ListItem\",\"position\":2,\"name\":\"Parduotuv\u0117\",\"item\":\"https:\/\/skaitytaknyga.lt\/knygu-parduotuve\/\"},{\"@type\":\"ListItem\",\"position\":3,\"name\":\"Nevyk\u0117lio dienora\u0161tis 9. Ilga kelion\u0117\"}]},{\"@type\":\"WebSite\",\"@id\":\"https:\/\/skaitytaknyga.lt\/#website\",\"url\":\"https:\/\/skaitytaknyga.lt\/\",\"name\":\"skaitytaknyga.lt\",\"description\":\"Skaitytaknyga.lt \u2013 tai ma\u017eas \u0161eimos verslas, kuris prasid\u0117jo nuo meil\u0117s knygoms ir siekio i\u0161gelb\u0117ti knygas nuo likimo prie konteinerio. Kas vienam nereikalingas daiktas \u2013 kitam lobis, o mes esame tarpininkai, kurie padeda abiems tapti laimingesniems ???? \u017dinome kaip nelengva i\u0161gyventi ma\u017eiems verslams, tad nuo \u0161iol, \u010dia rasite ir kit\u0173, ma\u017e\u0173 \u0161eim\u0173 versl\u0173, rank\u0173 darbo, dovan\u0173 sau ir artimiesiems.\",\"publisher\":{\"@id\":\"https:\/\/skaitytaknyga.lt\/#organization\"},\"potentialAction\":[{\"@type\":\"SearchAction\",\"target\":{\"@type\":\"EntryPoint\",\"urlTemplate\":\"https:\/\/skaitytaknyga.lt\/?s={search_term_string}\"},\"query-input\":{\"@type\":\"PropertyValueSpecification\",\"valueRequired\":true,\"valueName\":\"search_term_string\"}}],\"inLanguage\":\"en-GB\"},{\"@type\":\"Organization\",\"@id\":\"https:\/\/skaitytaknyga.lt\/#organization\",\"name\":\"skaitytaknyga.lt\",\"url\":\"https:\/\/skaitytaknyga.lt\/\",\"logo\":{\"@type\":\"ImageObject\",\"inLanguage\":\"en-GB\",\"@id\":\"https:\/\/skaitytaknyga.lt\/#\/schema\/logo\/image\/\",\"url\":\"https:\/\/skaitytaknyga.lt\/wp-content\/uploads\/2024\/05\/cropped-cropped-cropped-02_00843_jt3bggkj1j3HLc7SyY6rEUpg.jpeg\",\"contentUrl\":\"https:\/\/skaitytaknyga.lt\/wp-content\/uploads\/2024\/05\/cropped-cropped-cropped-02_00843_jt3bggkj1j3HLc7SyY6rEUpg.jpeg\",\"width\":1600,\"height\":1600,\"caption\":\"skaitytaknyga.lt\"},\"image\":{\"@id\":\"https:\/\/skaitytaknyga.lt\/#\/schema\/logo\/image\/\"},\"sameAs\":[\"https:\/\/www.facebook.com\/skaitytaknyga\/\"]}]}<\/script>\n<!-- \/ Yoast SEO plugin. -->","yoast_head_json":{"title":"Nevyk\u0117lio dienora\u0161tis 9. Ilga kelion\u0117","description":"Jaunieji skaitytojai jau puikiai pa\u017e\u012fsta nevyk\u0117l\u012f Greg\u0105 ir kasmet laukia per knyg\u0173 mug\u0119 pasirodant naujos jo nuotyki\u0173 dalies. \u0160\u012f heroj\u0173 pam\u0117go ne tik","robots":{"index":"index","follow":"follow","max-snippet":"max-snippet:-1","max-image-preview":"max-image-preview:large","max-video-preview":"max-video-preview:-1"},"canonical":"https:\/\/skaitytaknyga.lt\/en\/produktas\/nevykelio-dienorastis-9-ilga-kelione\/","og_locale":"en_GB","og_type":"article","og_title":"[:lt]Nevyk\u0117lio dienora\u0161tis 9. Ilga kelion\u0117[:] - Skaitytaknyga","og_description":"Jaunieji skaitytojai jau puikiai pa\u017e\u012fsta nevyk\u0117l\u012f Greg\u0105 ir kasmet laukia per knyg\u0173 mug\u0119 pasirodant naujos jo nuotyki\u0173 dalies. \u0160\u012f heroj\u0173 pam\u0117go ne tik","og_url":"https:\/\/skaitytaknyga.lt\/en\/produktas\/nevykelio-dienorastis-9-ilga-kelione\/","og_site_name":"Skaitytaknyga","article_publisher":"https:\/\/www.facebook.com\/skaitytaknyga\/","article_modified_time":"2026-03-24T08:36:53+00:00","og_image":[{"width":300,"height":457,"url":"https:\/\/skaitytaknyga.lt\/wp-content\/uploads\/2026\/03\/Nevykelio-dienorastis-9.-Ilga-kelione-e1773855142800.webp","type":"image\/webp"}],"twitter_card":"summary_large_image","twitter_misc":{"Estimated reading time":"1 minute"},"schema":{"@context":"https:\/\/schema.org","@graph":[{"@type":"WebPage","@id":"https:\/\/skaitytaknyga.lt\/produktas\/nevykelio-dienorastis-9-ilga-kelione\/","url":"https:\/\/skaitytaknyga.lt\/produktas\/nevykelio-dienorastis-9-ilga-kelione\/","name":"Nevyk\u0117lio dienora\u0161tis 9. Ilga kelion\u0117","isPartOf":{"@id":"https:\/\/skaitytaknyga.lt\/#website"},"primaryImageOfPage":{"@id":"https:\/\/skaitytaknyga.lt\/produktas\/nevykelio-dienorastis-9-ilga-kelione\/#primaryimage"},"image":{"@id":"https:\/\/skaitytaknyga.lt\/produktas\/nevykelio-dienorastis-9-ilga-kelione\/#primaryimage"},"thumbnailUrl":"https:\/\/skaitytaknyga.lt\/wp-content\/uploads\/2026\/03\/Nevykelio-dienorastis-9.-Ilga-kelione-e1773855142800.webp","datePublished":"2026-03-18T17:31:23+00:00","dateModified":"2026-03-24T08:36:53+00:00","description":"Jaunieji skaitytojai jau puikiai pa\u017e\u012fsta nevyk\u0117l\u012f Greg\u0105 ir kasmet laukia per knyg\u0173 mug\u0119 pasirodant naujos jo nuotyki\u0173 dalies. \u0160\u012f heroj\u0173 pam\u0117go ne tik","breadcrumb":{"@id":"https:\/\/skaitytaknyga.lt\/produktas\/nevykelio-dienorastis-9-ilga-kelione\/#breadcrumb"},"inLanguage":"en-GB","potentialAction":[{"@type":"ReadAction","target":["https:\/\/skaitytaknyga.lt\/produktas\/nevykelio-dienorastis-9-ilga-kelione\/"]}]},{"@type":"ImageObject","inLanguage":"en-GB","@id":"https:\/\/skaitytaknyga.lt\/produktas\/nevykelio-dienorastis-9-ilga-kelione\/#primaryimage","url":"https:\/\/skaitytaknyga.lt\/wp-content\/uploads\/2026\/03\/Nevykelio-dienorastis-9.-Ilga-kelione-e1773855142800.webp","contentUrl":"https:\/\/skaitytaknyga.lt\/wp-content\/uploads\/2026\/03\/Nevykelio-dienorastis-9.-Ilga-kelione-e1773855142800.webp","width":300,"height":457,"caption":"Nevyk\u0117lio dienora\u0161tis 9. Ilga kelion\u0117"},{"@type":"BreadcrumbList","@id":"https:\/\/skaitytaknyga.lt\/produktas\/nevykelio-dienorastis-9-ilga-kelione\/#breadcrumb","itemListElement":[{"@type":"ListItem","position":1,"name":"Home","item":"https:\/\/skaitytaknyga.lt\/"},{"@type":"ListItem","position":2,"name":"Parduotuv\u0117","item":"https:\/\/skaitytaknyga.lt\/knygu-parduotuve\/"},{"@type":"ListItem","position":3,"name":"Nevyk\u0117lio dienora\u0161tis 9. Ilga kelion\u0117"}]},{"@type":"WebSite","@id":"https:\/\/skaitytaknyga.lt\/#website","url":"https:\/\/skaitytaknyga.lt\/","name":"skaitytaknyga.lt","description":"Skaitytaknyga.lt \u2013 tai ma\u017eas \u0161eimos verslas, kuris prasid\u0117jo nuo meil\u0117s knygoms ir siekio i\u0161gelb\u0117ti knygas nuo likimo prie konteinerio. Kas vienam nereikalingas daiktas \u2013 kitam lobis, o mes esame tarpininkai, kurie padeda abiems tapti laimingesniems ???? \u017dinome kaip nelengva i\u0161gyventi ma\u017eiems verslams, tad nuo \u0161iol, \u010dia rasite ir kit\u0173, ma\u017e\u0173 \u0161eim\u0173 versl\u0173, rank\u0173 darbo, dovan\u0173 sau ir artimiesiems.","publisher":{"@id":"https:\/\/skaitytaknyga.lt\/#organization"},"potentialAction":[{"@type":"SearchAction","target":{"@type":"EntryPoint","urlTemplate":"https:\/\/skaitytaknyga.lt\/?s={search_term_string}"},"query-input":{"@type":"PropertyValueSpecification","valueRequired":true,"valueName":"search_term_string"}}],"inLanguage":"en-GB"},{"@type":"Organization","@id":"https:\/\/skaitytaknyga.lt\/#organization","name":"skaitytaknyga.lt","url":"https:\/\/skaitytaknyga.lt\/","logo":{"@type":"ImageObject","inLanguage":"en-GB","@id":"https:\/\/skaitytaknyga.lt\/#\/schema\/logo\/image\/","url":"https:\/\/skaitytaknyga.lt\/wp-content\/uploads\/2024\/05\/cropped-cropped-cropped-02_00843_jt3bggkj1j3HLc7SyY6rEUpg.jpeg","contentUrl":"https:\/\/skaitytaknyga.lt\/wp-content\/uploads\/2024\/05\/cropped-cropped-cropped-02_00843_jt3bggkj1j3HLc7SyY6rEUpg.jpeg","width":1600,"height":1600,"caption":"skaitytaknyga.lt"},"image":{"@id":"https:\/\/skaitytaknyga.lt\/#\/schema\/logo\/image\/"},"sameAs":["https:\/\/www.facebook.com\/skaitytaknyga\/"]}]}},"_links":{"self":[{"href":"https:\/\/skaitytaknyga.lt\/en\/wp-json\/wp\/v2\/product\/25000","targetHints":{"allow":["GET"]}}],"collection":[{"href":"https:\/\/skaitytaknyga.lt\/en\/wp-json\/wp\/v2\/product"}],"about":[{"href":"https:\/\/skaitytaknyga.lt\/en\/wp-json\/wp\/v2\/types\/product"}],"replies":[{"embeddable":true,"href":"https:\/\/skaitytaknyga.lt\/en\/wp-json\/wp\/v2\/comments?post=25000"}],"wp:featuredmedia":[{"embeddable":true,"href":"https:\/\/skaitytaknyga.lt\/en\/wp-json\/wp\/v2\/media\/25001"}],"wp:attachment":[{"href":"https:\/\/skaitytaknyga.lt\/en\/wp-json\/wp\/v2\/media?parent=25000"}],"wp:term":[{"taxonomy":"product_brand","embeddable":true,"href":"https:\/\/skaitytaknyga.lt\/en\/wp-json\/wp\/v2\/product_brand?post=25000"},{"taxonomy":"product_cat","embeddable":true,"href":"https:\/\/skaitytaknyga.lt\/en\/wp-json\/wp\/v2\/product_cat?post=25000"},{"taxonomy":"product_tag","embeddable":true,"href":"https:\/\/skaitytaknyga.lt\/en\/wp-json\/wp\/v2\/product_tag?post=25000"}],"curies":[{"name":"wp","href":"https:\/\/api.w.org\/{rel}","templated":true}]}}