{"id":2498,"date":"2024-04-17T13:14:17","date_gmt":"2024-04-17T13:14:17","guid":{"rendered":"https:\/\/skaitytaknyga.lt\/?post_type=product&#038;p=2498"},"modified":"2026-03-18T12:55:01","modified_gmt":"2026-03-18T10:55:01","slug":"john-grogan-marlis-ir-as-meile-ir-gyvenimas-su-blogiausiu-pasaulyje-sunimi","status":"publish","type":"product","link":"https:\/\/skaitytaknyga.lt\/en\/produktas\/john-grogan-marlis-ir-as-meile-ir-gyvenimas-su-blogiausiu-pasaulyje-sunimi\/","title":{"rendered":"John Grogan \u201eMarlis ir a\u0161. Meil\u0117 ir gyvenimas su blogiausiu pasaulyje \u0161unimi&#8221;"},"content":{"rendered":"<p>\u201e&#8230;noriu pad\u0117koti tam keturkojui savo bi\u010diuliui, kuris buvo tikra rak\u0161tis subin\u0117j, bet be kurio neb\u016bt\u0173 para\u0161yta \u0161i knyga. Manau, jis b\u016bt\u0173 laimingas su\u017einoj\u0119s, kad jo skola u\u017e sudraskytus \u010diu\u017einius, subrai\u017eytas sienas ir prarytus vertingus daiktus dabar tikrai atlyginta su kaupu.\u201c<\/p>\n<p>Amerikie\u010di\u0173 \u017eurnalistas Johnas Groganas, visame pasaulyje i\u0161gars\u0117j\u0119s knyga \u201eMarlis ir a\u0161: gyvenimas su blogiausiu pasaulyje \u0161unimi\u201c, dirba laikra\u0161tyje Philadelphia Inquirer.<\/p>\n<p>Jaunaved\u017eiai Johnas ir Jenny pradeda bendr\u0105 gyvenim\u0105 svajoni\u0173 namuke: jie jauni, \u012fsimyl\u0117j\u0119 vienas kit\u0105 ir j\u0173 laukiantis gyvenimas \u017eada b\u016bti tiesiog nuostabus. Bet&#8230; nutar\u0119 mokytis atsakomyb\u0117s u\u017e b\u016bsimus vaikus, jie \u012fsigyja labrador\u0105 Marl\u012f \u2013 gelsvos vilnos kamuoliuk\u0105, kuris nepaprastai energingai ir ne\u012ftik\u0117tinu grei\u010diu ima keisti sutuoktini\u0173 gyvenim\u0105.<\/p>\n<p>Mielas \u0161uniukas greitai i\u0161auga \u012f did\u017eiul\u012f gyv\u016bn\u0105, nepasiduodant\u012f dres\u016brai, pani\u0161kai bijant\u012f griaustinio ir ryjant\u012f visk\u0105, kas pasitaiko po akimis \u2013 nuo auksin\u0117s grandin\u0117l\u0117s iki&#8230; naudot\u0173 sauskelni\u0173. Nepaisant problem\u0173, kurias be perstojo kelia, Marlis pelnytai u\u017esitarnauja \u0161eiminink\u0173 meil\u0119 ir r\u016bpinim\u0105s\u012f. Did\u017eiulis, gera\u0161irdis, i\u0161tikimas \u0161uo suteikia Johnui ir jo \u0161eimai laim\u0117s ir d\u017eiaugsmo, o sunkumai, kuriuos nuolatos kelia \u0161is hiperaktyvus, baisiai besiseiliojantis energijos ir gaur\u0173 kamuolys, atrodo, nesunkiai \u012fveikiami.<\/p>\n<p>Autorius d\u017eiaugdamasis ir li\u016bd\u0117damas, pykdamas ir atleisdamas pasakoja apie savo augintinio nuotykius ir i\u0161daigas, pa\u017e\u012fstamas kiekvienam \u0161uns savininkui.<\/p>\n<p>Marlio istorija sugraudino ir prajuokino milijonus viso pasaulio skaitytoj\u0173 \u2013 t\u0173, kurie kada nors tur\u0117jo \u0161un\u012f, t\u0173, kurie negali gyventi be \u0161uns, ir kurie dar tik svajoja apie augintin\u012f.<\/p>\n","protected":false},"excerpt":{"rendered":"<p>\u201e&#8230;noriu pad\u0117koti tam keturkojui savo bi\u010diuliui, kuris buvo tikra rak\u0161tis subin\u0117j, bet be kurio neb\u016bt\u0173 para\u0161yta \u0161i knyga. Manau, jis b\u016bt\u0173 laimingas su\u017einoj\u0119s, kad jo skola u\u017e sudraskytus \u010diu\u017einius, subrai\u017eytas sienas ir prarytus vertingus daiktus dabar tikrai atlyginta su kaupu.\u201c Amerikie\u010di\u0173 \u017eurnalistas Johnas Groganas, visame pasaulyje i\u0161gars\u0117j\u0119s knyga \u201eMarlis ir a\u0161: gyvenimas su blogiausiu pasaulyje \u0161unimi\u201c, dirba laikra\u0161tyje Philadelphia Inquirer. Jaunaved\u017eiai Johnas ir Jenny pradeda bendr\u0105 gyvenim\u0105 svajoni\u0173 namuke: jie jauni, \u012fsimyl\u0117j\u0119 vienas kit\u0105 ir j\u0173 laukiantis gyvenimas \u017eada b\u016bti tiesiog nuostabus. Bet&#8230; nutar\u0119 mokytis atsakomyb\u0117s u\u017e b\u016bsimus vaikus, jie \u012fsigyja labrador\u0105 Marl\u012f \u2013 gelsvos vilnos kamuoliuk\u0105, kuris nepaprastai energingai ir ne\u012ftik\u0117tinu grei\u010diu ima keisti sutuoktini\u0173 gyvenim\u0105. Mielas \u0161uniukas greitai i\u0161auga \u012f did\u017eiul\u012f gyv\u016bn\u0105, nepasiduodant\u012f dres\u016brai, pani\u0161kai bijant\u012f griaustinio ir ryjant\u012f visk\u0105, kas pasitaiko po akimis \u2013 nuo auksin\u0117s grandin\u0117l\u0117s iki&#8230; naudot\u0173 sauskelni\u0173. Nepaisant problem\u0173, kurias be perstojo kelia, Marlis pelnytai u\u017esitarnauja \u0161eiminink\u0173 meil\u0119 ir r\u016bpinim\u0105s\u012f. Did\u017eiulis, gera\u0161irdis, i\u0161tikimas \u0161uo suteikia Johnui ir jo \u0161eimai laim\u0117s ir d\u017eiaugsmo, o sunkumai, kuriuos nuolatos kelia \u0161is hiperaktyvus, baisiai besiseiliojantis energijos ir gaur\u0173 kamuolys, atrodo, nesunkiai \u012fveikiami. Autorius d\u017eiaugdamasis ir li\u016bd\u0117damas, pykdamas ir atleisdamas pasakoja apie savo augintinio nuotykius ir i\u0161daigas, pa\u017e\u012fstamas kiekvienam \u0161uns savininkui. Marlio istorija sugraudino ir prajuokino milijonus viso pasaulio skaitytoj\u0173 \u2013 t\u0173, kurie kada nors tur\u0117jo \u0161un\u012f, t\u0173, kurie negali gyventi be \u0161uns, ir kurie dar tik svajoja apie augintin\u012f.<\/p>\n","protected":false},"featured_media":2543,"comment_status":"closed","ping_status":"closed","template":"","meta":{"_acf_changed":false,"site-sidebar-layout":"default","site-content-layout":"","ast-site-content-layout":"default","site-content-style":"default","site-sidebar-style":"default","ast-global-header-display":"","ast-banner-title-visibility":"","ast-main-header-display":"","ast-hfb-above-header-display":"","ast-hfb-below-header-display":"","ast-hfb-mobile-header-display":"","site-post-title":"","ast-breadcrumbs-content":"","ast-featured-img":"","footer-sml-layout":"","ast-disable-related-posts":"","theme-transparent-header-meta":"","adv-header-id-meta":"","stick-header-meta":"","header-above-stick-meta":"","header-main-stick-meta":"","header-below-stick-meta":"","astra-migrate-meta-layouts":"default","ast-page-background-enabled":"default","ast-page-background-meta":{"desktop":{"background-color":"","background-image":"","background-repeat":"repeat","background-position":"center center","background-size":"auto","background-attachment":"scroll","background-type":"","background-media":"","overlay-type":"","overlay-color":"","overlay-opacity":"","overlay-gradient":""},"tablet":{"background-color":"","background-image":"","background-repeat":"repeat","background-position":"center center","background-size":"auto","background-attachment":"scroll","background-type":"","background-media":"","overlay-type":"","overlay-color":"","overlay-opacity":"","overlay-gradient":""},"mobile":{"background-color":"","background-image":"","background-repeat":"repeat","background-position":"center center","background-size":"auto","background-attachment":"scroll","background-type":"","background-media":"","overlay-type":"","overlay-color":"","overlay-opacity":"","overlay-gradient":""}},"ast-content-background-meta":{"desktop":{"background-color":"var(--ast-global-color-4)","background-image":"","background-repeat":"repeat","background-position":"center center","background-size":"auto","background-attachment":"scroll","background-type":"","background-media":"","overlay-type":"","overlay-color":"","overlay-opacity":"","overlay-gradient":""},"tablet":{"background-color":"var(--ast-global-color-4)","background-image":"","background-repeat":"repeat","background-position":"center center","background-size":"auto","background-attachment":"scroll","background-type":"","background-media":"","overlay-type":"","overlay-color":"","overlay-opacity":"","overlay-gradient":""},"mobile":{"background-color":"var(--ast-global-color-4)","background-image":"","background-repeat":"repeat","background-position":"center center","background-size":"auto","background-attachment":"scroll","background-type":"","background-media":"","overlay-type":"","overlay-color":"","overlay-opacity":"","overlay-gradient":""}}},"product_brand":[],"product_cat":[9734,31],"product_tag":[],"class_list":{"0":"post-2498","1":"product","2":"type-product","3":"status-publish","4":"has-post-thumbnail","6":"product_cat-romanai","7":"product_cat-grozine-literatura","8":"desktop-align-left","9":"tablet-align-left","10":"mobile-align-left","12":"first","13":"outofstock","14":"shipping-taxable","15":"purchasable","16":"product-type-simple"},"acf":[],"yoast_head":"<!-- This site is optimized with the Yoast SEO plugin v27.0 - https:\/\/yoast.com\/product\/yoast-seo-wordpress\/ -->\n<title>John Grogan \u201eMarlis ir a\u0161. Meil\u0117 ir gyvenimas su blogiausiu pasaulyje \u0161unimi&quot;<\/title>\n<meta name=\"description\" content=\"\u201e...noriu pad\u0117koti tam keturkojui savo bi\u010diuliui, kuris buvo tikra rak\u0161tis subin\u0117j, bet be kurio neb\u016bt\u0173 para\u0161yta \u0161i knyga. Manau, jis b\u016bt\u0173 laimingas\" \/>\n<meta name=\"robots\" content=\"index, follow, max-snippet:-1, max-image-preview:large, max-video-preview:-1\" \/>\n<link rel=\"canonical\" href=\"https:\/\/skaitytaknyga.lt\/en\/produktas\/john-grogan-marlis-ir-as-meile-ir-gyvenimas-su-blogiausiu-pasaulyje-sunimi\/\" \/>\n<meta property=\"og:locale\" content=\"en_GB\" \/>\n<meta property=\"og:locale:alternate\" content=\"lt_LT\" \/>\n<meta property=\"og:type\" content=\"article\" \/>\n<meta property=\"og:title\" content=\"John Grogan \u201eMarlis ir a\u0161. Meil\u0117 ir gyvenimas su blogiausiu pasaulyje \u0161unimi&quot;\" \/>\n<meta property=\"og:description\" content=\"\u201e...noriu pad\u0117koti tam keturkojui savo bi\u010diuliui, kuris buvo tikra rak\u0161tis subin\u0117j, bet be kurio neb\u016bt\u0173 para\u0161yta \u0161i knyga. Manau, jis b\u016bt\u0173 laimingas\" \/>\n<meta property=\"og:url\" content=\"https:\/\/skaitytaknyga.lt\/en\/produktas\/john-grogan-marlis-ir-as-meile-ir-gyvenimas-su-blogiausiu-pasaulyje-sunimi\/\" \/>\n<meta property=\"og:site_name\" content=\"Skaitytaknyga\" \/>\n<meta property=\"article:publisher\" content=\"https:\/\/www.facebook.com\/skaitytaknyga\/\" \/>\n<meta property=\"article:modified_time\" content=\"2026-03-18T10:55:01+00:00\" \/>\n<meta property=\"og:image\" content=\"https:\/\/skaitytaknyga.lt\/wp-content\/uploads\/2024\/04\/1462874094_marlis-ir-as.jpg\" \/>\n\t<meta property=\"og:image:width\" content=\"283\" \/>\n\t<meta property=\"og:image:height\" content=\"430\" \/>\n\t<meta property=\"og:image:type\" content=\"image\/jpeg\" \/>\n<meta name=\"twitter:card\" content=\"summary_large_image\" \/>\n<meta name=\"twitter:label1\" content=\"Estimated reading time\" \/>\n\t<meta name=\"twitter:data1\" content=\"1 minute\" \/>\n<script type=\"application\/ld+json\" class=\"yoast-schema-graph\">{\"@context\":\"https:\/\/schema.org\",\"@graph\":[{\"@type\":\"WebPage\",\"@id\":\"https:\/\/skaitytaknyga.lt\/produktas\/john-grogan-marlis-ir-as-meile-ir-gyvenimas-su-blogiausiu-pasaulyje-sunimi\/\",\"url\":\"https:\/\/skaitytaknyga.lt\/produktas\/john-grogan-marlis-ir-as-meile-ir-gyvenimas-su-blogiausiu-pasaulyje-sunimi\/\",\"name\":\"John Grogan \u201eMarlis ir a\u0161. Meil\u0117 ir gyvenimas su blogiausiu pasaulyje \u0161unimi\\\"\",\"isPartOf\":{\"@id\":\"https:\/\/skaitytaknyga.lt\/#website\"},\"primaryImageOfPage\":{\"@id\":\"https:\/\/skaitytaknyga.lt\/produktas\/john-grogan-marlis-ir-as-meile-ir-gyvenimas-su-blogiausiu-pasaulyje-sunimi\/#primaryimage\"},\"image\":{\"@id\":\"https:\/\/skaitytaknyga.lt\/produktas\/john-grogan-marlis-ir-as-meile-ir-gyvenimas-su-blogiausiu-pasaulyje-sunimi\/#primaryimage\"},\"thumbnailUrl\":\"https:\/\/skaitytaknyga.lt\/wp-content\/uploads\/2024\/04\/1462874094_marlis-ir-as.jpg\",\"datePublished\":\"2024-04-17T13:14:17+00:00\",\"dateModified\":\"2026-03-18T10:55:01+00:00\",\"description\":\"\u201e...noriu pad\u0117koti tam keturkojui savo bi\u010diuliui, kuris buvo tikra rak\u0161tis subin\u0117j, bet be kurio neb\u016bt\u0173 para\u0161yta \u0161i knyga. Manau, jis b\u016bt\u0173 laimingas\",\"breadcrumb\":{\"@id\":\"https:\/\/skaitytaknyga.lt\/produktas\/john-grogan-marlis-ir-as-meile-ir-gyvenimas-su-blogiausiu-pasaulyje-sunimi\/#breadcrumb\"},\"inLanguage\":\"en-GB\",\"potentialAction\":[{\"@type\":\"ReadAction\",\"target\":[\"https:\/\/skaitytaknyga.lt\/produktas\/john-grogan-marlis-ir-as-meile-ir-gyvenimas-su-blogiausiu-pasaulyje-sunimi\/\"]}]},{\"@type\":\"ImageObject\",\"inLanguage\":\"en-GB\",\"@id\":\"https:\/\/skaitytaknyga.lt\/produktas\/john-grogan-marlis-ir-as-meile-ir-gyvenimas-su-blogiausiu-pasaulyje-sunimi\/#primaryimage\",\"url\":\"https:\/\/skaitytaknyga.lt\/wp-content\/uploads\/2024\/04\/1462874094_marlis-ir-as.jpg\",\"contentUrl\":\"https:\/\/skaitytaknyga.lt\/wp-content\/uploads\/2024\/04\/1462874094_marlis-ir-as.jpg\",\"width\":283,\"height\":430,\"caption\":\"1462874094 marlis ir as\"},{\"@type\":\"BreadcrumbList\",\"@id\":\"https:\/\/skaitytaknyga.lt\/produktas\/john-grogan-marlis-ir-as-meile-ir-gyvenimas-su-blogiausiu-pasaulyje-sunimi\/#breadcrumb\",\"itemListElement\":[{\"@type\":\"ListItem\",\"position\":1,\"name\":\"Home\",\"item\":\"https:\/\/skaitytaknyga.lt\/\"},{\"@type\":\"ListItem\",\"position\":2,\"name\":\"Parduotuv\u0117\",\"item\":\"https:\/\/skaitytaknyga.lt\/knygu-parduotuve\/\"},{\"@type\":\"ListItem\",\"position\":3,\"name\":\"John Grogan \u201eMarlis ir a\u0161. Meil\u0117 ir gyvenimas su blogiausiu pasaulyje \u0161unimi&#8221;\"}]},{\"@type\":\"WebSite\",\"@id\":\"https:\/\/skaitytaknyga.lt\/#website\",\"url\":\"https:\/\/skaitytaknyga.lt\/\",\"name\":\"skaitytaknyga.lt\",\"description\":\"Skaitytaknyga.lt \u2013 tai ma\u017eas \u0161eimos verslas, kuris prasid\u0117jo nuo meil\u0117s knygoms ir siekio i\u0161gelb\u0117ti knygas nuo likimo prie konteinerio. Kas vienam nereikalingas daiktas \u2013 kitam lobis, o mes esame tarpininkai, kurie padeda abiems tapti laimingesniems ???? \u017dinome kaip nelengva i\u0161gyventi ma\u017eiems verslams, tad nuo \u0161iol, \u010dia rasite ir kit\u0173, ma\u017e\u0173 \u0161eim\u0173 versl\u0173, rank\u0173 darbo, dovan\u0173 sau ir artimiesiems.\",\"publisher\":{\"@id\":\"https:\/\/skaitytaknyga.lt\/#organization\"},\"potentialAction\":[{\"@type\":\"SearchAction\",\"target\":{\"@type\":\"EntryPoint\",\"urlTemplate\":\"https:\/\/skaitytaknyga.lt\/?s={search_term_string}\"},\"query-input\":{\"@type\":\"PropertyValueSpecification\",\"valueRequired\":true,\"valueName\":\"search_term_string\"}}],\"inLanguage\":\"en-GB\"},{\"@type\":\"Organization\",\"@id\":\"https:\/\/skaitytaknyga.lt\/#organization\",\"name\":\"skaitytaknyga.lt\",\"url\":\"https:\/\/skaitytaknyga.lt\/\",\"logo\":{\"@type\":\"ImageObject\",\"inLanguage\":\"en-GB\",\"@id\":\"https:\/\/skaitytaknyga.lt\/#\/schema\/logo\/image\/\",\"url\":\"https:\/\/skaitytaknyga.lt\/wp-content\/uploads\/2024\/05\/cropped-cropped-cropped-02_00843_jt3bggkj1j3HLc7SyY6rEUpg.jpeg\",\"contentUrl\":\"https:\/\/skaitytaknyga.lt\/wp-content\/uploads\/2024\/05\/cropped-cropped-cropped-02_00843_jt3bggkj1j3HLc7SyY6rEUpg.jpeg\",\"width\":1600,\"height\":1600,\"caption\":\"skaitytaknyga.lt\"},\"image\":{\"@id\":\"https:\/\/skaitytaknyga.lt\/#\/schema\/logo\/image\/\"},\"sameAs\":[\"https:\/\/www.facebook.com\/skaitytaknyga\/\"]}]}<\/script>\n<!-- \/ Yoast SEO plugin. -->","yoast_head_json":{"title":"John Grogan \u201eMarlis ir a\u0161. Meil\u0117 ir gyvenimas su blogiausiu pasaulyje \u0161unimi\"","description":"\u201e...noriu pad\u0117koti tam keturkojui savo bi\u010diuliui, kuris buvo tikra rak\u0161tis subin\u0117j, bet be kurio neb\u016bt\u0173 para\u0161yta \u0161i knyga. Manau, jis b\u016bt\u0173 laimingas","robots":{"index":"index","follow":"follow","max-snippet":"max-snippet:-1","max-image-preview":"max-image-preview:large","max-video-preview":"max-video-preview:-1"},"canonical":"https:\/\/skaitytaknyga.lt\/en\/produktas\/john-grogan-marlis-ir-as-meile-ir-gyvenimas-su-blogiausiu-pasaulyje-sunimi\/","og_locale":"en_GB","og_type":"article","og_title":"[:lt]John Grogan \u201eMarlis ir a\u0161. Meil\u0117 ir gyvenimas su blogiausiu pasaulyje \u0161unimi\"[:] - Skaitytaknyga","og_description":"\u201e...noriu pad\u0117koti tam keturkojui savo bi\u010diuliui, kuris buvo tikra rak\u0161tis subin\u0117j, bet be kurio neb\u016bt\u0173 para\u0161yta \u0161i knyga. Manau, jis b\u016bt\u0173 laimingas","og_url":"https:\/\/skaitytaknyga.lt\/en\/produktas\/john-grogan-marlis-ir-as-meile-ir-gyvenimas-su-blogiausiu-pasaulyje-sunimi\/","og_site_name":"Skaitytaknyga","article_publisher":"https:\/\/www.facebook.com\/skaitytaknyga\/","article_modified_time":"2026-03-18T10:55:01+00:00","og_image":[{"width":283,"height":430,"url":"https:\/\/skaitytaknyga.lt\/wp-content\/uploads\/2024\/04\/1462874094_marlis-ir-as.jpg","type":"image\/jpeg"}],"twitter_card":"summary_large_image","twitter_misc":{"Estimated reading time":"1 minute"},"schema":{"@context":"https:\/\/schema.org","@graph":[{"@type":"WebPage","@id":"https:\/\/skaitytaknyga.lt\/produktas\/john-grogan-marlis-ir-as-meile-ir-gyvenimas-su-blogiausiu-pasaulyje-sunimi\/","url":"https:\/\/skaitytaknyga.lt\/produktas\/john-grogan-marlis-ir-as-meile-ir-gyvenimas-su-blogiausiu-pasaulyje-sunimi\/","name":"John Grogan \u201eMarlis ir a\u0161. Meil\u0117 ir gyvenimas su blogiausiu pasaulyje \u0161unimi\"","isPartOf":{"@id":"https:\/\/skaitytaknyga.lt\/#website"},"primaryImageOfPage":{"@id":"https:\/\/skaitytaknyga.lt\/produktas\/john-grogan-marlis-ir-as-meile-ir-gyvenimas-su-blogiausiu-pasaulyje-sunimi\/#primaryimage"},"image":{"@id":"https:\/\/skaitytaknyga.lt\/produktas\/john-grogan-marlis-ir-as-meile-ir-gyvenimas-su-blogiausiu-pasaulyje-sunimi\/#primaryimage"},"thumbnailUrl":"https:\/\/skaitytaknyga.lt\/wp-content\/uploads\/2024\/04\/1462874094_marlis-ir-as.jpg","datePublished":"2024-04-17T13:14:17+00:00","dateModified":"2026-03-18T10:55:01+00:00","description":"\u201e...noriu pad\u0117koti tam keturkojui savo bi\u010diuliui, kuris buvo tikra rak\u0161tis subin\u0117j, bet be kurio neb\u016bt\u0173 para\u0161yta \u0161i knyga. Manau, jis b\u016bt\u0173 laimingas","breadcrumb":{"@id":"https:\/\/skaitytaknyga.lt\/produktas\/john-grogan-marlis-ir-as-meile-ir-gyvenimas-su-blogiausiu-pasaulyje-sunimi\/#breadcrumb"},"inLanguage":"en-GB","potentialAction":[{"@type":"ReadAction","target":["https:\/\/skaitytaknyga.lt\/produktas\/john-grogan-marlis-ir-as-meile-ir-gyvenimas-su-blogiausiu-pasaulyje-sunimi\/"]}]},{"@type":"ImageObject","inLanguage":"en-GB","@id":"https:\/\/skaitytaknyga.lt\/produktas\/john-grogan-marlis-ir-as-meile-ir-gyvenimas-su-blogiausiu-pasaulyje-sunimi\/#primaryimage","url":"https:\/\/skaitytaknyga.lt\/wp-content\/uploads\/2024\/04\/1462874094_marlis-ir-as.jpg","contentUrl":"https:\/\/skaitytaknyga.lt\/wp-content\/uploads\/2024\/04\/1462874094_marlis-ir-as.jpg","width":283,"height":430,"caption":"1462874094 marlis ir as"},{"@type":"BreadcrumbList","@id":"https:\/\/skaitytaknyga.lt\/produktas\/john-grogan-marlis-ir-as-meile-ir-gyvenimas-su-blogiausiu-pasaulyje-sunimi\/#breadcrumb","itemListElement":[{"@type":"ListItem","position":1,"name":"Home","item":"https:\/\/skaitytaknyga.lt\/"},{"@type":"ListItem","position":2,"name":"Parduotuv\u0117","item":"https:\/\/skaitytaknyga.lt\/knygu-parduotuve\/"},{"@type":"ListItem","position":3,"name":"John Grogan \u201eMarlis ir a\u0161. Meil\u0117 ir gyvenimas su blogiausiu pasaulyje \u0161unimi&#8221;"}]},{"@type":"WebSite","@id":"https:\/\/skaitytaknyga.lt\/#website","url":"https:\/\/skaitytaknyga.lt\/","name":"skaitytaknyga.lt","description":"Skaitytaknyga.lt \u2013 tai ma\u017eas \u0161eimos verslas, kuris prasid\u0117jo nuo meil\u0117s knygoms ir siekio i\u0161gelb\u0117ti knygas nuo likimo prie konteinerio. Kas vienam nereikalingas daiktas \u2013 kitam lobis, o mes esame tarpininkai, kurie padeda abiems tapti laimingesniems ???? \u017dinome kaip nelengva i\u0161gyventi ma\u017eiems verslams, tad nuo \u0161iol, \u010dia rasite ir kit\u0173, ma\u017e\u0173 \u0161eim\u0173 versl\u0173, rank\u0173 darbo, dovan\u0173 sau ir artimiesiems.","publisher":{"@id":"https:\/\/skaitytaknyga.lt\/#organization"},"potentialAction":[{"@type":"SearchAction","target":{"@type":"EntryPoint","urlTemplate":"https:\/\/skaitytaknyga.lt\/?s={search_term_string}"},"query-input":{"@type":"PropertyValueSpecification","valueRequired":true,"valueName":"search_term_string"}}],"inLanguage":"en-GB"},{"@type":"Organization","@id":"https:\/\/skaitytaknyga.lt\/#organization","name":"skaitytaknyga.lt","url":"https:\/\/skaitytaknyga.lt\/","logo":{"@type":"ImageObject","inLanguage":"en-GB","@id":"https:\/\/skaitytaknyga.lt\/#\/schema\/logo\/image\/","url":"https:\/\/skaitytaknyga.lt\/wp-content\/uploads\/2024\/05\/cropped-cropped-cropped-02_00843_jt3bggkj1j3HLc7SyY6rEUpg.jpeg","contentUrl":"https:\/\/skaitytaknyga.lt\/wp-content\/uploads\/2024\/05\/cropped-cropped-cropped-02_00843_jt3bggkj1j3HLc7SyY6rEUpg.jpeg","width":1600,"height":1600,"caption":"skaitytaknyga.lt"},"image":{"@id":"https:\/\/skaitytaknyga.lt\/#\/schema\/logo\/image\/"},"sameAs":["https:\/\/www.facebook.com\/skaitytaknyga\/"]}]}},"_links":{"self":[{"href":"https:\/\/skaitytaknyga.lt\/en\/wp-json\/wp\/v2\/product\/2498","targetHints":{"allow":["GET"]}}],"collection":[{"href":"https:\/\/skaitytaknyga.lt\/en\/wp-json\/wp\/v2\/product"}],"about":[{"href":"https:\/\/skaitytaknyga.lt\/en\/wp-json\/wp\/v2\/types\/product"}],"replies":[{"embeddable":true,"href":"https:\/\/skaitytaknyga.lt\/en\/wp-json\/wp\/v2\/comments?post=2498"}],"wp:featuredmedia":[{"embeddable":true,"href":"https:\/\/skaitytaknyga.lt\/en\/wp-json\/wp\/v2\/media\/2543"}],"wp:attachment":[{"href":"https:\/\/skaitytaknyga.lt\/en\/wp-json\/wp\/v2\/media?parent=2498"}],"wp:term":[{"taxonomy":"product_brand","embeddable":true,"href":"https:\/\/skaitytaknyga.lt\/en\/wp-json\/wp\/v2\/product_brand?post=2498"},{"taxonomy":"product_cat","embeddable":true,"href":"https:\/\/skaitytaknyga.lt\/en\/wp-json\/wp\/v2\/product_cat?post=2498"},{"taxonomy":"product_tag","embeddable":true,"href":"https:\/\/skaitytaknyga.lt\/en\/wp-json\/wp\/v2\/product_tag?post=2498"}],"curies":[{"name":"wp","href":"https:\/\/api.w.org\/{rel}","templated":true}]}}