{"id":24975,"date":"2026-03-18T10:11:02","date_gmt":"2026-03-18T08:11:02","guid":{"rendered":"https:\/\/skaitytaknyga.lt\/?post_type=product&#038;p=24975"},"modified":"2026-03-18T12:25:44","modified_gmt":"2026-03-18T10:25:44","slug":"isivaizduojamybe","status":"publish","type":"product","link":"https:\/\/skaitytaknyga.lt\/en\/produktas\/isivaizduojamybe\/","title":{"rendered":"\u012esivaizduojamyb\u0117"},"content":{"rendered":"<p>\u0160i knyga nagrin\u0117ja nauj\u0173j\u0173 technologij\u0173, virtuali\u0173j\u0173 realybi\u0173, televizijos, kino, fotografijos, teatro, dail\u0117s ir \u0161iuolaikinio meno kontekstus, kuriuose atsiskleid\u017eia \u012fvairialypis \u012fsivaizduojamyb\u0117s ir vaizduot\u0117s santykis.<\/p>\n<p>\u201e\u012esivaizduojamyb\u0117 i\u0161rei\u0161kia \u0161i\u0105 tarpin\u0119 virtuali\u0105 dimensij\u0105, kuri negali b\u016bti pavadinta nei grie\u017etai vidine, nei iki galo i\u0161orine ir kurios pagrindu gyvuoja bet koks vaizd\u0173 pasaulis \u2013 tiek tai, k\u0105 vadiname mentaliniais dariniais, tiek tai, k\u0105 suvokiame kaip objektyviai egzistuojan\u010dias vizualizacijas. Tre\u010dioji, \u012fsivaizduojamyb\u0117s, dimensija yra a\u0161tuonioliktasis Nasredino kupranugaris, kuris turi real\u0173 k\u016bn\u0105, bet, iki galo nepriklausydamas apibr\u0117\u017etai realyb\u0117s sistemai, \u012fsiver\u017eia \u012f j\u0105 kaip vyksmus ir procesus organizuojanti j\u0117ga, performatyvusis prie\u017eastinio ry\u0161io korektorius, iracionalioji paklaida, \u012fsikurianti pa\u010dioje racionalumo \u0161erdyje\u201c. Kristupas Sabolius<\/p>\n","protected":false},"excerpt":{"rendered":"<p>\u0160i knyga nagrin\u0117ja nauj\u0173j\u0173 technologij\u0173, virtuali\u0173j\u0173 realybi\u0173, televizijos, kino, fotografijos, teatro, dail\u0117s ir \u0161iuolaikinio meno kontekstus, kuriuose atsiskleid\u017eia \u012fvairialypis \u012fsivaizduojamyb\u0117s ir vaizduot\u0117s santykis. \u201e\u012esivaizduojamyb\u0117 i\u0161rei\u0161kia \u0161i\u0105 tarpin\u0119 virtuali\u0105 dimensij\u0105, kuri negali b\u016bti pavadinta nei grie\u017etai vidine, nei iki galo i\u0161orine ir kurios pagrindu gyvuoja bet koks vaizd\u0173 pasaulis \u2013 tiek tai, k\u0105 vadiname mentaliniais dariniais, tiek tai, k\u0105 suvokiame kaip objektyviai egzistuojan\u010dias vizualizacijas. Tre\u010dioji, \u012fsivaizduojamyb\u0117s, dimensija yra a\u0161tuonioliktasis Nasredino kupranugaris, kuris turi real\u0173 k\u016bn\u0105, bet, iki galo nepriklausydamas apibr\u0117\u017etai realyb\u0117s sistemai, \u012fsiver\u017eia \u012f j\u0105 kaip vyksmus ir procesus organizuojanti j\u0117ga, performatyvusis prie\u017eastinio ry\u0161io korektorius, iracionalioji paklaida, \u012fsikurianti pa\u010dioje racionalumo \u0161erdyje\u201c. Kristupas Sabolius<\/p>\n","protected":false},"featured_media":24980,"comment_status":"open","ping_status":"closed","template":"","meta":{"_acf_changed":false,"site-sidebar-layout":"default","site-content-layout":"","ast-site-content-layout":"default","site-content-style":"default","site-sidebar-style":"default","ast-global-header-display":"","ast-banner-title-visibility":"","ast-main-header-display":"","ast-hfb-above-header-display":"","ast-hfb-below-header-display":"","ast-hfb-mobile-header-display":"","site-post-title":"","ast-breadcrumbs-content":"","ast-featured-img":"","footer-sml-layout":"","ast-disable-related-posts":"","theme-transparent-header-meta":"","adv-header-id-meta":"","stick-header-meta":"","header-above-stick-meta":"","header-main-stick-meta":"","header-below-stick-meta":"","astra-migrate-meta-layouts":"default","ast-page-background-enabled":"default","ast-page-background-meta":{"desktop":{"background-color":"","background-image":"","background-repeat":"repeat","background-position":"center center","background-size":"auto","background-attachment":"scroll","background-type":"","background-media":"","overlay-type":"","overlay-color":"","overlay-opacity":"","overlay-gradient":""},"tablet":{"background-color":"","background-image":"","background-repeat":"repeat","background-position":"center center","background-size":"auto","background-attachment":"scroll","background-type":"","background-media":"","overlay-type":"","overlay-color":"","overlay-opacity":"","overlay-gradient":""},"mobile":{"background-color":"","background-image":"","background-repeat":"repeat","background-position":"center center","background-size":"auto","background-attachment":"scroll","background-type":"","background-media":"","overlay-type":"","overlay-color":"","overlay-opacity":"","overlay-gradient":""}},"ast-content-background-meta":{"desktop":{"background-color":"var(--ast-global-color-4)","background-image":"","background-repeat":"repeat","background-position":"center center","background-size":"auto","background-attachment":"scroll","background-type":"","background-media":"","overlay-type":"","overlay-color":"","overlay-opacity":"","overlay-gradient":""},"tablet":{"background-color":"var(--ast-global-color-4)","background-image":"","background-repeat":"repeat","background-position":"center center","background-size":"auto","background-attachment":"scroll","background-type":"","background-media":"","overlay-type":"","overlay-color":"","overlay-opacity":"","overlay-gradient":""},"mobile":{"background-color":"var(--ast-global-color-4)","background-image":"","background-repeat":"repeat","background-position":"center center","background-size":"auto","background-attachment":"scroll","background-type":"","background-media":"","overlay-type":"","overlay-color":"","overlay-opacity":"","overlay-gradient":""}}},"product_brand":[],"product_cat":[9737,15],"product_tag":[],"class_list":{"0":"post-24975","1":"product","2":"type-product","3":"status-publish","4":"has-post-thumbnail","6":"product_cat-filosofija","7":"product_cat-uncategorized","8":"desktop-align-left","9":"tablet-align-left","10":"mobile-align-left","12":"first","13":"instock","14":"shipping-taxable","15":"purchasable","16":"product-type-simple"},"acf":[],"yoast_head":"<!-- This site is optimized with the Yoast SEO plugin v27.0 - https:\/\/yoast.com\/product\/yoast-seo-wordpress\/ -->\n<title>\u012esivaizduojamyb\u0117<\/title>\n<meta name=\"description\" content=\"\u0160i knyga nagrin\u0117ja nauj\u0173j\u0173 technologij\u0173, virtuali\u0173j\u0173 realybi\u0173, televizijos, kino, fotografijos, teatro, dail\u0117s ir \u0161iuolaikinio meno kontekstus, kuriuose\" \/>\n<meta name=\"robots\" content=\"index, follow, max-snippet:-1, max-image-preview:large, max-video-preview:-1\" \/>\n<link rel=\"canonical\" href=\"https:\/\/skaitytaknyga.lt\/en\/produktas\/isivaizduojamybe\/\" \/>\n<meta property=\"og:locale\" content=\"en_GB\" \/>\n<meta property=\"og:locale:alternate\" content=\"lt_LT\" \/>\n<meta property=\"og:type\" content=\"article\" \/>\n<meta property=\"og:title\" content=\"\u012esivaizduojamyb\u0117\" \/>\n<meta property=\"og:description\" content=\"\u0160i knyga nagrin\u0117ja nauj\u0173j\u0173 technologij\u0173, virtuali\u0173j\u0173 realybi\u0173, televizijos, kino, fotografijos, teatro, dail\u0117s ir \u0161iuolaikinio meno kontekstus, kuriuose\" \/>\n<meta property=\"og:url\" content=\"https:\/\/skaitytaknyga.lt\/en\/produktas\/isivaizduojamybe\/\" \/>\n<meta property=\"og:site_name\" content=\"Skaitytaknyga\" \/>\n<meta property=\"article:publisher\" content=\"https:\/\/www.facebook.com\/skaitytaknyga\/\" \/>\n<meta property=\"article:modified_time\" content=\"2026-03-18T10:25:44+00:00\" \/>\n<meta property=\"og:image\" content=\"https:\/\/skaitytaknyga.lt\/wp-content\/uploads\/2026\/03\/Isivaizduojamybe.webp\" \/>\n\t<meta property=\"og:image:width\" content=\"367\" \/>\n\t<meta property=\"og:image:height\" content=\"592\" \/>\n\t<meta property=\"og:image:type\" content=\"image\/webp\" \/>\n<meta name=\"twitter:card\" content=\"summary_large_image\" \/>\n<meta name=\"twitter:label1\" content=\"Estimated reading time\" \/>\n\t<meta name=\"twitter:data1\" content=\"1 minute\" \/>\n<script type=\"application\/ld+json\" class=\"yoast-schema-graph\">{\"@context\":\"https:\/\/schema.org\",\"@graph\":[{\"@type\":\"WebPage\",\"@id\":\"https:\/\/skaitytaknyga.lt\/produktas\/isivaizduojamybe\/\",\"url\":\"https:\/\/skaitytaknyga.lt\/produktas\/isivaizduojamybe\/\",\"name\":\"\u012esivaizduojamyb\u0117\",\"isPartOf\":{\"@id\":\"https:\/\/skaitytaknyga.lt\/#website\"},\"primaryImageOfPage\":{\"@id\":\"https:\/\/skaitytaknyga.lt\/produktas\/isivaizduojamybe\/#primaryimage\"},\"image\":{\"@id\":\"https:\/\/skaitytaknyga.lt\/produktas\/isivaizduojamybe\/#primaryimage\"},\"thumbnailUrl\":\"https:\/\/skaitytaknyga.lt\/wp-content\/uploads\/2026\/03\/Isivaizduojamybe.webp\",\"datePublished\":\"2026-03-18T08:11:02+00:00\",\"dateModified\":\"2026-03-18T10:25:44+00:00\",\"description\":\"\u0160i knyga nagrin\u0117ja nauj\u0173j\u0173 technologij\u0173, virtuali\u0173j\u0173 realybi\u0173, televizijos, kino, fotografijos, teatro, dail\u0117s ir \u0161iuolaikinio meno kontekstus, kuriuose\",\"breadcrumb\":{\"@id\":\"https:\/\/skaitytaknyga.lt\/produktas\/isivaizduojamybe\/#breadcrumb\"},\"inLanguage\":\"en-GB\",\"potentialAction\":[{\"@type\":\"ReadAction\",\"target\":[\"https:\/\/skaitytaknyga.lt\/produktas\/isivaizduojamybe\/\"]}]},{\"@type\":\"ImageObject\",\"inLanguage\":\"en-GB\",\"@id\":\"https:\/\/skaitytaknyga.lt\/produktas\/isivaizduojamybe\/#primaryimage\",\"url\":\"https:\/\/skaitytaknyga.lt\/wp-content\/uploads\/2026\/03\/Isivaizduojamybe.webp\",\"contentUrl\":\"https:\/\/skaitytaknyga.lt\/wp-content\/uploads\/2026\/03\/Isivaizduojamybe.webp\",\"width\":367,\"height\":592,\"caption\":\"\u012esivaizduojamyb\u0117\"},{\"@type\":\"BreadcrumbList\",\"@id\":\"https:\/\/skaitytaknyga.lt\/produktas\/isivaizduojamybe\/#breadcrumb\",\"itemListElement\":[{\"@type\":\"ListItem\",\"position\":1,\"name\":\"Home\",\"item\":\"https:\/\/skaitytaknyga.lt\/\"},{\"@type\":\"ListItem\",\"position\":2,\"name\":\"Parduotuv\u0117\",\"item\":\"https:\/\/skaitytaknyga.lt\/knygu-parduotuve\/\"},{\"@type\":\"ListItem\",\"position\":3,\"name\":\"\u012esivaizduojamyb\u0117\"}]},{\"@type\":\"WebSite\",\"@id\":\"https:\/\/skaitytaknyga.lt\/#website\",\"url\":\"https:\/\/skaitytaknyga.lt\/\",\"name\":\"skaitytaknyga.lt\",\"description\":\"Skaitytaknyga.lt \u2013 tai ma\u017eas \u0161eimos verslas, kuris prasid\u0117jo nuo meil\u0117s knygoms ir siekio i\u0161gelb\u0117ti knygas nuo likimo prie konteinerio. Kas vienam nereikalingas daiktas \u2013 kitam lobis, o mes esame tarpininkai, kurie padeda abiems tapti laimingesniems ???? \u017dinome kaip nelengva i\u0161gyventi ma\u017eiems verslams, tad nuo \u0161iol, \u010dia rasite ir kit\u0173, ma\u017e\u0173 \u0161eim\u0173 versl\u0173, rank\u0173 darbo, dovan\u0173 sau ir artimiesiems.\",\"publisher\":{\"@id\":\"https:\/\/skaitytaknyga.lt\/#organization\"},\"potentialAction\":[{\"@type\":\"SearchAction\",\"target\":{\"@type\":\"EntryPoint\",\"urlTemplate\":\"https:\/\/skaitytaknyga.lt\/?s={search_term_string}\"},\"query-input\":{\"@type\":\"PropertyValueSpecification\",\"valueRequired\":true,\"valueName\":\"search_term_string\"}}],\"inLanguage\":\"en-GB\"},{\"@type\":\"Organization\",\"@id\":\"https:\/\/skaitytaknyga.lt\/#organization\",\"name\":\"skaitytaknyga.lt\",\"url\":\"https:\/\/skaitytaknyga.lt\/\",\"logo\":{\"@type\":\"ImageObject\",\"inLanguage\":\"en-GB\",\"@id\":\"https:\/\/skaitytaknyga.lt\/#\/schema\/logo\/image\/\",\"url\":\"https:\/\/skaitytaknyga.lt\/wp-content\/uploads\/2024\/05\/cropped-cropped-cropped-02_00843_jt3bggkj1j3HLc7SyY6rEUpg.jpeg\",\"contentUrl\":\"https:\/\/skaitytaknyga.lt\/wp-content\/uploads\/2024\/05\/cropped-cropped-cropped-02_00843_jt3bggkj1j3HLc7SyY6rEUpg.jpeg\",\"width\":1600,\"height\":1600,\"caption\":\"skaitytaknyga.lt\"},\"image\":{\"@id\":\"https:\/\/skaitytaknyga.lt\/#\/schema\/logo\/image\/\"},\"sameAs\":[\"https:\/\/www.facebook.com\/skaitytaknyga\/\"]}]}<\/script>\n<!-- \/ Yoast SEO plugin. -->","yoast_head_json":{"title":"\u012esivaizduojamyb\u0117","description":"\u0160i knyga nagrin\u0117ja nauj\u0173j\u0173 technologij\u0173, virtuali\u0173j\u0173 realybi\u0173, televizijos, kino, fotografijos, teatro, dail\u0117s ir \u0161iuolaikinio meno kontekstus, kuriuose","robots":{"index":"index","follow":"follow","max-snippet":"max-snippet:-1","max-image-preview":"max-image-preview:large","max-video-preview":"max-video-preview:-1"},"canonical":"https:\/\/skaitytaknyga.lt\/en\/produktas\/isivaizduojamybe\/","og_locale":"en_GB","og_type":"article","og_title":"[:lt]\u012esivaizduojamyb\u0117[:] - Skaitytaknyga","og_description":"\u0160i knyga nagrin\u0117ja nauj\u0173j\u0173 technologij\u0173, virtuali\u0173j\u0173 realybi\u0173, televizijos, kino, fotografijos, teatro, dail\u0117s ir \u0161iuolaikinio meno kontekstus, kuriuose","og_url":"https:\/\/skaitytaknyga.lt\/en\/produktas\/isivaizduojamybe\/","og_site_name":"Skaitytaknyga","article_publisher":"https:\/\/www.facebook.com\/skaitytaknyga\/","article_modified_time":"2026-03-18T10:25:44+00:00","og_image":[{"width":367,"height":592,"url":"https:\/\/skaitytaknyga.lt\/wp-content\/uploads\/2026\/03\/Isivaizduojamybe.webp","type":"image\/webp"}],"twitter_card":"summary_large_image","twitter_misc":{"Estimated reading time":"1 minute"},"schema":{"@context":"https:\/\/schema.org","@graph":[{"@type":"WebPage","@id":"https:\/\/skaitytaknyga.lt\/produktas\/isivaizduojamybe\/","url":"https:\/\/skaitytaknyga.lt\/produktas\/isivaizduojamybe\/","name":"\u012esivaizduojamyb\u0117","isPartOf":{"@id":"https:\/\/skaitytaknyga.lt\/#website"},"primaryImageOfPage":{"@id":"https:\/\/skaitytaknyga.lt\/produktas\/isivaizduojamybe\/#primaryimage"},"image":{"@id":"https:\/\/skaitytaknyga.lt\/produktas\/isivaizduojamybe\/#primaryimage"},"thumbnailUrl":"https:\/\/skaitytaknyga.lt\/wp-content\/uploads\/2026\/03\/Isivaizduojamybe.webp","datePublished":"2026-03-18T08:11:02+00:00","dateModified":"2026-03-18T10:25:44+00:00","description":"\u0160i knyga nagrin\u0117ja nauj\u0173j\u0173 technologij\u0173, virtuali\u0173j\u0173 realybi\u0173, televizijos, kino, fotografijos, teatro, dail\u0117s ir \u0161iuolaikinio meno kontekstus, kuriuose","breadcrumb":{"@id":"https:\/\/skaitytaknyga.lt\/produktas\/isivaizduojamybe\/#breadcrumb"},"inLanguage":"en-GB","potentialAction":[{"@type":"ReadAction","target":["https:\/\/skaitytaknyga.lt\/produktas\/isivaizduojamybe\/"]}]},{"@type":"ImageObject","inLanguage":"en-GB","@id":"https:\/\/skaitytaknyga.lt\/produktas\/isivaizduojamybe\/#primaryimage","url":"https:\/\/skaitytaknyga.lt\/wp-content\/uploads\/2026\/03\/Isivaizduojamybe.webp","contentUrl":"https:\/\/skaitytaknyga.lt\/wp-content\/uploads\/2026\/03\/Isivaizduojamybe.webp","width":367,"height":592,"caption":"\u012esivaizduojamyb\u0117"},{"@type":"BreadcrumbList","@id":"https:\/\/skaitytaknyga.lt\/produktas\/isivaizduojamybe\/#breadcrumb","itemListElement":[{"@type":"ListItem","position":1,"name":"Home","item":"https:\/\/skaitytaknyga.lt\/"},{"@type":"ListItem","position":2,"name":"Parduotuv\u0117","item":"https:\/\/skaitytaknyga.lt\/knygu-parduotuve\/"},{"@type":"ListItem","position":3,"name":"\u012esivaizduojamyb\u0117"}]},{"@type":"WebSite","@id":"https:\/\/skaitytaknyga.lt\/#website","url":"https:\/\/skaitytaknyga.lt\/","name":"skaitytaknyga.lt","description":"Skaitytaknyga.lt \u2013 tai ma\u017eas \u0161eimos verslas, kuris prasid\u0117jo nuo meil\u0117s knygoms ir siekio i\u0161gelb\u0117ti knygas nuo likimo prie konteinerio. Kas vienam nereikalingas daiktas \u2013 kitam lobis, o mes esame tarpininkai, kurie padeda abiems tapti laimingesniems ???? \u017dinome kaip nelengva i\u0161gyventi ma\u017eiems verslams, tad nuo \u0161iol, \u010dia rasite ir kit\u0173, ma\u017e\u0173 \u0161eim\u0173 versl\u0173, rank\u0173 darbo, dovan\u0173 sau ir artimiesiems.","publisher":{"@id":"https:\/\/skaitytaknyga.lt\/#organization"},"potentialAction":[{"@type":"SearchAction","target":{"@type":"EntryPoint","urlTemplate":"https:\/\/skaitytaknyga.lt\/?s={search_term_string}"},"query-input":{"@type":"PropertyValueSpecification","valueRequired":true,"valueName":"search_term_string"}}],"inLanguage":"en-GB"},{"@type":"Organization","@id":"https:\/\/skaitytaknyga.lt\/#organization","name":"skaitytaknyga.lt","url":"https:\/\/skaitytaknyga.lt\/","logo":{"@type":"ImageObject","inLanguage":"en-GB","@id":"https:\/\/skaitytaknyga.lt\/#\/schema\/logo\/image\/","url":"https:\/\/skaitytaknyga.lt\/wp-content\/uploads\/2024\/05\/cropped-cropped-cropped-02_00843_jt3bggkj1j3HLc7SyY6rEUpg.jpeg","contentUrl":"https:\/\/skaitytaknyga.lt\/wp-content\/uploads\/2024\/05\/cropped-cropped-cropped-02_00843_jt3bggkj1j3HLc7SyY6rEUpg.jpeg","width":1600,"height":1600,"caption":"skaitytaknyga.lt"},"image":{"@id":"https:\/\/skaitytaknyga.lt\/#\/schema\/logo\/image\/"},"sameAs":["https:\/\/www.facebook.com\/skaitytaknyga\/"]}]}},"_links":{"self":[{"href":"https:\/\/skaitytaknyga.lt\/en\/wp-json\/wp\/v2\/product\/24975","targetHints":{"allow":["GET"]}}],"collection":[{"href":"https:\/\/skaitytaknyga.lt\/en\/wp-json\/wp\/v2\/product"}],"about":[{"href":"https:\/\/skaitytaknyga.lt\/en\/wp-json\/wp\/v2\/types\/product"}],"replies":[{"embeddable":true,"href":"https:\/\/skaitytaknyga.lt\/en\/wp-json\/wp\/v2\/comments?post=24975"}],"wp:featuredmedia":[{"embeddable":true,"href":"https:\/\/skaitytaknyga.lt\/en\/wp-json\/wp\/v2\/media\/24980"}],"wp:attachment":[{"href":"https:\/\/skaitytaknyga.lt\/en\/wp-json\/wp\/v2\/media?parent=24975"}],"wp:term":[{"taxonomy":"product_brand","embeddable":true,"href":"https:\/\/skaitytaknyga.lt\/en\/wp-json\/wp\/v2\/product_brand?post=24975"},{"taxonomy":"product_cat","embeddable":true,"href":"https:\/\/skaitytaknyga.lt\/en\/wp-json\/wp\/v2\/product_cat?post=24975"},{"taxonomy":"product_tag","embeddable":true,"href":"https:\/\/skaitytaknyga.lt\/en\/wp-json\/wp\/v2\/product_tag?post=24975"}],"curies":[{"name":"wp","href":"https:\/\/api.w.org\/{rel}","templated":true}]}}