{"id":24972,"date":"2026-03-18T10:11:02","date_gmt":"2026-03-18T08:11:02","guid":{"rendered":"https:\/\/skaitytaknyga.lt\/?post_type=product&#038;p=24972"},"modified":"2026-03-18T10:27:49","modified_gmt":"2026-03-18T08:27:49","slug":"ar-tai-menas-150-modernaus-meno-istorijos-metu","status":"publish","type":"product","link":"https:\/\/skaitytaknyga.lt\/en\/produktas\/ar-tai-menas-150-modernaus-meno-istorijos-metu\/","title":{"rendered":"Ar tai menas? 150 modernaus meno istorijos met\u0173"},"content":{"rendered":"<p>\u201eAr tai menas?\u201c \u2013 naujovi\u0161ka, provokuojanti ir kartu paprasta knyga. Joje braunamasi per pretenzingo meno \u017eargono br\u016bzgynus ir i\u0161keliami visi svarbiausi klausimai, kuri\u0173 j\u016bs nedr\u012fsote u\u017eduoti. Perskai\u010dius j\u0105, kit\u0105 kart\u0105 lankytis galerijoje ar muziejuje jums bus \u0161iek tiek dr\u0105siau ir kur kas \u012fdomiau.<\/p>\n<p>Kas yra modernusis menas?<br \/>\nKod\u0117l j\u012f m\u0117gstame arba jo neken\u010diame?<br \/>\nIr kod\u0117l jis vertas velni\u0161k\u0173 pinig\u0173?<\/p>\n<p>Su Williu Gompertzu, tikriausiai pirmuoju pasaulyje meno istoriku komiku, leiskit\u0117s \u012f nuostabi\u0105 kelion\u0119, visam laikui pakeisian\u010di\u0105 j\u016bs\u0173 po\u017ei\u016br\u012f \u012f modern\u0173j\u012f men\u0105. Nuo Monet vandens lelij\u0173 iki van Gogho saul\u0117gra\u017e\u0173, nuo Warholo sriubos skardini\u0173 iki Hirsto&#8230; u\u017ekonservuoto ryklio \u2013 su\u017einokite u\u017e \u0161edevr\u0173 slypin\u010dias istorijas, susipa\u017einkite su menininkais, \u2013 tokiais, kokie jie i\u0161 tikr\u0173j\u0173 buvo, \u2013 ir atraskite tikr\u0105j\u0105 modernaus meno magij\u0105. J\u016bs su\u017einosite, kad&#8230;<\/p>\n<p>\u2022 Konceptualusis menas i\u0161 tikr\u0173j\u0173 n\u0117ra \u0161lam\u0161tas<br \/>\n\u2022 Picasso yra genijus (bet C\u00e9zanne&#8217;as galb\u016bt geresnis)<br \/>\n\u2022 Pollockas \u2013 ne koks nors skystablauzdis<br \/>\n\u2022 Kubizme n\u0117ra kub\u0173<br \/>\n\u2022 Pisuaras pakeit\u0117 meno raid\u0105<br \/>\n\u2022 J\u016bs\u0173 penkiametis vaikas to tikrai negal\u0117t\u0173 padaryti<\/p>\n<p>\u201eMano nuomone, norint \u012fvertinti modern\u0173j\u012f ir \u0161iuolaikin\u012f men\u0105 ir juo g\u0117r\u0117tis, geriausia prad\u0117ti ne nuo klausimo, ar jis yra geras ar blogas, bet nuo supratimo, kaip jis vyst\u0117si \u2013 nuo klasikinio Leonardo iki \u0161iandienini\u0173 konservuot\u0173 rykli\u0173 ir nepaklot\u0173 lov\u0173. Kaip ir dauguma tariamai nesuvokiam\u0173 tem\u0173, menas pana\u0161us \u012f \u017eaidim\u0105; i\u0161 tikr\u0173j\u0173 tereikia \u017einoti pagrindines taisykles ir nuostatus, kad tame, kas anks\u010diau glumino, imtum \u012f\u017ei\u016br\u0117ti \u0161ioki\u0105 toki\u0105 prasm\u0119. Ir nors da\u017enai manoma, kad modernaus meno pasaulyje konceptualusis menas u\u017eima toki\u0105 pat viet\u0105 kaip nuo\u0161al\u0117s taisykl\u0117 futbole, \u2013 kad tai yra dalykas, kuris \u0161iek tiek netelpa \u017emon\u0117ms \u012f galv\u0105 ir kurio negali paai\u0161kinti prie kavos puodelio, \u2013 ta\u010diau jis yra netik\u0117tai paprastas.<\/p>\n<p>Visk\u0105, k\u0105 jums reikia \u017einoti, kad susigaudytum\u0117te pagrinduose, rasite \u0161ioje modernaus meno istorijoje, apr\u0117pian\u010dioje daugiau kaip 150 met\u0173. Per \u0161\u012f laikotarp\u012f menas pad\u0117jo pakeisti pasaul\u012f, o pasaulis \u2013 men\u0105. Kiekvienas jud\u0117jimas, kiekvienas \u201e-izmas&#8221; painiai susij\u0119s su kitais, vienas atveda prie kito lyg prie kitos grandin\u0117s grandies. Ta\u010diau kiekvienas turi savit\u0105 po\u017ei\u016br\u012f, jam b\u016bding\u0105 stili\u0173 ir menin\u0117s k\u016brybos b\u016bd\u0105, nes juose atsiskleid\u017eia labai \u012fvairios jiems \u012ftak\u0105 padariusios menin\u0117s, visuomenin\u0117s ir technologin\u0117s aplinkyb\u0117s.&#8221;<\/p>\n<p>Willis Gompertzas yra BBC meno redaktorius, septynerius metus buv\u0119s vienu i\u0161 Tate galerijos direktori\u0173. Jis ypa\u010d domisi moderniuoju menu ir yra apie menus ra\u0161\u0119s laikra\u0161\u010diams The Times ir Guardian, taip pat BBC. 2009-aisiais jis suk\u016br\u0117 ir Edinburgo festivalyje vienas atliko nepaprasto susidom\u0117jimo susilaukus\u012f komi\u0161k\u0105 pasirodym\u0105 moderniojo meno tema. Neseniai Niujorko \u017eurnalas Creativity i\u0161rinko j\u012f vienu i\u0161 penkiasde\u0161imties k\u016brybi\u0161kiausiai m\u0105stan\u010di\u0173 \u017emoni\u0173 pasaulyje.<\/p>\n","protected":false},"excerpt":{"rendered":"<p>\u201eAr tai menas?\u201c \u2013 naujovi\u0161ka, provokuojanti ir kartu paprasta knyga. Joje braunamasi per pretenzingo meno \u017eargono br\u016bzgynus ir i\u0161keliami visi svarbiausi klausimai, kuri\u0173 j\u016bs nedr\u012fsote u\u017eduoti. Perskai\u010dius j\u0105, kit\u0105 kart\u0105 lankytis galerijoje ar muziejuje jums bus \u0161iek tiek dr\u0105siau ir kur kas \u012fdomiau. Kas yra modernusis menas? Kod\u0117l j\u012f m\u0117gstame arba jo neken\u010diame? Ir kod\u0117l jis vertas velni\u0161k\u0173 pinig\u0173? Su Williu Gompertzu, tikriausiai pirmuoju pasaulyje meno istoriku komiku, leiskit\u0117s \u012f nuostabi\u0105 kelion\u0119, visam laikui pakeisian\u010di\u0105 j\u016bs\u0173 po\u017ei\u016br\u012f \u012f modern\u0173j\u012f men\u0105. Nuo Monet vandens lelij\u0173 iki van Gogho saul\u0117gra\u017e\u0173, nuo Warholo sriubos skardini\u0173 iki Hirsto&#8230; u\u017ekonservuoto ryklio \u2013 su\u017einokite u\u017e \u0161edevr\u0173 slypin\u010dias istorijas, susipa\u017einkite su menininkais, \u2013 tokiais, kokie jie i\u0161 tikr\u0173j\u0173 buvo, \u2013 ir atraskite tikr\u0105j\u0105 modernaus meno magij\u0105. J\u016bs su\u017einosite, kad&#8230; \u2022 Konceptualusis menas i\u0161 tikr\u0173j\u0173 n\u0117ra \u0161lam\u0161tas \u2022 Picasso yra genijus (bet C\u00e9zanne&#8217;as galb\u016bt geresnis) \u2022 Pollockas \u2013 ne koks nors skystablauzdis \u2022 Kubizme n\u0117ra kub\u0173 \u2022 Pisuaras pakeit\u0117 meno raid\u0105 \u2022 J\u016bs\u0173 penkiametis vaikas to tikrai negal\u0117t\u0173 padaryti \u201eMano nuomone, norint \u012fvertinti modern\u0173j\u012f ir \u0161iuolaikin\u012f men\u0105 ir juo g\u0117r\u0117tis, geriausia prad\u0117ti ne nuo klausimo, ar jis yra geras ar blogas, bet nuo supratimo, kaip jis vyst\u0117si \u2013 nuo klasikinio Leonardo iki \u0161iandienini\u0173 konservuot\u0173 rykli\u0173 ir nepaklot\u0173 lov\u0173. Kaip ir dauguma tariamai nesuvokiam\u0173 tem\u0173, menas pana\u0161us \u012f \u017eaidim\u0105; i\u0161 tikr\u0173j\u0173 tereikia \u017einoti pagrindines taisykles ir nuostatus, kad tame, kas anks\u010diau glumino, imtum \u012f\u017ei\u016br\u0117ti \u0161ioki\u0105 toki\u0105 prasm\u0119. Ir nors da\u017enai manoma, kad modernaus meno pasaulyje konceptualusis menas u\u017eima toki\u0105 pat viet\u0105 kaip nuo\u0161al\u0117s taisykl\u0117 futbole, \u2013 kad tai yra dalykas, kuris \u0161iek tiek netelpa \u017emon\u0117ms \u012f galv\u0105 ir kurio negali paai\u0161kinti prie kavos puodelio, \u2013 ta\u010diau jis yra netik\u0117tai paprastas. Visk\u0105, k\u0105 jums reikia \u017einoti, kad susigaudytum\u0117te pagrinduose, rasite \u0161ioje modernaus meno istorijoje, apr\u0117pian\u010dioje daugiau kaip 150 met\u0173. Per \u0161\u012f laikotarp\u012f menas pad\u0117jo pakeisti pasaul\u012f, o pasaulis \u2013 men\u0105. Kiekvienas jud\u0117jimas, kiekvienas \u201e-izmas&#8221; painiai susij\u0119s su kitais, vienas atveda prie kito lyg prie kitos grandin\u0117s grandies. Ta\u010diau kiekvienas turi savit\u0105 po\u017ei\u016br\u012f, jam b\u016bding\u0105 stili\u0173 ir menin\u0117s k\u016brybos b\u016bd\u0105, nes juose atsiskleid\u017eia labai \u012fvairios jiems \u012ftak\u0105 padariusios menin\u0117s, visuomenin\u0117s ir technologin\u0117s aplinkyb\u0117s.&#8221; Willis Gompertzas yra BBC meno redaktorius, septynerius metus buv\u0119s vienu i\u0161 Tate galerijos direktori\u0173. Jis ypa\u010d domisi moderniuoju menu ir yra apie menus ra\u0161\u0119s laikra\u0161\u010diams The Times ir Guardian, taip pat BBC. 2009-aisiais jis suk\u016br\u0117 ir Edinburgo festivalyje vienas atliko nepaprasto susidom\u0117jimo susilaukus\u012f komi\u0161k\u0105 pasirodym\u0105 moderniojo meno tema. Neseniai Niujorko \u017eurnalas Creativity i\u0161rinko j\u012f vienu i\u0161 penkiasde\u0161imties k\u016brybi\u0161kiausiai m\u0105stan\u010di\u0173 \u017emoni\u0173 pasaulyje.<\/p>\n","protected":false},"featured_media":24977,"comment_status":"open","ping_status":"closed","template":"","meta":{"_acf_changed":false,"site-sidebar-layout":"default","site-content-layout":"","ast-site-content-layout":"default","site-content-style":"default","site-sidebar-style":"default","ast-global-header-display":"","ast-banner-title-visibility":"","ast-main-header-display":"","ast-hfb-above-header-display":"","ast-hfb-below-header-display":"","ast-hfb-mobile-header-display":"","site-post-title":"","ast-breadcrumbs-content":"","ast-featured-img":"","footer-sml-layout":"","ast-disable-related-posts":"","theme-transparent-header-meta":"","adv-header-id-meta":"","stick-header-meta":"","header-above-stick-meta":"","header-main-stick-meta":"","header-below-stick-meta":"","astra-migrate-meta-layouts":"default","ast-page-background-enabled":"default","ast-page-background-meta":{"desktop":{"background-color":"","background-image":"","background-repeat":"repeat","background-position":"center center","background-size":"auto","background-attachment":"scroll","background-type":"","background-media":"","overlay-type":"","overlay-color":"","overlay-opacity":"","overlay-gradient":""},"tablet":{"background-color":"","background-image":"","background-repeat":"repeat","background-position":"center center","background-size":"auto","background-attachment":"scroll","background-type":"","background-media":"","overlay-type":"","overlay-color":"","overlay-opacity":"","overlay-gradient":""},"mobile":{"background-color":"","background-image":"","background-repeat":"repeat","background-position":"center center","background-size":"auto","background-attachment":"scroll","background-type":"","background-media":"","overlay-type":"","overlay-color":"","overlay-opacity":"","overlay-gradient":""}},"ast-content-background-meta":{"desktop":{"background-color":"var(--ast-global-color-4)","background-image":"","background-repeat":"repeat","background-position":"center center","background-size":"auto","background-attachment":"scroll","background-type":"","background-media":"","overlay-type":"","overlay-color":"","overlay-opacity":"","overlay-gradient":""},"tablet":{"background-color":"var(--ast-global-color-4)","background-image":"","background-repeat":"repeat","background-position":"center center","background-size":"auto","background-attachment":"scroll","background-type":"","background-media":"","overlay-type":"","overlay-color":"","overlay-opacity":"","overlay-gradient":""},"mobile":{"background-color":"var(--ast-global-color-4)","background-image":"","background-repeat":"repeat","background-position":"center center","background-size":"auto","background-attachment":"scroll","background-type":"","background-media":"","overlay-type":"","overlay-color":"","overlay-opacity":"","overlay-gradient":""}}},"product_brand":[],"product_cat":[174,57],"product_tag":[],"class_list":{"0":"post-24972","1":"product","2":"type-product","3":"status-publish","4":"has-post-thumbnail","6":"product_cat-istorija-ir-politologija","7":"product_cat-menas-ir-albumai","8":"desktop-align-left","9":"tablet-align-left","10":"mobile-align-left","12":"first","13":"instock","14":"shipping-taxable","15":"purchasable","16":"product-type-simple"},"acf":[],"yoast_head":"<!-- This site is optimized with the Yoast SEO plugin v27.0 - https:\/\/yoast.com\/product\/yoast-seo-wordpress\/ -->\n<title>Ar tai menas? 150 modernaus meno istorijos met\u0173<\/title>\n<meta name=\"description\" content=\"\u201eAr tai menas?\u201c \u2013 naujovi\u0161ka, provokuojanti ir kartu paprasta knyga. Joje braunamasi per pretenzingo meno \u017eargono br\u016bzgynus ir i\u0161keliami visi svarbiausi\" \/>\n<meta name=\"robots\" content=\"index, follow, max-snippet:-1, max-image-preview:large, max-video-preview:-1\" \/>\n<link rel=\"canonical\" href=\"https:\/\/skaitytaknyga.lt\/en\/produktas\/ar-tai-menas-150-modernaus-meno-istorijos-metu\/\" \/>\n<meta property=\"og:locale\" content=\"en_GB\" \/>\n<meta property=\"og:locale:alternate\" content=\"lt_LT\" \/>\n<meta property=\"og:type\" content=\"article\" \/>\n<meta property=\"og:title\" content=\"Ar tai menas? 150 modernaus meno istorijos met\u0173\" \/>\n<meta property=\"og:description\" content=\"\u201eAr tai menas?\u201c \u2013 naujovi\u0161ka, provokuojanti ir kartu paprasta knyga. Joje braunamasi per pretenzingo meno \u017eargono br\u016bzgynus ir i\u0161keliami visi svarbiausi\" \/>\n<meta property=\"og:url\" content=\"https:\/\/skaitytaknyga.lt\/en\/produktas\/ar-tai-menas-150-modernaus-meno-istorijos-metu\/\" \/>\n<meta property=\"og:site_name\" content=\"Skaitytaknyga\" \/>\n<meta property=\"article:publisher\" content=\"https:\/\/www.facebook.com\/skaitytaknyga\/\" \/>\n<meta property=\"article:modified_time\" content=\"2026-03-18T08:27:49+00:00\" \/>\n<meta property=\"og:image\" content=\"https:\/\/skaitytaknyga.lt\/wp-content\/uploads\/2026\/03\/Ar-tai-menas-150-modernaus-meno-istorijos-metu-1.webp\" \/>\n\t<meta property=\"og:image:width\" content=\"296\" \/>\n\t<meta property=\"og:image:height\" content=\"450\" \/>\n\t<meta property=\"og:image:type\" content=\"image\/webp\" \/>\n<meta name=\"twitter:card\" content=\"summary_large_image\" \/>\n<meta name=\"twitter:label1\" content=\"Estimated reading time\" \/>\n\t<meta name=\"twitter:data1\" content=\"2 minutes\" \/>\n<script type=\"application\/ld+json\" class=\"yoast-schema-graph\">{\"@context\":\"https:\/\/schema.org\",\"@graph\":[{\"@type\":\"WebPage\",\"@id\":\"https:\/\/skaitytaknyga.lt\/produktas\/ar-tai-menas-150-modernaus-meno-istorijos-metu\/\",\"url\":\"https:\/\/skaitytaknyga.lt\/produktas\/ar-tai-menas-150-modernaus-meno-istorijos-metu\/\",\"name\":\"Ar tai menas? 150 modernaus meno istorijos met\u0173\",\"isPartOf\":{\"@id\":\"https:\/\/skaitytaknyga.lt\/#website\"},\"primaryImageOfPage\":{\"@id\":\"https:\/\/skaitytaknyga.lt\/produktas\/ar-tai-menas-150-modernaus-meno-istorijos-metu\/#primaryimage\"},\"image\":{\"@id\":\"https:\/\/skaitytaknyga.lt\/produktas\/ar-tai-menas-150-modernaus-meno-istorijos-metu\/#primaryimage\"},\"thumbnailUrl\":\"https:\/\/skaitytaknyga.lt\/wp-content\/uploads\/2026\/03\/Ar-tai-menas-150-modernaus-meno-istorijos-metu-1.webp\",\"datePublished\":\"2026-03-18T08:11:02+00:00\",\"dateModified\":\"2026-03-18T08:27:49+00:00\",\"description\":\"\u201eAr tai menas?\u201c \u2013 naujovi\u0161ka, provokuojanti ir kartu paprasta knyga. Joje braunamasi per pretenzingo meno \u017eargono br\u016bzgynus ir i\u0161keliami visi svarbiausi\",\"breadcrumb\":{\"@id\":\"https:\/\/skaitytaknyga.lt\/produktas\/ar-tai-menas-150-modernaus-meno-istorijos-metu\/#breadcrumb\"},\"inLanguage\":\"en-GB\",\"potentialAction\":[{\"@type\":\"ReadAction\",\"target\":[\"https:\/\/skaitytaknyga.lt\/produktas\/ar-tai-menas-150-modernaus-meno-istorijos-metu\/\"]}]},{\"@type\":\"ImageObject\",\"inLanguage\":\"en-GB\",\"@id\":\"https:\/\/skaitytaknyga.lt\/produktas\/ar-tai-menas-150-modernaus-meno-istorijos-metu\/#primaryimage\",\"url\":\"https:\/\/skaitytaknyga.lt\/wp-content\/uploads\/2026\/03\/Ar-tai-menas-150-modernaus-meno-istorijos-metu-1.webp\",\"contentUrl\":\"https:\/\/skaitytaknyga.lt\/wp-content\/uploads\/2026\/03\/Ar-tai-menas-150-modernaus-meno-istorijos-metu-1.webp\",\"width\":296,\"height\":450,\"caption\":\"Ar tai menas 150 modernaus meno istorijos met\u0173 1\"},{\"@type\":\"BreadcrumbList\",\"@id\":\"https:\/\/skaitytaknyga.lt\/produktas\/ar-tai-menas-150-modernaus-meno-istorijos-metu\/#breadcrumb\",\"itemListElement\":[{\"@type\":\"ListItem\",\"position\":1,\"name\":\"Home\",\"item\":\"https:\/\/skaitytaknyga.lt\/\"},{\"@type\":\"ListItem\",\"position\":2,\"name\":\"Parduotuv\u0117\",\"item\":\"https:\/\/skaitytaknyga.lt\/knygu-parduotuve\/\"},{\"@type\":\"ListItem\",\"position\":3,\"name\":\"Ar tai menas? 150 modernaus meno istorijos met\u0173\"}]},{\"@type\":\"WebSite\",\"@id\":\"https:\/\/skaitytaknyga.lt\/#website\",\"url\":\"https:\/\/skaitytaknyga.lt\/\",\"name\":\"skaitytaknyga.lt\",\"description\":\"Skaitytaknyga.lt \u2013 tai ma\u017eas \u0161eimos verslas, kuris prasid\u0117jo nuo meil\u0117s knygoms ir siekio i\u0161gelb\u0117ti knygas nuo likimo prie konteinerio. Kas vienam nereikalingas daiktas \u2013 kitam lobis, o mes esame tarpininkai, kurie padeda abiems tapti laimingesniems ???? \u017dinome kaip nelengva i\u0161gyventi ma\u017eiems verslams, tad nuo \u0161iol, \u010dia rasite ir kit\u0173, ma\u017e\u0173 \u0161eim\u0173 versl\u0173, rank\u0173 darbo, dovan\u0173 sau ir artimiesiems.\",\"publisher\":{\"@id\":\"https:\/\/skaitytaknyga.lt\/#organization\"},\"potentialAction\":[{\"@type\":\"SearchAction\",\"target\":{\"@type\":\"EntryPoint\",\"urlTemplate\":\"https:\/\/skaitytaknyga.lt\/?s={search_term_string}\"},\"query-input\":{\"@type\":\"PropertyValueSpecification\",\"valueRequired\":true,\"valueName\":\"search_term_string\"}}],\"inLanguage\":\"en-GB\"},{\"@type\":\"Organization\",\"@id\":\"https:\/\/skaitytaknyga.lt\/#organization\",\"name\":\"skaitytaknyga.lt\",\"url\":\"https:\/\/skaitytaknyga.lt\/\",\"logo\":{\"@type\":\"ImageObject\",\"inLanguage\":\"en-GB\",\"@id\":\"https:\/\/skaitytaknyga.lt\/#\/schema\/logo\/image\/\",\"url\":\"https:\/\/skaitytaknyga.lt\/wp-content\/uploads\/2024\/05\/cropped-cropped-cropped-02_00843_jt3bggkj1j3HLc7SyY6rEUpg.jpeg\",\"contentUrl\":\"https:\/\/skaitytaknyga.lt\/wp-content\/uploads\/2024\/05\/cropped-cropped-cropped-02_00843_jt3bggkj1j3HLc7SyY6rEUpg.jpeg\",\"width\":1600,\"height\":1600,\"caption\":\"skaitytaknyga.lt\"},\"image\":{\"@id\":\"https:\/\/skaitytaknyga.lt\/#\/schema\/logo\/image\/\"},\"sameAs\":[\"https:\/\/www.facebook.com\/skaitytaknyga\/\"]}]}<\/script>\n<!-- \/ Yoast SEO plugin. -->","yoast_head_json":{"title":"Ar tai menas? 150 modernaus meno istorijos met\u0173","description":"\u201eAr tai menas?\u201c \u2013 naujovi\u0161ka, provokuojanti ir kartu paprasta knyga. Joje braunamasi per pretenzingo meno \u017eargono br\u016bzgynus ir i\u0161keliami visi svarbiausi","robots":{"index":"index","follow":"follow","max-snippet":"max-snippet:-1","max-image-preview":"max-image-preview:large","max-video-preview":"max-video-preview:-1"},"canonical":"https:\/\/skaitytaknyga.lt\/en\/produktas\/ar-tai-menas-150-modernaus-meno-istorijos-metu\/","og_locale":"en_GB","og_type":"article","og_title":"[:lt]Ar tai menas? 150 modernaus meno istorijos met\u0173[:] - Skaitytaknyga","og_description":"\u201eAr tai menas?\u201c \u2013 naujovi\u0161ka, provokuojanti ir kartu paprasta knyga. Joje braunamasi per pretenzingo meno \u017eargono br\u016bzgynus ir i\u0161keliami visi svarbiausi","og_url":"https:\/\/skaitytaknyga.lt\/en\/produktas\/ar-tai-menas-150-modernaus-meno-istorijos-metu\/","og_site_name":"Skaitytaknyga","article_publisher":"https:\/\/www.facebook.com\/skaitytaknyga\/","article_modified_time":"2026-03-18T08:27:49+00:00","og_image":[{"width":296,"height":450,"url":"https:\/\/skaitytaknyga.lt\/wp-content\/uploads\/2026\/03\/Ar-tai-menas-150-modernaus-meno-istorijos-metu-1.webp","type":"image\/webp"}],"twitter_card":"summary_large_image","twitter_misc":{"Estimated reading time":"2 minutes"},"schema":{"@context":"https:\/\/schema.org","@graph":[{"@type":"WebPage","@id":"https:\/\/skaitytaknyga.lt\/produktas\/ar-tai-menas-150-modernaus-meno-istorijos-metu\/","url":"https:\/\/skaitytaknyga.lt\/produktas\/ar-tai-menas-150-modernaus-meno-istorijos-metu\/","name":"Ar tai menas? 150 modernaus meno istorijos met\u0173","isPartOf":{"@id":"https:\/\/skaitytaknyga.lt\/#website"},"primaryImageOfPage":{"@id":"https:\/\/skaitytaknyga.lt\/produktas\/ar-tai-menas-150-modernaus-meno-istorijos-metu\/#primaryimage"},"image":{"@id":"https:\/\/skaitytaknyga.lt\/produktas\/ar-tai-menas-150-modernaus-meno-istorijos-metu\/#primaryimage"},"thumbnailUrl":"https:\/\/skaitytaknyga.lt\/wp-content\/uploads\/2026\/03\/Ar-tai-menas-150-modernaus-meno-istorijos-metu-1.webp","datePublished":"2026-03-18T08:11:02+00:00","dateModified":"2026-03-18T08:27:49+00:00","description":"\u201eAr tai menas?\u201c \u2013 naujovi\u0161ka, provokuojanti ir kartu paprasta knyga. Joje braunamasi per pretenzingo meno \u017eargono br\u016bzgynus ir i\u0161keliami visi svarbiausi","breadcrumb":{"@id":"https:\/\/skaitytaknyga.lt\/produktas\/ar-tai-menas-150-modernaus-meno-istorijos-metu\/#breadcrumb"},"inLanguage":"en-GB","potentialAction":[{"@type":"ReadAction","target":["https:\/\/skaitytaknyga.lt\/produktas\/ar-tai-menas-150-modernaus-meno-istorijos-metu\/"]}]},{"@type":"ImageObject","inLanguage":"en-GB","@id":"https:\/\/skaitytaknyga.lt\/produktas\/ar-tai-menas-150-modernaus-meno-istorijos-metu\/#primaryimage","url":"https:\/\/skaitytaknyga.lt\/wp-content\/uploads\/2026\/03\/Ar-tai-menas-150-modernaus-meno-istorijos-metu-1.webp","contentUrl":"https:\/\/skaitytaknyga.lt\/wp-content\/uploads\/2026\/03\/Ar-tai-menas-150-modernaus-meno-istorijos-metu-1.webp","width":296,"height":450,"caption":"Ar tai menas 150 modernaus meno istorijos met\u0173 1"},{"@type":"BreadcrumbList","@id":"https:\/\/skaitytaknyga.lt\/produktas\/ar-tai-menas-150-modernaus-meno-istorijos-metu\/#breadcrumb","itemListElement":[{"@type":"ListItem","position":1,"name":"Home","item":"https:\/\/skaitytaknyga.lt\/"},{"@type":"ListItem","position":2,"name":"Parduotuv\u0117","item":"https:\/\/skaitytaknyga.lt\/knygu-parduotuve\/"},{"@type":"ListItem","position":3,"name":"Ar tai menas? 150 modernaus meno istorijos met\u0173"}]},{"@type":"WebSite","@id":"https:\/\/skaitytaknyga.lt\/#website","url":"https:\/\/skaitytaknyga.lt\/","name":"skaitytaknyga.lt","description":"Skaitytaknyga.lt \u2013 tai ma\u017eas \u0161eimos verslas, kuris prasid\u0117jo nuo meil\u0117s knygoms ir siekio i\u0161gelb\u0117ti knygas nuo likimo prie konteinerio. Kas vienam nereikalingas daiktas \u2013 kitam lobis, o mes esame tarpininkai, kurie padeda abiems tapti laimingesniems ???? \u017dinome kaip nelengva i\u0161gyventi ma\u017eiems verslams, tad nuo \u0161iol, \u010dia rasite ir kit\u0173, ma\u017e\u0173 \u0161eim\u0173 versl\u0173, rank\u0173 darbo, dovan\u0173 sau ir artimiesiems.","publisher":{"@id":"https:\/\/skaitytaknyga.lt\/#organization"},"potentialAction":[{"@type":"SearchAction","target":{"@type":"EntryPoint","urlTemplate":"https:\/\/skaitytaknyga.lt\/?s={search_term_string}"},"query-input":{"@type":"PropertyValueSpecification","valueRequired":true,"valueName":"search_term_string"}}],"inLanguage":"en-GB"},{"@type":"Organization","@id":"https:\/\/skaitytaknyga.lt\/#organization","name":"skaitytaknyga.lt","url":"https:\/\/skaitytaknyga.lt\/","logo":{"@type":"ImageObject","inLanguage":"en-GB","@id":"https:\/\/skaitytaknyga.lt\/#\/schema\/logo\/image\/","url":"https:\/\/skaitytaknyga.lt\/wp-content\/uploads\/2024\/05\/cropped-cropped-cropped-02_00843_jt3bggkj1j3HLc7SyY6rEUpg.jpeg","contentUrl":"https:\/\/skaitytaknyga.lt\/wp-content\/uploads\/2024\/05\/cropped-cropped-cropped-02_00843_jt3bggkj1j3HLc7SyY6rEUpg.jpeg","width":1600,"height":1600,"caption":"skaitytaknyga.lt"},"image":{"@id":"https:\/\/skaitytaknyga.lt\/#\/schema\/logo\/image\/"},"sameAs":["https:\/\/www.facebook.com\/skaitytaknyga\/"]}]}},"_links":{"self":[{"href":"https:\/\/skaitytaknyga.lt\/en\/wp-json\/wp\/v2\/product\/24972","targetHints":{"allow":["GET"]}}],"collection":[{"href":"https:\/\/skaitytaknyga.lt\/en\/wp-json\/wp\/v2\/product"}],"about":[{"href":"https:\/\/skaitytaknyga.lt\/en\/wp-json\/wp\/v2\/types\/product"}],"replies":[{"embeddable":true,"href":"https:\/\/skaitytaknyga.lt\/en\/wp-json\/wp\/v2\/comments?post=24972"}],"wp:featuredmedia":[{"embeddable":true,"href":"https:\/\/skaitytaknyga.lt\/en\/wp-json\/wp\/v2\/media\/24977"}],"wp:attachment":[{"href":"https:\/\/skaitytaknyga.lt\/en\/wp-json\/wp\/v2\/media?parent=24972"}],"wp:term":[{"taxonomy":"product_brand","embeddable":true,"href":"https:\/\/skaitytaknyga.lt\/en\/wp-json\/wp\/v2\/product_brand?post=24972"},{"taxonomy":"product_cat","embeddable":true,"href":"https:\/\/skaitytaknyga.lt\/en\/wp-json\/wp\/v2\/product_cat?post=24972"},{"taxonomy":"product_tag","embeddable":true,"href":"https:\/\/skaitytaknyga.lt\/en\/wp-json\/wp\/v2\/product_tag?post=24972"}],"curies":[{"name":"wp","href":"https:\/\/api.w.org\/{rel}","templated":true}]}}