{"id":24970,"date":"2026-03-18T10:08:35","date_gmt":"2026-03-18T08:08:35","guid":{"rendered":"https:\/\/skaitytaknyga.lt\/?post_type=product&#038;p=24970"},"modified":"2026-03-18T10:27:49","modified_gmt":"2026-03-18T08:27:49","slug":"salos-ir-ju-zmones","status":"publish","type":"product","link":"https:\/\/skaitytaknyga.lt\/en\/produktas\/salos-ir-ju-zmones\/","title":{"rendered":"Salos ir j\u0173 \u017emon\u0117s (yra nedideli\u0173 skaitymo \u017eymi\u0173)"},"content":{"rendered":"<p>Ra\u0161ytojo, \u017eurnalisto, legendin\u0117s TV laidos \u201ePokalbiai su Algimantu \u010cekuoliu\u201c autoriaus publicistikos knyg\u0173 bendras tira\u017eas jau senokai perkop\u0117 100 000 egz.<\/p>\n<p>\u0160\u012f kart\u0105 A. \u010cekuolis skaitytojams pristato devint\u0105 publicistikos knyg\u0105, kurioje kvie\u010dia pasidairyti po salas \u2013 ir ne\u017einomas, ir gird\u0117tas, bet neabejotinai unikalias. \u017dinoma, neu\u017emir\u0161ti ir svarb\u016bs pasaulio \u012fvykiai, ir naujos mados, ir meil\u0117s bei \u0161eimos reikalai. Istorijos, kaip visada, intriguojan\u010dios ir praple\u010dian\u010dios akirat\u012f. Tokios, kurias gali papasakoti Autorius, ir pats vertas \u017emogaus-salos vardo.<\/p>\n","protected":false},"excerpt":{"rendered":"<p>Ra\u0161ytojo, \u017eurnalisto, legendin\u0117s TV laidos \u201ePokalbiai su Algimantu \u010cekuoliu\u201c autoriaus publicistikos knyg\u0173 bendras tira\u017eas jau senokai perkop\u0117 100 000 egz. \u0160\u012f kart\u0105 A. \u010cekuolis skaitytojams pristato devint\u0105 publicistikos knyg\u0105, kurioje kvie\u010dia pasidairyti po salas \u2013 ir ne\u017einomas, ir gird\u0117tas, bet neabejotinai unikalias. \u017dinoma, neu\u017emir\u0161ti ir svarb\u016bs pasaulio \u012fvykiai, ir naujos mados, ir meil\u0117s bei \u0161eimos reikalai. Istorijos, kaip visada, intriguojan\u010dios ir praple\u010dian\u010dios akirat\u012f. Tokios, kurias gali papasakoti Autorius, ir pats vertas \u017emogaus-salos vardo.<\/p>\n","protected":false},"featured_media":24971,"comment_status":"open","ping_status":"closed","template":"","meta":{"_acf_changed":false,"site-sidebar-layout":"default","site-content-layout":"","ast-site-content-layout":"default","site-content-style":"default","site-sidebar-style":"default","ast-global-header-display":"","ast-banner-title-visibility":"","ast-main-header-display":"","ast-hfb-above-header-display":"","ast-hfb-below-header-display":"","ast-hfb-mobile-header-display":"","site-post-title":"","ast-breadcrumbs-content":"","ast-featured-img":"","footer-sml-layout":"","ast-disable-related-posts":"","theme-transparent-header-meta":"","adv-header-id-meta":"","stick-header-meta":"","header-above-stick-meta":"","header-main-stick-meta":"","header-below-stick-meta":"","astra-migrate-meta-layouts":"default","ast-page-background-enabled":"default","ast-page-background-meta":{"desktop":{"background-color":"","background-image":"","background-repeat":"repeat","background-position":"center center","background-size":"auto","background-attachment":"scroll","background-type":"","background-media":"","overlay-type":"","overlay-color":"","overlay-opacity":"","overlay-gradient":""},"tablet":{"background-color":"","background-image":"","background-repeat":"repeat","background-position":"center center","background-size":"auto","background-attachment":"scroll","background-type":"","background-media":"","overlay-type":"","overlay-color":"","overlay-opacity":"","overlay-gradient":""},"mobile":{"background-color":"","background-image":"","background-repeat":"repeat","background-position":"center center","background-size":"auto","background-attachment":"scroll","background-type":"","background-media":"","overlay-type":"","overlay-color":"","overlay-opacity":"","overlay-gradient":""}},"ast-content-background-meta":{"desktop":{"background-color":"var(--ast-global-color-4)","background-image":"","background-repeat":"repeat","background-position":"center center","background-size":"auto","background-attachment":"scroll","background-type":"","background-media":"","overlay-type":"","overlay-color":"","overlay-opacity":"","overlay-gradient":""},"tablet":{"background-color":"var(--ast-global-color-4)","background-image":"","background-repeat":"repeat","background-position":"center center","background-size":"auto","background-attachment":"scroll","background-type":"","background-media":"","overlay-type":"","overlay-color":"","overlay-opacity":"","overlay-gradient":""},"mobile":{"background-color":"var(--ast-global-color-4)","background-image":"","background-repeat":"repeat","background-position":"center center","background-size":"auto","background-attachment":"scroll","background-type":"","background-media":"","overlay-type":"","overlay-color":"","overlay-opacity":"","overlay-gradient":""}}},"product_brand":[],"product_cat":[9590],"product_tag":[],"class_list":{"0":"post-24970","1":"product","2":"type-product","3":"status-publish","4":"has-post-thumbnail","6":"product_cat-lietuviu-literatura","7":"desktop-align-left","8":"tablet-align-left","9":"mobile-align-left","11":"first","12":"instock","13":"shipping-taxable","14":"purchasable","15":"product-type-simple"},"acf":[],"yoast_head":"<!-- This site is optimized with the Yoast SEO plugin v27.0 - https:\/\/yoast.com\/product\/yoast-seo-wordpress\/ -->\n<title>Salos ir j\u0173 \u017emon\u0117s (yra nedideli\u0173 skaitymo \u017eymi\u0173)<\/title>\n<meta name=\"description\" content=\"Ra\u0161ytojo, \u017eurnalisto, legendin\u0117s TV laidos \u201ePokalbiai su Algimantu \u010cekuoliu\u201c autoriaus publicistikos knyg\u0173 bendras tira\u017eas jau senokai perkop\u0117 100 000\" \/>\n<meta name=\"robots\" content=\"index, follow, max-snippet:-1, max-image-preview:large, max-video-preview:-1\" \/>\n<link rel=\"canonical\" href=\"https:\/\/skaitytaknyga.lt\/en\/produktas\/salos-ir-ju-zmones\/\" \/>\n<meta property=\"og:locale\" content=\"en_GB\" \/>\n<meta property=\"og:locale:alternate\" content=\"lt_LT\" \/>\n<meta property=\"og:type\" content=\"article\" \/>\n<meta property=\"og:title\" content=\"Salos ir j\u0173 \u017emon\u0117s (yra nedideli\u0173 skaitymo \u017eymi\u0173)\" \/>\n<meta property=\"og:description\" content=\"Ra\u0161ytojo, \u017eurnalisto, legendin\u0117s TV laidos \u201ePokalbiai su Algimantu \u010cekuoliu\u201c autoriaus publicistikos knyg\u0173 bendras tira\u017eas jau senokai perkop\u0117 100 000\" \/>\n<meta property=\"og:url\" content=\"https:\/\/skaitytaknyga.lt\/en\/produktas\/salos-ir-ju-zmones\/\" \/>\n<meta property=\"og:site_name\" content=\"Skaitytaknyga\" \/>\n<meta property=\"article:publisher\" content=\"https:\/\/www.facebook.com\/skaitytaknyga\/\" \/>\n<meta property=\"article:modified_time\" content=\"2026-03-18T08:27:49+00:00\" \/>\n<meta property=\"og:image\" content=\"https:\/\/skaitytaknyga.lt\/wp-content\/uploads\/2026\/03\/Salos-ir-ju-zmones-e1773821335209.webp\" \/>\n\t<meta property=\"og:image:width\" content=\"300\" \/>\n\t<meta property=\"og:image:height\" content=\"448\" \/>\n\t<meta property=\"og:image:type\" content=\"image\/webp\" \/>\n<meta name=\"twitter:card\" content=\"summary_large_image\" \/>\n<script type=\"application\/ld+json\" class=\"yoast-schema-graph\">{\"@context\":\"https:\/\/schema.org\",\"@graph\":[{\"@type\":\"WebPage\",\"@id\":\"https:\/\/skaitytaknyga.lt\/produktas\/salos-ir-ju-zmones\/\",\"url\":\"https:\/\/skaitytaknyga.lt\/produktas\/salos-ir-ju-zmones\/\",\"name\":\"Salos ir j\u0173 \u017emon\u0117s (yra nedideli\u0173 skaitymo \u017eymi\u0173)\",\"isPartOf\":{\"@id\":\"https:\/\/skaitytaknyga.lt\/#website\"},\"primaryImageOfPage\":{\"@id\":\"https:\/\/skaitytaknyga.lt\/produktas\/salos-ir-ju-zmones\/#primaryimage\"},\"image\":{\"@id\":\"https:\/\/skaitytaknyga.lt\/produktas\/salos-ir-ju-zmones\/#primaryimage\"},\"thumbnailUrl\":\"https:\/\/skaitytaknyga.lt\/wp-content\/uploads\/2026\/03\/Salos-ir-ju-zmones-e1773821335209.webp\",\"datePublished\":\"2026-03-18T08:08:35+00:00\",\"dateModified\":\"2026-03-18T08:27:49+00:00\",\"description\":\"Ra\u0161ytojo, \u017eurnalisto, legendin\u0117s TV laidos \u201ePokalbiai su Algimantu \u010cekuoliu\u201c autoriaus publicistikos knyg\u0173 bendras tira\u017eas jau senokai perkop\u0117 100 000\",\"breadcrumb\":{\"@id\":\"https:\/\/skaitytaknyga.lt\/produktas\/salos-ir-ju-zmones\/#breadcrumb\"},\"inLanguage\":\"en-GB\",\"potentialAction\":[{\"@type\":\"ReadAction\",\"target\":[\"https:\/\/skaitytaknyga.lt\/produktas\/salos-ir-ju-zmones\/\"]}]},{\"@type\":\"ImageObject\",\"inLanguage\":\"en-GB\",\"@id\":\"https:\/\/skaitytaknyga.lt\/produktas\/salos-ir-ju-zmones\/#primaryimage\",\"url\":\"https:\/\/skaitytaknyga.lt\/wp-content\/uploads\/2026\/03\/Salos-ir-ju-zmones-e1773821335209.webp\",\"contentUrl\":\"https:\/\/skaitytaknyga.lt\/wp-content\/uploads\/2026\/03\/Salos-ir-ju-zmones-e1773821335209.webp\",\"width\":300,\"height\":448,\"caption\":\"Salos ir j\u0173 \u017emon\u0117s\"},{\"@type\":\"BreadcrumbList\",\"@id\":\"https:\/\/skaitytaknyga.lt\/produktas\/salos-ir-ju-zmones\/#breadcrumb\",\"itemListElement\":[{\"@type\":\"ListItem\",\"position\":1,\"name\":\"Home\",\"item\":\"https:\/\/skaitytaknyga.lt\/\"},{\"@type\":\"ListItem\",\"position\":2,\"name\":\"Parduotuv\u0117\",\"item\":\"https:\/\/skaitytaknyga.lt\/knygu-parduotuve\/\"},{\"@type\":\"ListItem\",\"position\":3,\"name\":\"Salos ir j\u0173 \u017emon\u0117s (yra nedideli\u0173 skaitymo \u017eymi\u0173)\"}]},{\"@type\":\"WebSite\",\"@id\":\"https:\/\/skaitytaknyga.lt\/#website\",\"url\":\"https:\/\/skaitytaknyga.lt\/\",\"name\":\"skaitytaknyga.lt\",\"description\":\"Skaitytaknyga.lt \u2013 tai ma\u017eas \u0161eimos verslas, kuris prasid\u0117jo nuo meil\u0117s knygoms ir siekio i\u0161gelb\u0117ti knygas nuo likimo prie konteinerio. Kas vienam nereikalingas daiktas \u2013 kitam lobis, o mes esame tarpininkai, kurie padeda abiems tapti laimingesniems ???? \u017dinome kaip nelengva i\u0161gyventi ma\u017eiems verslams, tad nuo \u0161iol, \u010dia rasite ir kit\u0173, ma\u017e\u0173 \u0161eim\u0173 versl\u0173, rank\u0173 darbo, dovan\u0173 sau ir artimiesiems.\",\"publisher\":{\"@id\":\"https:\/\/skaitytaknyga.lt\/#organization\"},\"potentialAction\":[{\"@type\":\"SearchAction\",\"target\":{\"@type\":\"EntryPoint\",\"urlTemplate\":\"https:\/\/skaitytaknyga.lt\/?s={search_term_string}\"},\"query-input\":{\"@type\":\"PropertyValueSpecification\",\"valueRequired\":true,\"valueName\":\"search_term_string\"}}],\"inLanguage\":\"en-GB\"},{\"@type\":\"Organization\",\"@id\":\"https:\/\/skaitytaknyga.lt\/#organization\",\"name\":\"skaitytaknyga.lt\",\"url\":\"https:\/\/skaitytaknyga.lt\/\",\"logo\":{\"@type\":\"ImageObject\",\"inLanguage\":\"en-GB\",\"@id\":\"https:\/\/skaitytaknyga.lt\/#\/schema\/logo\/image\/\",\"url\":\"https:\/\/skaitytaknyga.lt\/wp-content\/uploads\/2024\/05\/cropped-cropped-cropped-02_00843_jt3bggkj1j3HLc7SyY6rEUpg.jpeg\",\"contentUrl\":\"https:\/\/skaitytaknyga.lt\/wp-content\/uploads\/2024\/05\/cropped-cropped-cropped-02_00843_jt3bggkj1j3HLc7SyY6rEUpg.jpeg\",\"width\":1600,\"height\":1600,\"caption\":\"skaitytaknyga.lt\"},\"image\":{\"@id\":\"https:\/\/skaitytaknyga.lt\/#\/schema\/logo\/image\/\"},\"sameAs\":[\"https:\/\/www.facebook.com\/skaitytaknyga\/\"]}]}<\/script>\n<!-- \/ Yoast SEO plugin. -->","yoast_head_json":{"title":"Salos ir j\u0173 \u017emon\u0117s (yra nedideli\u0173 skaitymo \u017eymi\u0173)","description":"Ra\u0161ytojo, \u017eurnalisto, legendin\u0117s TV laidos \u201ePokalbiai su Algimantu \u010cekuoliu\u201c autoriaus publicistikos knyg\u0173 bendras tira\u017eas jau senokai perkop\u0117 100 000","robots":{"index":"index","follow":"follow","max-snippet":"max-snippet:-1","max-image-preview":"max-image-preview:large","max-video-preview":"max-video-preview:-1"},"canonical":"https:\/\/skaitytaknyga.lt\/en\/produktas\/salos-ir-ju-zmones\/","og_locale":"en_GB","og_type":"article","og_title":"[:lt]Salos ir j\u0173 \u017emon\u0117s (yra nedideli\u0173 skaitymo \u017eymi\u0173)[:] - Skaitytaknyga","og_description":"Ra\u0161ytojo, \u017eurnalisto, legendin\u0117s TV laidos \u201ePokalbiai su Algimantu \u010cekuoliu\u201c autoriaus publicistikos knyg\u0173 bendras tira\u017eas jau senokai perkop\u0117 100 000","og_url":"https:\/\/skaitytaknyga.lt\/en\/produktas\/salos-ir-ju-zmones\/","og_site_name":"Skaitytaknyga","article_publisher":"https:\/\/www.facebook.com\/skaitytaknyga\/","article_modified_time":"2026-03-18T08:27:49+00:00","og_image":[{"width":300,"height":448,"url":"https:\/\/skaitytaknyga.lt\/wp-content\/uploads\/2026\/03\/Salos-ir-ju-zmones-e1773821335209.webp","type":"image\/webp"}],"twitter_card":"summary_large_image","schema":{"@context":"https:\/\/schema.org","@graph":[{"@type":"WebPage","@id":"https:\/\/skaitytaknyga.lt\/produktas\/salos-ir-ju-zmones\/","url":"https:\/\/skaitytaknyga.lt\/produktas\/salos-ir-ju-zmones\/","name":"Salos ir j\u0173 \u017emon\u0117s (yra nedideli\u0173 skaitymo \u017eymi\u0173)","isPartOf":{"@id":"https:\/\/skaitytaknyga.lt\/#website"},"primaryImageOfPage":{"@id":"https:\/\/skaitytaknyga.lt\/produktas\/salos-ir-ju-zmones\/#primaryimage"},"image":{"@id":"https:\/\/skaitytaknyga.lt\/produktas\/salos-ir-ju-zmones\/#primaryimage"},"thumbnailUrl":"https:\/\/skaitytaknyga.lt\/wp-content\/uploads\/2026\/03\/Salos-ir-ju-zmones-e1773821335209.webp","datePublished":"2026-03-18T08:08:35+00:00","dateModified":"2026-03-18T08:27:49+00:00","description":"Ra\u0161ytojo, \u017eurnalisto, legendin\u0117s TV laidos \u201ePokalbiai su Algimantu \u010cekuoliu\u201c autoriaus publicistikos knyg\u0173 bendras tira\u017eas jau senokai perkop\u0117 100 000","breadcrumb":{"@id":"https:\/\/skaitytaknyga.lt\/produktas\/salos-ir-ju-zmones\/#breadcrumb"},"inLanguage":"en-GB","potentialAction":[{"@type":"ReadAction","target":["https:\/\/skaitytaknyga.lt\/produktas\/salos-ir-ju-zmones\/"]}]},{"@type":"ImageObject","inLanguage":"en-GB","@id":"https:\/\/skaitytaknyga.lt\/produktas\/salos-ir-ju-zmones\/#primaryimage","url":"https:\/\/skaitytaknyga.lt\/wp-content\/uploads\/2026\/03\/Salos-ir-ju-zmones-e1773821335209.webp","contentUrl":"https:\/\/skaitytaknyga.lt\/wp-content\/uploads\/2026\/03\/Salos-ir-ju-zmones-e1773821335209.webp","width":300,"height":448,"caption":"Salos ir j\u0173 \u017emon\u0117s"},{"@type":"BreadcrumbList","@id":"https:\/\/skaitytaknyga.lt\/produktas\/salos-ir-ju-zmones\/#breadcrumb","itemListElement":[{"@type":"ListItem","position":1,"name":"Home","item":"https:\/\/skaitytaknyga.lt\/"},{"@type":"ListItem","position":2,"name":"Parduotuv\u0117","item":"https:\/\/skaitytaknyga.lt\/knygu-parduotuve\/"},{"@type":"ListItem","position":3,"name":"Salos ir j\u0173 \u017emon\u0117s (yra nedideli\u0173 skaitymo \u017eymi\u0173)"}]},{"@type":"WebSite","@id":"https:\/\/skaitytaknyga.lt\/#website","url":"https:\/\/skaitytaknyga.lt\/","name":"skaitytaknyga.lt","description":"Skaitytaknyga.lt \u2013 tai ma\u017eas \u0161eimos verslas, kuris prasid\u0117jo nuo meil\u0117s knygoms ir siekio i\u0161gelb\u0117ti knygas nuo likimo prie konteinerio. Kas vienam nereikalingas daiktas \u2013 kitam lobis, o mes esame tarpininkai, kurie padeda abiems tapti laimingesniems ???? \u017dinome kaip nelengva i\u0161gyventi ma\u017eiems verslams, tad nuo \u0161iol, \u010dia rasite ir kit\u0173, ma\u017e\u0173 \u0161eim\u0173 versl\u0173, rank\u0173 darbo, dovan\u0173 sau ir artimiesiems.","publisher":{"@id":"https:\/\/skaitytaknyga.lt\/#organization"},"potentialAction":[{"@type":"SearchAction","target":{"@type":"EntryPoint","urlTemplate":"https:\/\/skaitytaknyga.lt\/?s={search_term_string}"},"query-input":{"@type":"PropertyValueSpecification","valueRequired":true,"valueName":"search_term_string"}}],"inLanguage":"en-GB"},{"@type":"Organization","@id":"https:\/\/skaitytaknyga.lt\/#organization","name":"skaitytaknyga.lt","url":"https:\/\/skaitytaknyga.lt\/","logo":{"@type":"ImageObject","inLanguage":"en-GB","@id":"https:\/\/skaitytaknyga.lt\/#\/schema\/logo\/image\/","url":"https:\/\/skaitytaknyga.lt\/wp-content\/uploads\/2024\/05\/cropped-cropped-cropped-02_00843_jt3bggkj1j3HLc7SyY6rEUpg.jpeg","contentUrl":"https:\/\/skaitytaknyga.lt\/wp-content\/uploads\/2024\/05\/cropped-cropped-cropped-02_00843_jt3bggkj1j3HLc7SyY6rEUpg.jpeg","width":1600,"height":1600,"caption":"skaitytaknyga.lt"},"image":{"@id":"https:\/\/skaitytaknyga.lt\/#\/schema\/logo\/image\/"},"sameAs":["https:\/\/www.facebook.com\/skaitytaknyga\/"]}]}},"_links":{"self":[{"href":"https:\/\/skaitytaknyga.lt\/en\/wp-json\/wp\/v2\/product\/24970","targetHints":{"allow":["GET"]}}],"collection":[{"href":"https:\/\/skaitytaknyga.lt\/en\/wp-json\/wp\/v2\/product"}],"about":[{"href":"https:\/\/skaitytaknyga.lt\/en\/wp-json\/wp\/v2\/types\/product"}],"replies":[{"embeddable":true,"href":"https:\/\/skaitytaknyga.lt\/en\/wp-json\/wp\/v2\/comments?post=24970"}],"wp:featuredmedia":[{"embeddable":true,"href":"https:\/\/skaitytaknyga.lt\/en\/wp-json\/wp\/v2\/media\/24971"}],"wp:attachment":[{"href":"https:\/\/skaitytaknyga.lt\/en\/wp-json\/wp\/v2\/media?parent=24970"}],"wp:term":[{"taxonomy":"product_brand","embeddable":true,"href":"https:\/\/skaitytaknyga.lt\/en\/wp-json\/wp\/v2\/product_brand?post=24970"},{"taxonomy":"product_cat","embeddable":true,"href":"https:\/\/skaitytaknyga.lt\/en\/wp-json\/wp\/v2\/product_cat?post=24970"},{"taxonomy":"product_tag","embeddable":true,"href":"https:\/\/skaitytaknyga.lt\/en\/wp-json\/wp\/v2\/product_tag?post=24970"}],"curies":[{"name":"wp","href":"https:\/\/api.w.org\/{rel}","templated":true}]}}