{"id":24968,"date":"2026-03-18T10:06:26","date_gmt":"2026-03-18T08:06:26","guid":{"rendered":"https:\/\/skaitytaknyga.lt\/?post_type=product&#038;p=24968"},"modified":"2026-03-18T10:27:49","modified_gmt":"2026-03-18T08:27:49","slug":"pravieniskiu-mafija","status":"publish","type":"product","link":"https:\/\/skaitytaknyga.lt\/en\/produktas\/pravieniskiu-mafija\/","title":{"rendered":"PRAVIENI\u0160KI\u0172 MAFIJA"},"content":{"rendered":"<p>Nuo sen\u0173 laik\u0173 Pravieni\u0161ki\u0173 pataisos nam\u0173 antrojoje valdyboje 1-asis lokalinis sektorius yra vadinamas bach\u016br\u0173 lokalke. Tai rei\u0161kia, kad \u010dia vienaip ar kitaip kali asmenys, kurie yra susij\u0119 su organizuotomis nusikalstamomis grupuot\u0117mis, daran\u010diomis nusikaltimus laisv\u0117je. Jie savo grupuotes formuoja ir kal\u0117jime. Jei administracija ir bando vien\u0105 kit\u0105 bach\u016br\u0105 ar vierch\u0105 perkelti \u012f kit\u0105 lokalin\u012f sektori\u0173, kuriame pagal nuteist\u0173j\u0173 taisykles jis negali kal\u0117ti, pats kalinys atsisako paklusti \u2013 niekur nesikelia. Tada jis da\u017eniausiai b\u016bna u\u017edaromas \u012f drausm\u0117s b\u016br\u012f, paskui gr\u0105\u017einamas atgal \u012f savo lokalin\u012f sektori\u0173. Be to, jei administracija ir bandyt\u0173, pavyzd\u017eiui, bach\u016br\u0105 ar kelet\u0105 bach\u016br\u0173 perkelti \u012f lokalin\u012f sektori\u0173, kuriame dirba nuteistieji, tokiu atveju gali kilti riau\u0161\u0117s, bado akcijos ir pan., tod\u0117l da\u017eniausiai kaliniams yra nuolaid\u017eiaujama. Pagal nera\u0161ytas taisykles, galiojan\u010dias Pravieni\u0161ki\u0173 pataisos namuose, bach\u016brai yra auk\u0161\u010diausia nuteist\u0173j\u0173 grup\u0117 ar kasta, jie nedirba, vadovaujasi ir laikosi nera\u0161yt\u0173 taisykli\u0173 \u2013 poniatki\u0173.<br \/>\n\u017dodis \u201ebach\u016bras&#8221; rei\u0161kia pagrindin\u012f dalyk\u0105: toks asmuo laikosi ir g yvena pagal poniatkes, negali bendradarbiauti su administracija, negali dirbti kal\u0117jime ir jokiomis aplinkyb\u0117mis duoti joki\u0173 parodym\u0173. Bach\u016bras nelink\u0119s pasitaisyti: jei jis laisv\u0117je dar\u0117 nusikaltim\u0173, juos daro ir kal\u0117jime, taip pat darys ir i\u0161\u0117j\u0119s \u012f laisv\u0119.<\/p>\n<p>Pravieni\u0161ki\u0173 mafija \u2013 \u0161e\u0161erius metus pataisos namuose veikusi pavojinga nusikalt\u0117li\u0173 grupuot\u0117, sudaryta i\u0161 gerai teis\u0117saugai \u017einom\u0173 nusikalstamo pasaulio atstov\u0173. Pagal kriminalinio pasaulio subkult\u016bros elgesio taisykles gyvenantys grupuot\u0117s nariai zonoje per\u0117m\u0117 vald\u017ei\u0105 \u2013 jiems pakluso ne tik kiti kaliniai, bet ir pataisos nam\u0173 darbuotojai.<\/p>\n<p>Ties\u0105 apie tai, kas vyksta Pravieni\u0161ki\u0173 pataisos namuose atskleid\u0119s ir vis\u0105 Lietuvos kal\u0117jim\u0173 sistem\u0105 sudrebin\u0119s portalo \u201eDelfi.lt&#8221; specialusis korespondentas Dainius Sinkevi\u010dius knygoje Pravieni\u0161ki\u0173 mafija apra\u0161o kal\u0117jimo kasdienyb\u0119, kurios daugelis nenor\u0117t\u0173 matyti: ne tik pateikia necenz\u016bruotus kal\u0117jimo \u201ebach\u016br\u0173&#8221;, \u201ed\u016bch\u0173&#8221; ir \u201egaid\u017ei\u0173&#8221; liudijimus apie kruvin\u0105 kov\u0105 d\u0117l vald\u017eios, kalini\u0173 luo\u0161inimus, prekyb\u0105 narkotin\u0117mis med\u017eiagomis, pareig\u016bn\u0173 papirkin\u0117jim\u0105, santykius su pramog\u0173 pasaulio \u017evaig\u017edut\u0117mis, bet ir pasakoja apie nuo visuomen\u0117s nusl\u0117ptus nusikaltimus, taip pat pirm\u0105 kart\u0105 publikuoja prabilusi\u0173 garsi\u0173 kalini\u0173 i\u0161pa\u017eintis.<\/p>\n<p>\u201e\u0160i knyga taip \u012ftraukia, kad net ir pad\u0117j\u0119s j\u0105 nebegali nustoti galvoj\u0119s apie tai, k\u0105 perskaitei. Dar labiau sukre\u010dia, kad apra\u0161omi \u012fvykiai ir herojai yra tikri ir jie yra visai \u0161alia m\u016bs\u0173. Mes, kaip visuomen\u0117, privalome padaryti visk\u0105, kad situacija \u0161alies \u012fkalinimo \u012fstaigose pasikeist\u0173.&#8221;<\/p>\n<p>Rasa Lukaityt\u0117-Vnarauskien\u0117, \u201eDelfi.lt&#8221; vyriausioji redaktor\u0117<\/p>\n<p>Dainius Sinkevi\u010dius \u2013 kriminalin\u0117s publicistikos \u017eurnalistas, apdovanotas \u012fvairiomis premijomis u\u017e publikacijas apie korupcij\u0105 ir teism\u0173 veikl\u0105. Europos Komisija j\u012f yra pripa\u017einusi toleranti\u0161kiausiu \u017eurnalistu Lietuvoje. Dainiui Sinkevi\u010diui taip pat \u012fteiktas nacionalinis apdovanojimas u\u017e \u017eod\u017eio laisv\u0117s gynim\u0105. 2018 m. Prezident\u0117 Dalia Grybauskait\u0117 autori\u0173 \u012fvertino kaip \u017eurnalist\u0105, svariai prisid\u0117jus\u012f prie teis\u0117saugos institucij\u0173 veiklos skaidrinimo, ir u\u017e nuopelnus valstybei skyr\u0117 Lietuvos did\u017eiojo kunigaik\u0161\u010dio Gedimino ordino medal\u012f.<\/p>\n","protected":false},"excerpt":{"rendered":"<p>Nuo sen\u0173 laik\u0173 Pravieni\u0161ki\u0173 pataisos nam\u0173 antrojoje valdyboje 1-asis lokalinis sektorius yra vadinamas bach\u016br\u0173 lokalke. Tai rei\u0161kia, kad \u010dia vienaip ar kitaip kali asmenys, kurie yra susij\u0119 su organizuotomis nusikalstamomis grupuot\u0117mis, daran\u010diomis nusikaltimus laisv\u0117je. Jie savo grupuotes formuoja ir kal\u0117jime. Jei administracija ir bando vien\u0105 kit\u0105 bach\u016br\u0105 ar vierch\u0105 perkelti \u012f kit\u0105 lokalin\u012f sektori\u0173, kuriame pagal nuteist\u0173j\u0173 taisykles jis negali kal\u0117ti, pats kalinys atsisako paklusti \u2013 niekur nesikelia. Tada jis da\u017eniausiai b\u016bna u\u017edaromas \u012f drausm\u0117s b\u016br\u012f, paskui gr\u0105\u017einamas atgal \u012f savo lokalin\u012f sektori\u0173. Be to, jei administracija ir bandyt\u0173, pavyzd\u017eiui, bach\u016br\u0105 ar kelet\u0105 bach\u016br\u0173 perkelti \u012f lokalin\u012f sektori\u0173, kuriame dirba nuteistieji, tokiu atveju gali kilti riau\u0161\u0117s, bado akcijos ir pan., tod\u0117l da\u017eniausiai kaliniams yra nuolaid\u017eiaujama. Pagal nera\u0161ytas taisykles, galiojan\u010dias Pravieni\u0161ki\u0173 pataisos namuose, bach\u016brai yra auk\u0161\u010diausia nuteist\u0173j\u0173 grup\u0117 ar kasta, jie nedirba, vadovaujasi ir laikosi nera\u0161yt\u0173 taisykli\u0173 \u2013 poniatki\u0173. \u017dodis \u201ebach\u016bras&#8221; rei\u0161kia pagrindin\u012f dalyk\u0105: toks asmuo laikosi ir g yvena pagal poniatkes, negali bendradarbiauti su administracija, negali dirbti kal\u0117jime ir jokiomis aplinkyb\u0117mis duoti joki\u0173 parodym\u0173. Bach\u016bras nelink\u0119s pasitaisyti: jei jis laisv\u0117je dar\u0117 nusikaltim\u0173, juos daro ir kal\u0117jime, taip pat darys ir i\u0161\u0117j\u0119s \u012f laisv\u0119. Pravieni\u0161ki\u0173 mafija \u2013 \u0161e\u0161erius metus pataisos namuose veikusi pavojinga nusikalt\u0117li\u0173 grupuot\u0117, sudaryta i\u0161 gerai teis\u0117saugai \u017einom\u0173 nusikalstamo pasaulio atstov\u0173. Pagal kriminalinio pasaulio subkult\u016bros elgesio taisykles gyvenantys grupuot\u0117s nariai zonoje per\u0117m\u0117 vald\u017ei\u0105 \u2013 jiems pakluso ne tik kiti kaliniai, bet ir pataisos nam\u0173 darbuotojai. Ties\u0105 apie tai, kas vyksta Pravieni\u0161ki\u0173 pataisos namuose atskleid\u0119s ir vis\u0105 Lietuvos kal\u0117jim\u0173 sistem\u0105 sudrebin\u0119s portalo \u201eDelfi.lt&#8221; specialusis korespondentas Dainius Sinkevi\u010dius knygoje Pravieni\u0161ki\u0173 mafija apra\u0161o kal\u0117jimo kasdienyb\u0119, kurios daugelis nenor\u0117t\u0173 matyti: ne tik pateikia necenz\u016bruotus kal\u0117jimo \u201ebach\u016br\u0173&#8221;, \u201ed\u016bch\u0173&#8221; ir \u201egaid\u017ei\u0173&#8221; liudijimus apie kruvin\u0105 kov\u0105 d\u0117l vald\u017eios, kalini\u0173 luo\u0161inimus, prekyb\u0105 narkotin\u0117mis med\u017eiagomis, pareig\u016bn\u0173 papirkin\u0117jim\u0105, santykius su pramog\u0173 pasaulio \u017evaig\u017edut\u0117mis, bet ir pasakoja apie nuo visuomen\u0117s nusl\u0117ptus nusikaltimus, taip pat pirm\u0105 kart\u0105 publikuoja prabilusi\u0173 garsi\u0173 kalini\u0173 i\u0161pa\u017eintis. \u201e\u0160i knyga taip \u012ftraukia, kad net ir pad\u0117j\u0119s j\u0105 nebegali nustoti galvoj\u0119s apie tai, k\u0105 perskaitei. Dar labiau sukre\u010dia, kad apra\u0161omi \u012fvykiai ir herojai yra tikri ir jie yra visai \u0161alia m\u016bs\u0173. Mes, kaip visuomen\u0117, privalome padaryti visk\u0105, kad situacija \u0161alies \u012fkalinimo \u012fstaigose pasikeist\u0173.&#8221; Rasa Lukaityt\u0117-Vnarauskien\u0117, \u201eDelfi.lt&#8221; vyriausioji redaktor\u0117 Dainius Sinkevi\u010dius \u2013 kriminalin\u0117s publicistikos \u017eurnalistas, apdovanotas \u012fvairiomis premijomis u\u017e publikacijas apie korupcij\u0105 ir teism\u0173 veikl\u0105. Europos Komisija j\u012f yra pripa\u017einusi toleranti\u0161kiausiu \u017eurnalistu Lietuvoje. Dainiui Sinkevi\u010diui taip pat \u012fteiktas nacionalinis apdovanojimas u\u017e \u017eod\u017eio laisv\u0117s gynim\u0105. 2018 m. Prezident\u0117 Dalia Grybauskait\u0117 autori\u0173 \u012fvertino kaip \u017eurnalist\u0105, svariai prisid\u0117jus\u012f prie teis\u0117saugos institucij\u0173 veiklos skaidrinimo, ir u\u017e nuopelnus valstybei skyr\u0117 Lietuvos did\u017eiojo kunigaik\u0161\u010dio Gedimino ordino medal\u012f.<\/p>\n","protected":false},"featured_media":24969,"comment_status":"open","ping_status":"closed","template":"","meta":{"_acf_changed":false,"site-sidebar-layout":"default","site-content-layout":"","ast-site-content-layout":"default","site-content-style":"default","site-sidebar-style":"default","ast-global-header-display":"","ast-banner-title-visibility":"","ast-main-header-display":"","ast-hfb-above-header-display":"","ast-hfb-below-header-display":"","ast-hfb-mobile-header-display":"","site-post-title":"","ast-breadcrumbs-content":"","ast-featured-img":"","footer-sml-layout":"","ast-disable-related-posts":"","theme-transparent-header-meta":"","adv-header-id-meta":"","stick-header-meta":"","header-above-stick-meta":"","header-main-stick-meta":"","header-below-stick-meta":"","astra-migrate-meta-layouts":"default","ast-page-background-enabled":"default","ast-page-background-meta":{"desktop":{"background-color":"","background-image":"","background-repeat":"repeat","background-position":"center center","background-size":"auto","background-attachment":"scroll","background-type":"","background-media":"","overlay-type":"","overlay-color":"","overlay-opacity":"","overlay-gradient":""},"tablet":{"background-color":"","background-image":"","background-repeat":"repeat","background-position":"center center","background-size":"auto","background-attachment":"scroll","background-type":"","background-media":"","overlay-type":"","overlay-color":"","overlay-opacity":"","overlay-gradient":""},"mobile":{"background-color":"","background-image":"","background-repeat":"repeat","background-position":"center center","background-size":"auto","background-attachment":"scroll","background-type":"","background-media":"","overlay-type":"","overlay-color":"","overlay-opacity":"","overlay-gradient":""}},"ast-content-background-meta":{"desktop":{"background-color":"var(--ast-global-color-4)","background-image":"","background-repeat":"repeat","background-position":"center center","background-size":"auto","background-attachment":"scroll","background-type":"","background-media":"","overlay-type":"","overlay-color":"","overlay-opacity":"","overlay-gradient":""},"tablet":{"background-color":"var(--ast-global-color-4)","background-image":"","background-repeat":"repeat","background-position":"center center","background-size":"auto","background-attachment":"scroll","background-type":"","background-media":"","overlay-type":"","overlay-color":"","overlay-opacity":"","overlay-gradient":""},"mobile":{"background-color":"var(--ast-global-color-4)","background-image":"","background-repeat":"repeat","background-position":"center center","background-size":"auto","background-attachment":"scroll","background-type":"","background-media":"","overlay-type":"","overlay-color":"","overlay-opacity":"","overlay-gradient":""}}},"product_brand":[],"product_cat":[436],"product_tag":[],"class_list":{"0":"post-24968","1":"product","2":"type-product","3":"status-publish","4":"has-post-thumbnail","6":"product_cat-teise","7":"desktop-align-left","8":"tablet-align-left","9":"mobile-align-left","11":"first","12":"instock","13":"shipping-taxable","14":"purchasable","15":"product-type-simple"},"acf":[],"yoast_head":"<!-- This site is optimized with the Yoast SEO plugin v27.0 - https:\/\/yoast.com\/product\/yoast-seo-wordpress\/ -->\n<title>PRAVIENI\u0160KI\u0172 MAFIJA<\/title>\n<meta name=\"description\" content=\"Nuo sen\u0173 laik\u0173 Pravieni\u0161ki\u0173 pataisos nam\u0173 antrojoje valdyboje 1-asis lokalinis sektorius yra vadinamas bach\u016br\u0173 lokalke. Tai rei\u0161kia, kad \u010dia vienaip ar\" \/>\n<meta name=\"robots\" content=\"index, follow, max-snippet:-1, max-image-preview:large, max-video-preview:-1\" \/>\n<link rel=\"canonical\" href=\"https:\/\/skaitytaknyga.lt\/en\/produktas\/pravieniskiu-mafija\/\" \/>\n<meta property=\"og:locale\" content=\"en_GB\" \/>\n<meta property=\"og:locale:alternate\" content=\"lt_LT\" \/>\n<meta property=\"og:type\" content=\"article\" \/>\n<meta property=\"og:title\" content=\"PRAVIENI\u0160KI\u0172 MAFIJA\" \/>\n<meta property=\"og:description\" content=\"Nuo sen\u0173 laik\u0173 Pravieni\u0161ki\u0173 pataisos nam\u0173 antrojoje valdyboje 1-asis lokalinis sektorius yra vadinamas bach\u016br\u0173 lokalke. Tai rei\u0161kia, kad \u010dia vienaip ar\" \/>\n<meta property=\"og:url\" content=\"https:\/\/skaitytaknyga.lt\/en\/produktas\/pravieniskiu-mafija\/\" \/>\n<meta property=\"og:site_name\" content=\"Skaitytaknyga\" \/>\n<meta property=\"article:publisher\" content=\"https:\/\/www.facebook.com\/skaitytaknyga\/\" \/>\n<meta property=\"article:modified_time\" content=\"2026-03-18T08:27:49+00:00\" \/>\n<meta property=\"og:image\" content=\"https:\/\/skaitytaknyga.lt\/wp-content\/uploads\/2026\/03\/PRAVIENISKIU-MAFIJA.webp\" \/>\n\t<meta property=\"og:image:width\" content=\"450\" \/>\n\t<meta property=\"og:image:height\" content=\"652\" \/>\n\t<meta property=\"og:image:type\" content=\"image\/webp\" \/>\n<meta name=\"twitter:card\" content=\"summary_large_image\" \/>\n<meta name=\"twitter:label1\" content=\"Estimated reading time\" \/>\n\t<meta name=\"twitter:data1\" content=\"2 minutes\" \/>\n<script type=\"application\/ld+json\" class=\"yoast-schema-graph\">{\"@context\":\"https:\/\/schema.org\",\"@graph\":[{\"@type\":\"WebPage\",\"@id\":\"https:\/\/skaitytaknyga.lt\/produktas\/pravieniskiu-mafija\/\",\"url\":\"https:\/\/skaitytaknyga.lt\/produktas\/pravieniskiu-mafija\/\",\"name\":\"PRAVIENI\u0160KI\u0172 MAFIJA\",\"isPartOf\":{\"@id\":\"https:\/\/skaitytaknyga.lt\/#website\"},\"primaryImageOfPage\":{\"@id\":\"https:\/\/skaitytaknyga.lt\/produktas\/pravieniskiu-mafija\/#primaryimage\"},\"image\":{\"@id\":\"https:\/\/skaitytaknyga.lt\/produktas\/pravieniskiu-mafija\/#primaryimage\"},\"thumbnailUrl\":\"https:\/\/skaitytaknyga.lt\/wp-content\/uploads\/2026\/03\/PRAVIENISKIU-MAFIJA.webp\",\"datePublished\":\"2026-03-18T08:06:26+00:00\",\"dateModified\":\"2026-03-18T08:27:49+00:00\",\"description\":\"Nuo sen\u0173 laik\u0173 Pravieni\u0161ki\u0173 pataisos nam\u0173 antrojoje valdyboje 1-asis lokalinis sektorius yra vadinamas bach\u016br\u0173 lokalke. Tai rei\u0161kia, kad \u010dia vienaip ar\",\"breadcrumb\":{\"@id\":\"https:\/\/skaitytaknyga.lt\/produktas\/pravieniskiu-mafija\/#breadcrumb\"},\"inLanguage\":\"en-GB\",\"potentialAction\":[{\"@type\":\"ReadAction\",\"target\":[\"https:\/\/skaitytaknyga.lt\/produktas\/pravieniskiu-mafija\/\"]}]},{\"@type\":\"ImageObject\",\"inLanguage\":\"en-GB\",\"@id\":\"https:\/\/skaitytaknyga.lt\/produktas\/pravieniskiu-mafija\/#primaryimage\",\"url\":\"https:\/\/skaitytaknyga.lt\/wp-content\/uploads\/2026\/03\/PRAVIENISKIU-MAFIJA.webp\",\"contentUrl\":\"https:\/\/skaitytaknyga.lt\/wp-content\/uploads\/2026\/03\/PRAVIENISKIU-MAFIJA.webp\",\"width\":450,\"height\":652,\"caption\":\"PRAVIENI\u0160KI\u0172 MAFIJA\"},{\"@type\":\"BreadcrumbList\",\"@id\":\"https:\/\/skaitytaknyga.lt\/produktas\/pravieniskiu-mafija\/#breadcrumb\",\"itemListElement\":[{\"@type\":\"ListItem\",\"position\":1,\"name\":\"Home\",\"item\":\"https:\/\/skaitytaknyga.lt\/\"},{\"@type\":\"ListItem\",\"position\":2,\"name\":\"Parduotuv\u0117\",\"item\":\"https:\/\/skaitytaknyga.lt\/knygu-parduotuve\/\"},{\"@type\":\"ListItem\",\"position\":3,\"name\":\"PRAVIENI\u0160KI\u0172 MAFIJA\"}]},{\"@type\":\"WebSite\",\"@id\":\"https:\/\/skaitytaknyga.lt\/#website\",\"url\":\"https:\/\/skaitytaknyga.lt\/\",\"name\":\"skaitytaknyga.lt\",\"description\":\"Skaitytaknyga.lt \u2013 tai ma\u017eas \u0161eimos verslas, kuris prasid\u0117jo nuo meil\u0117s knygoms ir siekio i\u0161gelb\u0117ti knygas nuo likimo prie konteinerio. Kas vienam nereikalingas daiktas \u2013 kitam lobis, o mes esame tarpininkai, kurie padeda abiems tapti laimingesniems ???? \u017dinome kaip nelengva i\u0161gyventi ma\u017eiems verslams, tad nuo \u0161iol, \u010dia rasite ir kit\u0173, ma\u017e\u0173 \u0161eim\u0173 versl\u0173, rank\u0173 darbo, dovan\u0173 sau ir artimiesiems.\",\"publisher\":{\"@id\":\"https:\/\/skaitytaknyga.lt\/#organization\"},\"potentialAction\":[{\"@type\":\"SearchAction\",\"target\":{\"@type\":\"EntryPoint\",\"urlTemplate\":\"https:\/\/skaitytaknyga.lt\/?s={search_term_string}\"},\"query-input\":{\"@type\":\"PropertyValueSpecification\",\"valueRequired\":true,\"valueName\":\"search_term_string\"}}],\"inLanguage\":\"en-GB\"},{\"@type\":\"Organization\",\"@id\":\"https:\/\/skaitytaknyga.lt\/#organization\",\"name\":\"skaitytaknyga.lt\",\"url\":\"https:\/\/skaitytaknyga.lt\/\",\"logo\":{\"@type\":\"ImageObject\",\"inLanguage\":\"en-GB\",\"@id\":\"https:\/\/skaitytaknyga.lt\/#\/schema\/logo\/image\/\",\"url\":\"https:\/\/skaitytaknyga.lt\/wp-content\/uploads\/2024\/05\/cropped-cropped-cropped-02_00843_jt3bggkj1j3HLc7SyY6rEUpg.jpeg\",\"contentUrl\":\"https:\/\/skaitytaknyga.lt\/wp-content\/uploads\/2024\/05\/cropped-cropped-cropped-02_00843_jt3bggkj1j3HLc7SyY6rEUpg.jpeg\",\"width\":1600,\"height\":1600,\"caption\":\"skaitytaknyga.lt\"},\"image\":{\"@id\":\"https:\/\/skaitytaknyga.lt\/#\/schema\/logo\/image\/\"},\"sameAs\":[\"https:\/\/www.facebook.com\/skaitytaknyga\/\"]}]}<\/script>\n<!-- \/ Yoast SEO plugin. -->","yoast_head_json":{"title":"PRAVIENI\u0160KI\u0172 MAFIJA","description":"Nuo sen\u0173 laik\u0173 Pravieni\u0161ki\u0173 pataisos nam\u0173 antrojoje valdyboje 1-asis lokalinis sektorius yra vadinamas bach\u016br\u0173 lokalke. Tai rei\u0161kia, kad \u010dia vienaip ar","robots":{"index":"index","follow":"follow","max-snippet":"max-snippet:-1","max-image-preview":"max-image-preview:large","max-video-preview":"max-video-preview:-1"},"canonical":"https:\/\/skaitytaknyga.lt\/en\/produktas\/pravieniskiu-mafija\/","og_locale":"en_GB","og_type":"article","og_title":"[:lt]PRAVIENI\u0160KI\u0172 MAFIJA[:] - Skaitytaknyga","og_description":"Nuo sen\u0173 laik\u0173 Pravieni\u0161ki\u0173 pataisos nam\u0173 antrojoje valdyboje 1-asis lokalinis sektorius yra vadinamas bach\u016br\u0173 lokalke. Tai rei\u0161kia, kad \u010dia vienaip ar","og_url":"https:\/\/skaitytaknyga.lt\/en\/produktas\/pravieniskiu-mafija\/","og_site_name":"Skaitytaknyga","article_publisher":"https:\/\/www.facebook.com\/skaitytaknyga\/","article_modified_time":"2026-03-18T08:27:49+00:00","og_image":[{"width":450,"height":652,"url":"https:\/\/skaitytaknyga.lt\/wp-content\/uploads\/2026\/03\/PRAVIENISKIU-MAFIJA.webp","type":"image\/webp"}],"twitter_card":"summary_large_image","twitter_misc":{"Estimated reading time":"2 minutes"},"schema":{"@context":"https:\/\/schema.org","@graph":[{"@type":"WebPage","@id":"https:\/\/skaitytaknyga.lt\/produktas\/pravieniskiu-mafija\/","url":"https:\/\/skaitytaknyga.lt\/produktas\/pravieniskiu-mafija\/","name":"PRAVIENI\u0160KI\u0172 MAFIJA","isPartOf":{"@id":"https:\/\/skaitytaknyga.lt\/#website"},"primaryImageOfPage":{"@id":"https:\/\/skaitytaknyga.lt\/produktas\/pravieniskiu-mafija\/#primaryimage"},"image":{"@id":"https:\/\/skaitytaknyga.lt\/produktas\/pravieniskiu-mafija\/#primaryimage"},"thumbnailUrl":"https:\/\/skaitytaknyga.lt\/wp-content\/uploads\/2026\/03\/PRAVIENISKIU-MAFIJA.webp","datePublished":"2026-03-18T08:06:26+00:00","dateModified":"2026-03-18T08:27:49+00:00","description":"Nuo sen\u0173 laik\u0173 Pravieni\u0161ki\u0173 pataisos nam\u0173 antrojoje valdyboje 1-asis lokalinis sektorius yra vadinamas bach\u016br\u0173 lokalke. Tai rei\u0161kia, kad \u010dia vienaip ar","breadcrumb":{"@id":"https:\/\/skaitytaknyga.lt\/produktas\/pravieniskiu-mafija\/#breadcrumb"},"inLanguage":"en-GB","potentialAction":[{"@type":"ReadAction","target":["https:\/\/skaitytaknyga.lt\/produktas\/pravieniskiu-mafija\/"]}]},{"@type":"ImageObject","inLanguage":"en-GB","@id":"https:\/\/skaitytaknyga.lt\/produktas\/pravieniskiu-mafija\/#primaryimage","url":"https:\/\/skaitytaknyga.lt\/wp-content\/uploads\/2026\/03\/PRAVIENISKIU-MAFIJA.webp","contentUrl":"https:\/\/skaitytaknyga.lt\/wp-content\/uploads\/2026\/03\/PRAVIENISKIU-MAFIJA.webp","width":450,"height":652,"caption":"PRAVIENI\u0160KI\u0172 MAFIJA"},{"@type":"BreadcrumbList","@id":"https:\/\/skaitytaknyga.lt\/produktas\/pravieniskiu-mafija\/#breadcrumb","itemListElement":[{"@type":"ListItem","position":1,"name":"Home","item":"https:\/\/skaitytaknyga.lt\/"},{"@type":"ListItem","position":2,"name":"Parduotuv\u0117","item":"https:\/\/skaitytaknyga.lt\/knygu-parduotuve\/"},{"@type":"ListItem","position":3,"name":"PRAVIENI\u0160KI\u0172 MAFIJA"}]},{"@type":"WebSite","@id":"https:\/\/skaitytaknyga.lt\/#website","url":"https:\/\/skaitytaknyga.lt\/","name":"skaitytaknyga.lt","description":"Skaitytaknyga.lt \u2013 tai ma\u017eas \u0161eimos verslas, kuris prasid\u0117jo nuo meil\u0117s knygoms ir siekio i\u0161gelb\u0117ti knygas nuo likimo prie konteinerio. Kas vienam nereikalingas daiktas \u2013 kitam lobis, o mes esame tarpininkai, kurie padeda abiems tapti laimingesniems ???? \u017dinome kaip nelengva i\u0161gyventi ma\u017eiems verslams, tad nuo \u0161iol, \u010dia rasite ir kit\u0173, ma\u017e\u0173 \u0161eim\u0173 versl\u0173, rank\u0173 darbo, dovan\u0173 sau ir artimiesiems.","publisher":{"@id":"https:\/\/skaitytaknyga.lt\/#organization"},"potentialAction":[{"@type":"SearchAction","target":{"@type":"EntryPoint","urlTemplate":"https:\/\/skaitytaknyga.lt\/?s={search_term_string}"},"query-input":{"@type":"PropertyValueSpecification","valueRequired":true,"valueName":"search_term_string"}}],"inLanguage":"en-GB"},{"@type":"Organization","@id":"https:\/\/skaitytaknyga.lt\/#organization","name":"skaitytaknyga.lt","url":"https:\/\/skaitytaknyga.lt\/","logo":{"@type":"ImageObject","inLanguage":"en-GB","@id":"https:\/\/skaitytaknyga.lt\/#\/schema\/logo\/image\/","url":"https:\/\/skaitytaknyga.lt\/wp-content\/uploads\/2024\/05\/cropped-cropped-cropped-02_00843_jt3bggkj1j3HLc7SyY6rEUpg.jpeg","contentUrl":"https:\/\/skaitytaknyga.lt\/wp-content\/uploads\/2024\/05\/cropped-cropped-cropped-02_00843_jt3bggkj1j3HLc7SyY6rEUpg.jpeg","width":1600,"height":1600,"caption":"skaitytaknyga.lt"},"image":{"@id":"https:\/\/skaitytaknyga.lt\/#\/schema\/logo\/image\/"},"sameAs":["https:\/\/www.facebook.com\/skaitytaknyga\/"]}]}},"_links":{"self":[{"href":"https:\/\/skaitytaknyga.lt\/en\/wp-json\/wp\/v2\/product\/24968","targetHints":{"allow":["GET"]}}],"collection":[{"href":"https:\/\/skaitytaknyga.lt\/en\/wp-json\/wp\/v2\/product"}],"about":[{"href":"https:\/\/skaitytaknyga.lt\/en\/wp-json\/wp\/v2\/types\/product"}],"replies":[{"embeddable":true,"href":"https:\/\/skaitytaknyga.lt\/en\/wp-json\/wp\/v2\/comments?post=24968"}],"wp:featuredmedia":[{"embeddable":true,"href":"https:\/\/skaitytaknyga.lt\/en\/wp-json\/wp\/v2\/media\/24969"}],"wp:attachment":[{"href":"https:\/\/skaitytaknyga.lt\/en\/wp-json\/wp\/v2\/media?parent=24968"}],"wp:term":[{"taxonomy":"product_brand","embeddable":true,"href":"https:\/\/skaitytaknyga.lt\/en\/wp-json\/wp\/v2\/product_brand?post=24968"},{"taxonomy":"product_cat","embeddable":true,"href":"https:\/\/skaitytaknyga.lt\/en\/wp-json\/wp\/v2\/product_cat?post=24968"},{"taxonomy":"product_tag","embeddable":true,"href":"https:\/\/skaitytaknyga.lt\/en\/wp-json\/wp\/v2\/product_tag?post=24968"}],"curies":[{"name":"wp","href":"https:\/\/api.w.org\/{rel}","templated":true}]}}