{"id":24962,"date":"2026-03-18T09:36:00","date_gmt":"2026-03-18T07:36:00","guid":{"rendered":"https:\/\/skaitytaknyga.lt\/?post_type=product&#038;p=24962"},"modified":"2026-03-18T10:27:49","modified_gmt":"2026-03-18T08:27:49","slug":"penki-elementai-pazinkime-save-naudodamiesi-seniausios-pasaulyje-asmenybes-tipu-sistemos-ismintimi","status":"publish","type":"product","link":"https:\/\/skaitytaknyga.lt\/en\/produktas\/penki-elementai-pazinkime-save-naudodamiesi-seniausios-pasaulyje-asmenybes-tipu-sistemos-ismintimi\/","title":{"rendered":"Penki elementai: pa\u017einkime save, naudodamiesi seniausios pasaulyje asmenyb\u0117s tip\u0173 sistemos i\u0161mintimi"},"content":{"rendered":"<p>Amerikie\u010di\u0173 autor\u0117s Dondi Dahlin knyga \u201ePenki elementai\u201c pristato dar senov\u0117s Kinijoje i\u0161pl\u0117tot\u0105 asmenyb\u0117s tip\u0173 ir gydomosios energetikos sistem\u0105, kuri\u0105 derina su moderniam \u017emogui pritaikomais praktiniais sav\u0119s pa\u017einimo patarimais, nenuklysdama \u012f ezoterines ar \u201eNaujojo Am\u017eiaus&#8221; psichologijos plotmes.<\/p>\n<p>Visi mes gimstame su individualiu vidiniu ritmu, kur\u012f vargiai galima sieti su genetika, aukl\u0117jimu ar aplinkos poveikiu. Penki\u0173 element\u0173 teorija paplito Kinijoje prie\u0161 2000 met\u0173 \u2013 manyta, kad visata susideda i\u0161 penki\u0173 galing\u0173 j\u0117g\u0173: vandens, med\u017eio, ugnies, \u017eem\u0117s ir metalo. Pa\u017einus kiekvieno elemento savybes ir supratus, kurios j\u0173 stipriausiai veikia \u017emogaus charakter\u012f ir elges\u012f, galima i\u0161mokti i\u0161laikyti fizin\u0119, protin\u0119, dvasin\u0119 ir emocin\u0119 pusiausvyr\u0105. Med\u017eio stipryb\u0117, vandens gelm\u0117, ugnies gyvastis, \u017eem\u0117s atjauta ir metalo i\u0161mintis, i\u0161samiai apra\u0161ytos \u0161ioje knygoje, pad\u0117s atid\u017eiau pa\u017evelgti \u012f kitus \u017emones, kurti santykius, kupinus \u012fsiklausymo ir supratimo, atsakyti \u012f am\u017ein\u0105j\u012f klausim\u0105 \u2013 kas esu ir kod\u0117l taip elgiuosi.<\/p>\n<p>Dondi Dahlin \u2013 ne vien\u0105 apdovanojim\u0105 pelniusi knyg\u0173 autor\u0117, lektor\u0117, d\u0117stytoja, rytieti\u0161k\u0173 \u0161oki\u0173 \u017einov\u0117 ir JAV kino aktori\u0173 gildijos nar\u0117. Penki\u0173 element\u0173 teorijos D. Dahlin moko Niujorke \u012fsik\u016brusiame OMEGA institute, o su pa\u017eintiniu energetinio gydymo kursu keliauja po vis\u0105 pasaul\u012f.<\/p>\n","protected":false},"excerpt":{"rendered":"<p>Amerikie\u010di\u0173 autor\u0117s Dondi Dahlin knyga \u201ePenki elementai\u201c pristato dar senov\u0117s Kinijoje i\u0161pl\u0117tot\u0105 asmenyb\u0117s tip\u0173 ir gydomosios energetikos sistem\u0105, kuri\u0105 derina su moderniam \u017emogui pritaikomais praktiniais sav\u0119s pa\u017einimo patarimais, nenuklysdama \u012f ezoterines ar \u201eNaujojo Am\u017eiaus&#8221; psichologijos plotmes. Visi mes gimstame su individualiu vidiniu ritmu, kur\u012f vargiai galima sieti su genetika, aukl\u0117jimu ar aplinkos poveikiu. Penki\u0173 element\u0173 teorija paplito Kinijoje prie\u0161 2000 met\u0173 \u2013 manyta, kad visata susideda i\u0161 penki\u0173 galing\u0173 j\u0117g\u0173: vandens, med\u017eio, ugnies, \u017eem\u0117s ir metalo. Pa\u017einus kiekvieno elemento savybes ir supratus, kurios j\u0173 stipriausiai veikia \u017emogaus charakter\u012f ir elges\u012f, galima i\u0161mokti i\u0161laikyti fizin\u0119, protin\u0119, dvasin\u0119 ir emocin\u0119 pusiausvyr\u0105. Med\u017eio stipryb\u0117, vandens gelm\u0117, ugnies gyvastis, \u017eem\u0117s atjauta ir metalo i\u0161mintis, i\u0161samiai apra\u0161ytos \u0161ioje knygoje, pad\u0117s atid\u017eiau pa\u017evelgti \u012f kitus \u017emones, kurti santykius, kupinus \u012fsiklausymo ir supratimo, atsakyti \u012f am\u017ein\u0105j\u012f klausim\u0105 \u2013 kas esu ir kod\u0117l taip elgiuosi. Dondi Dahlin \u2013 ne vien\u0105 apdovanojim\u0105 pelniusi knyg\u0173 autor\u0117, lektor\u0117, d\u0117stytoja, rytieti\u0161k\u0173 \u0161oki\u0173 \u017einov\u0117 ir JAV kino aktori\u0173 gildijos nar\u0117. Penki\u0173 element\u0173 teorijos D. Dahlin moko Niujorke \u012fsik\u016brusiame OMEGA institute, o su pa\u017eintiniu energetinio gydymo kursu keliauja po vis\u0105 pasaul\u012f.<\/p>\n","protected":false},"featured_media":24967,"comment_status":"open","ping_status":"closed","template":"","meta":{"_acf_changed":false,"site-sidebar-layout":"default","site-content-layout":"","ast-site-content-layout":"default","site-content-style":"default","site-sidebar-style":"default","ast-global-header-display":"","ast-banner-title-visibility":"","ast-main-header-display":"","ast-hfb-above-header-display":"","ast-hfb-below-header-display":"","ast-hfb-mobile-header-display":"","site-post-title":"","ast-breadcrumbs-content":"","ast-featured-img":"","footer-sml-layout":"","ast-disable-related-posts":"","theme-transparent-header-meta":"","adv-header-id-meta":"","stick-header-meta":"","header-above-stick-meta":"","header-main-stick-meta":"","header-below-stick-meta":"","astra-migrate-meta-layouts":"default","ast-page-background-enabled":"default","ast-page-background-meta":{"desktop":{"background-color":"","background-image":"","background-repeat":"repeat","background-position":"center center","background-size":"auto","background-attachment":"scroll","background-type":"","background-media":"","overlay-type":"","overlay-color":"","overlay-opacity":"","overlay-gradient":""},"tablet":{"background-color":"","background-image":"","background-repeat":"repeat","background-position":"center center","background-size":"auto","background-attachment":"scroll","background-type":"","background-media":"","overlay-type":"","overlay-color":"","overlay-opacity":"","overlay-gradient":""},"mobile":{"background-color":"","background-image":"","background-repeat":"repeat","background-position":"center center","background-size":"auto","background-attachment":"scroll","background-type":"","background-media":"","overlay-type":"","overlay-color":"","overlay-opacity":"","overlay-gradient":""}},"ast-content-background-meta":{"desktop":{"background-color":"var(--ast-global-color-4)","background-image":"","background-repeat":"repeat","background-position":"center center","background-size":"auto","background-attachment":"scroll","background-type":"","background-media":"","overlay-type":"","overlay-color":"","overlay-opacity":"","overlay-gradient":""},"tablet":{"background-color":"var(--ast-global-color-4)","background-image":"","background-repeat":"repeat","background-position":"center center","background-size":"auto","background-attachment":"scroll","background-type":"","background-media":"","overlay-type":"","overlay-color":"","overlay-opacity":"","overlay-gradient":""},"mobile":{"background-color":"var(--ast-global-color-4)","background-image":"","background-repeat":"repeat","background-position":"center center","background-size":"auto","background-attachment":"scroll","background-type":"","background-media":"","overlay-type":"","overlay-color":"","overlay-opacity":"","overlay-gradient":""}}},"product_brand":[],"product_cat":[30],"product_tag":[],"class_list":{"0":"post-24962","1":"product","2":"type-product","3":"status-publish","4":"has-post-thumbnail","6":"product_cat-psichologija-ir-saviugda","7":"desktop-align-left","8":"tablet-align-left","9":"mobile-align-left","11":"first","12":"instock","13":"shipping-taxable","14":"purchasable","15":"product-type-simple"},"acf":[],"yoast_head":"<!-- This site is optimized with the Yoast SEO plugin v27.0 - https:\/\/yoast.com\/product\/yoast-seo-wordpress\/ -->\n<title>Penki elementai: pa\u017einkime save, naudodamiesi seniausios pasaulyje asmenyb\u0117s tip\u0173 sistemos i\u0161mintimi<\/title>\n<meta name=\"description\" content=\"Amerikie\u010di\u0173 autor\u0117s Dondi Dahlin knyga \u201ePenki elementai\u201c pristato dar senov\u0117s Kinijoje i\u0161pl\u0117tot\u0105 asmenyb\u0117s tip\u0173 ir gydomosios energetikos sistem\u0105, kuri\u0105\" \/>\n<meta name=\"robots\" content=\"index, follow, max-snippet:-1, max-image-preview:large, max-video-preview:-1\" \/>\n<link rel=\"canonical\" href=\"https:\/\/skaitytaknyga.lt\/en\/produktas\/penki-elementai-pazinkime-save-naudodamiesi-seniausios-pasaulyje-asmenybes-tipu-sistemos-ismintimi\/\" \/>\n<meta property=\"og:locale\" content=\"en_GB\" \/>\n<meta property=\"og:locale:alternate\" content=\"lt_LT\" \/>\n<meta property=\"og:type\" content=\"article\" \/>\n<meta property=\"og:title\" content=\"Penki elementai: pa\u017einkime save, naudodamiesi seniausios pasaulyje asmenyb\u0117s tip\u0173 sistemos i\u0161mintimi\" \/>\n<meta property=\"og:description\" content=\"Amerikie\u010di\u0173 autor\u0117s Dondi Dahlin knyga \u201ePenki elementai\u201c pristato dar senov\u0117s Kinijoje i\u0161pl\u0117tot\u0105 asmenyb\u0117s tip\u0173 ir gydomosios energetikos sistem\u0105, kuri\u0105\" \/>\n<meta property=\"og:url\" content=\"https:\/\/skaitytaknyga.lt\/en\/produktas\/penki-elementai-pazinkime-save-naudodamiesi-seniausios-pasaulyje-asmenybes-tipu-sistemos-ismintimi\/\" \/>\n<meta property=\"og:site_name\" content=\"Skaitytaknyga\" \/>\n<meta property=\"article:publisher\" content=\"https:\/\/www.facebook.com\/skaitytaknyga\/\" \/>\n<meta property=\"article:modified_time\" content=\"2026-03-18T08:27:49+00:00\" \/>\n<meta property=\"og:image\" content=\"https:\/\/skaitytaknyga.lt\/wp-content\/uploads\/2026\/03\/Penki-elementai-pazinkime-save-naudodamiesi-seniausios-pasaulyje-asmenybes-tipu-sistemos-ismintimi.webp\" \/>\n\t<meta property=\"og:image:width\" content=\"325\" \/>\n\t<meta property=\"og:image:height\" content=\"500\" \/>\n\t<meta property=\"og:image:type\" content=\"image\/webp\" \/>\n<meta name=\"twitter:card\" content=\"summary_large_image\" \/>\n<meta name=\"twitter:label1\" content=\"Estimated reading time\" \/>\n\t<meta name=\"twitter:data1\" content=\"1 minute\" \/>\n<script type=\"application\/ld+json\" class=\"yoast-schema-graph\">{\"@context\":\"https:\/\/schema.org\",\"@graph\":[{\"@type\":\"WebPage\",\"@id\":\"https:\/\/skaitytaknyga.lt\/produktas\/penki-elementai-pazinkime-save-naudodamiesi-seniausios-pasaulyje-asmenybes-tipu-sistemos-ismintimi\/\",\"url\":\"https:\/\/skaitytaknyga.lt\/produktas\/penki-elementai-pazinkime-save-naudodamiesi-seniausios-pasaulyje-asmenybes-tipu-sistemos-ismintimi\/\",\"name\":\"Penki elementai: pa\u017einkime save, naudodamiesi seniausios pasaulyje asmenyb\u0117s tip\u0173 sistemos i\u0161mintimi\",\"isPartOf\":{\"@id\":\"https:\/\/skaitytaknyga.lt\/#website\"},\"primaryImageOfPage\":{\"@id\":\"https:\/\/skaitytaknyga.lt\/produktas\/penki-elementai-pazinkime-save-naudodamiesi-seniausios-pasaulyje-asmenybes-tipu-sistemos-ismintimi\/#primaryimage\"},\"image\":{\"@id\":\"https:\/\/skaitytaknyga.lt\/produktas\/penki-elementai-pazinkime-save-naudodamiesi-seniausios-pasaulyje-asmenybes-tipu-sistemos-ismintimi\/#primaryimage\"},\"thumbnailUrl\":\"https:\/\/skaitytaknyga.lt\/wp-content\/uploads\/2026\/03\/Penki-elementai-pazinkime-save-naudodamiesi-seniausios-pasaulyje-asmenybes-tipu-sistemos-ismintimi.webp\",\"datePublished\":\"2026-03-18T07:36:00+00:00\",\"dateModified\":\"2026-03-18T08:27:49+00:00\",\"description\":\"Amerikie\u010di\u0173 autor\u0117s Dondi Dahlin knyga \u201ePenki elementai\u201c pristato dar senov\u0117s Kinijoje i\u0161pl\u0117tot\u0105 asmenyb\u0117s tip\u0173 ir gydomosios energetikos sistem\u0105, kuri\u0105\",\"breadcrumb\":{\"@id\":\"https:\/\/skaitytaknyga.lt\/produktas\/penki-elementai-pazinkime-save-naudodamiesi-seniausios-pasaulyje-asmenybes-tipu-sistemos-ismintimi\/#breadcrumb\"},\"inLanguage\":\"en-GB\",\"potentialAction\":[{\"@type\":\"ReadAction\",\"target\":[\"https:\/\/skaitytaknyga.lt\/produktas\/penki-elementai-pazinkime-save-naudodamiesi-seniausios-pasaulyje-asmenybes-tipu-sistemos-ismintimi\/\"]}]},{\"@type\":\"ImageObject\",\"inLanguage\":\"en-GB\",\"@id\":\"https:\/\/skaitytaknyga.lt\/produktas\/penki-elementai-pazinkime-save-naudodamiesi-seniausios-pasaulyje-asmenybes-tipu-sistemos-ismintimi\/#primaryimage\",\"url\":\"https:\/\/skaitytaknyga.lt\/wp-content\/uploads\/2026\/03\/Penki-elementai-pazinkime-save-naudodamiesi-seniausios-pasaulyje-asmenybes-tipu-sistemos-ismintimi.webp\",\"contentUrl\":\"https:\/\/skaitytaknyga.lt\/wp-content\/uploads\/2026\/03\/Penki-elementai-pazinkime-save-naudodamiesi-seniausios-pasaulyje-asmenybes-tipu-sistemos-ismintimi.webp\",\"width\":325,\"height\":500,\"caption\":\"Penki elementai pa\u017einkime save, naudodamiesi seniausios pasaulyje asmenyb\u0117s tip\u0173 sistemos i\u0161mintimi\"},{\"@type\":\"BreadcrumbList\",\"@id\":\"https:\/\/skaitytaknyga.lt\/produktas\/penki-elementai-pazinkime-save-naudodamiesi-seniausios-pasaulyje-asmenybes-tipu-sistemos-ismintimi\/#breadcrumb\",\"itemListElement\":[{\"@type\":\"ListItem\",\"position\":1,\"name\":\"Home\",\"item\":\"https:\/\/skaitytaknyga.lt\/\"},{\"@type\":\"ListItem\",\"position\":2,\"name\":\"Parduotuv\u0117\",\"item\":\"https:\/\/skaitytaknyga.lt\/knygu-parduotuve\/\"},{\"@type\":\"ListItem\",\"position\":3,\"name\":\"Penki elementai: pa\u017einkime save, naudodamiesi seniausios pasaulyje asmenyb\u0117s tip\u0173 sistemos i\u0161mintimi\"}]},{\"@type\":\"WebSite\",\"@id\":\"https:\/\/skaitytaknyga.lt\/#website\",\"url\":\"https:\/\/skaitytaknyga.lt\/\",\"name\":\"skaitytaknyga.lt\",\"description\":\"Skaitytaknyga.lt \u2013 tai ma\u017eas \u0161eimos verslas, kuris prasid\u0117jo nuo meil\u0117s knygoms ir siekio i\u0161gelb\u0117ti knygas nuo likimo prie konteinerio. Kas vienam nereikalingas daiktas \u2013 kitam lobis, o mes esame tarpininkai, kurie padeda abiems tapti laimingesniems ???? \u017dinome kaip nelengva i\u0161gyventi ma\u017eiems verslams, tad nuo \u0161iol, \u010dia rasite ir kit\u0173, ma\u017e\u0173 \u0161eim\u0173 versl\u0173, rank\u0173 darbo, dovan\u0173 sau ir artimiesiems.\",\"publisher\":{\"@id\":\"https:\/\/skaitytaknyga.lt\/#organization\"},\"potentialAction\":[{\"@type\":\"SearchAction\",\"target\":{\"@type\":\"EntryPoint\",\"urlTemplate\":\"https:\/\/skaitytaknyga.lt\/?s={search_term_string}\"},\"query-input\":{\"@type\":\"PropertyValueSpecification\",\"valueRequired\":true,\"valueName\":\"search_term_string\"}}],\"inLanguage\":\"en-GB\"},{\"@type\":\"Organization\",\"@id\":\"https:\/\/skaitytaknyga.lt\/#organization\",\"name\":\"skaitytaknyga.lt\",\"url\":\"https:\/\/skaitytaknyga.lt\/\",\"logo\":{\"@type\":\"ImageObject\",\"inLanguage\":\"en-GB\",\"@id\":\"https:\/\/skaitytaknyga.lt\/#\/schema\/logo\/image\/\",\"url\":\"https:\/\/skaitytaknyga.lt\/wp-content\/uploads\/2024\/05\/cropped-cropped-cropped-02_00843_jt3bggkj1j3HLc7SyY6rEUpg.jpeg\",\"contentUrl\":\"https:\/\/skaitytaknyga.lt\/wp-content\/uploads\/2024\/05\/cropped-cropped-cropped-02_00843_jt3bggkj1j3HLc7SyY6rEUpg.jpeg\",\"width\":1600,\"height\":1600,\"caption\":\"skaitytaknyga.lt\"},\"image\":{\"@id\":\"https:\/\/skaitytaknyga.lt\/#\/schema\/logo\/image\/\"},\"sameAs\":[\"https:\/\/www.facebook.com\/skaitytaknyga\/\"]}]}<\/script>\n<!-- \/ Yoast SEO plugin. -->","yoast_head_json":{"title":"Penki elementai: pa\u017einkime save, naudodamiesi seniausios pasaulyje asmenyb\u0117s tip\u0173 sistemos i\u0161mintimi","description":"Amerikie\u010di\u0173 autor\u0117s Dondi Dahlin knyga \u201ePenki elementai\u201c pristato dar senov\u0117s Kinijoje i\u0161pl\u0117tot\u0105 asmenyb\u0117s tip\u0173 ir gydomosios energetikos sistem\u0105, kuri\u0105","robots":{"index":"index","follow":"follow","max-snippet":"max-snippet:-1","max-image-preview":"max-image-preview:large","max-video-preview":"max-video-preview:-1"},"canonical":"https:\/\/skaitytaknyga.lt\/en\/produktas\/penki-elementai-pazinkime-save-naudodamiesi-seniausios-pasaulyje-asmenybes-tipu-sistemos-ismintimi\/","og_locale":"en_GB","og_type":"article","og_title":"[:lt]Penki elementai: pa\u017einkime save, naudodamiesi seniausios pasaulyje asmenyb\u0117s tip\u0173 sistemos i\u0161mintimi[:] - Skaitytaknyga","og_description":"Amerikie\u010di\u0173 autor\u0117s Dondi Dahlin knyga \u201ePenki elementai\u201c pristato dar senov\u0117s Kinijoje i\u0161pl\u0117tot\u0105 asmenyb\u0117s tip\u0173 ir gydomosios energetikos sistem\u0105, kuri\u0105","og_url":"https:\/\/skaitytaknyga.lt\/en\/produktas\/penki-elementai-pazinkime-save-naudodamiesi-seniausios-pasaulyje-asmenybes-tipu-sistemos-ismintimi\/","og_site_name":"Skaitytaknyga","article_publisher":"https:\/\/www.facebook.com\/skaitytaknyga\/","article_modified_time":"2026-03-18T08:27:49+00:00","og_image":[{"width":325,"height":500,"url":"https:\/\/skaitytaknyga.lt\/wp-content\/uploads\/2026\/03\/Penki-elementai-pazinkime-save-naudodamiesi-seniausios-pasaulyje-asmenybes-tipu-sistemos-ismintimi.webp","type":"image\/webp"}],"twitter_card":"summary_large_image","twitter_misc":{"Estimated reading time":"1 minute"},"schema":{"@context":"https:\/\/schema.org","@graph":[{"@type":"WebPage","@id":"https:\/\/skaitytaknyga.lt\/produktas\/penki-elementai-pazinkime-save-naudodamiesi-seniausios-pasaulyje-asmenybes-tipu-sistemos-ismintimi\/","url":"https:\/\/skaitytaknyga.lt\/produktas\/penki-elementai-pazinkime-save-naudodamiesi-seniausios-pasaulyje-asmenybes-tipu-sistemos-ismintimi\/","name":"Penki elementai: pa\u017einkime save, naudodamiesi seniausios pasaulyje asmenyb\u0117s tip\u0173 sistemos i\u0161mintimi","isPartOf":{"@id":"https:\/\/skaitytaknyga.lt\/#website"},"primaryImageOfPage":{"@id":"https:\/\/skaitytaknyga.lt\/produktas\/penki-elementai-pazinkime-save-naudodamiesi-seniausios-pasaulyje-asmenybes-tipu-sistemos-ismintimi\/#primaryimage"},"image":{"@id":"https:\/\/skaitytaknyga.lt\/produktas\/penki-elementai-pazinkime-save-naudodamiesi-seniausios-pasaulyje-asmenybes-tipu-sistemos-ismintimi\/#primaryimage"},"thumbnailUrl":"https:\/\/skaitytaknyga.lt\/wp-content\/uploads\/2026\/03\/Penki-elementai-pazinkime-save-naudodamiesi-seniausios-pasaulyje-asmenybes-tipu-sistemos-ismintimi.webp","datePublished":"2026-03-18T07:36:00+00:00","dateModified":"2026-03-18T08:27:49+00:00","description":"Amerikie\u010di\u0173 autor\u0117s Dondi Dahlin knyga \u201ePenki elementai\u201c pristato dar senov\u0117s Kinijoje i\u0161pl\u0117tot\u0105 asmenyb\u0117s tip\u0173 ir gydomosios energetikos sistem\u0105, kuri\u0105","breadcrumb":{"@id":"https:\/\/skaitytaknyga.lt\/produktas\/penki-elementai-pazinkime-save-naudodamiesi-seniausios-pasaulyje-asmenybes-tipu-sistemos-ismintimi\/#breadcrumb"},"inLanguage":"en-GB","potentialAction":[{"@type":"ReadAction","target":["https:\/\/skaitytaknyga.lt\/produktas\/penki-elementai-pazinkime-save-naudodamiesi-seniausios-pasaulyje-asmenybes-tipu-sistemos-ismintimi\/"]}]},{"@type":"ImageObject","inLanguage":"en-GB","@id":"https:\/\/skaitytaknyga.lt\/produktas\/penki-elementai-pazinkime-save-naudodamiesi-seniausios-pasaulyje-asmenybes-tipu-sistemos-ismintimi\/#primaryimage","url":"https:\/\/skaitytaknyga.lt\/wp-content\/uploads\/2026\/03\/Penki-elementai-pazinkime-save-naudodamiesi-seniausios-pasaulyje-asmenybes-tipu-sistemos-ismintimi.webp","contentUrl":"https:\/\/skaitytaknyga.lt\/wp-content\/uploads\/2026\/03\/Penki-elementai-pazinkime-save-naudodamiesi-seniausios-pasaulyje-asmenybes-tipu-sistemos-ismintimi.webp","width":325,"height":500,"caption":"Penki elementai pa\u017einkime save, naudodamiesi seniausios pasaulyje asmenyb\u0117s tip\u0173 sistemos i\u0161mintimi"},{"@type":"BreadcrumbList","@id":"https:\/\/skaitytaknyga.lt\/produktas\/penki-elementai-pazinkime-save-naudodamiesi-seniausios-pasaulyje-asmenybes-tipu-sistemos-ismintimi\/#breadcrumb","itemListElement":[{"@type":"ListItem","position":1,"name":"Home","item":"https:\/\/skaitytaknyga.lt\/"},{"@type":"ListItem","position":2,"name":"Parduotuv\u0117","item":"https:\/\/skaitytaknyga.lt\/knygu-parduotuve\/"},{"@type":"ListItem","position":3,"name":"Penki elementai: pa\u017einkime save, naudodamiesi seniausios pasaulyje asmenyb\u0117s tip\u0173 sistemos i\u0161mintimi"}]},{"@type":"WebSite","@id":"https:\/\/skaitytaknyga.lt\/#website","url":"https:\/\/skaitytaknyga.lt\/","name":"skaitytaknyga.lt","description":"Skaitytaknyga.lt \u2013 tai ma\u017eas \u0161eimos verslas, kuris prasid\u0117jo nuo meil\u0117s knygoms ir siekio i\u0161gelb\u0117ti knygas nuo likimo prie konteinerio. Kas vienam nereikalingas daiktas \u2013 kitam lobis, o mes esame tarpininkai, kurie padeda abiems tapti laimingesniems ???? \u017dinome kaip nelengva i\u0161gyventi ma\u017eiems verslams, tad nuo \u0161iol, \u010dia rasite ir kit\u0173, ma\u017e\u0173 \u0161eim\u0173 versl\u0173, rank\u0173 darbo, dovan\u0173 sau ir artimiesiems.","publisher":{"@id":"https:\/\/skaitytaknyga.lt\/#organization"},"potentialAction":[{"@type":"SearchAction","target":{"@type":"EntryPoint","urlTemplate":"https:\/\/skaitytaknyga.lt\/?s={search_term_string}"},"query-input":{"@type":"PropertyValueSpecification","valueRequired":true,"valueName":"search_term_string"}}],"inLanguage":"en-GB"},{"@type":"Organization","@id":"https:\/\/skaitytaknyga.lt\/#organization","name":"skaitytaknyga.lt","url":"https:\/\/skaitytaknyga.lt\/","logo":{"@type":"ImageObject","inLanguage":"en-GB","@id":"https:\/\/skaitytaknyga.lt\/#\/schema\/logo\/image\/","url":"https:\/\/skaitytaknyga.lt\/wp-content\/uploads\/2024\/05\/cropped-cropped-cropped-02_00843_jt3bggkj1j3HLc7SyY6rEUpg.jpeg","contentUrl":"https:\/\/skaitytaknyga.lt\/wp-content\/uploads\/2024\/05\/cropped-cropped-cropped-02_00843_jt3bggkj1j3HLc7SyY6rEUpg.jpeg","width":1600,"height":1600,"caption":"skaitytaknyga.lt"},"image":{"@id":"https:\/\/skaitytaknyga.lt\/#\/schema\/logo\/image\/"},"sameAs":["https:\/\/www.facebook.com\/skaitytaknyga\/"]}]}},"_links":{"self":[{"href":"https:\/\/skaitytaknyga.lt\/en\/wp-json\/wp\/v2\/product\/24962","targetHints":{"allow":["GET"]}}],"collection":[{"href":"https:\/\/skaitytaknyga.lt\/en\/wp-json\/wp\/v2\/product"}],"about":[{"href":"https:\/\/skaitytaknyga.lt\/en\/wp-json\/wp\/v2\/types\/product"}],"replies":[{"embeddable":true,"href":"https:\/\/skaitytaknyga.lt\/en\/wp-json\/wp\/v2\/comments?post=24962"}],"wp:featuredmedia":[{"embeddable":true,"href":"https:\/\/skaitytaknyga.lt\/en\/wp-json\/wp\/v2\/media\/24967"}],"wp:attachment":[{"href":"https:\/\/skaitytaknyga.lt\/en\/wp-json\/wp\/v2\/media?parent=24962"}],"wp:term":[{"taxonomy":"product_brand","embeddable":true,"href":"https:\/\/skaitytaknyga.lt\/en\/wp-json\/wp\/v2\/product_brand?post=24962"},{"taxonomy":"product_cat","embeddable":true,"href":"https:\/\/skaitytaknyga.lt\/en\/wp-json\/wp\/v2\/product_cat?post=24962"},{"taxonomy":"product_tag","embeddable":true,"href":"https:\/\/skaitytaknyga.lt\/en\/wp-json\/wp\/v2\/product_tag?post=24962"}],"curies":[{"name":"wp","href":"https:\/\/api.w.org\/{rel}","templated":true}]}}