{"id":24961,"date":"2026-03-18T09:36:00","date_gmt":"2026-03-18T07:36:00","guid":{"rendered":"https:\/\/skaitytaknyga.lt\/?post_type=product&#038;p=24961"},"modified":"2026-03-18T10:27:49","modified_gmt":"2026-03-18T08:27:49","slug":"lietuviu-isminties-knyga","status":"publish","type":"product","link":"https:\/\/skaitytaknyga.lt\/en\/produktas\/lietuviu-isminties-knyga\/","title":{"rendered":"Lietuvi\u0173 i\u0161minties knyga"},"content":{"rendered":"<p>\u201eLietuvi\u0173 i\u0161minties knyga\u201c yra m\u016bs\u0173 tautos i\u0161kilios asmenyb\u0117s Jono Trink\u016bno paskutinis pamokymas prie\u0161 i\u0161keliaujant \u012f Dausas. Tai savoti\u0161kas Krivio Jauniaus testamentas ateities kartoms toliau pl\u0117toti ir gilinti tautos i\u0161mint\u012f.<\/p>\n<p>\u0160i\u0105 knyg\u0105 suman\u0117 ir sudar\u0117 Jonas Trink\u016bnas, dvasinis senojo balt\u0173 tik\u0117jimo bendrijos Romuvos vadovas Krivis Jaunius. Tai ypa\u010d jautraus tautosakos \u017einovo, ilgame\u010dio garsios folklorin\u0117s apeigin\u0117s grup\u0117s \u201eK\u016blgrindos&#8221; vadovo, tautosakos rink\u0117jo ilgus metus puosel\u0117ta ir \u012fgyvendinta svajon\u0117. Ilgus metus jis rinko i\u0161 gausyb\u0117s pasakojamosios tautosakos \u0161altini\u0173 sakmes, pasakas, padavimus, istorijas, kuriose ypa\u010d ry\u0161kiai atsiskleid\u017eia m\u016bs\u0173 tautos po\u017ei\u016bris \u012f pasaul\u012f, m\u0105stymo b\u016bdas, kitaip sakant, rinko k\u016brinius, analogi\u0161kus ind\u0173 puranoms, dzeno koanams, budist\u0173 d\u017eatakoms bei kitiems \u012fvairi\u0173 kra\u0161t\u0173 filosofinio pob\u016bd\u017eio k\u016briniams, kuriais ne vienas i\u0161silavin\u0119s lietuvis \u017eav\u0117davosi.<\/p>\n<p>Jonas Trink\u016bnas jau seniai \u012fsitikino, kad m\u016bs\u0173 tautosakos lobyne slypi ne ma\u017eiau i\u0161kalbingi ir saviti i\u0161minties perlai, tautos genijaus deimantai, tik juos reikia atrasti tarp gausi\u0173 \u012fvairiausio turinio tautosakos rinkini\u0173 puslapi\u0173. Ilgus metus juos rinko, kol susidar\u0117 \u0161i knyga. Joje ne tik autenti\u0161ki tarmi\u0161ki tekstai, liudijantys, kad i\u0161min\u010di\u0173 b\u016bta visose m\u016bs\u0173 gentyse ir kiltyse, bet ir paai\u0161kinimai bei apm\u0105stymai, papildantys ne visada \u0161i\u0173 laik\u0173 \u017emogui besuprantam\u0105 i\u0161 senov\u0117s mus pasiekus\u012f \u017eod\u012f ar vaizdin\u012f bei mitologinio pob\u016bd\u017eio rei\u0161kin\u012f.<\/p>\n<p>J. Trink\u016bnui teko nelengva u\u017eduotis atrinkti i\u0161minties grynuolius i\u0161 \u012fvairi\u0173 istorini\u0173 laikotarpi\u0173 u\u017era\u0161yt\u0173 pasakojim\u0173. Visgi daugeliu atvej\u0173 jam pavyko aptikti i\u0161 am\u017ei\u0173 gl\u016bdumos mus pasiekus\u012f senov\u0117s \u017eyni\u0173 i\u0161m\u0105styt\u0105 ir vaizd\u017eiai perteikt\u0105 savit\u0105 pasaulio samprat\u0105. \u017dinoma, kad po krik\u0161\u010dionyb\u0117s \u012fvedimo \u017eyniai kartais virsdavo klajojan\u010diais elgetomis. \u017dmon\u0117s tokius i\u0161mintingus klaj\u016bnus da\u017enai vaizduoja kaip Diev\u0105 Senel\u012f ar kitokio pavidalo ikikrik\u0161\u010dioni\u0161kos pasaul\u0117\u017ei\u016bros saugotojus.<\/p>\n<p>Knygoje \u201eLietuvi\u0173 i\u0161minties knyga\u201c m\u016bs\u0173 tautos m\u0105stysenos savitumas atsiskleid\u017eia gana vaizd\u017eiai. Pasakojama apie tai, kaip buvo sukurtas pasaulis, kaip atsirado gyvastis, kaip buvo sutvertas \u017emogus. \u012edomu, kad sakm\u0117se i\u0161kyla ne vienas, o du k\u016br\u0117jai, kai kada vadinami broliais Dievu ir Velniu ar V\u0117linu. Ir tai i\u0161ties savita m\u016bs\u0173 tautai b\u016bdinga samprata apie dvi prie\u0161ybes, kurios ne tik s\u0105veikauja, bet ir sukuria darn\u0105 pasaulyje, o ne kovoja kaip antagonistai. Kaip ir kitos prie\u0161yb\u0117s, jos nenaikina viena kitos, o sukuria pusiausvyr\u0105 tarsi kini\u0161ka Jin ir Jang pora. \u012edomu, kad tokia samprata prasiver\u017eia pro \u0161e\u0161et\u0105 \u0161imtme\u010di\u0173 diegt\u0105 kitok\u012f, bibli\u0161k\u0105 mokym\u0105 es\u0105 pasaul\u012f per \u0161e\u0161et\u0105 dien\u0173 suk\u016br\u0119s tik Dievas. Pana\u0161i dviej\u0173 gali\u0173 s\u0105veika atsiskleid\u017eia ir istorijose apie Perk\u016bno bei Velnio santykius.<\/p>\n<p>Ypa\u010d reik\u0161mingas J. Trink\u016bno rinkinio skyrius, kuriame pateikiamos gana gausios sakm\u0117s ir padavimai, atskleid\u017eiantys Senosios Europos klod\u0105, kai svarbiausios dievi\u0161kosios galios buvo sutelktos moteri\u0161k\u0173j\u0173 deivi\u0173, laim\u0173 ar ragan\u0173 rankose. Tai labai svarbu atsi\u017evelgiant ir \u012f tai, kad mes, kaip man\u0117 ir Marija Gimbutien\u0117 bei filosofas Vincas Vy\u010dinas, tikrai esame tos senosios ikiindoeuropieti\u0161kosios matristin\u0117s kult\u016bros paveld\u0117tojai. Tai liudija toks \u012fstabus mitinis pasakojimas kaip \u201eEgl\u0117 \u017eal\u010di\u0173 karalien\u0117&#8221; ir i\u0161vis pasakojimai apie \u017eal\u010dius kaip \u012fstabias ir i\u0161mintingas b\u016btybes, kurios artimai bendravo su \u017emon\u0117mis ir jiems pad\u0117davo.<\/p>\n<p>\u201eLietuvi\u0173 i\u0161minties knyga\u201c yra m\u016bs\u0173 tautos i\u0161kilios asmenyb\u0117s paskutinis pamokymas prie\u0161 i\u0161keliaujant \u012f Dausas. Tai savoti\u0161kas Krivio Jauniaus testamentas ateities kartoms toliau pl\u0117toti ir gilinti tautos i\u0161mint\u012f. Ir be abejo, papildyti \u0161i\u0105 knyg\u0105 naujais atradimais ir \u012f\u017evalgomis.<\/p>\n<p>Vaclovas Mikailionis<\/p>\n","protected":false},"excerpt":{"rendered":"<p>\u201eLietuvi\u0173 i\u0161minties knyga\u201c yra m\u016bs\u0173 tautos i\u0161kilios asmenyb\u0117s Jono Trink\u016bno paskutinis pamokymas prie\u0161 i\u0161keliaujant \u012f Dausas. Tai savoti\u0161kas Krivio Jauniaus testamentas ateities kartoms toliau pl\u0117toti ir gilinti tautos i\u0161mint\u012f. \u0160i\u0105 knyg\u0105 suman\u0117 ir sudar\u0117 Jonas Trink\u016bnas, dvasinis senojo balt\u0173 tik\u0117jimo bendrijos Romuvos vadovas Krivis Jaunius. Tai ypa\u010d jautraus tautosakos \u017einovo, ilgame\u010dio garsios folklorin\u0117s apeigin\u0117s grup\u0117s \u201eK\u016blgrindos&#8221; vadovo, tautosakos rink\u0117jo ilgus metus puosel\u0117ta ir \u012fgyvendinta svajon\u0117. Ilgus metus jis rinko i\u0161 gausyb\u0117s pasakojamosios tautosakos \u0161altini\u0173 sakmes, pasakas, padavimus, istorijas, kuriose ypa\u010d ry\u0161kiai atsiskleid\u017eia m\u016bs\u0173 tautos po\u017ei\u016bris \u012f pasaul\u012f, m\u0105stymo b\u016bdas, kitaip sakant, rinko k\u016brinius, analogi\u0161kus ind\u0173 puranoms, dzeno koanams, budist\u0173 d\u017eatakoms bei kitiems \u012fvairi\u0173 kra\u0161t\u0173 filosofinio pob\u016bd\u017eio k\u016briniams, kuriais ne vienas i\u0161silavin\u0119s lietuvis \u017eav\u0117davosi. Jonas Trink\u016bnas jau seniai \u012fsitikino, kad m\u016bs\u0173 tautosakos lobyne slypi ne ma\u017eiau i\u0161kalbingi ir saviti i\u0161minties perlai, tautos genijaus deimantai, tik juos reikia atrasti tarp gausi\u0173 \u012fvairiausio turinio tautosakos rinkini\u0173 puslapi\u0173. Ilgus metus juos rinko, kol susidar\u0117 \u0161i knyga. Joje ne tik autenti\u0161ki tarmi\u0161ki tekstai, liudijantys, kad i\u0161min\u010di\u0173 b\u016bta visose m\u016bs\u0173 gentyse ir kiltyse, bet ir paai\u0161kinimai bei apm\u0105stymai, papildantys ne visada \u0161i\u0173 laik\u0173 \u017emogui besuprantam\u0105 i\u0161 senov\u0117s mus pasiekus\u012f \u017eod\u012f ar vaizdin\u012f bei mitologinio pob\u016bd\u017eio rei\u0161kin\u012f. J. Trink\u016bnui teko nelengva u\u017eduotis atrinkti i\u0161minties grynuolius i\u0161 \u012fvairi\u0173 istorini\u0173 laikotarpi\u0173 u\u017era\u0161yt\u0173 pasakojim\u0173. Visgi daugeliu atvej\u0173 jam pavyko aptikti i\u0161 am\u017ei\u0173 gl\u016bdumos mus pasiekus\u012f senov\u0117s \u017eyni\u0173 i\u0161m\u0105styt\u0105 ir vaizd\u017eiai perteikt\u0105 savit\u0105 pasaulio samprat\u0105. \u017dinoma, kad po krik\u0161\u010dionyb\u0117s \u012fvedimo \u017eyniai kartais virsdavo klajojan\u010diais elgetomis. \u017dmon\u0117s tokius i\u0161mintingus klaj\u016bnus da\u017enai vaizduoja kaip Diev\u0105 Senel\u012f ar kitokio pavidalo ikikrik\u0161\u010dioni\u0161kos pasaul\u0117\u017ei\u016bros saugotojus. Knygoje \u201eLietuvi\u0173 i\u0161minties knyga\u201c m\u016bs\u0173 tautos m\u0105stysenos savitumas atsiskleid\u017eia gana vaizd\u017eiai. Pasakojama apie tai, kaip buvo sukurtas pasaulis, kaip atsirado gyvastis, kaip buvo sutvertas \u017emogus. \u012edomu, kad sakm\u0117se i\u0161kyla ne vienas, o du k\u016br\u0117jai, kai kada vadinami broliais Dievu ir Velniu ar V\u0117linu. Ir tai i\u0161ties savita m\u016bs\u0173 tautai b\u016bdinga samprata apie dvi prie\u0161ybes, kurios ne tik s\u0105veikauja, bet ir sukuria darn\u0105 pasaulyje, o ne kovoja kaip antagonistai. Kaip ir kitos prie\u0161yb\u0117s, jos nenaikina viena kitos, o sukuria pusiausvyr\u0105 tarsi kini\u0161ka Jin ir Jang pora. \u012edomu, kad tokia samprata prasiver\u017eia pro \u0161e\u0161et\u0105 \u0161imtme\u010di\u0173 diegt\u0105 kitok\u012f, bibli\u0161k\u0105 mokym\u0105 es\u0105 pasaul\u012f per \u0161e\u0161et\u0105 dien\u0173 suk\u016br\u0119s tik Dievas. Pana\u0161i dviej\u0173 gali\u0173 s\u0105veika atsiskleid\u017eia ir istorijose apie Perk\u016bno bei Velnio santykius. Ypa\u010d reik\u0161mingas J. Trink\u016bno rinkinio skyrius, kuriame pateikiamos gana gausios sakm\u0117s ir padavimai, atskleid\u017eiantys Senosios Europos klod\u0105, kai svarbiausios dievi\u0161kosios galios buvo sutelktos moteri\u0161k\u0173j\u0173 deivi\u0173, laim\u0173 ar ragan\u0173 rankose. Tai labai svarbu atsi\u017evelgiant ir \u012f tai, kad mes, kaip man\u0117 ir Marija Gimbutien\u0117 bei filosofas Vincas Vy\u010dinas, tikrai esame tos senosios ikiindoeuropieti\u0161kosios matristin\u0117s kult\u016bros paveld\u0117tojai. Tai liudija toks \u012fstabus mitinis pasakojimas kaip \u201eEgl\u0117 \u017eal\u010di\u0173 karalien\u0117&#8221; ir i\u0161vis pasakojimai apie \u017eal\u010dius kaip \u012fstabias ir i\u0161mintingas b\u016btybes, kurios artimai bendravo su \u017emon\u0117mis ir jiems pad\u0117davo. \u201eLietuvi\u0173 i\u0161minties knyga\u201c yra m\u016bs\u0173 tautos i\u0161kilios asmenyb\u0117s paskutinis pamokymas prie\u0161 i\u0161keliaujant \u012f Dausas. Tai savoti\u0161kas Krivio Jauniaus testamentas ateities kartoms toliau pl\u0117toti ir gilinti tautos i\u0161mint\u012f. Ir be abejo, papildyti \u0161i\u0105 knyg\u0105 naujais atradimais ir \u012f\u017evalgomis. Vaclovas Mikailionis<\/p>\n","protected":false},"featured_media":24966,"comment_status":"open","ping_status":"closed","template":"","meta":{"_acf_changed":false,"site-sidebar-layout":"default","site-content-layout":"","ast-site-content-layout":"default","site-content-style":"default","site-sidebar-style":"default","ast-global-header-display":"","ast-banner-title-visibility":"","ast-main-header-display":"","ast-hfb-above-header-display":"","ast-hfb-below-header-display":"","ast-hfb-mobile-header-display":"","site-post-title":"","ast-breadcrumbs-content":"","ast-featured-img":"","footer-sml-layout":"","ast-disable-related-posts":"","theme-transparent-header-meta":"","adv-header-id-meta":"","stick-header-meta":"","header-above-stick-meta":"","header-main-stick-meta":"","header-below-stick-meta":"","astra-migrate-meta-layouts":"default","ast-page-background-enabled":"default","ast-page-background-meta":{"desktop":{"background-color":"","background-image":"","background-repeat":"repeat","background-position":"center center","background-size":"auto","background-attachment":"scroll","background-type":"","background-media":"","overlay-type":"","overlay-color":"","overlay-opacity":"","overlay-gradient":""},"tablet":{"background-color":"","background-image":"","background-repeat":"repeat","background-position":"center center","background-size":"auto","background-attachment":"scroll","background-type":"","background-media":"","overlay-type":"","overlay-color":"","overlay-opacity":"","overlay-gradient":""},"mobile":{"background-color":"","background-image":"","background-repeat":"repeat","background-position":"center center","background-size":"auto","background-attachment":"scroll","background-type":"","background-media":"","overlay-type":"","overlay-color":"","overlay-opacity":"","overlay-gradient":""}},"ast-content-background-meta":{"desktop":{"background-color":"var(--ast-global-color-4)","background-image":"","background-repeat":"repeat","background-position":"center center","background-size":"auto","background-attachment":"scroll","background-type":"","background-media":"","overlay-type":"","overlay-color":"","overlay-opacity":"","overlay-gradient":""},"tablet":{"background-color":"var(--ast-global-color-4)","background-image":"","background-repeat":"repeat","background-position":"center center","background-size":"auto","background-attachment":"scroll","background-type":"","background-media":"","overlay-type":"","overlay-color":"","overlay-opacity":"","overlay-gradient":""},"mobile":{"background-color":"var(--ast-global-color-4)","background-image":"","background-repeat":"repeat","background-position":"center center","background-size":"auto","background-attachment":"scroll","background-type":"","background-media":"","overlay-type":"","overlay-color":"","overlay-opacity":"","overlay-gradient":""}}},"product_brand":[],"product_cat":[9753],"product_tag":[],"class_list":{"0":"post-24961","1":"product","2":"type-product","3":"status-publish","4":"has-post-thumbnail","6":"product_cat-religija","7":"desktop-align-left","8":"tablet-align-left","9":"mobile-align-left","11":"first","12":"instock","13":"shipping-taxable","14":"purchasable","15":"product-type-simple"},"acf":[],"yoast_head":"<!-- This site is optimized with the Yoast SEO plugin v27.0 - https:\/\/yoast.com\/product\/yoast-seo-wordpress\/ -->\n<title>Lietuvi\u0173 i\u0161minties knyga<\/title>\n<meta name=\"description\" content=\"\u201eLietuvi\u0173 i\u0161minties knyga\u201c yra m\u016bs\u0173 tautos i\u0161kilios asmenyb\u0117s Jono Trink\u016bno paskutinis pamokymas prie\u0161 i\u0161keliaujant \u012f Dausas. Tai savoti\u0161kas Krivio\" \/>\n<meta name=\"robots\" content=\"index, follow, max-snippet:-1, max-image-preview:large, max-video-preview:-1\" \/>\n<link rel=\"canonical\" href=\"https:\/\/skaitytaknyga.lt\/en\/produktas\/lietuviu-isminties-knyga\/\" \/>\n<meta property=\"og:locale\" content=\"en_GB\" \/>\n<meta property=\"og:locale:alternate\" content=\"lt_LT\" \/>\n<meta property=\"og:type\" content=\"article\" \/>\n<meta property=\"og:title\" content=\"Lietuvi\u0173 i\u0161minties knyga\" \/>\n<meta property=\"og:description\" content=\"\u201eLietuvi\u0173 i\u0161minties knyga\u201c yra m\u016bs\u0173 tautos i\u0161kilios asmenyb\u0117s Jono Trink\u016bno paskutinis pamokymas prie\u0161 i\u0161keliaujant \u012f Dausas. Tai savoti\u0161kas Krivio\" \/>\n<meta property=\"og:url\" content=\"https:\/\/skaitytaknyga.lt\/en\/produktas\/lietuviu-isminties-knyga\/\" \/>\n<meta property=\"og:site_name\" content=\"Skaitytaknyga\" \/>\n<meta property=\"article:publisher\" content=\"https:\/\/www.facebook.com\/skaitytaknyga\/\" \/>\n<meta property=\"article:modified_time\" content=\"2026-03-18T08:27:49+00:00\" \/>\n<meta property=\"og:image\" content=\"https:\/\/skaitytaknyga.lt\/wp-content\/uploads\/2026\/03\/Lietuviu-isminties-knyga.webp\" \/>\n\t<meta property=\"og:image:width\" content=\"307\" \/>\n\t<meta property=\"og:image:height\" content=\"443\" \/>\n\t<meta property=\"og:image:type\" content=\"image\/webp\" \/>\n<meta name=\"twitter:card\" content=\"summary_large_image\" \/>\n<meta name=\"twitter:label1\" content=\"Estimated reading time\" \/>\n\t<meta name=\"twitter:data1\" content=\"3 minutes\" \/>\n<script type=\"application\/ld+json\" class=\"yoast-schema-graph\">{\"@context\":\"https:\/\/schema.org\",\"@graph\":[{\"@type\":\"WebPage\",\"@id\":\"https:\/\/skaitytaknyga.lt\/produktas\/lietuviu-isminties-knyga\/\",\"url\":\"https:\/\/skaitytaknyga.lt\/produktas\/lietuviu-isminties-knyga\/\",\"name\":\"Lietuvi\u0173 i\u0161minties knyga\",\"isPartOf\":{\"@id\":\"https:\/\/skaitytaknyga.lt\/#website\"},\"primaryImageOfPage\":{\"@id\":\"https:\/\/skaitytaknyga.lt\/produktas\/lietuviu-isminties-knyga\/#primaryimage\"},\"image\":{\"@id\":\"https:\/\/skaitytaknyga.lt\/produktas\/lietuviu-isminties-knyga\/#primaryimage\"},\"thumbnailUrl\":\"https:\/\/skaitytaknyga.lt\/wp-content\/uploads\/2026\/03\/Lietuviu-isminties-knyga.webp\",\"datePublished\":\"2026-03-18T07:36:00+00:00\",\"dateModified\":\"2026-03-18T08:27:49+00:00\",\"description\":\"\u201eLietuvi\u0173 i\u0161minties knyga\u201c yra m\u016bs\u0173 tautos i\u0161kilios asmenyb\u0117s Jono Trink\u016bno paskutinis pamokymas prie\u0161 i\u0161keliaujant \u012f Dausas. Tai savoti\u0161kas Krivio\",\"breadcrumb\":{\"@id\":\"https:\/\/skaitytaknyga.lt\/produktas\/lietuviu-isminties-knyga\/#breadcrumb\"},\"inLanguage\":\"en-GB\",\"potentialAction\":[{\"@type\":\"ReadAction\",\"target\":[\"https:\/\/skaitytaknyga.lt\/produktas\/lietuviu-isminties-knyga\/\"]}]},{\"@type\":\"ImageObject\",\"inLanguage\":\"en-GB\",\"@id\":\"https:\/\/skaitytaknyga.lt\/produktas\/lietuviu-isminties-knyga\/#primaryimage\",\"url\":\"https:\/\/skaitytaknyga.lt\/wp-content\/uploads\/2026\/03\/Lietuviu-isminties-knyga.webp\",\"contentUrl\":\"https:\/\/skaitytaknyga.lt\/wp-content\/uploads\/2026\/03\/Lietuviu-isminties-knyga.webp\",\"width\":307,\"height\":443,\"caption\":\"Lietuvi\u0173 i\u0161minties knyga\"},{\"@type\":\"BreadcrumbList\",\"@id\":\"https:\/\/skaitytaknyga.lt\/produktas\/lietuviu-isminties-knyga\/#breadcrumb\",\"itemListElement\":[{\"@type\":\"ListItem\",\"position\":1,\"name\":\"Home\",\"item\":\"https:\/\/skaitytaknyga.lt\/\"},{\"@type\":\"ListItem\",\"position\":2,\"name\":\"Parduotuv\u0117\",\"item\":\"https:\/\/skaitytaknyga.lt\/knygu-parduotuve\/\"},{\"@type\":\"ListItem\",\"position\":3,\"name\":\"Lietuvi\u0173 i\u0161minties knyga\"}]},{\"@type\":\"WebSite\",\"@id\":\"https:\/\/skaitytaknyga.lt\/#website\",\"url\":\"https:\/\/skaitytaknyga.lt\/\",\"name\":\"skaitytaknyga.lt\",\"description\":\"Skaitytaknyga.lt \u2013 tai ma\u017eas \u0161eimos verslas, kuris prasid\u0117jo nuo meil\u0117s knygoms ir siekio i\u0161gelb\u0117ti knygas nuo likimo prie konteinerio. Kas vienam nereikalingas daiktas \u2013 kitam lobis, o mes esame tarpininkai, kurie padeda abiems tapti laimingesniems ???? \u017dinome kaip nelengva i\u0161gyventi ma\u017eiems verslams, tad nuo \u0161iol, \u010dia rasite ir kit\u0173, ma\u017e\u0173 \u0161eim\u0173 versl\u0173, rank\u0173 darbo, dovan\u0173 sau ir artimiesiems.\",\"publisher\":{\"@id\":\"https:\/\/skaitytaknyga.lt\/#organization\"},\"potentialAction\":[{\"@type\":\"SearchAction\",\"target\":{\"@type\":\"EntryPoint\",\"urlTemplate\":\"https:\/\/skaitytaknyga.lt\/?s={search_term_string}\"},\"query-input\":{\"@type\":\"PropertyValueSpecification\",\"valueRequired\":true,\"valueName\":\"search_term_string\"}}],\"inLanguage\":\"en-GB\"},{\"@type\":\"Organization\",\"@id\":\"https:\/\/skaitytaknyga.lt\/#organization\",\"name\":\"skaitytaknyga.lt\",\"url\":\"https:\/\/skaitytaknyga.lt\/\",\"logo\":{\"@type\":\"ImageObject\",\"inLanguage\":\"en-GB\",\"@id\":\"https:\/\/skaitytaknyga.lt\/#\/schema\/logo\/image\/\",\"url\":\"https:\/\/skaitytaknyga.lt\/wp-content\/uploads\/2024\/05\/cropped-cropped-cropped-02_00843_jt3bggkj1j3HLc7SyY6rEUpg.jpeg\",\"contentUrl\":\"https:\/\/skaitytaknyga.lt\/wp-content\/uploads\/2024\/05\/cropped-cropped-cropped-02_00843_jt3bggkj1j3HLc7SyY6rEUpg.jpeg\",\"width\":1600,\"height\":1600,\"caption\":\"skaitytaknyga.lt\"},\"image\":{\"@id\":\"https:\/\/skaitytaknyga.lt\/#\/schema\/logo\/image\/\"},\"sameAs\":[\"https:\/\/www.facebook.com\/skaitytaknyga\/\"]}]}<\/script>\n<!-- \/ Yoast SEO plugin. -->","yoast_head_json":{"title":"Lietuvi\u0173 i\u0161minties knyga","description":"\u201eLietuvi\u0173 i\u0161minties knyga\u201c yra m\u016bs\u0173 tautos i\u0161kilios asmenyb\u0117s Jono Trink\u016bno paskutinis pamokymas prie\u0161 i\u0161keliaujant \u012f Dausas. Tai savoti\u0161kas Krivio","robots":{"index":"index","follow":"follow","max-snippet":"max-snippet:-1","max-image-preview":"max-image-preview:large","max-video-preview":"max-video-preview:-1"},"canonical":"https:\/\/skaitytaknyga.lt\/en\/produktas\/lietuviu-isminties-knyga\/","og_locale":"en_GB","og_type":"article","og_title":"[:lt]Lietuvi\u0173 i\u0161minties knyga[:] - Skaitytaknyga","og_description":"\u201eLietuvi\u0173 i\u0161minties knyga\u201c yra m\u016bs\u0173 tautos i\u0161kilios asmenyb\u0117s Jono Trink\u016bno paskutinis pamokymas prie\u0161 i\u0161keliaujant \u012f Dausas. Tai savoti\u0161kas Krivio","og_url":"https:\/\/skaitytaknyga.lt\/en\/produktas\/lietuviu-isminties-knyga\/","og_site_name":"Skaitytaknyga","article_publisher":"https:\/\/www.facebook.com\/skaitytaknyga\/","article_modified_time":"2026-03-18T08:27:49+00:00","og_image":[{"width":307,"height":443,"url":"https:\/\/skaitytaknyga.lt\/wp-content\/uploads\/2026\/03\/Lietuviu-isminties-knyga.webp","type":"image\/webp"}],"twitter_card":"summary_large_image","twitter_misc":{"Estimated reading time":"3 minutes"},"schema":{"@context":"https:\/\/schema.org","@graph":[{"@type":"WebPage","@id":"https:\/\/skaitytaknyga.lt\/produktas\/lietuviu-isminties-knyga\/","url":"https:\/\/skaitytaknyga.lt\/produktas\/lietuviu-isminties-knyga\/","name":"Lietuvi\u0173 i\u0161minties knyga","isPartOf":{"@id":"https:\/\/skaitytaknyga.lt\/#website"},"primaryImageOfPage":{"@id":"https:\/\/skaitytaknyga.lt\/produktas\/lietuviu-isminties-knyga\/#primaryimage"},"image":{"@id":"https:\/\/skaitytaknyga.lt\/produktas\/lietuviu-isminties-knyga\/#primaryimage"},"thumbnailUrl":"https:\/\/skaitytaknyga.lt\/wp-content\/uploads\/2026\/03\/Lietuviu-isminties-knyga.webp","datePublished":"2026-03-18T07:36:00+00:00","dateModified":"2026-03-18T08:27:49+00:00","description":"\u201eLietuvi\u0173 i\u0161minties knyga\u201c yra m\u016bs\u0173 tautos i\u0161kilios asmenyb\u0117s Jono Trink\u016bno paskutinis pamokymas prie\u0161 i\u0161keliaujant \u012f Dausas. Tai savoti\u0161kas Krivio","breadcrumb":{"@id":"https:\/\/skaitytaknyga.lt\/produktas\/lietuviu-isminties-knyga\/#breadcrumb"},"inLanguage":"en-GB","potentialAction":[{"@type":"ReadAction","target":["https:\/\/skaitytaknyga.lt\/produktas\/lietuviu-isminties-knyga\/"]}]},{"@type":"ImageObject","inLanguage":"en-GB","@id":"https:\/\/skaitytaknyga.lt\/produktas\/lietuviu-isminties-knyga\/#primaryimage","url":"https:\/\/skaitytaknyga.lt\/wp-content\/uploads\/2026\/03\/Lietuviu-isminties-knyga.webp","contentUrl":"https:\/\/skaitytaknyga.lt\/wp-content\/uploads\/2026\/03\/Lietuviu-isminties-knyga.webp","width":307,"height":443,"caption":"Lietuvi\u0173 i\u0161minties knyga"},{"@type":"BreadcrumbList","@id":"https:\/\/skaitytaknyga.lt\/produktas\/lietuviu-isminties-knyga\/#breadcrumb","itemListElement":[{"@type":"ListItem","position":1,"name":"Home","item":"https:\/\/skaitytaknyga.lt\/"},{"@type":"ListItem","position":2,"name":"Parduotuv\u0117","item":"https:\/\/skaitytaknyga.lt\/knygu-parduotuve\/"},{"@type":"ListItem","position":3,"name":"Lietuvi\u0173 i\u0161minties knyga"}]},{"@type":"WebSite","@id":"https:\/\/skaitytaknyga.lt\/#website","url":"https:\/\/skaitytaknyga.lt\/","name":"skaitytaknyga.lt","description":"Skaitytaknyga.lt \u2013 tai ma\u017eas \u0161eimos verslas, kuris prasid\u0117jo nuo meil\u0117s knygoms ir siekio i\u0161gelb\u0117ti knygas nuo likimo prie konteinerio. Kas vienam nereikalingas daiktas \u2013 kitam lobis, o mes esame tarpininkai, kurie padeda abiems tapti laimingesniems ???? \u017dinome kaip nelengva i\u0161gyventi ma\u017eiems verslams, tad nuo \u0161iol, \u010dia rasite ir kit\u0173, ma\u017e\u0173 \u0161eim\u0173 versl\u0173, rank\u0173 darbo, dovan\u0173 sau ir artimiesiems.","publisher":{"@id":"https:\/\/skaitytaknyga.lt\/#organization"},"potentialAction":[{"@type":"SearchAction","target":{"@type":"EntryPoint","urlTemplate":"https:\/\/skaitytaknyga.lt\/?s={search_term_string}"},"query-input":{"@type":"PropertyValueSpecification","valueRequired":true,"valueName":"search_term_string"}}],"inLanguage":"en-GB"},{"@type":"Organization","@id":"https:\/\/skaitytaknyga.lt\/#organization","name":"skaitytaknyga.lt","url":"https:\/\/skaitytaknyga.lt\/","logo":{"@type":"ImageObject","inLanguage":"en-GB","@id":"https:\/\/skaitytaknyga.lt\/#\/schema\/logo\/image\/","url":"https:\/\/skaitytaknyga.lt\/wp-content\/uploads\/2024\/05\/cropped-cropped-cropped-02_00843_jt3bggkj1j3HLc7SyY6rEUpg.jpeg","contentUrl":"https:\/\/skaitytaknyga.lt\/wp-content\/uploads\/2024\/05\/cropped-cropped-cropped-02_00843_jt3bggkj1j3HLc7SyY6rEUpg.jpeg","width":1600,"height":1600,"caption":"skaitytaknyga.lt"},"image":{"@id":"https:\/\/skaitytaknyga.lt\/#\/schema\/logo\/image\/"},"sameAs":["https:\/\/www.facebook.com\/skaitytaknyga\/"]}]}},"_links":{"self":[{"href":"https:\/\/skaitytaknyga.lt\/en\/wp-json\/wp\/v2\/product\/24961","targetHints":{"allow":["GET"]}}],"collection":[{"href":"https:\/\/skaitytaknyga.lt\/en\/wp-json\/wp\/v2\/product"}],"about":[{"href":"https:\/\/skaitytaknyga.lt\/en\/wp-json\/wp\/v2\/types\/product"}],"replies":[{"embeddable":true,"href":"https:\/\/skaitytaknyga.lt\/en\/wp-json\/wp\/v2\/comments?post=24961"}],"wp:featuredmedia":[{"embeddable":true,"href":"https:\/\/skaitytaknyga.lt\/en\/wp-json\/wp\/v2\/media\/24966"}],"wp:attachment":[{"href":"https:\/\/skaitytaknyga.lt\/en\/wp-json\/wp\/v2\/media?parent=24961"}],"wp:term":[{"taxonomy":"product_brand","embeddable":true,"href":"https:\/\/skaitytaknyga.lt\/en\/wp-json\/wp\/v2\/product_brand?post=24961"},{"taxonomy":"product_cat","embeddable":true,"href":"https:\/\/skaitytaknyga.lt\/en\/wp-json\/wp\/v2\/product_cat?post=24961"},{"taxonomy":"product_tag","embeddable":true,"href":"https:\/\/skaitytaknyga.lt\/en\/wp-json\/wp\/v2\/product_tag?post=24961"}],"curies":[{"name":"wp","href":"https:\/\/api.w.org\/{rel}","templated":true}]}}