{"id":24959,"date":"2026-03-18T09:36:00","date_gmt":"2026-03-18T07:36:00","guid":{"rendered":"https:\/\/skaitytaknyga.lt\/?post_type=product&#038;p=24959"},"modified":"2026-03-30T11:31:02","modified_gmt":"2026-03-30T08:31:02","slug":"gydymas-sopenhaueriu","status":"publish","type":"product","link":"https:\/\/skaitytaknyga.lt\/en\/produktas\/gydymas-sopenhaueriu\/","title":{"rendered":"Gydymas \u0160openhaueriu"},"content":{"rendered":"<p>Irvin D. Yalom &#8211; amerikie\u010di\u0173 psichoterapeutas, i\u0161gars\u0117j\u0119s kaip savit\u0173 literat\u016bros k\u016brini\u0173, atspindin\u010di\u0173 jo, kaip mokslininko, psichoterapeuto ir pedagogo, id\u0117jas ir \u012fsitikinimus, autorius. Jo darbai pasi\u017eymi moksliniu meistri\u0161kumu, komunikabilumu ir ypatingu jautrumu &#8211; savyb\u0117mis,   \u012fvertintomis viso pasaulio skaitytoj\u0173. Ra\u0161ytojas yra suk\u016br\u0119s kelet\u0105 gro\u017ein\u0117s literat\u016bros k\u016brini\u0173, pats juos vadina \u201emokomaisiais romanais\u201c, tarp kuri\u0173 \u201eKai Ny\u010d\u0117 verk\u0117\u201c, \u201eMelagis ant ku\u0161et\u0117s\u201c ir \u201eSpinozos problema\u201c.<\/p>\n<p>Psichoterapeutas Julius su\u017eino nepagydomai serg\u0105s. Art\u0117jan\u010dios mirties akivaizdoje jis prisimena did\u017eiausi\u0105 savo praktikos nes\u0117km\u0119 \u2013 Filip\u0105 Sleit\u0105, kuriam kadaise nepad\u0117jo i\u0161sivaduoti i\u0161 seksualin\u0117s manijos. V\u0117l susitik\u0119s su buvusiu pacientu, Julius su\u017eino j\u012f tapus did\u017eiojo XIX a. filosofo A. \u0160openhauerio sek\u0117ju.<\/p>\n<p>Intriguojan\u010dio siu\u017eeto romane \u012ftaigiai atkuriama psichoterapijos grup\u0117s erdv\u0117, gilinamasi \u012f egzistencines mirties, vienatv\u0117s, laisv\u0117s, prasm\u0117s temas, atskleid\u017eiama psichoterapijos ir filosofijos s\u0105veika.<\/p>\n<p>Knyga patiks visiems, besidomintiems psichologija, o ypa\u010d psichoterapija.<\/p>\n","protected":false},"excerpt":{"rendered":"<p>Irvin D. Yalom &#8211; amerikie\u010di\u0173 psichoterapeutas, i\u0161gars\u0117j\u0119s kaip savit\u0173 literat\u016bros k\u016brini\u0173, atspindin\u010di\u0173 jo, kaip mokslininko, psichoterapeuto ir pedagogo, id\u0117jas ir \u012fsitikinimus, autorius. Jo darbai pasi\u017eymi moksliniu meistri\u0161kumu, komunikabilumu ir ypatingu jautrumu &#8211; savyb\u0117mis, \u012fvertintomis viso pasaulio skaitytoj\u0173. Ra\u0161ytojas yra suk\u016br\u0119s kelet\u0105 gro\u017ein\u0117s literat\u016bros k\u016brini\u0173, pats juos vadina \u201emokomaisiais romanais\u201c, tarp kuri\u0173 \u201eKai Ny\u010d\u0117 verk\u0117\u201c, \u201eMelagis ant ku\u0161et\u0117s\u201c ir \u201eSpinozos problema\u201c. Psichoterapeutas Julius su\u017eino nepagydomai serg\u0105s. Art\u0117jan\u010dios mirties akivaizdoje jis prisimena did\u017eiausi\u0105 savo praktikos nes\u0117km\u0119 \u2013 Filip\u0105 Sleit\u0105, kuriam kadaise nepad\u0117jo i\u0161sivaduoti i\u0161 seksualin\u0117s manijos. V\u0117l susitik\u0119s su buvusiu pacientu, Julius su\u017eino j\u012f tapus did\u017eiojo XIX a. filosofo A. \u0160openhauerio sek\u0117ju. Intriguojan\u010dio siu\u017eeto romane \u012ftaigiai atkuriama psichoterapijos grup\u0117s erdv\u0117, gilinamasi \u012f egzistencines mirties, vienatv\u0117s, laisv\u0117s, prasm\u0117s temas, atskleid\u017eiama psichoterapijos ir filosofijos s\u0105veika. Knyga patiks visiems, besidomintiems psichologija, o ypa\u010d psichoterapija.<\/p>\n","protected":false},"featured_media":24964,"comment_status":"open","ping_status":"closed","template":"","meta":{"_acf_changed":false,"site-sidebar-layout":"default","site-content-layout":"","ast-site-content-layout":"default","site-content-style":"default","site-sidebar-style":"default","ast-global-header-display":"","ast-banner-title-visibility":"","ast-main-header-display":"","ast-hfb-above-header-display":"","ast-hfb-below-header-display":"","ast-hfb-mobile-header-display":"","site-post-title":"","ast-breadcrumbs-content":"","ast-featured-img":"","footer-sml-layout":"","ast-disable-related-posts":"","theme-transparent-header-meta":"","adv-header-id-meta":"","stick-header-meta":"","header-above-stick-meta":"","header-main-stick-meta":"","header-below-stick-meta":"","astra-migrate-meta-layouts":"default","ast-page-background-enabled":"default","ast-page-background-meta":{"desktop":{"background-color":"","background-image":"","background-repeat":"repeat","background-position":"center center","background-size":"auto","background-attachment":"scroll","background-type":"","background-media":"","overlay-type":"","overlay-color":"","overlay-opacity":"","overlay-gradient":""},"tablet":{"background-color":"","background-image":"","background-repeat":"repeat","background-position":"center center","background-size":"auto","background-attachment":"scroll","background-type":"","background-media":"","overlay-type":"","overlay-color":"","overlay-opacity":"","overlay-gradient":""},"mobile":{"background-color":"","background-image":"","background-repeat":"repeat","background-position":"center center","background-size":"auto","background-attachment":"scroll","background-type":"","background-media":"","overlay-type":"","overlay-color":"","overlay-opacity":"","overlay-gradient":""}},"ast-content-background-meta":{"desktop":{"background-color":"var(--ast-global-color-4)","background-image":"","background-repeat":"repeat","background-position":"center center","background-size":"auto","background-attachment":"scroll","background-type":"","background-media":"","overlay-type":"","overlay-color":"","overlay-opacity":"","overlay-gradient":""},"tablet":{"background-color":"var(--ast-global-color-4)","background-image":"","background-repeat":"repeat","background-position":"center center","background-size":"auto","background-attachment":"scroll","background-type":"","background-media":"","overlay-type":"","overlay-color":"","overlay-opacity":"","overlay-gradient":""},"mobile":{"background-color":"var(--ast-global-color-4)","background-image":"","background-repeat":"repeat","background-position":"center center","background-size":"auto","background-attachment":"scroll","background-type":"","background-media":"","overlay-type":"","overlay-color":"","overlay-opacity":"","overlay-gradient":""}}},"product_brand":[],"product_cat":[30],"product_tag":[],"class_list":{"0":"post-24959","1":"product","2":"type-product","3":"status-publish","4":"has-post-thumbnail","6":"product_cat-psichologija-ir-saviugda","7":"pa_virselis-minksti-virseliai-2","8":"desktop-align-left","9":"tablet-align-left","10":"mobile-align-left","12":"first","13":"outofstock","14":"shipping-taxable","15":"purchasable","16":"product-type-simple"},"acf":[],"yoast_head":"<!-- This site is optimized with the Yoast SEO plugin v27.0 - https:\/\/yoast.com\/product\/yoast-seo-wordpress\/ -->\n<title>Gydymas \u0160openhaueriu<\/title>\n<meta name=\"description\" content=\"Irvin D. Yalom - amerikie\u010di\u0173 psichoterapeutas, i\u0161gars\u0117j\u0119s kaip savit\u0173 literat\u016bros k\u016brini\u0173, atspindin\u010di\u0173 jo, kaip mokslininko, psichoterapeuto ir pedagogo,\" \/>\n<meta name=\"robots\" content=\"index, follow, max-snippet:-1, max-image-preview:large, max-video-preview:-1\" \/>\n<link rel=\"canonical\" href=\"https:\/\/skaitytaknyga.lt\/en\/produktas\/gydymas-sopenhaueriu\/\" \/>\n<meta property=\"og:locale\" content=\"en_GB\" \/>\n<meta property=\"og:locale:alternate\" content=\"lt_LT\" \/>\n<meta property=\"og:type\" content=\"article\" \/>\n<meta property=\"og:title\" content=\"Gydymas \u0160openhaueriu\" \/>\n<meta property=\"og:description\" content=\"Irvin D. Yalom - amerikie\u010di\u0173 psichoterapeutas, i\u0161gars\u0117j\u0119s kaip savit\u0173 literat\u016bros k\u016brini\u0173, atspindin\u010di\u0173 jo, kaip mokslininko, psichoterapeuto ir pedagogo,\" \/>\n<meta property=\"og:url\" content=\"https:\/\/skaitytaknyga.lt\/en\/produktas\/gydymas-sopenhaueriu\/\" \/>\n<meta property=\"og:site_name\" content=\"Skaitytaknyga\" \/>\n<meta property=\"article:publisher\" content=\"https:\/\/www.facebook.com\/skaitytaknyga\/\" \/>\n<meta property=\"article:modified_time\" content=\"2026-03-30T08:31:02+00:00\" \/>\n<meta property=\"og:image\" content=\"https:\/\/skaitytaknyga.lt\/wp-content\/uploads\/2026\/03\/Gydymas-Sopenhaueriu.webp\" \/>\n\t<meta property=\"og:image:width\" content=\"328\" \/>\n\t<meta property=\"og:image:height\" content=\"500\" \/>\n\t<meta property=\"og:image:type\" content=\"image\/webp\" \/>\n<meta name=\"twitter:card\" content=\"summary_large_image\" \/>\n<meta name=\"twitter:label1\" content=\"Estimated reading time\" \/>\n\t<meta name=\"twitter:data1\" content=\"1 minute\" \/>\n<script type=\"application\/ld+json\" class=\"yoast-schema-graph\">{\"@context\":\"https:\/\/schema.org\",\"@graph\":[{\"@type\":\"WebPage\",\"@id\":\"https:\/\/skaitytaknyga.lt\/produktas\/gydymas-sopenhaueriu\/\",\"url\":\"https:\/\/skaitytaknyga.lt\/produktas\/gydymas-sopenhaueriu\/\",\"name\":\"Gydymas \u0160openhaueriu\",\"isPartOf\":{\"@id\":\"https:\/\/skaitytaknyga.lt\/#website\"},\"primaryImageOfPage\":{\"@id\":\"https:\/\/skaitytaknyga.lt\/produktas\/gydymas-sopenhaueriu\/#primaryimage\"},\"image\":{\"@id\":\"https:\/\/skaitytaknyga.lt\/produktas\/gydymas-sopenhaueriu\/#primaryimage\"},\"thumbnailUrl\":\"https:\/\/skaitytaknyga.lt\/wp-content\/uploads\/2026\/03\/Gydymas-Sopenhaueriu.webp\",\"datePublished\":\"2026-03-18T07:36:00+00:00\",\"dateModified\":\"2026-03-30T08:31:02+00:00\",\"description\":\"Irvin D. Yalom - amerikie\u010di\u0173 psichoterapeutas, i\u0161gars\u0117j\u0119s kaip savit\u0173 literat\u016bros k\u016brini\u0173, atspindin\u010di\u0173 jo, kaip mokslininko, psichoterapeuto ir pedagogo,\",\"breadcrumb\":{\"@id\":\"https:\/\/skaitytaknyga.lt\/produktas\/gydymas-sopenhaueriu\/#breadcrumb\"},\"inLanguage\":\"en-GB\",\"potentialAction\":[{\"@type\":\"ReadAction\",\"target\":[\"https:\/\/skaitytaknyga.lt\/produktas\/gydymas-sopenhaueriu\/\"]}]},{\"@type\":\"ImageObject\",\"inLanguage\":\"en-GB\",\"@id\":\"https:\/\/skaitytaknyga.lt\/produktas\/gydymas-sopenhaueriu\/#primaryimage\",\"url\":\"https:\/\/skaitytaknyga.lt\/wp-content\/uploads\/2026\/03\/Gydymas-Sopenhaueriu.webp\",\"contentUrl\":\"https:\/\/skaitytaknyga.lt\/wp-content\/uploads\/2026\/03\/Gydymas-Sopenhaueriu.webp\",\"width\":328,\"height\":500,\"caption\":\"Gydymas \u0160openhaueriu\"},{\"@type\":\"BreadcrumbList\",\"@id\":\"https:\/\/skaitytaknyga.lt\/produktas\/gydymas-sopenhaueriu\/#breadcrumb\",\"itemListElement\":[{\"@type\":\"ListItem\",\"position\":1,\"name\":\"Home\",\"item\":\"https:\/\/skaitytaknyga.lt\/\"},{\"@type\":\"ListItem\",\"position\":2,\"name\":\"Parduotuv\u0117\",\"item\":\"https:\/\/skaitytaknyga.lt\/knygu-parduotuve\/\"},{\"@type\":\"ListItem\",\"position\":3,\"name\":\"Gydymas \u0160openhaueriu\"}]},{\"@type\":\"WebSite\",\"@id\":\"https:\/\/skaitytaknyga.lt\/#website\",\"url\":\"https:\/\/skaitytaknyga.lt\/\",\"name\":\"skaitytaknyga.lt\",\"description\":\"Skaitytaknyga.lt \u2013 tai ma\u017eas \u0161eimos verslas, kuris prasid\u0117jo nuo meil\u0117s knygoms ir siekio i\u0161gelb\u0117ti knygas nuo likimo prie konteinerio. Kas vienam nereikalingas daiktas \u2013 kitam lobis, o mes esame tarpininkai, kurie padeda abiems tapti laimingesniems ???? \u017dinome kaip nelengva i\u0161gyventi ma\u017eiems verslams, tad nuo \u0161iol, \u010dia rasite ir kit\u0173, ma\u017e\u0173 \u0161eim\u0173 versl\u0173, rank\u0173 darbo, dovan\u0173 sau ir artimiesiems.\",\"publisher\":{\"@id\":\"https:\/\/skaitytaknyga.lt\/#organization\"},\"potentialAction\":[{\"@type\":\"SearchAction\",\"target\":{\"@type\":\"EntryPoint\",\"urlTemplate\":\"https:\/\/skaitytaknyga.lt\/?s={search_term_string}\"},\"query-input\":{\"@type\":\"PropertyValueSpecification\",\"valueRequired\":true,\"valueName\":\"search_term_string\"}}],\"inLanguage\":\"en-GB\"},{\"@type\":\"Organization\",\"@id\":\"https:\/\/skaitytaknyga.lt\/#organization\",\"name\":\"skaitytaknyga.lt\",\"url\":\"https:\/\/skaitytaknyga.lt\/\",\"logo\":{\"@type\":\"ImageObject\",\"inLanguage\":\"en-GB\",\"@id\":\"https:\/\/skaitytaknyga.lt\/#\/schema\/logo\/image\/\",\"url\":\"https:\/\/skaitytaknyga.lt\/wp-content\/uploads\/2024\/05\/cropped-cropped-cropped-02_00843_jt3bggkj1j3HLc7SyY6rEUpg.jpeg\",\"contentUrl\":\"https:\/\/skaitytaknyga.lt\/wp-content\/uploads\/2024\/05\/cropped-cropped-cropped-02_00843_jt3bggkj1j3HLc7SyY6rEUpg.jpeg\",\"width\":1600,\"height\":1600,\"caption\":\"skaitytaknyga.lt\"},\"image\":{\"@id\":\"https:\/\/skaitytaknyga.lt\/#\/schema\/logo\/image\/\"},\"sameAs\":[\"https:\/\/www.facebook.com\/skaitytaknyga\/\"]}]}<\/script>\n<!-- \/ Yoast SEO plugin. -->","yoast_head_json":{"title":"Gydymas \u0160openhaueriu","description":"Irvin D. Yalom - amerikie\u010di\u0173 psichoterapeutas, i\u0161gars\u0117j\u0119s kaip savit\u0173 literat\u016bros k\u016brini\u0173, atspindin\u010di\u0173 jo, kaip mokslininko, psichoterapeuto ir pedagogo,","robots":{"index":"index","follow":"follow","max-snippet":"max-snippet:-1","max-image-preview":"max-image-preview:large","max-video-preview":"max-video-preview:-1"},"canonical":"https:\/\/skaitytaknyga.lt\/en\/produktas\/gydymas-sopenhaueriu\/","og_locale":"en_GB","og_type":"article","og_title":"[:lt]Gydymas \u0160openhaueriu[:] - Skaitytaknyga","og_description":"Irvin D. Yalom - amerikie\u010di\u0173 psichoterapeutas, i\u0161gars\u0117j\u0119s kaip savit\u0173 literat\u016bros k\u016brini\u0173, atspindin\u010di\u0173 jo, kaip mokslininko, psichoterapeuto ir pedagogo,","og_url":"https:\/\/skaitytaknyga.lt\/en\/produktas\/gydymas-sopenhaueriu\/","og_site_name":"Skaitytaknyga","article_publisher":"https:\/\/www.facebook.com\/skaitytaknyga\/","article_modified_time":"2026-03-30T08:31:02+00:00","og_image":[{"width":328,"height":500,"url":"https:\/\/skaitytaknyga.lt\/wp-content\/uploads\/2026\/03\/Gydymas-Sopenhaueriu.webp","type":"image\/webp"}],"twitter_card":"summary_large_image","twitter_misc":{"Estimated reading time":"1 minute"},"schema":{"@context":"https:\/\/schema.org","@graph":[{"@type":"WebPage","@id":"https:\/\/skaitytaknyga.lt\/produktas\/gydymas-sopenhaueriu\/","url":"https:\/\/skaitytaknyga.lt\/produktas\/gydymas-sopenhaueriu\/","name":"Gydymas \u0160openhaueriu","isPartOf":{"@id":"https:\/\/skaitytaknyga.lt\/#website"},"primaryImageOfPage":{"@id":"https:\/\/skaitytaknyga.lt\/produktas\/gydymas-sopenhaueriu\/#primaryimage"},"image":{"@id":"https:\/\/skaitytaknyga.lt\/produktas\/gydymas-sopenhaueriu\/#primaryimage"},"thumbnailUrl":"https:\/\/skaitytaknyga.lt\/wp-content\/uploads\/2026\/03\/Gydymas-Sopenhaueriu.webp","datePublished":"2026-03-18T07:36:00+00:00","dateModified":"2026-03-30T08:31:02+00:00","description":"Irvin D. Yalom - amerikie\u010di\u0173 psichoterapeutas, i\u0161gars\u0117j\u0119s kaip savit\u0173 literat\u016bros k\u016brini\u0173, atspindin\u010di\u0173 jo, kaip mokslininko, psichoterapeuto ir pedagogo,","breadcrumb":{"@id":"https:\/\/skaitytaknyga.lt\/produktas\/gydymas-sopenhaueriu\/#breadcrumb"},"inLanguage":"en-GB","potentialAction":[{"@type":"ReadAction","target":["https:\/\/skaitytaknyga.lt\/produktas\/gydymas-sopenhaueriu\/"]}]},{"@type":"ImageObject","inLanguage":"en-GB","@id":"https:\/\/skaitytaknyga.lt\/produktas\/gydymas-sopenhaueriu\/#primaryimage","url":"https:\/\/skaitytaknyga.lt\/wp-content\/uploads\/2026\/03\/Gydymas-Sopenhaueriu.webp","contentUrl":"https:\/\/skaitytaknyga.lt\/wp-content\/uploads\/2026\/03\/Gydymas-Sopenhaueriu.webp","width":328,"height":500,"caption":"Gydymas \u0160openhaueriu"},{"@type":"BreadcrumbList","@id":"https:\/\/skaitytaknyga.lt\/produktas\/gydymas-sopenhaueriu\/#breadcrumb","itemListElement":[{"@type":"ListItem","position":1,"name":"Home","item":"https:\/\/skaitytaknyga.lt\/"},{"@type":"ListItem","position":2,"name":"Parduotuv\u0117","item":"https:\/\/skaitytaknyga.lt\/knygu-parduotuve\/"},{"@type":"ListItem","position":3,"name":"Gydymas \u0160openhaueriu"}]},{"@type":"WebSite","@id":"https:\/\/skaitytaknyga.lt\/#website","url":"https:\/\/skaitytaknyga.lt\/","name":"skaitytaknyga.lt","description":"Skaitytaknyga.lt \u2013 tai ma\u017eas \u0161eimos verslas, kuris prasid\u0117jo nuo meil\u0117s knygoms ir siekio i\u0161gelb\u0117ti knygas nuo likimo prie konteinerio. Kas vienam nereikalingas daiktas \u2013 kitam lobis, o mes esame tarpininkai, kurie padeda abiems tapti laimingesniems ???? \u017dinome kaip nelengva i\u0161gyventi ma\u017eiems verslams, tad nuo \u0161iol, \u010dia rasite ir kit\u0173, ma\u017e\u0173 \u0161eim\u0173 versl\u0173, rank\u0173 darbo, dovan\u0173 sau ir artimiesiems.","publisher":{"@id":"https:\/\/skaitytaknyga.lt\/#organization"},"potentialAction":[{"@type":"SearchAction","target":{"@type":"EntryPoint","urlTemplate":"https:\/\/skaitytaknyga.lt\/?s={search_term_string}"},"query-input":{"@type":"PropertyValueSpecification","valueRequired":true,"valueName":"search_term_string"}}],"inLanguage":"en-GB"},{"@type":"Organization","@id":"https:\/\/skaitytaknyga.lt\/#organization","name":"skaitytaknyga.lt","url":"https:\/\/skaitytaknyga.lt\/","logo":{"@type":"ImageObject","inLanguage":"en-GB","@id":"https:\/\/skaitytaknyga.lt\/#\/schema\/logo\/image\/","url":"https:\/\/skaitytaknyga.lt\/wp-content\/uploads\/2024\/05\/cropped-cropped-cropped-02_00843_jt3bggkj1j3HLc7SyY6rEUpg.jpeg","contentUrl":"https:\/\/skaitytaknyga.lt\/wp-content\/uploads\/2024\/05\/cropped-cropped-cropped-02_00843_jt3bggkj1j3HLc7SyY6rEUpg.jpeg","width":1600,"height":1600,"caption":"skaitytaknyga.lt"},"image":{"@id":"https:\/\/skaitytaknyga.lt\/#\/schema\/logo\/image\/"},"sameAs":["https:\/\/www.facebook.com\/skaitytaknyga\/"]}]}},"_links":{"self":[{"href":"https:\/\/skaitytaknyga.lt\/en\/wp-json\/wp\/v2\/product\/24959","targetHints":{"allow":["GET"]}}],"collection":[{"href":"https:\/\/skaitytaknyga.lt\/en\/wp-json\/wp\/v2\/product"}],"about":[{"href":"https:\/\/skaitytaknyga.lt\/en\/wp-json\/wp\/v2\/types\/product"}],"replies":[{"embeddable":true,"href":"https:\/\/skaitytaknyga.lt\/en\/wp-json\/wp\/v2\/comments?post=24959"}],"wp:featuredmedia":[{"embeddable":true,"href":"https:\/\/skaitytaknyga.lt\/en\/wp-json\/wp\/v2\/media\/24964"}],"wp:attachment":[{"href":"https:\/\/skaitytaknyga.lt\/en\/wp-json\/wp\/v2\/media?parent=24959"}],"wp:term":[{"taxonomy":"product_brand","embeddable":true,"href":"https:\/\/skaitytaknyga.lt\/en\/wp-json\/wp\/v2\/product_brand?post=24959"},{"taxonomy":"product_cat","embeddable":true,"href":"https:\/\/skaitytaknyga.lt\/en\/wp-json\/wp\/v2\/product_cat?post=24959"},{"taxonomy":"product_tag","embeddable":true,"href":"https:\/\/skaitytaknyga.lt\/en\/wp-json\/wp\/v2\/product_tag?post=24959"}],"curies":[{"name":"wp","href":"https:\/\/api.w.org\/{rel}","templated":true}]}}