{"id":24951,"date":"2026-03-17T21:04:16","date_gmt":"2026-03-17T19:04:16","guid":{"rendered":"https:\/\/skaitytaknyga.lt\/?post_type=product&#038;p=24951"},"modified":"2026-03-18T09:36:52","modified_gmt":"2026-03-18T07:36:52","slug":"nieko-nebus-eilerasciai-su-gegute","status":"publish","type":"product","link":"https:\/\/skaitytaknyga.lt\/en\/produktas\/nieko-nebus-eilerasciai-su-gegute\/","title":{"rendered":"Nieko nebus: eil\u0117ra\u0161\u010diai su gegute"},"content":{"rendered":"<p>Poeto, Lietuvos nacionalin\u0117s kult\u016bros ir meno premijos laureato Aido Mar\u010d\u0117no naujos knygos \u201eNieko nebus. Eil\u0117ra\u0161\u010diai su gegute\u201c pagrindin\u0117 tema \u2013 poezija, k\u016bryba, kalba. \u012e nauj\u0105j\u012f rinkin\u012f sugul\u0117 nema\u017eas pluo\u0161tas geriausi\u0173 2018\u20132019 m. ra\u0161yt\u0173 poeto eil\u0117ra\u0161\u010di\u0173. Juose \u2013 ir jaunyst\u0117s apm\u0105stymai, ir brandaus am\u017eiaus refleksijos, paskyrimai draugams ir gyvenimo kryptis formavusioms kelrod\u0117ms.<\/p>\n<p>Aidas Mar\u010d\u0117nas \u2013 vienas populiariausi\u0173 ir skaitomiausi\u0173 \u0161iuolaikini\u0173 poet\u0173. Jo k\u016bryba jau prie\u0161 de\u0161imtmet\u012f \u012ftraukta \u012f mokykl\u0173 programas. A. Mar\u010d\u0117no poezijos poveik\u012f jau\u010dia ne tik literat\u016bros, bet ir muzikos, dail\u0117s, kit\u0173 men\u0173 k\u016br\u0117jai ir gerb\u0117jai. Yra i\u0161leid\u0119s ne tik keliolika poezijos knyg\u0173, bet ir eseistikos knygas \u201eSakiniai\u201c, \u201eKasDienynas\u201c, kritikos straipsni\u0173 ir pokalbi\u0173 rinktin\u0119 \u201eB\u016btieji kartiniai\u201c, tad parod\u0119s ir geb\u0117jimus vertinti k\u016brinius, literat\u016bros proces\u0105.<\/p>\n<p>A. Mar\u010d\u0117nas \u2013 retas formos meistras, ir netgi formos pedantas. Jo k\u016brybos impulsai ateina i\u0161 artimiausios aplinkos \u012fsp\u016bd\u017ei\u0173, sapn\u0173, prisiminim\u0173. Tik retam poetui \u0161itaip pasiseka asmeni\u0161kesn\u012f motyv\u0105, vaikyst\u0117s ir paauglyst\u0117s vaizdus, juokavimus, \u017eaidim\u0105 paversti tikra poezija. Eil\u0117ra\u0161tis sukuriamas tarsi i\u0161 nieko, \u2013 improvizuojant, perfrazuojant, \u017eaid\u017eiant, cituojant. Prie visko lie\u010diamasi vos vos, bijant nustelbti pa\u010di\u0105 poezijos esyb\u0119, kuri yra tarsi gyvas sutv\u0117rimas ar dievyb\u0117.<\/p>\n","protected":false},"excerpt":{"rendered":"<p>Poeto, Lietuvos nacionalin\u0117s kult\u016bros ir meno premijos laureato Aido Mar\u010d\u0117no naujos knygos \u201eNieko nebus. Eil\u0117ra\u0161\u010diai su gegute\u201c pagrindin\u0117 tema \u2013 poezija, k\u016bryba, kalba. \u012e nauj\u0105j\u012f rinkin\u012f sugul\u0117 nema\u017eas pluo\u0161tas geriausi\u0173 2018\u20132019 m. ra\u0161yt\u0173 poeto eil\u0117ra\u0161\u010di\u0173. Juose \u2013 ir jaunyst\u0117s apm\u0105stymai, ir brandaus am\u017eiaus refleksijos, paskyrimai draugams ir gyvenimo kryptis formavusioms kelrod\u0117ms. Aidas Mar\u010d\u0117nas \u2013 vienas populiariausi\u0173 ir skaitomiausi\u0173 \u0161iuolaikini\u0173 poet\u0173. Jo k\u016bryba jau prie\u0161 de\u0161imtmet\u012f \u012ftraukta \u012f mokykl\u0173 programas. A. Mar\u010d\u0117no poezijos poveik\u012f jau\u010dia ne tik literat\u016bros, bet ir muzikos, dail\u0117s, kit\u0173 men\u0173 k\u016br\u0117jai ir gerb\u0117jai. Yra i\u0161leid\u0119s ne tik keliolika poezijos knyg\u0173, bet ir eseistikos knygas \u201eSakiniai\u201c, \u201eKasDienynas\u201c, kritikos straipsni\u0173 ir pokalbi\u0173 rinktin\u0119 \u201eB\u016btieji kartiniai\u201c, tad parod\u0119s ir geb\u0117jimus vertinti k\u016brinius, literat\u016bros proces\u0105. A. Mar\u010d\u0117nas \u2013 retas formos meistras, ir netgi formos pedantas. Jo k\u016brybos impulsai ateina i\u0161 artimiausios aplinkos \u012fsp\u016bd\u017ei\u0173, sapn\u0173, prisiminim\u0173. Tik retam poetui \u0161itaip pasiseka asmeni\u0161kesn\u012f motyv\u0105, vaikyst\u0117s ir paauglyst\u0117s vaizdus, juokavimus, \u017eaidim\u0105 paversti tikra poezija. Eil\u0117ra\u0161tis sukuriamas tarsi i\u0161 nieko, \u2013 improvizuojant, perfrazuojant, \u017eaid\u017eiant, cituojant. Prie visko lie\u010diamasi vos vos, bijant nustelbti pa\u010di\u0105 poezijos esyb\u0119, kuri yra tarsi gyvas sutv\u0117rimas ar dievyb\u0117.<\/p>\n","protected":false},"featured_media":24957,"comment_status":"open","ping_status":"closed","template":"","meta":{"_acf_changed":false,"site-sidebar-layout":"default","site-content-layout":"","ast-site-content-layout":"default","site-content-style":"default","site-sidebar-style":"default","ast-global-header-display":"","ast-banner-title-visibility":"","ast-main-header-display":"","ast-hfb-above-header-display":"","ast-hfb-below-header-display":"","ast-hfb-mobile-header-display":"","site-post-title":"","ast-breadcrumbs-content":"","ast-featured-img":"","footer-sml-layout":"","ast-disable-related-posts":"","theme-transparent-header-meta":"","adv-header-id-meta":"","stick-header-meta":"","header-above-stick-meta":"","header-main-stick-meta":"","header-below-stick-meta":"","astra-migrate-meta-layouts":"default","ast-page-background-enabled":"default","ast-page-background-meta":{"desktop":{"background-color":"","background-image":"","background-repeat":"repeat","background-position":"center center","background-size":"auto","background-attachment":"scroll","background-type":"","background-media":"","overlay-type":"","overlay-color":"","overlay-opacity":"","overlay-gradient":""},"tablet":{"background-color":"","background-image":"","background-repeat":"repeat","background-position":"center center","background-size":"auto","background-attachment":"scroll","background-type":"","background-media":"","overlay-type":"","overlay-color":"","overlay-opacity":"","overlay-gradient":""},"mobile":{"background-color":"","background-image":"","background-repeat":"repeat","background-position":"center center","background-size":"auto","background-attachment":"scroll","background-type":"","background-media":"","overlay-type":"","overlay-color":"","overlay-opacity":"","overlay-gradient":""}},"ast-content-background-meta":{"desktop":{"background-color":"var(--ast-global-color-4)","background-image":"","background-repeat":"repeat","background-position":"center center","background-size":"auto","background-attachment":"scroll","background-type":"","background-media":"","overlay-type":"","overlay-color":"","overlay-opacity":"","overlay-gradient":""},"tablet":{"background-color":"var(--ast-global-color-4)","background-image":"","background-repeat":"repeat","background-position":"center center","background-size":"auto","background-attachment":"scroll","background-type":"","background-media":"","overlay-type":"","overlay-color":"","overlay-opacity":"","overlay-gradient":""},"mobile":{"background-color":"var(--ast-global-color-4)","background-image":"","background-repeat":"repeat","background-position":"center center","background-size":"auto","background-attachment":"scroll","background-type":"","background-media":"","overlay-type":"","overlay-color":"","overlay-opacity":"","overlay-gradient":""}}},"product_brand":[],"product_cat":[1085],"product_tag":[],"class_list":{"0":"post-24951","1":"product","2":"type-product","3":"status-publish","4":"has-post-thumbnail","6":"product_cat-poezija","7":"desktop-align-left","8":"tablet-align-left","9":"mobile-align-left","11":"first","12":"instock","13":"shipping-taxable","14":"purchasable","15":"product-type-simple"},"acf":[],"yoast_head":"<!-- This site is optimized with the Yoast SEO plugin v27.0 - https:\/\/yoast.com\/product\/yoast-seo-wordpress\/ -->\n<title>Nieko nebus: eil\u0117ra\u0161\u010diai su gegute<\/title>\n<meta name=\"description\" content=\"Poeto, Lietuvos nacionalin\u0117s kult\u016bros ir meno premijos laureato Aido Mar\u010d\u0117no naujos knygos \u201eNieko nebus. Eil\u0117ra\u0161\u010diai su gegute\u201c pagrindin\u0117 tema \u2013 poezija,\" \/>\n<meta name=\"robots\" content=\"index, follow, max-snippet:-1, max-image-preview:large, max-video-preview:-1\" \/>\n<link rel=\"canonical\" href=\"https:\/\/skaitytaknyga.lt\/en\/produktas\/nieko-nebus-eilerasciai-su-gegute\/\" \/>\n<meta property=\"og:locale\" content=\"en_GB\" \/>\n<meta property=\"og:locale:alternate\" content=\"lt_LT\" \/>\n<meta property=\"og:type\" content=\"article\" \/>\n<meta property=\"og:title\" content=\"Nieko nebus: eil\u0117ra\u0161\u010diai su gegute\" \/>\n<meta property=\"og:description\" content=\"Poeto, Lietuvos nacionalin\u0117s kult\u016bros ir meno premijos laureato Aido Mar\u010d\u0117no naujos knygos \u201eNieko nebus. Eil\u0117ra\u0161\u010diai su gegute\u201c pagrindin\u0117 tema \u2013 poezija,\" \/>\n<meta property=\"og:url\" content=\"https:\/\/skaitytaknyga.lt\/en\/produktas\/nieko-nebus-eilerasciai-su-gegute\/\" \/>\n<meta property=\"og:site_name\" content=\"Skaitytaknyga\" \/>\n<meta property=\"article:publisher\" content=\"https:\/\/www.facebook.com\/skaitytaknyga\/\" \/>\n<meta property=\"article:modified_time\" content=\"2026-03-18T07:36:52+00:00\" \/>\n<meta property=\"og:image\" content=\"https:\/\/skaitytaknyga.lt\/wp-content\/uploads\/2026\/03\/Nieko-nebus-eilerasciai-su-gegute.webp\" \/>\n\t<meta property=\"og:image:width\" content=\"522\" \/>\n\t<meta property=\"og:image:height\" content=\"801\" \/>\n\t<meta property=\"og:image:type\" content=\"image\/webp\" \/>\n<meta name=\"twitter:card\" content=\"summary_large_image\" \/>\n<meta name=\"twitter:label1\" content=\"Estimated reading time\" \/>\n\t<meta name=\"twitter:data1\" content=\"1 minute\" \/>\n<script type=\"application\/ld+json\" class=\"yoast-schema-graph\">{\"@context\":\"https:\/\/schema.org\",\"@graph\":[{\"@type\":\"WebPage\",\"@id\":\"https:\/\/skaitytaknyga.lt\/produktas\/nieko-nebus-eilerasciai-su-gegute\/\",\"url\":\"https:\/\/skaitytaknyga.lt\/produktas\/nieko-nebus-eilerasciai-su-gegute\/\",\"name\":\"Nieko nebus: eil\u0117ra\u0161\u010diai su gegute\",\"isPartOf\":{\"@id\":\"https:\/\/skaitytaknyga.lt\/#website\"},\"primaryImageOfPage\":{\"@id\":\"https:\/\/skaitytaknyga.lt\/produktas\/nieko-nebus-eilerasciai-su-gegute\/#primaryimage\"},\"image\":{\"@id\":\"https:\/\/skaitytaknyga.lt\/produktas\/nieko-nebus-eilerasciai-su-gegute\/#primaryimage\"},\"thumbnailUrl\":\"https:\/\/skaitytaknyga.lt\/wp-content\/uploads\/2026\/03\/Nieko-nebus-eilerasciai-su-gegute.webp\",\"datePublished\":\"2026-03-17T19:04:16+00:00\",\"dateModified\":\"2026-03-18T07:36:52+00:00\",\"description\":\"Poeto, Lietuvos nacionalin\u0117s kult\u016bros ir meno premijos laureato Aido Mar\u010d\u0117no naujos knygos \u201eNieko nebus. Eil\u0117ra\u0161\u010diai su gegute\u201c pagrindin\u0117 tema \u2013 poezija,\",\"breadcrumb\":{\"@id\":\"https:\/\/skaitytaknyga.lt\/produktas\/nieko-nebus-eilerasciai-su-gegute\/#breadcrumb\"},\"inLanguage\":\"en-GB\",\"potentialAction\":[{\"@type\":\"ReadAction\",\"target\":[\"https:\/\/skaitytaknyga.lt\/produktas\/nieko-nebus-eilerasciai-su-gegute\/\"]}]},{\"@type\":\"ImageObject\",\"inLanguage\":\"en-GB\",\"@id\":\"https:\/\/skaitytaknyga.lt\/produktas\/nieko-nebus-eilerasciai-su-gegute\/#primaryimage\",\"url\":\"https:\/\/skaitytaknyga.lt\/wp-content\/uploads\/2026\/03\/Nieko-nebus-eilerasciai-su-gegute.webp\",\"contentUrl\":\"https:\/\/skaitytaknyga.lt\/wp-content\/uploads\/2026\/03\/Nieko-nebus-eilerasciai-su-gegute.webp\",\"width\":522,\"height\":801,\"caption\":\"Nieko nebus eil\u0117ra\u0161\u010diai su gegute\"},{\"@type\":\"BreadcrumbList\",\"@id\":\"https:\/\/skaitytaknyga.lt\/produktas\/nieko-nebus-eilerasciai-su-gegute\/#breadcrumb\",\"itemListElement\":[{\"@type\":\"ListItem\",\"position\":1,\"name\":\"Home\",\"item\":\"https:\/\/skaitytaknyga.lt\/\"},{\"@type\":\"ListItem\",\"position\":2,\"name\":\"Parduotuv\u0117\",\"item\":\"https:\/\/skaitytaknyga.lt\/knygu-parduotuve\/\"},{\"@type\":\"ListItem\",\"position\":3,\"name\":\"Nieko nebus: eil\u0117ra\u0161\u010diai su gegute\"}]},{\"@type\":\"WebSite\",\"@id\":\"https:\/\/skaitytaknyga.lt\/#website\",\"url\":\"https:\/\/skaitytaknyga.lt\/\",\"name\":\"skaitytaknyga.lt\",\"description\":\"Skaitytaknyga.lt \u2013 tai ma\u017eas \u0161eimos verslas, kuris prasid\u0117jo nuo meil\u0117s knygoms ir siekio i\u0161gelb\u0117ti knygas nuo likimo prie konteinerio. Kas vienam nereikalingas daiktas \u2013 kitam lobis, o mes esame tarpininkai, kurie padeda abiems tapti laimingesniems ???? \u017dinome kaip nelengva i\u0161gyventi ma\u017eiems verslams, tad nuo \u0161iol, \u010dia rasite ir kit\u0173, ma\u017e\u0173 \u0161eim\u0173 versl\u0173, rank\u0173 darbo, dovan\u0173 sau ir artimiesiems.\",\"publisher\":{\"@id\":\"https:\/\/skaitytaknyga.lt\/#organization\"},\"potentialAction\":[{\"@type\":\"SearchAction\",\"target\":{\"@type\":\"EntryPoint\",\"urlTemplate\":\"https:\/\/skaitytaknyga.lt\/?s={search_term_string}\"},\"query-input\":{\"@type\":\"PropertyValueSpecification\",\"valueRequired\":true,\"valueName\":\"search_term_string\"}}],\"inLanguage\":\"en-GB\"},{\"@type\":\"Organization\",\"@id\":\"https:\/\/skaitytaknyga.lt\/#organization\",\"name\":\"skaitytaknyga.lt\",\"url\":\"https:\/\/skaitytaknyga.lt\/\",\"logo\":{\"@type\":\"ImageObject\",\"inLanguage\":\"en-GB\",\"@id\":\"https:\/\/skaitytaknyga.lt\/#\/schema\/logo\/image\/\",\"url\":\"https:\/\/skaitytaknyga.lt\/wp-content\/uploads\/2024\/05\/cropped-cropped-cropped-02_00843_jt3bggkj1j3HLc7SyY6rEUpg.jpeg\",\"contentUrl\":\"https:\/\/skaitytaknyga.lt\/wp-content\/uploads\/2024\/05\/cropped-cropped-cropped-02_00843_jt3bggkj1j3HLc7SyY6rEUpg.jpeg\",\"width\":1600,\"height\":1600,\"caption\":\"skaitytaknyga.lt\"},\"image\":{\"@id\":\"https:\/\/skaitytaknyga.lt\/#\/schema\/logo\/image\/\"},\"sameAs\":[\"https:\/\/www.facebook.com\/skaitytaknyga\/\"]}]}<\/script>\n<!-- \/ Yoast SEO plugin. -->","yoast_head_json":{"title":"Nieko nebus: eil\u0117ra\u0161\u010diai su gegute","description":"Poeto, Lietuvos nacionalin\u0117s kult\u016bros ir meno premijos laureato Aido Mar\u010d\u0117no naujos knygos \u201eNieko nebus. Eil\u0117ra\u0161\u010diai su gegute\u201c pagrindin\u0117 tema \u2013 poezija,","robots":{"index":"index","follow":"follow","max-snippet":"max-snippet:-1","max-image-preview":"max-image-preview:large","max-video-preview":"max-video-preview:-1"},"canonical":"https:\/\/skaitytaknyga.lt\/en\/produktas\/nieko-nebus-eilerasciai-su-gegute\/","og_locale":"en_GB","og_type":"article","og_title":"[:lt]Nieko nebus: eil\u0117ra\u0161\u010diai su gegute[:] - Skaitytaknyga","og_description":"Poeto, Lietuvos nacionalin\u0117s kult\u016bros ir meno premijos laureato Aido Mar\u010d\u0117no naujos knygos \u201eNieko nebus. Eil\u0117ra\u0161\u010diai su gegute\u201c pagrindin\u0117 tema \u2013 poezija,","og_url":"https:\/\/skaitytaknyga.lt\/en\/produktas\/nieko-nebus-eilerasciai-su-gegute\/","og_site_name":"Skaitytaknyga","article_publisher":"https:\/\/www.facebook.com\/skaitytaknyga\/","article_modified_time":"2026-03-18T07:36:52+00:00","og_image":[{"width":522,"height":801,"url":"https:\/\/skaitytaknyga.lt\/wp-content\/uploads\/2026\/03\/Nieko-nebus-eilerasciai-su-gegute.webp","type":"image\/webp"}],"twitter_card":"summary_large_image","twitter_misc":{"Estimated reading time":"1 minute"},"schema":{"@context":"https:\/\/schema.org","@graph":[{"@type":"WebPage","@id":"https:\/\/skaitytaknyga.lt\/produktas\/nieko-nebus-eilerasciai-su-gegute\/","url":"https:\/\/skaitytaknyga.lt\/produktas\/nieko-nebus-eilerasciai-su-gegute\/","name":"Nieko nebus: eil\u0117ra\u0161\u010diai su gegute","isPartOf":{"@id":"https:\/\/skaitytaknyga.lt\/#website"},"primaryImageOfPage":{"@id":"https:\/\/skaitytaknyga.lt\/produktas\/nieko-nebus-eilerasciai-su-gegute\/#primaryimage"},"image":{"@id":"https:\/\/skaitytaknyga.lt\/produktas\/nieko-nebus-eilerasciai-su-gegute\/#primaryimage"},"thumbnailUrl":"https:\/\/skaitytaknyga.lt\/wp-content\/uploads\/2026\/03\/Nieko-nebus-eilerasciai-su-gegute.webp","datePublished":"2026-03-17T19:04:16+00:00","dateModified":"2026-03-18T07:36:52+00:00","description":"Poeto, Lietuvos nacionalin\u0117s kult\u016bros ir meno premijos laureato Aido Mar\u010d\u0117no naujos knygos \u201eNieko nebus. Eil\u0117ra\u0161\u010diai su gegute\u201c pagrindin\u0117 tema \u2013 poezija,","breadcrumb":{"@id":"https:\/\/skaitytaknyga.lt\/produktas\/nieko-nebus-eilerasciai-su-gegute\/#breadcrumb"},"inLanguage":"en-GB","potentialAction":[{"@type":"ReadAction","target":["https:\/\/skaitytaknyga.lt\/produktas\/nieko-nebus-eilerasciai-su-gegute\/"]}]},{"@type":"ImageObject","inLanguage":"en-GB","@id":"https:\/\/skaitytaknyga.lt\/produktas\/nieko-nebus-eilerasciai-su-gegute\/#primaryimage","url":"https:\/\/skaitytaknyga.lt\/wp-content\/uploads\/2026\/03\/Nieko-nebus-eilerasciai-su-gegute.webp","contentUrl":"https:\/\/skaitytaknyga.lt\/wp-content\/uploads\/2026\/03\/Nieko-nebus-eilerasciai-su-gegute.webp","width":522,"height":801,"caption":"Nieko nebus eil\u0117ra\u0161\u010diai su gegute"},{"@type":"BreadcrumbList","@id":"https:\/\/skaitytaknyga.lt\/produktas\/nieko-nebus-eilerasciai-su-gegute\/#breadcrumb","itemListElement":[{"@type":"ListItem","position":1,"name":"Home","item":"https:\/\/skaitytaknyga.lt\/"},{"@type":"ListItem","position":2,"name":"Parduotuv\u0117","item":"https:\/\/skaitytaknyga.lt\/knygu-parduotuve\/"},{"@type":"ListItem","position":3,"name":"Nieko nebus: eil\u0117ra\u0161\u010diai su gegute"}]},{"@type":"WebSite","@id":"https:\/\/skaitytaknyga.lt\/#website","url":"https:\/\/skaitytaknyga.lt\/","name":"skaitytaknyga.lt","description":"Skaitytaknyga.lt \u2013 tai ma\u017eas \u0161eimos verslas, kuris prasid\u0117jo nuo meil\u0117s knygoms ir siekio i\u0161gelb\u0117ti knygas nuo likimo prie konteinerio. Kas vienam nereikalingas daiktas \u2013 kitam lobis, o mes esame tarpininkai, kurie padeda abiems tapti laimingesniems ???? \u017dinome kaip nelengva i\u0161gyventi ma\u017eiems verslams, tad nuo \u0161iol, \u010dia rasite ir kit\u0173, ma\u017e\u0173 \u0161eim\u0173 versl\u0173, rank\u0173 darbo, dovan\u0173 sau ir artimiesiems.","publisher":{"@id":"https:\/\/skaitytaknyga.lt\/#organization"},"potentialAction":[{"@type":"SearchAction","target":{"@type":"EntryPoint","urlTemplate":"https:\/\/skaitytaknyga.lt\/?s={search_term_string}"},"query-input":{"@type":"PropertyValueSpecification","valueRequired":true,"valueName":"search_term_string"}}],"inLanguage":"en-GB"},{"@type":"Organization","@id":"https:\/\/skaitytaknyga.lt\/#organization","name":"skaitytaknyga.lt","url":"https:\/\/skaitytaknyga.lt\/","logo":{"@type":"ImageObject","inLanguage":"en-GB","@id":"https:\/\/skaitytaknyga.lt\/#\/schema\/logo\/image\/","url":"https:\/\/skaitytaknyga.lt\/wp-content\/uploads\/2024\/05\/cropped-cropped-cropped-02_00843_jt3bggkj1j3HLc7SyY6rEUpg.jpeg","contentUrl":"https:\/\/skaitytaknyga.lt\/wp-content\/uploads\/2024\/05\/cropped-cropped-cropped-02_00843_jt3bggkj1j3HLc7SyY6rEUpg.jpeg","width":1600,"height":1600,"caption":"skaitytaknyga.lt"},"image":{"@id":"https:\/\/skaitytaknyga.lt\/#\/schema\/logo\/image\/"},"sameAs":["https:\/\/www.facebook.com\/skaitytaknyga\/"]}]}},"_links":{"self":[{"href":"https:\/\/skaitytaknyga.lt\/en\/wp-json\/wp\/v2\/product\/24951","targetHints":{"allow":["GET"]}}],"collection":[{"href":"https:\/\/skaitytaknyga.lt\/en\/wp-json\/wp\/v2\/product"}],"about":[{"href":"https:\/\/skaitytaknyga.lt\/en\/wp-json\/wp\/v2\/types\/product"}],"replies":[{"embeddable":true,"href":"https:\/\/skaitytaknyga.lt\/en\/wp-json\/wp\/v2\/comments?post=24951"}],"wp:featuredmedia":[{"embeddable":true,"href":"https:\/\/skaitytaknyga.lt\/en\/wp-json\/wp\/v2\/media\/24957"}],"wp:attachment":[{"href":"https:\/\/skaitytaknyga.lt\/en\/wp-json\/wp\/v2\/media?parent=24951"}],"wp:term":[{"taxonomy":"product_brand","embeddable":true,"href":"https:\/\/skaitytaknyga.lt\/en\/wp-json\/wp\/v2\/product_brand?post=24951"},{"taxonomy":"product_cat","embeddable":true,"href":"https:\/\/skaitytaknyga.lt\/en\/wp-json\/wp\/v2\/product_cat?post=24951"},{"taxonomy":"product_tag","embeddable":true,"href":"https:\/\/skaitytaknyga.lt\/en\/wp-json\/wp\/v2\/product_tag?post=24951"}],"curies":[{"name":"wp","href":"https:\/\/api.w.org\/{rel}","templated":true}]}}