{"id":24950,"date":"2026-03-17T21:04:15","date_gmt":"2026-03-17T19:04:15","guid":{"rendered":"https:\/\/skaitytaknyga.lt\/?post_type=product&#038;p=24950"},"modified":"2026-04-11T08:30:16","modified_gmt":"2026-04-11T05:30:16","slug":"22-oji-islyga","status":"publish","type":"product","link":"https:\/\/skaitytaknyga.lt\/en\/produktas\/22-oji-islyga\/","title":{"rendered":"22-oji i\u0161lyga"},"content":{"rendered":"<p>Vienas garsiausi\u0173 XX a. roman\u0173 \u201e22-oji i\u0161lyga\u201c satyri\u0161kai vaizduoja kar\u0105 ir visuomen\u0119. Atskleid\u017eiamas moralinis konfliktas tarp biurokratin\u0117s m\u0117smal\u0117s ir \u017emogi\u0161kumo, kuris nedelsiant paaukojamas, jei to reikia sistemai. Autorius dar kart\u0105 primena, kad da\u017enai beprotyb\u0119 priimame kaip savaime suprantam\u0105 ir stengiam\u0117s jos nepasteb\u0117ti, o melagystes ir apgaul\u0119 atskirti nuo tiesos mums pritr\u016bksta valios.<\/p>\n<p>Paskutiniai Antrojo pasaulinio karo m\u0117nesiai Amerikos kovin\u0117s eskadril\u0117s menamoje baz\u0117je Italijoje. Pagrindinis veik\u0117jas \u2013 kapitonas Josarjanas, paklaik\u0119s ir \u012fbaugintas, nes t\u016bkstan\u010diai \u017emoni\u0173, kuri\u0173 jis n\u0117ra n\u0117 akyse reg\u0117j\u0119s, siekia j\u012f nu\u017eudyti. Ta\u010diau did\u017eiausias Josarjano prie\u0161as \u2013 jo paties armija, kvaili pulkininkai, didinantys reikalaujam\u0173 skryd\u017ei\u0173 skai\u010di\u0173 ir siun\u010diantys vyrus \u012f mirt\u012f. Po 50 skryd\u017ei\u0173 Josarjanas, tik\u0117damasis gr\u012f\u017eti namo, apsimeta bepro\u010diu, bet susiduria su absurdi\u0161ka kli\u016btimi \u2013 22-\u0105ja i\u0161lyga, ai\u0161kinan\u010dia, kad sveiko proto kariai turi vykdyti kovines u\u017eduotis, o baim\u0117 d\u0117l savo saugumo kaip tik ir \u012frodo sveik\u0105 prot\u0105. Taigi tai u\u017eburtas ratas, i\u0161 kurio i\u0161tr\u016bkti n\u0117ra galimybi\u0173.<\/p>\n<p>Josephas Helleris (1923-1999) i\u0161gars\u0117jo pirmuoju romanu \u201e22-oji i\u0161lyga&#8221; (CATCH-22), \u012ftvirtino juoduojo humoro roman\u0105 ir tur\u0117jo daugyb\u0119 sek\u0117j\u0173.<\/p>\n","protected":false},"excerpt":{"rendered":"<p>Vienas garsiausi\u0173 XX a. roman\u0173 \u201e22-oji i\u0161lyga\u201c satyri\u0161kai vaizduoja kar\u0105 ir visuomen\u0119. Atskleid\u017eiamas moralinis konfliktas tarp biurokratin\u0117s m\u0117smal\u0117s ir \u017emogi\u0161kumo, kuris nedelsiant paaukojamas, jei to reikia sistemai. Autorius dar kart\u0105 primena, kad da\u017enai beprotyb\u0119 priimame kaip savaime suprantam\u0105 ir stengiam\u0117s jos nepasteb\u0117ti, o melagystes ir apgaul\u0119 atskirti nuo tiesos mums pritr\u016bksta valios. Paskutiniai Antrojo pasaulinio karo m\u0117nesiai Amerikos kovin\u0117s eskadril\u0117s menamoje baz\u0117je Italijoje. Pagrindinis veik\u0117jas \u2013 kapitonas Josarjanas, paklaik\u0119s ir \u012fbaugintas, nes t\u016bkstan\u010diai \u017emoni\u0173, kuri\u0173 jis n\u0117ra n\u0117 akyse reg\u0117j\u0119s, siekia j\u012f nu\u017eudyti. Ta\u010diau did\u017eiausias Josarjano prie\u0161as \u2013 jo paties armija, kvaili pulkininkai, didinantys reikalaujam\u0173 skryd\u017ei\u0173 skai\u010di\u0173 ir siun\u010diantys vyrus \u012f mirt\u012f. Po 50 skryd\u017ei\u0173 Josarjanas, tik\u0117damasis gr\u012f\u017eti namo, apsimeta bepro\u010diu, bet susiduria su absurdi\u0161ka kli\u016btimi \u2013 22-\u0105ja i\u0161lyga, ai\u0161kinan\u010dia, kad sveiko proto kariai turi vykdyti kovines u\u017eduotis, o baim\u0117 d\u0117l savo saugumo kaip tik ir \u012frodo sveik\u0105 prot\u0105. Taigi tai u\u017eburtas ratas, i\u0161 kurio i\u0161tr\u016bkti n\u0117ra galimybi\u0173. Josephas Helleris (1923-1999) i\u0161gars\u0117jo pirmuoju romanu \u201e22-oji i\u0161lyga&#8221; (CATCH-22), \u012ftvirtino juoduojo humoro roman\u0105 ir tur\u0117jo daugyb\u0119 sek\u0117j\u0173.<\/p>\n","protected":false},"featured_media":24956,"comment_status":"open","ping_status":"closed","template":"","meta":{"_acf_changed":false,"site-sidebar-layout":"default","site-content-layout":"","ast-site-content-layout":"default","site-content-style":"default","site-sidebar-style":"default","ast-global-header-display":"","ast-banner-title-visibility":"","ast-main-header-display":"","ast-hfb-above-header-display":"","ast-hfb-below-header-display":"","ast-hfb-mobile-header-display":"","site-post-title":"","ast-breadcrumbs-content":"","ast-featured-img":"","footer-sml-layout":"","ast-disable-related-posts":"","theme-transparent-header-meta":"","adv-header-id-meta":"","stick-header-meta":"","header-above-stick-meta":"","header-main-stick-meta":"","header-below-stick-meta":"","astra-migrate-meta-layouts":"default","ast-page-background-enabled":"default","ast-page-background-meta":{"desktop":{"background-color":"","background-image":"","background-repeat":"repeat","background-position":"center center","background-size":"auto","background-attachment":"scroll","background-type":"","background-media":"","overlay-type":"","overlay-color":"","overlay-opacity":"","overlay-gradient":""},"tablet":{"background-color":"","background-image":"","background-repeat":"repeat","background-position":"center center","background-size":"auto","background-attachment":"scroll","background-type":"","background-media":"","overlay-type":"","overlay-color":"","overlay-opacity":"","overlay-gradient":""},"mobile":{"background-color":"","background-image":"","background-repeat":"repeat","background-position":"center center","background-size":"auto","background-attachment":"scroll","background-type":"","background-media":"","overlay-type":"","overlay-color":"","overlay-opacity":"","overlay-gradient":""}},"ast-content-background-meta":{"desktop":{"background-color":"var(--ast-global-color-4)","background-image":"","background-repeat":"repeat","background-position":"center center","background-size":"auto","background-attachment":"scroll","background-type":"","background-media":"","overlay-type":"","overlay-color":"","overlay-opacity":"","overlay-gradient":""},"tablet":{"background-color":"var(--ast-global-color-4)","background-image":"","background-repeat":"repeat","background-position":"center center","background-size":"auto","background-attachment":"scroll","background-type":"","background-media":"","overlay-type":"","overlay-color":"","overlay-opacity":"","overlay-gradient":""},"mobile":{"background-color":"var(--ast-global-color-4)","background-image":"","background-repeat":"repeat","background-position":"center center","background-size":"auto","background-attachment":"scroll","background-type":"","background-media":"","overlay-type":"","overlay-color":"","overlay-opacity":"","overlay-gradient":""}}},"product_brand":[],"product_cat":[9618],"product_tag":[],"class_list":{"0":"post-24950","1":"product","2":"type-product","3":"status-publish","4":"has-post-thumbnail","6":"product_cat-istoriniai-romanai","7":"desktop-align-left","8":"tablet-align-left","9":"mobile-align-left","11":"first","12":"outofstock","13":"shipping-taxable","14":"purchasable","15":"product-type-simple"},"acf":[],"yoast_head":"<!-- This site is optimized with the Yoast SEO plugin v27.0 - https:\/\/yoast.com\/product\/yoast-seo-wordpress\/ -->\n<title>22-oji i\u0161lyga<\/title>\n<meta name=\"description\" content=\"Vienas garsiausi\u0173 XX a. roman\u0173 \u201e22-oji i\u0161lyga\u201c satyri\u0161kai vaizduoja kar\u0105 ir visuomen\u0119. Atskleid\u017eiamas moralinis konfliktas tarp biurokratin\u0117s m\u0117smal\u0117s ir\" \/>\n<meta name=\"robots\" content=\"index, follow, max-snippet:-1, max-image-preview:large, max-video-preview:-1\" \/>\n<link rel=\"canonical\" href=\"https:\/\/skaitytaknyga.lt\/en\/produktas\/22-oji-islyga\/\" \/>\n<meta property=\"og:locale\" content=\"en_GB\" \/>\n<meta property=\"og:locale:alternate\" content=\"lt_LT\" \/>\n<meta property=\"og:type\" content=\"article\" \/>\n<meta property=\"og:title\" content=\"22-oji i\u0161lyga\" \/>\n<meta property=\"og:description\" content=\"Vienas garsiausi\u0173 XX a. roman\u0173 \u201e22-oji i\u0161lyga\u201c satyri\u0161kai vaizduoja kar\u0105 ir visuomen\u0119. Atskleid\u017eiamas moralinis konfliktas tarp biurokratin\u0117s m\u0117smal\u0117s ir\" \/>\n<meta property=\"og:url\" content=\"https:\/\/skaitytaknyga.lt\/en\/produktas\/22-oji-islyga\/\" \/>\n<meta property=\"og:site_name\" content=\"Skaitytaknyga\" \/>\n<meta property=\"article:publisher\" content=\"https:\/\/www.facebook.com\/skaitytaknyga\/\" \/>\n<meta property=\"article:modified_time\" content=\"2026-04-11T05:30:16+00:00\" \/>\n<meta property=\"og:image\" content=\"https:\/\/skaitytaknyga.lt\/wp-content\/uploads\/2026\/03\/22-oji-islyga.webp\" \/>\n\t<meta property=\"og:image:width\" content=\"534\" \/>\n\t<meta property=\"og:image:height\" content=\"801\" \/>\n\t<meta property=\"og:image:type\" content=\"image\/webp\" \/>\n<meta name=\"twitter:card\" content=\"summary_large_image\" \/>\n<meta name=\"twitter:label1\" content=\"Estimated reading time\" \/>\n\t<meta name=\"twitter:data1\" content=\"1 minute\" \/>\n<script type=\"application\/ld+json\" class=\"yoast-schema-graph\">{\"@context\":\"https:\/\/schema.org\",\"@graph\":[{\"@type\":\"WebPage\",\"@id\":\"https:\/\/skaitytaknyga.lt\/produktas\/22-oji-islyga\/\",\"url\":\"https:\/\/skaitytaknyga.lt\/produktas\/22-oji-islyga\/\",\"name\":\"22-oji i\u0161lyga\",\"isPartOf\":{\"@id\":\"https:\/\/skaitytaknyga.lt\/#website\"},\"primaryImageOfPage\":{\"@id\":\"https:\/\/skaitytaknyga.lt\/produktas\/22-oji-islyga\/#primaryimage\"},\"image\":{\"@id\":\"https:\/\/skaitytaknyga.lt\/produktas\/22-oji-islyga\/#primaryimage\"},\"thumbnailUrl\":\"https:\/\/skaitytaknyga.lt\/wp-content\/uploads\/2026\/03\/22-oji-islyga.webp\",\"datePublished\":\"2026-03-17T19:04:15+00:00\",\"dateModified\":\"2026-04-11T05:30:16+00:00\",\"description\":\"Vienas garsiausi\u0173 XX a. roman\u0173 \u201e22-oji i\u0161lyga\u201c satyri\u0161kai vaizduoja kar\u0105 ir visuomen\u0119. Atskleid\u017eiamas moralinis konfliktas tarp biurokratin\u0117s m\u0117smal\u0117s ir\",\"breadcrumb\":{\"@id\":\"https:\/\/skaitytaknyga.lt\/produktas\/22-oji-islyga\/#breadcrumb\"},\"inLanguage\":\"en-GB\",\"potentialAction\":[{\"@type\":\"ReadAction\",\"target\":[\"https:\/\/skaitytaknyga.lt\/produktas\/22-oji-islyga\/\"]}]},{\"@type\":\"ImageObject\",\"inLanguage\":\"en-GB\",\"@id\":\"https:\/\/skaitytaknyga.lt\/produktas\/22-oji-islyga\/#primaryimage\",\"url\":\"https:\/\/skaitytaknyga.lt\/wp-content\/uploads\/2026\/03\/22-oji-islyga.webp\",\"contentUrl\":\"https:\/\/skaitytaknyga.lt\/wp-content\/uploads\/2026\/03\/22-oji-islyga.webp\",\"width\":534,\"height\":801,\"caption\":\"22 oji i\u0161lyga\"},{\"@type\":\"BreadcrumbList\",\"@id\":\"https:\/\/skaitytaknyga.lt\/produktas\/22-oji-islyga\/#breadcrumb\",\"itemListElement\":[{\"@type\":\"ListItem\",\"position\":1,\"name\":\"Home\",\"item\":\"https:\/\/skaitytaknyga.lt\/\"},{\"@type\":\"ListItem\",\"position\":2,\"name\":\"Parduotuv\u0117\",\"item\":\"https:\/\/skaitytaknyga.lt\/knygu-parduotuve\/\"},{\"@type\":\"ListItem\",\"position\":3,\"name\":\"22-oji i\u0161lyga\"}]},{\"@type\":\"WebSite\",\"@id\":\"https:\/\/skaitytaknyga.lt\/#website\",\"url\":\"https:\/\/skaitytaknyga.lt\/\",\"name\":\"skaitytaknyga.lt\",\"description\":\"Skaitytaknyga.lt \u2013 tai ma\u017eas \u0161eimos verslas, kuris prasid\u0117jo nuo meil\u0117s knygoms ir siekio i\u0161gelb\u0117ti knygas nuo likimo prie konteinerio. Kas vienam nereikalingas daiktas \u2013 kitam lobis, o mes esame tarpininkai, kurie padeda abiems tapti laimingesniems ???? \u017dinome kaip nelengva i\u0161gyventi ma\u017eiems verslams, tad nuo \u0161iol, \u010dia rasite ir kit\u0173, ma\u017e\u0173 \u0161eim\u0173 versl\u0173, rank\u0173 darbo, dovan\u0173 sau ir artimiesiems.\",\"publisher\":{\"@id\":\"https:\/\/skaitytaknyga.lt\/#organization\"},\"potentialAction\":[{\"@type\":\"SearchAction\",\"target\":{\"@type\":\"EntryPoint\",\"urlTemplate\":\"https:\/\/skaitytaknyga.lt\/?s={search_term_string}\"},\"query-input\":{\"@type\":\"PropertyValueSpecification\",\"valueRequired\":true,\"valueName\":\"search_term_string\"}}],\"inLanguage\":\"en-GB\"},{\"@type\":\"Organization\",\"@id\":\"https:\/\/skaitytaknyga.lt\/#organization\",\"name\":\"skaitytaknyga.lt\",\"url\":\"https:\/\/skaitytaknyga.lt\/\",\"logo\":{\"@type\":\"ImageObject\",\"inLanguage\":\"en-GB\",\"@id\":\"https:\/\/skaitytaknyga.lt\/#\/schema\/logo\/image\/\",\"url\":\"https:\/\/skaitytaknyga.lt\/wp-content\/uploads\/2024\/05\/cropped-cropped-cropped-02_00843_jt3bggkj1j3HLc7SyY6rEUpg.jpeg\",\"contentUrl\":\"https:\/\/skaitytaknyga.lt\/wp-content\/uploads\/2024\/05\/cropped-cropped-cropped-02_00843_jt3bggkj1j3HLc7SyY6rEUpg.jpeg\",\"width\":1600,\"height\":1600,\"caption\":\"skaitytaknyga.lt\"},\"image\":{\"@id\":\"https:\/\/skaitytaknyga.lt\/#\/schema\/logo\/image\/\"},\"sameAs\":[\"https:\/\/www.facebook.com\/skaitytaknyga\/\"]}]}<\/script>\n<!-- \/ Yoast SEO plugin. -->","yoast_head_json":{"title":"22-oji i\u0161lyga","description":"Vienas garsiausi\u0173 XX a. roman\u0173 \u201e22-oji i\u0161lyga\u201c satyri\u0161kai vaizduoja kar\u0105 ir visuomen\u0119. Atskleid\u017eiamas moralinis konfliktas tarp biurokratin\u0117s m\u0117smal\u0117s ir","robots":{"index":"index","follow":"follow","max-snippet":"max-snippet:-1","max-image-preview":"max-image-preview:large","max-video-preview":"max-video-preview:-1"},"canonical":"https:\/\/skaitytaknyga.lt\/en\/produktas\/22-oji-islyga\/","og_locale":"en_GB","og_type":"article","og_title":"[:lt]22-oji i\u0161lyga[:] - Skaitytaknyga","og_description":"Vienas garsiausi\u0173 XX a. roman\u0173 \u201e22-oji i\u0161lyga\u201c satyri\u0161kai vaizduoja kar\u0105 ir visuomen\u0119. Atskleid\u017eiamas moralinis konfliktas tarp biurokratin\u0117s m\u0117smal\u0117s ir","og_url":"https:\/\/skaitytaknyga.lt\/en\/produktas\/22-oji-islyga\/","og_site_name":"Skaitytaknyga","article_publisher":"https:\/\/www.facebook.com\/skaitytaknyga\/","article_modified_time":"2026-04-11T05:30:16+00:00","og_image":[{"width":534,"height":801,"url":"https:\/\/skaitytaknyga.lt\/wp-content\/uploads\/2026\/03\/22-oji-islyga.webp","type":"image\/webp"}],"twitter_card":"summary_large_image","twitter_misc":{"Estimated reading time":"1 minute"},"schema":{"@context":"https:\/\/schema.org","@graph":[{"@type":"WebPage","@id":"https:\/\/skaitytaknyga.lt\/produktas\/22-oji-islyga\/","url":"https:\/\/skaitytaknyga.lt\/produktas\/22-oji-islyga\/","name":"22-oji i\u0161lyga","isPartOf":{"@id":"https:\/\/skaitytaknyga.lt\/#website"},"primaryImageOfPage":{"@id":"https:\/\/skaitytaknyga.lt\/produktas\/22-oji-islyga\/#primaryimage"},"image":{"@id":"https:\/\/skaitytaknyga.lt\/produktas\/22-oji-islyga\/#primaryimage"},"thumbnailUrl":"https:\/\/skaitytaknyga.lt\/wp-content\/uploads\/2026\/03\/22-oji-islyga.webp","datePublished":"2026-03-17T19:04:15+00:00","dateModified":"2026-04-11T05:30:16+00:00","description":"Vienas garsiausi\u0173 XX a. roman\u0173 \u201e22-oji i\u0161lyga\u201c satyri\u0161kai vaizduoja kar\u0105 ir visuomen\u0119. Atskleid\u017eiamas moralinis konfliktas tarp biurokratin\u0117s m\u0117smal\u0117s ir","breadcrumb":{"@id":"https:\/\/skaitytaknyga.lt\/produktas\/22-oji-islyga\/#breadcrumb"},"inLanguage":"en-GB","potentialAction":[{"@type":"ReadAction","target":["https:\/\/skaitytaknyga.lt\/produktas\/22-oji-islyga\/"]}]},{"@type":"ImageObject","inLanguage":"en-GB","@id":"https:\/\/skaitytaknyga.lt\/produktas\/22-oji-islyga\/#primaryimage","url":"https:\/\/skaitytaknyga.lt\/wp-content\/uploads\/2026\/03\/22-oji-islyga.webp","contentUrl":"https:\/\/skaitytaknyga.lt\/wp-content\/uploads\/2026\/03\/22-oji-islyga.webp","width":534,"height":801,"caption":"22 oji i\u0161lyga"},{"@type":"BreadcrumbList","@id":"https:\/\/skaitytaknyga.lt\/produktas\/22-oji-islyga\/#breadcrumb","itemListElement":[{"@type":"ListItem","position":1,"name":"Home","item":"https:\/\/skaitytaknyga.lt\/"},{"@type":"ListItem","position":2,"name":"Parduotuv\u0117","item":"https:\/\/skaitytaknyga.lt\/knygu-parduotuve\/"},{"@type":"ListItem","position":3,"name":"22-oji i\u0161lyga"}]},{"@type":"WebSite","@id":"https:\/\/skaitytaknyga.lt\/#website","url":"https:\/\/skaitytaknyga.lt\/","name":"skaitytaknyga.lt","description":"Skaitytaknyga.lt \u2013 tai ma\u017eas \u0161eimos verslas, kuris prasid\u0117jo nuo meil\u0117s knygoms ir siekio i\u0161gelb\u0117ti knygas nuo likimo prie konteinerio. Kas vienam nereikalingas daiktas \u2013 kitam lobis, o mes esame tarpininkai, kurie padeda abiems tapti laimingesniems ???? \u017dinome kaip nelengva i\u0161gyventi ma\u017eiems verslams, tad nuo \u0161iol, \u010dia rasite ir kit\u0173, ma\u017e\u0173 \u0161eim\u0173 versl\u0173, rank\u0173 darbo, dovan\u0173 sau ir artimiesiems.","publisher":{"@id":"https:\/\/skaitytaknyga.lt\/#organization"},"potentialAction":[{"@type":"SearchAction","target":{"@type":"EntryPoint","urlTemplate":"https:\/\/skaitytaknyga.lt\/?s={search_term_string}"},"query-input":{"@type":"PropertyValueSpecification","valueRequired":true,"valueName":"search_term_string"}}],"inLanguage":"en-GB"},{"@type":"Organization","@id":"https:\/\/skaitytaknyga.lt\/#organization","name":"skaitytaknyga.lt","url":"https:\/\/skaitytaknyga.lt\/","logo":{"@type":"ImageObject","inLanguage":"en-GB","@id":"https:\/\/skaitytaknyga.lt\/#\/schema\/logo\/image\/","url":"https:\/\/skaitytaknyga.lt\/wp-content\/uploads\/2024\/05\/cropped-cropped-cropped-02_00843_jt3bggkj1j3HLc7SyY6rEUpg.jpeg","contentUrl":"https:\/\/skaitytaknyga.lt\/wp-content\/uploads\/2024\/05\/cropped-cropped-cropped-02_00843_jt3bggkj1j3HLc7SyY6rEUpg.jpeg","width":1600,"height":1600,"caption":"skaitytaknyga.lt"},"image":{"@id":"https:\/\/skaitytaknyga.lt\/#\/schema\/logo\/image\/"},"sameAs":["https:\/\/www.facebook.com\/skaitytaknyga\/"]}]}},"_links":{"self":[{"href":"https:\/\/skaitytaknyga.lt\/en\/wp-json\/wp\/v2\/product\/24950","targetHints":{"allow":["GET"]}}],"collection":[{"href":"https:\/\/skaitytaknyga.lt\/en\/wp-json\/wp\/v2\/product"}],"about":[{"href":"https:\/\/skaitytaknyga.lt\/en\/wp-json\/wp\/v2\/types\/product"}],"replies":[{"embeddable":true,"href":"https:\/\/skaitytaknyga.lt\/en\/wp-json\/wp\/v2\/comments?post=24950"}],"wp:featuredmedia":[{"embeddable":true,"href":"https:\/\/skaitytaknyga.lt\/en\/wp-json\/wp\/v2\/media\/24956"}],"wp:attachment":[{"href":"https:\/\/skaitytaknyga.lt\/en\/wp-json\/wp\/v2\/media?parent=24950"}],"wp:term":[{"taxonomy":"product_brand","embeddable":true,"href":"https:\/\/skaitytaknyga.lt\/en\/wp-json\/wp\/v2\/product_brand?post=24950"},{"taxonomy":"product_cat","embeddable":true,"href":"https:\/\/skaitytaknyga.lt\/en\/wp-json\/wp\/v2\/product_cat?post=24950"},{"taxonomy":"product_tag","embeddable":true,"href":"https:\/\/skaitytaknyga.lt\/en\/wp-json\/wp\/v2\/product_tag?post=24950"}],"curies":[{"name":"wp","href":"https:\/\/api.w.org\/{rel}","templated":true}]}}