{"id":24949,"date":"2026-03-17T21:04:15","date_gmt":"2026-03-17T19:04:15","guid":{"rendered":"https:\/\/skaitytaknyga.lt\/?post_type=product&#038;p=24949"},"modified":"2026-03-18T09:35:00","modified_gmt":"2026-03-18T07:35:00","slug":"per-kitoki-mastyma-i-sveikata-turta-ir-laime-dzozefo-merfio-kosmines-isminties-perlai","status":"publish","type":"product","link":"https:\/\/skaitytaknyga.lt\/en\/produktas\/per-kitoki-mastyma-i-sveikata-turta-ir-laime-dzozefo-merfio-kosmines-isminties-perlai\/","title":{"rendered":"Per kitok\u012f m\u0105stym\u0105 \u012f sveikat\u0105, turt\u0105 ir laim\u0119. D\u017eozefo Merfio kosmin\u0117s i\u0161minties perlai"},"content":{"rendered":"<p>\u012estrigote rutinoje? Kankina savigarbos stoka? Jau\u010diate pykt\u012f draugui ar artimam \u017emogui? Kamuoja \u0161eimyninio gyvenimo nesutarimai? O gal tiesiog norite i\u0161pl\u0117sti savimon\u0119?<\/p>\n<p>\u0160i knyga pad\u0117s jums panaudoti savo pas\u0105mon\u0117s gali\u0105 visiems gyvenimo aspektams pagerinti. Redaktorius Davidas Morganas pateikia dr. Merfio mokym\u0105, apimant\u012f plat\u0173 dvasini\u0173, emocini\u0173, fizini\u0173 ir finansini\u0173 problem\u0173 rat\u0105. Savo teiginius jis iliustruoja pavyzd\u017eiais i\u0161 realaus gyvenimo, parodan\u010diais, kaip naudotis pas\u0105mon\u0117s d\u0117sniais savo tikslams pasiekti.<\/p>\n<p>\u201eMa\u010diau, kaip \u017emon\u0117ms visose veiklos srityje visame pasaulyje vyksta tikri stebuklai&#8221;, \u2013 sako dr. D\u017eozefas Merfis.<\/p>\n<p>D\u017eozefas Merfis, teologijos, filosofijos, teis\u0117s daktaras, para\u0161\u0117 daug bestseleriais tapusi\u0173 knyg\u0173, tarp j\u0173 ir lietuvi\u0173 kalba i\u0161leistas knygas \u201eKosmin\u0117s dvasin\u0117s galios d\u0117sniai&#8221;, \u201eJ\u016bs\u0173 pas\u0105mon\u0117s galia&#8221;, \u201eJ\u016bs\u0173 neribota galia b\u016bti turtingiems&#8221;. Jo sugeb\u0117jimas pasi\u016blyti praktinius metodus, kuriais kiekvienas \u017emogus gal\u0117t\u0173 pasinaudoti savo fiziniam, socialiniam, ekonominiam ir dvasiniam tobul\u0117jimui, pad\u0117jo jam sulaukti milijon\u0173 sek\u0117j\u0173 visame pasaulyje.<\/p>\n","protected":false},"excerpt":{"rendered":"<p>\u012estrigote rutinoje? Kankina savigarbos stoka? Jau\u010diate pykt\u012f draugui ar artimam \u017emogui? Kamuoja \u0161eimyninio gyvenimo nesutarimai? O gal tiesiog norite i\u0161pl\u0117sti savimon\u0119? \u0160i knyga pad\u0117s jums panaudoti savo pas\u0105mon\u0117s gali\u0105 visiems gyvenimo aspektams pagerinti. Redaktorius Davidas Morganas pateikia dr. Merfio mokym\u0105, apimant\u012f plat\u0173 dvasini\u0173, emocini\u0173, fizini\u0173 ir finansini\u0173 problem\u0173 rat\u0105. Savo teiginius jis iliustruoja pavyzd\u017eiais i\u0161 realaus gyvenimo, parodan\u010diais, kaip naudotis pas\u0105mon\u0117s d\u0117sniais savo tikslams pasiekti. \u201eMa\u010diau, kaip \u017emon\u0117ms visose veiklos srityje visame pasaulyje vyksta tikri stebuklai&#8221;, \u2013 sako dr. D\u017eozefas Merfis. D\u017eozefas Merfis, teologijos, filosofijos, teis\u0117s daktaras, para\u0161\u0117 daug bestseleriais tapusi\u0173 knyg\u0173, tarp j\u0173 ir lietuvi\u0173 kalba i\u0161leistas knygas \u201eKosmin\u0117s dvasin\u0117s galios d\u0117sniai&#8221;, \u201eJ\u016bs\u0173 pas\u0105mon\u0117s galia&#8221;, \u201eJ\u016bs\u0173 neribota galia b\u016bti turtingiems&#8221;. Jo sugeb\u0117jimas pasi\u016blyti praktinius metodus, kuriais kiekvienas \u017emogus gal\u0117t\u0173 pasinaudoti savo fiziniam, socialiniam, ekonominiam ir dvasiniam tobul\u0117jimui, pad\u0117jo jam sulaukti milijon\u0173 sek\u0117j\u0173 visame pasaulyje.<\/p>\n","protected":false},"featured_media":24955,"comment_status":"open","ping_status":"closed","template":"","meta":{"_acf_changed":false,"site-sidebar-layout":"default","site-content-layout":"","ast-site-content-layout":"default","site-content-style":"default","site-sidebar-style":"default","ast-global-header-display":"","ast-banner-title-visibility":"","ast-main-header-display":"","ast-hfb-above-header-display":"","ast-hfb-below-header-display":"","ast-hfb-mobile-header-display":"","site-post-title":"","ast-breadcrumbs-content":"","ast-featured-img":"","footer-sml-layout":"","ast-disable-related-posts":"","theme-transparent-header-meta":"","adv-header-id-meta":"","stick-header-meta":"","header-above-stick-meta":"","header-main-stick-meta":"","header-below-stick-meta":"","astra-migrate-meta-layouts":"default","ast-page-background-enabled":"default","ast-page-background-meta":{"desktop":{"background-color":"","background-image":"","background-repeat":"repeat","background-position":"center center","background-size":"auto","background-attachment":"scroll","background-type":"","background-media":"","overlay-type":"","overlay-color":"","overlay-opacity":"","overlay-gradient":""},"tablet":{"background-color":"","background-image":"","background-repeat":"repeat","background-position":"center center","background-size":"auto","background-attachment":"scroll","background-type":"","background-media":"","overlay-type":"","overlay-color":"","overlay-opacity":"","overlay-gradient":""},"mobile":{"background-color":"","background-image":"","background-repeat":"repeat","background-position":"center center","background-size":"auto","background-attachment":"scroll","background-type":"","background-media":"","overlay-type":"","overlay-color":"","overlay-opacity":"","overlay-gradient":""}},"ast-content-background-meta":{"desktop":{"background-color":"var(--ast-global-color-4)","background-image":"","background-repeat":"repeat","background-position":"center center","background-size":"auto","background-attachment":"scroll","background-type":"","background-media":"","overlay-type":"","overlay-color":"","overlay-opacity":"","overlay-gradient":""},"tablet":{"background-color":"var(--ast-global-color-4)","background-image":"","background-repeat":"repeat","background-position":"center center","background-size":"auto","background-attachment":"scroll","background-type":"","background-media":"","overlay-type":"","overlay-color":"","overlay-opacity":"","overlay-gradient":""},"mobile":{"background-color":"var(--ast-global-color-4)","background-image":"","background-repeat":"repeat","background-position":"center center","background-size":"auto","background-attachment":"scroll","background-type":"","background-media":"","overlay-type":"","overlay-color":"","overlay-opacity":"","overlay-gradient":""}}},"product_brand":[],"product_cat":[30],"product_tag":[],"class_list":{"0":"post-24949","1":"product","2":"type-product","3":"status-publish","4":"has-post-thumbnail","6":"product_cat-psichologija-ir-saviugda","7":"desktop-align-left","8":"tablet-align-left","9":"mobile-align-left","11":"first","12":"instock","13":"shipping-taxable","14":"purchasable","15":"product-type-simple"},"acf":[],"yoast_head":"<!-- This site is optimized with the Yoast SEO plugin v27.0 - https:\/\/yoast.com\/product\/yoast-seo-wordpress\/ -->\n<title>Per kitok\u012f m\u0105stym\u0105 \u012f sveikat\u0105, turt\u0105 ir laim\u0119. D\u017eozefo Merfio kosmin\u0117s i\u0161minties perlai<\/title>\n<meta name=\"description\" content=\"\u012estrigote rutinoje? Kankina savigarbos stoka? Jau\u010diate pykt\u012f draugui ar artimam \u017emogui? Kamuoja \u0161eimyninio gyvenimo nesutarimai? O gal tiesiog norite\" \/>\n<meta name=\"robots\" content=\"index, follow, max-snippet:-1, max-image-preview:large, max-video-preview:-1\" \/>\n<link rel=\"canonical\" href=\"https:\/\/skaitytaknyga.lt\/en\/produktas\/per-kitoki-mastyma-i-sveikata-turta-ir-laime-dzozefo-merfio-kosmines-isminties-perlai\/\" \/>\n<meta property=\"og:locale\" content=\"en_GB\" \/>\n<meta property=\"og:locale:alternate\" content=\"lt_LT\" \/>\n<meta property=\"og:type\" content=\"article\" \/>\n<meta property=\"og:title\" content=\"Per kitok\u012f m\u0105stym\u0105 \u012f sveikat\u0105, turt\u0105 ir laim\u0119. D\u017eozefo Merfio kosmin\u0117s i\u0161minties perlai\" \/>\n<meta property=\"og:description\" content=\"\u012estrigote rutinoje? Kankina savigarbos stoka? Jau\u010diate pykt\u012f draugui ar artimam \u017emogui? Kamuoja \u0161eimyninio gyvenimo nesutarimai? O gal tiesiog norite\" \/>\n<meta property=\"og:url\" content=\"https:\/\/skaitytaknyga.lt\/en\/produktas\/per-kitoki-mastyma-i-sveikata-turta-ir-laime-dzozefo-merfio-kosmines-isminties-perlai\/\" \/>\n<meta property=\"og:site_name\" content=\"Skaitytaknyga\" \/>\n<meta property=\"article:publisher\" content=\"https:\/\/www.facebook.com\/skaitytaknyga\/\" \/>\n<meta property=\"article:modified_time\" content=\"2026-03-18T07:35:00+00:00\" \/>\n<meta property=\"og:image\" content=\"https:\/\/skaitytaknyga.lt\/wp-content\/uploads\/2026\/03\/Per-kitoki-mastyma-i-sveikata-turta-ir-laime.-Dzozefo-Merfio-kosmines-isminties-perlai-e1773818554143.webp\" \/>\n\t<meta property=\"og:image:width\" content=\"300\" \/>\n\t<meta property=\"og:image:height\" content=\"453\" \/>\n\t<meta property=\"og:image:type\" content=\"image\/webp\" \/>\n<meta name=\"twitter:card\" content=\"summary_large_image\" \/>\n<meta name=\"twitter:label1\" content=\"Estimated reading time\" \/>\n\t<meta name=\"twitter:data1\" content=\"1 minute\" \/>\n<script type=\"application\/ld+json\" class=\"yoast-schema-graph\">{\"@context\":\"https:\/\/schema.org\",\"@graph\":[{\"@type\":\"WebPage\",\"@id\":\"https:\/\/skaitytaknyga.lt\/produktas\/per-kitoki-mastyma-i-sveikata-turta-ir-laime-dzozefo-merfio-kosmines-isminties-perlai\/\",\"url\":\"https:\/\/skaitytaknyga.lt\/produktas\/per-kitoki-mastyma-i-sveikata-turta-ir-laime-dzozefo-merfio-kosmines-isminties-perlai\/\",\"name\":\"Per kitok\u012f m\u0105stym\u0105 \u012f sveikat\u0105, turt\u0105 ir laim\u0119. D\u017eozefo Merfio kosmin\u0117s i\u0161minties perlai\",\"isPartOf\":{\"@id\":\"https:\/\/skaitytaknyga.lt\/#website\"},\"primaryImageOfPage\":{\"@id\":\"https:\/\/skaitytaknyga.lt\/produktas\/per-kitoki-mastyma-i-sveikata-turta-ir-laime-dzozefo-merfio-kosmines-isminties-perlai\/#primaryimage\"},\"image\":{\"@id\":\"https:\/\/skaitytaknyga.lt\/produktas\/per-kitoki-mastyma-i-sveikata-turta-ir-laime-dzozefo-merfio-kosmines-isminties-perlai\/#primaryimage\"},\"thumbnailUrl\":\"https:\/\/skaitytaknyga.lt\/wp-content\/uploads\/2026\/03\/Per-kitoki-mastyma-i-sveikata-turta-ir-laime.-Dzozefo-Merfio-kosmines-isminties-perlai-e1773818554143.webp\",\"datePublished\":\"2026-03-17T19:04:15+00:00\",\"dateModified\":\"2026-03-18T07:35:00+00:00\",\"description\":\"\u012estrigote rutinoje? Kankina savigarbos stoka? Jau\u010diate pykt\u012f draugui ar artimam \u017emogui? Kamuoja \u0161eimyninio gyvenimo nesutarimai? O gal tiesiog norite\",\"breadcrumb\":{\"@id\":\"https:\/\/skaitytaknyga.lt\/produktas\/per-kitoki-mastyma-i-sveikata-turta-ir-laime-dzozefo-merfio-kosmines-isminties-perlai\/#breadcrumb\"},\"inLanguage\":\"en-GB\",\"potentialAction\":[{\"@type\":\"ReadAction\",\"target\":[\"https:\/\/skaitytaknyga.lt\/produktas\/per-kitoki-mastyma-i-sveikata-turta-ir-laime-dzozefo-merfio-kosmines-isminties-perlai\/\"]}]},{\"@type\":\"ImageObject\",\"inLanguage\":\"en-GB\",\"@id\":\"https:\/\/skaitytaknyga.lt\/produktas\/per-kitoki-mastyma-i-sveikata-turta-ir-laime-dzozefo-merfio-kosmines-isminties-perlai\/#primaryimage\",\"url\":\"https:\/\/skaitytaknyga.lt\/wp-content\/uploads\/2026\/03\/Per-kitoki-mastyma-i-sveikata-turta-ir-laime.-Dzozefo-Merfio-kosmines-isminties-perlai-e1773818554143.webp\",\"contentUrl\":\"https:\/\/skaitytaknyga.lt\/wp-content\/uploads\/2026\/03\/Per-kitoki-mastyma-i-sveikata-turta-ir-laime.-Dzozefo-Merfio-kosmines-isminties-perlai-e1773818554143.webp\",\"width\":300,\"height\":453,\"caption\":\"Per kitok\u012f m\u0105stym\u0105 \u012f sveikat\u0105, turt\u0105 ir laim\u0119. D\u017eozefo Merfio kosmin\u0117s i\u0161minties perlai\"},{\"@type\":\"BreadcrumbList\",\"@id\":\"https:\/\/skaitytaknyga.lt\/produktas\/per-kitoki-mastyma-i-sveikata-turta-ir-laime-dzozefo-merfio-kosmines-isminties-perlai\/#breadcrumb\",\"itemListElement\":[{\"@type\":\"ListItem\",\"position\":1,\"name\":\"Home\",\"item\":\"https:\/\/skaitytaknyga.lt\/\"},{\"@type\":\"ListItem\",\"position\":2,\"name\":\"Parduotuv\u0117\",\"item\":\"https:\/\/skaitytaknyga.lt\/knygu-parduotuve\/\"},{\"@type\":\"ListItem\",\"position\":3,\"name\":\"Per kitok\u012f m\u0105stym\u0105 \u012f sveikat\u0105, turt\u0105 ir laim\u0119. D\u017eozefo Merfio kosmin\u0117s i\u0161minties perlai\"}]},{\"@type\":\"WebSite\",\"@id\":\"https:\/\/skaitytaknyga.lt\/#website\",\"url\":\"https:\/\/skaitytaknyga.lt\/\",\"name\":\"skaitytaknyga.lt\",\"description\":\"Skaitytaknyga.lt \u2013 tai ma\u017eas \u0161eimos verslas, kuris prasid\u0117jo nuo meil\u0117s knygoms ir siekio i\u0161gelb\u0117ti knygas nuo likimo prie konteinerio. Kas vienam nereikalingas daiktas \u2013 kitam lobis, o mes esame tarpininkai, kurie padeda abiems tapti laimingesniems ???? \u017dinome kaip nelengva i\u0161gyventi ma\u017eiems verslams, tad nuo \u0161iol, \u010dia rasite ir kit\u0173, ma\u017e\u0173 \u0161eim\u0173 versl\u0173, rank\u0173 darbo, dovan\u0173 sau ir artimiesiems.\",\"publisher\":{\"@id\":\"https:\/\/skaitytaknyga.lt\/#organization\"},\"potentialAction\":[{\"@type\":\"SearchAction\",\"target\":{\"@type\":\"EntryPoint\",\"urlTemplate\":\"https:\/\/skaitytaknyga.lt\/?s={search_term_string}\"},\"query-input\":{\"@type\":\"PropertyValueSpecification\",\"valueRequired\":true,\"valueName\":\"search_term_string\"}}],\"inLanguage\":\"en-GB\"},{\"@type\":\"Organization\",\"@id\":\"https:\/\/skaitytaknyga.lt\/#organization\",\"name\":\"skaitytaknyga.lt\",\"url\":\"https:\/\/skaitytaknyga.lt\/\",\"logo\":{\"@type\":\"ImageObject\",\"inLanguage\":\"en-GB\",\"@id\":\"https:\/\/skaitytaknyga.lt\/#\/schema\/logo\/image\/\",\"url\":\"https:\/\/skaitytaknyga.lt\/wp-content\/uploads\/2024\/05\/cropped-cropped-cropped-02_00843_jt3bggkj1j3HLc7SyY6rEUpg.jpeg\",\"contentUrl\":\"https:\/\/skaitytaknyga.lt\/wp-content\/uploads\/2024\/05\/cropped-cropped-cropped-02_00843_jt3bggkj1j3HLc7SyY6rEUpg.jpeg\",\"width\":1600,\"height\":1600,\"caption\":\"skaitytaknyga.lt\"},\"image\":{\"@id\":\"https:\/\/skaitytaknyga.lt\/#\/schema\/logo\/image\/\"},\"sameAs\":[\"https:\/\/www.facebook.com\/skaitytaknyga\/\"]}]}<\/script>\n<!-- \/ Yoast SEO plugin. -->","yoast_head_json":{"title":"Per kitok\u012f m\u0105stym\u0105 \u012f sveikat\u0105, turt\u0105 ir laim\u0119. D\u017eozefo Merfio kosmin\u0117s i\u0161minties perlai","description":"\u012estrigote rutinoje? Kankina savigarbos stoka? Jau\u010diate pykt\u012f draugui ar artimam \u017emogui? Kamuoja \u0161eimyninio gyvenimo nesutarimai? O gal tiesiog norite","robots":{"index":"index","follow":"follow","max-snippet":"max-snippet:-1","max-image-preview":"max-image-preview:large","max-video-preview":"max-video-preview:-1"},"canonical":"https:\/\/skaitytaknyga.lt\/en\/produktas\/per-kitoki-mastyma-i-sveikata-turta-ir-laime-dzozefo-merfio-kosmines-isminties-perlai\/","og_locale":"en_GB","og_type":"article","og_title":"[:lt]Per kitok\u012f m\u0105stym\u0105 \u012f sveikat\u0105, turt\u0105 ir laim\u0119. D\u017eozefo Merfio kosmin\u0117s i\u0161minties perlai[:] - Skaitytaknyga","og_description":"\u012estrigote rutinoje? Kankina savigarbos stoka? Jau\u010diate pykt\u012f draugui ar artimam \u017emogui? Kamuoja \u0161eimyninio gyvenimo nesutarimai? O gal tiesiog norite","og_url":"https:\/\/skaitytaknyga.lt\/en\/produktas\/per-kitoki-mastyma-i-sveikata-turta-ir-laime-dzozefo-merfio-kosmines-isminties-perlai\/","og_site_name":"Skaitytaknyga","article_publisher":"https:\/\/www.facebook.com\/skaitytaknyga\/","article_modified_time":"2026-03-18T07:35:00+00:00","og_image":[{"width":300,"height":453,"url":"https:\/\/skaitytaknyga.lt\/wp-content\/uploads\/2026\/03\/Per-kitoki-mastyma-i-sveikata-turta-ir-laime.-Dzozefo-Merfio-kosmines-isminties-perlai-e1773818554143.webp","type":"image\/webp"}],"twitter_card":"summary_large_image","twitter_misc":{"Estimated reading time":"1 minute"},"schema":{"@context":"https:\/\/schema.org","@graph":[{"@type":"WebPage","@id":"https:\/\/skaitytaknyga.lt\/produktas\/per-kitoki-mastyma-i-sveikata-turta-ir-laime-dzozefo-merfio-kosmines-isminties-perlai\/","url":"https:\/\/skaitytaknyga.lt\/produktas\/per-kitoki-mastyma-i-sveikata-turta-ir-laime-dzozefo-merfio-kosmines-isminties-perlai\/","name":"Per kitok\u012f m\u0105stym\u0105 \u012f sveikat\u0105, turt\u0105 ir laim\u0119. D\u017eozefo Merfio kosmin\u0117s i\u0161minties perlai","isPartOf":{"@id":"https:\/\/skaitytaknyga.lt\/#website"},"primaryImageOfPage":{"@id":"https:\/\/skaitytaknyga.lt\/produktas\/per-kitoki-mastyma-i-sveikata-turta-ir-laime-dzozefo-merfio-kosmines-isminties-perlai\/#primaryimage"},"image":{"@id":"https:\/\/skaitytaknyga.lt\/produktas\/per-kitoki-mastyma-i-sveikata-turta-ir-laime-dzozefo-merfio-kosmines-isminties-perlai\/#primaryimage"},"thumbnailUrl":"https:\/\/skaitytaknyga.lt\/wp-content\/uploads\/2026\/03\/Per-kitoki-mastyma-i-sveikata-turta-ir-laime.-Dzozefo-Merfio-kosmines-isminties-perlai-e1773818554143.webp","datePublished":"2026-03-17T19:04:15+00:00","dateModified":"2026-03-18T07:35:00+00:00","description":"\u012estrigote rutinoje? Kankina savigarbos stoka? Jau\u010diate pykt\u012f draugui ar artimam \u017emogui? Kamuoja \u0161eimyninio gyvenimo nesutarimai? O gal tiesiog norite","breadcrumb":{"@id":"https:\/\/skaitytaknyga.lt\/produktas\/per-kitoki-mastyma-i-sveikata-turta-ir-laime-dzozefo-merfio-kosmines-isminties-perlai\/#breadcrumb"},"inLanguage":"en-GB","potentialAction":[{"@type":"ReadAction","target":["https:\/\/skaitytaknyga.lt\/produktas\/per-kitoki-mastyma-i-sveikata-turta-ir-laime-dzozefo-merfio-kosmines-isminties-perlai\/"]}]},{"@type":"ImageObject","inLanguage":"en-GB","@id":"https:\/\/skaitytaknyga.lt\/produktas\/per-kitoki-mastyma-i-sveikata-turta-ir-laime-dzozefo-merfio-kosmines-isminties-perlai\/#primaryimage","url":"https:\/\/skaitytaknyga.lt\/wp-content\/uploads\/2026\/03\/Per-kitoki-mastyma-i-sveikata-turta-ir-laime.-Dzozefo-Merfio-kosmines-isminties-perlai-e1773818554143.webp","contentUrl":"https:\/\/skaitytaknyga.lt\/wp-content\/uploads\/2026\/03\/Per-kitoki-mastyma-i-sveikata-turta-ir-laime.-Dzozefo-Merfio-kosmines-isminties-perlai-e1773818554143.webp","width":300,"height":453,"caption":"Per kitok\u012f m\u0105stym\u0105 \u012f sveikat\u0105, turt\u0105 ir laim\u0119. D\u017eozefo Merfio kosmin\u0117s i\u0161minties perlai"},{"@type":"BreadcrumbList","@id":"https:\/\/skaitytaknyga.lt\/produktas\/per-kitoki-mastyma-i-sveikata-turta-ir-laime-dzozefo-merfio-kosmines-isminties-perlai\/#breadcrumb","itemListElement":[{"@type":"ListItem","position":1,"name":"Home","item":"https:\/\/skaitytaknyga.lt\/"},{"@type":"ListItem","position":2,"name":"Parduotuv\u0117","item":"https:\/\/skaitytaknyga.lt\/knygu-parduotuve\/"},{"@type":"ListItem","position":3,"name":"Per kitok\u012f m\u0105stym\u0105 \u012f sveikat\u0105, turt\u0105 ir laim\u0119. D\u017eozefo Merfio kosmin\u0117s i\u0161minties perlai"}]},{"@type":"WebSite","@id":"https:\/\/skaitytaknyga.lt\/#website","url":"https:\/\/skaitytaknyga.lt\/","name":"skaitytaknyga.lt","description":"Skaitytaknyga.lt \u2013 tai ma\u017eas \u0161eimos verslas, kuris prasid\u0117jo nuo meil\u0117s knygoms ir siekio i\u0161gelb\u0117ti knygas nuo likimo prie konteinerio. Kas vienam nereikalingas daiktas \u2013 kitam lobis, o mes esame tarpininkai, kurie padeda abiems tapti laimingesniems ???? \u017dinome kaip nelengva i\u0161gyventi ma\u017eiems verslams, tad nuo \u0161iol, \u010dia rasite ir kit\u0173, ma\u017e\u0173 \u0161eim\u0173 versl\u0173, rank\u0173 darbo, dovan\u0173 sau ir artimiesiems.","publisher":{"@id":"https:\/\/skaitytaknyga.lt\/#organization"},"potentialAction":[{"@type":"SearchAction","target":{"@type":"EntryPoint","urlTemplate":"https:\/\/skaitytaknyga.lt\/?s={search_term_string}"},"query-input":{"@type":"PropertyValueSpecification","valueRequired":true,"valueName":"search_term_string"}}],"inLanguage":"en-GB"},{"@type":"Organization","@id":"https:\/\/skaitytaknyga.lt\/#organization","name":"skaitytaknyga.lt","url":"https:\/\/skaitytaknyga.lt\/","logo":{"@type":"ImageObject","inLanguage":"en-GB","@id":"https:\/\/skaitytaknyga.lt\/#\/schema\/logo\/image\/","url":"https:\/\/skaitytaknyga.lt\/wp-content\/uploads\/2024\/05\/cropped-cropped-cropped-02_00843_jt3bggkj1j3HLc7SyY6rEUpg.jpeg","contentUrl":"https:\/\/skaitytaknyga.lt\/wp-content\/uploads\/2024\/05\/cropped-cropped-cropped-02_00843_jt3bggkj1j3HLc7SyY6rEUpg.jpeg","width":1600,"height":1600,"caption":"skaitytaknyga.lt"},"image":{"@id":"https:\/\/skaitytaknyga.lt\/#\/schema\/logo\/image\/"},"sameAs":["https:\/\/www.facebook.com\/skaitytaknyga\/"]}]}},"_links":{"self":[{"href":"https:\/\/skaitytaknyga.lt\/en\/wp-json\/wp\/v2\/product\/24949","targetHints":{"allow":["GET"]}}],"collection":[{"href":"https:\/\/skaitytaknyga.lt\/en\/wp-json\/wp\/v2\/product"}],"about":[{"href":"https:\/\/skaitytaknyga.lt\/en\/wp-json\/wp\/v2\/types\/product"}],"replies":[{"embeddable":true,"href":"https:\/\/skaitytaknyga.lt\/en\/wp-json\/wp\/v2\/comments?post=24949"}],"wp:featuredmedia":[{"embeddable":true,"href":"https:\/\/skaitytaknyga.lt\/en\/wp-json\/wp\/v2\/media\/24955"}],"wp:attachment":[{"href":"https:\/\/skaitytaknyga.lt\/en\/wp-json\/wp\/v2\/media?parent=24949"}],"wp:term":[{"taxonomy":"product_brand","embeddable":true,"href":"https:\/\/skaitytaknyga.lt\/en\/wp-json\/wp\/v2\/product_brand?post=24949"},{"taxonomy":"product_cat","embeddable":true,"href":"https:\/\/skaitytaknyga.lt\/en\/wp-json\/wp\/v2\/product_cat?post=24949"},{"taxonomy":"product_tag","embeddable":true,"href":"https:\/\/skaitytaknyga.lt\/en\/wp-json\/wp\/v2\/product_tag?post=24949"}],"curies":[{"name":"wp","href":"https:\/\/api.w.org\/{rel}","templated":true}]}}