{"id":24941,"date":"2026-03-17T20:53:06","date_gmt":"2026-03-17T18:53:06","guid":{"rendered":"https:\/\/skaitytaknyga.lt\/?post_type=product&#038;p=24941"},"modified":"2026-03-18T09:34:51","modified_gmt":"2026-03-18T07:34:51","slug":"prancuzu-lietuviu-kalbu-sinonimu-zodynas","status":"publish","type":"product","link":"https:\/\/skaitytaknyga.lt\/en\/produktas\/prancuzu-lietuviu-kalbu-sinonimu-zodynas\/","title":{"rendered":"Pranc\u016bz\u0173 \u2013 lietuvi\u0173 kalb\u0173 sinonim\u0173 \u017eodynas"},"content":{"rendered":"<p>\u017dodyne pateikiami literat\u016brin\u0117s ir \u0161nekamosios pranc\u016bz\u0173 kalbos \u017eod\u017eiai ir posakiai. Kiekviena sinonim\u0173 eil\u0117s \u017eod\u017eio reik\u0161m\u0117 iliustruojama gro\u017ein\u0117s, mokslin\u0117s literat\u016bros, publicistikos pavyzd\u017eiu. \u017dodynas skiriamas pranc\u016bz\u0173 kalbos specialistams, vert\u0117jams, studentams, moksleiviams ir pla\u010diajai visuomenei.<\/p>\n","protected":false},"excerpt":{"rendered":"<p>\u017dodyne pateikiami literat\u016brin\u0117s ir \u0161nekamosios pranc\u016bz\u0173 kalbos \u017eod\u017eiai ir posakiai. Kiekviena sinonim\u0173 eil\u0117s \u017eod\u017eio reik\u0161m\u0117 iliustruojama gro\u017ein\u0117s, mokslin\u0117s literat\u016bros, publicistikos pavyzd\u017eiu. \u017dodynas skiriamas pranc\u016bz\u0173 kalbos specialistams, vert\u0117jams, studentams, moksleiviams ir pla\u010diajai visuomenei.<\/p>\n","protected":false},"featured_media":24946,"comment_status":"open","ping_status":"closed","template":"","meta":{"_acf_changed":false,"site-sidebar-layout":"default","site-content-layout":"","ast-site-content-layout":"default","site-content-style":"default","site-sidebar-style":"default","ast-global-header-display":"","ast-banner-title-visibility":"","ast-main-header-display":"","ast-hfb-above-header-display":"","ast-hfb-below-header-display":"","ast-hfb-mobile-header-display":"","site-post-title":"","ast-breadcrumbs-content":"","ast-featured-img":"","footer-sml-layout":"","ast-disable-related-posts":"","theme-transparent-header-meta":"","adv-header-id-meta":"","stick-header-meta":"","header-above-stick-meta":"","header-main-stick-meta":"","header-below-stick-meta":"","astra-migrate-meta-layouts":"default","ast-page-background-enabled":"default","ast-page-background-meta":{"desktop":{"background-color":"","background-image":"","background-repeat":"repeat","background-position":"center center","background-size":"auto","background-attachment":"scroll","background-type":"","background-media":"","overlay-type":"","overlay-color":"","overlay-opacity":"","overlay-gradient":""},"tablet":{"background-color":"","background-image":"","background-repeat":"repeat","background-position":"center center","background-size":"auto","background-attachment":"scroll","background-type":"","background-media":"","overlay-type":"","overlay-color":"","overlay-opacity":"","overlay-gradient":""},"mobile":{"background-color":"","background-image":"","background-repeat":"repeat","background-position":"center center","background-size":"auto","background-attachment":"scroll","background-type":"","background-media":"","overlay-type":"","overlay-color":"","overlay-opacity":"","overlay-gradient":""}},"ast-content-background-meta":{"desktop":{"background-color":"var(--ast-global-color-4)","background-image":"","background-repeat":"repeat","background-position":"center center","background-size":"auto","background-attachment":"scroll","background-type":"","background-media":"","overlay-type":"","overlay-color":"","overlay-opacity":"","overlay-gradient":""},"tablet":{"background-color":"var(--ast-global-color-4)","background-image":"","background-repeat":"repeat","background-position":"center center","background-size":"auto","background-attachment":"scroll","background-type":"","background-media":"","overlay-type":"","overlay-color":"","overlay-opacity":"","overlay-gradient":""},"mobile":{"background-color":"var(--ast-global-color-4)","background-image":"","background-repeat":"repeat","background-position":"center center","background-size":"auto","background-attachment":"scroll","background-type":"","background-media":"","overlay-type":"","overlay-color":"","overlay-opacity":"","overlay-gradient":""}}},"product_brand":[],"product_cat":[2836],"product_tag":[],"class_list":{"0":"post-24941","1":"product","2":"type-product","3":"status-publish","4":"has-post-thumbnail","6":"product_cat-kalba-kalbotyra-zodynai-2","7":"desktop-align-left","8":"tablet-align-left","9":"mobile-align-left","11":"first","12":"instock","13":"shipping-taxable","14":"purchasable","15":"product-type-simple"},"acf":[],"yoast_head":"<!-- This site is optimized with the Yoast SEO plugin v27.0 - https:\/\/yoast.com\/product\/yoast-seo-wordpress\/ -->\n<title>Pranc\u016bz\u0173 \u2013 lietuvi\u0173 kalb\u0173 sinonim\u0173 \u017eodynas<\/title>\n<meta name=\"description\" content=\"\u017dodyne pateikiami literat\u016brin\u0117s ir \u0161nekamosios pranc\u016bz\u0173 kalbos \u017eod\u017eiai ir posakiai. Kiekviena sinonim\u0173 eil\u0117s \u017eod\u017eio reik\u0161m\u0117 iliustruojama gro\u017ein\u0117s,\" \/>\n<meta name=\"robots\" content=\"index, follow, max-snippet:-1, max-image-preview:large, max-video-preview:-1\" \/>\n<link rel=\"canonical\" href=\"https:\/\/skaitytaknyga.lt\/en\/produktas\/prancuzu-lietuviu-kalbu-sinonimu-zodynas\/\" \/>\n<meta property=\"og:locale\" content=\"en_GB\" \/>\n<meta property=\"og:locale:alternate\" content=\"lt_LT\" \/>\n<meta property=\"og:type\" content=\"article\" \/>\n<meta property=\"og:title\" content=\"Pranc\u016bz\u0173 \u2013 lietuvi\u0173 kalb\u0173 sinonim\u0173 \u017eodynas\" \/>\n<meta property=\"og:description\" content=\"\u017dodyne pateikiami literat\u016brin\u0117s ir \u0161nekamosios pranc\u016bz\u0173 kalbos \u017eod\u017eiai ir posakiai. Kiekviena sinonim\u0173 eil\u0117s \u017eod\u017eio reik\u0161m\u0117 iliustruojama gro\u017ein\u0117s,\" \/>\n<meta property=\"og:url\" content=\"https:\/\/skaitytaknyga.lt\/en\/produktas\/prancuzu-lietuviu-kalbu-sinonimu-zodynas\/\" \/>\n<meta property=\"og:site_name\" content=\"Skaitytaknyga\" \/>\n<meta property=\"article:publisher\" content=\"https:\/\/www.facebook.com\/skaitytaknyga\/\" \/>\n<meta property=\"article:modified_time\" content=\"2026-03-18T07:34:51+00:00\" \/>\n<meta property=\"og:image\" content=\"https:\/\/skaitytaknyga.lt\/wp-content\/uploads\/2026\/03\/Prancuzu-\u2013-lietuviu-kalbu-sinonimu-zodynas.webp\" \/>\n\t<meta property=\"og:image:width\" content=\"507\" \/>\n\t<meta property=\"og:image:height\" content=\"800\" \/>\n\t<meta property=\"og:image:type\" content=\"image\/webp\" \/>\n<meta name=\"twitter:card\" content=\"summary_large_image\" \/>\n<script type=\"application\/ld+json\" class=\"yoast-schema-graph\">{\"@context\":\"https:\/\/schema.org\",\"@graph\":[{\"@type\":\"WebPage\",\"@id\":\"https:\/\/skaitytaknyga.lt\/produktas\/prancuzu-lietuviu-kalbu-sinonimu-zodynas\/\",\"url\":\"https:\/\/skaitytaknyga.lt\/produktas\/prancuzu-lietuviu-kalbu-sinonimu-zodynas\/\",\"name\":\"Pranc\u016bz\u0173 \u2013 lietuvi\u0173 kalb\u0173 sinonim\u0173 \u017eodynas\",\"isPartOf\":{\"@id\":\"https:\/\/skaitytaknyga.lt\/#website\"},\"primaryImageOfPage\":{\"@id\":\"https:\/\/skaitytaknyga.lt\/produktas\/prancuzu-lietuviu-kalbu-sinonimu-zodynas\/#primaryimage\"},\"image\":{\"@id\":\"https:\/\/skaitytaknyga.lt\/produktas\/prancuzu-lietuviu-kalbu-sinonimu-zodynas\/#primaryimage\"},\"thumbnailUrl\":\"https:\/\/skaitytaknyga.lt\/wp-content\/uploads\/2026\/03\/Prancuzu-\u2013-lietuviu-kalbu-sinonimu-zodynas.webp\",\"datePublished\":\"2026-03-17T18:53:06+00:00\",\"dateModified\":\"2026-03-18T07:34:51+00:00\",\"description\":\"\u017dodyne pateikiami literat\u016brin\u0117s ir \u0161nekamosios pranc\u016bz\u0173 kalbos \u017eod\u017eiai ir posakiai. Kiekviena sinonim\u0173 eil\u0117s \u017eod\u017eio reik\u0161m\u0117 iliustruojama gro\u017ein\u0117s,\",\"breadcrumb\":{\"@id\":\"https:\/\/skaitytaknyga.lt\/produktas\/prancuzu-lietuviu-kalbu-sinonimu-zodynas\/#breadcrumb\"},\"inLanguage\":\"en-GB\",\"potentialAction\":[{\"@type\":\"ReadAction\",\"target\":[\"https:\/\/skaitytaknyga.lt\/produktas\/prancuzu-lietuviu-kalbu-sinonimu-zodynas\/\"]}]},{\"@type\":\"ImageObject\",\"inLanguage\":\"en-GB\",\"@id\":\"https:\/\/skaitytaknyga.lt\/produktas\/prancuzu-lietuviu-kalbu-sinonimu-zodynas\/#primaryimage\",\"url\":\"https:\/\/skaitytaknyga.lt\/wp-content\/uploads\/2026\/03\/Prancuzu-\u2013-lietuviu-kalbu-sinonimu-zodynas.webp\",\"contentUrl\":\"https:\/\/skaitytaknyga.lt\/wp-content\/uploads\/2026\/03\/Prancuzu-\u2013-lietuviu-kalbu-sinonimu-zodynas.webp\",\"width\":507,\"height\":800,\"caption\":\"Pranc\u016bz\u0173 \u2013 lietuvi\u0173 kalb\u0173 sinonim\u0173 \u017eodynas\"},{\"@type\":\"BreadcrumbList\",\"@id\":\"https:\/\/skaitytaknyga.lt\/produktas\/prancuzu-lietuviu-kalbu-sinonimu-zodynas\/#breadcrumb\",\"itemListElement\":[{\"@type\":\"ListItem\",\"position\":1,\"name\":\"Home\",\"item\":\"https:\/\/skaitytaknyga.lt\/\"},{\"@type\":\"ListItem\",\"position\":2,\"name\":\"Parduotuv\u0117\",\"item\":\"https:\/\/skaitytaknyga.lt\/knygu-parduotuve\/\"},{\"@type\":\"ListItem\",\"position\":3,\"name\":\"Pranc\u016bz\u0173 \u2013 lietuvi\u0173 kalb\u0173 sinonim\u0173 \u017eodynas\"}]},{\"@type\":\"WebSite\",\"@id\":\"https:\/\/skaitytaknyga.lt\/#website\",\"url\":\"https:\/\/skaitytaknyga.lt\/\",\"name\":\"skaitytaknyga.lt\",\"description\":\"Skaitytaknyga.lt \u2013 tai ma\u017eas \u0161eimos verslas, kuris prasid\u0117jo nuo meil\u0117s knygoms ir siekio i\u0161gelb\u0117ti knygas nuo likimo prie konteinerio. Kas vienam nereikalingas daiktas \u2013 kitam lobis, o mes esame tarpininkai, kurie padeda abiems tapti laimingesniems ???? \u017dinome kaip nelengva i\u0161gyventi ma\u017eiems verslams, tad nuo \u0161iol, \u010dia rasite ir kit\u0173, ma\u017e\u0173 \u0161eim\u0173 versl\u0173, rank\u0173 darbo, dovan\u0173 sau ir artimiesiems.\",\"publisher\":{\"@id\":\"https:\/\/skaitytaknyga.lt\/#organization\"},\"potentialAction\":[{\"@type\":\"SearchAction\",\"target\":{\"@type\":\"EntryPoint\",\"urlTemplate\":\"https:\/\/skaitytaknyga.lt\/?s={search_term_string}\"},\"query-input\":{\"@type\":\"PropertyValueSpecification\",\"valueRequired\":true,\"valueName\":\"search_term_string\"}}],\"inLanguage\":\"en-GB\"},{\"@type\":\"Organization\",\"@id\":\"https:\/\/skaitytaknyga.lt\/#organization\",\"name\":\"skaitytaknyga.lt\",\"url\":\"https:\/\/skaitytaknyga.lt\/\",\"logo\":{\"@type\":\"ImageObject\",\"inLanguage\":\"en-GB\",\"@id\":\"https:\/\/skaitytaknyga.lt\/#\/schema\/logo\/image\/\",\"url\":\"https:\/\/skaitytaknyga.lt\/wp-content\/uploads\/2024\/05\/cropped-cropped-cropped-02_00843_jt3bggkj1j3HLc7SyY6rEUpg.jpeg\",\"contentUrl\":\"https:\/\/skaitytaknyga.lt\/wp-content\/uploads\/2024\/05\/cropped-cropped-cropped-02_00843_jt3bggkj1j3HLc7SyY6rEUpg.jpeg\",\"width\":1600,\"height\":1600,\"caption\":\"skaitytaknyga.lt\"},\"image\":{\"@id\":\"https:\/\/skaitytaknyga.lt\/#\/schema\/logo\/image\/\"},\"sameAs\":[\"https:\/\/www.facebook.com\/skaitytaknyga\/\"]}]}<\/script>\n<!-- \/ Yoast SEO plugin. -->","yoast_head_json":{"title":"Pranc\u016bz\u0173 \u2013 lietuvi\u0173 kalb\u0173 sinonim\u0173 \u017eodynas","description":"\u017dodyne pateikiami literat\u016brin\u0117s ir \u0161nekamosios pranc\u016bz\u0173 kalbos \u017eod\u017eiai ir posakiai. Kiekviena sinonim\u0173 eil\u0117s \u017eod\u017eio reik\u0161m\u0117 iliustruojama gro\u017ein\u0117s,","robots":{"index":"index","follow":"follow","max-snippet":"max-snippet:-1","max-image-preview":"max-image-preview:large","max-video-preview":"max-video-preview:-1"},"canonical":"https:\/\/skaitytaknyga.lt\/en\/produktas\/prancuzu-lietuviu-kalbu-sinonimu-zodynas\/","og_locale":"en_GB","og_type":"article","og_title":"[:lt]Pranc\u016bz\u0173 \u2013 lietuvi\u0173 kalb\u0173 sinonim\u0173 \u017eodynas[:] - Skaitytaknyga","og_description":"\u017dodyne pateikiami literat\u016brin\u0117s ir \u0161nekamosios pranc\u016bz\u0173 kalbos \u017eod\u017eiai ir posakiai. Kiekviena sinonim\u0173 eil\u0117s \u017eod\u017eio reik\u0161m\u0117 iliustruojama gro\u017ein\u0117s,","og_url":"https:\/\/skaitytaknyga.lt\/en\/produktas\/prancuzu-lietuviu-kalbu-sinonimu-zodynas\/","og_site_name":"Skaitytaknyga","article_publisher":"https:\/\/www.facebook.com\/skaitytaknyga\/","article_modified_time":"2026-03-18T07:34:51+00:00","og_image":[{"width":507,"height":800,"url":"https:\/\/skaitytaknyga.lt\/wp-content\/uploads\/2026\/03\/Prancuzu-\u2013-lietuviu-kalbu-sinonimu-zodynas.webp","type":"image\/webp"}],"twitter_card":"summary_large_image","schema":{"@context":"https:\/\/schema.org","@graph":[{"@type":"WebPage","@id":"https:\/\/skaitytaknyga.lt\/produktas\/prancuzu-lietuviu-kalbu-sinonimu-zodynas\/","url":"https:\/\/skaitytaknyga.lt\/produktas\/prancuzu-lietuviu-kalbu-sinonimu-zodynas\/","name":"Pranc\u016bz\u0173 \u2013 lietuvi\u0173 kalb\u0173 sinonim\u0173 \u017eodynas","isPartOf":{"@id":"https:\/\/skaitytaknyga.lt\/#website"},"primaryImageOfPage":{"@id":"https:\/\/skaitytaknyga.lt\/produktas\/prancuzu-lietuviu-kalbu-sinonimu-zodynas\/#primaryimage"},"image":{"@id":"https:\/\/skaitytaknyga.lt\/produktas\/prancuzu-lietuviu-kalbu-sinonimu-zodynas\/#primaryimage"},"thumbnailUrl":"https:\/\/skaitytaknyga.lt\/wp-content\/uploads\/2026\/03\/Prancuzu-\u2013-lietuviu-kalbu-sinonimu-zodynas.webp","datePublished":"2026-03-17T18:53:06+00:00","dateModified":"2026-03-18T07:34:51+00:00","description":"\u017dodyne pateikiami literat\u016brin\u0117s ir \u0161nekamosios pranc\u016bz\u0173 kalbos \u017eod\u017eiai ir posakiai. Kiekviena sinonim\u0173 eil\u0117s \u017eod\u017eio reik\u0161m\u0117 iliustruojama gro\u017ein\u0117s,","breadcrumb":{"@id":"https:\/\/skaitytaknyga.lt\/produktas\/prancuzu-lietuviu-kalbu-sinonimu-zodynas\/#breadcrumb"},"inLanguage":"en-GB","potentialAction":[{"@type":"ReadAction","target":["https:\/\/skaitytaknyga.lt\/produktas\/prancuzu-lietuviu-kalbu-sinonimu-zodynas\/"]}]},{"@type":"ImageObject","inLanguage":"en-GB","@id":"https:\/\/skaitytaknyga.lt\/produktas\/prancuzu-lietuviu-kalbu-sinonimu-zodynas\/#primaryimage","url":"https:\/\/skaitytaknyga.lt\/wp-content\/uploads\/2026\/03\/Prancuzu-\u2013-lietuviu-kalbu-sinonimu-zodynas.webp","contentUrl":"https:\/\/skaitytaknyga.lt\/wp-content\/uploads\/2026\/03\/Prancuzu-\u2013-lietuviu-kalbu-sinonimu-zodynas.webp","width":507,"height":800,"caption":"Pranc\u016bz\u0173 \u2013 lietuvi\u0173 kalb\u0173 sinonim\u0173 \u017eodynas"},{"@type":"BreadcrumbList","@id":"https:\/\/skaitytaknyga.lt\/produktas\/prancuzu-lietuviu-kalbu-sinonimu-zodynas\/#breadcrumb","itemListElement":[{"@type":"ListItem","position":1,"name":"Home","item":"https:\/\/skaitytaknyga.lt\/"},{"@type":"ListItem","position":2,"name":"Parduotuv\u0117","item":"https:\/\/skaitytaknyga.lt\/knygu-parduotuve\/"},{"@type":"ListItem","position":3,"name":"Pranc\u016bz\u0173 \u2013 lietuvi\u0173 kalb\u0173 sinonim\u0173 \u017eodynas"}]},{"@type":"WebSite","@id":"https:\/\/skaitytaknyga.lt\/#website","url":"https:\/\/skaitytaknyga.lt\/","name":"skaitytaknyga.lt","description":"Skaitytaknyga.lt \u2013 tai ma\u017eas \u0161eimos verslas, kuris prasid\u0117jo nuo meil\u0117s knygoms ir siekio i\u0161gelb\u0117ti knygas nuo likimo prie konteinerio. Kas vienam nereikalingas daiktas \u2013 kitam lobis, o mes esame tarpininkai, kurie padeda abiems tapti laimingesniems ???? \u017dinome kaip nelengva i\u0161gyventi ma\u017eiems verslams, tad nuo \u0161iol, \u010dia rasite ir kit\u0173, ma\u017e\u0173 \u0161eim\u0173 versl\u0173, rank\u0173 darbo, dovan\u0173 sau ir artimiesiems.","publisher":{"@id":"https:\/\/skaitytaknyga.lt\/#organization"},"potentialAction":[{"@type":"SearchAction","target":{"@type":"EntryPoint","urlTemplate":"https:\/\/skaitytaknyga.lt\/?s={search_term_string}"},"query-input":{"@type":"PropertyValueSpecification","valueRequired":true,"valueName":"search_term_string"}}],"inLanguage":"en-GB"},{"@type":"Organization","@id":"https:\/\/skaitytaknyga.lt\/#organization","name":"skaitytaknyga.lt","url":"https:\/\/skaitytaknyga.lt\/","logo":{"@type":"ImageObject","inLanguage":"en-GB","@id":"https:\/\/skaitytaknyga.lt\/#\/schema\/logo\/image\/","url":"https:\/\/skaitytaknyga.lt\/wp-content\/uploads\/2024\/05\/cropped-cropped-cropped-02_00843_jt3bggkj1j3HLc7SyY6rEUpg.jpeg","contentUrl":"https:\/\/skaitytaknyga.lt\/wp-content\/uploads\/2024\/05\/cropped-cropped-cropped-02_00843_jt3bggkj1j3HLc7SyY6rEUpg.jpeg","width":1600,"height":1600,"caption":"skaitytaknyga.lt"},"image":{"@id":"https:\/\/skaitytaknyga.lt\/#\/schema\/logo\/image\/"},"sameAs":["https:\/\/www.facebook.com\/skaitytaknyga\/"]}]}},"_links":{"self":[{"href":"https:\/\/skaitytaknyga.lt\/en\/wp-json\/wp\/v2\/product\/24941","targetHints":{"allow":["GET"]}}],"collection":[{"href":"https:\/\/skaitytaknyga.lt\/en\/wp-json\/wp\/v2\/product"}],"about":[{"href":"https:\/\/skaitytaknyga.lt\/en\/wp-json\/wp\/v2\/types\/product"}],"replies":[{"embeddable":true,"href":"https:\/\/skaitytaknyga.lt\/en\/wp-json\/wp\/v2\/comments?post=24941"}],"wp:featuredmedia":[{"embeddable":true,"href":"https:\/\/skaitytaknyga.lt\/en\/wp-json\/wp\/v2\/media\/24946"}],"wp:attachment":[{"href":"https:\/\/skaitytaknyga.lt\/en\/wp-json\/wp\/v2\/media?parent=24941"}],"wp:term":[{"taxonomy":"product_brand","embeddable":true,"href":"https:\/\/skaitytaknyga.lt\/en\/wp-json\/wp\/v2\/product_brand?post=24941"},{"taxonomy":"product_cat","embeddable":true,"href":"https:\/\/skaitytaknyga.lt\/en\/wp-json\/wp\/v2\/product_cat?post=24941"},{"taxonomy":"product_tag","embeddable":true,"href":"https:\/\/skaitytaknyga.lt\/en\/wp-json\/wp\/v2\/product_tag?post=24941"}],"curies":[{"name":"wp","href":"https:\/\/api.w.org\/{rel}","templated":true}]}}