{"id":24939,"date":"2026-03-17T20:53:05","date_gmt":"2026-03-17T18:53:05","guid":{"rendered":"https:\/\/skaitytaknyga.lt\/?post_type=product&#038;p=24939"},"modified":"2026-03-18T10:39:14","modified_gmt":"2026-03-18T08:39:14","slug":"prisiminimai-apie-mano-liudnasias-kekses","status":"publish","type":"product","link":"https:\/\/skaitytaknyga.lt\/en\/produktas\/prisiminimai-apie-mano-liudnasias-kekses\/","title":{"rendered":"Prisiminimai apie mano li\u016bdn\u0105sias kek\u0161es"},"content":{"rendered":"<p>Tai pirmasis G. G. M\u00e1rquezo gro\u017einis k\u016brinys, i\u0161\u0117j\u0119s po de\u0161imties met\u0173 pertraukos. Romanas supa\u017eindina su visi\u0161kai nauju literat\u016bros maestro k\u016brybos \u017eanru, kur\u012f gal\u0117tume pavadinti \u201epasaka senyviems \u017emon\u0117ms\u201c, himnu pav\u0117luotai aistrai, u\u017esiplieskusiai seno \u017emogaus \u0161irdyje.<\/p>\n<p>Magi\u0161kai geidulingas, bet sykiu ir nekaltas romanas pasakoja apie eilin\u012f \u017eurnalist\u0105, savo devyniasde\u0161imtojo gimtadienio i\u0161vakar\u0117se nusprendus\u012f \u201epadovanoti sau vien\u0105 beproti\u0161kos meil\u0117s nakt\u012f su nekalta paaugle\u201c.<\/p>\n<p>Trumpame k\u016brinyje autorius apra\u0161o kelet\u0105 hipnoti\u0161k\u0173 susitikim\u0173 su \u201ema\u017eyle\u201c.  Pirm\u0105syk i\u0161vydus nedr\u0105si\u0105 keturiolikmet\u0119 Delgadin\u0105, miegan\u010di\u0105 visi\u0161kai nuog\u0105 vie\u0161namio kambaryje, jo gyvenimas i\u0161 esm\u0117s pasikei\u010dia. Jis nesikalba su ja ir nesistengia nieko apie j\u0105 su\u017einoti, ji \u2013 irgi. Bet Delgadina paskatina senol\u012f prisiminti kitas gyvenime sutiktas moteris, kek\u0161es, besimylin\u010dias u\u017e pinigus; ir tik dabar jis supranta, kad \u201eseksas \u2013 paguoda tiems, kuriems tr\u016bksta meil\u0117s\u201c.<\/p>\n<p>Meil\u0117 visada buvo pagrindin\u0117 G. G. M\u00e1rquezo k\u016brybos tema. Jis \u012fsivaizduoja j\u0105 kaip tvirtov\u0119, saugan\u010di\u0105 nuo visk\u0105 ne\u0161an\u010di\u0173 laiko \u0161uor\u0173.<\/p>\n<p>\u201ePrisiminimai apie mano li\u016bdn\u0105sias kek\u0161es\u201c para\u0161yta markeski\u0161ku stiliumi, jaudinamai pasakoja apie senatv\u0117s negandas ir i\u0161auk\u0161tina d\u017eiaugsm\u0105 myl\u0117ti. Skaitydami \u0161\u012f k\u016brin\u012f, mes tarsi klausom\u0117s ra\u0161ytojo m\u0117gstamos geniali\u0173 k\u016br\u0117j\u0173 muzikos, pritarian\u010dios kiekvienam meistro \u017eod\u017eiui ir sukurian\u010dios savit\u0105 pasakojimo atmosfer\u0105.<\/p>\n","protected":false},"excerpt":{"rendered":"<p>Tai pirmasis G. G. M\u00e1rquezo gro\u017einis k\u016brinys, i\u0161\u0117j\u0119s po de\u0161imties met\u0173 pertraukos. Romanas supa\u017eindina su visi\u0161kai nauju literat\u016bros maestro k\u016brybos \u017eanru, kur\u012f gal\u0117tume pavadinti \u201epasaka senyviems \u017emon\u0117ms\u201c, himnu pav\u0117luotai aistrai, u\u017esiplieskusiai seno \u017emogaus \u0161irdyje. Magi\u0161kai geidulingas, bet sykiu ir nekaltas romanas pasakoja apie eilin\u012f \u017eurnalist\u0105, savo devyniasde\u0161imtojo gimtadienio i\u0161vakar\u0117se nusprendus\u012f \u201epadovanoti sau vien\u0105 beproti\u0161kos meil\u0117s nakt\u012f su nekalta paaugle\u201c. Trumpame k\u016brinyje autorius apra\u0161o kelet\u0105 hipnoti\u0161k\u0173 susitikim\u0173 su \u201ema\u017eyle\u201c. Pirm\u0105syk i\u0161vydus nedr\u0105si\u0105 keturiolikmet\u0119 Delgadin\u0105, miegan\u010di\u0105 visi\u0161kai nuog\u0105 vie\u0161namio kambaryje, jo gyvenimas i\u0161 esm\u0117s pasikei\u010dia. Jis nesikalba su ja ir nesistengia nieko apie j\u0105 su\u017einoti, ji \u2013 irgi. Bet Delgadina paskatina senol\u012f prisiminti kitas gyvenime sutiktas moteris, kek\u0161es, besimylin\u010dias u\u017e pinigus; ir tik dabar jis supranta, kad \u201eseksas \u2013 paguoda tiems, kuriems tr\u016bksta meil\u0117s\u201c. Meil\u0117 visada buvo pagrindin\u0117 G. G. M\u00e1rquezo k\u016brybos tema. Jis \u012fsivaizduoja j\u0105 kaip tvirtov\u0119, saugan\u010di\u0105 nuo visk\u0105 ne\u0161an\u010di\u0173 laiko \u0161uor\u0173. \u201ePrisiminimai apie mano li\u016bdn\u0105sias kek\u0161es\u201c para\u0161yta markeski\u0161ku stiliumi, jaudinamai pasakoja apie senatv\u0117s negandas ir i\u0161auk\u0161tina d\u017eiaugsm\u0105 myl\u0117ti. Skaitydami \u0161\u012f k\u016brin\u012f, mes tarsi klausom\u0117s ra\u0161ytojo m\u0117gstamos geniali\u0173 k\u016br\u0117j\u0173 muzikos, pritarian\u010dios kiekvienam meistro \u017eod\u017eiui ir sukurian\u010dios savit\u0105 pasakojimo atmosfer\u0105.<\/p>\n","protected":false},"featured_media":24944,"comment_status":"open","ping_status":"closed","template":"","meta":{"_acf_changed":false,"site-sidebar-layout":"default","site-content-layout":"","ast-site-content-layout":"default","site-content-style":"default","site-sidebar-style":"default","ast-global-header-display":"","ast-banner-title-visibility":"","ast-main-header-display":"","ast-hfb-above-header-display":"","ast-hfb-below-header-display":"","ast-hfb-mobile-header-display":"","site-post-title":"","ast-breadcrumbs-content":"","ast-featured-img":"","footer-sml-layout":"","ast-disable-related-posts":"","theme-transparent-header-meta":"","adv-header-id-meta":"","stick-header-meta":"","header-above-stick-meta":"","header-main-stick-meta":"","header-below-stick-meta":"","astra-migrate-meta-layouts":"default","ast-page-background-enabled":"default","ast-page-background-meta":{"desktop":{"background-color":"","background-image":"","background-repeat":"repeat","background-position":"center center","background-size":"auto","background-attachment":"scroll","background-type":"","background-media":"","overlay-type":"","overlay-color":"","overlay-opacity":"","overlay-gradient":""},"tablet":{"background-color":"","background-image":"","background-repeat":"repeat","background-position":"center center","background-size":"auto","background-attachment":"scroll","background-type":"","background-media":"","overlay-type":"","overlay-color":"","overlay-opacity":"","overlay-gradient":""},"mobile":{"background-color":"","background-image":"","background-repeat":"repeat","background-position":"center center","background-size":"auto","background-attachment":"scroll","background-type":"","background-media":"","overlay-type":"","overlay-color":"","overlay-opacity":"","overlay-gradient":""}},"ast-content-background-meta":{"desktop":{"background-color":"var(--ast-global-color-4)","background-image":"","background-repeat":"repeat","background-position":"center center","background-size":"auto","background-attachment":"scroll","background-type":"","background-media":"","overlay-type":"","overlay-color":"","overlay-opacity":"","overlay-gradient":""},"tablet":{"background-color":"var(--ast-global-color-4)","background-image":"","background-repeat":"repeat","background-position":"center center","background-size":"auto","background-attachment":"scroll","background-type":"","background-media":"","overlay-type":"","overlay-color":"","overlay-opacity":"","overlay-gradient":""},"mobile":{"background-color":"var(--ast-global-color-4)","background-image":"","background-repeat":"repeat","background-position":"center center","background-size":"auto","background-attachment":"scroll","background-type":"","background-media":"","overlay-type":"","overlay-color":"","overlay-opacity":"","overlay-gradient":""}}},"product_brand":[],"product_cat":[9734],"product_tag":[],"class_list":{"0":"post-24939","1":"product","2":"type-product","3":"status-publish","4":"has-post-thumbnail","6":"product_cat-romanai","7":"desktop-align-left","8":"tablet-align-left","9":"mobile-align-left","11":"first","12":"instock","13":"shipping-taxable","14":"purchasable","15":"product-type-simple"},"acf":[],"yoast_head":"<!-- This site is optimized with the Yoast SEO plugin v27.0 - https:\/\/yoast.com\/product\/yoast-seo-wordpress\/ -->\n<title>Prisiminimai apie mano li\u016bdn\u0105sias kek\u0161es<\/title>\n<meta name=\"description\" content=\"Tai pirmasis G. G. M\u00e1rquezo gro\u017einis k\u016brinys, i\u0161\u0117j\u0119s po de\u0161imties met\u0173 pertraukos. Romanas supa\u017eindina su visi\u0161kai nauju literat\u016bros maestro k\u016brybos\" \/>\n<meta name=\"robots\" content=\"index, follow, max-snippet:-1, max-image-preview:large, max-video-preview:-1\" \/>\n<link rel=\"canonical\" href=\"https:\/\/skaitytaknyga.lt\/en\/produktas\/prisiminimai-apie-mano-liudnasias-kekses\/\" \/>\n<meta property=\"og:locale\" content=\"en_GB\" \/>\n<meta property=\"og:locale:alternate\" content=\"lt_LT\" \/>\n<meta property=\"og:type\" content=\"article\" \/>\n<meta property=\"og:title\" content=\"Prisiminimai apie mano li\u016bdn\u0105sias kek\u0161es\" \/>\n<meta property=\"og:description\" content=\"Tai pirmasis G. G. M\u00e1rquezo gro\u017einis k\u016brinys, i\u0161\u0117j\u0119s po de\u0161imties met\u0173 pertraukos. Romanas supa\u017eindina su visi\u0161kai nauju literat\u016bros maestro k\u016brybos\" \/>\n<meta property=\"og:url\" content=\"https:\/\/skaitytaknyga.lt\/en\/produktas\/prisiminimai-apie-mano-liudnasias-kekses\/\" \/>\n<meta property=\"og:site_name\" content=\"Skaitytaknyga\" \/>\n<meta property=\"article:publisher\" content=\"https:\/\/www.facebook.com\/skaitytaknyga\/\" \/>\n<meta property=\"article:modified_time\" content=\"2026-03-18T08:39:14+00:00\" \/>\n<meta property=\"og:image\" content=\"https:\/\/skaitytaknyga.lt\/wp-content\/uploads\/2026\/03\/Prisiminimai-apie-mano-liudnasias-kekses.webp\" \/>\n\t<meta property=\"og:image:width\" content=\"492\" \/>\n\t<meta property=\"og:image:height\" content=\"801\" \/>\n\t<meta property=\"og:image:type\" content=\"image\/webp\" \/>\n<meta name=\"twitter:card\" content=\"summary_large_image\" \/>\n<meta name=\"twitter:label1\" content=\"Estimated reading time\" \/>\n\t<meta name=\"twitter:data1\" content=\"1 minute\" \/>\n<script type=\"application\/ld+json\" class=\"yoast-schema-graph\">{\"@context\":\"https:\/\/schema.org\",\"@graph\":[{\"@type\":\"WebPage\",\"@id\":\"https:\/\/skaitytaknyga.lt\/produktas\/prisiminimai-apie-mano-liudnasias-kekses\/\",\"url\":\"https:\/\/skaitytaknyga.lt\/produktas\/prisiminimai-apie-mano-liudnasias-kekses\/\",\"name\":\"Prisiminimai apie mano li\u016bdn\u0105sias kek\u0161es\",\"isPartOf\":{\"@id\":\"https:\/\/skaitytaknyga.lt\/#website\"},\"primaryImageOfPage\":{\"@id\":\"https:\/\/skaitytaknyga.lt\/produktas\/prisiminimai-apie-mano-liudnasias-kekses\/#primaryimage\"},\"image\":{\"@id\":\"https:\/\/skaitytaknyga.lt\/produktas\/prisiminimai-apie-mano-liudnasias-kekses\/#primaryimage\"},\"thumbnailUrl\":\"https:\/\/skaitytaknyga.lt\/wp-content\/uploads\/2026\/03\/Prisiminimai-apie-mano-liudnasias-kekses.webp\",\"datePublished\":\"2026-03-17T18:53:05+00:00\",\"dateModified\":\"2026-03-18T08:39:14+00:00\",\"description\":\"Tai pirmasis G. G. M\u00e1rquezo gro\u017einis k\u016brinys, i\u0161\u0117j\u0119s po de\u0161imties met\u0173 pertraukos. Romanas supa\u017eindina su visi\u0161kai nauju literat\u016bros maestro k\u016brybos\",\"breadcrumb\":{\"@id\":\"https:\/\/skaitytaknyga.lt\/produktas\/prisiminimai-apie-mano-liudnasias-kekses\/#breadcrumb\"},\"inLanguage\":\"en-GB\",\"potentialAction\":[{\"@type\":\"ReadAction\",\"target\":[\"https:\/\/skaitytaknyga.lt\/produktas\/prisiminimai-apie-mano-liudnasias-kekses\/\"]}]},{\"@type\":\"ImageObject\",\"inLanguage\":\"en-GB\",\"@id\":\"https:\/\/skaitytaknyga.lt\/produktas\/prisiminimai-apie-mano-liudnasias-kekses\/#primaryimage\",\"url\":\"https:\/\/skaitytaknyga.lt\/wp-content\/uploads\/2026\/03\/Prisiminimai-apie-mano-liudnasias-kekses.webp\",\"contentUrl\":\"https:\/\/skaitytaknyga.lt\/wp-content\/uploads\/2026\/03\/Prisiminimai-apie-mano-liudnasias-kekses.webp\",\"width\":492,\"height\":801,\"caption\":\"Prisiminimai apie mano li\u016bdn\u0105sias kek\u0161es\"},{\"@type\":\"BreadcrumbList\",\"@id\":\"https:\/\/skaitytaknyga.lt\/produktas\/prisiminimai-apie-mano-liudnasias-kekses\/#breadcrumb\",\"itemListElement\":[{\"@type\":\"ListItem\",\"position\":1,\"name\":\"Home\",\"item\":\"https:\/\/skaitytaknyga.lt\/\"},{\"@type\":\"ListItem\",\"position\":2,\"name\":\"Parduotuv\u0117\",\"item\":\"https:\/\/skaitytaknyga.lt\/knygu-parduotuve\/\"},{\"@type\":\"ListItem\",\"position\":3,\"name\":\"Prisiminimai apie mano li\u016bdn\u0105sias kek\u0161es\"}]},{\"@type\":\"WebSite\",\"@id\":\"https:\/\/skaitytaknyga.lt\/#website\",\"url\":\"https:\/\/skaitytaknyga.lt\/\",\"name\":\"skaitytaknyga.lt\",\"description\":\"Skaitytaknyga.lt \u2013 tai ma\u017eas \u0161eimos verslas, kuris prasid\u0117jo nuo meil\u0117s knygoms ir siekio i\u0161gelb\u0117ti knygas nuo likimo prie konteinerio. Kas vienam nereikalingas daiktas \u2013 kitam lobis, o mes esame tarpininkai, kurie padeda abiems tapti laimingesniems ???? \u017dinome kaip nelengva i\u0161gyventi ma\u017eiems verslams, tad nuo \u0161iol, \u010dia rasite ir kit\u0173, ma\u017e\u0173 \u0161eim\u0173 versl\u0173, rank\u0173 darbo, dovan\u0173 sau ir artimiesiems.\",\"publisher\":{\"@id\":\"https:\/\/skaitytaknyga.lt\/#organization\"},\"potentialAction\":[{\"@type\":\"SearchAction\",\"target\":{\"@type\":\"EntryPoint\",\"urlTemplate\":\"https:\/\/skaitytaknyga.lt\/?s={search_term_string}\"},\"query-input\":{\"@type\":\"PropertyValueSpecification\",\"valueRequired\":true,\"valueName\":\"search_term_string\"}}],\"inLanguage\":\"en-GB\"},{\"@type\":\"Organization\",\"@id\":\"https:\/\/skaitytaknyga.lt\/#organization\",\"name\":\"skaitytaknyga.lt\",\"url\":\"https:\/\/skaitytaknyga.lt\/\",\"logo\":{\"@type\":\"ImageObject\",\"inLanguage\":\"en-GB\",\"@id\":\"https:\/\/skaitytaknyga.lt\/#\/schema\/logo\/image\/\",\"url\":\"https:\/\/skaitytaknyga.lt\/wp-content\/uploads\/2024\/05\/cropped-cropped-cropped-02_00843_jt3bggkj1j3HLc7SyY6rEUpg.jpeg\",\"contentUrl\":\"https:\/\/skaitytaknyga.lt\/wp-content\/uploads\/2024\/05\/cropped-cropped-cropped-02_00843_jt3bggkj1j3HLc7SyY6rEUpg.jpeg\",\"width\":1600,\"height\":1600,\"caption\":\"skaitytaknyga.lt\"},\"image\":{\"@id\":\"https:\/\/skaitytaknyga.lt\/#\/schema\/logo\/image\/\"},\"sameAs\":[\"https:\/\/www.facebook.com\/skaitytaknyga\/\"]}]}<\/script>\n<!-- \/ Yoast SEO plugin. -->","yoast_head_json":{"title":"Prisiminimai apie mano li\u016bdn\u0105sias kek\u0161es","description":"Tai pirmasis G. G. M\u00e1rquezo gro\u017einis k\u016brinys, i\u0161\u0117j\u0119s po de\u0161imties met\u0173 pertraukos. Romanas supa\u017eindina su visi\u0161kai nauju literat\u016bros maestro k\u016brybos","robots":{"index":"index","follow":"follow","max-snippet":"max-snippet:-1","max-image-preview":"max-image-preview:large","max-video-preview":"max-video-preview:-1"},"canonical":"https:\/\/skaitytaknyga.lt\/en\/produktas\/prisiminimai-apie-mano-liudnasias-kekses\/","og_locale":"en_GB","og_type":"article","og_title":"[:lt]Prisiminimai apie mano li\u016bdn\u0105sias kek\u0161es[:] - Skaitytaknyga","og_description":"Tai pirmasis G. G. M\u00e1rquezo gro\u017einis k\u016brinys, i\u0161\u0117j\u0119s po de\u0161imties met\u0173 pertraukos. Romanas supa\u017eindina su visi\u0161kai nauju literat\u016bros maestro k\u016brybos","og_url":"https:\/\/skaitytaknyga.lt\/en\/produktas\/prisiminimai-apie-mano-liudnasias-kekses\/","og_site_name":"Skaitytaknyga","article_publisher":"https:\/\/www.facebook.com\/skaitytaknyga\/","article_modified_time":"2026-03-18T08:39:14+00:00","og_image":[{"width":492,"height":801,"url":"https:\/\/skaitytaknyga.lt\/wp-content\/uploads\/2026\/03\/Prisiminimai-apie-mano-liudnasias-kekses.webp","type":"image\/webp"}],"twitter_card":"summary_large_image","twitter_misc":{"Estimated reading time":"1 minute"},"schema":{"@context":"https:\/\/schema.org","@graph":[{"@type":"WebPage","@id":"https:\/\/skaitytaknyga.lt\/produktas\/prisiminimai-apie-mano-liudnasias-kekses\/","url":"https:\/\/skaitytaknyga.lt\/produktas\/prisiminimai-apie-mano-liudnasias-kekses\/","name":"Prisiminimai apie mano li\u016bdn\u0105sias kek\u0161es","isPartOf":{"@id":"https:\/\/skaitytaknyga.lt\/#website"},"primaryImageOfPage":{"@id":"https:\/\/skaitytaknyga.lt\/produktas\/prisiminimai-apie-mano-liudnasias-kekses\/#primaryimage"},"image":{"@id":"https:\/\/skaitytaknyga.lt\/produktas\/prisiminimai-apie-mano-liudnasias-kekses\/#primaryimage"},"thumbnailUrl":"https:\/\/skaitytaknyga.lt\/wp-content\/uploads\/2026\/03\/Prisiminimai-apie-mano-liudnasias-kekses.webp","datePublished":"2026-03-17T18:53:05+00:00","dateModified":"2026-03-18T08:39:14+00:00","description":"Tai pirmasis G. G. M\u00e1rquezo gro\u017einis k\u016brinys, i\u0161\u0117j\u0119s po de\u0161imties met\u0173 pertraukos. Romanas supa\u017eindina su visi\u0161kai nauju literat\u016bros maestro k\u016brybos","breadcrumb":{"@id":"https:\/\/skaitytaknyga.lt\/produktas\/prisiminimai-apie-mano-liudnasias-kekses\/#breadcrumb"},"inLanguage":"en-GB","potentialAction":[{"@type":"ReadAction","target":["https:\/\/skaitytaknyga.lt\/produktas\/prisiminimai-apie-mano-liudnasias-kekses\/"]}]},{"@type":"ImageObject","inLanguage":"en-GB","@id":"https:\/\/skaitytaknyga.lt\/produktas\/prisiminimai-apie-mano-liudnasias-kekses\/#primaryimage","url":"https:\/\/skaitytaknyga.lt\/wp-content\/uploads\/2026\/03\/Prisiminimai-apie-mano-liudnasias-kekses.webp","contentUrl":"https:\/\/skaitytaknyga.lt\/wp-content\/uploads\/2026\/03\/Prisiminimai-apie-mano-liudnasias-kekses.webp","width":492,"height":801,"caption":"Prisiminimai apie mano li\u016bdn\u0105sias kek\u0161es"},{"@type":"BreadcrumbList","@id":"https:\/\/skaitytaknyga.lt\/produktas\/prisiminimai-apie-mano-liudnasias-kekses\/#breadcrumb","itemListElement":[{"@type":"ListItem","position":1,"name":"Home","item":"https:\/\/skaitytaknyga.lt\/"},{"@type":"ListItem","position":2,"name":"Parduotuv\u0117","item":"https:\/\/skaitytaknyga.lt\/knygu-parduotuve\/"},{"@type":"ListItem","position":3,"name":"Prisiminimai apie mano li\u016bdn\u0105sias kek\u0161es"}]},{"@type":"WebSite","@id":"https:\/\/skaitytaknyga.lt\/#website","url":"https:\/\/skaitytaknyga.lt\/","name":"skaitytaknyga.lt","description":"Skaitytaknyga.lt \u2013 tai ma\u017eas \u0161eimos verslas, kuris prasid\u0117jo nuo meil\u0117s knygoms ir siekio i\u0161gelb\u0117ti knygas nuo likimo prie konteinerio. Kas vienam nereikalingas daiktas \u2013 kitam lobis, o mes esame tarpininkai, kurie padeda abiems tapti laimingesniems ???? \u017dinome kaip nelengva i\u0161gyventi ma\u017eiems verslams, tad nuo \u0161iol, \u010dia rasite ir kit\u0173, ma\u017e\u0173 \u0161eim\u0173 versl\u0173, rank\u0173 darbo, dovan\u0173 sau ir artimiesiems.","publisher":{"@id":"https:\/\/skaitytaknyga.lt\/#organization"},"potentialAction":[{"@type":"SearchAction","target":{"@type":"EntryPoint","urlTemplate":"https:\/\/skaitytaknyga.lt\/?s={search_term_string}"},"query-input":{"@type":"PropertyValueSpecification","valueRequired":true,"valueName":"search_term_string"}}],"inLanguage":"en-GB"},{"@type":"Organization","@id":"https:\/\/skaitytaknyga.lt\/#organization","name":"skaitytaknyga.lt","url":"https:\/\/skaitytaknyga.lt\/","logo":{"@type":"ImageObject","inLanguage":"en-GB","@id":"https:\/\/skaitytaknyga.lt\/#\/schema\/logo\/image\/","url":"https:\/\/skaitytaknyga.lt\/wp-content\/uploads\/2024\/05\/cropped-cropped-cropped-02_00843_jt3bggkj1j3HLc7SyY6rEUpg.jpeg","contentUrl":"https:\/\/skaitytaknyga.lt\/wp-content\/uploads\/2024\/05\/cropped-cropped-cropped-02_00843_jt3bggkj1j3HLc7SyY6rEUpg.jpeg","width":1600,"height":1600,"caption":"skaitytaknyga.lt"},"image":{"@id":"https:\/\/skaitytaknyga.lt\/#\/schema\/logo\/image\/"},"sameAs":["https:\/\/www.facebook.com\/skaitytaknyga\/"]}]}},"_links":{"self":[{"href":"https:\/\/skaitytaknyga.lt\/en\/wp-json\/wp\/v2\/product\/24939","targetHints":{"allow":["GET"]}}],"collection":[{"href":"https:\/\/skaitytaknyga.lt\/en\/wp-json\/wp\/v2\/product"}],"about":[{"href":"https:\/\/skaitytaknyga.lt\/en\/wp-json\/wp\/v2\/types\/product"}],"replies":[{"embeddable":true,"href":"https:\/\/skaitytaknyga.lt\/en\/wp-json\/wp\/v2\/comments?post=24939"}],"wp:featuredmedia":[{"embeddable":true,"href":"https:\/\/skaitytaknyga.lt\/en\/wp-json\/wp\/v2\/media\/24944"}],"wp:attachment":[{"href":"https:\/\/skaitytaknyga.lt\/en\/wp-json\/wp\/v2\/media?parent=24939"}],"wp:term":[{"taxonomy":"product_brand","embeddable":true,"href":"https:\/\/skaitytaknyga.lt\/en\/wp-json\/wp\/v2\/product_brand?post=24939"},{"taxonomy":"product_cat","embeddable":true,"href":"https:\/\/skaitytaknyga.lt\/en\/wp-json\/wp\/v2\/product_cat?post=24939"},{"taxonomy":"product_tag","embeddable":true,"href":"https:\/\/skaitytaknyga.lt\/en\/wp-json\/wp\/v2\/product_tag?post=24939"}],"curies":[{"name":"wp","href":"https:\/\/api.w.org\/{rel}","templated":true}]}}