{"id":24938,"date":"2026-03-17T20:53:05","date_gmt":"2026-03-17T18:53:05","guid":{"rendered":"https:\/\/skaitytaknyga.lt\/?post_type=product&#038;p=24938"},"modified":"2026-03-18T09:34:51","modified_gmt":"2026-03-18T07:34:51","slug":"imbierinis-namelis","status":"publish","type":"product","link":"https:\/\/skaitytaknyga.lt\/en\/produktas\/imbierinis-namelis\/","title":{"rendered":"Imbierinis namelis"},"content":{"rendered":"<p>Gr\u012f\u017eusi i\u0161 Stokholmo ligonin\u0117s namo, Ingrida Olson savo virtuv\u0117je rado vyri\u0161k\u012f. Anks\u010diau nekviestojo sve\u010dio ji niekada nebuvo ma\u010diusi. Ta\u010diau jis nepavojingas &#8211; ji buvo nebegyvas.<\/p>\n<p>Tyr\u0117jas kriminalistas Konis Sjobergas priima i\u0161\u0161\u016bk\u012f. Jo komanda i\u0161siai\u0161kina, kad tai vidutinio am\u017eiaus vedusio vyri\u0161kio k\u016bnas. Bet kaip jis ten pateko? Kas j\u012f u\u017emu\u0161\u0117?<\/p>\n<p>N\u0117ra nei \u012ftariamojo, nei motyv\u0173. Konio Sjobergo komanda tur\u0117s nema\u017eai paplu\u0161\u0117ti, kol pasteb\u0117s \u0161ios bylos s\u0105sajas su kitomis, i\u0161 pirmo \u017evilgsnio \u2013 atsitiktin\u0117mis \u017emog\u017eudyst\u0117mis. Ir supras, kad susid\u016br\u0117 su \u017eudiko maniako vendeta&#8230;<\/p>\n<p>\u0160vedijos detektyv\u0173 karalien\u0117! Diplomuota matematik\u0117, ra\u0161ytoja Karina Gerhardsen gim\u0117 (1962 m.) ir augo nedideliame miestelyje Katrineholme, tame pa\u010diame, kuriame vyksta romano \u201eImbierinis namelis\u201c veiksmas&#8230; \u0160iuo metu ji gyvena su vyru ir dviem vaikais Stokholme.<\/p>\n<p>Pirm\u0105 kart\u0105 ra\u0161ytojos plunksn\u0105 Karina i\u0161m\u0117gino daugiau nei prie\u0161 du de\u0161imtme\u010dius, s\u0117kmingai dirbdama informacini\u0173 technologij\u0173 konsultante. Ji suk\u016br\u0117 filosofin\u012f roman\u0105 \u201ePab\u0117gti nuo laiko\u201c. \u0160lov\u0119 autorei atne\u0161\u0117 detektyvai. Dabar ji vis\u0105 savo laik\u0105 skiria ra\u0161ymui.<\/p>\n<p>Inspektoriaus Konio Sjobergo ir jo komandos narpliojami sud\u0117tingiausi nusikaltimai prikaust\u0117 tiek \u0160vedijos, tik kit\u0173 \u0161ali\u0173 skaitytoj\u0173 d\u0117mes\u012f. \u201eImbierinis namelis\u201c &#8211; pirmoji \u0161ios serijos knyga.<\/p>\n<p>Laukite kit\u0173 roman\u0173 apie suman\u0173j\u012f inspektori\u0173 Kon\u012f Sjoberg\u0105 lietuvi\u0173 kalba!<\/p>\n","protected":false},"excerpt":{"rendered":"<p>Gr\u012f\u017eusi i\u0161 Stokholmo ligonin\u0117s namo, Ingrida Olson savo virtuv\u0117je rado vyri\u0161k\u012f. Anks\u010diau nekviestojo sve\u010dio ji niekada nebuvo ma\u010diusi. Ta\u010diau jis nepavojingas &#8211; ji buvo nebegyvas. Tyr\u0117jas kriminalistas Konis Sjobergas priima i\u0161\u0161\u016bk\u012f. Jo komanda i\u0161siai\u0161kina, kad tai vidutinio am\u017eiaus vedusio vyri\u0161kio k\u016bnas. Bet kaip jis ten pateko? Kas j\u012f u\u017emu\u0161\u0117? N\u0117ra nei \u012ftariamojo, nei motyv\u0173. Konio Sjobergo komanda tur\u0117s nema\u017eai paplu\u0161\u0117ti, kol pasteb\u0117s \u0161ios bylos s\u0105sajas su kitomis, i\u0161 pirmo \u017evilgsnio \u2013 atsitiktin\u0117mis \u017emog\u017eudyst\u0117mis. Ir supras, kad susid\u016br\u0117 su \u017eudiko maniako vendeta&#8230; \u0160vedijos detektyv\u0173 karalien\u0117! Diplomuota matematik\u0117, ra\u0161ytoja Karina Gerhardsen gim\u0117 (1962 m.) ir augo nedideliame miestelyje Katrineholme, tame pa\u010diame, kuriame vyksta romano \u201eImbierinis namelis\u201c veiksmas&#8230; \u0160iuo metu ji gyvena su vyru ir dviem vaikais Stokholme. Pirm\u0105 kart\u0105 ra\u0161ytojos plunksn\u0105 Karina i\u0161m\u0117gino daugiau nei prie\u0161 du de\u0161imtme\u010dius, s\u0117kmingai dirbdama informacini\u0173 technologij\u0173 konsultante. Ji suk\u016br\u0117 filosofin\u012f roman\u0105 \u201ePab\u0117gti nuo laiko\u201c. \u0160lov\u0119 autorei atne\u0161\u0117 detektyvai. Dabar ji vis\u0105 savo laik\u0105 skiria ra\u0161ymui. Inspektoriaus Konio Sjobergo ir jo komandos narpliojami sud\u0117tingiausi nusikaltimai prikaust\u0117 tiek \u0160vedijos, tik kit\u0173 \u0161ali\u0173 skaitytoj\u0173 d\u0117mes\u012f. \u201eImbierinis namelis\u201c &#8211; pirmoji \u0161ios serijos knyga. Laukite kit\u0173 roman\u0173 apie suman\u0173j\u012f inspektori\u0173 Kon\u012f Sjoberg\u0105 lietuvi\u0173 kalba!<\/p>\n","protected":false},"featured_media":24943,"comment_status":"open","ping_status":"closed","template":"","meta":{"_acf_changed":false,"site-sidebar-layout":"default","site-content-layout":"","ast-site-content-layout":"default","site-content-style":"default","site-sidebar-style":"default","ast-global-header-display":"","ast-banner-title-visibility":"","ast-main-header-display":"","ast-hfb-above-header-display":"","ast-hfb-below-header-display":"","ast-hfb-mobile-header-display":"","site-post-title":"","ast-breadcrumbs-content":"","ast-featured-img":"","footer-sml-layout":"","ast-disable-related-posts":"","theme-transparent-header-meta":"","adv-header-id-meta":"","stick-header-meta":"","header-above-stick-meta":"","header-main-stick-meta":"","header-below-stick-meta":"","astra-migrate-meta-layouts":"default","ast-page-background-enabled":"default","ast-page-background-meta":{"desktop":{"background-color":"","background-image":"","background-repeat":"repeat","background-position":"center center","background-size":"auto","background-attachment":"scroll","background-type":"","background-media":"","overlay-type":"","overlay-color":"","overlay-opacity":"","overlay-gradient":""},"tablet":{"background-color":"","background-image":"","background-repeat":"repeat","background-position":"center center","background-size":"auto","background-attachment":"scroll","background-type":"","background-media":"","overlay-type":"","overlay-color":"","overlay-opacity":"","overlay-gradient":""},"mobile":{"background-color":"","background-image":"","background-repeat":"repeat","background-position":"center center","background-size":"auto","background-attachment":"scroll","background-type":"","background-media":"","overlay-type":"","overlay-color":"","overlay-opacity":"","overlay-gradient":""}},"ast-content-background-meta":{"desktop":{"background-color":"var(--ast-global-color-4)","background-image":"","background-repeat":"repeat","background-position":"center center","background-size":"auto","background-attachment":"scroll","background-type":"","background-media":"","overlay-type":"","overlay-color":"","overlay-opacity":"","overlay-gradient":""},"tablet":{"background-color":"var(--ast-global-color-4)","background-image":"","background-repeat":"repeat","background-position":"center center","background-size":"auto","background-attachment":"scroll","background-type":"","background-media":"","overlay-type":"","overlay-color":"","overlay-opacity":"","overlay-gradient":""},"mobile":{"background-color":"var(--ast-global-color-4)","background-image":"","background-repeat":"repeat","background-position":"center center","background-size":"auto","background-attachment":"scroll","background-type":"","background-media":"","overlay-type":"","overlay-color":"","overlay-opacity":"","overlay-gradient":""}}},"product_brand":[],"product_cat":[9581],"product_tag":[],"class_list":{"0":"post-24938","1":"product","2":"type-product","3":"status-publish","4":"has-post-thumbnail","6":"product_cat-kriminaliniai-romanai","7":"desktop-align-left","8":"tablet-align-left","9":"mobile-align-left","11":"first","12":"instock","13":"shipping-taxable","14":"purchasable","15":"product-type-simple"},"acf":[],"yoast_head":"<!-- This site is optimized with the Yoast SEO plugin v27.0 - https:\/\/yoast.com\/product\/yoast-seo-wordpress\/ -->\n<title>Imbierinis namelis<\/title>\n<meta name=\"description\" content=\"Gr\u012f\u017eusi i\u0161 Stokholmo ligonin\u0117s namo, Ingrida Olson savo virtuv\u0117je rado vyri\u0161k\u012f. Anks\u010diau nekviestojo sve\u010dio ji niekada nebuvo ma\u010diusi. Ta\u010diau jis\" \/>\n<meta name=\"robots\" content=\"index, follow, max-snippet:-1, max-image-preview:large, max-video-preview:-1\" \/>\n<link rel=\"canonical\" href=\"https:\/\/skaitytaknyga.lt\/en\/produktas\/imbierinis-namelis\/\" \/>\n<meta property=\"og:locale\" content=\"en_GB\" \/>\n<meta property=\"og:locale:alternate\" content=\"lt_LT\" \/>\n<meta property=\"og:type\" content=\"article\" \/>\n<meta property=\"og:title\" content=\"Imbierinis namelis\" \/>\n<meta property=\"og:description\" content=\"Gr\u012f\u017eusi i\u0161 Stokholmo ligonin\u0117s namo, Ingrida Olson savo virtuv\u0117je rado vyri\u0161k\u012f. Anks\u010diau nekviestojo sve\u010dio ji niekada nebuvo ma\u010diusi. Ta\u010diau jis\" \/>\n<meta property=\"og:url\" content=\"https:\/\/skaitytaknyga.lt\/en\/produktas\/imbierinis-namelis\/\" \/>\n<meta property=\"og:site_name\" content=\"Skaitytaknyga\" \/>\n<meta property=\"article:publisher\" content=\"https:\/\/www.facebook.com\/skaitytaknyga\/\" \/>\n<meta property=\"article:modified_time\" content=\"2026-03-18T07:34:51+00:00\" \/>\n<meta property=\"og:image\" content=\"https:\/\/skaitytaknyga.lt\/wp-content\/uploads\/2026\/03\/Imbierinis-namelis-e1773773785489.webp\" \/>\n\t<meta property=\"og:image:width\" content=\"300\" \/>\n\t<meta property=\"og:image:height\" content=\"501\" \/>\n\t<meta property=\"og:image:type\" content=\"image\/webp\" \/>\n<meta name=\"twitter:card\" content=\"summary_large_image\" \/>\n<meta name=\"twitter:label1\" content=\"Estimated reading time\" \/>\n\t<meta name=\"twitter:data1\" content=\"1 minute\" \/>\n<script type=\"application\/ld+json\" class=\"yoast-schema-graph\">{\"@context\":\"https:\/\/schema.org\",\"@graph\":[{\"@type\":\"WebPage\",\"@id\":\"https:\/\/skaitytaknyga.lt\/produktas\/imbierinis-namelis\/\",\"url\":\"https:\/\/skaitytaknyga.lt\/produktas\/imbierinis-namelis\/\",\"name\":\"Imbierinis namelis\",\"isPartOf\":{\"@id\":\"https:\/\/skaitytaknyga.lt\/#website\"},\"primaryImageOfPage\":{\"@id\":\"https:\/\/skaitytaknyga.lt\/produktas\/imbierinis-namelis\/#primaryimage\"},\"image\":{\"@id\":\"https:\/\/skaitytaknyga.lt\/produktas\/imbierinis-namelis\/#primaryimage\"},\"thumbnailUrl\":\"https:\/\/skaitytaknyga.lt\/wp-content\/uploads\/2026\/03\/Imbierinis-namelis-e1773773785489.webp\",\"datePublished\":\"2026-03-17T18:53:05+00:00\",\"dateModified\":\"2026-03-18T07:34:51+00:00\",\"description\":\"Gr\u012f\u017eusi i\u0161 Stokholmo ligonin\u0117s namo, Ingrida Olson savo virtuv\u0117je rado vyri\u0161k\u012f. Anks\u010diau nekviestojo sve\u010dio ji niekada nebuvo ma\u010diusi. Ta\u010diau jis\",\"breadcrumb\":{\"@id\":\"https:\/\/skaitytaknyga.lt\/produktas\/imbierinis-namelis\/#breadcrumb\"},\"inLanguage\":\"en-GB\",\"potentialAction\":[{\"@type\":\"ReadAction\",\"target\":[\"https:\/\/skaitytaknyga.lt\/produktas\/imbierinis-namelis\/\"]}]},{\"@type\":\"ImageObject\",\"inLanguage\":\"en-GB\",\"@id\":\"https:\/\/skaitytaknyga.lt\/produktas\/imbierinis-namelis\/#primaryimage\",\"url\":\"https:\/\/skaitytaknyga.lt\/wp-content\/uploads\/2026\/03\/Imbierinis-namelis-e1773773785489.webp\",\"contentUrl\":\"https:\/\/skaitytaknyga.lt\/wp-content\/uploads\/2026\/03\/Imbierinis-namelis-e1773773785489.webp\",\"width\":300,\"height\":501,\"caption\":\"Imbierinis namelis\"},{\"@type\":\"BreadcrumbList\",\"@id\":\"https:\/\/skaitytaknyga.lt\/produktas\/imbierinis-namelis\/#breadcrumb\",\"itemListElement\":[{\"@type\":\"ListItem\",\"position\":1,\"name\":\"Home\",\"item\":\"https:\/\/skaitytaknyga.lt\/\"},{\"@type\":\"ListItem\",\"position\":2,\"name\":\"Parduotuv\u0117\",\"item\":\"https:\/\/skaitytaknyga.lt\/knygu-parduotuve\/\"},{\"@type\":\"ListItem\",\"position\":3,\"name\":\"Imbierinis namelis\"}]},{\"@type\":\"WebSite\",\"@id\":\"https:\/\/skaitytaknyga.lt\/#website\",\"url\":\"https:\/\/skaitytaknyga.lt\/\",\"name\":\"skaitytaknyga.lt\",\"description\":\"Skaitytaknyga.lt \u2013 tai ma\u017eas \u0161eimos verslas, kuris prasid\u0117jo nuo meil\u0117s knygoms ir siekio i\u0161gelb\u0117ti knygas nuo likimo prie konteinerio. Kas vienam nereikalingas daiktas \u2013 kitam lobis, o mes esame tarpininkai, kurie padeda abiems tapti laimingesniems ???? \u017dinome kaip nelengva i\u0161gyventi ma\u017eiems verslams, tad nuo \u0161iol, \u010dia rasite ir kit\u0173, ma\u017e\u0173 \u0161eim\u0173 versl\u0173, rank\u0173 darbo, dovan\u0173 sau ir artimiesiems.\",\"publisher\":{\"@id\":\"https:\/\/skaitytaknyga.lt\/#organization\"},\"potentialAction\":[{\"@type\":\"SearchAction\",\"target\":{\"@type\":\"EntryPoint\",\"urlTemplate\":\"https:\/\/skaitytaknyga.lt\/?s={search_term_string}\"},\"query-input\":{\"@type\":\"PropertyValueSpecification\",\"valueRequired\":true,\"valueName\":\"search_term_string\"}}],\"inLanguage\":\"en-GB\"},{\"@type\":\"Organization\",\"@id\":\"https:\/\/skaitytaknyga.lt\/#organization\",\"name\":\"skaitytaknyga.lt\",\"url\":\"https:\/\/skaitytaknyga.lt\/\",\"logo\":{\"@type\":\"ImageObject\",\"inLanguage\":\"en-GB\",\"@id\":\"https:\/\/skaitytaknyga.lt\/#\/schema\/logo\/image\/\",\"url\":\"https:\/\/skaitytaknyga.lt\/wp-content\/uploads\/2024\/05\/cropped-cropped-cropped-02_00843_jt3bggkj1j3HLc7SyY6rEUpg.jpeg\",\"contentUrl\":\"https:\/\/skaitytaknyga.lt\/wp-content\/uploads\/2024\/05\/cropped-cropped-cropped-02_00843_jt3bggkj1j3HLc7SyY6rEUpg.jpeg\",\"width\":1600,\"height\":1600,\"caption\":\"skaitytaknyga.lt\"},\"image\":{\"@id\":\"https:\/\/skaitytaknyga.lt\/#\/schema\/logo\/image\/\"},\"sameAs\":[\"https:\/\/www.facebook.com\/skaitytaknyga\/\"]}]}<\/script>\n<!-- \/ Yoast SEO plugin. -->","yoast_head_json":{"title":"Imbierinis namelis","description":"Gr\u012f\u017eusi i\u0161 Stokholmo ligonin\u0117s namo, Ingrida Olson savo virtuv\u0117je rado vyri\u0161k\u012f. Anks\u010diau nekviestojo sve\u010dio ji niekada nebuvo ma\u010diusi. Ta\u010diau jis","robots":{"index":"index","follow":"follow","max-snippet":"max-snippet:-1","max-image-preview":"max-image-preview:large","max-video-preview":"max-video-preview:-1"},"canonical":"https:\/\/skaitytaknyga.lt\/en\/produktas\/imbierinis-namelis\/","og_locale":"en_GB","og_type":"article","og_title":"[:lt]Imbierinis namelis[:] - Skaitytaknyga","og_description":"Gr\u012f\u017eusi i\u0161 Stokholmo ligonin\u0117s namo, Ingrida Olson savo virtuv\u0117je rado vyri\u0161k\u012f. Anks\u010diau nekviestojo sve\u010dio ji niekada nebuvo ma\u010diusi. Ta\u010diau jis","og_url":"https:\/\/skaitytaknyga.lt\/en\/produktas\/imbierinis-namelis\/","og_site_name":"Skaitytaknyga","article_publisher":"https:\/\/www.facebook.com\/skaitytaknyga\/","article_modified_time":"2026-03-18T07:34:51+00:00","og_image":[{"width":300,"height":501,"url":"https:\/\/skaitytaknyga.lt\/wp-content\/uploads\/2026\/03\/Imbierinis-namelis-e1773773785489.webp","type":"image\/webp"}],"twitter_card":"summary_large_image","twitter_misc":{"Estimated reading time":"1 minute"},"schema":{"@context":"https:\/\/schema.org","@graph":[{"@type":"WebPage","@id":"https:\/\/skaitytaknyga.lt\/produktas\/imbierinis-namelis\/","url":"https:\/\/skaitytaknyga.lt\/produktas\/imbierinis-namelis\/","name":"Imbierinis namelis","isPartOf":{"@id":"https:\/\/skaitytaknyga.lt\/#website"},"primaryImageOfPage":{"@id":"https:\/\/skaitytaknyga.lt\/produktas\/imbierinis-namelis\/#primaryimage"},"image":{"@id":"https:\/\/skaitytaknyga.lt\/produktas\/imbierinis-namelis\/#primaryimage"},"thumbnailUrl":"https:\/\/skaitytaknyga.lt\/wp-content\/uploads\/2026\/03\/Imbierinis-namelis-e1773773785489.webp","datePublished":"2026-03-17T18:53:05+00:00","dateModified":"2026-03-18T07:34:51+00:00","description":"Gr\u012f\u017eusi i\u0161 Stokholmo ligonin\u0117s namo, Ingrida Olson savo virtuv\u0117je rado vyri\u0161k\u012f. Anks\u010diau nekviestojo sve\u010dio ji niekada nebuvo ma\u010diusi. Ta\u010diau jis","breadcrumb":{"@id":"https:\/\/skaitytaknyga.lt\/produktas\/imbierinis-namelis\/#breadcrumb"},"inLanguage":"en-GB","potentialAction":[{"@type":"ReadAction","target":["https:\/\/skaitytaknyga.lt\/produktas\/imbierinis-namelis\/"]}]},{"@type":"ImageObject","inLanguage":"en-GB","@id":"https:\/\/skaitytaknyga.lt\/produktas\/imbierinis-namelis\/#primaryimage","url":"https:\/\/skaitytaknyga.lt\/wp-content\/uploads\/2026\/03\/Imbierinis-namelis-e1773773785489.webp","contentUrl":"https:\/\/skaitytaknyga.lt\/wp-content\/uploads\/2026\/03\/Imbierinis-namelis-e1773773785489.webp","width":300,"height":501,"caption":"Imbierinis namelis"},{"@type":"BreadcrumbList","@id":"https:\/\/skaitytaknyga.lt\/produktas\/imbierinis-namelis\/#breadcrumb","itemListElement":[{"@type":"ListItem","position":1,"name":"Home","item":"https:\/\/skaitytaknyga.lt\/"},{"@type":"ListItem","position":2,"name":"Parduotuv\u0117","item":"https:\/\/skaitytaknyga.lt\/knygu-parduotuve\/"},{"@type":"ListItem","position":3,"name":"Imbierinis namelis"}]},{"@type":"WebSite","@id":"https:\/\/skaitytaknyga.lt\/#website","url":"https:\/\/skaitytaknyga.lt\/","name":"skaitytaknyga.lt","description":"Skaitytaknyga.lt \u2013 tai ma\u017eas \u0161eimos verslas, kuris prasid\u0117jo nuo meil\u0117s knygoms ir siekio i\u0161gelb\u0117ti knygas nuo likimo prie konteinerio. Kas vienam nereikalingas daiktas \u2013 kitam lobis, o mes esame tarpininkai, kurie padeda abiems tapti laimingesniems ???? \u017dinome kaip nelengva i\u0161gyventi ma\u017eiems verslams, tad nuo \u0161iol, \u010dia rasite ir kit\u0173, ma\u017e\u0173 \u0161eim\u0173 versl\u0173, rank\u0173 darbo, dovan\u0173 sau ir artimiesiems.","publisher":{"@id":"https:\/\/skaitytaknyga.lt\/#organization"},"potentialAction":[{"@type":"SearchAction","target":{"@type":"EntryPoint","urlTemplate":"https:\/\/skaitytaknyga.lt\/?s={search_term_string}"},"query-input":{"@type":"PropertyValueSpecification","valueRequired":true,"valueName":"search_term_string"}}],"inLanguage":"en-GB"},{"@type":"Organization","@id":"https:\/\/skaitytaknyga.lt\/#organization","name":"skaitytaknyga.lt","url":"https:\/\/skaitytaknyga.lt\/","logo":{"@type":"ImageObject","inLanguage":"en-GB","@id":"https:\/\/skaitytaknyga.lt\/#\/schema\/logo\/image\/","url":"https:\/\/skaitytaknyga.lt\/wp-content\/uploads\/2024\/05\/cropped-cropped-cropped-02_00843_jt3bggkj1j3HLc7SyY6rEUpg.jpeg","contentUrl":"https:\/\/skaitytaknyga.lt\/wp-content\/uploads\/2024\/05\/cropped-cropped-cropped-02_00843_jt3bggkj1j3HLc7SyY6rEUpg.jpeg","width":1600,"height":1600,"caption":"skaitytaknyga.lt"},"image":{"@id":"https:\/\/skaitytaknyga.lt\/#\/schema\/logo\/image\/"},"sameAs":["https:\/\/www.facebook.com\/skaitytaknyga\/"]}]}},"_links":{"self":[{"href":"https:\/\/skaitytaknyga.lt\/en\/wp-json\/wp\/v2\/product\/24938","targetHints":{"allow":["GET"]}}],"collection":[{"href":"https:\/\/skaitytaknyga.lt\/en\/wp-json\/wp\/v2\/product"}],"about":[{"href":"https:\/\/skaitytaknyga.lt\/en\/wp-json\/wp\/v2\/types\/product"}],"replies":[{"embeddable":true,"href":"https:\/\/skaitytaknyga.lt\/en\/wp-json\/wp\/v2\/comments?post=24938"}],"wp:featuredmedia":[{"embeddable":true,"href":"https:\/\/skaitytaknyga.lt\/en\/wp-json\/wp\/v2\/media\/24943"}],"wp:attachment":[{"href":"https:\/\/skaitytaknyga.lt\/en\/wp-json\/wp\/v2\/media?parent=24938"}],"wp:term":[{"taxonomy":"product_brand","embeddable":true,"href":"https:\/\/skaitytaknyga.lt\/en\/wp-json\/wp\/v2\/product_brand?post=24938"},{"taxonomy":"product_cat","embeddable":true,"href":"https:\/\/skaitytaknyga.lt\/en\/wp-json\/wp\/v2\/product_cat?post=24938"},{"taxonomy":"product_tag","embeddable":true,"href":"https:\/\/skaitytaknyga.lt\/en\/wp-json\/wp\/v2\/product_tag?post=24938"}],"curies":[{"name":"wp","href":"https:\/\/api.w.org\/{rel}","templated":true}]}}