{"id":24937,"date":"2026-03-17T20:53:03","date_gmt":"2026-03-17T18:53:03","guid":{"rendered":"https:\/\/skaitytaknyga.lt\/?post_type=product&#038;p=24937"},"modified":"2026-03-18T13:15:52","modified_gmt":"2026-03-18T11:15:52","slug":"vaiku-burnos-ir-dantu-ligos-burnos-ir-dantu-ligu-profilaktika","status":"publish","type":"product","link":"https:\/\/skaitytaknyga.lt\/en\/produktas\/vaiku-burnos-ir-dantu-ligos-burnos-ir-dantu-ligu-profilaktika\/","title":{"rendered":"Vaik\u0173 burnos ir dant\u0173 ligos: burnos ir dant\u0173 lig\u0173 profilaktika"},"content":{"rendered":"<p>Gydytojas odontologas turi i\u0161manyti vaik\u0173 veido \u017eandikauli\u0173 sistemos bei burnos anatominius, fiziologinius savitumus, psichologinius bendravimo aspektus, mok\u0117ti diagnozuoti ir gydyti dant\u0173 \u0117duon\u012f, ne \u0117duonies sukeltas, periodonto, gleivin\u0117s ligas \u012fvairiais vaiko am\u017eiaus tarpsniais. Taip pat turi \u017einoti, kokios profilaktin\u0117s, gydomosios med\u017eiagos ir b\u016bdai efektyv\u016bs vaik\u0173 burnos ir dant\u0173 ligoms stabilizuoti, kokie yra restauracini\u0173 med\u017eiag\u0173 ir metod\u0173 parinkimo savitumai.<\/p>\n<p>Tikim\u0117s, kad vadov\u0117lis \u201eVaik\u0173 burnos ir dant\u0173 ligos. Burnos ir dant\u0173 lig\u0173 profilaktika&#8221; pad\u0117s atnaujinti ir pagilinti \u017einias tiek studentams, tiek praktikuojantiems gydytojams odontologams.<\/p>\n","protected":false},"excerpt":{"rendered":"<p>Gydytojas odontologas turi i\u0161manyti vaik\u0173 veido \u017eandikauli\u0173 sistemos bei burnos anatominius, fiziologinius savitumus, psichologinius bendravimo aspektus, mok\u0117ti diagnozuoti ir gydyti dant\u0173 \u0117duon\u012f, ne \u0117duonies sukeltas, periodonto, gleivin\u0117s ligas \u012fvairiais vaiko am\u017eiaus tarpsniais. Taip pat turi \u017einoti, kokios profilaktin\u0117s, gydomosios med\u017eiagos ir b\u016bdai efektyv\u016bs vaik\u0173 burnos ir dant\u0173 ligoms stabilizuoti, kokie yra restauracini\u0173 med\u017eiag\u0173 ir metod\u0173 parinkimo savitumai. Tikim\u0117s, kad vadov\u0117lis \u201eVaik\u0173 burnos ir dant\u0173 ligos. Burnos ir dant\u0173 lig\u0173 profilaktika&#8221; pad\u0117s atnaujinti ir pagilinti \u017einias tiek studentams, tiek praktikuojantiems gydytojams odontologams.<\/p>\n","protected":false},"featured_media":24942,"comment_status":"open","ping_status":"closed","template":"","meta":{"_acf_changed":false,"site-sidebar-layout":"default","site-content-layout":"","ast-site-content-layout":"default","site-content-style":"default","site-sidebar-style":"default","ast-global-header-display":"","ast-banner-title-visibility":"","ast-main-header-display":"","ast-hfb-above-header-display":"","ast-hfb-below-header-display":"","ast-hfb-mobile-header-display":"","site-post-title":"","ast-breadcrumbs-content":"","ast-featured-img":"","footer-sml-layout":"","ast-disable-related-posts":"","theme-transparent-header-meta":"","adv-header-id-meta":"","stick-header-meta":"","header-above-stick-meta":"","header-main-stick-meta":"","header-below-stick-meta":"","astra-migrate-meta-layouts":"default","ast-page-background-enabled":"default","ast-page-background-meta":{"desktop":{"background-color":"","background-image":"","background-repeat":"repeat","background-position":"center center","background-size":"auto","background-attachment":"scroll","background-type":"","background-media":"","overlay-type":"","overlay-color":"","overlay-opacity":"","overlay-gradient":""},"tablet":{"background-color":"","background-image":"","background-repeat":"repeat","background-position":"center center","background-size":"auto","background-attachment":"scroll","background-type":"","background-media":"","overlay-type":"","overlay-color":"","overlay-opacity":"","overlay-gradient":""},"mobile":{"background-color":"","background-image":"","background-repeat":"repeat","background-position":"center center","background-size":"auto","background-attachment":"scroll","background-type":"","background-media":"","overlay-type":"","overlay-color":"","overlay-opacity":"","overlay-gradient":""}},"ast-content-background-meta":{"desktop":{"background-color":"var(--ast-global-color-4)","background-image":"","background-repeat":"repeat","background-position":"center center","background-size":"auto","background-attachment":"scroll","background-type":"","background-media":"","overlay-type":"","overlay-color":"","overlay-opacity":"","overlay-gradient":""},"tablet":{"background-color":"var(--ast-global-color-4)","background-image":"","background-repeat":"repeat","background-position":"center center","background-size":"auto","background-attachment":"scroll","background-type":"","background-media":"","overlay-type":"","overlay-color":"","overlay-opacity":"","overlay-gradient":""},"mobile":{"background-color":"var(--ast-global-color-4)","background-image":"","background-repeat":"repeat","background-position":"center center","background-size":"auto","background-attachment":"scroll","background-type":"","background-media":"","overlay-type":"","overlay-color":"","overlay-opacity":"","overlay-gradient":""}}},"product_brand":[],"product_cat":[9854,55],"product_tag":[],"class_list":{"0":"post-24937","1":"product","2":"type-product","3":"status-publish","4":"has-post-thumbnail","6":"product_cat-medicina","7":"product_cat-sveikata-ir-sveika-mityba","8":"desktop-align-left","9":"tablet-align-left","10":"mobile-align-left","12":"first","13":"instock","14":"shipping-taxable","15":"purchasable","16":"product-type-simple"},"acf":[],"yoast_head":"<!-- This site is optimized with the Yoast SEO plugin v27.4 - https:\/\/yoast.com\/product\/yoast-seo-wordpress\/ -->\n<title>Vaik\u0173 burnos ir dant\u0173 ligos: burnos ir dant\u0173 lig\u0173 profilaktika<\/title>\n<meta name=\"description\" content=\"Gydytojas odontologas turi i\u0161manyti vaik\u0173 veido \u017eandikauli\u0173 sistemos bei burnos anatominius, fiziologinius savitumus, psichologinius bendravimo aspektus,\" \/>\n<meta name=\"robots\" content=\"index, follow, max-snippet:-1, max-image-preview:large, max-video-preview:-1\" \/>\n<link rel=\"canonical\" href=\"https:\/\/skaitytaknyga.lt\/en\/produktas\/vaiku-burnos-ir-dantu-ligos-burnos-ir-dantu-ligu-profilaktika\/\" \/>\n<meta property=\"og:locale\" content=\"en_GB\" \/>\n<meta property=\"og:locale:alternate\" content=\"lt_LT\" \/>\n<meta property=\"og:type\" content=\"article\" \/>\n<meta property=\"og:title\" content=\"Vaik\u0173 burnos ir dant\u0173 ligos: burnos ir dant\u0173 lig\u0173 profilaktika\" \/>\n<meta property=\"og:description\" content=\"Gydytojas odontologas turi i\u0161manyti vaik\u0173 veido \u017eandikauli\u0173 sistemos bei burnos anatominius, fiziologinius savitumus, psichologinius bendravimo aspektus,\" \/>\n<meta property=\"og:url\" content=\"https:\/\/skaitytaknyga.lt\/en\/produktas\/vaiku-burnos-ir-dantu-ligos-burnos-ir-dantu-ligu-profilaktika\/\" \/>\n<meta property=\"og:site_name\" content=\"Skaitytaknyga\" \/>\n<meta property=\"article:publisher\" content=\"https:\/\/www.facebook.com\/skaitytaknyga\/\" \/>\n<meta property=\"article:modified_time\" content=\"2026-03-18T11:15:52+00:00\" \/>\n<meta property=\"og:image\" content=\"https:\/\/skaitytaknyga.lt\/wp-content\/uploads\/2026\/03\/Vaiku-burnos-ir-dantu-ligos-burnos-ir-dantu-ligu-profilaktika.webp\" \/>\n\t<meta property=\"og:image:width\" content=\"557\" \/>\n\t<meta property=\"og:image:height\" content=\"800\" \/>\n\t<meta property=\"og:image:type\" content=\"image\/webp\" \/>\n<meta name=\"twitter:card\" content=\"summary_large_image\" \/>\n<script type=\"application\/ld+json\" class=\"yoast-schema-graph\">{\"@context\":\"https:\\\/\\\/schema.org\",\"@graph\":[{\"@type\":\"WebPage\",\"@id\":\"https:\\\/\\\/skaitytaknyga.lt\\\/produktas\\\/vaiku-burnos-ir-dantu-ligos-burnos-ir-dantu-ligu-profilaktika\\\/\",\"url\":\"https:\\\/\\\/skaitytaknyga.lt\\\/produktas\\\/vaiku-burnos-ir-dantu-ligos-burnos-ir-dantu-ligu-profilaktika\\\/\",\"name\":\"Vaik\u0173 burnos ir dant\u0173 ligos: burnos ir dant\u0173 lig\u0173 profilaktika\",\"isPartOf\":{\"@id\":\"https:\\\/\\\/skaitytaknyga.lt\\\/#website\"},\"primaryImageOfPage\":{\"@id\":\"https:\\\/\\\/skaitytaknyga.lt\\\/produktas\\\/vaiku-burnos-ir-dantu-ligos-burnos-ir-dantu-ligu-profilaktika\\\/#primaryimage\"},\"image\":{\"@id\":\"https:\\\/\\\/skaitytaknyga.lt\\\/produktas\\\/vaiku-burnos-ir-dantu-ligos-burnos-ir-dantu-ligu-profilaktika\\\/#primaryimage\"},\"thumbnailUrl\":\"https:\\\/\\\/skaitytaknyga.lt\\\/wp-content\\\/uploads\\\/2026\\\/03\\\/Vaiku-burnos-ir-dantu-ligos-burnos-ir-dantu-ligu-profilaktika.webp\",\"datePublished\":\"2026-03-17T18:53:03+00:00\",\"dateModified\":\"2026-03-18T11:15:52+00:00\",\"description\":\"Gydytojas odontologas turi i\u0161manyti vaik\u0173 veido \u017eandikauli\u0173 sistemos bei burnos anatominius, fiziologinius savitumus, psichologinius bendravimo aspektus,\",\"breadcrumb\":{\"@id\":\"https:\\\/\\\/skaitytaknyga.lt\\\/produktas\\\/vaiku-burnos-ir-dantu-ligos-burnos-ir-dantu-ligu-profilaktika\\\/#breadcrumb\"},\"inLanguage\":\"en-GB\",\"potentialAction\":[{\"@type\":\"ReadAction\",\"target\":[\"https:\\\/\\\/skaitytaknyga.lt\\\/produktas\\\/vaiku-burnos-ir-dantu-ligos-burnos-ir-dantu-ligu-profilaktika\\\/\"]}]},{\"@type\":\"ImageObject\",\"inLanguage\":\"en-GB\",\"@id\":\"https:\\\/\\\/skaitytaknyga.lt\\\/produktas\\\/vaiku-burnos-ir-dantu-ligos-burnos-ir-dantu-ligu-profilaktika\\\/#primaryimage\",\"url\":\"https:\\\/\\\/skaitytaknyga.lt\\\/wp-content\\\/uploads\\\/2026\\\/03\\\/Vaiku-burnos-ir-dantu-ligos-burnos-ir-dantu-ligu-profilaktika.webp\",\"contentUrl\":\"https:\\\/\\\/skaitytaknyga.lt\\\/wp-content\\\/uploads\\\/2026\\\/03\\\/Vaiku-burnos-ir-dantu-ligos-burnos-ir-dantu-ligu-profilaktika.webp\",\"width\":557,\"height\":800,\"caption\":\"Vaik\u0173 burnos ir dant\u0173 ligos burnos ir dant\u0173 lig\u0173 profilaktika\"},{\"@type\":\"BreadcrumbList\",\"@id\":\"https:\\\/\\\/skaitytaknyga.lt\\\/produktas\\\/vaiku-burnos-ir-dantu-ligos-burnos-ir-dantu-ligu-profilaktika\\\/#breadcrumb\",\"itemListElement\":[{\"@type\":\"ListItem\",\"position\":1,\"name\":\"Home\",\"item\":\"https:\\\/\\\/skaitytaknyga.lt\\\/\"},{\"@type\":\"ListItem\",\"position\":2,\"name\":\"Parduotuv\u0117\",\"item\":\"https:\\\/\\\/skaitytaknyga.lt\\\/knygu-parduotuve\\\/\"},{\"@type\":\"ListItem\",\"position\":3,\"name\":\"Vaik\u0173 burnos ir dant\u0173 ligos: burnos ir dant\u0173 lig\u0173 profilaktika\"}]},{\"@type\":\"WebSite\",\"@id\":\"https:\\\/\\\/skaitytaknyga.lt\\\/#website\",\"url\":\"https:\\\/\\\/skaitytaknyga.lt\\\/\",\"name\":\"skaitytaknyga.lt\",\"description\":\"Skaitytaknyga.lt \u2013 tai ma\u017eas \u0161eimos verslas, kuris prasid\u0117jo nuo meil\u0117s knygoms ir siekio i\u0161gelb\u0117ti knygas nuo likimo prie konteinerio. Kas vienam nereikalingas daiktas \u2013 kitam lobis, o mes esame tarpininkai, kurie padeda abiems tapti laimingesniems ???? \u017dinome kaip nelengva i\u0161gyventi ma\u017eiems verslams, tad nuo \u0161iol, \u010dia rasite ir kit\u0173, ma\u017e\u0173 \u0161eim\u0173 versl\u0173, rank\u0173 darbo, dovan\u0173 sau ir artimiesiems.\",\"publisher\":{\"@id\":\"https:\\\/\\\/skaitytaknyga.lt\\\/#organization\"},\"potentialAction\":[{\"@type\":\"SearchAction\",\"target\":{\"@type\":\"EntryPoint\",\"urlTemplate\":\"https:\\\/\\\/skaitytaknyga.lt\\\/?s={search_term_string}\"},\"query-input\":{\"@type\":\"PropertyValueSpecification\",\"valueRequired\":true,\"valueName\":\"search_term_string\"}}],\"inLanguage\":\"en-GB\"},{\"@type\":\"Organization\",\"@id\":\"https:\\\/\\\/skaitytaknyga.lt\\\/#organization\",\"name\":\"skaitytaknyga.lt\",\"url\":\"https:\\\/\\\/skaitytaknyga.lt\\\/\",\"logo\":{\"@type\":\"ImageObject\",\"inLanguage\":\"en-GB\",\"@id\":\"https:\\\/\\\/skaitytaknyga.lt\\\/#\\\/schema\\\/logo\\\/image\\\/\",\"url\":\"https:\\\/\\\/skaitytaknyga.lt\\\/wp-content\\\/uploads\\\/2024\\\/05\\\/cropped-cropped-cropped-02_00843_jt3bggkj1j3HLc7SyY6rEUpg.jpeg\",\"contentUrl\":\"https:\\\/\\\/skaitytaknyga.lt\\\/wp-content\\\/uploads\\\/2024\\\/05\\\/cropped-cropped-cropped-02_00843_jt3bggkj1j3HLc7SyY6rEUpg.jpeg\",\"width\":1600,\"height\":1600,\"caption\":\"skaitytaknyga.lt\"},\"image\":{\"@id\":\"https:\\\/\\\/skaitytaknyga.lt\\\/#\\\/schema\\\/logo\\\/image\\\/\"},\"sameAs\":[\"https:\\\/\\\/www.facebook.com\\\/skaitytaknyga\\\/\"]}]}<\/script>\n<!-- \/ Yoast SEO plugin. -->","yoast_head_json":{"title":"Vaik\u0173 burnos ir dant\u0173 ligos: burnos ir dant\u0173 lig\u0173 profilaktika","description":"Gydytojas odontologas turi i\u0161manyti vaik\u0173 veido \u017eandikauli\u0173 sistemos bei burnos anatominius, fiziologinius savitumus, psichologinius bendravimo aspektus,","robots":{"index":"index","follow":"follow","max-snippet":"max-snippet:-1","max-image-preview":"max-image-preview:large","max-video-preview":"max-video-preview:-1"},"canonical":"https:\/\/skaitytaknyga.lt\/en\/produktas\/vaiku-burnos-ir-dantu-ligos-burnos-ir-dantu-ligu-profilaktika\/","og_locale":"en_GB","og_type":"article","og_title":"[:lt]Vaik\u0173 burnos ir dant\u0173 ligos: burnos ir dant\u0173 lig\u0173 profilaktika[:] - Skaitytaknyga","og_description":"Gydytojas odontologas turi i\u0161manyti vaik\u0173 veido \u017eandikauli\u0173 sistemos bei burnos anatominius, fiziologinius savitumus, psichologinius bendravimo aspektus,","og_url":"https:\/\/skaitytaknyga.lt\/en\/produktas\/vaiku-burnos-ir-dantu-ligos-burnos-ir-dantu-ligu-profilaktika\/","og_site_name":"Skaitytaknyga","article_publisher":"https:\/\/www.facebook.com\/skaitytaknyga\/","article_modified_time":"2026-03-18T11:15:52+00:00","og_image":[{"width":557,"height":800,"url":"https:\/\/skaitytaknyga.lt\/wp-content\/uploads\/2026\/03\/Vaiku-burnos-ir-dantu-ligos-burnos-ir-dantu-ligu-profilaktika.webp","type":"image\/webp"}],"twitter_card":"summary_large_image","schema":{"@context":"https:\/\/schema.org","@graph":[{"@type":"WebPage","@id":"https:\/\/skaitytaknyga.lt\/produktas\/vaiku-burnos-ir-dantu-ligos-burnos-ir-dantu-ligu-profilaktika\/","url":"https:\/\/skaitytaknyga.lt\/produktas\/vaiku-burnos-ir-dantu-ligos-burnos-ir-dantu-ligu-profilaktika\/","name":"Vaik\u0173 burnos ir dant\u0173 ligos: burnos ir dant\u0173 lig\u0173 profilaktika","isPartOf":{"@id":"https:\/\/skaitytaknyga.lt\/#website"},"primaryImageOfPage":{"@id":"https:\/\/skaitytaknyga.lt\/produktas\/vaiku-burnos-ir-dantu-ligos-burnos-ir-dantu-ligu-profilaktika\/#primaryimage"},"image":{"@id":"https:\/\/skaitytaknyga.lt\/produktas\/vaiku-burnos-ir-dantu-ligos-burnos-ir-dantu-ligu-profilaktika\/#primaryimage"},"thumbnailUrl":"https:\/\/skaitytaknyga.lt\/wp-content\/uploads\/2026\/03\/Vaiku-burnos-ir-dantu-ligos-burnos-ir-dantu-ligu-profilaktika.webp","datePublished":"2026-03-17T18:53:03+00:00","dateModified":"2026-03-18T11:15:52+00:00","description":"Gydytojas odontologas turi i\u0161manyti vaik\u0173 veido \u017eandikauli\u0173 sistemos bei burnos anatominius, fiziologinius savitumus, psichologinius bendravimo aspektus,","breadcrumb":{"@id":"https:\/\/skaitytaknyga.lt\/produktas\/vaiku-burnos-ir-dantu-ligos-burnos-ir-dantu-ligu-profilaktika\/#breadcrumb"},"inLanguage":"en-GB","potentialAction":[{"@type":"ReadAction","target":["https:\/\/skaitytaknyga.lt\/produktas\/vaiku-burnos-ir-dantu-ligos-burnos-ir-dantu-ligu-profilaktika\/"]}]},{"@type":"ImageObject","inLanguage":"en-GB","@id":"https:\/\/skaitytaknyga.lt\/produktas\/vaiku-burnos-ir-dantu-ligos-burnos-ir-dantu-ligu-profilaktika\/#primaryimage","url":"https:\/\/skaitytaknyga.lt\/wp-content\/uploads\/2026\/03\/Vaiku-burnos-ir-dantu-ligos-burnos-ir-dantu-ligu-profilaktika.webp","contentUrl":"https:\/\/skaitytaknyga.lt\/wp-content\/uploads\/2026\/03\/Vaiku-burnos-ir-dantu-ligos-burnos-ir-dantu-ligu-profilaktika.webp","width":557,"height":800,"caption":"Vaik\u0173 burnos ir dant\u0173 ligos burnos ir dant\u0173 lig\u0173 profilaktika"},{"@type":"BreadcrumbList","@id":"https:\/\/skaitytaknyga.lt\/produktas\/vaiku-burnos-ir-dantu-ligos-burnos-ir-dantu-ligu-profilaktika\/#breadcrumb","itemListElement":[{"@type":"ListItem","position":1,"name":"Home","item":"https:\/\/skaitytaknyga.lt\/"},{"@type":"ListItem","position":2,"name":"Parduotuv\u0117","item":"https:\/\/skaitytaknyga.lt\/knygu-parduotuve\/"},{"@type":"ListItem","position":3,"name":"Vaik\u0173 burnos ir dant\u0173 ligos: burnos ir dant\u0173 lig\u0173 profilaktika"}]},{"@type":"WebSite","@id":"https:\/\/skaitytaknyga.lt\/#website","url":"https:\/\/skaitytaknyga.lt\/","name":"skaitytaknyga.lt","description":"Skaitytaknyga.lt \u2013 tai ma\u017eas \u0161eimos verslas, kuris prasid\u0117jo nuo meil\u0117s knygoms ir siekio i\u0161gelb\u0117ti knygas nuo likimo prie konteinerio. Kas vienam nereikalingas daiktas \u2013 kitam lobis, o mes esame tarpininkai, kurie padeda abiems tapti laimingesniems ???? \u017dinome kaip nelengva i\u0161gyventi ma\u017eiems verslams, tad nuo \u0161iol, \u010dia rasite ir kit\u0173, ma\u017e\u0173 \u0161eim\u0173 versl\u0173, rank\u0173 darbo, dovan\u0173 sau ir artimiesiems.","publisher":{"@id":"https:\/\/skaitytaknyga.lt\/#organization"},"potentialAction":[{"@type":"SearchAction","target":{"@type":"EntryPoint","urlTemplate":"https:\/\/skaitytaknyga.lt\/?s={search_term_string}"},"query-input":{"@type":"PropertyValueSpecification","valueRequired":true,"valueName":"search_term_string"}}],"inLanguage":"en-GB"},{"@type":"Organization","@id":"https:\/\/skaitytaknyga.lt\/#organization","name":"skaitytaknyga.lt","url":"https:\/\/skaitytaknyga.lt\/","logo":{"@type":"ImageObject","inLanguage":"en-GB","@id":"https:\/\/skaitytaknyga.lt\/#\/schema\/logo\/image\/","url":"https:\/\/skaitytaknyga.lt\/wp-content\/uploads\/2024\/05\/cropped-cropped-cropped-02_00843_jt3bggkj1j3HLc7SyY6rEUpg.jpeg","contentUrl":"https:\/\/skaitytaknyga.lt\/wp-content\/uploads\/2024\/05\/cropped-cropped-cropped-02_00843_jt3bggkj1j3HLc7SyY6rEUpg.jpeg","width":1600,"height":1600,"caption":"skaitytaknyga.lt"},"image":{"@id":"https:\/\/skaitytaknyga.lt\/#\/schema\/logo\/image\/"},"sameAs":["https:\/\/www.facebook.com\/skaitytaknyga\/"]}]}},"_links":{"self":[{"href":"https:\/\/skaitytaknyga.lt\/en\/wp-json\/wp\/v2\/product\/24937","targetHints":{"allow":["GET"]}}],"collection":[{"href":"https:\/\/skaitytaknyga.lt\/en\/wp-json\/wp\/v2\/product"}],"about":[{"href":"https:\/\/skaitytaknyga.lt\/en\/wp-json\/wp\/v2\/types\/product"}],"replies":[{"embeddable":true,"href":"https:\/\/skaitytaknyga.lt\/en\/wp-json\/wp\/v2\/comments?post=24937"}],"wp:featuredmedia":[{"embeddable":true,"href":"https:\/\/skaitytaknyga.lt\/en\/wp-json\/wp\/v2\/media\/24942"}],"wp:attachment":[{"href":"https:\/\/skaitytaknyga.lt\/en\/wp-json\/wp\/v2\/media?parent=24937"}],"wp:term":[{"taxonomy":"product_brand","embeddable":true,"href":"https:\/\/skaitytaknyga.lt\/en\/wp-json\/wp\/v2\/product_brand?post=24937"},{"taxonomy":"product_cat","embeddable":true,"href":"https:\/\/skaitytaknyga.lt\/en\/wp-json\/wp\/v2\/product_cat?post=24937"},{"taxonomy":"product_tag","embeddable":true,"href":"https:\/\/skaitytaknyga.lt\/en\/wp-json\/wp\/v2\/product_tag?post=24937"}],"curies":[{"name":"wp","href":"https:\/\/api.w.org\/{rel}","templated":true}]}}