{"id":2493,"date":"2024-04-17T13:13:53","date_gmt":"2024-04-17T13:13:53","guid":{"rendered":"https:\/\/skaitytaknyga.lt\/?post_type=product&#038;p=2493"},"modified":"2026-03-05T15:58:11","modified_gmt":"2026-03-05T13:58:11","slug":"s-king-zales-valda","status":"publish","type":"product","link":"https:\/\/skaitytaknyga.lt\/en\/produktas\/s-king-zales-valda\/","title":{"rendered":"Zal\u0117s valda"},"content":{"rendered":"<p>VIR\u0160ELIS PRASTOS B\u016aKL\u0116S<\/p>\n<p>Miestelis \u017eino, kas yra nakties tamsa. Jis \u017eino, ir kas yra \u017emogi\u0161kosios sielos tamsa. Devint\u0105 valand\u0105 vakaro i\u0161tu\u0161t\u0117jo jo gatv\u0117s, ir niekas ne\u012ftaria, kas dedasi u\u017e u\u017euolaidomis u\u017edengt\u0173 lang\u0173.<\/p>\n<p>Galb\u016bt gyventojai guli lovose, o gal r\u016bsyje laukia saul\u0117lyd\u017eio&#8230;ir su kiekvienu saul\u0117tekiu \u017emoni\u0173 miestelyje vis ma\u017eiau. Bet tai \u017eino tik miestelis.<\/p>\n","protected":false},"excerpt":{"rendered":"<p>Visa Amerika, o gal ir visa \u017dem\u0117 susargdinta pragai\u0161tingo supergripo viruso. Kitados galingoje valstyb\u0117je tei\u0161liko saujel\u0117 \u017emoni\u0173, i\u0161 paskutini\u0173j\u0173 j\u0117g\u0173 besistengian\u010di\u0173 i\u0161gyventi.<\/p>\n<p>Ta\u010diau jau ir taip siaubing\u0105 j\u0173 pad\u0117t\u012f dar bevilti\u0161kesne ketina paversti Tamsos \u017emogus, \u0160\u0117tono parankinis, metafizinio blogio \u012fsik\u016bnijimas, telkiantis aplink save \u0161lyk\u0161\u010diausi\u0173 atmat\u0173 armij\u0105. Netrukus paskutin\u0117 dvikova i\u0161spr\u0119s, ar nugal\u0117s vos berusenanti viltis, ar \u0161i juod\u017eiausia pragai\u0161tis<\/p>\n","protected":false},"featured_media":2542,"comment_status":"closed","ping_status":"closed","template":"","meta":{"_acf_changed":false,"site-sidebar-layout":"default","site-content-layout":"","ast-site-content-layout":"default","site-content-style":"default","site-sidebar-style":"default","ast-global-header-display":"","ast-banner-title-visibility":"","ast-main-header-display":"","ast-hfb-above-header-display":"","ast-hfb-below-header-display":"","ast-hfb-mobile-header-display":"","site-post-title":"","ast-breadcrumbs-content":"","ast-featured-img":"","footer-sml-layout":"","ast-disable-related-posts":"","theme-transparent-header-meta":"","adv-header-id-meta":"","stick-header-meta":"","header-above-stick-meta":"","header-main-stick-meta":"","header-below-stick-meta":"","astra-migrate-meta-layouts":"default","ast-page-background-enabled":"default","ast-page-background-meta":{"desktop":{"background-color":"","background-image":"","background-repeat":"repeat","background-position":"center center","background-size":"auto","background-attachment":"scroll","background-type":"","background-media":"","overlay-type":"","overlay-color":"","overlay-opacity":"","overlay-gradient":""},"tablet":{"background-color":"","background-image":"","background-repeat":"repeat","background-position":"center center","background-size":"auto","background-attachment":"scroll","background-type":"","background-media":"","overlay-type":"","overlay-color":"","overlay-opacity":"","overlay-gradient":""},"mobile":{"background-color":"","background-image":"","background-repeat":"repeat","background-position":"center center","background-size":"auto","background-attachment":"scroll","background-type":"","background-media":"","overlay-type":"","overlay-color":"","overlay-opacity":"","overlay-gradient":""}},"ast-content-background-meta":{"desktop":{"background-color":"var(--ast-global-color-4)","background-image":"","background-repeat":"repeat","background-position":"center center","background-size":"auto","background-attachment":"scroll","background-type":"","background-media":"","overlay-type":"","overlay-color":"","overlay-opacity":"","overlay-gradient":""},"tablet":{"background-color":"var(--ast-global-color-4)","background-image":"","background-repeat":"repeat","background-position":"center center","background-size":"auto","background-attachment":"scroll","background-type":"","background-media":"","overlay-type":"","overlay-color":"","overlay-opacity":"","overlay-gradient":""},"mobile":{"background-color":"var(--ast-global-color-4)","background-image":"","background-repeat":"repeat","background-position":"center center","background-size":"auto","background-attachment":"scroll","background-type":"","background-media":"","overlay-type":"","overlay-color":"","overlay-opacity":"","overlay-gradient":""}}},"product_brand":[],"product_cat":[9580],"product_tag":[],"class_list":{"0":"post-2493","1":"product","2":"type-product","3":"status-publish","4":"has-post-thumbnail","6":"product_cat-psichologiniai-detektyvai","7":"desktop-align-left","8":"tablet-align-left","9":"mobile-align-left","11":"first","12":"outofstock","13":"shipping-taxable","14":"purchasable","15":"product-type-simple"},"acf":[],"yoast_head":"<!-- This site is optimized with the Yoast SEO plugin v27.0 - https:\/\/yoast.com\/product\/yoast-seo-wordpress\/ -->\n<title>Zal\u0117s valda<\/title>\n<meta name=\"description\" content=\"Visa Amerika, o gal ir visa \u017dem\u0117 susargdinta pragai\u0161tingo supergripo viruso. Kitados galingoje valstyb\u0117je tei\u0161liko saujel\u0117 \u017emoni\u0173, i\u0161 paskutini\u0173j\u0173 j\u0117g\u0173 besistengian\u010di\u0173 i\u0161gyventi.  Ta\u010diau jau ir taip siaubing\u0105 j\u0173 pad\u0117t\u012f dar bevilti\u0161kesne ketina paversti Tamsos \u017emogus, \u0160\u0117tono parankinis, metafizinio blogio \u012fsik\u016bnijimas, telkiantis aplink save \u0161lyk\u0161\u010diausi\u0173 atmat\u0173 armij\u0105. Netrukus paskutin\u0117 dvikova i\u0161spr\u0119s, ar nugal\u0117s vos berusenanti viltis, ar \u0161i juod\u017eiausia pragai\u0161tis\" \/>\n<meta name=\"robots\" content=\"index, follow, max-snippet:-1, max-image-preview:large, max-video-preview:-1\" \/>\n<link rel=\"canonical\" href=\"https:\/\/skaitytaknyga.lt\/en\/produktas\/s-king-zales-valda\/\" \/>\n<meta property=\"og:locale\" content=\"en_GB\" \/>\n<meta property=\"og:locale:alternate\" content=\"lt_LT\" \/>\n<meta property=\"og:type\" content=\"article\" \/>\n<meta property=\"og:title\" content=\"Zal\u0117s valda\" \/>\n<meta property=\"og:description\" content=\"Visa Amerika, o gal ir visa \u017dem\u0117 susargdinta pragai\u0161tingo supergripo viruso. Kitados galingoje valstyb\u0117je tei\u0161liko saujel\u0117 \u017emoni\u0173, i\u0161 paskutini\u0173j\u0173 j\u0117g\u0173 besistengian\u010di\u0173 i\u0161gyventi.  Ta\u010diau jau ir taip siaubing\u0105 j\u0173 pad\u0117t\u012f dar bevilti\u0161kesne ketina paversti Tamsos \u017emogus, \u0160\u0117tono parankinis, metafizinio blogio \u012fsik\u016bnijimas, telkiantis aplink save \u0161lyk\u0161\u010diausi\u0173 atmat\u0173 armij\u0105. Netrukus paskutin\u0117 dvikova i\u0161spr\u0119s, ar nugal\u0117s vos berusenanti viltis, ar \u0161i juod\u017eiausia pragai\u0161tis\" \/>\n<meta property=\"og:url\" content=\"https:\/\/skaitytaknyga.lt\/en\/produktas\/s-king-zales-valda\/\" \/>\n<meta property=\"og:site_name\" content=\"Skaitytaknyga\" \/>\n<meta property=\"article:publisher\" content=\"https:\/\/www.facebook.com\/skaitytaknyga\/\" \/>\n<meta property=\"article:modified_time\" content=\"2026-03-05T13:58:11+00:00\" \/>\n<meta property=\"og:image\" content=\"https:\/\/skaitytaknyga.lt\/wp-content\/uploads\/2024\/04\/1462878436_img0013.jpg\" \/>\n\t<meta property=\"og:image:width\" content=\"276\" \/>\n\t<meta property=\"og:image:height\" content=\"430\" \/>\n\t<meta property=\"og:image:type\" content=\"image\/jpeg\" \/>\n<meta name=\"twitter:card\" content=\"summary_large_image\" \/>\n<script type=\"application\/ld+json\" class=\"yoast-schema-graph\">{\"@context\":\"https:\/\/schema.org\",\"@graph\":[{\"@type\":\"WebPage\",\"@id\":\"https:\/\/skaitytaknyga.lt\/produktas\/s-king-zales-valda\/\",\"url\":\"https:\/\/skaitytaknyga.lt\/produktas\/s-king-zales-valda\/\",\"name\":\"Zal\u0117s valda\",\"isPartOf\":{\"@id\":\"https:\/\/skaitytaknyga.lt\/#website\"},\"primaryImageOfPage\":{\"@id\":\"https:\/\/skaitytaknyga.lt\/produktas\/s-king-zales-valda\/#primaryimage\"},\"image\":{\"@id\":\"https:\/\/skaitytaknyga.lt\/produktas\/s-king-zales-valda\/#primaryimage\"},\"thumbnailUrl\":\"https:\/\/skaitytaknyga.lt\/wp-content\/uploads\/2024\/04\/1462878436_img0013.jpg\",\"datePublished\":\"2024-04-17T13:13:53+00:00\",\"dateModified\":\"2026-03-05T13:58:11+00:00\",\"description\":\"Visa Amerika, o gal ir visa \u017dem\u0117 susargdinta pragai\u0161tingo supergripo viruso. Kitados galingoje valstyb\u0117je tei\u0161liko saujel\u0117 \u017emoni\u0173, i\u0161 paskutini\u0173j\u0173 j\u0117g\u0173 besistengian\u010di\u0173 i\u0161gyventi. Ta\u010diau jau ir taip siaubing\u0105 j\u0173 pad\u0117t\u012f dar bevilti\u0161kesne ketina paversti Tamsos \u017emogus, \u0160\u0117tono parankinis, metafizinio blogio \u012fsik\u016bnijimas, telkiantis aplink save \u0161lyk\u0161\u010diausi\u0173 atmat\u0173 armij\u0105. Netrukus paskutin\u0117 dvikova i\u0161spr\u0119s, ar nugal\u0117s vos berusenanti viltis, ar \u0161i juod\u017eiausia pragai\u0161tis\",\"breadcrumb\":{\"@id\":\"https:\/\/skaitytaknyga.lt\/produktas\/s-king-zales-valda\/#breadcrumb\"},\"inLanguage\":\"en-GB\",\"potentialAction\":[{\"@type\":\"ReadAction\",\"target\":[\"https:\/\/skaitytaknyga.lt\/produktas\/s-king-zales-valda\/\"]}]},{\"@type\":\"ImageObject\",\"inLanguage\":\"en-GB\",\"@id\":\"https:\/\/skaitytaknyga.lt\/produktas\/s-king-zales-valda\/#primaryimage\",\"url\":\"https:\/\/skaitytaknyga.lt\/wp-content\/uploads\/2024\/04\/1462878436_img0013.jpg\",\"contentUrl\":\"https:\/\/skaitytaknyga.lt\/wp-content\/uploads\/2024\/04\/1462878436_img0013.jpg\",\"width\":276,\"height\":430,\"caption\":\"1462878436 img0013\"},{\"@type\":\"BreadcrumbList\",\"@id\":\"https:\/\/skaitytaknyga.lt\/produktas\/s-king-zales-valda\/#breadcrumb\",\"itemListElement\":[{\"@type\":\"ListItem\",\"position\":1,\"name\":\"Home\",\"item\":\"https:\/\/skaitytaknyga.lt\/\"},{\"@type\":\"ListItem\",\"position\":2,\"name\":\"Parduotuv\u0117\",\"item\":\"https:\/\/skaitytaknyga.lt\/knygu-parduotuve\/\"},{\"@type\":\"ListItem\",\"position\":3,\"name\":\"Zal\u0117s valda\"}]},{\"@type\":\"WebSite\",\"@id\":\"https:\/\/skaitytaknyga.lt\/#website\",\"url\":\"https:\/\/skaitytaknyga.lt\/\",\"name\":\"skaitytaknyga.lt\",\"description\":\"Skaitytaknyga.lt \u2013 tai ma\u017eas \u0161eimos verslas, kuris prasid\u0117jo nuo meil\u0117s knygoms ir siekio i\u0161gelb\u0117ti knygas nuo likimo prie konteinerio. Kas vienam nereikalingas daiktas \u2013 kitam lobis, o mes esame tarpininkai, kurie padeda abiems tapti laimingesniems ???? \u017dinome kaip nelengva i\u0161gyventi ma\u017eiems verslams, tad nuo \u0161iol, \u010dia rasite ir kit\u0173, ma\u017e\u0173 \u0161eim\u0173 versl\u0173, rank\u0173 darbo, dovan\u0173 sau ir artimiesiems.\",\"publisher\":{\"@id\":\"https:\/\/skaitytaknyga.lt\/#organization\"},\"potentialAction\":[{\"@type\":\"SearchAction\",\"target\":{\"@type\":\"EntryPoint\",\"urlTemplate\":\"https:\/\/skaitytaknyga.lt\/?s={search_term_string}\"},\"query-input\":{\"@type\":\"PropertyValueSpecification\",\"valueRequired\":true,\"valueName\":\"search_term_string\"}}],\"inLanguage\":\"en-GB\"},{\"@type\":\"Organization\",\"@id\":\"https:\/\/skaitytaknyga.lt\/#organization\",\"name\":\"skaitytaknyga.lt\",\"url\":\"https:\/\/skaitytaknyga.lt\/\",\"logo\":{\"@type\":\"ImageObject\",\"inLanguage\":\"en-GB\",\"@id\":\"https:\/\/skaitytaknyga.lt\/#\/schema\/logo\/image\/\",\"url\":\"https:\/\/skaitytaknyga.lt\/wp-content\/uploads\/2024\/05\/cropped-cropped-cropped-02_00843_jt3bggkj1j3HLc7SyY6rEUpg.jpeg\",\"contentUrl\":\"https:\/\/skaitytaknyga.lt\/wp-content\/uploads\/2024\/05\/cropped-cropped-cropped-02_00843_jt3bggkj1j3HLc7SyY6rEUpg.jpeg\",\"width\":1600,\"height\":1600,\"caption\":\"skaitytaknyga.lt\"},\"image\":{\"@id\":\"https:\/\/skaitytaknyga.lt\/#\/schema\/logo\/image\/\"},\"sameAs\":[\"https:\/\/www.facebook.com\/skaitytaknyga\/\"]}]}<\/script>\n<!-- \/ Yoast SEO plugin. -->","yoast_head_json":{"title":"Zal\u0117s valda","description":"Visa Amerika, o gal ir visa \u017dem\u0117 susargdinta pragai\u0161tingo supergripo viruso. Kitados galingoje valstyb\u0117je tei\u0161liko saujel\u0117 \u017emoni\u0173, i\u0161 paskutini\u0173j\u0173 j\u0117g\u0173 besistengian\u010di\u0173 i\u0161gyventi.  Ta\u010diau jau ir taip siaubing\u0105 j\u0173 pad\u0117t\u012f dar bevilti\u0161kesne ketina paversti Tamsos \u017emogus, \u0160\u0117tono parankinis, metafizinio blogio \u012fsik\u016bnijimas, telkiantis aplink save \u0161lyk\u0161\u010diausi\u0173 atmat\u0173 armij\u0105. Netrukus paskutin\u0117 dvikova i\u0161spr\u0119s, ar nugal\u0117s vos berusenanti viltis, ar \u0161i juod\u017eiausia pragai\u0161tis","robots":{"index":"index","follow":"follow","max-snippet":"max-snippet:-1","max-image-preview":"max-image-preview:large","max-video-preview":"max-video-preview:-1"},"canonical":"https:\/\/skaitytaknyga.lt\/en\/produktas\/s-king-zales-valda\/","og_locale":"en_GB","og_type":"article","og_title":"[:lt]Zal\u0117s valda[:] - Skaitytaknyga","og_description":"Visa Amerika, o gal ir visa \u017dem\u0117 susargdinta pragai\u0161tingo supergripo viruso. Kitados galingoje valstyb\u0117je tei\u0161liko saujel\u0117 \u017emoni\u0173, i\u0161 paskutini\u0173j\u0173 j\u0117g\u0173 besistengian\u010di\u0173 i\u0161gyventi.  Ta\u010diau jau ir taip siaubing\u0105 j\u0173 pad\u0117t\u012f dar bevilti\u0161kesne ketina paversti Tamsos \u017emogus, \u0160\u0117tono parankinis, metafizinio blogio \u012fsik\u016bnijimas, telkiantis aplink save \u0161lyk\u0161\u010diausi\u0173 atmat\u0173 armij\u0105. Netrukus paskutin\u0117 dvikova i\u0161spr\u0119s, ar nugal\u0117s vos berusenanti viltis, ar \u0161i juod\u017eiausia pragai\u0161tis","og_url":"https:\/\/skaitytaknyga.lt\/en\/produktas\/s-king-zales-valda\/","og_site_name":"Skaitytaknyga","article_publisher":"https:\/\/www.facebook.com\/skaitytaknyga\/","article_modified_time":"2026-03-05T13:58:11+00:00","og_image":[{"width":276,"height":430,"url":"https:\/\/skaitytaknyga.lt\/wp-content\/uploads\/2024\/04\/1462878436_img0013.jpg","type":"image\/jpeg"}],"twitter_card":"summary_large_image","schema":{"@context":"https:\/\/schema.org","@graph":[{"@type":"WebPage","@id":"https:\/\/skaitytaknyga.lt\/produktas\/s-king-zales-valda\/","url":"https:\/\/skaitytaknyga.lt\/produktas\/s-king-zales-valda\/","name":"Zal\u0117s valda","isPartOf":{"@id":"https:\/\/skaitytaknyga.lt\/#website"},"primaryImageOfPage":{"@id":"https:\/\/skaitytaknyga.lt\/produktas\/s-king-zales-valda\/#primaryimage"},"image":{"@id":"https:\/\/skaitytaknyga.lt\/produktas\/s-king-zales-valda\/#primaryimage"},"thumbnailUrl":"https:\/\/skaitytaknyga.lt\/wp-content\/uploads\/2024\/04\/1462878436_img0013.jpg","datePublished":"2024-04-17T13:13:53+00:00","dateModified":"2026-03-05T13:58:11+00:00","description":"Visa Amerika, o gal ir visa \u017dem\u0117 susargdinta pragai\u0161tingo supergripo viruso. Kitados galingoje valstyb\u0117je tei\u0161liko saujel\u0117 \u017emoni\u0173, i\u0161 paskutini\u0173j\u0173 j\u0117g\u0173 besistengian\u010di\u0173 i\u0161gyventi. Ta\u010diau jau ir taip siaubing\u0105 j\u0173 pad\u0117t\u012f dar bevilti\u0161kesne ketina paversti Tamsos \u017emogus, \u0160\u0117tono parankinis, metafizinio blogio \u012fsik\u016bnijimas, telkiantis aplink save \u0161lyk\u0161\u010diausi\u0173 atmat\u0173 armij\u0105. Netrukus paskutin\u0117 dvikova i\u0161spr\u0119s, ar nugal\u0117s vos berusenanti viltis, ar \u0161i juod\u017eiausia pragai\u0161tis","breadcrumb":{"@id":"https:\/\/skaitytaknyga.lt\/produktas\/s-king-zales-valda\/#breadcrumb"},"inLanguage":"en-GB","potentialAction":[{"@type":"ReadAction","target":["https:\/\/skaitytaknyga.lt\/produktas\/s-king-zales-valda\/"]}]},{"@type":"ImageObject","inLanguage":"en-GB","@id":"https:\/\/skaitytaknyga.lt\/produktas\/s-king-zales-valda\/#primaryimage","url":"https:\/\/skaitytaknyga.lt\/wp-content\/uploads\/2024\/04\/1462878436_img0013.jpg","contentUrl":"https:\/\/skaitytaknyga.lt\/wp-content\/uploads\/2024\/04\/1462878436_img0013.jpg","width":276,"height":430,"caption":"1462878436 img0013"},{"@type":"BreadcrumbList","@id":"https:\/\/skaitytaknyga.lt\/produktas\/s-king-zales-valda\/#breadcrumb","itemListElement":[{"@type":"ListItem","position":1,"name":"Home","item":"https:\/\/skaitytaknyga.lt\/"},{"@type":"ListItem","position":2,"name":"Parduotuv\u0117","item":"https:\/\/skaitytaknyga.lt\/knygu-parduotuve\/"},{"@type":"ListItem","position":3,"name":"Zal\u0117s valda"}]},{"@type":"WebSite","@id":"https:\/\/skaitytaknyga.lt\/#website","url":"https:\/\/skaitytaknyga.lt\/","name":"skaitytaknyga.lt","description":"Skaitytaknyga.lt \u2013 tai ma\u017eas \u0161eimos verslas, kuris prasid\u0117jo nuo meil\u0117s knygoms ir siekio i\u0161gelb\u0117ti knygas nuo likimo prie konteinerio. Kas vienam nereikalingas daiktas \u2013 kitam lobis, o mes esame tarpininkai, kurie padeda abiems tapti laimingesniems ???? \u017dinome kaip nelengva i\u0161gyventi ma\u017eiems verslams, tad nuo \u0161iol, \u010dia rasite ir kit\u0173, ma\u017e\u0173 \u0161eim\u0173 versl\u0173, rank\u0173 darbo, dovan\u0173 sau ir artimiesiems.","publisher":{"@id":"https:\/\/skaitytaknyga.lt\/#organization"},"potentialAction":[{"@type":"SearchAction","target":{"@type":"EntryPoint","urlTemplate":"https:\/\/skaitytaknyga.lt\/?s={search_term_string}"},"query-input":{"@type":"PropertyValueSpecification","valueRequired":true,"valueName":"search_term_string"}}],"inLanguage":"en-GB"},{"@type":"Organization","@id":"https:\/\/skaitytaknyga.lt\/#organization","name":"skaitytaknyga.lt","url":"https:\/\/skaitytaknyga.lt\/","logo":{"@type":"ImageObject","inLanguage":"en-GB","@id":"https:\/\/skaitytaknyga.lt\/#\/schema\/logo\/image\/","url":"https:\/\/skaitytaknyga.lt\/wp-content\/uploads\/2024\/05\/cropped-cropped-cropped-02_00843_jt3bggkj1j3HLc7SyY6rEUpg.jpeg","contentUrl":"https:\/\/skaitytaknyga.lt\/wp-content\/uploads\/2024\/05\/cropped-cropped-cropped-02_00843_jt3bggkj1j3HLc7SyY6rEUpg.jpeg","width":1600,"height":1600,"caption":"skaitytaknyga.lt"},"image":{"@id":"https:\/\/skaitytaknyga.lt\/#\/schema\/logo\/image\/"},"sameAs":["https:\/\/www.facebook.com\/skaitytaknyga\/"]}]}},"_links":{"self":[{"href":"https:\/\/skaitytaknyga.lt\/en\/wp-json\/wp\/v2\/product\/2493","targetHints":{"allow":["GET"]}}],"collection":[{"href":"https:\/\/skaitytaknyga.lt\/en\/wp-json\/wp\/v2\/product"}],"about":[{"href":"https:\/\/skaitytaknyga.lt\/en\/wp-json\/wp\/v2\/types\/product"}],"replies":[{"embeddable":true,"href":"https:\/\/skaitytaknyga.lt\/en\/wp-json\/wp\/v2\/comments?post=2493"}],"wp:featuredmedia":[{"embeddable":true,"href":"https:\/\/skaitytaknyga.lt\/en\/wp-json\/wp\/v2\/media\/2542"}],"wp:attachment":[{"href":"https:\/\/skaitytaknyga.lt\/en\/wp-json\/wp\/v2\/media?parent=2493"}],"wp:term":[{"taxonomy":"product_brand","embeddable":true,"href":"https:\/\/skaitytaknyga.lt\/en\/wp-json\/wp\/v2\/product_brand?post=2493"},{"taxonomy":"product_cat","embeddable":true,"href":"https:\/\/skaitytaknyga.lt\/en\/wp-json\/wp\/v2\/product_cat?post=2493"},{"taxonomy":"product_tag","embeddable":true,"href":"https:\/\/skaitytaknyga.lt\/en\/wp-json\/wp\/v2\/product_tag?post=2493"}],"curies":[{"name":"wp","href":"https:\/\/api.w.org\/{rel}","templated":true}]}}