{"id":2489,"date":"2024-05-22T00:13:52","date_gmt":"2024-05-22T00:13:52","guid":{"rendered":"https:\/\/skaitytaknyga.lt\/?post_type=product&#038;p=2489"},"modified":"2026-03-05T15:58:07","modified_gmt":"2026-03-05T13:58:07","slug":"s-king-dvikova-1-knyga","status":"publish","type":"product","link":"https:\/\/skaitytaknyga.lt\/en\/produktas\/s-king-dvikova-1-knyga\/","title":{"rendered":"Dvikova 1-2 knygos"},"content":{"rendered":"<p>Nuo pat \u017emonijos atsiradimo j\u0105 persekioja Dievo r\u016bstyb\u0117. \u017diloje senov\u0117je tai buvo Tvanas, Sodomos ir Gomoros \u017e\u016btis, kitos tikros ar mitin\u0117s katastrofos.<\/p>\n<p>Jau kelet\u0105 am\u017ei\u0173 man\u0117me es\u0105 savo likimo \u0161eimininkai. Pristat\u0117me miest\u0173, prigaminome automobili\u0173, spar\u010diai vyst\u0117me moksl\u0105, \u0161vietim\u0105, gilinom\u0117s \u012f gyvyb\u0117s ir mirties paslaptis. Bet vien\u0105 kart\u0105 \u017eeng\u0117me klaiding\u0105 \u017eingsn\u012f ir patys pasira\u0161\u0117me sau mirties nuosprend\u012f.<\/p>\n","protected":false},"excerpt":{"rendered":"<p>Visa Amerika, o gal ir visa \u017dem\u0117 susargdinta pragai\u0161tingo supergripo viruso. Kitados galingoje valstyb\u0117je tei\u0161liko saujel\u0117 \u017emoni\u0173, i\u0161 paskutini\u0173j\u0173 j\u0117g\u0173 besistengian\u010di\u0173 i\u0161gyventi.<\/p>\n<p>Ta\u010diau jau ir taip siaubing\u0105 j\u0173 pad\u0117t\u012f dar bevilti\u0161kesne ketina paversti Tamsos \u017emogus, \u0160\u0117tono parankinis, metafizinio blogio \u012fsik\u016bnijimas, telkiantis aplink save \u0161lyk\u0161\u010diausi\u0173 atmat\u0173 armij\u0105. Netrukus paskutin\u0117 dvikova i\u0161spr\u0119s, ar nugal\u0117s vos berusenanti viltis, ar \u0161i juod\u017eiausia pragai\u0161tis<\/p>\n","protected":false},"featured_media":2538,"comment_status":"closed","ping_status":"closed","template":"","meta":{"_acf_changed":false,"site-sidebar-layout":"default","site-content-layout":"","ast-site-content-layout":"default","site-content-style":"default","site-sidebar-style":"default","ast-global-header-display":"","ast-banner-title-visibility":"","ast-main-header-display":"","ast-hfb-above-header-display":"","ast-hfb-below-header-display":"","ast-hfb-mobile-header-display":"","site-post-title":"","ast-breadcrumbs-content":"","ast-featured-img":"","footer-sml-layout":"","ast-disable-related-posts":"","theme-transparent-header-meta":"","adv-header-id-meta":"","stick-header-meta":"","header-above-stick-meta":"","header-main-stick-meta":"","header-below-stick-meta":"","astra-migrate-meta-layouts":"default","ast-page-background-enabled":"default","ast-page-background-meta":{"desktop":{"background-color":"","background-image":"","background-repeat":"repeat","background-position":"center center","background-size":"auto","background-attachment":"scroll","background-type":"","background-media":"","overlay-type":"","overlay-color":"","overlay-opacity":"","overlay-gradient":""},"tablet":{"background-color":"","background-image":"","background-repeat":"repeat","background-position":"center center","background-size":"auto","background-attachment":"scroll","background-type":"","background-media":"","overlay-type":"","overlay-color":"","overlay-opacity":"","overlay-gradient":""},"mobile":{"background-color":"","background-image":"","background-repeat":"repeat","background-position":"center center","background-size":"auto","background-attachment":"scroll","background-type":"","background-media":"","overlay-type":"","overlay-color":"","overlay-opacity":"","overlay-gradient":""}},"ast-content-background-meta":{"desktop":{"background-color":"var(--ast-global-color-4)","background-image":"","background-repeat":"repeat","background-position":"center center","background-size":"auto","background-attachment":"scroll","background-type":"","background-media":"","overlay-type":"","overlay-color":"","overlay-opacity":"","overlay-gradient":""},"tablet":{"background-color":"var(--ast-global-color-4)","background-image":"","background-repeat":"repeat","background-position":"center center","background-size":"auto","background-attachment":"scroll","background-type":"","background-media":"","overlay-type":"","overlay-color":"","overlay-opacity":"","overlay-gradient":""},"mobile":{"background-color":"var(--ast-global-color-4)","background-image":"","background-repeat":"repeat","background-position":"center center","background-size":"auto","background-attachment":"scroll","background-type":"","background-media":"","overlay-type":"","overlay-color":"","overlay-opacity":"","overlay-gradient":""}}},"product_brand":[],"product_cat":[9580],"product_tag":[],"class_list":{"0":"post-2489","1":"product","2":"type-product","3":"status-publish","4":"has-post-thumbnail","6":"product_cat-psichologiniai-detektyvai","7":"desktop-align-left","8":"tablet-align-left","9":"mobile-align-left","11":"first","12":"instock","13":"shipping-taxable","14":"purchasable","15":"product-type-simple"},"acf":[],"yoast_head":"<!-- This site is optimized with the Yoast SEO plugin v27.0 - https:\/\/yoast.com\/product\/yoast-seo-wordpress\/ -->\n<title>Dvikova 1-2 knygos<\/title>\n<meta name=\"description\" content=\"Visa Amerika, o gal ir visa \u017dem\u0117 susargdinta pragai\u0161tingo supergripo viruso. Kitados galingoje valstyb\u0117je tei\u0161liko saujel\u0117 \u017emoni\u0173, i\u0161 paskutini\u0173j\u0173 j\u0117g\u0173 besistengian\u010di\u0173 i\u0161gyventi.  Ta\u010diau jau ir taip siaubing\u0105 j\u0173 pad\u0117t\u012f dar bevilti\u0161kesne ketina paversti Tamsos \u017emogus, \u0160\u0117tono parankinis, metafizinio blogio \u012fsik\u016bnijimas, telkiantis aplink save \u0161lyk\u0161\u010diausi\u0173 atmat\u0173 armij\u0105. Netrukus paskutin\u0117 dvikova i\u0161spr\u0119s, ar nugal\u0117s vos berusenanti viltis, ar \u0161i juod\u017eiausia pragai\u0161tis\" \/>\n<meta name=\"robots\" content=\"index, follow, max-snippet:-1, max-image-preview:large, max-video-preview:-1\" \/>\n<link rel=\"canonical\" href=\"https:\/\/skaitytaknyga.lt\/en\/produktas\/s-king-dvikova-1-knyga\/\" \/>\n<meta property=\"og:locale\" content=\"en_GB\" \/>\n<meta property=\"og:locale:alternate\" content=\"lt_LT\" \/>\n<meta property=\"og:type\" content=\"article\" \/>\n<meta property=\"og:title\" content=\"Dvikova 1-2 knygos\" \/>\n<meta property=\"og:description\" content=\"Visa Amerika, o gal ir visa \u017dem\u0117 susargdinta pragai\u0161tingo supergripo viruso. Kitados galingoje valstyb\u0117je tei\u0161liko saujel\u0117 \u017emoni\u0173, i\u0161 paskutini\u0173j\u0173 j\u0117g\u0173 besistengian\u010di\u0173 i\u0161gyventi.  Ta\u010diau jau ir taip siaubing\u0105 j\u0173 pad\u0117t\u012f dar bevilti\u0161kesne ketina paversti Tamsos \u017emogus, \u0160\u0117tono parankinis, metafizinio blogio \u012fsik\u016bnijimas, telkiantis aplink save \u0161lyk\u0161\u010diausi\u0173 atmat\u0173 armij\u0105. Netrukus paskutin\u0117 dvikova i\u0161spr\u0119s, ar nugal\u0117s vos berusenanti viltis, ar \u0161i juod\u017eiausia pragai\u0161tis\" \/>\n<meta property=\"og:url\" content=\"https:\/\/skaitytaknyga.lt\/en\/produktas\/s-king-dvikova-1-knyga\/\" \/>\n<meta property=\"og:site_name\" content=\"Skaitytaknyga\" \/>\n<meta property=\"article:publisher\" content=\"https:\/\/www.facebook.com\/skaitytaknyga\/\" \/>\n<meta property=\"article:modified_time\" content=\"2026-03-05T13:58:07+00:00\" \/>\n<meta property=\"og:image\" content=\"https:\/\/skaitytaknyga.lt\/wp-content\/uploads\/2024\/04\/1462878435_img0018.jpg\" \/>\n\t<meta property=\"og:image:width\" content=\"273\" \/>\n\t<meta property=\"og:image:height\" content=\"430\" \/>\n\t<meta property=\"og:image:type\" content=\"image\/jpeg\" \/>\n<meta name=\"twitter:card\" content=\"summary_large_image\" \/>\n<script type=\"application\/ld+json\" class=\"yoast-schema-graph\">{\"@context\":\"https:\/\/schema.org\",\"@graph\":[{\"@type\":\"WebPage\",\"@id\":\"https:\/\/skaitytaknyga.lt\/produktas\/s-king-dvikova-1-knyga\/\",\"url\":\"https:\/\/skaitytaknyga.lt\/produktas\/s-king-dvikova-1-knyga\/\",\"name\":\"Dvikova 1-2 knygos\",\"isPartOf\":{\"@id\":\"https:\/\/skaitytaknyga.lt\/#website\"},\"primaryImageOfPage\":{\"@id\":\"https:\/\/skaitytaknyga.lt\/produktas\/s-king-dvikova-1-knyga\/#primaryimage\"},\"image\":{\"@id\":\"https:\/\/skaitytaknyga.lt\/produktas\/s-king-dvikova-1-knyga\/#primaryimage\"},\"thumbnailUrl\":\"https:\/\/skaitytaknyga.lt\/wp-content\/uploads\/2024\/04\/1462878435_img0018.jpg\",\"datePublished\":\"2024-05-22T00:13:52+00:00\",\"dateModified\":\"2026-03-05T13:58:07+00:00\",\"description\":\"Visa Amerika, o gal ir visa \u017dem\u0117 susargdinta pragai\u0161tingo supergripo viruso. Kitados galingoje valstyb\u0117je tei\u0161liko saujel\u0117 \u017emoni\u0173, i\u0161 paskutini\u0173j\u0173 j\u0117g\u0173 besistengian\u010di\u0173 i\u0161gyventi. Ta\u010diau jau ir taip siaubing\u0105 j\u0173 pad\u0117t\u012f dar bevilti\u0161kesne ketina paversti Tamsos \u017emogus, \u0160\u0117tono parankinis, metafizinio blogio \u012fsik\u016bnijimas, telkiantis aplink save \u0161lyk\u0161\u010diausi\u0173 atmat\u0173 armij\u0105. Netrukus paskutin\u0117 dvikova i\u0161spr\u0119s, ar nugal\u0117s vos berusenanti viltis, ar \u0161i juod\u017eiausia pragai\u0161tis\",\"breadcrumb\":{\"@id\":\"https:\/\/skaitytaknyga.lt\/produktas\/s-king-dvikova-1-knyga\/#breadcrumb\"},\"inLanguage\":\"en-GB\",\"potentialAction\":[{\"@type\":\"ReadAction\",\"target\":[\"https:\/\/skaitytaknyga.lt\/produktas\/s-king-dvikova-1-knyga\/\"]}]},{\"@type\":\"ImageObject\",\"inLanguage\":\"en-GB\",\"@id\":\"https:\/\/skaitytaknyga.lt\/produktas\/s-king-dvikova-1-knyga\/#primaryimage\",\"url\":\"https:\/\/skaitytaknyga.lt\/wp-content\/uploads\/2024\/04\/1462878435_img0018.jpg\",\"contentUrl\":\"https:\/\/skaitytaknyga.lt\/wp-content\/uploads\/2024\/04\/1462878435_img0018.jpg\",\"width\":273,\"height\":430,\"caption\":\"1462878435 img0018\"},{\"@type\":\"BreadcrumbList\",\"@id\":\"https:\/\/skaitytaknyga.lt\/produktas\/s-king-dvikova-1-knyga\/#breadcrumb\",\"itemListElement\":[{\"@type\":\"ListItem\",\"position\":1,\"name\":\"Home\",\"item\":\"https:\/\/skaitytaknyga.lt\/\"},{\"@type\":\"ListItem\",\"position\":2,\"name\":\"Parduotuv\u0117\",\"item\":\"https:\/\/skaitytaknyga.lt\/knygu-parduotuve\/\"},{\"@type\":\"ListItem\",\"position\":3,\"name\":\"Dvikova 1-2 knygos\"}]},{\"@type\":\"WebSite\",\"@id\":\"https:\/\/skaitytaknyga.lt\/#website\",\"url\":\"https:\/\/skaitytaknyga.lt\/\",\"name\":\"skaitytaknyga.lt\",\"description\":\"Skaitytaknyga.lt \u2013 tai ma\u017eas \u0161eimos verslas, kuris prasid\u0117jo nuo meil\u0117s knygoms ir siekio i\u0161gelb\u0117ti knygas nuo likimo prie konteinerio. Kas vienam nereikalingas daiktas \u2013 kitam lobis, o mes esame tarpininkai, kurie padeda abiems tapti laimingesniems ???? \u017dinome kaip nelengva i\u0161gyventi ma\u017eiems verslams, tad nuo \u0161iol, \u010dia rasite ir kit\u0173, ma\u017e\u0173 \u0161eim\u0173 versl\u0173, rank\u0173 darbo, dovan\u0173 sau ir artimiesiems.\",\"publisher\":{\"@id\":\"https:\/\/skaitytaknyga.lt\/#organization\"},\"potentialAction\":[{\"@type\":\"SearchAction\",\"target\":{\"@type\":\"EntryPoint\",\"urlTemplate\":\"https:\/\/skaitytaknyga.lt\/?s={search_term_string}\"},\"query-input\":{\"@type\":\"PropertyValueSpecification\",\"valueRequired\":true,\"valueName\":\"search_term_string\"}}],\"inLanguage\":\"en-GB\"},{\"@type\":\"Organization\",\"@id\":\"https:\/\/skaitytaknyga.lt\/#organization\",\"name\":\"skaitytaknyga.lt\",\"url\":\"https:\/\/skaitytaknyga.lt\/\",\"logo\":{\"@type\":\"ImageObject\",\"inLanguage\":\"en-GB\",\"@id\":\"https:\/\/skaitytaknyga.lt\/#\/schema\/logo\/image\/\",\"url\":\"https:\/\/skaitytaknyga.lt\/wp-content\/uploads\/2024\/05\/cropped-cropped-cropped-02_00843_jt3bggkj1j3HLc7SyY6rEUpg.jpeg\",\"contentUrl\":\"https:\/\/skaitytaknyga.lt\/wp-content\/uploads\/2024\/05\/cropped-cropped-cropped-02_00843_jt3bggkj1j3HLc7SyY6rEUpg.jpeg\",\"width\":1600,\"height\":1600,\"caption\":\"skaitytaknyga.lt\"},\"image\":{\"@id\":\"https:\/\/skaitytaknyga.lt\/#\/schema\/logo\/image\/\"},\"sameAs\":[\"https:\/\/www.facebook.com\/skaitytaknyga\/\"]}]}<\/script>\n<!-- \/ Yoast SEO plugin. -->","yoast_head_json":{"title":"Dvikova 1-2 knygos","description":"Visa Amerika, o gal ir visa \u017dem\u0117 susargdinta pragai\u0161tingo supergripo viruso. Kitados galingoje valstyb\u0117je tei\u0161liko saujel\u0117 \u017emoni\u0173, i\u0161 paskutini\u0173j\u0173 j\u0117g\u0173 besistengian\u010di\u0173 i\u0161gyventi.  Ta\u010diau jau ir taip siaubing\u0105 j\u0173 pad\u0117t\u012f dar bevilti\u0161kesne ketina paversti Tamsos \u017emogus, \u0160\u0117tono parankinis, metafizinio blogio \u012fsik\u016bnijimas, telkiantis aplink save \u0161lyk\u0161\u010diausi\u0173 atmat\u0173 armij\u0105. Netrukus paskutin\u0117 dvikova i\u0161spr\u0119s, ar nugal\u0117s vos berusenanti viltis, ar \u0161i juod\u017eiausia pragai\u0161tis","robots":{"index":"index","follow":"follow","max-snippet":"max-snippet:-1","max-image-preview":"max-image-preview:large","max-video-preview":"max-video-preview:-1"},"canonical":"https:\/\/skaitytaknyga.lt\/en\/produktas\/s-king-dvikova-1-knyga\/","og_locale":"en_GB","og_type":"article","og_title":"[:lt]Dvikova 1-2 knygos[:] - Skaitytaknyga","og_description":"Visa Amerika, o gal ir visa \u017dem\u0117 susargdinta pragai\u0161tingo supergripo viruso. Kitados galingoje valstyb\u0117je tei\u0161liko saujel\u0117 \u017emoni\u0173, i\u0161 paskutini\u0173j\u0173 j\u0117g\u0173 besistengian\u010di\u0173 i\u0161gyventi.  Ta\u010diau jau ir taip siaubing\u0105 j\u0173 pad\u0117t\u012f dar bevilti\u0161kesne ketina paversti Tamsos \u017emogus, \u0160\u0117tono parankinis, metafizinio blogio \u012fsik\u016bnijimas, telkiantis aplink save \u0161lyk\u0161\u010diausi\u0173 atmat\u0173 armij\u0105. Netrukus paskutin\u0117 dvikova i\u0161spr\u0119s, ar nugal\u0117s vos berusenanti viltis, ar \u0161i juod\u017eiausia pragai\u0161tis","og_url":"https:\/\/skaitytaknyga.lt\/en\/produktas\/s-king-dvikova-1-knyga\/","og_site_name":"Skaitytaknyga","article_publisher":"https:\/\/www.facebook.com\/skaitytaknyga\/","article_modified_time":"2026-03-05T13:58:07+00:00","og_image":[{"width":273,"height":430,"url":"https:\/\/skaitytaknyga.lt\/wp-content\/uploads\/2024\/04\/1462878435_img0018.jpg","type":"image\/jpeg"}],"twitter_card":"summary_large_image","schema":{"@context":"https:\/\/schema.org","@graph":[{"@type":"WebPage","@id":"https:\/\/skaitytaknyga.lt\/produktas\/s-king-dvikova-1-knyga\/","url":"https:\/\/skaitytaknyga.lt\/produktas\/s-king-dvikova-1-knyga\/","name":"Dvikova 1-2 knygos","isPartOf":{"@id":"https:\/\/skaitytaknyga.lt\/#website"},"primaryImageOfPage":{"@id":"https:\/\/skaitytaknyga.lt\/produktas\/s-king-dvikova-1-knyga\/#primaryimage"},"image":{"@id":"https:\/\/skaitytaknyga.lt\/produktas\/s-king-dvikova-1-knyga\/#primaryimage"},"thumbnailUrl":"https:\/\/skaitytaknyga.lt\/wp-content\/uploads\/2024\/04\/1462878435_img0018.jpg","datePublished":"2024-05-22T00:13:52+00:00","dateModified":"2026-03-05T13:58:07+00:00","description":"Visa Amerika, o gal ir visa \u017dem\u0117 susargdinta pragai\u0161tingo supergripo viruso. Kitados galingoje valstyb\u0117je tei\u0161liko saujel\u0117 \u017emoni\u0173, i\u0161 paskutini\u0173j\u0173 j\u0117g\u0173 besistengian\u010di\u0173 i\u0161gyventi. Ta\u010diau jau ir taip siaubing\u0105 j\u0173 pad\u0117t\u012f dar bevilti\u0161kesne ketina paversti Tamsos \u017emogus, \u0160\u0117tono parankinis, metafizinio blogio \u012fsik\u016bnijimas, telkiantis aplink save \u0161lyk\u0161\u010diausi\u0173 atmat\u0173 armij\u0105. Netrukus paskutin\u0117 dvikova i\u0161spr\u0119s, ar nugal\u0117s vos berusenanti viltis, ar \u0161i juod\u017eiausia pragai\u0161tis","breadcrumb":{"@id":"https:\/\/skaitytaknyga.lt\/produktas\/s-king-dvikova-1-knyga\/#breadcrumb"},"inLanguage":"en-GB","potentialAction":[{"@type":"ReadAction","target":["https:\/\/skaitytaknyga.lt\/produktas\/s-king-dvikova-1-knyga\/"]}]},{"@type":"ImageObject","inLanguage":"en-GB","@id":"https:\/\/skaitytaknyga.lt\/produktas\/s-king-dvikova-1-knyga\/#primaryimage","url":"https:\/\/skaitytaknyga.lt\/wp-content\/uploads\/2024\/04\/1462878435_img0018.jpg","contentUrl":"https:\/\/skaitytaknyga.lt\/wp-content\/uploads\/2024\/04\/1462878435_img0018.jpg","width":273,"height":430,"caption":"1462878435 img0018"},{"@type":"BreadcrumbList","@id":"https:\/\/skaitytaknyga.lt\/produktas\/s-king-dvikova-1-knyga\/#breadcrumb","itemListElement":[{"@type":"ListItem","position":1,"name":"Home","item":"https:\/\/skaitytaknyga.lt\/"},{"@type":"ListItem","position":2,"name":"Parduotuv\u0117","item":"https:\/\/skaitytaknyga.lt\/knygu-parduotuve\/"},{"@type":"ListItem","position":3,"name":"Dvikova 1-2 knygos"}]},{"@type":"WebSite","@id":"https:\/\/skaitytaknyga.lt\/#website","url":"https:\/\/skaitytaknyga.lt\/","name":"skaitytaknyga.lt","description":"Skaitytaknyga.lt \u2013 tai ma\u017eas \u0161eimos verslas, kuris prasid\u0117jo nuo meil\u0117s knygoms ir siekio i\u0161gelb\u0117ti knygas nuo likimo prie konteinerio. Kas vienam nereikalingas daiktas \u2013 kitam lobis, o mes esame tarpininkai, kurie padeda abiems tapti laimingesniems ???? \u017dinome kaip nelengva i\u0161gyventi ma\u017eiems verslams, tad nuo \u0161iol, \u010dia rasite ir kit\u0173, ma\u017e\u0173 \u0161eim\u0173 versl\u0173, rank\u0173 darbo, dovan\u0173 sau ir artimiesiems.","publisher":{"@id":"https:\/\/skaitytaknyga.lt\/#organization"},"potentialAction":[{"@type":"SearchAction","target":{"@type":"EntryPoint","urlTemplate":"https:\/\/skaitytaknyga.lt\/?s={search_term_string}"},"query-input":{"@type":"PropertyValueSpecification","valueRequired":true,"valueName":"search_term_string"}}],"inLanguage":"en-GB"},{"@type":"Organization","@id":"https:\/\/skaitytaknyga.lt\/#organization","name":"skaitytaknyga.lt","url":"https:\/\/skaitytaknyga.lt\/","logo":{"@type":"ImageObject","inLanguage":"en-GB","@id":"https:\/\/skaitytaknyga.lt\/#\/schema\/logo\/image\/","url":"https:\/\/skaitytaknyga.lt\/wp-content\/uploads\/2024\/05\/cropped-cropped-cropped-02_00843_jt3bggkj1j3HLc7SyY6rEUpg.jpeg","contentUrl":"https:\/\/skaitytaknyga.lt\/wp-content\/uploads\/2024\/05\/cropped-cropped-cropped-02_00843_jt3bggkj1j3HLc7SyY6rEUpg.jpeg","width":1600,"height":1600,"caption":"skaitytaknyga.lt"},"image":{"@id":"https:\/\/skaitytaknyga.lt\/#\/schema\/logo\/image\/"},"sameAs":["https:\/\/www.facebook.com\/skaitytaknyga\/"]}]}},"_links":{"self":[{"href":"https:\/\/skaitytaknyga.lt\/en\/wp-json\/wp\/v2\/product\/2489","targetHints":{"allow":["GET"]}}],"collection":[{"href":"https:\/\/skaitytaknyga.lt\/en\/wp-json\/wp\/v2\/product"}],"about":[{"href":"https:\/\/skaitytaknyga.lt\/en\/wp-json\/wp\/v2\/types\/product"}],"replies":[{"embeddable":true,"href":"https:\/\/skaitytaknyga.lt\/en\/wp-json\/wp\/v2\/comments?post=2489"}],"wp:featuredmedia":[{"embeddable":true,"href":"https:\/\/skaitytaknyga.lt\/en\/wp-json\/wp\/v2\/media\/2538"}],"wp:attachment":[{"href":"https:\/\/skaitytaknyga.lt\/en\/wp-json\/wp\/v2\/media?parent=2489"}],"wp:term":[{"taxonomy":"product_brand","embeddable":true,"href":"https:\/\/skaitytaknyga.lt\/en\/wp-json\/wp\/v2\/product_brand?post=2489"},{"taxonomy":"product_cat","embeddable":true,"href":"https:\/\/skaitytaknyga.lt\/en\/wp-json\/wp\/v2\/product_cat?post=2489"},{"taxonomy":"product_tag","embeddable":true,"href":"https:\/\/skaitytaknyga.lt\/en\/wp-json\/wp\/v2\/product_tag?post=2489"}],"curies":[{"name":"wp","href":"https:\/\/api.w.org\/{rel}","templated":true}]}}