{"id":2485,"date":"2025-04-13T13:13:52","date_gmt":"2025-04-13T10:13:52","guid":{"rendered":"https:\/\/skaitytaknyga.lt\/?post_type=product&#038;p=2485"},"modified":"2025-05-15T15:20:57","modified_gmt":"2025-05-15T12:20:57","slug":"sirdies-nerimas","status":"publish","type":"product","link":"https:\/\/skaitytaknyga.lt\/en\/produktas\/sirdies-nerimas\/","title":{"rendered":"\u0160irdies nerimas"},"content":{"rendered":"<p>Jaunas, i\u0161vaizdus ir kilnia\u0161irdis karininkas, pakviestas \u012f vietos auk\u0161tuomen\u0117s puot\u0105, netik\u0117tai prisimena pilies \u0161eimininko dukr\u0105, su kuria t\u0105 vakar\u0105 buvo supa\u017eindintas, bet kurios dar nepakviet\u0117 \u0161okiui&#8230; Kaip apmaudu! Klaid\u0105 privalu tuoj pat i\u0161taisyti&#8230; Deja, pareigingasis jaunuolis netrukus i\u0161girsta skaud\u017ei\u0105 \u017eini\u0105 \u2014 jaunoji panel\u0117 negali \u0161okti ir turb\u016bt jau niekada nebegal\u0117s&#8230;<\/p>\n<p>Neapsakomo kalt\u0117s jausmo ir u\u017euojautos u\u017evaldytas, jaunasis karininkas nusprend\u017eia i\u0161 visos \u0161irdies palaikyti likimo sm\u016bg\u012f patyrusi\u0105 \u0161eim\u0105 ir kasdien lankyti bei linksminti ne\u012fgali\u0105 mergin\u0105.<\/p>\n<p>Stefano Cveigo\u00a0romanas\u00a0\u201e\u0160irdies nerimas\u201c\u00a0\u012ftraukia \u012f galing\u0105 jausm\u0173 dramos s\u016bkur\u012f, i\u0161 kurio sunku i\u0161siver\u017eti net gerokai po to, kai u\u017everti paskutin\u012f knygos puslap\u012f.<\/p>\n<ul class=\"about-product d-none d-xl-block mt-4\">\n<li><strong>Originalus pavadinimas:<\/strong>\u00a0Ungeduld des herzens<\/li>\n<li><strong>Autorius:<\/strong>\u00a0Stefan Zweig<\/li>\n<li><strong>Leid\u0117jas:<\/strong>\u00a0Vaga<\/li>\n<li><strong>Metai:<\/strong>\u00a02013<\/li>\n<li><strong>Puslapiai:<\/strong>\u00a0384<\/li>\n<li class=\"toggleable type-new-formats \"><strong>ISBN:<\/strong>\u00a09785415020423<\/li>\n<li><strong>Versijos kodas:<\/strong>\u00a0PT.<\/li>\n<li class=\"toggleable type-new-formats \"><strong>Formatas:<\/strong>\u00a014,5 x 21,5 cm, mink\u0161ti vir\u0161eliai<\/li>\n<li><strong>Kalba:<\/strong>\u00a0Lietuvi\u0173<\/li>\n<li><strong>Vert\u0117jas:<\/strong>\u00a0Adomas Druktenis<\/li>\n<\/ul>\n","protected":false},"excerpt":{"rendered":"<p>Jaunas, i\u0161vaizdus ir kilnia\u0161irdis karininkas, pakviestas \u012f vietos auk\u0161tuomen\u0117s puot\u0105, netik\u0117tai prisimena pilies \u0161eimininko dukr\u0105, su kuria t\u0105 vakar\u0105 buvo supa\u017eindintas, bet kurios dar nepakviet\u0117 \u0161okiui&#8230; Kaip apmaudu! Klaid\u0105 privalu tuoj pat i\u0161taisyti&#8230; Deja, pareigingasis jaunuolis netrukus i\u0161girsta skaud\u017ei\u0105 \u017eini\u0105 \u2014 jaunoji panel\u0117 negali \u0161okti ir turb\u016bt jau niekada nebegal\u0117s&#8230; Neapsakomo kalt\u0117s jausmo ir u\u017euojautos u\u017evaldytas, jaunasis karininkas nusprend\u017eia i\u0161 visos \u0161irdies palaikyti likimo sm\u016bg\u012f patyrusi\u0105 \u0161eim\u0105 ir kasdien lankyti bei linksminti ne\u012fgali\u0105 mergin\u0105. Stefano Cveigo\u00a0romanas\u00a0\u201e\u0160irdies nerimas\u201c\u00a0\u012ftraukia \u012f galing\u0105 jausm\u0173 dramos s\u016bkur\u012f, i\u0161 kurio sunku i\u0161siver\u017eti net gerokai po to, kai u\u017everti paskutin\u012f knygos puslap\u012f. Originalus pavadinimas:\u00a0Ungeduld des herzens Autorius:\u00a0Stefan Zweig Leid\u0117jas:\u00a0Vaga Metai:\u00a02013 Puslapiai:\u00a0384 ISBN:\u00a09785415020423 Versijos kodas:\u00a0PT. Formatas:\u00a014,5 x 21,5 cm, mink\u0161ti vir\u0161eliai Kalba:\u00a0Lietuvi\u0173 Vert\u0117jas:\u00a0Adomas Druktenis<\/p>\n","protected":false},"featured_media":2534,"comment_status":"closed","ping_status":"closed","template":"","meta":{"_acf_changed":false,"site-sidebar-layout":"default","site-content-layout":"","ast-site-content-layout":"default","site-content-style":"default","site-sidebar-style":"default","ast-global-header-display":"","ast-banner-title-visibility":"","ast-main-header-display":"","ast-hfb-above-header-display":"","ast-hfb-below-header-display":"","ast-hfb-mobile-header-display":"","site-post-title":"","ast-breadcrumbs-content":"","ast-featured-img":"","footer-sml-layout":"","ast-disable-related-posts":"","theme-transparent-header-meta":"default","adv-header-id-meta":"","stick-header-meta":"","header-above-stick-meta":"","header-main-stick-meta":"","header-below-stick-meta":"","astra-migrate-meta-layouts":"set","ast-page-background-enabled":"default","ast-page-background-meta":{"desktop":{"background-color":"","background-image":"","background-repeat":"repeat","background-position":"center center","background-size":"auto","background-attachment":"scroll","background-type":"","background-media":"","overlay-type":"","overlay-color":"","overlay-opacity":"","overlay-gradient":""},"tablet":{"background-color":"","background-image":"","background-repeat":"repeat","background-position":"center center","background-size":"auto","background-attachment":"scroll","background-type":"","background-media":"","overlay-type":"","overlay-color":"","overlay-opacity":"","overlay-gradient":""},"mobile":{"background-color":"","background-image":"","background-repeat":"repeat","background-position":"center center","background-size":"auto","background-attachment":"scroll","background-type":"","background-media":"","overlay-type":"","overlay-color":"","overlay-opacity":"","overlay-gradient":""}},"ast-content-background-meta":{"desktop":{"background-color":"var(--ast-global-color-4)","background-image":"","background-repeat":"repeat","background-position":"center center","background-size":"auto","background-attachment":"scroll","background-type":"","background-media":"","overlay-type":"","overlay-color":"","overlay-opacity":"","overlay-gradient":""},"tablet":{"background-color":"var(--ast-global-color-4)","background-image":"","background-repeat":"repeat","background-position":"center center","background-size":"auto","background-attachment":"scroll","background-type":"","background-media":"","overlay-type":"","overlay-color":"","overlay-opacity":"","overlay-gradient":""},"mobile":{"background-color":"var(--ast-global-color-4)","background-image":"","background-repeat":"repeat","background-position":"center center","background-size":"auto","background-attachment":"scroll","background-type":"","background-media":"","overlay-type":"","overlay-color":"","overlay-opacity":"","overlay-gradient":""}}},"product_brand":[],"product_cat":[31],"product_tag":[2045,2224,1437,1492,3648],"class_list":{"0":"post-2485","1":"product","2":"type-product","3":"status-publish","4":"has-post-thumbnail","6":"product_cat-grozine-literatura","7":"product_tag-biografija","8":"product_tag-istorija","9":"product_tag-klasika","10":"product_tag-literatura","11":"product_tag-stefan-zweig","12":"desktop-align-left","13":"tablet-align-left","14":"mobile-align-left","16":"first","17":"instock","18":"shipping-taxable","19":"purchasable","20":"product-type-simple"},"acf":[],"yoast_head":"<!-- This site is optimized with the Yoast SEO plugin v27.0 - https:\/\/yoast.com\/product\/yoast-seo-wordpress\/ -->\n<title>\u0160irdies nerimas<\/title>\n<meta name=\"description\" content=\"Jaunas, i\u0161vaizdus ir kilnia\u0161irdis karininkas, pakviestas \u012f vietos auk\u0161tuomen\u0117s puot\u0105, netik\u0117tai prisimena pilies \u0161eimininko dukr\u0105, su kuria t\u0105 vakar\u0105 buvo\" \/>\n<meta name=\"robots\" content=\"index, follow, max-snippet:-1, max-image-preview:large, max-video-preview:-1\" \/>\n<link rel=\"canonical\" href=\"https:\/\/skaitytaknyga.lt\/en\/produktas\/sirdies-nerimas\/\" \/>\n<meta property=\"og:locale\" content=\"en_GB\" \/>\n<meta property=\"og:locale:alternate\" content=\"lt_LT\" \/>\n<meta property=\"og:type\" content=\"article\" \/>\n<meta property=\"og:title\" content=\"\u0160irdies nerimas\" \/>\n<meta property=\"og:description\" content=\"Jaunas, i\u0161vaizdus ir kilnia\u0161irdis karininkas, pakviestas \u012f vietos auk\u0161tuomen\u0117s puot\u0105, netik\u0117tai prisimena pilies \u0161eimininko dukr\u0105, su kuria t\u0105 vakar\u0105 buvo\" \/>\n<meta property=\"og:url\" content=\"https:\/\/skaitytaknyga.lt\/en\/produktas\/sirdies-nerimas\/\" \/>\n<meta property=\"og:site_name\" content=\"Skaitytaknyga\" \/>\n<meta property=\"article:publisher\" content=\"https:\/\/www.facebook.com\/skaitytaknyga\/\" \/>\n<meta property=\"article:modified_time\" content=\"2025-05-15T12:20:57+00:00\" \/>\n<meta property=\"og:image\" content=\"https:\/\/skaitytaknyga.lt\/wp-content\/uploads\/2024\/04\/unnamed-4.jpg\" \/>\n\t<meta property=\"og:image:width\" content=\"329\" \/>\n\t<meta property=\"og:image:height\" content=\"512\" \/>\n\t<meta property=\"og:image:type\" content=\"image\/jpeg\" \/>\n<meta name=\"twitter:card\" content=\"summary_large_image\" \/>\n<meta name=\"twitter:label1\" content=\"Estimated reading time\" \/>\n\t<meta name=\"twitter:data1\" content=\"1 minute\" \/>\n<script type=\"application\/ld+json\" class=\"yoast-schema-graph\">{\"@context\":\"https:\/\/schema.org\",\"@graph\":[{\"@type\":\"WebPage\",\"@id\":\"https:\/\/skaitytaknyga.lt\/produktas\/sirdies-nerimas\/\",\"url\":\"https:\/\/skaitytaknyga.lt\/produktas\/sirdies-nerimas\/\",\"name\":\"\u0160irdies nerimas\",\"isPartOf\":{\"@id\":\"https:\/\/skaitytaknyga.lt\/#website\"},\"primaryImageOfPage\":{\"@id\":\"https:\/\/skaitytaknyga.lt\/produktas\/sirdies-nerimas\/#primaryimage\"},\"image\":{\"@id\":\"https:\/\/skaitytaknyga.lt\/produktas\/sirdies-nerimas\/#primaryimage\"},\"thumbnailUrl\":\"https:\/\/skaitytaknyga.lt\/wp-content\/uploads\/2024\/04\/unnamed-4.jpg\",\"datePublished\":\"2025-04-13T10:13:52+00:00\",\"dateModified\":\"2025-05-15T12:20:57+00:00\",\"description\":\"Jaunas, i\u0161vaizdus ir kilnia\u0161irdis karininkas, pakviestas \u012f vietos auk\u0161tuomen\u0117s puot\u0105, netik\u0117tai prisimena pilies \u0161eimininko dukr\u0105, su kuria t\u0105 vakar\u0105 buvo\",\"breadcrumb\":{\"@id\":\"https:\/\/skaitytaknyga.lt\/produktas\/sirdies-nerimas\/#breadcrumb\"},\"inLanguage\":\"en-GB\",\"potentialAction\":[{\"@type\":\"ReadAction\",\"target\":[\"https:\/\/skaitytaknyga.lt\/produktas\/sirdies-nerimas\/\"]}]},{\"@type\":\"ImageObject\",\"inLanguage\":\"en-GB\",\"@id\":\"https:\/\/skaitytaknyga.lt\/produktas\/sirdies-nerimas\/#primaryimage\",\"url\":\"https:\/\/skaitytaknyga.lt\/wp-content\/uploads\/2024\/04\/unnamed-4.jpg\",\"contentUrl\":\"https:\/\/skaitytaknyga.lt\/wp-content\/uploads\/2024\/04\/unnamed-4.jpg\",\"width\":329,\"height\":512,\"caption\":\"unnamed 4\"},{\"@type\":\"BreadcrumbList\",\"@id\":\"https:\/\/skaitytaknyga.lt\/produktas\/sirdies-nerimas\/#breadcrumb\",\"itemListElement\":[{\"@type\":\"ListItem\",\"position\":1,\"name\":\"Home\",\"item\":\"https:\/\/skaitytaknyga.lt\/\"},{\"@type\":\"ListItem\",\"position\":2,\"name\":\"Parduotuv\u0117\",\"item\":\"https:\/\/skaitytaknyga.lt\/knygu-parduotuve\/\"},{\"@type\":\"ListItem\",\"position\":3,\"name\":\"\u0160irdies nerimas\"}]},{\"@type\":\"WebSite\",\"@id\":\"https:\/\/skaitytaknyga.lt\/#website\",\"url\":\"https:\/\/skaitytaknyga.lt\/\",\"name\":\"skaitytaknyga.lt\",\"description\":\"Skaitytaknyga.lt \u2013 tai ma\u017eas \u0161eimos verslas, kuris prasid\u0117jo nuo meil\u0117s knygoms ir siekio i\u0161gelb\u0117ti knygas nuo likimo prie konteinerio. Kas vienam nereikalingas daiktas \u2013 kitam lobis, o mes esame tarpininkai, kurie padeda abiems tapti laimingesniems ???? \u017dinome kaip nelengva i\u0161gyventi ma\u017eiems verslams, tad nuo \u0161iol, \u010dia rasite ir kit\u0173, ma\u017e\u0173 \u0161eim\u0173 versl\u0173, rank\u0173 darbo, dovan\u0173 sau ir artimiesiems.\",\"publisher\":{\"@id\":\"https:\/\/skaitytaknyga.lt\/#organization\"},\"potentialAction\":[{\"@type\":\"SearchAction\",\"target\":{\"@type\":\"EntryPoint\",\"urlTemplate\":\"https:\/\/skaitytaknyga.lt\/?s={search_term_string}\"},\"query-input\":{\"@type\":\"PropertyValueSpecification\",\"valueRequired\":true,\"valueName\":\"search_term_string\"}}],\"inLanguage\":\"en-GB\"},{\"@type\":\"Organization\",\"@id\":\"https:\/\/skaitytaknyga.lt\/#organization\",\"name\":\"skaitytaknyga.lt\",\"url\":\"https:\/\/skaitytaknyga.lt\/\",\"logo\":{\"@type\":\"ImageObject\",\"inLanguage\":\"en-GB\",\"@id\":\"https:\/\/skaitytaknyga.lt\/#\/schema\/logo\/image\/\",\"url\":\"https:\/\/skaitytaknyga.lt\/wp-content\/uploads\/2024\/05\/cropped-cropped-cropped-02_00843_jt3bggkj1j3HLc7SyY6rEUpg.jpeg\",\"contentUrl\":\"https:\/\/skaitytaknyga.lt\/wp-content\/uploads\/2024\/05\/cropped-cropped-cropped-02_00843_jt3bggkj1j3HLc7SyY6rEUpg.jpeg\",\"width\":1600,\"height\":1600,\"caption\":\"skaitytaknyga.lt\"},\"image\":{\"@id\":\"https:\/\/skaitytaknyga.lt\/#\/schema\/logo\/image\/\"},\"sameAs\":[\"https:\/\/www.facebook.com\/skaitytaknyga\/\"]}]}<\/script>\n<!-- \/ Yoast SEO plugin. -->","yoast_head_json":{"title":"\u0160irdies nerimas","description":"Jaunas, i\u0161vaizdus ir kilnia\u0161irdis karininkas, pakviestas \u012f vietos auk\u0161tuomen\u0117s puot\u0105, netik\u0117tai prisimena pilies \u0161eimininko dukr\u0105, su kuria t\u0105 vakar\u0105 buvo","robots":{"index":"index","follow":"follow","max-snippet":"max-snippet:-1","max-image-preview":"max-image-preview:large","max-video-preview":"max-video-preview:-1"},"canonical":"https:\/\/skaitytaknyga.lt\/en\/produktas\/sirdies-nerimas\/","og_locale":"en_GB","og_type":"article","og_title":"[:lt]\u0160irdies nerimas[:] - Skaitytaknyga","og_description":"Jaunas, i\u0161vaizdus ir kilnia\u0161irdis karininkas, pakviestas \u012f vietos auk\u0161tuomen\u0117s puot\u0105, netik\u0117tai prisimena pilies \u0161eimininko dukr\u0105, su kuria t\u0105 vakar\u0105 buvo","og_url":"https:\/\/skaitytaknyga.lt\/en\/produktas\/sirdies-nerimas\/","og_site_name":"Skaitytaknyga","article_publisher":"https:\/\/www.facebook.com\/skaitytaknyga\/","article_modified_time":"2025-05-15T12:20:57+00:00","og_image":[{"width":329,"height":512,"url":"https:\/\/skaitytaknyga.lt\/wp-content\/uploads\/2024\/04\/unnamed-4.jpg","type":"image\/jpeg"}],"twitter_card":"summary_large_image","twitter_misc":{"Estimated reading time":"1 minute"},"schema":{"@context":"https:\/\/schema.org","@graph":[{"@type":"WebPage","@id":"https:\/\/skaitytaknyga.lt\/produktas\/sirdies-nerimas\/","url":"https:\/\/skaitytaknyga.lt\/produktas\/sirdies-nerimas\/","name":"\u0160irdies nerimas","isPartOf":{"@id":"https:\/\/skaitytaknyga.lt\/#website"},"primaryImageOfPage":{"@id":"https:\/\/skaitytaknyga.lt\/produktas\/sirdies-nerimas\/#primaryimage"},"image":{"@id":"https:\/\/skaitytaknyga.lt\/produktas\/sirdies-nerimas\/#primaryimage"},"thumbnailUrl":"https:\/\/skaitytaknyga.lt\/wp-content\/uploads\/2024\/04\/unnamed-4.jpg","datePublished":"2025-04-13T10:13:52+00:00","dateModified":"2025-05-15T12:20:57+00:00","description":"Jaunas, i\u0161vaizdus ir kilnia\u0161irdis karininkas, pakviestas \u012f vietos auk\u0161tuomen\u0117s puot\u0105, netik\u0117tai prisimena pilies \u0161eimininko dukr\u0105, su kuria t\u0105 vakar\u0105 buvo","breadcrumb":{"@id":"https:\/\/skaitytaknyga.lt\/produktas\/sirdies-nerimas\/#breadcrumb"},"inLanguage":"en-GB","potentialAction":[{"@type":"ReadAction","target":["https:\/\/skaitytaknyga.lt\/produktas\/sirdies-nerimas\/"]}]},{"@type":"ImageObject","inLanguage":"en-GB","@id":"https:\/\/skaitytaknyga.lt\/produktas\/sirdies-nerimas\/#primaryimage","url":"https:\/\/skaitytaknyga.lt\/wp-content\/uploads\/2024\/04\/unnamed-4.jpg","contentUrl":"https:\/\/skaitytaknyga.lt\/wp-content\/uploads\/2024\/04\/unnamed-4.jpg","width":329,"height":512,"caption":"unnamed 4"},{"@type":"BreadcrumbList","@id":"https:\/\/skaitytaknyga.lt\/produktas\/sirdies-nerimas\/#breadcrumb","itemListElement":[{"@type":"ListItem","position":1,"name":"Home","item":"https:\/\/skaitytaknyga.lt\/"},{"@type":"ListItem","position":2,"name":"Parduotuv\u0117","item":"https:\/\/skaitytaknyga.lt\/knygu-parduotuve\/"},{"@type":"ListItem","position":3,"name":"\u0160irdies nerimas"}]},{"@type":"WebSite","@id":"https:\/\/skaitytaknyga.lt\/#website","url":"https:\/\/skaitytaknyga.lt\/","name":"skaitytaknyga.lt","description":"Skaitytaknyga.lt \u2013 tai ma\u017eas \u0161eimos verslas, kuris prasid\u0117jo nuo meil\u0117s knygoms ir siekio i\u0161gelb\u0117ti knygas nuo likimo prie konteinerio. Kas vienam nereikalingas daiktas \u2013 kitam lobis, o mes esame tarpininkai, kurie padeda abiems tapti laimingesniems ???? \u017dinome kaip nelengva i\u0161gyventi ma\u017eiems verslams, tad nuo \u0161iol, \u010dia rasite ir kit\u0173, ma\u017e\u0173 \u0161eim\u0173 versl\u0173, rank\u0173 darbo, dovan\u0173 sau ir artimiesiems.","publisher":{"@id":"https:\/\/skaitytaknyga.lt\/#organization"},"potentialAction":[{"@type":"SearchAction","target":{"@type":"EntryPoint","urlTemplate":"https:\/\/skaitytaknyga.lt\/?s={search_term_string}"},"query-input":{"@type":"PropertyValueSpecification","valueRequired":true,"valueName":"search_term_string"}}],"inLanguage":"en-GB"},{"@type":"Organization","@id":"https:\/\/skaitytaknyga.lt\/#organization","name":"skaitytaknyga.lt","url":"https:\/\/skaitytaknyga.lt\/","logo":{"@type":"ImageObject","inLanguage":"en-GB","@id":"https:\/\/skaitytaknyga.lt\/#\/schema\/logo\/image\/","url":"https:\/\/skaitytaknyga.lt\/wp-content\/uploads\/2024\/05\/cropped-cropped-cropped-02_00843_jt3bggkj1j3HLc7SyY6rEUpg.jpeg","contentUrl":"https:\/\/skaitytaknyga.lt\/wp-content\/uploads\/2024\/05\/cropped-cropped-cropped-02_00843_jt3bggkj1j3HLc7SyY6rEUpg.jpeg","width":1600,"height":1600,"caption":"skaitytaknyga.lt"},"image":{"@id":"https:\/\/skaitytaknyga.lt\/#\/schema\/logo\/image\/"},"sameAs":["https:\/\/www.facebook.com\/skaitytaknyga\/"]}]}},"_links":{"self":[{"href":"https:\/\/skaitytaknyga.lt\/en\/wp-json\/wp\/v2\/product\/2485","targetHints":{"allow":["GET"]}}],"collection":[{"href":"https:\/\/skaitytaknyga.lt\/en\/wp-json\/wp\/v2\/product"}],"about":[{"href":"https:\/\/skaitytaknyga.lt\/en\/wp-json\/wp\/v2\/types\/product"}],"replies":[{"embeddable":true,"href":"https:\/\/skaitytaknyga.lt\/en\/wp-json\/wp\/v2\/comments?post=2485"}],"wp:featuredmedia":[{"embeddable":true,"href":"https:\/\/skaitytaknyga.lt\/en\/wp-json\/wp\/v2\/media\/2534"}],"wp:attachment":[{"href":"https:\/\/skaitytaknyga.lt\/en\/wp-json\/wp\/v2\/media?parent=2485"}],"wp:term":[{"taxonomy":"product_brand","embeddable":true,"href":"https:\/\/skaitytaknyga.lt\/en\/wp-json\/wp\/v2\/product_brand?post=2485"},{"taxonomy":"product_cat","embeddable":true,"href":"https:\/\/skaitytaknyga.lt\/en\/wp-json\/wp\/v2\/product_cat?post=2485"},{"taxonomy":"product_tag","embeddable":true,"href":"https:\/\/skaitytaknyga.lt\/en\/wp-json\/wp\/v2\/product_tag?post=2485"}],"curies":[{"name":"wp","href":"https:\/\/api.w.org\/{rel}","templated":true}]}}