{"id":24844,"date":"2026-03-16T22:30:10","date_gmt":"2026-03-16T20:30:10","guid":{"rendered":"https:\/\/skaitytaknyga.lt\/?post_type=product&#038;p=24844"},"modified":"2026-03-18T09:34:51","modified_gmt":"2026-03-18T07:34:51","slug":"skiriama-m-pasaulio-meiles-lyrika","status":"publish","type":"product","link":"https:\/\/skaitytaknyga.lt\/en\/produktas\/skiriama-m-pasaulio-meiles-lyrika\/","title":{"rendered":"Skiriama M.: pasaulio meil\u0117s lyrika"},"content":{"rendered":"<p>Poeto, eseisto, vert\u0117jo Kornelijaus Platelio sudarytoje poezijos rinktin\u0117je sud\u0117ti ry\u0161kiausi pasaulio meil\u0117s lyrikos pavyzd\u017eiai \u2013 nuo ankstyviausi\u0173 laik\u0173 iki XX a. prad\u017eios.<\/p>\n<p>Knygoje \u201eSkiriama M.: pasaulio meil\u0117s lyrika\u201c pateikiama atskir\u0173 \u0161ali\u0173 poet\u0173 k\u016bryba, kartu atsi\u017evelgiant \u012f kult\u016br\u0173 ir civilizacij\u0173 istorij\u0105 ir kiekvienos epochos stilistik\u0105. \u010cia surinkti ne tik Vakar\u0173, bet ir Ryt\u0173 poezijos tekstai \u2013 senov\u0117s Egipto, \u0161umer\u0173, ind\u0173, hebraj\u0173, graik\u0173, rom\u0117n\u0173, tamil\u0173, pers\u0173, kin\u0173, japon\u0173, ital\u0173, angl\u0173, pranc\u016bz\u0173, vokie\u010di\u0173, lenk\u0173, rus\u0173, vengr\u0173 poet\u0173 k\u016bryba.<\/p>\n<p>Antologijoje it v\u0117duokl\u0117 skleid\u017eiasi poezijos form\u0173 \u012fvairov\u0117: nuo od\u017ei\u0173 iki elegij\u0173, nuo gazeli\u0173 iki sonet\u0173.<\/p>\n","protected":false},"excerpt":{"rendered":"<p>Poeto, eseisto, vert\u0117jo Kornelijaus Platelio sudarytoje poezijos rinktin\u0117je sud\u0117ti ry\u0161kiausi pasaulio meil\u0117s lyrikos pavyzd\u017eiai \u2013 nuo ankstyviausi\u0173 laik\u0173 iki XX a. prad\u017eios. Knygoje \u201eSkiriama M.: pasaulio meil\u0117s lyrika\u201c pateikiama atskir\u0173 \u0161ali\u0173 poet\u0173 k\u016bryba, kartu atsi\u017evelgiant \u012f kult\u016br\u0173 ir civilizacij\u0173 istorij\u0105 ir kiekvienos epochos stilistik\u0105. \u010cia surinkti ne tik Vakar\u0173, bet ir Ryt\u0173 poezijos tekstai \u2013 senov\u0117s Egipto, \u0161umer\u0173, ind\u0173, hebraj\u0173, graik\u0173, rom\u0117n\u0173, tamil\u0173, pers\u0173, kin\u0173, japon\u0173, ital\u0173, angl\u0173, pranc\u016bz\u0173, vokie\u010di\u0173, lenk\u0173, rus\u0173, vengr\u0173 poet\u0173 k\u016bryba. Antologijoje it v\u0117duokl\u0117 skleid\u017eiasi poezijos form\u0173 \u012fvairov\u0117: nuo od\u017ei\u0173 iki elegij\u0173, nuo gazeli\u0173 iki sonet\u0173.<\/p>\n","protected":false},"featured_media":0,"comment_status":"open","ping_status":"closed","template":"","meta":{"_acf_changed":false,"site-sidebar-layout":"default","site-content-layout":"","ast-site-content-layout":"default","site-content-style":"default","site-sidebar-style":"default","ast-global-header-display":"","ast-banner-title-visibility":"","ast-main-header-display":"","ast-hfb-above-header-display":"","ast-hfb-below-header-display":"","ast-hfb-mobile-header-display":"","site-post-title":"","ast-breadcrumbs-content":"","ast-featured-img":"","footer-sml-layout":"","ast-disable-related-posts":"","theme-transparent-header-meta":"","adv-header-id-meta":"","stick-header-meta":"","header-above-stick-meta":"","header-main-stick-meta":"","header-below-stick-meta":"","astra-migrate-meta-layouts":"default","ast-page-background-enabled":"default","ast-page-background-meta":{"desktop":{"background-color":"","background-image":"","background-repeat":"repeat","background-position":"center center","background-size":"auto","background-attachment":"scroll","background-type":"","background-media":"","overlay-type":"","overlay-color":"","overlay-opacity":"","overlay-gradient":""},"tablet":{"background-color":"","background-image":"","background-repeat":"repeat","background-position":"center center","background-size":"auto","background-attachment":"scroll","background-type":"","background-media":"","overlay-type":"","overlay-color":"","overlay-opacity":"","overlay-gradient":""},"mobile":{"background-color":"","background-image":"","background-repeat":"repeat","background-position":"center center","background-size":"auto","background-attachment":"scroll","background-type":"","background-media":"","overlay-type":"","overlay-color":"","overlay-opacity":"","overlay-gradient":""}},"ast-content-background-meta":{"desktop":{"background-color":"var(--ast-global-color-4)","background-image":"","background-repeat":"repeat","background-position":"center center","background-size":"auto","background-attachment":"scroll","background-type":"","background-media":"","overlay-type":"","overlay-color":"","overlay-opacity":"","overlay-gradient":""},"tablet":{"background-color":"var(--ast-global-color-4)","background-image":"","background-repeat":"repeat","background-position":"center center","background-size":"auto","background-attachment":"scroll","background-type":"","background-media":"","overlay-type":"","overlay-color":"","overlay-opacity":"","overlay-gradient":""},"mobile":{"background-color":"var(--ast-global-color-4)","background-image":"","background-repeat":"repeat","background-position":"center center","background-size":"auto","background-attachment":"scroll","background-type":"","background-media":"","overlay-type":"","overlay-color":"","overlay-opacity":"","overlay-gradient":""}}},"product_brand":[],"product_cat":[1085],"product_tag":[],"class_list":{"0":"post-24844","1":"product","2":"type-product","3":"status-publish","5":"product_cat-poezija","6":"desktop-align-left","7":"tablet-align-left","8":"mobile-align-left","10":"first","11":"instock","12":"shipping-taxable","13":"purchasable","14":"product-type-simple"},"acf":[],"yoast_head":"<!-- This site is optimized with the Yoast SEO plugin v27.0 - https:\/\/yoast.com\/product\/yoast-seo-wordpress\/ -->\n<title>Skiriama M.: pasaulio meil\u0117s lyrika<\/title>\n<meta name=\"description\" content=\"Poeto, eseisto, vert\u0117jo Kornelijaus Platelio sudarytoje poezijos rinktin\u0117je sud\u0117ti ry\u0161kiausi pasaulio meil\u0117s lyrikos pavyzd\u017eiai \u2013 nuo ankstyviausi\u0173 laik\u0173\" \/>\n<meta name=\"robots\" content=\"index, follow, max-snippet:-1, max-image-preview:large, max-video-preview:-1\" \/>\n<link rel=\"canonical\" href=\"https:\/\/skaitytaknyga.lt\/en\/produktas\/skiriama-m-pasaulio-meiles-lyrika\/\" \/>\n<meta property=\"og:locale\" content=\"en_GB\" \/>\n<meta property=\"og:locale:alternate\" content=\"lt_LT\" \/>\n<meta property=\"og:type\" content=\"article\" \/>\n<meta property=\"og:title\" content=\"Skiriama M.: pasaulio meil\u0117s lyrika\" \/>\n<meta property=\"og:description\" content=\"Poeto, eseisto, vert\u0117jo Kornelijaus Platelio sudarytoje poezijos rinktin\u0117je sud\u0117ti ry\u0161kiausi pasaulio meil\u0117s lyrikos pavyzd\u017eiai \u2013 nuo ankstyviausi\u0173 laik\u0173\" \/>\n<meta property=\"og:url\" content=\"https:\/\/skaitytaknyga.lt\/en\/produktas\/skiriama-m-pasaulio-meiles-lyrika\/\" \/>\n<meta property=\"og:site_name\" content=\"Skaitytaknyga\" \/>\n<meta property=\"article:publisher\" content=\"https:\/\/www.facebook.com\/skaitytaknyga\/\" \/>\n<meta property=\"article:modified_time\" content=\"2026-03-18T07:34:51+00:00\" \/>\n<meta property=\"og:image\" content=\"https:\/\/skaitytaknyga.lt\/wp-content\/uploads\/2024\/07\/skaitytaknyga.png\" \/>\n\t<meta property=\"og:image:width\" content=\"747\" \/>\n\t<meta property=\"og:image:height\" content=\"496\" \/>\n\t<meta property=\"og:image:type\" content=\"image\/png\" \/>\n<meta name=\"twitter:card\" content=\"summary_large_image\" \/>\n<meta name=\"twitter:label1\" content=\"Estimated reading time\" \/>\n\t<meta name=\"twitter:data1\" content=\"1 minute\" \/>\n<script type=\"application\/ld+json\" class=\"yoast-schema-graph\">{\"@context\":\"https:\/\/schema.org\",\"@graph\":[{\"@type\":\"WebPage\",\"@id\":\"https:\/\/skaitytaknyga.lt\/produktas\/skiriama-m-pasaulio-meiles-lyrika\/\",\"url\":\"https:\/\/skaitytaknyga.lt\/produktas\/skiriama-m-pasaulio-meiles-lyrika\/\",\"name\":\"Skiriama M.: pasaulio meil\u0117s lyrika\",\"isPartOf\":{\"@id\":\"https:\/\/skaitytaknyga.lt\/#website\"},\"datePublished\":\"2026-03-16T20:30:10+00:00\",\"dateModified\":\"2026-03-18T07:34:51+00:00\",\"description\":\"Poeto, eseisto, vert\u0117jo Kornelijaus Platelio sudarytoje poezijos rinktin\u0117je sud\u0117ti ry\u0161kiausi pasaulio meil\u0117s lyrikos pavyzd\u017eiai \u2013 nuo ankstyviausi\u0173 laik\u0173\",\"breadcrumb\":{\"@id\":\"https:\/\/skaitytaknyga.lt\/produktas\/skiriama-m-pasaulio-meiles-lyrika\/#breadcrumb\"},\"inLanguage\":\"en-GB\",\"potentialAction\":[{\"@type\":\"ReadAction\",\"target\":[\"https:\/\/skaitytaknyga.lt\/produktas\/skiriama-m-pasaulio-meiles-lyrika\/\"]}]},{\"@type\":\"BreadcrumbList\",\"@id\":\"https:\/\/skaitytaknyga.lt\/produktas\/skiriama-m-pasaulio-meiles-lyrika\/#breadcrumb\",\"itemListElement\":[{\"@type\":\"ListItem\",\"position\":1,\"name\":\"Home\",\"item\":\"https:\/\/skaitytaknyga.lt\/\"},{\"@type\":\"ListItem\",\"position\":2,\"name\":\"Parduotuv\u0117\",\"item\":\"https:\/\/skaitytaknyga.lt\/knygu-parduotuve\/\"},{\"@type\":\"ListItem\",\"position\":3,\"name\":\"Skiriama M.: pasaulio meil\u0117s lyrika\"}]},{\"@type\":\"WebSite\",\"@id\":\"https:\/\/skaitytaknyga.lt\/#website\",\"url\":\"https:\/\/skaitytaknyga.lt\/\",\"name\":\"skaitytaknyga.lt\",\"description\":\"Skaitytaknyga.lt \u2013 tai ma\u017eas \u0161eimos verslas, kuris prasid\u0117jo nuo meil\u0117s knygoms ir siekio i\u0161gelb\u0117ti knygas nuo likimo prie konteinerio. Kas vienam nereikalingas daiktas \u2013 kitam lobis, o mes esame tarpininkai, kurie padeda abiems tapti laimingesniems ???? \u017dinome kaip nelengva i\u0161gyventi ma\u017eiems verslams, tad nuo \u0161iol, \u010dia rasite ir kit\u0173, ma\u017e\u0173 \u0161eim\u0173 versl\u0173, rank\u0173 darbo, dovan\u0173 sau ir artimiesiems.\",\"publisher\":{\"@id\":\"https:\/\/skaitytaknyga.lt\/#organization\"},\"potentialAction\":[{\"@type\":\"SearchAction\",\"target\":{\"@type\":\"EntryPoint\",\"urlTemplate\":\"https:\/\/skaitytaknyga.lt\/?s={search_term_string}\"},\"query-input\":{\"@type\":\"PropertyValueSpecification\",\"valueRequired\":true,\"valueName\":\"search_term_string\"}}],\"inLanguage\":\"en-GB\"},{\"@type\":\"Organization\",\"@id\":\"https:\/\/skaitytaknyga.lt\/#organization\",\"name\":\"skaitytaknyga.lt\",\"url\":\"https:\/\/skaitytaknyga.lt\/\",\"logo\":{\"@type\":\"ImageObject\",\"inLanguage\":\"en-GB\",\"@id\":\"https:\/\/skaitytaknyga.lt\/#\/schema\/logo\/image\/\",\"url\":\"https:\/\/skaitytaknyga.lt\/wp-content\/uploads\/2024\/05\/cropped-cropped-cropped-02_00843_jt3bggkj1j3HLc7SyY6rEUpg.jpeg\",\"contentUrl\":\"https:\/\/skaitytaknyga.lt\/wp-content\/uploads\/2024\/05\/cropped-cropped-cropped-02_00843_jt3bggkj1j3HLc7SyY6rEUpg.jpeg\",\"width\":1600,\"height\":1600,\"caption\":\"skaitytaknyga.lt\"},\"image\":{\"@id\":\"https:\/\/skaitytaknyga.lt\/#\/schema\/logo\/image\/\"},\"sameAs\":[\"https:\/\/www.facebook.com\/skaitytaknyga\/\"]}]}<\/script>\n<!-- \/ Yoast SEO plugin. -->","yoast_head_json":{"title":"Skiriama M.: pasaulio meil\u0117s lyrika","description":"Poeto, eseisto, vert\u0117jo Kornelijaus Platelio sudarytoje poezijos rinktin\u0117je sud\u0117ti ry\u0161kiausi pasaulio meil\u0117s lyrikos pavyzd\u017eiai \u2013 nuo ankstyviausi\u0173 laik\u0173","robots":{"index":"index","follow":"follow","max-snippet":"max-snippet:-1","max-image-preview":"max-image-preview:large","max-video-preview":"max-video-preview:-1"},"canonical":"https:\/\/skaitytaknyga.lt\/en\/produktas\/skiriama-m-pasaulio-meiles-lyrika\/","og_locale":"en_GB","og_type":"article","og_title":"[:lt]Skiriama M.: pasaulio meil\u0117s lyrika[:] - Skaitytaknyga","og_description":"Poeto, eseisto, vert\u0117jo Kornelijaus Platelio sudarytoje poezijos rinktin\u0117je sud\u0117ti ry\u0161kiausi pasaulio meil\u0117s lyrikos pavyzd\u017eiai \u2013 nuo ankstyviausi\u0173 laik\u0173","og_url":"https:\/\/skaitytaknyga.lt\/en\/produktas\/skiriama-m-pasaulio-meiles-lyrika\/","og_site_name":"Skaitytaknyga","article_publisher":"https:\/\/www.facebook.com\/skaitytaknyga\/","article_modified_time":"2026-03-18T07:34:51+00:00","og_image":[{"width":747,"height":496,"url":"https:\/\/skaitytaknyga.lt\/wp-content\/uploads\/2024\/07\/skaitytaknyga.png","type":"image\/png"}],"twitter_card":"summary_large_image","twitter_misc":{"Estimated reading time":"1 minute"},"schema":{"@context":"https:\/\/schema.org","@graph":[{"@type":"WebPage","@id":"https:\/\/skaitytaknyga.lt\/produktas\/skiriama-m-pasaulio-meiles-lyrika\/","url":"https:\/\/skaitytaknyga.lt\/produktas\/skiriama-m-pasaulio-meiles-lyrika\/","name":"Skiriama M.: pasaulio meil\u0117s lyrika","isPartOf":{"@id":"https:\/\/skaitytaknyga.lt\/#website"},"datePublished":"2026-03-16T20:30:10+00:00","dateModified":"2026-03-18T07:34:51+00:00","description":"Poeto, eseisto, vert\u0117jo Kornelijaus Platelio sudarytoje poezijos rinktin\u0117je sud\u0117ti ry\u0161kiausi pasaulio meil\u0117s lyrikos pavyzd\u017eiai \u2013 nuo ankstyviausi\u0173 laik\u0173","breadcrumb":{"@id":"https:\/\/skaitytaknyga.lt\/produktas\/skiriama-m-pasaulio-meiles-lyrika\/#breadcrumb"},"inLanguage":"en-GB","potentialAction":[{"@type":"ReadAction","target":["https:\/\/skaitytaknyga.lt\/produktas\/skiriama-m-pasaulio-meiles-lyrika\/"]}]},{"@type":"BreadcrumbList","@id":"https:\/\/skaitytaknyga.lt\/produktas\/skiriama-m-pasaulio-meiles-lyrika\/#breadcrumb","itemListElement":[{"@type":"ListItem","position":1,"name":"Home","item":"https:\/\/skaitytaknyga.lt\/"},{"@type":"ListItem","position":2,"name":"Parduotuv\u0117","item":"https:\/\/skaitytaknyga.lt\/knygu-parduotuve\/"},{"@type":"ListItem","position":3,"name":"Skiriama M.: pasaulio meil\u0117s lyrika"}]},{"@type":"WebSite","@id":"https:\/\/skaitytaknyga.lt\/#website","url":"https:\/\/skaitytaknyga.lt\/","name":"skaitytaknyga.lt","description":"Skaitytaknyga.lt \u2013 tai ma\u017eas \u0161eimos verslas, kuris prasid\u0117jo nuo meil\u0117s knygoms ir siekio i\u0161gelb\u0117ti knygas nuo likimo prie konteinerio. Kas vienam nereikalingas daiktas \u2013 kitam lobis, o mes esame tarpininkai, kurie padeda abiems tapti laimingesniems ???? \u017dinome kaip nelengva i\u0161gyventi ma\u017eiems verslams, tad nuo \u0161iol, \u010dia rasite ir kit\u0173, ma\u017e\u0173 \u0161eim\u0173 versl\u0173, rank\u0173 darbo, dovan\u0173 sau ir artimiesiems.","publisher":{"@id":"https:\/\/skaitytaknyga.lt\/#organization"},"potentialAction":[{"@type":"SearchAction","target":{"@type":"EntryPoint","urlTemplate":"https:\/\/skaitytaknyga.lt\/?s={search_term_string}"},"query-input":{"@type":"PropertyValueSpecification","valueRequired":true,"valueName":"search_term_string"}}],"inLanguage":"en-GB"},{"@type":"Organization","@id":"https:\/\/skaitytaknyga.lt\/#organization","name":"skaitytaknyga.lt","url":"https:\/\/skaitytaknyga.lt\/","logo":{"@type":"ImageObject","inLanguage":"en-GB","@id":"https:\/\/skaitytaknyga.lt\/#\/schema\/logo\/image\/","url":"https:\/\/skaitytaknyga.lt\/wp-content\/uploads\/2024\/05\/cropped-cropped-cropped-02_00843_jt3bggkj1j3HLc7SyY6rEUpg.jpeg","contentUrl":"https:\/\/skaitytaknyga.lt\/wp-content\/uploads\/2024\/05\/cropped-cropped-cropped-02_00843_jt3bggkj1j3HLc7SyY6rEUpg.jpeg","width":1600,"height":1600,"caption":"skaitytaknyga.lt"},"image":{"@id":"https:\/\/skaitytaknyga.lt\/#\/schema\/logo\/image\/"},"sameAs":["https:\/\/www.facebook.com\/skaitytaknyga\/"]}]}},"_links":{"self":[{"href":"https:\/\/skaitytaknyga.lt\/en\/wp-json\/wp\/v2\/product\/24844","targetHints":{"allow":["GET"]}}],"collection":[{"href":"https:\/\/skaitytaknyga.lt\/en\/wp-json\/wp\/v2\/product"}],"about":[{"href":"https:\/\/skaitytaknyga.lt\/en\/wp-json\/wp\/v2\/types\/product"}],"replies":[{"embeddable":true,"href":"https:\/\/skaitytaknyga.lt\/en\/wp-json\/wp\/v2\/comments?post=24844"}],"wp:attachment":[{"href":"https:\/\/skaitytaknyga.lt\/en\/wp-json\/wp\/v2\/media?parent=24844"}],"wp:term":[{"taxonomy":"product_brand","embeddable":true,"href":"https:\/\/skaitytaknyga.lt\/en\/wp-json\/wp\/v2\/product_brand?post=24844"},{"taxonomy":"product_cat","embeddable":true,"href":"https:\/\/skaitytaknyga.lt\/en\/wp-json\/wp\/v2\/product_cat?post=24844"},{"taxonomy":"product_tag","embeddable":true,"href":"https:\/\/skaitytaknyga.lt\/en\/wp-json\/wp\/v2\/product_tag?post=24844"}],"curies":[{"name":"wp","href":"https:\/\/api.w.org\/{rel}","templated":true}]}}