{"id":24842,"date":"2026-03-16T22:30:09","date_gmt":"2026-03-16T20:30:09","guid":{"rendered":"https:\/\/skaitytaknyga.lt\/?post_type=product&#038;p=24842"},"modified":"2026-03-18T11:50:27","modified_gmt":"2026-03-18T09:50:27","slug":"wicca-another-year-and-a-day-366-days-of-magical-practice-in-the-craft-of-the-wise","status":"publish","type":"product","link":"https:\/\/skaitytaknyga.lt\/en\/produktas\/wicca-another-year-and-a-day-366-days-of-magical-practice-in-the-craft-of-the-wise\/","title":{"rendered":"Wicca: Another Year and a Day: 366 Days of Magical Practice in the Craft of the Wise"},"content":{"rendered":"<p>Expand your understanding of Wicca and Witchcraft, gain greater spiritual insight, and explore ways to boost your magical potential with this step-by-step guide to the Second Degree. In his long-awaited follow-up to Wicca: A Year and a Day, Timothy Roderick presents daily methods to cultivate your spirituality and become an adept in the Old Ways.<\/p>\n<p>With its disciplined structure and engaging style, Wicca: Another Year and a Day encourages you to push your magical boundaries by honing your core practices and delving into advanced work. Challenge yourself with topics beyond those in your first year of study, including how to channel deities, perform planetary magic, and align with the forces of nature. Through engaging lessons and hands-on exercises, magic will take center stage in your daily life. Some Witchcraft essentials covered in the daily lessons include:<\/p>\n<p>Elemental Magic<br \/>\nSigil Work<br \/>\nAncient Grimoire Workings<br \/>\nLunar Ceremonies<br \/>\nSelf and Home Protection<br \/>\nEasing Negative Karma<br \/>\nAdvanced Oil and Incense Magic<br \/>\nExorcisms<br \/>\nPsychic Development<br \/>\nSabbat Mystery Plays<br \/>\nMagical Condensers<br \/>\nMagic Squares<br \/>\nPentacle Practice<br \/>\nTaming Spiritual Forces<\/p>\n","protected":false},"excerpt":{"rendered":"<p>Expand your understanding of Wicca and Witchcraft, gain greater spiritual insight, and explore ways to boost your magical potential with this step-by-step guide to the Second Degree. In his long-awaited follow-up to Wicca: A Year and a Day, Timothy Roderick presents daily methods to cultivate your spirituality and become an adept in the Old Ways. With its disciplined structure and engaging style, Wicca: Another Year and a Day encourages you to push your magical boundaries by honing your core practices and delving into advanced work. Challenge yourself with topics beyond those in your first year of study, including how to channel deities, perform planetary magic, and align with the forces of nature. Through engaging lessons and hands-on exercises, magic will take center stage in your daily life. Some Witchcraft essentials covered in the daily lessons include: Elemental Magic Sigil Work Ancient Grimoire Workings Lunar Ceremonies Self and Home Protection Easing Negative Karma Advanced Oil and Incense Magic Exorcisms Psychic Development Sabbat Mystery Plays Magical Condensers Magic Squares Pentacle Practice Taming Spiritual Forces<\/p>\n","protected":false},"featured_media":24934,"comment_status":"open","ping_status":"closed","template":"","meta":{"_acf_changed":false,"site-sidebar-layout":"default","site-content-layout":"","ast-site-content-layout":"default","site-content-style":"default","site-sidebar-style":"default","ast-global-header-display":"","ast-banner-title-visibility":"","ast-main-header-display":"","ast-hfb-above-header-display":"","ast-hfb-below-header-display":"","ast-hfb-mobile-header-display":"","site-post-title":"","ast-breadcrumbs-content":"","ast-featured-img":"","footer-sml-layout":"","ast-disable-related-posts":"","theme-transparent-header-meta":"","adv-header-id-meta":"","stick-header-meta":"","header-above-stick-meta":"","header-main-stick-meta":"","header-below-stick-meta":"","astra-migrate-meta-layouts":"default","ast-page-background-enabled":"default","ast-page-background-meta":{"desktop":{"background-color":"","background-image":"","background-repeat":"repeat","background-position":"center center","background-size":"auto","background-attachment":"scroll","background-type":"","background-media":"","overlay-type":"","overlay-color":"","overlay-opacity":"","overlay-gradient":""},"tablet":{"background-color":"","background-image":"","background-repeat":"repeat","background-position":"center center","background-size":"auto","background-attachment":"scroll","background-type":"","background-media":"","overlay-type":"","overlay-color":"","overlay-opacity":"","overlay-gradient":""},"mobile":{"background-color":"","background-image":"","background-repeat":"repeat","background-position":"center center","background-size":"auto","background-attachment":"scroll","background-type":"","background-media":"","overlay-type":"","overlay-color":"","overlay-opacity":"","overlay-gradient":""}},"ast-content-background-meta":{"desktop":{"background-color":"var(--ast-global-color-4)","background-image":"","background-repeat":"repeat","background-position":"center center","background-size":"auto","background-attachment":"scroll","background-type":"","background-media":"","overlay-type":"","overlay-color":"","overlay-opacity":"","overlay-gradient":""},"tablet":{"background-color":"var(--ast-global-color-4)","background-image":"","background-repeat":"repeat","background-position":"center center","background-size":"auto","background-attachment":"scroll","background-type":"","background-media":"","overlay-type":"","overlay-color":"","overlay-opacity":"","overlay-gradient":""},"mobile":{"background-color":"var(--ast-global-color-4)","background-image":"","background-repeat":"repeat","background-position":"center center","background-size":"auto","background-attachment":"scroll","background-type":"","background-media":"","overlay-type":"","overlay-color":"","overlay-opacity":"","overlay-gradient":""}}},"product_brand":[],"product_cat":[9813],"product_tag":[9816],"class_list":{"0":"post-24842","1":"product","2":"type-product","3":"status-publish","4":"has-post-thumbnail","6":"product_cat-knygos-anglu-kalba-knygos-kitomis-kalbomis-2","7":"product_tag-timothy-roderick","8":"desktop-align-left","9":"tablet-align-left","10":"mobile-align-left","12":"first","13":"instock","14":"shipping-taxable","15":"purchasable","16":"product-type-simple"},"acf":[],"yoast_head":"<!-- This site is optimized with the Yoast SEO plugin v27.0 - https:\/\/yoast.com\/product\/yoast-seo-wordpress\/ -->\n<title>Wicca: Another Year and a Day: 366 Days of Magical Practice in the Craft of the Wise<\/title>\n<meta name=\"description\" content=\"Expand your understanding of Wicca and Witchcraft, gain greater spiritual insight, and explore ways to boost your magical potential with this step-by-step\" \/>\n<meta name=\"robots\" content=\"index, follow, max-snippet:-1, max-image-preview:large, max-video-preview:-1\" \/>\n<link rel=\"canonical\" href=\"https:\/\/skaitytaknyga.lt\/en\/produktas\/wicca-another-year-and-a-day-366-days-of-magical-practice-in-the-craft-of-the-wise\/\" \/>\n<meta property=\"og:locale\" content=\"en_GB\" \/>\n<meta property=\"og:locale:alternate\" content=\"lt_LT\" \/>\n<meta property=\"og:type\" content=\"article\" \/>\n<meta property=\"og:title\" content=\"Wicca: Another Year and a Day: 366 Days of Magical Practice in the Craft of the Wise\" \/>\n<meta property=\"og:description\" content=\"Expand your understanding of Wicca and Witchcraft, gain greater spiritual insight, and explore ways to boost your magical potential with this step-by-step\" \/>\n<meta property=\"og:url\" content=\"https:\/\/skaitytaknyga.lt\/en\/produktas\/wicca-another-year-and-a-day-366-days-of-magical-practice-in-the-craft-of-the-wise\/\" \/>\n<meta property=\"og:site_name\" content=\"Skaitytaknyga\" \/>\n<meta property=\"article:publisher\" content=\"https:\/\/www.facebook.com\/skaitytaknyga\/\" \/>\n<meta property=\"article:modified_time\" content=\"2026-03-18T09:50:27+00:00\" \/>\n<meta property=\"og:image\" content=\"https:\/\/skaitytaknyga.lt\/wp-content\/uploads\/2026\/03\/Wicca-Another-Year-and-a-Day-366-Days-of-Magical-Practice-in-the-Craft-of-the-Wise.jpg\" \/>\n\t<meta property=\"og:image:width\" content=\"418\" \/>\n\t<meta property=\"og:image:height\" content=\"522\" \/>\n\t<meta property=\"og:image:type\" content=\"image\/jpeg\" \/>\n<meta name=\"twitter:card\" content=\"summary_large_image\" \/>\n<meta name=\"twitter:label1\" content=\"Estimated reading time\" \/>\n\t<meta name=\"twitter:data1\" content=\"1 minute\" \/>\n<script type=\"application\/ld+json\" class=\"yoast-schema-graph\">{\"@context\":\"https:\/\/schema.org\",\"@graph\":[{\"@type\":\"WebPage\",\"@id\":\"https:\/\/skaitytaknyga.lt\/produktas\/wicca-another-year-and-a-day-366-days-of-magical-practice-in-the-craft-of-the-wise\/\",\"url\":\"https:\/\/skaitytaknyga.lt\/produktas\/wicca-another-year-and-a-day-366-days-of-magical-practice-in-the-craft-of-the-wise\/\",\"name\":\"Wicca: Another Year and a Day: 366 Days of Magical Practice in the Craft of the Wise\",\"isPartOf\":{\"@id\":\"https:\/\/skaitytaknyga.lt\/#website\"},\"primaryImageOfPage\":{\"@id\":\"https:\/\/skaitytaknyga.lt\/produktas\/wicca-another-year-and-a-day-366-days-of-magical-practice-in-the-craft-of-the-wise\/#primaryimage\"},\"image\":{\"@id\":\"https:\/\/skaitytaknyga.lt\/produktas\/wicca-another-year-and-a-day-366-days-of-magical-practice-in-the-craft-of-the-wise\/#primaryimage\"},\"thumbnailUrl\":\"https:\/\/skaitytaknyga.lt\/wp-content\/uploads\/2026\/03\/Wicca-Another-Year-and-a-Day-366-Days-of-Magical-Practice-in-the-Craft-of-the-Wise.jpg\",\"datePublished\":\"2026-03-16T20:30:09+00:00\",\"dateModified\":\"2026-03-18T09:50:27+00:00\",\"description\":\"Expand your understanding of Wicca and Witchcraft, gain greater spiritual insight, and explore ways to boost your magical potential with this step-by-step\",\"breadcrumb\":{\"@id\":\"https:\/\/skaitytaknyga.lt\/produktas\/wicca-another-year-and-a-day-366-days-of-magical-practice-in-the-craft-of-the-wise\/#breadcrumb\"},\"inLanguage\":\"en-GB\",\"potentialAction\":[{\"@type\":\"ReadAction\",\"target\":[\"https:\/\/skaitytaknyga.lt\/produktas\/wicca-another-year-and-a-day-366-days-of-magical-practice-in-the-craft-of-the-wise\/\"]}]},{\"@type\":\"ImageObject\",\"inLanguage\":\"en-GB\",\"@id\":\"https:\/\/skaitytaknyga.lt\/produktas\/wicca-another-year-and-a-day-366-days-of-magical-practice-in-the-craft-of-the-wise\/#primaryimage\",\"url\":\"https:\/\/skaitytaknyga.lt\/wp-content\/uploads\/2026\/03\/Wicca-Another-Year-and-a-Day-366-Days-of-Magical-Practice-in-the-Craft-of-the-Wise.jpg\",\"contentUrl\":\"https:\/\/skaitytaknyga.lt\/wp-content\/uploads\/2026\/03\/Wicca-Another-Year-and-a-Day-366-Days-of-Magical-Practice-in-the-Craft-of-the-Wise.jpg\",\"width\":418,\"height\":522,\"caption\":\"Wicca Another Year and a Day 366 Days of Magical Practice in the Craft of the Wise\"},{\"@type\":\"BreadcrumbList\",\"@id\":\"https:\/\/skaitytaknyga.lt\/produktas\/wicca-another-year-and-a-day-366-days-of-magical-practice-in-the-craft-of-the-wise\/#breadcrumb\",\"itemListElement\":[{\"@type\":\"ListItem\",\"position\":1,\"name\":\"Home\",\"item\":\"https:\/\/skaitytaknyga.lt\/\"},{\"@type\":\"ListItem\",\"position\":2,\"name\":\"Parduotuv\u0117\",\"item\":\"https:\/\/skaitytaknyga.lt\/knygu-parduotuve\/\"},{\"@type\":\"ListItem\",\"position\":3,\"name\":\"Wicca: Another Year and a Day: 366 Days of Magical Practice in the Craft of the Wise\"}]},{\"@type\":\"WebSite\",\"@id\":\"https:\/\/skaitytaknyga.lt\/#website\",\"url\":\"https:\/\/skaitytaknyga.lt\/\",\"name\":\"skaitytaknyga.lt\",\"description\":\"Skaitytaknyga.lt \u2013 tai ma\u017eas \u0161eimos verslas, kuris prasid\u0117jo nuo meil\u0117s knygoms ir siekio i\u0161gelb\u0117ti knygas nuo likimo prie konteinerio. Kas vienam nereikalingas daiktas \u2013 kitam lobis, o mes esame tarpininkai, kurie padeda abiems tapti laimingesniems ???? \u017dinome kaip nelengva i\u0161gyventi ma\u017eiems verslams, tad nuo \u0161iol, \u010dia rasite ir kit\u0173, ma\u017e\u0173 \u0161eim\u0173 versl\u0173, rank\u0173 darbo, dovan\u0173 sau ir artimiesiems.\",\"publisher\":{\"@id\":\"https:\/\/skaitytaknyga.lt\/#organization\"},\"potentialAction\":[{\"@type\":\"SearchAction\",\"target\":{\"@type\":\"EntryPoint\",\"urlTemplate\":\"https:\/\/skaitytaknyga.lt\/?s={search_term_string}\"},\"query-input\":{\"@type\":\"PropertyValueSpecification\",\"valueRequired\":true,\"valueName\":\"search_term_string\"}}],\"inLanguage\":\"en-GB\"},{\"@type\":\"Organization\",\"@id\":\"https:\/\/skaitytaknyga.lt\/#organization\",\"name\":\"skaitytaknyga.lt\",\"url\":\"https:\/\/skaitytaknyga.lt\/\",\"logo\":{\"@type\":\"ImageObject\",\"inLanguage\":\"en-GB\",\"@id\":\"https:\/\/skaitytaknyga.lt\/#\/schema\/logo\/image\/\",\"url\":\"https:\/\/skaitytaknyga.lt\/wp-content\/uploads\/2024\/05\/cropped-cropped-cropped-02_00843_jt3bggkj1j3HLc7SyY6rEUpg.jpeg\",\"contentUrl\":\"https:\/\/skaitytaknyga.lt\/wp-content\/uploads\/2024\/05\/cropped-cropped-cropped-02_00843_jt3bggkj1j3HLc7SyY6rEUpg.jpeg\",\"width\":1600,\"height\":1600,\"caption\":\"skaitytaknyga.lt\"},\"image\":{\"@id\":\"https:\/\/skaitytaknyga.lt\/#\/schema\/logo\/image\/\"},\"sameAs\":[\"https:\/\/www.facebook.com\/skaitytaknyga\/\"]}]}<\/script>\n<!-- \/ Yoast SEO plugin. -->","yoast_head_json":{"title":"Wicca: Another Year and a Day: 366 Days of Magical Practice in the Craft of the Wise","description":"Expand your understanding of Wicca and Witchcraft, gain greater spiritual insight, and explore ways to boost your magical potential with this step-by-step","robots":{"index":"index","follow":"follow","max-snippet":"max-snippet:-1","max-image-preview":"max-image-preview:large","max-video-preview":"max-video-preview:-1"},"canonical":"https:\/\/skaitytaknyga.lt\/en\/produktas\/wicca-another-year-and-a-day-366-days-of-magical-practice-in-the-craft-of-the-wise\/","og_locale":"en_GB","og_type":"article","og_title":"[:lt]Wicca: Another Year and a Day: 366 Days of Magical Practice in the Craft of the Wise[:] - Skaitytaknyga","og_description":"Expand your understanding of Wicca and Witchcraft, gain greater spiritual insight, and explore ways to boost your magical potential with this step-by-step","og_url":"https:\/\/skaitytaknyga.lt\/en\/produktas\/wicca-another-year-and-a-day-366-days-of-magical-practice-in-the-craft-of-the-wise\/","og_site_name":"Skaitytaknyga","article_publisher":"https:\/\/www.facebook.com\/skaitytaknyga\/","article_modified_time":"2026-03-18T09:50:27+00:00","og_image":[{"width":418,"height":522,"url":"https:\/\/skaitytaknyga.lt\/wp-content\/uploads\/2026\/03\/Wicca-Another-Year-and-a-Day-366-Days-of-Magical-Practice-in-the-Craft-of-the-Wise.jpg","type":"image\/jpeg"}],"twitter_card":"summary_large_image","twitter_misc":{"Estimated reading time":"1 minute"},"schema":{"@context":"https:\/\/schema.org","@graph":[{"@type":"WebPage","@id":"https:\/\/skaitytaknyga.lt\/produktas\/wicca-another-year-and-a-day-366-days-of-magical-practice-in-the-craft-of-the-wise\/","url":"https:\/\/skaitytaknyga.lt\/produktas\/wicca-another-year-and-a-day-366-days-of-magical-practice-in-the-craft-of-the-wise\/","name":"Wicca: Another Year and a Day: 366 Days of Magical Practice in the Craft of the Wise","isPartOf":{"@id":"https:\/\/skaitytaknyga.lt\/#website"},"primaryImageOfPage":{"@id":"https:\/\/skaitytaknyga.lt\/produktas\/wicca-another-year-and-a-day-366-days-of-magical-practice-in-the-craft-of-the-wise\/#primaryimage"},"image":{"@id":"https:\/\/skaitytaknyga.lt\/produktas\/wicca-another-year-and-a-day-366-days-of-magical-practice-in-the-craft-of-the-wise\/#primaryimage"},"thumbnailUrl":"https:\/\/skaitytaknyga.lt\/wp-content\/uploads\/2026\/03\/Wicca-Another-Year-and-a-Day-366-Days-of-Magical-Practice-in-the-Craft-of-the-Wise.jpg","datePublished":"2026-03-16T20:30:09+00:00","dateModified":"2026-03-18T09:50:27+00:00","description":"Expand your understanding of Wicca and Witchcraft, gain greater spiritual insight, and explore ways to boost your magical potential with this step-by-step","breadcrumb":{"@id":"https:\/\/skaitytaknyga.lt\/produktas\/wicca-another-year-and-a-day-366-days-of-magical-practice-in-the-craft-of-the-wise\/#breadcrumb"},"inLanguage":"en-GB","potentialAction":[{"@type":"ReadAction","target":["https:\/\/skaitytaknyga.lt\/produktas\/wicca-another-year-and-a-day-366-days-of-magical-practice-in-the-craft-of-the-wise\/"]}]},{"@type":"ImageObject","inLanguage":"en-GB","@id":"https:\/\/skaitytaknyga.lt\/produktas\/wicca-another-year-and-a-day-366-days-of-magical-practice-in-the-craft-of-the-wise\/#primaryimage","url":"https:\/\/skaitytaknyga.lt\/wp-content\/uploads\/2026\/03\/Wicca-Another-Year-and-a-Day-366-Days-of-Magical-Practice-in-the-Craft-of-the-Wise.jpg","contentUrl":"https:\/\/skaitytaknyga.lt\/wp-content\/uploads\/2026\/03\/Wicca-Another-Year-and-a-Day-366-Days-of-Magical-Practice-in-the-Craft-of-the-Wise.jpg","width":418,"height":522,"caption":"Wicca Another Year and a Day 366 Days of Magical Practice in the Craft of the Wise"},{"@type":"BreadcrumbList","@id":"https:\/\/skaitytaknyga.lt\/produktas\/wicca-another-year-and-a-day-366-days-of-magical-practice-in-the-craft-of-the-wise\/#breadcrumb","itemListElement":[{"@type":"ListItem","position":1,"name":"Home","item":"https:\/\/skaitytaknyga.lt\/"},{"@type":"ListItem","position":2,"name":"Parduotuv\u0117","item":"https:\/\/skaitytaknyga.lt\/knygu-parduotuve\/"},{"@type":"ListItem","position":3,"name":"Wicca: Another Year and a Day: 366 Days of Magical Practice in the Craft of the Wise"}]},{"@type":"WebSite","@id":"https:\/\/skaitytaknyga.lt\/#website","url":"https:\/\/skaitytaknyga.lt\/","name":"skaitytaknyga.lt","description":"Skaitytaknyga.lt \u2013 tai ma\u017eas \u0161eimos verslas, kuris prasid\u0117jo nuo meil\u0117s knygoms ir siekio i\u0161gelb\u0117ti knygas nuo likimo prie konteinerio. Kas vienam nereikalingas daiktas \u2013 kitam lobis, o mes esame tarpininkai, kurie padeda abiems tapti laimingesniems ???? \u017dinome kaip nelengva i\u0161gyventi ma\u017eiems verslams, tad nuo \u0161iol, \u010dia rasite ir kit\u0173, ma\u017e\u0173 \u0161eim\u0173 versl\u0173, rank\u0173 darbo, dovan\u0173 sau ir artimiesiems.","publisher":{"@id":"https:\/\/skaitytaknyga.lt\/#organization"},"potentialAction":[{"@type":"SearchAction","target":{"@type":"EntryPoint","urlTemplate":"https:\/\/skaitytaknyga.lt\/?s={search_term_string}"},"query-input":{"@type":"PropertyValueSpecification","valueRequired":true,"valueName":"search_term_string"}}],"inLanguage":"en-GB"},{"@type":"Organization","@id":"https:\/\/skaitytaknyga.lt\/#organization","name":"skaitytaknyga.lt","url":"https:\/\/skaitytaknyga.lt\/","logo":{"@type":"ImageObject","inLanguage":"en-GB","@id":"https:\/\/skaitytaknyga.lt\/#\/schema\/logo\/image\/","url":"https:\/\/skaitytaknyga.lt\/wp-content\/uploads\/2024\/05\/cropped-cropped-cropped-02_00843_jt3bggkj1j3HLc7SyY6rEUpg.jpeg","contentUrl":"https:\/\/skaitytaknyga.lt\/wp-content\/uploads\/2024\/05\/cropped-cropped-cropped-02_00843_jt3bggkj1j3HLc7SyY6rEUpg.jpeg","width":1600,"height":1600,"caption":"skaitytaknyga.lt"},"image":{"@id":"https:\/\/skaitytaknyga.lt\/#\/schema\/logo\/image\/"},"sameAs":["https:\/\/www.facebook.com\/skaitytaknyga\/"]}]}},"_links":{"self":[{"href":"https:\/\/skaitytaknyga.lt\/en\/wp-json\/wp\/v2\/product\/24842","targetHints":{"allow":["GET"]}}],"collection":[{"href":"https:\/\/skaitytaknyga.lt\/en\/wp-json\/wp\/v2\/product"}],"about":[{"href":"https:\/\/skaitytaknyga.lt\/en\/wp-json\/wp\/v2\/types\/product"}],"replies":[{"embeddable":true,"href":"https:\/\/skaitytaknyga.lt\/en\/wp-json\/wp\/v2\/comments?post=24842"}],"wp:featuredmedia":[{"embeddable":true,"href":"https:\/\/skaitytaknyga.lt\/en\/wp-json\/wp\/v2\/media\/24934"}],"wp:attachment":[{"href":"https:\/\/skaitytaknyga.lt\/en\/wp-json\/wp\/v2\/media?parent=24842"}],"wp:term":[{"taxonomy":"product_brand","embeddable":true,"href":"https:\/\/skaitytaknyga.lt\/en\/wp-json\/wp\/v2\/product_brand?post=24842"},{"taxonomy":"product_cat","embeddable":true,"href":"https:\/\/skaitytaknyga.lt\/en\/wp-json\/wp\/v2\/product_cat?post=24842"},{"taxonomy":"product_tag","embeddable":true,"href":"https:\/\/skaitytaknyga.lt\/en\/wp-json\/wp\/v2\/product_tag?post=24842"}],"curies":[{"name":"wp","href":"https:\/\/api.w.org\/{rel}","templated":true}]}}