{"id":24823,"date":"2026-03-16T09:15:31","date_gmt":"2026-03-16T07:15:31","guid":{"rendered":"https:\/\/skaitytaknyga.lt\/?post_type=product&#038;p=24823"},"modified":"2026-03-17T11:27:25","modified_gmt":"2026-03-17T09:27:25","slug":"vakarykstis-pasaulis-europiecio-prisiminimai","status":"publish","type":"product","link":"https:\/\/skaitytaknyga.lt\/en\/produktas\/vakarykstis-pasaulis-europiecio-prisiminimai\/","title":{"rendered":"Vakaryk\u0161tis pasaulis.Europie\u010dio prisiminimai"},"content":{"rendered":"<p>Ir a\u0161 \u017einojau: v\u0117l visa, kas buvo, prasmego, visa, kas sukurta, pra\u017euvo \u2013 Europa, m\u016bs\u0173 t\u0117vyn\u0117, kuriai gyvenome, sunaikinta daug ilgesniam laikui, negu siekia m\u016bs\u0173 pa\u010di\u0173 gyvenimas.<br \/>\nO blogiausia buvo tai, kad mus apgavo maloniausias jausmas \u2013 visuotinis optimizmas.<\/p>\n<p>Bet mes vis dar nemat\u0117me pavojaus.<\/p>\n<p>Stefan Zweig (Stefanas Cveigas, 1881\u20131942) \u2013 vienas \u017eymiausi\u0173 pasaulio ra\u0161ytoj\u0173, publicist\u0173, literat\u016bros kritik\u0173; daugyb\u0117s apsakym\u0173, \u017eymi\u0173 \u017emoni\u0173 biografij\u0173, roman\u0173 autorius. Gim\u0119s Vienoje, pasiturin\u010dioje \u017eyd\u0173 \u0161eimoje, ra\u0161ytojas dukart pergyveno Europos gri\u016bt\u012f \u2013 Pirmojo, o paskui ir Antrojo pasaulinio karo metus. Palik\u0119s t\u0117vyn\u0119 po Austrijos an\u0161liuso, Zweigas i\u0161vyko \u012f London\u0105, v\u0117liau \u2013 Niujork\u0105 ir galiausiai apsistojo Petropolyje, Brazilijoje, kur, nebei\u0161tv\u0117r\u0119s depresijos ir nusivylimo, 1942 m. nusi\u017eud\u0117.<\/p>\n<p>\u201eVakaryk\u0161tis pasaulis: europie\u010dio prisiminimai\u201c \u2013 knyga, i\u0161leista jau po ra\u0161ytojo mirties. Tai ir autobiografija, ir epochos dokumentas, pra\u017euvusio Europos aukso am\u017eiaus metra\u0161tis. Para\u0161yta likus keliems m\u0117nesiams iki mirties, \u0161i knyga nostalgi\u0161kai pie\u0161ia am\u017eiams prapuolus\u012f pasaul\u012f \u2013 prarast\u0105 saugumo ir stabilumo roj\u0173, kaizerio laik\u0173 Vien\u0105, keliones po Europ\u0105, sutiktus garsiausius to meto menininkus. Drauge tai \u2013 \u017eiauri iliuzij\u0173 \u017elugimo kronika. Tikras europietis pla\u010diaja prasme, Zweigas visuomet tik\u0117jo, kad barbaryb\u0119 galima nugal\u0117ti vien dvasios ginklu. Ta\u010diau tikrov\u0117 pasirod\u0117 visi\u0161kai kitokia.<\/p>\n<p>Tai knyga apie Europos ir europieti\u0161kos civilizacijos \u017elugim\u0105. Apie \u201esaugumo ir k\u016brybinio proto pasaulio\u201c netekt\u012f. Apie intelektual\u0173 naivum\u0105 ir netik\u0117jim\u0105, apie ateinan\u010dios gr\u0117sm\u0117s po\u017eymius, gr\u0117sm\u0117s, kurios niekas nenor\u0117jo matyti ir \u012fvardyti. Apie tai, k\u0105 i\u0161gyvena k\u016br\u0117jas, kai karas pasibeld\u017eia \u012f jo numyl\u0117t\u0173 nam\u0173 duris. Istorija kartojasi.<\/p>\n","protected":false},"excerpt":{"rendered":"<p>Ir a\u0161 \u017einojau: v\u0117l visa, kas buvo, prasmego, visa, kas sukurta, pra\u017euvo \u2013 Europa, m\u016bs\u0173 t\u0117vyn\u0117, kuriai gyvenome, sunaikinta daug ilgesniam laikui, negu siekia m\u016bs\u0173 pa\u010di\u0173 gyvenimas. O blogiausia buvo tai, kad mus apgavo maloniausias jausmas \u2013 visuotinis optimizmas. Bet mes vis dar nemat\u0117me pavojaus. Stefan Zweig (Stefanas Cveigas, 1881\u20131942) \u2013 vienas \u017eymiausi\u0173 pasaulio ra\u0161ytoj\u0173, publicist\u0173, literat\u016bros kritik\u0173; daugyb\u0117s apsakym\u0173, \u017eymi\u0173 \u017emoni\u0173 biografij\u0173, roman\u0173 autorius. Gim\u0119s Vienoje, pasiturin\u010dioje \u017eyd\u0173 \u0161eimoje, ra\u0161ytojas dukart pergyveno Europos gri\u016bt\u012f \u2013 Pirmojo, o paskui ir Antrojo pasaulinio karo metus. Palik\u0119s t\u0117vyn\u0119 po Austrijos an\u0161liuso, Zweigas i\u0161vyko \u012f London\u0105, v\u0117liau \u2013 Niujork\u0105 ir galiausiai apsistojo Petropolyje, Brazilijoje, kur, nebei\u0161tv\u0117r\u0119s depresijos ir nusivylimo, 1942 m. nusi\u017eud\u0117. \u201eVakaryk\u0161tis pasaulis: europie\u010dio prisiminimai\u201c \u2013 knyga, i\u0161leista jau po ra\u0161ytojo mirties. Tai ir autobiografija, ir epochos dokumentas, pra\u017euvusio Europos aukso am\u017eiaus metra\u0161tis. Para\u0161yta likus keliems m\u0117nesiams iki mirties, \u0161i knyga nostalgi\u0161kai pie\u0161ia am\u017eiams prapuolus\u012f pasaul\u012f \u2013 prarast\u0105 saugumo ir stabilumo roj\u0173, kaizerio laik\u0173 Vien\u0105, keliones po Europ\u0105, sutiktus garsiausius to meto menininkus. Drauge tai \u2013 \u017eiauri iliuzij\u0173 \u017elugimo kronika. Tikras europietis pla\u010diaja prasme, Zweigas visuomet tik\u0117jo, kad barbaryb\u0119 galima nugal\u0117ti vien dvasios ginklu. Ta\u010diau tikrov\u0117 pasirod\u0117 visi\u0161kai kitokia. Tai knyga apie Europos ir europieti\u0161kos civilizacijos \u017elugim\u0105. Apie \u201esaugumo ir k\u016brybinio proto pasaulio\u201c netekt\u012f. Apie intelektual\u0173 naivum\u0105 ir netik\u0117jim\u0105, apie ateinan\u010dios gr\u0117sm\u0117s po\u017eymius, gr\u0117sm\u0117s, kurios niekas nenor\u0117jo matyti ir \u012fvardyti. Apie tai, k\u0105 i\u0161gyvena k\u016br\u0117jas, kai karas pasibeld\u017eia \u012f jo numyl\u0117t\u0173 nam\u0173 duris. Istorija kartojasi.<\/p>\n","protected":false},"featured_media":24828,"comment_status":"open","ping_status":"closed","template":"","meta":{"_acf_changed":false,"site-sidebar-layout":"default","site-content-layout":"","ast-site-content-layout":"default","site-content-style":"default","site-sidebar-style":"default","ast-global-header-display":"","ast-banner-title-visibility":"","ast-main-header-display":"","ast-hfb-above-header-display":"","ast-hfb-below-header-display":"","ast-hfb-mobile-header-display":"","site-post-title":"","ast-breadcrumbs-content":"","ast-featured-img":"","footer-sml-layout":"","ast-disable-related-posts":"","theme-transparent-header-meta":"","adv-header-id-meta":"","stick-header-meta":"","header-above-stick-meta":"","header-main-stick-meta":"","header-below-stick-meta":"","astra-migrate-meta-layouts":"default","ast-page-background-enabled":"default","ast-page-background-meta":{"desktop":{"background-color":"","background-image":"","background-repeat":"repeat","background-position":"center center","background-size":"auto","background-attachment":"scroll","background-type":"","background-media":"","overlay-type":"","overlay-color":"","overlay-opacity":"","overlay-gradient":""},"tablet":{"background-color":"","background-image":"","background-repeat":"repeat","background-position":"center center","background-size":"auto","background-attachment":"scroll","background-type":"","background-media":"","overlay-type":"","overlay-color":"","overlay-opacity":"","overlay-gradient":""},"mobile":{"background-color":"","background-image":"","background-repeat":"repeat","background-position":"center center","background-size":"auto","background-attachment":"scroll","background-type":"","background-media":"","overlay-type":"","overlay-color":"","overlay-opacity":"","overlay-gradient":""}},"ast-content-background-meta":{"desktop":{"background-color":"var(--ast-global-color-4)","background-image":"","background-repeat":"repeat","background-position":"center center","background-size":"auto","background-attachment":"scroll","background-type":"","background-media":"","overlay-type":"","overlay-color":"","overlay-opacity":"","overlay-gradient":""},"tablet":{"background-color":"var(--ast-global-color-4)","background-image":"","background-repeat":"repeat","background-position":"center center","background-size":"auto","background-attachment":"scroll","background-type":"","background-media":"","overlay-type":"","overlay-color":"","overlay-opacity":"","overlay-gradient":""},"mobile":{"background-color":"var(--ast-global-color-4)","background-image":"","background-repeat":"repeat","background-position":"center center","background-size":"auto","background-attachment":"scroll","background-type":"","background-media":"","overlay-type":"","overlay-color":"","overlay-opacity":"","overlay-gradient":""}}},"product_brand":[],"product_cat":[9693,33],"product_tag":[3648],"class_list":{"0":"post-24823","1":"product","2":"type-product","3":"status-publish","4":"has-post-thumbnail","6":"product_cat-visos-prekes","7":"product_cat-biografijos","8":"product_tag-stefan-zweig","9":"desktop-align-left","10":"tablet-align-left","11":"mobile-align-left","13":"first","14":"instock","15":"shipping-taxable","16":"purchasable","17":"product-type-simple"},"acf":[],"yoast_head":"<!-- This site is optimized with the Yoast SEO plugin v27.0 - https:\/\/yoast.com\/product\/yoast-seo-wordpress\/ -->\n<title>Vakaryk\u0161tis pasaulis.Europie\u010dio prisiminimai<\/title>\n<meta name=\"description\" content=\"Ir a\u0161 \u017einojau: v\u0117l visa, kas buvo, prasmego, visa, kas sukurta, pra\u017euvo \u2013 Europa, m\u016bs\u0173 t\u0117vyn\u0117, kuriai gyvenome, sunaikinta daug ilgesniam laikui, negu\" \/>\n<meta name=\"robots\" content=\"index, follow, max-snippet:-1, max-image-preview:large, max-video-preview:-1\" \/>\n<link rel=\"canonical\" href=\"https:\/\/skaitytaknyga.lt\/en\/produktas\/vakarykstis-pasaulis-europiecio-prisiminimai\/\" \/>\n<meta property=\"og:locale\" content=\"en_GB\" \/>\n<meta property=\"og:locale:alternate\" content=\"lt_LT\" \/>\n<meta property=\"og:type\" content=\"article\" \/>\n<meta property=\"og:title\" content=\"Vakaryk\u0161tis pasaulis.Europie\u010dio prisiminimai\" \/>\n<meta property=\"og:description\" content=\"Ir a\u0161 \u017einojau: v\u0117l visa, kas buvo, prasmego, visa, kas sukurta, pra\u017euvo \u2013 Europa, m\u016bs\u0173 t\u0117vyn\u0117, kuriai gyvenome, sunaikinta daug ilgesniam laikui, negu\" \/>\n<meta property=\"og:url\" content=\"https:\/\/skaitytaknyga.lt\/en\/produktas\/vakarykstis-pasaulis-europiecio-prisiminimai\/\" \/>\n<meta property=\"og:site_name\" content=\"Skaitytaknyga\" \/>\n<meta property=\"article:publisher\" content=\"https:\/\/www.facebook.com\/skaitytaknyga\/\" \/>\n<meta property=\"article:modified_time\" content=\"2026-03-17T09:27:25+00:00\" \/>\n<meta property=\"og:image\" content=\"https:\/\/skaitytaknyga.lt\/wp-content\/uploads\/2026\/03\/Vakarykstis-pasaulis.-Europiecio-prisiminimai.webp\" \/>\n\t<meta property=\"og:image:width\" content=\"415\" \/>\n\t<meta property=\"og:image:height\" content=\"623\" \/>\n\t<meta property=\"og:image:type\" content=\"image\/webp\" \/>\n<meta name=\"twitter:card\" content=\"summary_large_image\" \/>\n<meta name=\"twitter:label1\" content=\"Estimated reading time\" \/>\n\t<meta name=\"twitter:data1\" content=\"1 minute\" \/>\n<script type=\"application\/ld+json\" class=\"yoast-schema-graph\">{\"@context\":\"https:\/\/schema.org\",\"@graph\":[{\"@type\":\"WebPage\",\"@id\":\"https:\/\/skaitytaknyga.lt\/produktas\/vakarykstis-pasaulis-europiecio-prisiminimai\/\",\"url\":\"https:\/\/skaitytaknyga.lt\/produktas\/vakarykstis-pasaulis-europiecio-prisiminimai\/\",\"name\":\"Vakaryk\u0161tis pasaulis.Europie\u010dio prisiminimai\",\"isPartOf\":{\"@id\":\"https:\/\/skaitytaknyga.lt\/#website\"},\"primaryImageOfPage\":{\"@id\":\"https:\/\/skaitytaknyga.lt\/produktas\/vakarykstis-pasaulis-europiecio-prisiminimai\/#primaryimage\"},\"image\":{\"@id\":\"https:\/\/skaitytaknyga.lt\/produktas\/vakarykstis-pasaulis-europiecio-prisiminimai\/#primaryimage\"},\"thumbnailUrl\":\"https:\/\/skaitytaknyga.lt\/wp-content\/uploads\/2026\/03\/Vakarykstis-pasaulis.-Europiecio-prisiminimai.webp\",\"datePublished\":\"2026-03-16T07:15:31+00:00\",\"dateModified\":\"2026-03-17T09:27:25+00:00\",\"description\":\"Ir a\u0161 \u017einojau: v\u0117l visa, kas buvo, prasmego, visa, kas sukurta, pra\u017euvo \u2013 Europa, m\u016bs\u0173 t\u0117vyn\u0117, kuriai gyvenome, sunaikinta daug ilgesniam laikui, negu\",\"breadcrumb\":{\"@id\":\"https:\/\/skaitytaknyga.lt\/produktas\/vakarykstis-pasaulis-europiecio-prisiminimai\/#breadcrumb\"},\"inLanguage\":\"en-GB\",\"potentialAction\":[{\"@type\":\"ReadAction\",\"target\":[\"https:\/\/skaitytaknyga.lt\/produktas\/vakarykstis-pasaulis-europiecio-prisiminimai\/\"]}]},{\"@type\":\"ImageObject\",\"inLanguage\":\"en-GB\",\"@id\":\"https:\/\/skaitytaknyga.lt\/produktas\/vakarykstis-pasaulis-europiecio-prisiminimai\/#primaryimage\",\"url\":\"https:\/\/skaitytaknyga.lt\/wp-content\/uploads\/2026\/03\/Vakarykstis-pasaulis.-Europiecio-prisiminimai.webp\",\"contentUrl\":\"https:\/\/skaitytaknyga.lt\/wp-content\/uploads\/2026\/03\/Vakarykstis-pasaulis.-Europiecio-prisiminimai.webp\",\"width\":415,\"height\":623,\"caption\":\"Vakaryk\u0161tis pasaulis. Europie\u010dio prisiminimai\"},{\"@type\":\"BreadcrumbList\",\"@id\":\"https:\/\/skaitytaknyga.lt\/produktas\/vakarykstis-pasaulis-europiecio-prisiminimai\/#breadcrumb\",\"itemListElement\":[{\"@type\":\"ListItem\",\"position\":1,\"name\":\"Home\",\"item\":\"https:\/\/skaitytaknyga.lt\/\"},{\"@type\":\"ListItem\",\"position\":2,\"name\":\"Parduotuv\u0117\",\"item\":\"https:\/\/skaitytaknyga.lt\/knygu-parduotuve\/\"},{\"@type\":\"ListItem\",\"position\":3,\"name\":\"Vakaryk\u0161tis pasaulis.Europie\u010dio prisiminimai\"}]},{\"@type\":\"WebSite\",\"@id\":\"https:\/\/skaitytaknyga.lt\/#website\",\"url\":\"https:\/\/skaitytaknyga.lt\/\",\"name\":\"skaitytaknyga.lt\",\"description\":\"Skaitytaknyga.lt \u2013 tai ma\u017eas \u0161eimos verslas, kuris prasid\u0117jo nuo meil\u0117s knygoms ir siekio i\u0161gelb\u0117ti knygas nuo likimo prie konteinerio. Kas vienam nereikalingas daiktas \u2013 kitam lobis, o mes esame tarpininkai, kurie padeda abiems tapti laimingesniems ???? \u017dinome kaip nelengva i\u0161gyventi ma\u017eiems verslams, tad nuo \u0161iol, \u010dia rasite ir kit\u0173, ma\u017e\u0173 \u0161eim\u0173 versl\u0173, rank\u0173 darbo, dovan\u0173 sau ir artimiesiems.\",\"publisher\":{\"@id\":\"https:\/\/skaitytaknyga.lt\/#organization\"},\"potentialAction\":[{\"@type\":\"SearchAction\",\"target\":{\"@type\":\"EntryPoint\",\"urlTemplate\":\"https:\/\/skaitytaknyga.lt\/?s={search_term_string}\"},\"query-input\":{\"@type\":\"PropertyValueSpecification\",\"valueRequired\":true,\"valueName\":\"search_term_string\"}}],\"inLanguage\":\"en-GB\"},{\"@type\":\"Organization\",\"@id\":\"https:\/\/skaitytaknyga.lt\/#organization\",\"name\":\"skaitytaknyga.lt\",\"url\":\"https:\/\/skaitytaknyga.lt\/\",\"logo\":{\"@type\":\"ImageObject\",\"inLanguage\":\"en-GB\",\"@id\":\"https:\/\/skaitytaknyga.lt\/#\/schema\/logo\/image\/\",\"url\":\"https:\/\/skaitytaknyga.lt\/wp-content\/uploads\/2024\/05\/cropped-cropped-cropped-02_00843_jt3bggkj1j3HLc7SyY6rEUpg.jpeg\",\"contentUrl\":\"https:\/\/skaitytaknyga.lt\/wp-content\/uploads\/2024\/05\/cropped-cropped-cropped-02_00843_jt3bggkj1j3HLc7SyY6rEUpg.jpeg\",\"width\":1600,\"height\":1600,\"caption\":\"skaitytaknyga.lt\"},\"image\":{\"@id\":\"https:\/\/skaitytaknyga.lt\/#\/schema\/logo\/image\/\"},\"sameAs\":[\"https:\/\/www.facebook.com\/skaitytaknyga\/\"]}]}<\/script>\n<!-- \/ Yoast SEO plugin. -->","yoast_head_json":{"title":"Vakaryk\u0161tis pasaulis.Europie\u010dio prisiminimai","description":"Ir a\u0161 \u017einojau: v\u0117l visa, kas buvo, prasmego, visa, kas sukurta, pra\u017euvo \u2013 Europa, m\u016bs\u0173 t\u0117vyn\u0117, kuriai gyvenome, sunaikinta daug ilgesniam laikui, negu","robots":{"index":"index","follow":"follow","max-snippet":"max-snippet:-1","max-image-preview":"max-image-preview:large","max-video-preview":"max-video-preview:-1"},"canonical":"https:\/\/skaitytaknyga.lt\/en\/produktas\/vakarykstis-pasaulis-europiecio-prisiminimai\/","og_locale":"en_GB","og_type":"article","og_title":"[:lt]Vakaryk\u0161tis pasaulis.Europie\u010dio prisiminimai[:] - Skaitytaknyga","og_description":"Ir a\u0161 \u017einojau: v\u0117l visa, kas buvo, prasmego, visa, kas sukurta, pra\u017euvo \u2013 Europa, m\u016bs\u0173 t\u0117vyn\u0117, kuriai gyvenome, sunaikinta daug ilgesniam laikui, negu","og_url":"https:\/\/skaitytaknyga.lt\/en\/produktas\/vakarykstis-pasaulis-europiecio-prisiminimai\/","og_site_name":"Skaitytaknyga","article_publisher":"https:\/\/www.facebook.com\/skaitytaknyga\/","article_modified_time":"2026-03-17T09:27:25+00:00","og_image":[{"width":415,"height":623,"url":"https:\/\/skaitytaknyga.lt\/wp-content\/uploads\/2026\/03\/Vakarykstis-pasaulis.-Europiecio-prisiminimai.webp","type":"image\/webp"}],"twitter_card":"summary_large_image","twitter_misc":{"Estimated reading time":"1 minute"},"schema":{"@context":"https:\/\/schema.org","@graph":[{"@type":"WebPage","@id":"https:\/\/skaitytaknyga.lt\/produktas\/vakarykstis-pasaulis-europiecio-prisiminimai\/","url":"https:\/\/skaitytaknyga.lt\/produktas\/vakarykstis-pasaulis-europiecio-prisiminimai\/","name":"Vakaryk\u0161tis pasaulis.Europie\u010dio prisiminimai","isPartOf":{"@id":"https:\/\/skaitytaknyga.lt\/#website"},"primaryImageOfPage":{"@id":"https:\/\/skaitytaknyga.lt\/produktas\/vakarykstis-pasaulis-europiecio-prisiminimai\/#primaryimage"},"image":{"@id":"https:\/\/skaitytaknyga.lt\/produktas\/vakarykstis-pasaulis-europiecio-prisiminimai\/#primaryimage"},"thumbnailUrl":"https:\/\/skaitytaknyga.lt\/wp-content\/uploads\/2026\/03\/Vakarykstis-pasaulis.-Europiecio-prisiminimai.webp","datePublished":"2026-03-16T07:15:31+00:00","dateModified":"2026-03-17T09:27:25+00:00","description":"Ir a\u0161 \u017einojau: v\u0117l visa, kas buvo, prasmego, visa, kas sukurta, pra\u017euvo \u2013 Europa, m\u016bs\u0173 t\u0117vyn\u0117, kuriai gyvenome, sunaikinta daug ilgesniam laikui, negu","breadcrumb":{"@id":"https:\/\/skaitytaknyga.lt\/produktas\/vakarykstis-pasaulis-europiecio-prisiminimai\/#breadcrumb"},"inLanguage":"en-GB","potentialAction":[{"@type":"ReadAction","target":["https:\/\/skaitytaknyga.lt\/produktas\/vakarykstis-pasaulis-europiecio-prisiminimai\/"]}]},{"@type":"ImageObject","inLanguage":"en-GB","@id":"https:\/\/skaitytaknyga.lt\/produktas\/vakarykstis-pasaulis-europiecio-prisiminimai\/#primaryimage","url":"https:\/\/skaitytaknyga.lt\/wp-content\/uploads\/2026\/03\/Vakarykstis-pasaulis.-Europiecio-prisiminimai.webp","contentUrl":"https:\/\/skaitytaknyga.lt\/wp-content\/uploads\/2026\/03\/Vakarykstis-pasaulis.-Europiecio-prisiminimai.webp","width":415,"height":623,"caption":"Vakaryk\u0161tis pasaulis. Europie\u010dio prisiminimai"},{"@type":"BreadcrumbList","@id":"https:\/\/skaitytaknyga.lt\/produktas\/vakarykstis-pasaulis-europiecio-prisiminimai\/#breadcrumb","itemListElement":[{"@type":"ListItem","position":1,"name":"Home","item":"https:\/\/skaitytaknyga.lt\/"},{"@type":"ListItem","position":2,"name":"Parduotuv\u0117","item":"https:\/\/skaitytaknyga.lt\/knygu-parduotuve\/"},{"@type":"ListItem","position":3,"name":"Vakaryk\u0161tis pasaulis.Europie\u010dio prisiminimai"}]},{"@type":"WebSite","@id":"https:\/\/skaitytaknyga.lt\/#website","url":"https:\/\/skaitytaknyga.lt\/","name":"skaitytaknyga.lt","description":"Skaitytaknyga.lt \u2013 tai ma\u017eas \u0161eimos verslas, kuris prasid\u0117jo nuo meil\u0117s knygoms ir siekio i\u0161gelb\u0117ti knygas nuo likimo prie konteinerio. Kas vienam nereikalingas daiktas \u2013 kitam lobis, o mes esame tarpininkai, kurie padeda abiems tapti laimingesniems ???? \u017dinome kaip nelengva i\u0161gyventi ma\u017eiems verslams, tad nuo \u0161iol, \u010dia rasite ir kit\u0173, ma\u017e\u0173 \u0161eim\u0173 versl\u0173, rank\u0173 darbo, dovan\u0173 sau ir artimiesiems.","publisher":{"@id":"https:\/\/skaitytaknyga.lt\/#organization"},"potentialAction":[{"@type":"SearchAction","target":{"@type":"EntryPoint","urlTemplate":"https:\/\/skaitytaknyga.lt\/?s={search_term_string}"},"query-input":{"@type":"PropertyValueSpecification","valueRequired":true,"valueName":"search_term_string"}}],"inLanguage":"en-GB"},{"@type":"Organization","@id":"https:\/\/skaitytaknyga.lt\/#organization","name":"skaitytaknyga.lt","url":"https:\/\/skaitytaknyga.lt\/","logo":{"@type":"ImageObject","inLanguage":"en-GB","@id":"https:\/\/skaitytaknyga.lt\/#\/schema\/logo\/image\/","url":"https:\/\/skaitytaknyga.lt\/wp-content\/uploads\/2024\/05\/cropped-cropped-cropped-02_00843_jt3bggkj1j3HLc7SyY6rEUpg.jpeg","contentUrl":"https:\/\/skaitytaknyga.lt\/wp-content\/uploads\/2024\/05\/cropped-cropped-cropped-02_00843_jt3bggkj1j3HLc7SyY6rEUpg.jpeg","width":1600,"height":1600,"caption":"skaitytaknyga.lt"},"image":{"@id":"https:\/\/skaitytaknyga.lt\/#\/schema\/logo\/image\/"},"sameAs":["https:\/\/www.facebook.com\/skaitytaknyga\/"]}]}},"_links":{"self":[{"href":"https:\/\/skaitytaknyga.lt\/en\/wp-json\/wp\/v2\/product\/24823","targetHints":{"allow":["GET"]}}],"collection":[{"href":"https:\/\/skaitytaknyga.lt\/en\/wp-json\/wp\/v2\/product"}],"about":[{"href":"https:\/\/skaitytaknyga.lt\/en\/wp-json\/wp\/v2\/types\/product"}],"replies":[{"embeddable":true,"href":"https:\/\/skaitytaknyga.lt\/en\/wp-json\/wp\/v2\/comments?post=24823"}],"wp:featuredmedia":[{"embeddable":true,"href":"https:\/\/skaitytaknyga.lt\/en\/wp-json\/wp\/v2\/media\/24828"}],"wp:attachment":[{"href":"https:\/\/skaitytaknyga.lt\/en\/wp-json\/wp\/v2\/media?parent=24823"}],"wp:term":[{"taxonomy":"product_brand","embeddable":true,"href":"https:\/\/skaitytaknyga.lt\/en\/wp-json\/wp\/v2\/product_brand?post=24823"},{"taxonomy":"product_cat","embeddable":true,"href":"https:\/\/skaitytaknyga.lt\/en\/wp-json\/wp\/v2\/product_cat?post=24823"},{"taxonomy":"product_tag","embeddable":true,"href":"https:\/\/skaitytaknyga.lt\/en\/wp-json\/wp\/v2\/product_tag?post=24823"}],"curies":[{"name":"wp","href":"https:\/\/api.w.org\/{rel}","templated":true}]}}