{"id":24821,"date":"2026-03-16T09:15:31","date_gmt":"2026-03-16T07:15:31","guid":{"rendered":"https:\/\/skaitytaknyga.lt\/?post_type=product&#038;p=24821"},"modified":"2026-03-17T12:01:41","modified_gmt":"2026-03-17T10:01:41","slug":"simtas-metu-vienatves","status":"publish","type":"product","link":"https:\/\/skaitytaknyga.lt\/en\/produktas\/simtas-metu-vienatves\/","title":{"rendered":"\u0160imtas met\u0173 vienatv\u0117s (yra skaitymo \u017eymi\u0173)"},"content":{"rendered":"<p>Gabrielis Garc\u00eda M\u00e1rquezas (1927\u20132014) \u2013 \u017eymiausias XX a. Lotyn\u0173 Amerikos ra\u0161ytojas, magi\u0161kojo realizmo klasikas, Nobelio premijos (1982) laureatas. Jis gim\u0117 Arakatakoje (Kolumbija), Karib\u0173 j\u016bros pakrant\u0117je.<\/p>\n<p>Pasaulin\u012f gars\u0105 ra\u0161ytojui peln\u0117 romanas \u201e\u0160imtas met\u0173 vienatv\u0117s&#8221; (1967). Tai buvo naujas \u017eodis pasaulin\u0117je literat\u016broje, magi\u0161kojo realizmo prad\u017eia. Prasid\u0117jo pergalingas M\u00e1rquezo \u017eygis per pasaul\u012f, nekantriai laukiant\u012f jo nauj\u0173 k\u016brini\u0173, kuri\u0173 garsiausi yra \u201ePatriarcho ruduo&#8221; (1975), \u201eMeil\u0117 choleros metu&#8221; (1985), \u201eApie meil\u0119 ir kitus demonus&#8221; (1995).<\/p>\n<p>M\u00e1rquezo knygose svarbiausia ne \u012fvykiai, o nekasdieni\u0161kos, turtingos \u017eod\u017ei\u0173, kvap\u0173 ir spalv\u0173 istorijos. Jo romanai lyg sodrus juodas \u0161okoladas, kur\u012f valgai l\u0117tai skon\u0117damasis. M\u00e1rquezo tekste visko tiek daug, kad reikia laiko tikram malonumui patirti.<\/p>\n<p>Romane pasakojama Buendij\u0173 \u0161eimos ir j\u0173 \u012fkurto Makondo miesto \u0161imto met\u0173 istorija \u2013 nuo \u012fk\u016brimo iki tragi\u0161kos pabaigos. Kiekviena i\u0161 septyni\u0173 Buendij\u0173 kart\u0173 \u012f pasaul\u012f atsine\u0161a savo lemt\u012f, patiria savus d\u017eiaugsmus, kovoja su savais demonais. J\u0173 vis\u0173 likimai yra nei\u0161vengiamai susij\u0119 ir persipyn\u0119, formuojantys ne tik \u017emones, bet ir gimt\u0105j\u012f miest\u0105, augant\u012f ir besikei\u010diant\u012f kartu su savo \u012fk\u016br\u0117jais.<\/p>\n<p>\u012e Buendij\u0173 ir Makondo kasdienyb\u0119 nuolat \u012fsibrauna legendin\u0117s asmenyb\u0117s, \u012fsipina tikri istoriniai \u012fvykiai ir \u0161io pasaulio d\u0117sniams nepakl\u016bstantys magi\u0161ki nutikimai. Visa tai kreipia Buendij\u0173 \u0161eimos likim\u0105 link nei\u0161vengiamos, kadaise i\u0161prana\u0161autos baigties.<\/p>\n<p>\u201e\u0160imtas met\u0173 vienatv\u0117s&#8221; \u2013 Piet\u0173 Amerikos ir viso pasaulio literat\u016br\u0105 pakeit\u0119s k\u016brinys. Romano stilius, kupinas detali\u0173, spalv\u0173 ir jausmo, i\u0161tryn\u0117 ribas tarp realyb\u0117s ir fantazijos, tapo \u017einomiausiu magi\u0161kojo realizmo \u017eanro pavyzd\u017eiu literat\u016bros istorijoje.<\/p>\n<p>\u201eDaugiau \u0161viesos, s\u0105mojaus, i\u0161minties ir poezijos, nei b\u016bt\u0173 galima tik\u0117tis i\u0161 \u0161imto met\u0173 literat\u016bros apskritai, o ne vieno \u017emogaus.&#8221;<\/p>\n","protected":false},"excerpt":{"rendered":"<p>Gabrielis Garc\u00eda M\u00e1rquezas (1927\u20132014) \u2013 \u017eymiausias XX a. Lotyn\u0173 Amerikos ra\u0161ytojas, magi\u0161kojo realizmo klasikas, Nobelio premijos (1982) laureatas. Jis gim\u0117 Arakatakoje (Kolumbija), Karib\u0173 j\u016bros pakrant\u0117je. Pasaulin\u012f gars\u0105 ra\u0161ytojui peln\u0117 romanas \u201e\u0160imtas met\u0173 vienatv\u0117s&#8221; (1967). Tai buvo naujas \u017eodis pasaulin\u0117je literat\u016broje, magi\u0161kojo realizmo prad\u017eia. Prasid\u0117jo pergalingas M\u00e1rquezo \u017eygis per pasaul\u012f, nekantriai laukiant\u012f jo nauj\u0173 k\u016brini\u0173, kuri\u0173 garsiausi yra \u201ePatriarcho ruduo&#8221; (1975), \u201eMeil\u0117 choleros metu&#8221; (1985), \u201eApie meil\u0119 ir kitus demonus&#8221; (1995). M\u00e1rquezo knygose svarbiausia ne \u012fvykiai, o nekasdieni\u0161kos, turtingos \u017eod\u017ei\u0173, kvap\u0173 ir spalv\u0173 istorijos. Jo romanai lyg sodrus juodas \u0161okoladas, kur\u012f valgai l\u0117tai skon\u0117damasis. M\u00e1rquezo tekste visko tiek daug, kad reikia laiko tikram malonumui patirti. Romane pasakojama Buendij\u0173 \u0161eimos ir j\u0173 \u012fkurto Makondo miesto \u0161imto met\u0173 istorija \u2013 nuo \u012fk\u016brimo iki tragi\u0161kos pabaigos. Kiekviena i\u0161 septyni\u0173 Buendij\u0173 kart\u0173 \u012f pasaul\u012f atsine\u0161a savo lemt\u012f, patiria savus d\u017eiaugsmus, kovoja su savais demonais. J\u0173 vis\u0173 likimai yra nei\u0161vengiamai susij\u0119 ir persipyn\u0119, formuojantys ne tik \u017emones, bet ir gimt\u0105j\u012f miest\u0105, augant\u012f ir besikei\u010diant\u012f kartu su savo \u012fk\u016br\u0117jais. \u012e Buendij\u0173 ir Makondo kasdienyb\u0119 nuolat \u012fsibrauna legendin\u0117s asmenyb\u0117s, \u012fsipina tikri istoriniai \u012fvykiai ir \u0161io pasaulio d\u0117sniams nepakl\u016bstantys magi\u0161ki nutikimai. Visa tai kreipia Buendij\u0173 \u0161eimos likim\u0105 link nei\u0161vengiamos, kadaise i\u0161prana\u0161autos baigties. \u201e\u0160imtas met\u0173 vienatv\u0117s&#8221; \u2013 Piet\u0173 Amerikos ir viso pasaulio literat\u016br\u0105 pakeit\u0119s k\u016brinys. Romano stilius, kupinas detali\u0173, spalv\u0173 ir jausmo, i\u0161tryn\u0117 ribas tarp realyb\u0117s ir fantazijos, tapo \u017einomiausiu magi\u0161kojo realizmo \u017eanro pavyzd\u017eiu literat\u016bros istorijoje. \u201eDaugiau \u0161viesos, s\u0105mojaus, i\u0161minties ir poezijos, nei b\u016bt\u0173 galima tik\u0117tis i\u0161 \u0161imto met\u0173 literat\u016bros apskritai, o ne vieno \u017emogaus.&#8221;<\/p>\n","protected":false},"featured_media":24826,"comment_status":"open","ping_status":"closed","template":"","meta":{"_acf_changed":false,"site-sidebar-layout":"default","site-content-layout":"","ast-site-content-layout":"default","site-content-style":"default","site-sidebar-style":"default","ast-global-header-display":"","ast-banner-title-visibility":"","ast-main-header-display":"","ast-hfb-above-header-display":"","ast-hfb-below-header-display":"","ast-hfb-mobile-header-display":"","site-post-title":"","ast-breadcrumbs-content":"","ast-featured-img":"","footer-sml-layout":"","ast-disable-related-posts":"","theme-transparent-header-meta":"","adv-header-id-meta":"","stick-header-meta":"","header-above-stick-meta":"","header-main-stick-meta":"","header-below-stick-meta":"","astra-migrate-meta-layouts":"default","ast-page-background-enabled":"default","ast-page-background-meta":{"desktop":{"background-color":"","background-image":"","background-repeat":"repeat","background-position":"center center","background-size":"auto","background-attachment":"scroll","background-type":"","background-media":"","overlay-type":"","overlay-color":"","overlay-opacity":"","overlay-gradient":""},"tablet":{"background-color":"","background-image":"","background-repeat":"repeat","background-position":"center center","background-size":"auto","background-attachment":"scroll","background-type":"","background-media":"","overlay-type":"","overlay-color":"","overlay-opacity":"","overlay-gradient":""},"mobile":{"background-color":"","background-image":"","background-repeat":"repeat","background-position":"center center","background-size":"auto","background-attachment":"scroll","background-type":"","background-media":"","overlay-type":"","overlay-color":"","overlay-opacity":"","overlay-gradient":""}},"ast-content-background-meta":{"desktop":{"background-color":"var(--ast-global-color-4)","background-image":"","background-repeat":"repeat","background-position":"center center","background-size":"auto","background-attachment":"scroll","background-type":"","background-media":"","overlay-type":"","overlay-color":"","overlay-opacity":"","overlay-gradient":""},"tablet":{"background-color":"var(--ast-global-color-4)","background-image":"","background-repeat":"repeat","background-position":"center center","background-size":"auto","background-attachment":"scroll","background-type":"","background-media":"","overlay-type":"","overlay-color":"","overlay-opacity":"","overlay-gradient":""},"mobile":{"background-color":"var(--ast-global-color-4)","background-image":"","background-repeat":"repeat","background-position":"center center","background-size":"auto","background-attachment":"scroll","background-type":"","background-media":"","overlay-type":"","overlay-color":"","overlay-opacity":"","overlay-gradient":""}}},"product_brand":[],"product_cat":[28],"product_tag":[5361],"class_list":{"0":"post-24821","1":"product","2":"type-product","3":"status-publish","4":"has-post-thumbnail","6":"product_cat-klasika","7":"product_tag-gabriel-garcia-marquez","8":"desktop-align-left","9":"tablet-align-left","10":"mobile-align-left","12":"first","13":"instock","14":"shipping-taxable","15":"purchasable","16":"product-type-simple"},"acf":[],"yoast_head":"<!-- This site is optimized with the Yoast SEO plugin v27.0 - https:\/\/yoast.com\/product\/yoast-seo-wordpress\/ -->\n<title>\u0160imtas met\u0173 vienatv\u0117s (yra skaitymo \u017eymi\u0173)<\/title>\n<meta name=\"description\" content=\"Gabrielis Garc\u00eda M\u00e1rquezas (1927\u20132014) \u2013 \u017eymiausias XX a. Lotyn\u0173 Amerikos ra\u0161ytojas, magi\u0161kojo realizmo klasikas, Nobelio premijos (1982) laureatas. Jis\" \/>\n<meta name=\"robots\" content=\"index, follow, max-snippet:-1, max-image-preview:large, max-video-preview:-1\" \/>\n<link rel=\"canonical\" href=\"https:\/\/skaitytaknyga.lt\/en\/produktas\/simtas-metu-vienatves\/\" \/>\n<meta property=\"og:locale\" content=\"en_GB\" \/>\n<meta property=\"og:locale:alternate\" content=\"lt_LT\" \/>\n<meta property=\"og:type\" content=\"article\" \/>\n<meta property=\"og:title\" content=\"\u0160imtas met\u0173 vienatv\u0117s (yra skaitymo \u017eymi\u0173)\" \/>\n<meta property=\"og:description\" content=\"Gabrielis Garc\u00eda M\u00e1rquezas (1927\u20132014) \u2013 \u017eymiausias XX a. Lotyn\u0173 Amerikos ra\u0161ytojas, magi\u0161kojo realizmo klasikas, Nobelio premijos (1982) laureatas. Jis\" \/>\n<meta property=\"og:url\" content=\"https:\/\/skaitytaknyga.lt\/en\/produktas\/simtas-metu-vienatves\/\" \/>\n<meta property=\"og:site_name\" content=\"Skaitytaknyga\" \/>\n<meta property=\"article:publisher\" content=\"https:\/\/www.facebook.com\/skaitytaknyga\/\" \/>\n<meta property=\"article:modified_time\" content=\"2026-03-17T10:01:41+00:00\" \/>\n<meta property=\"og:image\" content=\"https:\/\/skaitytaknyga.lt\/wp-content\/uploads\/2024\/07\/skaitytaknyga.png\" \/>\n\t<meta property=\"og:image:width\" content=\"747\" \/>\n\t<meta property=\"og:image:height\" content=\"496\" \/>\n\t<meta property=\"og:image:type\" content=\"image\/png\" \/>\n<meta name=\"twitter:card\" content=\"summary_large_image\" \/>\n<meta name=\"twitter:label1\" content=\"Estimated reading time\" \/>\n\t<meta name=\"twitter:data1\" content=\"1 minute\" \/>\n<script type=\"application\/ld+json\" class=\"yoast-schema-graph\">{\"@context\":\"https:\/\/schema.org\",\"@graph\":[{\"@type\":\"WebPage\",\"@id\":\"https:\/\/skaitytaknyga.lt\/produktas\/simtas-metu-vienatves\/\",\"url\":\"https:\/\/skaitytaknyga.lt\/produktas\/simtas-metu-vienatves\/\",\"name\":\"\u0160imtas met\u0173 vienatv\u0117s (yra skaitymo \u017eymi\u0173)\",\"isPartOf\":{\"@id\":\"https:\/\/skaitytaknyga.lt\/#website\"},\"primaryImageOfPage\":{\"@id\":\"https:\/\/skaitytaknyga.lt\/produktas\/simtas-metu-vienatves\/#primaryimage\"},\"image\":{\"@id\":\"https:\/\/skaitytaknyga.lt\/produktas\/simtas-metu-vienatves\/#primaryimage\"},\"thumbnailUrl\":\"https:\/\/skaitytaknyga.lt\/wp-content\/uploads\/2026\/03\/Simtas-metu-vienatves.webp\",\"datePublished\":\"2026-03-16T07:15:31+00:00\",\"dateModified\":\"2026-03-17T10:01:41+00:00\",\"description\":\"Gabrielis Garc\u00eda M\u00e1rquezas (1927\u20132014) \u2013 \u017eymiausias XX a. Lotyn\u0173 Amerikos ra\u0161ytojas, magi\u0161kojo realizmo klasikas, Nobelio premijos (1982) laureatas. Jis\",\"breadcrumb\":{\"@id\":\"https:\/\/skaitytaknyga.lt\/produktas\/simtas-metu-vienatves\/#breadcrumb\"},\"inLanguage\":\"en-GB\",\"potentialAction\":[{\"@type\":\"ReadAction\",\"target\":[\"https:\/\/skaitytaknyga.lt\/produktas\/simtas-metu-vienatves\/\"]}]},{\"@type\":\"ImageObject\",\"inLanguage\":\"en-GB\",\"@id\":\"https:\/\/skaitytaknyga.lt\/produktas\/simtas-metu-vienatves\/#primaryimage\",\"url\":\"https:\/\/skaitytaknyga.lt\/wp-content\/uploads\/2026\/03\/Simtas-metu-vienatves.webp\",\"contentUrl\":\"https:\/\/skaitytaknyga.lt\/wp-content\/uploads\/2026\/03\/Simtas-metu-vienatves.webp\",\"width\":285,\"height\":467,\"caption\":\"\u0160imtas met\u0173 vienatv\u0117s\"},{\"@type\":\"BreadcrumbList\",\"@id\":\"https:\/\/skaitytaknyga.lt\/produktas\/simtas-metu-vienatves\/#breadcrumb\",\"itemListElement\":[{\"@type\":\"ListItem\",\"position\":1,\"name\":\"Home\",\"item\":\"https:\/\/skaitytaknyga.lt\/\"},{\"@type\":\"ListItem\",\"position\":2,\"name\":\"Parduotuv\u0117\",\"item\":\"https:\/\/skaitytaknyga.lt\/knygu-parduotuve\/\"},{\"@type\":\"ListItem\",\"position\":3,\"name\":\"\u0160imtas met\u0173 vienatv\u0117s (yra skaitymo \u017eymi\u0173)\"}]},{\"@type\":\"WebSite\",\"@id\":\"https:\/\/skaitytaknyga.lt\/#website\",\"url\":\"https:\/\/skaitytaknyga.lt\/\",\"name\":\"skaitytaknyga.lt\",\"description\":\"Skaitytaknyga.lt \u2013 tai ma\u017eas \u0161eimos verslas, kuris prasid\u0117jo nuo meil\u0117s knygoms ir siekio i\u0161gelb\u0117ti knygas nuo likimo prie konteinerio. Kas vienam nereikalingas daiktas \u2013 kitam lobis, o mes esame tarpininkai, kurie padeda abiems tapti laimingesniems ???? \u017dinome kaip nelengva i\u0161gyventi ma\u017eiems verslams, tad nuo \u0161iol, \u010dia rasite ir kit\u0173, ma\u017e\u0173 \u0161eim\u0173 versl\u0173, rank\u0173 darbo, dovan\u0173 sau ir artimiesiems.\",\"publisher\":{\"@id\":\"https:\/\/skaitytaknyga.lt\/#organization\"},\"potentialAction\":[{\"@type\":\"SearchAction\",\"target\":{\"@type\":\"EntryPoint\",\"urlTemplate\":\"https:\/\/skaitytaknyga.lt\/?s={search_term_string}\"},\"query-input\":{\"@type\":\"PropertyValueSpecification\",\"valueRequired\":true,\"valueName\":\"search_term_string\"}}],\"inLanguage\":\"en-GB\"},{\"@type\":\"Organization\",\"@id\":\"https:\/\/skaitytaknyga.lt\/#organization\",\"name\":\"skaitytaknyga.lt\",\"url\":\"https:\/\/skaitytaknyga.lt\/\",\"logo\":{\"@type\":\"ImageObject\",\"inLanguage\":\"en-GB\",\"@id\":\"https:\/\/skaitytaknyga.lt\/#\/schema\/logo\/image\/\",\"url\":\"https:\/\/skaitytaknyga.lt\/wp-content\/uploads\/2024\/05\/cropped-cropped-cropped-02_00843_jt3bggkj1j3HLc7SyY6rEUpg.jpeg\",\"contentUrl\":\"https:\/\/skaitytaknyga.lt\/wp-content\/uploads\/2024\/05\/cropped-cropped-cropped-02_00843_jt3bggkj1j3HLc7SyY6rEUpg.jpeg\",\"width\":1600,\"height\":1600,\"caption\":\"skaitytaknyga.lt\"},\"image\":{\"@id\":\"https:\/\/skaitytaknyga.lt\/#\/schema\/logo\/image\/\"},\"sameAs\":[\"https:\/\/www.facebook.com\/skaitytaknyga\/\"]}]}<\/script>\n<!-- \/ Yoast SEO plugin. -->","yoast_head_json":{"title":"\u0160imtas met\u0173 vienatv\u0117s (yra skaitymo \u017eymi\u0173)","description":"Gabrielis Garc\u00eda M\u00e1rquezas (1927\u20132014) \u2013 \u017eymiausias XX a. Lotyn\u0173 Amerikos ra\u0161ytojas, magi\u0161kojo realizmo klasikas, Nobelio premijos (1982) laureatas. Jis","robots":{"index":"index","follow":"follow","max-snippet":"max-snippet:-1","max-image-preview":"max-image-preview:large","max-video-preview":"max-video-preview:-1"},"canonical":"https:\/\/skaitytaknyga.lt\/en\/produktas\/simtas-metu-vienatves\/","og_locale":"en_GB","og_type":"article","og_title":"[:lt]\u0160imtas met\u0173 vienatv\u0117s (yra skaitymo \u017eymi\u0173)[:] - Skaitytaknyga","og_description":"Gabrielis Garc\u00eda M\u00e1rquezas (1927\u20132014) \u2013 \u017eymiausias XX a. Lotyn\u0173 Amerikos ra\u0161ytojas, magi\u0161kojo realizmo klasikas, Nobelio premijos (1982) laureatas. Jis","og_url":"https:\/\/skaitytaknyga.lt\/en\/produktas\/simtas-metu-vienatves\/","og_site_name":"Skaitytaknyga","article_publisher":"https:\/\/www.facebook.com\/skaitytaknyga\/","article_modified_time":"2026-03-17T10:01:41+00:00","og_image":[{"width":747,"height":496,"url":"https:\/\/skaitytaknyga.lt\/wp-content\/uploads\/2024\/07\/skaitytaknyga.png","type":"image\/png"}],"twitter_card":"summary_large_image","twitter_misc":{"Estimated reading time":"1 minute"},"schema":{"@context":"https:\/\/schema.org","@graph":[{"@type":"WebPage","@id":"https:\/\/skaitytaknyga.lt\/produktas\/simtas-metu-vienatves\/","url":"https:\/\/skaitytaknyga.lt\/produktas\/simtas-metu-vienatves\/","name":"\u0160imtas met\u0173 vienatv\u0117s (yra skaitymo \u017eymi\u0173)","isPartOf":{"@id":"https:\/\/skaitytaknyga.lt\/#website"},"primaryImageOfPage":{"@id":"https:\/\/skaitytaknyga.lt\/produktas\/simtas-metu-vienatves\/#primaryimage"},"image":{"@id":"https:\/\/skaitytaknyga.lt\/produktas\/simtas-metu-vienatves\/#primaryimage"},"thumbnailUrl":"https:\/\/skaitytaknyga.lt\/wp-content\/uploads\/2026\/03\/Simtas-metu-vienatves.webp","datePublished":"2026-03-16T07:15:31+00:00","dateModified":"2026-03-17T10:01:41+00:00","description":"Gabrielis Garc\u00eda M\u00e1rquezas (1927\u20132014) \u2013 \u017eymiausias XX a. Lotyn\u0173 Amerikos ra\u0161ytojas, magi\u0161kojo realizmo klasikas, Nobelio premijos (1982) laureatas. Jis","breadcrumb":{"@id":"https:\/\/skaitytaknyga.lt\/produktas\/simtas-metu-vienatves\/#breadcrumb"},"inLanguage":"en-GB","potentialAction":[{"@type":"ReadAction","target":["https:\/\/skaitytaknyga.lt\/produktas\/simtas-metu-vienatves\/"]}]},{"@type":"ImageObject","inLanguage":"en-GB","@id":"https:\/\/skaitytaknyga.lt\/produktas\/simtas-metu-vienatves\/#primaryimage","url":"https:\/\/skaitytaknyga.lt\/wp-content\/uploads\/2026\/03\/Simtas-metu-vienatves.webp","contentUrl":"https:\/\/skaitytaknyga.lt\/wp-content\/uploads\/2026\/03\/Simtas-metu-vienatves.webp","width":285,"height":467,"caption":"\u0160imtas met\u0173 vienatv\u0117s"},{"@type":"BreadcrumbList","@id":"https:\/\/skaitytaknyga.lt\/produktas\/simtas-metu-vienatves\/#breadcrumb","itemListElement":[{"@type":"ListItem","position":1,"name":"Home","item":"https:\/\/skaitytaknyga.lt\/"},{"@type":"ListItem","position":2,"name":"Parduotuv\u0117","item":"https:\/\/skaitytaknyga.lt\/knygu-parduotuve\/"},{"@type":"ListItem","position":3,"name":"\u0160imtas met\u0173 vienatv\u0117s (yra skaitymo \u017eymi\u0173)"}]},{"@type":"WebSite","@id":"https:\/\/skaitytaknyga.lt\/#website","url":"https:\/\/skaitytaknyga.lt\/","name":"skaitytaknyga.lt","description":"Skaitytaknyga.lt \u2013 tai ma\u017eas \u0161eimos verslas, kuris prasid\u0117jo nuo meil\u0117s knygoms ir siekio i\u0161gelb\u0117ti knygas nuo likimo prie konteinerio. Kas vienam nereikalingas daiktas \u2013 kitam lobis, o mes esame tarpininkai, kurie padeda abiems tapti laimingesniems ???? \u017dinome kaip nelengva i\u0161gyventi ma\u017eiems verslams, tad nuo \u0161iol, \u010dia rasite ir kit\u0173, ma\u017e\u0173 \u0161eim\u0173 versl\u0173, rank\u0173 darbo, dovan\u0173 sau ir artimiesiems.","publisher":{"@id":"https:\/\/skaitytaknyga.lt\/#organization"},"potentialAction":[{"@type":"SearchAction","target":{"@type":"EntryPoint","urlTemplate":"https:\/\/skaitytaknyga.lt\/?s={search_term_string}"},"query-input":{"@type":"PropertyValueSpecification","valueRequired":true,"valueName":"search_term_string"}}],"inLanguage":"en-GB"},{"@type":"Organization","@id":"https:\/\/skaitytaknyga.lt\/#organization","name":"skaitytaknyga.lt","url":"https:\/\/skaitytaknyga.lt\/","logo":{"@type":"ImageObject","inLanguage":"en-GB","@id":"https:\/\/skaitytaknyga.lt\/#\/schema\/logo\/image\/","url":"https:\/\/skaitytaknyga.lt\/wp-content\/uploads\/2024\/05\/cropped-cropped-cropped-02_00843_jt3bggkj1j3HLc7SyY6rEUpg.jpeg","contentUrl":"https:\/\/skaitytaknyga.lt\/wp-content\/uploads\/2024\/05\/cropped-cropped-cropped-02_00843_jt3bggkj1j3HLc7SyY6rEUpg.jpeg","width":1600,"height":1600,"caption":"skaitytaknyga.lt"},"image":{"@id":"https:\/\/skaitytaknyga.lt\/#\/schema\/logo\/image\/"},"sameAs":["https:\/\/www.facebook.com\/skaitytaknyga\/"]}]}},"_links":{"self":[{"href":"https:\/\/skaitytaknyga.lt\/en\/wp-json\/wp\/v2\/product\/24821","targetHints":{"allow":["GET"]}}],"collection":[{"href":"https:\/\/skaitytaknyga.lt\/en\/wp-json\/wp\/v2\/product"}],"about":[{"href":"https:\/\/skaitytaknyga.lt\/en\/wp-json\/wp\/v2\/types\/product"}],"replies":[{"embeddable":true,"href":"https:\/\/skaitytaknyga.lt\/en\/wp-json\/wp\/v2\/comments?post=24821"}],"wp:featuredmedia":[{"embeddable":true,"href":"https:\/\/skaitytaknyga.lt\/en\/wp-json\/wp\/v2\/media\/24826"}],"wp:attachment":[{"href":"https:\/\/skaitytaknyga.lt\/en\/wp-json\/wp\/v2\/media?parent=24821"}],"wp:term":[{"taxonomy":"product_brand","embeddable":true,"href":"https:\/\/skaitytaknyga.lt\/en\/wp-json\/wp\/v2\/product_brand?post=24821"},{"taxonomy":"product_cat","embeddable":true,"href":"https:\/\/skaitytaknyga.lt\/en\/wp-json\/wp\/v2\/product_cat?post=24821"},{"taxonomy":"product_tag","embeddable":true,"href":"https:\/\/skaitytaknyga.lt\/en\/wp-json\/wp\/v2\/product_tag?post=24821"}],"curies":[{"name":"wp","href":"https:\/\/api.w.org\/{rel}","templated":true}]}}