{"id":24820,"date":"2026-03-16T09:15:31","date_gmt":"2026-03-16T07:15:31","guid":{"rendered":"https:\/\/skaitytaknyga.lt\/?post_type=product&#038;p=24820"},"modified":"2026-03-18T19:38:23","modified_gmt":"2026-03-18T17:38:23","slug":"blaise-pascal-mintys","status":"publish","type":"product","link":"https:\/\/skaitytaknyga.lt\/en\/produktas\/blaise-pascal-mintys\/","title":{"rendered":"Blaise Pascal \u201eMintys\u201c"},"content":{"rendered":"<p>Pirmasis pilnas filosofijos klasika tapusio veikalo lietuvi\u0161kas leidimas.<\/p>\n<p>Blaise&#8217;as Pascalis \u2013 genialus pranc\u016bz\u0173 matematikas, fizikas, i\u0161rad\u0117jas, ra\u0161ytojas ir teologas.<\/p>\n<p>Patyr\u0119s atsivertim\u0105, Pascalis \u0117m\u0117si ra\u0161yti krik\u0161\u010dionyb\u0117s apologij\u0105. Nors knygos baigti nesp\u0117jo, po mirties rasti fragmentai, leid\u017eiami \u201eMin\u010di\u0173&#8221; pavidalu, jau keli \u0161imtme\u010diai nepaliauja \u017eav\u0117ti savo gelme ir religine aistros bei racionalaus svarstymo derme.<\/p>\n<p>\u0160is leidimas \u2013 pirmasis pilnas Pacalio \u201eMin\u010di\u0173&#8221; leidimas lietuvi\u0173 kalba. 1996 m. Aniceto Tamo\u0161ai\u010dio vertimas pataisytas ir papildytas tr\u016bkstamu paskutiniuoju skyriumi, i\u0161verstu J\u016brat\u0117s \u017dalgait\u0117s-Kayos.<\/p>\n<p>\u201eApie \u201eMintis&#8221; negalima papasakoti jokios nuoseklios istorijos, j\u0173 nesud\u0117si \u012f joki\u0105 logini\u0173 ar prie\u017eastini\u0173 ry\u0161i\u0173 grandin\u0119, jos i\u0161spr\u016bsta i\u0161 bet kokios pastangos susisteminti ar klasifikuoti. Paradoksalus dalykas: \u0161iaip jau Pascalis yra i\u0161skirtinai paprastas ir nesud\u0117tingas m\u0105stytojas, beveik nevartojantis filosofinio \u201e\u017eargono&#8221;, suprantamas net \u017emogui, neturin\u010diam filosofinio i\u0161silavinimo, taigi \u201enesunkus&#8221;, bet vis d\u0117lto \u201enepatogus&#8221; filosofas.&#8221;<\/p>\n<p>Nijol\u0117 Ker\u0161yt\u0117<\/p>\n<p>\u201eFilosofai \u0161iandien ra\u0161o net j\u0173 draug\u0173 ir koleg\u0173 neskaitomas knygas. Pascalio \u201eMintys&#8221; yra jo paties \u012f knyg\u0105 nesud\u0117lioti u\u017era\u0161ai, kuriuos turi perskaityti kiekvienas i\u0161silavin\u0119s \u017emogus.&#8221;<\/p>\n<p>Alvydas Jokubaitis<\/p>\n","protected":false},"excerpt":{"rendered":"<p>Pirmasis pilnas filosofijos klasika tapusio veikalo lietuvi\u0161kas leidimas. Blaise&#8217;as Pascalis \u2013 genialus pranc\u016bz\u0173 matematikas, fizikas, i\u0161rad\u0117jas, ra\u0161ytojas ir teologas. Patyr\u0119s atsivertim\u0105, Pascalis \u0117m\u0117si ra\u0161yti krik\u0161\u010dionyb\u0117s apologij\u0105. Nors knygos baigti nesp\u0117jo, po mirties rasti fragmentai, leid\u017eiami \u201eMin\u010di\u0173&#8221; pavidalu, jau keli \u0161imtme\u010diai nepaliauja \u017eav\u0117ti savo gelme ir religine aistros bei racionalaus svarstymo derme. \u0160is leidimas \u2013 pirmasis pilnas Pacalio \u201eMin\u010di\u0173&#8221; leidimas lietuvi\u0173 kalba. 1996 m. Aniceto Tamo\u0161ai\u010dio vertimas pataisytas ir papildytas tr\u016bkstamu paskutiniuoju skyriumi, i\u0161verstu J\u016brat\u0117s \u017dalgait\u0117s-Kayos. \u201eApie \u201eMintis&#8221; negalima papasakoti jokios nuoseklios istorijos, j\u0173 nesud\u0117si \u012f joki\u0105 logini\u0173 ar prie\u017eastini\u0173 ry\u0161i\u0173 grandin\u0119, jos i\u0161spr\u016bsta i\u0161 bet kokios pastangos susisteminti ar klasifikuoti. Paradoksalus dalykas: \u0161iaip jau Pascalis yra i\u0161skirtinai paprastas ir nesud\u0117tingas m\u0105stytojas, beveik nevartojantis filosofinio \u201e\u017eargono&#8221;, suprantamas net \u017emogui, neturin\u010diam filosofinio i\u0161silavinimo, taigi \u201enesunkus&#8221;, bet vis d\u0117lto \u201enepatogus&#8221; filosofas.&#8221; Nijol\u0117 Ker\u0161yt\u0117 \u201eFilosofai \u0161iandien ra\u0161o net j\u0173 draug\u0173 ir koleg\u0173 neskaitomas knygas. Pascalio \u201eMintys&#8221; yra jo paties \u012f knyg\u0105 nesud\u0117lioti u\u017era\u0161ai, kuriuos turi perskaityti kiekvienas i\u0161silavin\u0119s \u017emogus.&#8221; Alvydas Jokubaitis<\/p>\n","protected":false},"featured_media":24825,"comment_status":"open","ping_status":"closed","template":"","meta":{"_acf_changed":false,"site-sidebar-layout":"default","site-content-layout":"","ast-site-content-layout":"default","site-content-style":"default","site-sidebar-style":"default","ast-global-header-display":"","ast-banner-title-visibility":"","ast-main-header-display":"","ast-hfb-above-header-display":"","ast-hfb-below-header-display":"","ast-hfb-mobile-header-display":"","site-post-title":"","ast-breadcrumbs-content":"","ast-featured-img":"","footer-sml-layout":"","ast-disable-related-posts":"","theme-transparent-header-meta":"","adv-header-id-meta":"","stick-header-meta":"","header-above-stick-meta":"","header-main-stick-meta":"","header-below-stick-meta":"","astra-migrate-meta-layouts":"default","ast-page-background-enabled":"default","ast-page-background-meta":{"desktop":{"background-color":"","background-image":"","background-repeat":"repeat","background-position":"center center","background-size":"auto","background-attachment":"scroll","background-type":"","background-media":"","overlay-type":"","overlay-color":"","overlay-opacity":"","overlay-gradient":""},"tablet":{"background-color":"","background-image":"","background-repeat":"repeat","background-position":"center center","background-size":"auto","background-attachment":"scroll","background-type":"","background-media":"","overlay-type":"","overlay-color":"","overlay-opacity":"","overlay-gradient":""},"mobile":{"background-color":"","background-image":"","background-repeat":"repeat","background-position":"center center","background-size":"auto","background-attachment":"scroll","background-type":"","background-media":"","overlay-type":"","overlay-color":"","overlay-opacity":"","overlay-gradient":""}},"ast-content-background-meta":{"desktop":{"background-color":"var(--ast-global-color-4)","background-image":"","background-repeat":"repeat","background-position":"center center","background-size":"auto","background-attachment":"scroll","background-type":"","background-media":"","overlay-type":"","overlay-color":"","overlay-opacity":"","overlay-gradient":""},"tablet":{"background-color":"var(--ast-global-color-4)","background-image":"","background-repeat":"repeat","background-position":"center center","background-size":"auto","background-attachment":"scroll","background-type":"","background-media":"","overlay-type":"","overlay-color":"","overlay-opacity":"","overlay-gradient":""},"mobile":{"background-color":"var(--ast-global-color-4)","background-image":"","background-repeat":"repeat","background-position":"center center","background-size":"auto","background-attachment":"scroll","background-type":"","background-media":"","overlay-type":"","overlay-color":"","overlay-opacity":"","overlay-gradient":""}}},"product_brand":[],"product_cat":[9870,9867],"product_tag":[5534],"class_list":{"0":"post-24820","1":"product","2":"type-product","3":"status-publish","4":"has-post-thumbnail","6":"product_cat-filosofija-filosofija-ir-ezoterika","7":"product_cat-religija-negrozine-literatura","8":"product_tag-blaise-pascal","9":"desktop-align-left","10":"tablet-align-left","11":"mobile-align-left","13":"first","14":"instock","15":"shipping-taxable","16":"purchasable","17":"product-type-simple"},"acf":[],"yoast_head":"<!-- This site is optimized with the Yoast SEO plugin v27.0 - https:\/\/yoast.com\/product\/yoast-seo-wordpress\/ -->\n<title>Blaise Pascal \u201eMintys\u201c<\/title>\n<meta name=\"description\" content=\"Pirmasis pilnas filosofijos klasika tapusio veikalo lietuvi\u0161kas leidimas. Blaise&#039;as Pascalis \u2013 genialus pranc\u016bz\u0173 matematikas, fizikas, i\u0161rad\u0117jas,\" \/>\n<meta name=\"robots\" content=\"index, follow, max-snippet:-1, max-image-preview:large, max-video-preview:-1\" \/>\n<link rel=\"canonical\" href=\"https:\/\/skaitytaknyga.lt\/en\/produktas\/blaise-pascal-mintys\/\" \/>\n<meta property=\"og:locale\" content=\"en_GB\" \/>\n<meta property=\"og:locale:alternate\" content=\"lt_LT\" \/>\n<meta property=\"og:type\" content=\"article\" \/>\n<meta property=\"og:title\" content=\"Blaise Pascal \u201eMintys\u201c\" \/>\n<meta property=\"og:description\" content=\"Pirmasis pilnas filosofijos klasika tapusio veikalo lietuvi\u0161kas leidimas. Blaise&#039;as Pascalis \u2013 genialus pranc\u016bz\u0173 matematikas, fizikas, i\u0161rad\u0117jas,\" \/>\n<meta property=\"og:url\" content=\"https:\/\/skaitytaknyga.lt\/en\/produktas\/blaise-pascal-mintys\/\" \/>\n<meta property=\"og:site_name\" content=\"Skaitytaknyga\" \/>\n<meta property=\"article:publisher\" content=\"https:\/\/www.facebook.com\/skaitytaknyga\/\" \/>\n<meta property=\"article:modified_time\" content=\"2026-03-18T17:38:23+00:00\" \/>\n<meta property=\"og:image\" content=\"https:\/\/skaitytaknyga.lt\/wp-content\/uploads\/2026\/03\/Blaise-Pascal-\u201eMintys-e1773646161591.jpg\" \/>\n\t<meta property=\"og:image:width\" content=\"550\" \/>\n\t<meta property=\"og:image:height\" content=\"860\" \/>\n\t<meta property=\"og:image:type\" content=\"image\/jpeg\" \/>\n<meta name=\"twitter:card\" content=\"summary_large_image\" \/>\n<meta name=\"twitter:label1\" content=\"Estimated reading time\" \/>\n\t<meta name=\"twitter:data1\" content=\"1 minute\" \/>\n<script type=\"application\/ld+json\" class=\"yoast-schema-graph\">{\"@context\":\"https:\/\/schema.org\",\"@graph\":[{\"@type\":\"WebPage\",\"@id\":\"https:\/\/skaitytaknyga.lt\/produktas\/blaise-pascal-mintys\/\",\"url\":\"https:\/\/skaitytaknyga.lt\/produktas\/blaise-pascal-mintys\/\",\"name\":\"Blaise Pascal \u201eMintys\u201c\",\"isPartOf\":{\"@id\":\"https:\/\/skaitytaknyga.lt\/#website\"},\"primaryImageOfPage\":{\"@id\":\"https:\/\/skaitytaknyga.lt\/produktas\/blaise-pascal-mintys\/#primaryimage\"},\"image\":{\"@id\":\"https:\/\/skaitytaknyga.lt\/produktas\/blaise-pascal-mintys\/#primaryimage\"},\"thumbnailUrl\":\"https:\/\/skaitytaknyga.lt\/wp-content\/uploads\/2026\/03\/Blaise-Pascal-\u201eMintys-e1773646161591.jpg\",\"datePublished\":\"2026-03-16T07:15:31+00:00\",\"dateModified\":\"2026-03-18T17:38:23+00:00\",\"description\":\"Pirmasis pilnas filosofijos klasika tapusio veikalo lietuvi\u0161kas leidimas. Blaise'as Pascalis \u2013 genialus pranc\u016bz\u0173 matematikas, fizikas, i\u0161rad\u0117jas,\",\"breadcrumb\":{\"@id\":\"https:\/\/skaitytaknyga.lt\/produktas\/blaise-pascal-mintys\/#breadcrumb\"},\"inLanguage\":\"en-GB\",\"potentialAction\":[{\"@type\":\"ReadAction\",\"target\":[\"https:\/\/skaitytaknyga.lt\/produktas\/blaise-pascal-mintys\/\"]}]},{\"@type\":\"ImageObject\",\"inLanguage\":\"en-GB\",\"@id\":\"https:\/\/skaitytaknyga.lt\/produktas\/blaise-pascal-mintys\/#primaryimage\",\"url\":\"https:\/\/skaitytaknyga.lt\/wp-content\/uploads\/2026\/03\/Blaise-Pascal-\u201eMintys-e1773646161591.jpg\",\"contentUrl\":\"https:\/\/skaitytaknyga.lt\/wp-content\/uploads\/2026\/03\/Blaise-Pascal-\u201eMintys-e1773646161591.jpg\",\"width\":550,\"height\":860,\"caption\":\"Blaise Pascal \u201eMintys\u201c\"},{\"@type\":\"BreadcrumbList\",\"@id\":\"https:\/\/skaitytaknyga.lt\/produktas\/blaise-pascal-mintys\/#breadcrumb\",\"itemListElement\":[{\"@type\":\"ListItem\",\"position\":1,\"name\":\"Home\",\"item\":\"https:\/\/skaitytaknyga.lt\/\"},{\"@type\":\"ListItem\",\"position\":2,\"name\":\"Parduotuv\u0117\",\"item\":\"https:\/\/skaitytaknyga.lt\/knygu-parduotuve\/\"},{\"@type\":\"ListItem\",\"position\":3,\"name\":\"Blaise Pascal \u201eMintys\u201c\"}]},{\"@type\":\"WebSite\",\"@id\":\"https:\/\/skaitytaknyga.lt\/#website\",\"url\":\"https:\/\/skaitytaknyga.lt\/\",\"name\":\"skaitytaknyga.lt\",\"description\":\"Skaitytaknyga.lt \u2013 tai ma\u017eas \u0161eimos verslas, kuris prasid\u0117jo nuo meil\u0117s knygoms ir siekio i\u0161gelb\u0117ti knygas nuo likimo prie konteinerio. Kas vienam nereikalingas daiktas \u2013 kitam lobis, o mes esame tarpininkai, kurie padeda abiems tapti laimingesniems ???? \u017dinome kaip nelengva i\u0161gyventi ma\u017eiems verslams, tad nuo \u0161iol, \u010dia rasite ir kit\u0173, ma\u017e\u0173 \u0161eim\u0173 versl\u0173, rank\u0173 darbo, dovan\u0173 sau ir artimiesiems.\",\"publisher\":{\"@id\":\"https:\/\/skaitytaknyga.lt\/#organization\"},\"potentialAction\":[{\"@type\":\"SearchAction\",\"target\":{\"@type\":\"EntryPoint\",\"urlTemplate\":\"https:\/\/skaitytaknyga.lt\/?s={search_term_string}\"},\"query-input\":{\"@type\":\"PropertyValueSpecification\",\"valueRequired\":true,\"valueName\":\"search_term_string\"}}],\"inLanguage\":\"en-GB\"},{\"@type\":\"Organization\",\"@id\":\"https:\/\/skaitytaknyga.lt\/#organization\",\"name\":\"skaitytaknyga.lt\",\"url\":\"https:\/\/skaitytaknyga.lt\/\",\"logo\":{\"@type\":\"ImageObject\",\"inLanguage\":\"en-GB\",\"@id\":\"https:\/\/skaitytaknyga.lt\/#\/schema\/logo\/image\/\",\"url\":\"https:\/\/skaitytaknyga.lt\/wp-content\/uploads\/2024\/05\/cropped-cropped-cropped-02_00843_jt3bggkj1j3HLc7SyY6rEUpg.jpeg\",\"contentUrl\":\"https:\/\/skaitytaknyga.lt\/wp-content\/uploads\/2024\/05\/cropped-cropped-cropped-02_00843_jt3bggkj1j3HLc7SyY6rEUpg.jpeg\",\"width\":1600,\"height\":1600,\"caption\":\"skaitytaknyga.lt\"},\"image\":{\"@id\":\"https:\/\/skaitytaknyga.lt\/#\/schema\/logo\/image\/\"},\"sameAs\":[\"https:\/\/www.facebook.com\/skaitytaknyga\/\"]}]}<\/script>\n<!-- \/ Yoast SEO plugin. -->","yoast_head_json":{"title":"Blaise Pascal \u201eMintys\u201c","description":"Pirmasis pilnas filosofijos klasika tapusio veikalo lietuvi\u0161kas leidimas. Blaise'as Pascalis \u2013 genialus pranc\u016bz\u0173 matematikas, fizikas, i\u0161rad\u0117jas,","robots":{"index":"index","follow":"follow","max-snippet":"max-snippet:-1","max-image-preview":"max-image-preview:large","max-video-preview":"max-video-preview:-1"},"canonical":"https:\/\/skaitytaknyga.lt\/en\/produktas\/blaise-pascal-mintys\/","og_locale":"en_GB","og_type":"article","og_title":"[:lt]Blaise Pascal \u201eMintys\u201c[:] - Skaitytaknyga","og_description":"Pirmasis pilnas filosofijos klasika tapusio veikalo lietuvi\u0161kas leidimas. Blaise'as Pascalis \u2013 genialus pranc\u016bz\u0173 matematikas, fizikas, i\u0161rad\u0117jas,","og_url":"https:\/\/skaitytaknyga.lt\/en\/produktas\/blaise-pascal-mintys\/","og_site_name":"Skaitytaknyga","article_publisher":"https:\/\/www.facebook.com\/skaitytaknyga\/","article_modified_time":"2026-03-18T17:38:23+00:00","og_image":[{"width":550,"height":860,"url":"https:\/\/skaitytaknyga.lt\/wp-content\/uploads\/2026\/03\/Blaise-Pascal-\u201eMintys-e1773646161591.jpg","type":"image\/jpeg"}],"twitter_card":"summary_large_image","twitter_misc":{"Estimated reading time":"1 minute"},"schema":{"@context":"https:\/\/schema.org","@graph":[{"@type":"WebPage","@id":"https:\/\/skaitytaknyga.lt\/produktas\/blaise-pascal-mintys\/","url":"https:\/\/skaitytaknyga.lt\/produktas\/blaise-pascal-mintys\/","name":"Blaise Pascal \u201eMintys\u201c","isPartOf":{"@id":"https:\/\/skaitytaknyga.lt\/#website"},"primaryImageOfPage":{"@id":"https:\/\/skaitytaknyga.lt\/produktas\/blaise-pascal-mintys\/#primaryimage"},"image":{"@id":"https:\/\/skaitytaknyga.lt\/produktas\/blaise-pascal-mintys\/#primaryimage"},"thumbnailUrl":"https:\/\/skaitytaknyga.lt\/wp-content\/uploads\/2026\/03\/Blaise-Pascal-\u201eMintys-e1773646161591.jpg","datePublished":"2026-03-16T07:15:31+00:00","dateModified":"2026-03-18T17:38:23+00:00","description":"Pirmasis pilnas filosofijos klasika tapusio veikalo lietuvi\u0161kas leidimas. Blaise'as Pascalis \u2013 genialus pranc\u016bz\u0173 matematikas, fizikas, i\u0161rad\u0117jas,","breadcrumb":{"@id":"https:\/\/skaitytaknyga.lt\/produktas\/blaise-pascal-mintys\/#breadcrumb"},"inLanguage":"en-GB","potentialAction":[{"@type":"ReadAction","target":["https:\/\/skaitytaknyga.lt\/produktas\/blaise-pascal-mintys\/"]}]},{"@type":"ImageObject","inLanguage":"en-GB","@id":"https:\/\/skaitytaknyga.lt\/produktas\/blaise-pascal-mintys\/#primaryimage","url":"https:\/\/skaitytaknyga.lt\/wp-content\/uploads\/2026\/03\/Blaise-Pascal-\u201eMintys-e1773646161591.jpg","contentUrl":"https:\/\/skaitytaknyga.lt\/wp-content\/uploads\/2026\/03\/Blaise-Pascal-\u201eMintys-e1773646161591.jpg","width":550,"height":860,"caption":"Blaise Pascal \u201eMintys\u201c"},{"@type":"BreadcrumbList","@id":"https:\/\/skaitytaknyga.lt\/produktas\/blaise-pascal-mintys\/#breadcrumb","itemListElement":[{"@type":"ListItem","position":1,"name":"Home","item":"https:\/\/skaitytaknyga.lt\/"},{"@type":"ListItem","position":2,"name":"Parduotuv\u0117","item":"https:\/\/skaitytaknyga.lt\/knygu-parduotuve\/"},{"@type":"ListItem","position":3,"name":"Blaise Pascal \u201eMintys\u201c"}]},{"@type":"WebSite","@id":"https:\/\/skaitytaknyga.lt\/#website","url":"https:\/\/skaitytaknyga.lt\/","name":"skaitytaknyga.lt","description":"Skaitytaknyga.lt \u2013 tai ma\u017eas \u0161eimos verslas, kuris prasid\u0117jo nuo meil\u0117s knygoms ir siekio i\u0161gelb\u0117ti knygas nuo likimo prie konteinerio. Kas vienam nereikalingas daiktas \u2013 kitam lobis, o mes esame tarpininkai, kurie padeda abiems tapti laimingesniems ???? \u017dinome kaip nelengva i\u0161gyventi ma\u017eiems verslams, tad nuo \u0161iol, \u010dia rasite ir kit\u0173, ma\u017e\u0173 \u0161eim\u0173 versl\u0173, rank\u0173 darbo, dovan\u0173 sau ir artimiesiems.","publisher":{"@id":"https:\/\/skaitytaknyga.lt\/#organization"},"potentialAction":[{"@type":"SearchAction","target":{"@type":"EntryPoint","urlTemplate":"https:\/\/skaitytaknyga.lt\/?s={search_term_string}"},"query-input":{"@type":"PropertyValueSpecification","valueRequired":true,"valueName":"search_term_string"}}],"inLanguage":"en-GB"},{"@type":"Organization","@id":"https:\/\/skaitytaknyga.lt\/#organization","name":"skaitytaknyga.lt","url":"https:\/\/skaitytaknyga.lt\/","logo":{"@type":"ImageObject","inLanguage":"en-GB","@id":"https:\/\/skaitytaknyga.lt\/#\/schema\/logo\/image\/","url":"https:\/\/skaitytaknyga.lt\/wp-content\/uploads\/2024\/05\/cropped-cropped-cropped-02_00843_jt3bggkj1j3HLc7SyY6rEUpg.jpeg","contentUrl":"https:\/\/skaitytaknyga.lt\/wp-content\/uploads\/2024\/05\/cropped-cropped-cropped-02_00843_jt3bggkj1j3HLc7SyY6rEUpg.jpeg","width":1600,"height":1600,"caption":"skaitytaknyga.lt"},"image":{"@id":"https:\/\/skaitytaknyga.lt\/#\/schema\/logo\/image\/"},"sameAs":["https:\/\/www.facebook.com\/skaitytaknyga\/"]}]}},"_links":{"self":[{"href":"https:\/\/skaitytaknyga.lt\/en\/wp-json\/wp\/v2\/product\/24820","targetHints":{"allow":["GET"]}}],"collection":[{"href":"https:\/\/skaitytaknyga.lt\/en\/wp-json\/wp\/v2\/product"}],"about":[{"href":"https:\/\/skaitytaknyga.lt\/en\/wp-json\/wp\/v2\/types\/product"}],"replies":[{"embeddable":true,"href":"https:\/\/skaitytaknyga.lt\/en\/wp-json\/wp\/v2\/comments?post=24820"}],"wp:featuredmedia":[{"embeddable":true,"href":"https:\/\/skaitytaknyga.lt\/en\/wp-json\/wp\/v2\/media\/24825"}],"wp:attachment":[{"href":"https:\/\/skaitytaknyga.lt\/en\/wp-json\/wp\/v2\/media?parent=24820"}],"wp:term":[{"taxonomy":"product_brand","embeddable":true,"href":"https:\/\/skaitytaknyga.lt\/en\/wp-json\/wp\/v2\/product_brand?post=24820"},{"taxonomy":"product_cat","embeddable":true,"href":"https:\/\/skaitytaknyga.lt\/en\/wp-json\/wp\/v2\/product_cat?post=24820"},{"taxonomy":"product_tag","embeddable":true,"href":"https:\/\/skaitytaknyga.lt\/en\/wp-json\/wp\/v2\/product_tag?post=24820"}],"curies":[{"name":"wp","href":"https:\/\/api.w.org\/{rel}","templated":true}]}}