{"id":24819,"date":"2026-03-16T09:15:30","date_gmt":"2026-03-16T07:15:30","guid":{"rendered":"https:\/\/skaitytaknyga.lt\/?post_type=product&#038;p=24819"},"modified":"2026-03-18T19:38:23","modified_gmt":"2026-03-18T17:38:23","slug":"magiskieji-judesiai-praktine-senosios-meksikos-magu-ismintis","status":"publish","type":"product","link":"https:\/\/skaitytaknyga.lt\/en\/produktas\/magiskieji-judesiai-praktine-senosios-meksikos-magu-ismintis\/","title":{"rendered":"Magi\u0161kieji judesiai. Praktin\u0117 senosios Meksikos mag\u0173 i\u0161mintis (yra skaitymo \u017eymi\u0173)"},"content":{"rendered":"<p>\u012e \u0161i rinkin\u012f sud\u0117ti visi \u012f lietuvi\u0173 kalb\u0105 i\u0161versti K. Kastanedos k\u016briniai, o \u201eMagi\u0161kieji judesiai. Praktin\u0117 senosios Meksikos mag\u0173 i\u0161mintis\u201c i\u0161leid\u017eiama pirm\u0105 kart\u0105.<\/p>\n<p>Karlosas Kastaneda (Carlos Castaneda) \u2013 viena m\u012fslingiausi\u0173 XX am\u017eiaus asmenybi\u0173. Jis gim\u0117 Peru 1925 metais, \u0161e\u0161tajame de\u0161imtmetyje persik\u0117l\u0117 gyventi \u012f Jungtines Valstijas ir ten \u012fstojo \u012f Los And\u017eelo universitet\u0105. 1962 metais gavo antropologijos bakalauro laipsn\u012f, o 1973 m. daktaro. 1960 metais, atlikdamas antropologinius tyrin\u0117jimus Arizonoje, Kastaneda susipa\u017eino su jaki\u0173 genties ind\u0117nu Chuanu Matusu. Ir nuo tos akimirkos Karloso Kastanedos gyvenimas pasikeit\u0117. Don Chuanas parod\u0117 jam visi\u0161kai nepa\u017e\u012fstam\u0105, keist\u0105 ir baug\u0173 sen\u0173j\u0173 Meksikos mag\u0173 pasaul\u012f, kuris egzistuoja paraleliai su m\u016bs\u0173 \u012fprasta tikrove.<\/p>\n<p>Savo magi\u0161k\u0105 kelion\u0119 Karlosas Kastaneda apra\u0161\u0117 knygose \u201eDon Chuano mokymas\u201c, \u201eNepa\u017e\u012fstama tikrov\u0117\u201c, \u201eKelion\u0117 \u012f Ikstlan\u0105\u201c, \u201eSakm\u0117s apie j\u0117g\u0105\u201c, \u201eAntrasis j\u0117gos ratas\u201c, \u201eErelio dovana\u201c, \u201eUgnis i\u0161 vidaus\u201c, \u201eTylos j\u0117ga\u201c, \u201eSapnavimo menas\u201c, \u201eAktyvioji begalybes pus\u0117\u201c, \u201eMagi\u0161kieji judesiai\u201c.<\/p>\n","protected":false},"excerpt":{"rendered":"<p>\u012e \u0161i rinkin\u012f sud\u0117ti visi \u012f lietuvi\u0173 kalb\u0105 i\u0161versti K. Kastanedos k\u016briniai, o \u201eMagi\u0161kieji judesiai. Praktin\u0117 senosios Meksikos mag\u0173 i\u0161mintis\u201c i\u0161leid\u017eiama pirm\u0105 kart\u0105. Karlosas Kastaneda (Carlos Castaneda) \u2013 viena m\u012fslingiausi\u0173 XX am\u017eiaus asmenybi\u0173. Jis gim\u0117 Peru 1925 metais, \u0161e\u0161tajame de\u0161imtmetyje persik\u0117l\u0117 gyventi \u012f Jungtines Valstijas ir ten \u012fstojo \u012f Los And\u017eelo universitet\u0105. 1962 metais gavo antropologijos bakalauro laipsn\u012f, o 1973 m. daktaro. 1960 metais, atlikdamas antropologinius tyrin\u0117jimus Arizonoje, Kastaneda susipa\u017eino su jaki\u0173 genties ind\u0117nu Chuanu Matusu. Ir nuo tos akimirkos Karloso Kastanedos gyvenimas pasikeit\u0117. Don Chuanas parod\u0117 jam visi\u0161kai nepa\u017e\u012fstam\u0105, keist\u0105 ir baug\u0173 sen\u0173j\u0173 Meksikos mag\u0173 pasaul\u012f, kuris egzistuoja paraleliai su m\u016bs\u0173 \u012fprasta tikrove. Savo magi\u0161k\u0105 kelion\u0119 Karlosas Kastaneda apra\u0161\u0117 knygose \u201eDon Chuano mokymas\u201c, \u201eNepa\u017e\u012fstama tikrov\u0117\u201c, \u201eKelion\u0117 \u012f Ikstlan\u0105\u201c, \u201eSakm\u0117s apie j\u0117g\u0105\u201c, \u201eAntrasis j\u0117gos ratas\u201c, \u201eErelio dovana\u201c, \u201eUgnis i\u0161 vidaus\u201c, \u201eTylos j\u0117ga\u201c, \u201eSapnavimo menas\u201c, \u201eAktyvioji begalybes pus\u0117\u201c, \u201eMagi\u0161kieji judesiai\u201c.<\/p>\n","protected":false},"featured_media":24824,"comment_status":"open","ping_status":"closed","template":"","meta":{"_acf_changed":false,"site-sidebar-layout":"default","site-content-layout":"","ast-site-content-layout":"default","site-content-style":"default","site-sidebar-style":"default","ast-global-header-display":"","ast-banner-title-visibility":"","ast-main-header-display":"","ast-hfb-above-header-display":"","ast-hfb-below-header-display":"","ast-hfb-mobile-header-display":"","site-post-title":"","ast-breadcrumbs-content":"","ast-featured-img":"","footer-sml-layout":"","ast-disable-related-posts":"","theme-transparent-header-meta":"","adv-header-id-meta":"","stick-header-meta":"","header-above-stick-meta":"","header-main-stick-meta":"","header-below-stick-meta":"","astra-migrate-meta-layouts":"default","ast-page-background-enabled":"default","ast-page-background-meta":{"desktop":{"background-color":"","background-image":"","background-repeat":"repeat","background-position":"center center","background-size":"auto","background-attachment":"scroll","background-type":"","background-media":"","overlay-type":"","overlay-color":"","overlay-opacity":"","overlay-gradient":""},"tablet":{"background-color":"","background-image":"","background-repeat":"repeat","background-position":"center center","background-size":"auto","background-attachment":"scroll","background-type":"","background-media":"","overlay-type":"","overlay-color":"","overlay-opacity":"","overlay-gradient":""},"mobile":{"background-color":"","background-image":"","background-repeat":"repeat","background-position":"center center","background-size":"auto","background-attachment":"scroll","background-type":"","background-media":"","overlay-type":"","overlay-color":"","overlay-opacity":"","overlay-gradient":""}},"ast-content-background-meta":{"desktop":{"background-color":"var(--ast-global-color-4)","background-image":"","background-repeat":"repeat","background-position":"center center","background-size":"auto","background-attachment":"scroll","background-type":"","background-media":"","overlay-type":"","overlay-color":"","overlay-opacity":"","overlay-gradient":""},"tablet":{"background-color":"var(--ast-global-color-4)","background-image":"","background-repeat":"repeat","background-position":"center center","background-size":"auto","background-attachment":"scroll","background-type":"","background-media":"","overlay-type":"","overlay-color":"","overlay-opacity":"","overlay-gradient":""},"mobile":{"background-color":"var(--ast-global-color-4)","background-image":"","background-repeat":"repeat","background-position":"center center","background-size":"auto","background-attachment":"scroll","background-type":"","background-media":"","overlay-type":"","overlay-color":"","overlay-opacity":"","overlay-gradient":""}}},"product_brand":[],"product_cat":[9869,9867],"product_tag":[9803],"class_list":{"0":"post-24819","1":"product","2":"type-product","3":"status-publish","4":"has-post-thumbnail","6":"product_cat-ezoterika-filosofija-ir-ezoterika","7":"product_cat-religija-negrozine-literatura","8":"product_tag-carlos-castaneda","9":"desktop-align-left","10":"tablet-align-left","11":"mobile-align-left","13":"first","14":"instock","15":"shipping-taxable","16":"purchasable","17":"product-type-simple"},"acf":[],"yoast_head":"<!-- This site is optimized with the Yoast SEO plugin v27.0 - https:\/\/yoast.com\/product\/yoast-seo-wordpress\/ -->\n<title>Magi\u0161kieji judesiai. Praktin\u0117 senosios Meksikos mag\u0173 i\u0161mintis (yra skaitymo \u017eymi\u0173)<\/title>\n<meta name=\"description\" content=\"\u012e \u0161i rinkin\u012f sud\u0117ti visi \u012f lietuvi\u0173 kalb\u0105 i\u0161versti K. Kastanedos k\u016briniai, o \u201eMagi\u0161kieji judesiai. Praktin\u0117 senosios Meksikos mag\u0173 i\u0161mintis\u201c i\u0161leid\u017eiama\" \/>\n<meta name=\"robots\" content=\"index, follow, max-snippet:-1, max-image-preview:large, max-video-preview:-1\" \/>\n<link rel=\"canonical\" href=\"https:\/\/skaitytaknyga.lt\/en\/produktas\/magiskieji-judesiai-praktine-senosios-meksikos-magu-ismintis\/\" \/>\n<meta property=\"og:locale\" content=\"en_GB\" \/>\n<meta property=\"og:locale:alternate\" content=\"lt_LT\" \/>\n<meta property=\"og:type\" content=\"article\" \/>\n<meta property=\"og:title\" content=\"Magi\u0161kieji judesiai. Praktin\u0117 senosios Meksikos mag\u0173 i\u0161mintis (yra skaitymo \u017eymi\u0173)\" \/>\n<meta property=\"og:description\" content=\"\u012e \u0161i rinkin\u012f sud\u0117ti visi \u012f lietuvi\u0173 kalb\u0105 i\u0161versti K. Kastanedos k\u016briniai, o \u201eMagi\u0161kieji judesiai. Praktin\u0117 senosios Meksikos mag\u0173 i\u0161mintis\u201c i\u0161leid\u017eiama\" \/>\n<meta property=\"og:url\" content=\"https:\/\/skaitytaknyga.lt\/en\/produktas\/magiskieji-judesiai-praktine-senosios-meksikos-magu-ismintis\/\" \/>\n<meta property=\"og:site_name\" content=\"Skaitytaknyga\" \/>\n<meta property=\"article:publisher\" content=\"https:\/\/www.facebook.com\/skaitytaknyga\/\" \/>\n<meta property=\"article:modified_time\" content=\"2026-03-18T17:38:23+00:00\" \/>\n<meta property=\"og:image\" content=\"https:\/\/skaitytaknyga.lt\/wp-content\/uploads\/2026\/03\/Magiskieji-judesiai.-Praktine-senosios-Meksikos-magu-ismintis.webp\" \/>\n\t<meta property=\"og:image:width\" content=\"406\" \/>\n\t<meta property=\"og:image:height\" content=\"575\" \/>\n\t<meta property=\"og:image:type\" content=\"image\/webp\" \/>\n<meta name=\"twitter:card\" content=\"summary_large_image\" \/>\n<meta name=\"twitter:label1\" content=\"Estimated reading time\" \/>\n\t<meta name=\"twitter:data1\" content=\"1 minute\" \/>\n<script type=\"application\/ld+json\" class=\"yoast-schema-graph\">{\"@context\":\"https:\/\/schema.org\",\"@graph\":[{\"@type\":\"WebPage\",\"@id\":\"https:\/\/skaitytaknyga.lt\/produktas\/magiskieji-judesiai-praktine-senosios-meksikos-magu-ismintis\/\",\"url\":\"https:\/\/skaitytaknyga.lt\/produktas\/magiskieji-judesiai-praktine-senosios-meksikos-magu-ismintis\/\",\"name\":\"Magi\u0161kieji judesiai. Praktin\u0117 senosios Meksikos mag\u0173 i\u0161mintis (yra skaitymo \u017eymi\u0173)\",\"isPartOf\":{\"@id\":\"https:\/\/skaitytaknyga.lt\/#website\"},\"primaryImageOfPage\":{\"@id\":\"https:\/\/skaitytaknyga.lt\/produktas\/magiskieji-judesiai-praktine-senosios-meksikos-magu-ismintis\/#primaryimage\"},\"image\":{\"@id\":\"https:\/\/skaitytaknyga.lt\/produktas\/magiskieji-judesiai-praktine-senosios-meksikos-magu-ismintis\/#primaryimage\"},\"thumbnailUrl\":\"https:\/\/skaitytaknyga.lt\/wp-content\/uploads\/2026\/03\/Magiskieji-judesiai.-Praktine-senosios-Meksikos-magu-ismintis.webp\",\"datePublished\":\"2026-03-16T07:15:30+00:00\",\"dateModified\":\"2026-03-18T17:38:23+00:00\",\"description\":\"\u012e \u0161i rinkin\u012f sud\u0117ti visi \u012f lietuvi\u0173 kalb\u0105 i\u0161versti K. Kastanedos k\u016briniai, o \u201eMagi\u0161kieji judesiai. Praktin\u0117 senosios Meksikos mag\u0173 i\u0161mintis\u201c i\u0161leid\u017eiama\",\"breadcrumb\":{\"@id\":\"https:\/\/skaitytaknyga.lt\/produktas\/magiskieji-judesiai-praktine-senosios-meksikos-magu-ismintis\/#breadcrumb\"},\"inLanguage\":\"en-GB\",\"potentialAction\":[{\"@type\":\"ReadAction\",\"target\":[\"https:\/\/skaitytaknyga.lt\/produktas\/magiskieji-judesiai-praktine-senosios-meksikos-magu-ismintis\/\"]}]},{\"@type\":\"ImageObject\",\"inLanguage\":\"en-GB\",\"@id\":\"https:\/\/skaitytaknyga.lt\/produktas\/magiskieji-judesiai-praktine-senosios-meksikos-magu-ismintis\/#primaryimage\",\"url\":\"https:\/\/skaitytaknyga.lt\/wp-content\/uploads\/2026\/03\/Magiskieji-judesiai.-Praktine-senosios-Meksikos-magu-ismintis.webp\",\"contentUrl\":\"https:\/\/skaitytaknyga.lt\/wp-content\/uploads\/2026\/03\/Magiskieji-judesiai.-Praktine-senosios-Meksikos-magu-ismintis.webp\",\"width\":406,\"height\":575,\"caption\":\"Magi\u0161kieji judesiai. Praktin\u0117 senosios Meksikos mag\u0173 i\u0161mintis\"},{\"@type\":\"BreadcrumbList\",\"@id\":\"https:\/\/skaitytaknyga.lt\/produktas\/magiskieji-judesiai-praktine-senosios-meksikos-magu-ismintis\/#breadcrumb\",\"itemListElement\":[{\"@type\":\"ListItem\",\"position\":1,\"name\":\"Home\",\"item\":\"https:\/\/skaitytaknyga.lt\/\"},{\"@type\":\"ListItem\",\"position\":2,\"name\":\"Parduotuv\u0117\",\"item\":\"https:\/\/skaitytaknyga.lt\/knygu-parduotuve\/\"},{\"@type\":\"ListItem\",\"position\":3,\"name\":\"Magi\u0161kieji judesiai. Praktin\u0117 senosios Meksikos mag\u0173 i\u0161mintis (yra skaitymo \u017eymi\u0173)\"}]},{\"@type\":\"WebSite\",\"@id\":\"https:\/\/skaitytaknyga.lt\/#website\",\"url\":\"https:\/\/skaitytaknyga.lt\/\",\"name\":\"skaitytaknyga.lt\",\"description\":\"Skaitytaknyga.lt \u2013 tai ma\u017eas \u0161eimos verslas, kuris prasid\u0117jo nuo meil\u0117s knygoms ir siekio i\u0161gelb\u0117ti knygas nuo likimo prie konteinerio. Kas vienam nereikalingas daiktas \u2013 kitam lobis, o mes esame tarpininkai, kurie padeda abiems tapti laimingesniems ???? \u017dinome kaip nelengva i\u0161gyventi ma\u017eiems verslams, tad nuo \u0161iol, \u010dia rasite ir kit\u0173, ma\u017e\u0173 \u0161eim\u0173 versl\u0173, rank\u0173 darbo, dovan\u0173 sau ir artimiesiems.\",\"publisher\":{\"@id\":\"https:\/\/skaitytaknyga.lt\/#organization\"},\"potentialAction\":[{\"@type\":\"SearchAction\",\"target\":{\"@type\":\"EntryPoint\",\"urlTemplate\":\"https:\/\/skaitytaknyga.lt\/?s={search_term_string}\"},\"query-input\":{\"@type\":\"PropertyValueSpecification\",\"valueRequired\":true,\"valueName\":\"search_term_string\"}}],\"inLanguage\":\"en-GB\"},{\"@type\":\"Organization\",\"@id\":\"https:\/\/skaitytaknyga.lt\/#organization\",\"name\":\"skaitytaknyga.lt\",\"url\":\"https:\/\/skaitytaknyga.lt\/\",\"logo\":{\"@type\":\"ImageObject\",\"inLanguage\":\"en-GB\",\"@id\":\"https:\/\/skaitytaknyga.lt\/#\/schema\/logo\/image\/\",\"url\":\"https:\/\/skaitytaknyga.lt\/wp-content\/uploads\/2024\/05\/cropped-cropped-cropped-02_00843_jt3bggkj1j3HLc7SyY6rEUpg.jpeg\",\"contentUrl\":\"https:\/\/skaitytaknyga.lt\/wp-content\/uploads\/2024\/05\/cropped-cropped-cropped-02_00843_jt3bggkj1j3HLc7SyY6rEUpg.jpeg\",\"width\":1600,\"height\":1600,\"caption\":\"skaitytaknyga.lt\"},\"image\":{\"@id\":\"https:\/\/skaitytaknyga.lt\/#\/schema\/logo\/image\/\"},\"sameAs\":[\"https:\/\/www.facebook.com\/skaitytaknyga\/\"]}]}<\/script>\n<!-- \/ Yoast SEO plugin. -->","yoast_head_json":{"title":"Magi\u0161kieji judesiai. Praktin\u0117 senosios Meksikos mag\u0173 i\u0161mintis (yra skaitymo \u017eymi\u0173)","description":"\u012e \u0161i rinkin\u012f sud\u0117ti visi \u012f lietuvi\u0173 kalb\u0105 i\u0161versti K. Kastanedos k\u016briniai, o \u201eMagi\u0161kieji judesiai. Praktin\u0117 senosios Meksikos mag\u0173 i\u0161mintis\u201c i\u0161leid\u017eiama","robots":{"index":"index","follow":"follow","max-snippet":"max-snippet:-1","max-image-preview":"max-image-preview:large","max-video-preview":"max-video-preview:-1"},"canonical":"https:\/\/skaitytaknyga.lt\/en\/produktas\/magiskieji-judesiai-praktine-senosios-meksikos-magu-ismintis\/","og_locale":"en_GB","og_type":"article","og_title":"[:lt]Magi\u0161kieji judesiai. Praktin\u0117 senosios Meksikos mag\u0173 i\u0161mintis (yra skaitymo \u017eymi\u0173)[:] - Skaitytaknyga","og_description":"\u012e \u0161i rinkin\u012f sud\u0117ti visi \u012f lietuvi\u0173 kalb\u0105 i\u0161versti K. Kastanedos k\u016briniai, o \u201eMagi\u0161kieji judesiai. Praktin\u0117 senosios Meksikos mag\u0173 i\u0161mintis\u201c i\u0161leid\u017eiama","og_url":"https:\/\/skaitytaknyga.lt\/en\/produktas\/magiskieji-judesiai-praktine-senosios-meksikos-magu-ismintis\/","og_site_name":"Skaitytaknyga","article_publisher":"https:\/\/www.facebook.com\/skaitytaknyga\/","article_modified_time":"2026-03-18T17:38:23+00:00","og_image":[{"width":406,"height":575,"url":"https:\/\/skaitytaknyga.lt\/wp-content\/uploads\/2026\/03\/Magiskieji-judesiai.-Praktine-senosios-Meksikos-magu-ismintis.webp","type":"image\/webp"}],"twitter_card":"summary_large_image","twitter_misc":{"Estimated reading time":"1 minute"},"schema":{"@context":"https:\/\/schema.org","@graph":[{"@type":"WebPage","@id":"https:\/\/skaitytaknyga.lt\/produktas\/magiskieji-judesiai-praktine-senosios-meksikos-magu-ismintis\/","url":"https:\/\/skaitytaknyga.lt\/produktas\/magiskieji-judesiai-praktine-senosios-meksikos-magu-ismintis\/","name":"Magi\u0161kieji judesiai. Praktin\u0117 senosios Meksikos mag\u0173 i\u0161mintis (yra skaitymo \u017eymi\u0173)","isPartOf":{"@id":"https:\/\/skaitytaknyga.lt\/#website"},"primaryImageOfPage":{"@id":"https:\/\/skaitytaknyga.lt\/produktas\/magiskieji-judesiai-praktine-senosios-meksikos-magu-ismintis\/#primaryimage"},"image":{"@id":"https:\/\/skaitytaknyga.lt\/produktas\/magiskieji-judesiai-praktine-senosios-meksikos-magu-ismintis\/#primaryimage"},"thumbnailUrl":"https:\/\/skaitytaknyga.lt\/wp-content\/uploads\/2026\/03\/Magiskieji-judesiai.-Praktine-senosios-Meksikos-magu-ismintis.webp","datePublished":"2026-03-16T07:15:30+00:00","dateModified":"2026-03-18T17:38:23+00:00","description":"\u012e \u0161i rinkin\u012f sud\u0117ti visi \u012f lietuvi\u0173 kalb\u0105 i\u0161versti K. Kastanedos k\u016briniai, o \u201eMagi\u0161kieji judesiai. Praktin\u0117 senosios Meksikos mag\u0173 i\u0161mintis\u201c i\u0161leid\u017eiama","breadcrumb":{"@id":"https:\/\/skaitytaknyga.lt\/produktas\/magiskieji-judesiai-praktine-senosios-meksikos-magu-ismintis\/#breadcrumb"},"inLanguage":"en-GB","potentialAction":[{"@type":"ReadAction","target":["https:\/\/skaitytaknyga.lt\/produktas\/magiskieji-judesiai-praktine-senosios-meksikos-magu-ismintis\/"]}]},{"@type":"ImageObject","inLanguage":"en-GB","@id":"https:\/\/skaitytaknyga.lt\/produktas\/magiskieji-judesiai-praktine-senosios-meksikos-magu-ismintis\/#primaryimage","url":"https:\/\/skaitytaknyga.lt\/wp-content\/uploads\/2026\/03\/Magiskieji-judesiai.-Praktine-senosios-Meksikos-magu-ismintis.webp","contentUrl":"https:\/\/skaitytaknyga.lt\/wp-content\/uploads\/2026\/03\/Magiskieji-judesiai.-Praktine-senosios-Meksikos-magu-ismintis.webp","width":406,"height":575,"caption":"Magi\u0161kieji judesiai. Praktin\u0117 senosios Meksikos mag\u0173 i\u0161mintis"},{"@type":"BreadcrumbList","@id":"https:\/\/skaitytaknyga.lt\/produktas\/magiskieji-judesiai-praktine-senosios-meksikos-magu-ismintis\/#breadcrumb","itemListElement":[{"@type":"ListItem","position":1,"name":"Home","item":"https:\/\/skaitytaknyga.lt\/"},{"@type":"ListItem","position":2,"name":"Parduotuv\u0117","item":"https:\/\/skaitytaknyga.lt\/knygu-parduotuve\/"},{"@type":"ListItem","position":3,"name":"Magi\u0161kieji judesiai. Praktin\u0117 senosios Meksikos mag\u0173 i\u0161mintis (yra skaitymo \u017eymi\u0173)"}]},{"@type":"WebSite","@id":"https:\/\/skaitytaknyga.lt\/#website","url":"https:\/\/skaitytaknyga.lt\/","name":"skaitytaknyga.lt","description":"Skaitytaknyga.lt \u2013 tai ma\u017eas \u0161eimos verslas, kuris prasid\u0117jo nuo meil\u0117s knygoms ir siekio i\u0161gelb\u0117ti knygas nuo likimo prie konteinerio. Kas vienam nereikalingas daiktas \u2013 kitam lobis, o mes esame tarpininkai, kurie padeda abiems tapti laimingesniems ???? \u017dinome kaip nelengva i\u0161gyventi ma\u017eiems verslams, tad nuo \u0161iol, \u010dia rasite ir kit\u0173, ma\u017e\u0173 \u0161eim\u0173 versl\u0173, rank\u0173 darbo, dovan\u0173 sau ir artimiesiems.","publisher":{"@id":"https:\/\/skaitytaknyga.lt\/#organization"},"potentialAction":[{"@type":"SearchAction","target":{"@type":"EntryPoint","urlTemplate":"https:\/\/skaitytaknyga.lt\/?s={search_term_string}"},"query-input":{"@type":"PropertyValueSpecification","valueRequired":true,"valueName":"search_term_string"}}],"inLanguage":"en-GB"},{"@type":"Organization","@id":"https:\/\/skaitytaknyga.lt\/#organization","name":"skaitytaknyga.lt","url":"https:\/\/skaitytaknyga.lt\/","logo":{"@type":"ImageObject","inLanguage":"en-GB","@id":"https:\/\/skaitytaknyga.lt\/#\/schema\/logo\/image\/","url":"https:\/\/skaitytaknyga.lt\/wp-content\/uploads\/2024\/05\/cropped-cropped-cropped-02_00843_jt3bggkj1j3HLc7SyY6rEUpg.jpeg","contentUrl":"https:\/\/skaitytaknyga.lt\/wp-content\/uploads\/2024\/05\/cropped-cropped-cropped-02_00843_jt3bggkj1j3HLc7SyY6rEUpg.jpeg","width":1600,"height":1600,"caption":"skaitytaknyga.lt"},"image":{"@id":"https:\/\/skaitytaknyga.lt\/#\/schema\/logo\/image\/"},"sameAs":["https:\/\/www.facebook.com\/skaitytaknyga\/"]}]}},"_links":{"self":[{"href":"https:\/\/skaitytaknyga.lt\/en\/wp-json\/wp\/v2\/product\/24819","targetHints":{"allow":["GET"]}}],"collection":[{"href":"https:\/\/skaitytaknyga.lt\/en\/wp-json\/wp\/v2\/product"}],"about":[{"href":"https:\/\/skaitytaknyga.lt\/en\/wp-json\/wp\/v2\/types\/product"}],"replies":[{"embeddable":true,"href":"https:\/\/skaitytaknyga.lt\/en\/wp-json\/wp\/v2\/comments?post=24819"}],"wp:featuredmedia":[{"embeddable":true,"href":"https:\/\/skaitytaknyga.lt\/en\/wp-json\/wp\/v2\/media\/24824"}],"wp:attachment":[{"href":"https:\/\/skaitytaknyga.lt\/en\/wp-json\/wp\/v2\/media?parent=24819"}],"wp:term":[{"taxonomy":"product_brand","embeddable":true,"href":"https:\/\/skaitytaknyga.lt\/en\/wp-json\/wp\/v2\/product_brand?post=24819"},{"taxonomy":"product_cat","embeddable":true,"href":"https:\/\/skaitytaknyga.lt\/en\/wp-json\/wp\/v2\/product_cat?post=24819"},{"taxonomy":"product_tag","embeddable":true,"href":"https:\/\/skaitytaknyga.lt\/en\/wp-json\/wp\/v2\/product_tag?post=24819"}],"curies":[{"name":"wp","href":"https:\/\/api.w.org\/{rel}","templated":true}]}}