{"id":24727,"date":"2026-03-11T18:55:07","date_gmt":"2026-03-11T16:55:07","guid":{"rendered":"https:\/\/skaitytaknyga.lt\/?post_type=product&#038;p=24727"},"modified":"2026-03-18T20:00:06","modified_gmt":"2026-03-18T18:00:06","slug":"grafinio-dizaino-pagrindai","status":"publish","type":"product","link":"https:\/\/skaitytaknyga.lt\/en\/produktas\/grafinio-dizaino-pagrindai\/","title":{"rendered":"Grafinio dizaino pagrindai (knygoje yra pasi\u017eym\u0117jim\u0173, pastab\u0173)"},"content":{"rendered":"<p>Knygoje \u201eGrafinio dizaino pagrindai&#8221; pateikiama susiteminta teorin\u0117 med\u017eiaga apie pagrindines grafinio dizaino menin\u0117s rai\u0161kos priemones ir principus; apib\u016bdinama grafinio dizaino objekto esm\u0117; supa\u017eindinama su optin\u0117s iliuzijos reik\u0161me grafiniam vaizdavimui; trumpai pristatomi pagrindiniai kompozicijos pagrind\u0173 principai; pateikiamos pagrindin\u0117s spalv\u0173 rai\u0161kos ypatyb\u0117s, proporcijos ir mastelio ypatumai, \u0161rifto strukt\u016bra ir komponavimas; supa\u017eindinama su vizualinio stiliaus ir preki\u0173 \u017eenkl\u0173 k\u016brimu.<\/p>\n<p>Knyga \u201eGrafinio dizaino pagrindai\u201c skirta auk\u0161t\u0173j\u0173 mokykl\u0173 studentams, studijuojantiems dizain\u0105, dail\u0117s gimnazij\u0173 ir specializuot\u0173 vidurini\u0173 mokykl\u0173 moksleiviams. D\u0117stytojai ir mokytojai j\u0105, kaip metodin\u0119 priemon\u0119, gali taikyti pamokose, paskaitose. Joje \u012fdomi\u0173 pavyzd\u017ei\u0173 gali rasti visi, besidomintys grafiniu dizainu.<\/p>\n","protected":false},"excerpt":{"rendered":"<p>Knygoje \u201eGrafinio dizaino pagrindai&#8221; pateikiama susiteminta teorin\u0117 med\u017eiaga apie pagrindines grafinio dizaino menin\u0117s rai\u0161kos priemones ir principus; apib\u016bdinama grafinio dizaino objekto esm\u0117; supa\u017eindinama su optin\u0117s iliuzijos reik\u0161me grafiniam vaizdavimui; trumpai pristatomi pagrindiniai kompozicijos pagrind\u0173 principai; pateikiamos pagrindin\u0117s spalv\u0173 rai\u0161kos ypatyb\u0117s, proporcijos ir mastelio ypatumai, \u0161rifto strukt\u016bra ir komponavimas; supa\u017eindinama su vizualinio stiliaus ir preki\u0173 \u017eenkl\u0173 k\u016brimu. Knyga \u201eGrafinio dizaino pagrindai\u201c skirta auk\u0161t\u0173j\u0173 mokykl\u0173 studentams, studijuojantiems dizain\u0105, dail\u0117s gimnazij\u0173 ir specializuot\u0173 vidurini\u0173 mokykl\u0173 moksleiviams. D\u0117stytojai ir mokytojai j\u0105, kaip metodin\u0119 priemon\u0119, gali taikyti pamokose, paskaitose. Joje \u012fdomi\u0173 pavyzd\u017ei\u0173 gali rasti visi, besidomintys grafiniu dizainu.<\/p>\n","protected":false},"featured_media":24732,"comment_status":"open","ping_status":"closed","template":"","meta":{"_acf_changed":false,"site-sidebar-layout":"default","site-content-layout":"","ast-site-content-layout":"default","site-content-style":"default","site-sidebar-style":"default","ast-global-header-display":"","ast-banner-title-visibility":"","ast-main-header-display":"","ast-hfb-above-header-display":"","ast-hfb-below-header-display":"","ast-hfb-mobile-header-display":"","site-post-title":"","ast-breadcrumbs-content":"","ast-featured-img":"","footer-sml-layout":"","ast-disable-related-posts":"","theme-transparent-header-meta":"","adv-header-id-meta":"","stick-header-meta":"","header-above-stick-meta":"","header-main-stick-meta":"","header-below-stick-meta":"","astra-migrate-meta-layouts":"default","ast-page-background-enabled":"default","ast-page-background-meta":{"desktop":{"background-color":"","background-image":"","background-repeat":"repeat","background-position":"center center","background-size":"auto","background-attachment":"scroll","background-type":"","background-media":"","overlay-type":"","overlay-color":"","overlay-opacity":"","overlay-gradient":""},"tablet":{"background-color":"","background-image":"","background-repeat":"repeat","background-position":"center center","background-size":"auto","background-attachment":"scroll","background-type":"","background-media":"","overlay-type":"","overlay-color":"","overlay-opacity":"","overlay-gradient":""},"mobile":{"background-color":"","background-image":"","background-repeat":"repeat","background-position":"center center","background-size":"auto","background-attachment":"scroll","background-type":"","background-media":"","overlay-type":"","overlay-color":"","overlay-opacity":"","overlay-gradient":""}},"ast-content-background-meta":{"desktop":{"background-color":"var(--ast-global-color-4)","background-image":"","background-repeat":"repeat","background-position":"center center","background-size":"auto","background-attachment":"scroll","background-type":"","background-media":"","overlay-type":"","overlay-color":"","overlay-opacity":"","overlay-gradient":""},"tablet":{"background-color":"var(--ast-global-color-4)","background-image":"","background-repeat":"repeat","background-position":"center center","background-size":"auto","background-attachment":"scroll","background-type":"","background-media":"","overlay-type":"","overlay-color":"","overlay-opacity":"","overlay-gradient":""},"mobile":{"background-color":"var(--ast-global-color-4)","background-image":"","background-repeat":"repeat","background-position":"center center","background-size":"auto","background-attachment":"scroll","background-type":"","background-media":"","overlay-type":"","overlay-color":"","overlay-opacity":"","overlay-gradient":""}}},"product_brand":[],"product_cat":[9871,57],"product_tag":[9800],"class_list":{"0":"post-24727","1":"product","2":"type-product","3":"status-publish","4":"has-post-thumbnail","6":"product_cat-tapyba-ir-daile","7":"product_cat-menas-ir-albumai","8":"product_tag-gintare-jarasiene","9":"desktop-align-left","10":"tablet-align-left","11":"mobile-align-left","13":"first","14":"instock","15":"shipping-taxable","16":"purchasable","17":"product-type-simple"},"acf":[],"yoast_head":"<!-- This site is optimized with the Yoast SEO plugin v27.0 - https:\/\/yoast.com\/product\/yoast-seo-wordpress\/ -->\n<title>Grafinio dizaino pagrindai (knygoje yra pasi\u017eym\u0117jim\u0173, pastab\u0173)<\/title>\n<meta name=\"description\" content=\"Knygoje \u201eGrafinio dizaino pagrindai&quot; pateikiama susiteminta teorin\u0117 med\u017eiaga apie pagrindines grafinio dizaino menin\u0117s rai\u0161kos priemones ir principus;\" \/>\n<meta name=\"robots\" content=\"index, follow, max-snippet:-1, max-image-preview:large, max-video-preview:-1\" \/>\n<link rel=\"canonical\" href=\"https:\/\/skaitytaknyga.lt\/en\/produktas\/grafinio-dizaino-pagrindai\/\" \/>\n<meta property=\"og:locale\" content=\"en_GB\" \/>\n<meta property=\"og:locale:alternate\" content=\"lt_LT\" \/>\n<meta property=\"og:type\" content=\"article\" \/>\n<meta property=\"og:title\" content=\"Grafinio dizaino pagrindai (knygoje yra pasi\u017eym\u0117jim\u0173, pastab\u0173)\" \/>\n<meta property=\"og:description\" content=\"Knygoje \u201eGrafinio dizaino pagrindai&quot; pateikiama susiteminta teorin\u0117 med\u017eiaga apie pagrindines grafinio dizaino menin\u0117s rai\u0161kos priemones ir principus;\" \/>\n<meta property=\"og:url\" content=\"https:\/\/skaitytaknyga.lt\/en\/produktas\/grafinio-dizaino-pagrindai\/\" \/>\n<meta property=\"og:site_name\" content=\"Skaitytaknyga\" \/>\n<meta property=\"article:publisher\" content=\"https:\/\/www.facebook.com\/skaitytaknyga\/\" \/>\n<meta property=\"article:modified_time\" content=\"2026-03-18T18:00:06+00:00\" \/>\n<meta property=\"og:image\" content=\"https:\/\/skaitytaknyga.lt\/wp-content\/uploads\/2026\/03\/Grafinio-dizaino-pagrindai-e1773253367528.webp\" \/>\n\t<meta property=\"og:image:width\" content=\"400\" \/>\n\t<meta property=\"og:image:height\" content=\"451\" \/>\n\t<meta property=\"og:image:type\" content=\"image\/webp\" \/>\n<meta name=\"twitter:card\" content=\"summary_large_image\" \/>\n<meta name=\"twitter:label1\" content=\"Estimated reading time\" \/>\n\t<meta name=\"twitter:data1\" content=\"1 minute\" \/>\n<script type=\"application\/ld+json\" class=\"yoast-schema-graph\">{\"@context\":\"https:\/\/schema.org\",\"@graph\":[{\"@type\":\"WebPage\",\"@id\":\"https:\/\/skaitytaknyga.lt\/produktas\/grafinio-dizaino-pagrindai\/\",\"url\":\"https:\/\/skaitytaknyga.lt\/produktas\/grafinio-dizaino-pagrindai\/\",\"name\":\"Grafinio dizaino pagrindai (knygoje yra pasi\u017eym\u0117jim\u0173, pastab\u0173)\",\"isPartOf\":{\"@id\":\"https:\/\/skaitytaknyga.lt\/#website\"},\"primaryImageOfPage\":{\"@id\":\"https:\/\/skaitytaknyga.lt\/produktas\/grafinio-dizaino-pagrindai\/#primaryimage\"},\"image\":{\"@id\":\"https:\/\/skaitytaknyga.lt\/produktas\/grafinio-dizaino-pagrindai\/#primaryimage\"},\"thumbnailUrl\":\"https:\/\/skaitytaknyga.lt\/wp-content\/uploads\/2026\/03\/Grafinio-dizaino-pagrindai-e1773253367528.webp\",\"datePublished\":\"2026-03-11T16:55:07+00:00\",\"dateModified\":\"2026-03-18T18:00:06+00:00\",\"description\":\"Knygoje \u201eGrafinio dizaino pagrindai\\\" pateikiama susiteminta teorin\u0117 med\u017eiaga apie pagrindines grafinio dizaino menin\u0117s rai\u0161kos priemones ir principus;\",\"breadcrumb\":{\"@id\":\"https:\/\/skaitytaknyga.lt\/produktas\/grafinio-dizaino-pagrindai\/#breadcrumb\"},\"inLanguage\":\"en-GB\",\"potentialAction\":[{\"@type\":\"ReadAction\",\"target\":[\"https:\/\/skaitytaknyga.lt\/produktas\/grafinio-dizaino-pagrindai\/\"]}]},{\"@type\":\"ImageObject\",\"inLanguage\":\"en-GB\",\"@id\":\"https:\/\/skaitytaknyga.lt\/produktas\/grafinio-dizaino-pagrindai\/#primaryimage\",\"url\":\"https:\/\/skaitytaknyga.lt\/wp-content\/uploads\/2026\/03\/Grafinio-dizaino-pagrindai-e1773253367528.webp\",\"contentUrl\":\"https:\/\/skaitytaknyga.lt\/wp-content\/uploads\/2026\/03\/Grafinio-dizaino-pagrindai-e1773253367528.webp\",\"width\":400,\"height\":451,\"caption\":\"Grafinio dizaino pagrindai\"},{\"@type\":\"BreadcrumbList\",\"@id\":\"https:\/\/skaitytaknyga.lt\/produktas\/grafinio-dizaino-pagrindai\/#breadcrumb\",\"itemListElement\":[{\"@type\":\"ListItem\",\"position\":1,\"name\":\"Home\",\"item\":\"https:\/\/skaitytaknyga.lt\/\"},{\"@type\":\"ListItem\",\"position\":2,\"name\":\"Parduotuv\u0117\",\"item\":\"https:\/\/skaitytaknyga.lt\/knygu-parduotuve\/\"},{\"@type\":\"ListItem\",\"position\":3,\"name\":\"Grafinio dizaino pagrindai (knygoje yra pasi\u017eym\u0117jim\u0173, pastab\u0173)\"}]},{\"@type\":\"WebSite\",\"@id\":\"https:\/\/skaitytaknyga.lt\/#website\",\"url\":\"https:\/\/skaitytaknyga.lt\/\",\"name\":\"skaitytaknyga.lt\",\"description\":\"Skaitytaknyga.lt \u2013 tai ma\u017eas \u0161eimos verslas, kuris prasid\u0117jo nuo meil\u0117s knygoms ir siekio i\u0161gelb\u0117ti knygas nuo likimo prie konteinerio. Kas vienam nereikalingas daiktas \u2013 kitam lobis, o mes esame tarpininkai, kurie padeda abiems tapti laimingesniems ???? \u017dinome kaip nelengva i\u0161gyventi ma\u017eiems verslams, tad nuo \u0161iol, \u010dia rasite ir kit\u0173, ma\u017e\u0173 \u0161eim\u0173 versl\u0173, rank\u0173 darbo, dovan\u0173 sau ir artimiesiems.\",\"publisher\":{\"@id\":\"https:\/\/skaitytaknyga.lt\/#organization\"},\"potentialAction\":[{\"@type\":\"SearchAction\",\"target\":{\"@type\":\"EntryPoint\",\"urlTemplate\":\"https:\/\/skaitytaknyga.lt\/?s={search_term_string}\"},\"query-input\":{\"@type\":\"PropertyValueSpecification\",\"valueRequired\":true,\"valueName\":\"search_term_string\"}}],\"inLanguage\":\"en-GB\"},{\"@type\":\"Organization\",\"@id\":\"https:\/\/skaitytaknyga.lt\/#organization\",\"name\":\"skaitytaknyga.lt\",\"url\":\"https:\/\/skaitytaknyga.lt\/\",\"logo\":{\"@type\":\"ImageObject\",\"inLanguage\":\"en-GB\",\"@id\":\"https:\/\/skaitytaknyga.lt\/#\/schema\/logo\/image\/\",\"url\":\"https:\/\/skaitytaknyga.lt\/wp-content\/uploads\/2024\/05\/cropped-cropped-cropped-02_00843_jt3bggkj1j3HLc7SyY6rEUpg.jpeg\",\"contentUrl\":\"https:\/\/skaitytaknyga.lt\/wp-content\/uploads\/2024\/05\/cropped-cropped-cropped-02_00843_jt3bggkj1j3HLc7SyY6rEUpg.jpeg\",\"width\":1600,\"height\":1600,\"caption\":\"skaitytaknyga.lt\"},\"image\":{\"@id\":\"https:\/\/skaitytaknyga.lt\/#\/schema\/logo\/image\/\"},\"sameAs\":[\"https:\/\/www.facebook.com\/skaitytaknyga\/\"]}]}<\/script>\n<!-- \/ Yoast SEO plugin. -->","yoast_head_json":{"title":"Grafinio dizaino pagrindai (knygoje yra pasi\u017eym\u0117jim\u0173, pastab\u0173)","description":"Knygoje \u201eGrafinio dizaino pagrindai\" pateikiama susiteminta teorin\u0117 med\u017eiaga apie pagrindines grafinio dizaino menin\u0117s rai\u0161kos priemones ir principus;","robots":{"index":"index","follow":"follow","max-snippet":"max-snippet:-1","max-image-preview":"max-image-preview:large","max-video-preview":"max-video-preview:-1"},"canonical":"https:\/\/skaitytaknyga.lt\/en\/produktas\/grafinio-dizaino-pagrindai\/","og_locale":"en_GB","og_type":"article","og_title":"[:lt]Grafinio dizaino pagrindai (knygoje yra pasi\u017eym\u0117jim\u0173, pastab\u0173)[:] - Skaitytaknyga","og_description":"Knygoje \u201eGrafinio dizaino pagrindai\" pateikiama susiteminta teorin\u0117 med\u017eiaga apie pagrindines grafinio dizaino menin\u0117s rai\u0161kos priemones ir principus;","og_url":"https:\/\/skaitytaknyga.lt\/en\/produktas\/grafinio-dizaino-pagrindai\/","og_site_name":"Skaitytaknyga","article_publisher":"https:\/\/www.facebook.com\/skaitytaknyga\/","article_modified_time":"2026-03-18T18:00:06+00:00","og_image":[{"width":400,"height":451,"url":"https:\/\/skaitytaknyga.lt\/wp-content\/uploads\/2026\/03\/Grafinio-dizaino-pagrindai-e1773253367528.webp","type":"image\/webp"}],"twitter_card":"summary_large_image","twitter_misc":{"Estimated reading time":"1 minute"},"schema":{"@context":"https:\/\/schema.org","@graph":[{"@type":"WebPage","@id":"https:\/\/skaitytaknyga.lt\/produktas\/grafinio-dizaino-pagrindai\/","url":"https:\/\/skaitytaknyga.lt\/produktas\/grafinio-dizaino-pagrindai\/","name":"Grafinio dizaino pagrindai (knygoje yra pasi\u017eym\u0117jim\u0173, pastab\u0173)","isPartOf":{"@id":"https:\/\/skaitytaknyga.lt\/#website"},"primaryImageOfPage":{"@id":"https:\/\/skaitytaknyga.lt\/produktas\/grafinio-dizaino-pagrindai\/#primaryimage"},"image":{"@id":"https:\/\/skaitytaknyga.lt\/produktas\/grafinio-dizaino-pagrindai\/#primaryimage"},"thumbnailUrl":"https:\/\/skaitytaknyga.lt\/wp-content\/uploads\/2026\/03\/Grafinio-dizaino-pagrindai-e1773253367528.webp","datePublished":"2026-03-11T16:55:07+00:00","dateModified":"2026-03-18T18:00:06+00:00","description":"Knygoje \u201eGrafinio dizaino pagrindai\" pateikiama susiteminta teorin\u0117 med\u017eiaga apie pagrindines grafinio dizaino menin\u0117s rai\u0161kos priemones ir principus;","breadcrumb":{"@id":"https:\/\/skaitytaknyga.lt\/produktas\/grafinio-dizaino-pagrindai\/#breadcrumb"},"inLanguage":"en-GB","potentialAction":[{"@type":"ReadAction","target":["https:\/\/skaitytaknyga.lt\/produktas\/grafinio-dizaino-pagrindai\/"]}]},{"@type":"ImageObject","inLanguage":"en-GB","@id":"https:\/\/skaitytaknyga.lt\/produktas\/grafinio-dizaino-pagrindai\/#primaryimage","url":"https:\/\/skaitytaknyga.lt\/wp-content\/uploads\/2026\/03\/Grafinio-dizaino-pagrindai-e1773253367528.webp","contentUrl":"https:\/\/skaitytaknyga.lt\/wp-content\/uploads\/2026\/03\/Grafinio-dizaino-pagrindai-e1773253367528.webp","width":400,"height":451,"caption":"Grafinio dizaino pagrindai"},{"@type":"BreadcrumbList","@id":"https:\/\/skaitytaknyga.lt\/produktas\/grafinio-dizaino-pagrindai\/#breadcrumb","itemListElement":[{"@type":"ListItem","position":1,"name":"Home","item":"https:\/\/skaitytaknyga.lt\/"},{"@type":"ListItem","position":2,"name":"Parduotuv\u0117","item":"https:\/\/skaitytaknyga.lt\/knygu-parduotuve\/"},{"@type":"ListItem","position":3,"name":"Grafinio dizaino pagrindai (knygoje yra pasi\u017eym\u0117jim\u0173, pastab\u0173)"}]},{"@type":"WebSite","@id":"https:\/\/skaitytaknyga.lt\/#website","url":"https:\/\/skaitytaknyga.lt\/","name":"skaitytaknyga.lt","description":"Skaitytaknyga.lt \u2013 tai ma\u017eas \u0161eimos verslas, kuris prasid\u0117jo nuo meil\u0117s knygoms ir siekio i\u0161gelb\u0117ti knygas nuo likimo prie konteinerio. Kas vienam nereikalingas daiktas \u2013 kitam lobis, o mes esame tarpininkai, kurie padeda abiems tapti laimingesniems ???? \u017dinome kaip nelengva i\u0161gyventi ma\u017eiems verslams, tad nuo \u0161iol, \u010dia rasite ir kit\u0173, ma\u017e\u0173 \u0161eim\u0173 versl\u0173, rank\u0173 darbo, dovan\u0173 sau ir artimiesiems.","publisher":{"@id":"https:\/\/skaitytaknyga.lt\/#organization"},"potentialAction":[{"@type":"SearchAction","target":{"@type":"EntryPoint","urlTemplate":"https:\/\/skaitytaknyga.lt\/?s={search_term_string}"},"query-input":{"@type":"PropertyValueSpecification","valueRequired":true,"valueName":"search_term_string"}}],"inLanguage":"en-GB"},{"@type":"Organization","@id":"https:\/\/skaitytaknyga.lt\/#organization","name":"skaitytaknyga.lt","url":"https:\/\/skaitytaknyga.lt\/","logo":{"@type":"ImageObject","inLanguage":"en-GB","@id":"https:\/\/skaitytaknyga.lt\/#\/schema\/logo\/image\/","url":"https:\/\/skaitytaknyga.lt\/wp-content\/uploads\/2024\/05\/cropped-cropped-cropped-02_00843_jt3bggkj1j3HLc7SyY6rEUpg.jpeg","contentUrl":"https:\/\/skaitytaknyga.lt\/wp-content\/uploads\/2024\/05\/cropped-cropped-cropped-02_00843_jt3bggkj1j3HLc7SyY6rEUpg.jpeg","width":1600,"height":1600,"caption":"skaitytaknyga.lt"},"image":{"@id":"https:\/\/skaitytaknyga.lt\/#\/schema\/logo\/image\/"},"sameAs":["https:\/\/www.facebook.com\/skaitytaknyga\/"]}]}},"_links":{"self":[{"href":"https:\/\/skaitytaknyga.lt\/en\/wp-json\/wp\/v2\/product\/24727","targetHints":{"allow":["GET"]}}],"collection":[{"href":"https:\/\/skaitytaknyga.lt\/en\/wp-json\/wp\/v2\/product"}],"about":[{"href":"https:\/\/skaitytaknyga.lt\/en\/wp-json\/wp\/v2\/types\/product"}],"replies":[{"embeddable":true,"href":"https:\/\/skaitytaknyga.lt\/en\/wp-json\/wp\/v2\/comments?post=24727"}],"wp:featuredmedia":[{"embeddable":true,"href":"https:\/\/skaitytaknyga.lt\/en\/wp-json\/wp\/v2\/media\/24732"}],"wp:attachment":[{"href":"https:\/\/skaitytaknyga.lt\/en\/wp-json\/wp\/v2\/media?parent=24727"}],"wp:term":[{"taxonomy":"product_brand","embeddable":true,"href":"https:\/\/skaitytaknyga.lt\/en\/wp-json\/wp\/v2\/product_brand?post=24727"},{"taxonomy":"product_cat","embeddable":true,"href":"https:\/\/skaitytaknyga.lt\/en\/wp-json\/wp\/v2\/product_cat?post=24727"},{"taxonomy":"product_tag","embeddable":true,"href":"https:\/\/skaitytaknyga.lt\/en\/wp-json\/wp\/v2\/product_tag?post=24727"}],"curies":[{"name":"wp","href":"https:\/\/api.w.org\/{rel}","templated":true}]}}