{"id":24726,"date":"2026-03-11T18:55:07","date_gmt":"2026-03-11T16:55:07","guid":{"rendered":"https:\/\/skaitytaknyga.lt\/?post_type=product&#038;p=24726"},"modified":"2026-03-18T09:34:41","modified_gmt":"2026-03-18T07:34:41","slug":"lyderystes-strategijos-ir-taktika","status":"publish","type":"product","link":"https:\/\/skaitytaknyga.lt\/en\/produktas\/lyderystes-strategijos-ir-taktika\/","title":{"rendered":"Lyderyst\u0117s strategijos ir taktika"},"content":{"rendered":"<p>Kariuomen\u0117s lauko statute instrukcijos pateikiamos paprastai, ai\u0161kiai ir detaliai, kad kareiviai gal\u0117t\u0173 \u012fvykdyti jiems paskirt\u0105 misij\u0105. Civiliams skirtose knygose pateikiama daug \u012fvairios informacijos: nuo instrukcij\u0173, kaip sutaisyti pratekant\u012f \u010diaup\u0105, iki \u017eini\u0173, kaip susidaryti efektyvi\u0105 sporto program\u0105 ar i\u0161kepti gard\u0173 kepsn\u012f.<\/p>\n<p>Bet k\u0105 daryti, jei jus paauk\u0161tino ir dabar tur\u0117site vadovauti savo buvusiems kolegoms? O jei j\u016bs\u0173 nepaauk\u0161tins, nors to seniai trok\u0161tate? Kaip \u012fveikti apsi\u0161auk\u0117lio sindrom\u0105, kai nesate \u012fsitikin\u0119s, kad galite vadovauti? Ar kaip vadovas tinkamai baud\u017eiate? Ar skatinate savo darbuotojus? Kaip kuriate tarpusavio pasitik\u0117jim\u0105 su kitais, su savo vadovais ir savo pavaldiniais? Kaip takti\u0161kai ir pozityviai pateikiate reikiam\u0105 kritik\u0105 ir auk\u0161tesniajai, ir \u017eemesniajai vadovavimo grand\u017eiai?<\/p>\n<p>Visi \u0161ie klausimai susij\u0119 su lyderyste \u2013 daugiausia pastang\u0173 reikalaujan\u010dia \u017emoni\u0173 veikla. Nors yra knyg\u0173, kuriose pateikiami pamatiniai lyderyst\u0117s principai, pvz., \u201ePrad\u0117k nuo sav\u0119s: SEAL vadovavimo principai&#8221; arba \u201eVadovavimo dichotomija&#8221;, dar n\u0117ra i\u0161leistas vadovavimo lauko statutas \u2013 ai\u0161kus, realiomis situacijomis paremtas, pragmatinis veikimo vadovas, kur\u012f kiekvienas gal\u0117t\u0173 pasitelkti akimirksniu.<\/p>\n<p>Bent nebuvo iki \u0161iol. \u201eLyderyst\u0117s strategijos ir taktika&#8221; paai\u0161kina, kaip lyderyst\u0117s teorij\u0105 greitai transformuoti \u012f pritaikom\u0105 strategij\u0105, o tada \u0161iuos lyderyst\u0117s principus pasitelkti taktiniame lygmenyje. \u0160i knyga \u2013 sprendimas vis\u0173 lygi\u0173 vadovams: taip jie ne tik suvoks lyderyst\u0117s \u017eaidim\u0105, bet ir i\u0161moks j\u012f \u017eaisti bei laim\u0117ti.<\/p>\n","protected":false},"excerpt":{"rendered":"<p>Kariuomen\u0117s lauko statute instrukcijos pateikiamos paprastai, ai\u0161kiai ir detaliai, kad kareiviai gal\u0117t\u0173 \u012fvykdyti jiems paskirt\u0105 misij\u0105. Civiliams skirtose knygose pateikiama daug \u012fvairios informacijos: nuo instrukcij\u0173, kaip sutaisyti pratekant\u012f \u010diaup\u0105, iki \u017eini\u0173, kaip susidaryti efektyvi\u0105 sporto program\u0105 ar i\u0161kepti gard\u0173 kepsn\u012f. Bet k\u0105 daryti, jei jus paauk\u0161tino ir dabar tur\u0117site vadovauti savo buvusiems kolegoms? O jei j\u016bs\u0173 nepaauk\u0161tins, nors to seniai trok\u0161tate? Kaip \u012fveikti apsi\u0161auk\u0117lio sindrom\u0105, kai nesate \u012fsitikin\u0119s, kad galite vadovauti? Ar kaip vadovas tinkamai baud\u017eiate? Ar skatinate savo darbuotojus? Kaip kuriate tarpusavio pasitik\u0117jim\u0105 su kitais, su savo vadovais ir savo pavaldiniais? Kaip takti\u0161kai ir pozityviai pateikiate reikiam\u0105 kritik\u0105 ir auk\u0161tesniajai, ir \u017eemesniajai vadovavimo grand\u017eiai? Visi \u0161ie klausimai susij\u0119 su lyderyste \u2013 daugiausia pastang\u0173 reikalaujan\u010dia \u017emoni\u0173 veikla. Nors yra knyg\u0173, kuriose pateikiami pamatiniai lyderyst\u0117s principai, pvz., \u201ePrad\u0117k nuo sav\u0119s: SEAL vadovavimo principai&#8221; arba \u201eVadovavimo dichotomija&#8221;, dar n\u0117ra i\u0161leistas vadovavimo lauko statutas \u2013 ai\u0161kus, realiomis situacijomis paremtas, pragmatinis veikimo vadovas, kur\u012f kiekvienas gal\u0117t\u0173 pasitelkti akimirksniu. Bent nebuvo iki \u0161iol. \u201eLyderyst\u0117s strategijos ir taktika&#8221; paai\u0161kina, kaip lyderyst\u0117s teorij\u0105 greitai transformuoti \u012f pritaikom\u0105 strategij\u0105, o tada \u0161iuos lyderyst\u0117s principus pasitelkti taktiniame lygmenyje. \u0160i knyga \u2013 sprendimas vis\u0173 lygi\u0173 vadovams: taip jie ne tik suvoks lyderyst\u0117s \u017eaidim\u0105, bet ir i\u0161moks j\u012f \u017eaisti bei laim\u0117ti.<\/p>\n","protected":false},"featured_media":24731,"comment_status":"open","ping_status":"closed","template":"","meta":{"_acf_changed":false,"site-sidebar-layout":"default","site-content-layout":"","ast-site-content-layout":"default","site-content-style":"default","site-sidebar-style":"default","ast-global-header-display":"","ast-banner-title-visibility":"","ast-main-header-display":"","ast-hfb-above-header-display":"","ast-hfb-below-header-display":"","ast-hfb-mobile-header-display":"","site-post-title":"","ast-breadcrumbs-content":"","ast-featured-img":"","footer-sml-layout":"","ast-disable-related-posts":"","theme-transparent-header-meta":"","adv-header-id-meta":"","stick-header-meta":"","header-above-stick-meta":"","header-main-stick-meta":"","header-below-stick-meta":"","astra-migrate-meta-layouts":"default","ast-page-background-enabled":"default","ast-page-background-meta":{"desktop":{"background-color":"","background-image":"","background-repeat":"repeat","background-position":"center center","background-size":"auto","background-attachment":"scroll","background-type":"","background-media":"","overlay-type":"","overlay-color":"","overlay-opacity":"","overlay-gradient":""},"tablet":{"background-color":"","background-image":"","background-repeat":"repeat","background-position":"center center","background-size":"auto","background-attachment":"scroll","background-type":"","background-media":"","overlay-type":"","overlay-color":"","overlay-opacity":"","overlay-gradient":""},"mobile":{"background-color":"","background-image":"","background-repeat":"repeat","background-position":"center center","background-size":"auto","background-attachment":"scroll","background-type":"","background-media":"","overlay-type":"","overlay-color":"","overlay-opacity":"","overlay-gradient":""}},"ast-content-background-meta":{"desktop":{"background-color":"var(--ast-global-color-4)","background-image":"","background-repeat":"repeat","background-position":"center center","background-size":"auto","background-attachment":"scroll","background-type":"","background-media":"","overlay-type":"","overlay-color":"","overlay-opacity":"","overlay-gradient":""},"tablet":{"background-color":"var(--ast-global-color-4)","background-image":"","background-repeat":"repeat","background-position":"center center","background-size":"auto","background-attachment":"scroll","background-type":"","background-media":"","overlay-type":"","overlay-color":"","overlay-opacity":"","overlay-gradient":""},"mobile":{"background-color":"var(--ast-global-color-4)","background-image":"","background-repeat":"repeat","background-position":"center center","background-size":"auto","background-attachment":"scroll","background-type":"","background-media":"","overlay-type":"","overlay-color":"","overlay-opacity":"","overlay-gradient":""}}},"product_brand":[],"product_cat":[15],"product_tag":[9798],"class_list":{"0":"post-24726","1":"product","2":"type-product","3":"status-publish","4":"has-post-thumbnail","6":"product_cat-uncategorized","7":"product_tag-jocko-willink","8":"desktop-align-left","9":"tablet-align-left","10":"mobile-align-left","12":"first","13":"instock","14":"shipping-taxable","15":"purchasable","16":"product-type-simple"},"acf":[],"yoast_head":"<!-- This site is optimized with the Yoast SEO plugin v27.0 - https:\/\/yoast.com\/product\/yoast-seo-wordpress\/ -->\n<title>Lyderyst\u0117s strategijos ir taktika<\/title>\n<meta name=\"description\" content=\"Kariuomen\u0117s lauko statute instrukcijos pateikiamos paprastai, ai\u0161kiai ir detaliai, kad kareiviai gal\u0117t\u0173 \u012fvykdyti jiems paskirt\u0105 misij\u0105. Civiliams skirtose\" \/>\n<meta name=\"robots\" content=\"index, follow, max-snippet:-1, max-image-preview:large, max-video-preview:-1\" \/>\n<link rel=\"canonical\" href=\"https:\/\/skaitytaknyga.lt\/en\/produktas\/lyderystes-strategijos-ir-taktika\/\" \/>\n<meta property=\"og:locale\" content=\"en_GB\" \/>\n<meta property=\"og:locale:alternate\" content=\"lt_LT\" \/>\n<meta property=\"og:type\" content=\"article\" \/>\n<meta property=\"og:title\" content=\"Lyderyst\u0117s strategijos ir taktika\" \/>\n<meta property=\"og:description\" content=\"Kariuomen\u0117s lauko statute instrukcijos pateikiamos paprastai, ai\u0161kiai ir detaliai, kad kareiviai gal\u0117t\u0173 \u012fvykdyti jiems paskirt\u0105 misij\u0105. Civiliams skirtose\" \/>\n<meta property=\"og:url\" content=\"https:\/\/skaitytaknyga.lt\/en\/produktas\/lyderystes-strategijos-ir-taktika\/\" \/>\n<meta property=\"og:site_name\" content=\"Skaitytaknyga\" \/>\n<meta property=\"article:publisher\" content=\"https:\/\/www.facebook.com\/skaitytaknyga\/\" \/>\n<meta property=\"article:modified_time\" content=\"2026-03-18T07:34:41+00:00\" \/>\n<meta property=\"og:image\" content=\"https:\/\/skaitytaknyga.lt\/wp-content\/uploads\/2026\/03\/Lyderystes-strategijos-ir-taktika.webp\" \/>\n\t<meta property=\"og:image:width\" content=\"509\" \/>\n\t<meta property=\"og:image:height\" content=\"801\" \/>\n\t<meta property=\"og:image:type\" content=\"image\/webp\" \/>\n<meta name=\"twitter:card\" content=\"summary_large_image\" \/>\n<meta name=\"twitter:label1\" content=\"Estimated reading time\" \/>\n\t<meta name=\"twitter:data1\" content=\"1 minute\" \/>\n<script type=\"application\/ld+json\" class=\"yoast-schema-graph\">{\"@context\":\"https:\/\/schema.org\",\"@graph\":[{\"@type\":\"WebPage\",\"@id\":\"https:\/\/skaitytaknyga.lt\/produktas\/lyderystes-strategijos-ir-taktika\/\",\"url\":\"https:\/\/skaitytaknyga.lt\/produktas\/lyderystes-strategijos-ir-taktika\/\",\"name\":\"Lyderyst\u0117s strategijos ir taktika\",\"isPartOf\":{\"@id\":\"https:\/\/skaitytaknyga.lt\/#website\"},\"primaryImageOfPage\":{\"@id\":\"https:\/\/skaitytaknyga.lt\/produktas\/lyderystes-strategijos-ir-taktika\/#primaryimage\"},\"image\":{\"@id\":\"https:\/\/skaitytaknyga.lt\/produktas\/lyderystes-strategijos-ir-taktika\/#primaryimage\"},\"thumbnailUrl\":\"https:\/\/skaitytaknyga.lt\/wp-content\/uploads\/2026\/03\/Lyderystes-strategijos-ir-taktika.webp\",\"datePublished\":\"2026-03-11T16:55:07+00:00\",\"dateModified\":\"2026-03-18T07:34:41+00:00\",\"description\":\"Kariuomen\u0117s lauko statute instrukcijos pateikiamos paprastai, ai\u0161kiai ir detaliai, kad kareiviai gal\u0117t\u0173 \u012fvykdyti jiems paskirt\u0105 misij\u0105. Civiliams skirtose\",\"breadcrumb\":{\"@id\":\"https:\/\/skaitytaknyga.lt\/produktas\/lyderystes-strategijos-ir-taktika\/#breadcrumb\"},\"inLanguage\":\"en-GB\",\"potentialAction\":[{\"@type\":\"ReadAction\",\"target\":[\"https:\/\/skaitytaknyga.lt\/produktas\/lyderystes-strategijos-ir-taktika\/\"]}]},{\"@type\":\"ImageObject\",\"inLanguage\":\"en-GB\",\"@id\":\"https:\/\/skaitytaknyga.lt\/produktas\/lyderystes-strategijos-ir-taktika\/#primaryimage\",\"url\":\"https:\/\/skaitytaknyga.lt\/wp-content\/uploads\/2026\/03\/Lyderystes-strategijos-ir-taktika.webp\",\"contentUrl\":\"https:\/\/skaitytaknyga.lt\/wp-content\/uploads\/2026\/03\/Lyderystes-strategijos-ir-taktika.webp\",\"width\":509,\"height\":801,\"caption\":\"Lyderyst\u0117s strategijos ir taktika\"},{\"@type\":\"BreadcrumbList\",\"@id\":\"https:\/\/skaitytaknyga.lt\/produktas\/lyderystes-strategijos-ir-taktika\/#breadcrumb\",\"itemListElement\":[{\"@type\":\"ListItem\",\"position\":1,\"name\":\"Home\",\"item\":\"https:\/\/skaitytaknyga.lt\/\"},{\"@type\":\"ListItem\",\"position\":2,\"name\":\"Parduotuv\u0117\",\"item\":\"https:\/\/skaitytaknyga.lt\/knygu-parduotuve\/\"},{\"@type\":\"ListItem\",\"position\":3,\"name\":\"Lyderyst\u0117s strategijos ir taktika\"}]},{\"@type\":\"WebSite\",\"@id\":\"https:\/\/skaitytaknyga.lt\/#website\",\"url\":\"https:\/\/skaitytaknyga.lt\/\",\"name\":\"skaitytaknyga.lt\",\"description\":\"Skaitytaknyga.lt \u2013 tai ma\u017eas \u0161eimos verslas, kuris prasid\u0117jo nuo meil\u0117s knygoms ir siekio i\u0161gelb\u0117ti knygas nuo likimo prie konteinerio. Kas vienam nereikalingas daiktas \u2013 kitam lobis, o mes esame tarpininkai, kurie padeda abiems tapti laimingesniems ???? \u017dinome kaip nelengva i\u0161gyventi ma\u017eiems verslams, tad nuo \u0161iol, \u010dia rasite ir kit\u0173, ma\u017e\u0173 \u0161eim\u0173 versl\u0173, rank\u0173 darbo, dovan\u0173 sau ir artimiesiems.\",\"publisher\":{\"@id\":\"https:\/\/skaitytaknyga.lt\/#organization\"},\"potentialAction\":[{\"@type\":\"SearchAction\",\"target\":{\"@type\":\"EntryPoint\",\"urlTemplate\":\"https:\/\/skaitytaknyga.lt\/?s={search_term_string}\"},\"query-input\":{\"@type\":\"PropertyValueSpecification\",\"valueRequired\":true,\"valueName\":\"search_term_string\"}}],\"inLanguage\":\"en-GB\"},{\"@type\":\"Organization\",\"@id\":\"https:\/\/skaitytaknyga.lt\/#organization\",\"name\":\"skaitytaknyga.lt\",\"url\":\"https:\/\/skaitytaknyga.lt\/\",\"logo\":{\"@type\":\"ImageObject\",\"inLanguage\":\"en-GB\",\"@id\":\"https:\/\/skaitytaknyga.lt\/#\/schema\/logo\/image\/\",\"url\":\"https:\/\/skaitytaknyga.lt\/wp-content\/uploads\/2024\/05\/cropped-cropped-cropped-02_00843_jt3bggkj1j3HLc7SyY6rEUpg.jpeg\",\"contentUrl\":\"https:\/\/skaitytaknyga.lt\/wp-content\/uploads\/2024\/05\/cropped-cropped-cropped-02_00843_jt3bggkj1j3HLc7SyY6rEUpg.jpeg\",\"width\":1600,\"height\":1600,\"caption\":\"skaitytaknyga.lt\"},\"image\":{\"@id\":\"https:\/\/skaitytaknyga.lt\/#\/schema\/logo\/image\/\"},\"sameAs\":[\"https:\/\/www.facebook.com\/skaitytaknyga\/\"]}]}<\/script>\n<!-- \/ Yoast SEO plugin. -->","yoast_head_json":{"title":"Lyderyst\u0117s strategijos ir taktika","description":"Kariuomen\u0117s lauko statute instrukcijos pateikiamos paprastai, ai\u0161kiai ir detaliai, kad kareiviai gal\u0117t\u0173 \u012fvykdyti jiems paskirt\u0105 misij\u0105. Civiliams skirtose","robots":{"index":"index","follow":"follow","max-snippet":"max-snippet:-1","max-image-preview":"max-image-preview:large","max-video-preview":"max-video-preview:-1"},"canonical":"https:\/\/skaitytaknyga.lt\/en\/produktas\/lyderystes-strategijos-ir-taktika\/","og_locale":"en_GB","og_type":"article","og_title":"[:lt]Lyderyst\u0117s strategijos ir taktika[:] - Skaitytaknyga","og_description":"Kariuomen\u0117s lauko statute instrukcijos pateikiamos paprastai, ai\u0161kiai ir detaliai, kad kareiviai gal\u0117t\u0173 \u012fvykdyti jiems paskirt\u0105 misij\u0105. Civiliams skirtose","og_url":"https:\/\/skaitytaknyga.lt\/en\/produktas\/lyderystes-strategijos-ir-taktika\/","og_site_name":"Skaitytaknyga","article_publisher":"https:\/\/www.facebook.com\/skaitytaknyga\/","article_modified_time":"2026-03-18T07:34:41+00:00","og_image":[{"width":509,"height":801,"url":"https:\/\/skaitytaknyga.lt\/wp-content\/uploads\/2026\/03\/Lyderystes-strategijos-ir-taktika.webp","type":"image\/webp"}],"twitter_card":"summary_large_image","twitter_misc":{"Estimated reading time":"1 minute"},"schema":{"@context":"https:\/\/schema.org","@graph":[{"@type":"WebPage","@id":"https:\/\/skaitytaknyga.lt\/produktas\/lyderystes-strategijos-ir-taktika\/","url":"https:\/\/skaitytaknyga.lt\/produktas\/lyderystes-strategijos-ir-taktika\/","name":"Lyderyst\u0117s strategijos ir taktika","isPartOf":{"@id":"https:\/\/skaitytaknyga.lt\/#website"},"primaryImageOfPage":{"@id":"https:\/\/skaitytaknyga.lt\/produktas\/lyderystes-strategijos-ir-taktika\/#primaryimage"},"image":{"@id":"https:\/\/skaitytaknyga.lt\/produktas\/lyderystes-strategijos-ir-taktika\/#primaryimage"},"thumbnailUrl":"https:\/\/skaitytaknyga.lt\/wp-content\/uploads\/2026\/03\/Lyderystes-strategijos-ir-taktika.webp","datePublished":"2026-03-11T16:55:07+00:00","dateModified":"2026-03-18T07:34:41+00:00","description":"Kariuomen\u0117s lauko statute instrukcijos pateikiamos paprastai, ai\u0161kiai ir detaliai, kad kareiviai gal\u0117t\u0173 \u012fvykdyti jiems paskirt\u0105 misij\u0105. Civiliams skirtose","breadcrumb":{"@id":"https:\/\/skaitytaknyga.lt\/produktas\/lyderystes-strategijos-ir-taktika\/#breadcrumb"},"inLanguage":"en-GB","potentialAction":[{"@type":"ReadAction","target":["https:\/\/skaitytaknyga.lt\/produktas\/lyderystes-strategijos-ir-taktika\/"]}]},{"@type":"ImageObject","inLanguage":"en-GB","@id":"https:\/\/skaitytaknyga.lt\/produktas\/lyderystes-strategijos-ir-taktika\/#primaryimage","url":"https:\/\/skaitytaknyga.lt\/wp-content\/uploads\/2026\/03\/Lyderystes-strategijos-ir-taktika.webp","contentUrl":"https:\/\/skaitytaknyga.lt\/wp-content\/uploads\/2026\/03\/Lyderystes-strategijos-ir-taktika.webp","width":509,"height":801,"caption":"Lyderyst\u0117s strategijos ir taktika"},{"@type":"BreadcrumbList","@id":"https:\/\/skaitytaknyga.lt\/produktas\/lyderystes-strategijos-ir-taktika\/#breadcrumb","itemListElement":[{"@type":"ListItem","position":1,"name":"Home","item":"https:\/\/skaitytaknyga.lt\/"},{"@type":"ListItem","position":2,"name":"Parduotuv\u0117","item":"https:\/\/skaitytaknyga.lt\/knygu-parduotuve\/"},{"@type":"ListItem","position":3,"name":"Lyderyst\u0117s strategijos ir taktika"}]},{"@type":"WebSite","@id":"https:\/\/skaitytaknyga.lt\/#website","url":"https:\/\/skaitytaknyga.lt\/","name":"skaitytaknyga.lt","description":"Skaitytaknyga.lt \u2013 tai ma\u017eas \u0161eimos verslas, kuris prasid\u0117jo nuo meil\u0117s knygoms ir siekio i\u0161gelb\u0117ti knygas nuo likimo prie konteinerio. Kas vienam nereikalingas daiktas \u2013 kitam lobis, o mes esame tarpininkai, kurie padeda abiems tapti laimingesniems ???? \u017dinome kaip nelengva i\u0161gyventi ma\u017eiems verslams, tad nuo \u0161iol, \u010dia rasite ir kit\u0173, ma\u017e\u0173 \u0161eim\u0173 versl\u0173, rank\u0173 darbo, dovan\u0173 sau ir artimiesiems.","publisher":{"@id":"https:\/\/skaitytaknyga.lt\/#organization"},"potentialAction":[{"@type":"SearchAction","target":{"@type":"EntryPoint","urlTemplate":"https:\/\/skaitytaknyga.lt\/?s={search_term_string}"},"query-input":{"@type":"PropertyValueSpecification","valueRequired":true,"valueName":"search_term_string"}}],"inLanguage":"en-GB"},{"@type":"Organization","@id":"https:\/\/skaitytaknyga.lt\/#organization","name":"skaitytaknyga.lt","url":"https:\/\/skaitytaknyga.lt\/","logo":{"@type":"ImageObject","inLanguage":"en-GB","@id":"https:\/\/skaitytaknyga.lt\/#\/schema\/logo\/image\/","url":"https:\/\/skaitytaknyga.lt\/wp-content\/uploads\/2024\/05\/cropped-cropped-cropped-02_00843_jt3bggkj1j3HLc7SyY6rEUpg.jpeg","contentUrl":"https:\/\/skaitytaknyga.lt\/wp-content\/uploads\/2024\/05\/cropped-cropped-cropped-02_00843_jt3bggkj1j3HLc7SyY6rEUpg.jpeg","width":1600,"height":1600,"caption":"skaitytaknyga.lt"},"image":{"@id":"https:\/\/skaitytaknyga.lt\/#\/schema\/logo\/image\/"},"sameAs":["https:\/\/www.facebook.com\/skaitytaknyga\/"]}]}},"_links":{"self":[{"href":"https:\/\/skaitytaknyga.lt\/en\/wp-json\/wp\/v2\/product\/24726","targetHints":{"allow":["GET"]}}],"collection":[{"href":"https:\/\/skaitytaknyga.lt\/en\/wp-json\/wp\/v2\/product"}],"about":[{"href":"https:\/\/skaitytaknyga.lt\/en\/wp-json\/wp\/v2\/types\/product"}],"replies":[{"embeddable":true,"href":"https:\/\/skaitytaknyga.lt\/en\/wp-json\/wp\/v2\/comments?post=24726"}],"wp:featuredmedia":[{"embeddable":true,"href":"https:\/\/skaitytaknyga.lt\/en\/wp-json\/wp\/v2\/media\/24731"}],"wp:attachment":[{"href":"https:\/\/skaitytaknyga.lt\/en\/wp-json\/wp\/v2\/media?parent=24726"}],"wp:term":[{"taxonomy":"product_brand","embeddable":true,"href":"https:\/\/skaitytaknyga.lt\/en\/wp-json\/wp\/v2\/product_brand?post=24726"},{"taxonomy":"product_cat","embeddable":true,"href":"https:\/\/skaitytaknyga.lt\/en\/wp-json\/wp\/v2\/product_cat?post=24726"},{"taxonomy":"product_tag","embeddable":true,"href":"https:\/\/skaitytaknyga.lt\/en\/wp-json\/wp\/v2\/product_tag?post=24726"}],"curies":[{"name":"wp","href":"https:\/\/api.w.org\/{rel}","templated":true}]}}